{"id":544,"date":"2019-06-05T06:39:15","date_gmt":"2019-06-05T06:39:15","guid":{"rendered":"https:\/\/dev.baltoil.ee\/?post_type=product&#038;p=544"},"modified":"2026-01-28T13:17:57","modified_gmt":"2026-01-28T10:17:57","slug":"magma","status":"publish","type":"product","link":"https:\/\/baltoil.ee\/sv\/toode\/magma\/","title":{"rendered":"Magma"},"content":{"rendered":"<input class=\"fooboxshare_post_id\" type=\"hidden\" value=\"544\"\/>","protected":false},"excerpt":{"rendered":"<p><strong><a href=\"https:\/\/www.autoglym.com\/magma\" target=\"_blank\" rel=\"noopener noreferrer\"><img loading=\"lazy\" decoding=\"async\" class=\"alignright wp-image-579\" src=\"https:\/\/baltoil.ee\/wp-content\/uploads\/2019\/06\/autoglym-logo-150x150.png\" alt=\"\" width=\"75\" height=\"75\" srcset=\"https:\/\/baltoil.ee\/wp-content\/uploads\/2019\/06\/autoglym-logo-150x150.png 150w, https:\/\/baltoil.ee\/wp-content\/uploads\/2019\/06\/autoglym-logo-300x300.png 300w, https:\/\/baltoil.ee\/wp-content\/uploads\/2019\/06\/autoglym-logo-200x200.png 200w, https:\/\/baltoil.ee\/wp-content\/uploads\/2019\/06\/autoglym-logo-600x600.png 600w, https:\/\/baltoil.ee\/wp-content\/uploads\/2019\/06\/autoglym-logo-100x100.png 100w, https:\/\/baltoil.ee\/wp-content\/uploads\/2019\/06\/autoglym-logo.png 700w\" sizes=\"auto, (max-width: 75px) 100vw, 75px\" \/><\/a>Raua ja mustuse eemaldusaine velgedelt ja kerelt<\/strong><\/p>\n<p>T\u00f6\u00f6tlemisel muudab v\u00e4rvi.<br \/>\nTeie s\u00f5iduki pinnale satub mitmesugust mustust. Auto pidurdamisest ja maanteetolmust tingituna satub auto kerele palju v\u00e4ikseid raua osakesi, mille tulemusel on autokere kare ja t\u00e4piline ning autoveljed kollased.\u201cColour Transform Technology\u201d reageerib rauaosakestega ja piduritolmuga auto velgede ning kere pindadel, mille tulemusena on neid lihtne eemaldada s\u00fcgava puhastuse saavutamiseks.<\/p>\n<p><strong>Kuidas MAGMA\u00b4t kasutada?<\/strong><\/p>\n<ol>\n<li>Enne alustamist kontrollige, et auto kere ja veljed oleksid maha jahtunud ja mitte otsese p\u00e4ikese valguse k\u00e4es.<\/li>\n<li><a href=\"https:\/\/baltoil.ee\/toode\/bodywork-shampoo-conditioner\/\">Shampoonitage<\/a> s\u00f5iduk eelnevalt ja eemaldage liigne vesi.<\/li>\n<li>Pritsige MAGMA\u00b4t piisavas koguses \u00fcle kogu kere ja velgede.<\/li>\n<li>Oodake 3-5 minutit kuni MAGMA reageerib raua osakestega pinnal ja muutub punaseks, mis on m\u00e4rk sellest, et toode hakkab raua osakesi pinnalt eemaldama.<\/li>\n<li>Enne loputamist p\u00fchkige auto kere niiske ja pehme k\u00e4snaga v\u00f5i pesukindaga. Rehvide ja velgede puhastus tehke <a href=\"https:\/\/baltoil.ee\/toode\/hi-tech-wheel-brush\/\">harja<\/a> v\u00f5i k\u00e4snaga.<\/li>\n<\/ol>\n<p><strong>NB!<\/strong>\u00a0MAGMA reageerib raua osakestega. Teistlaadi mustuse nagu puuvaigu v\u00f5i t\u00f5rva eemaldamiseks kasutage Autoglym Clay Detailing Complete Kit-i.<\/p>\n<p><a href=\"https:\/\/www.autoglym.com\/magma\" target=\"_blank\" rel=\"noopener noreferrer\">Tootja koduleht<\/a><\/p>\n","protected":false},"featured_media":557,"template":"","meta":{"_acf_changed":false},"product_brand":[257],"product_cat":[45,143,47],"product_tag":[83,22,26],"class_list":{"0":"post-544","1":"product","2":"type-product","3":"status-publish","4":"has-post-thumbnail","6":"product_brand-autoglym","7":"product_cat-autoglym-retail","8":"product_cat-koik-tooted-autoglym","9":"product_cat-valispesu-ja-hooldustooted","10":"product_tag-autoglym","11":"product_tag-autokeemia","12":"product_tag-pesuaine","14":"first","15":"instock","16":"shipping-taxable","17":"product-type-simple"},"acf":[],"yoast_head":"<!-- This site is optimized with the Yoast SEO plugin v27.3 - https:\/\/yoast.com\/product\/yoast-seo-wordpress\/ -->\n<title>Magma - Veljepesuaine - Autoglym professionaalne autokeemia - Baltoil<\/title>\n<meta name=\"description\" content=\"Veljepesuaine. Pidurdamisest ja maanteetolmust tingituna satub autole raua osakesi, mille tulemusel on autokere kare ja t\u00e4piline ning autoveljed kollased.\" \/>\n<meta name=\"robots\" content=\"index, follow, max-snippet:-1, max-image-preview:large, max-video-preview:-1\" \/>\n<link rel=\"canonical\" href=\"https:\/\/baltoil.ee\/toode\/magma\/\" \/>\n<meta property=\"og:locale\" content=\"sv_SE\" \/>\n<meta property=\"og:type\" content=\"article\" \/>\n<meta property=\"og:title\" content=\"Magma - Veljepesuaine - Autoglym professionaalne autokeemia - Baltoil\" \/>\n<meta property=\"og:description\" content=\"Veljepesuaine. Pidurdamisest ja maanteetolmust tingituna satub autole raua osakesi, mille tulemusel on autokere kare ja t\u00e4piline ning autoveljed kollased.\" \/>\n<meta property=\"og:url\" content=\"https:\/\/baltoil.ee\/toode\/magma\/\" \/>\n<meta property=\"og:site_name\" content=\"Baltoil\" \/>\n<meta property=\"article:modified_time\" content=\"2026-01-28T10:17:57+00:00\" \/>\n<meta property=\"og:image\" content=\"https:\/\/baltoil.ee\/wp-content\/uploads\/2019\/06\/magma1-479x1067.png\" \/>\n\t<meta property=\"og:image:width\" content=\"479\" \/>\n\t<meta property=\"og:image:height\" content=\"1200\" \/>\n\t<meta property=\"og:image:type\" content=\"image\/png\" \/>\n<meta name=\"twitter:card\" content=\"summary_large_image\" \/>\n<script type=\"application\/ld+json\" class=\"yoast-schema-graph\">{\"@context\":\"https:\\\/\\\/schema.org\",\"@graph\":[{\"@type\":\"WebPage\",\"@id\":\"https:\\\/\\\/baltoil.ee\\\/toode\\\/magma\\\/\",\"url\":\"https:\\\/\\\/baltoil.ee\\\/toode\\\/magma\\\/\",\"name\":\"Magma - Veljepesuaine - Autoglym professionaalne autokeemia - Baltoil\",\"isPartOf\":{\"@id\":\"https:\\\/\\\/baltoil.ee\\\/#website\"},\"primaryImageOfPage\":{\"@id\":\"https:\\\/\\\/baltoil.ee\\\/toode\\\/magma\\\/#primaryimage\"},\"image\":{\"@id\":\"https:\\\/\\\/baltoil.ee\\\/toode\\\/magma\\\/#primaryimage\"},\"thumbnailUrl\":\"https:\\\/\\\/baltoil.ee\\\/wp-content\\\/uploads\\\/2019\\\/06\\\/magma1-479x1067.png\",\"datePublished\":\"2019-06-05T06:39:15+00:00\",\"dateModified\":\"2026-01-28T10:17:57+00:00\",\"description\":\"Veljepesuaine. Pidurdamisest ja maanteetolmust tingituna satub autole raua osakesi, mille tulemusel on autokere kare ja t\u00e4piline ning autoveljed kollased.\",\"breadcrumb\":{\"@id\":\"https:\\\/\\\/baltoil.ee\\\/toode\\\/magma\\\/#breadcrumb\"},\"inLanguage\":\"sv-SE\",\"potentialAction\":[{\"@type\":\"ReadAction\",\"target\":[\"https:\\\/\\\/baltoil.ee\\\/toode\\\/magma\\\/\"]}]},{\"@type\":\"ImageObject\",\"inLanguage\":\"sv-SE\",\"@id\":\"https:\\\/\\\/baltoil.ee\\\/toode\\\/magma\\\/#primaryimage\",\"url\":\"https:\\\/\\\/baltoil.ee\\\/wp-content\\\/uploads\\\/2019\\\/06\\\/magma1-479x1067.png\",\"contentUrl\":\"https:\\\/\\\/baltoil.ee\\\/wp-content\\\/uploads\\\/2019\\\/06\\\/magma1-479x1067.png\",\"width\":479,\"height\":1200},{\"@type\":\"BreadcrumbList\",\"@id\":\"https:\\\/\\\/baltoil.ee\\\/toode\\\/magma\\\/#breadcrumb\",\"itemListElement\":[{\"@type\":\"ListItem\",\"position\":1,\"name\":\"Home\",\"item\":\"https:\\\/\\\/baltoil.ee\\\/sv\\\/\"},{\"@type\":\"ListItem\",\"position\":2,\"name\":\"Tooted\",\"item\":\"https:\\\/\\\/baltoil.ee\\\/tooted\\\/\"},{\"@type\":\"ListItem\",\"position\":3,\"name\":\"Magma\"}]},{\"@type\":\"WebSite\",\"@id\":\"https:\\\/\\\/baltoil.ee\\\/#website\",\"url\":\"https:\\\/\\\/baltoil.ee\\\/\",\"name\":\"Baltoil\",\"description\":\"\",\"publisher\":{\"@id\":\"https:\\\/\\\/baltoil.ee\\\/#organization\"},\"potentialAction\":[{\"@type\":\"SearchAction\",\"target\":{\"@type\":\"EntryPoint\",\"urlTemplate\":\"https:\\\/\\\/baltoil.ee\\\/?s={search_term_string}\"},\"query-input\":{\"@type\":\"PropertyValueSpecification\",\"valueRequired\":true,\"valueName\":\"search_term_string\"}}],\"inLanguage\":\"sv-SE\"},{\"@type\":\"Organization\",\"@id\":\"https:\\\/\\\/baltoil.ee\\\/#organization\",\"name\":\"AS Baltoil\",\"url\":\"https:\\\/\\\/baltoil.ee\\\/\",\"logo\":{\"@type\":\"ImageObject\",\"inLanguage\":\"sv-SE\",\"@id\":\"https:\\\/\\\/baltoil.ee\\\/#\\\/schema\\\/logo\\\/image\\\/\",\"url\":\"https:\\\/\\\/baltoil.ee\\\/wp-content\\\/uploads\\\/2020\\\/04\\\/baltoil_logo.svg\",\"contentUrl\":\"https:\\\/\\\/baltoil.ee\\\/wp-content\\\/uploads\\\/2020\\\/04\\\/baltoil_logo.svg\",\"width\":1,\"height\":1,\"caption\":\"AS Baltoil\"},\"image\":{\"@id\":\"https:\\\/\\\/baltoil.ee\\\/#\\\/schema\\\/logo\\\/image\\\/\"}}]}<\/script>\n<!-- \/ Yoast SEO plugin. -->","yoast_head_json":{"title":"Magma - Veljepesuaine - Autoglym professionaalne autokeemia - Baltoil","description":"Veljepesuaine. Pidurdamisest ja maanteetolmust tingituna satub autole raua osakesi, mille tulemusel on autokere kare ja t\u00e4piline ning autoveljed kollased.","robots":{"index":"index","follow":"follow","max-snippet":"max-snippet:-1","max-image-preview":"max-image-preview:large","max-video-preview":"max-video-preview:-1"},"canonical":"https:\/\/baltoil.ee\/toode\/magma\/","og_locale":"sv_SE","og_type":"article","og_title":"Magma - Veljepesuaine - Autoglym professionaalne autokeemia - Baltoil","og_description":"Veljepesuaine. Pidurdamisest ja maanteetolmust tingituna satub autole raua osakesi, mille tulemusel on autokere kare ja t\u00e4piline ning autoveljed kollased.","og_url":"https:\/\/baltoil.ee\/toode\/magma\/","og_site_name":"Baltoil","article_modified_time":"2026-01-28T10:17:57+00:00","og_image":[{"width":479,"height":1200,"url":"https:\/\/baltoil.ee\/wp-content\/uploads\/2019\/06\/magma1-479x1067.png","type":"image\/png"}],"twitter_card":"summary_large_image","schema":{"@context":"https:\/\/schema.org","@graph":[{"@type":"WebPage","@id":"https:\/\/baltoil.ee\/toode\/magma\/","url":"https:\/\/baltoil.ee\/toode\/magma\/","name":"Magma - Veljepesuaine - Autoglym professionaalne autokeemia - Baltoil","isPartOf":{"@id":"https:\/\/baltoil.ee\/#website"},"primaryImageOfPage":{"@id":"https:\/\/baltoil.ee\/toode\/magma\/#primaryimage"},"image":{"@id":"https:\/\/baltoil.ee\/toode\/magma\/#primaryimage"},"thumbnailUrl":"https:\/\/baltoil.ee\/wp-content\/uploads\/2019\/06\/magma1-479x1067.png","datePublished":"2019-06-05T06:39:15+00:00","dateModified":"2026-01-28T10:17:57+00:00","description":"Veljepesuaine. Pidurdamisest ja maanteetolmust tingituna satub autole raua osakesi, mille tulemusel on autokere kare ja t\u00e4piline ning autoveljed kollased.","breadcrumb":{"@id":"https:\/\/baltoil.ee\/toode\/magma\/#breadcrumb"},"inLanguage":"sv-SE","potentialAction":[{"@type":"ReadAction","target":["https:\/\/baltoil.ee\/toode\/magma\/"]}]},{"@type":"ImageObject","inLanguage":"sv-SE","@id":"https:\/\/baltoil.ee\/toode\/magma\/#primaryimage","url":"https:\/\/baltoil.ee\/wp-content\/uploads\/2019\/06\/magma1-479x1067.png","contentUrl":"https:\/\/baltoil.ee\/wp-content\/uploads\/2019\/06\/magma1-479x1067.png","width":479,"height":1200},{"@type":"BreadcrumbList","@id":"https:\/\/baltoil.ee\/toode\/magma\/#breadcrumb","itemListElement":[{"@type":"ListItem","position":1,"name":"Home","item":"https:\/\/baltoil.ee\/sv\/"},{"@type":"ListItem","position":2,"name":"Tooted","item":"https:\/\/baltoil.ee\/tooted\/"},{"@type":"ListItem","position":3,"name":"Magma"}]},{"@type":"WebSite","@id":"https:\/\/baltoil.ee\/#website","url":"https:\/\/baltoil.ee\/","name":"Baltoil","description":"","publisher":{"@id":"https:\/\/baltoil.ee\/#organization"},"potentialAction":[{"@type":"SearchAction","target":{"@type":"EntryPoint","urlTemplate":"https:\/\/baltoil.ee\/?s={search_term_string}"},"query-input":{"@type":"PropertyValueSpecification","valueRequired":true,"valueName":"search_term_string"}}],"inLanguage":"sv-SE"},{"@type":"Organization","@id":"https:\/\/baltoil.ee\/#organization","name":"AS Baltoil","url":"https:\/\/baltoil.ee\/","logo":{"@type":"ImageObject","inLanguage":"sv-SE","@id":"https:\/\/baltoil.ee\/#\/schema\/logo\/image\/","url":"https:\/\/baltoil.ee\/wp-content\/uploads\/2020\/04\/baltoil_logo.svg","contentUrl":"https:\/\/baltoil.ee\/wp-content\/uploads\/2020\/04\/baltoil_logo.svg","width":1,"height":1,"caption":"AS Baltoil"},"image":{"@id":"https:\/\/baltoil.ee\/#\/schema\/logo\/image\/"}}]}},"_links":{"self":[{"href":"https:\/\/baltoil.ee\/sv\/wp-json\/wp\/v2\/product\/544","targetHints":{"allow":["GET"]}}],"collection":[{"href":"https:\/\/baltoil.ee\/sv\/wp-json\/wp\/v2\/product"}],"about":[{"href":"https:\/\/baltoil.ee\/sv\/wp-json\/wp\/v2\/types\/product"}],"wp:featuredmedia":[{"embeddable":true,"href":"https:\/\/baltoil.ee\/sv\/wp-json\/wp\/v2\/media\/557"}],"wp:attachment":[{"href":"https:\/\/baltoil.ee\/sv\/wp-json\/wp\/v2\/media?parent=544"}],"wp:term":[{"taxonomy":"product_brand","embeddable":true,"href":"https:\/\/baltoil.ee\/sv\/wp-json\/wp\/v2\/product_brand?post=544"},{"taxonomy":"product_cat","embeddable":true,"href":"https:\/\/baltoil.ee\/sv\/wp-json\/wp\/v2\/product_cat?post=544"},{"taxonomy":"product_tag","embeddable":true,"href":"https:\/\/baltoil.ee\/sv\/wp-json\/wp\/v2\/product_tag?post=544"}],"curies":[{"name":"wp","href":"https:\/\/api.w.org\/{rel}","templated":true}]}}