{"id":1405,"date":"2019-09-26T08:48:20","date_gmt":"2019-09-26T08:48:20","guid":{"rendered":"https:\/\/dev.baltoil.ee\/?post_type=product&#038;p=1405"},"modified":"2019-11-06T11:55:36","modified_gmt":"2019-11-06T11:55:36","slug":"fiberglass-color-restorer-with-ptef","status":"publish","type":"product","link":"https:\/\/baltoil.ee\/sv\/toode\/fiberglass-color-restorer-with-ptef\/","title":{"rendered":"Fiberglass Color Restorer With PTEF\u00ae"},"content":{"rendered":"<input class=\"fooboxshare_post_id\" type=\"hidden\" value=\"1405\"\/>","protected":false},"excerpt":{"rendered":"<p>PTEF\u00ae sisaldav v\u00e4rvi taastaja<\/p>\n<ul>\n<li>Taastab algse v\u00e4rvi.<\/li>\n<li>Eemaldab lubja plekid ja tuhmunud kohad.<\/li>\n<li>Kaitseb tuhmumise ja oks\u00fcdatsiooni eest.<\/li>\n<li>Lihtne kasutada.<\/li>\n<li>\u00d5igesti kasutades ei kriimusta ega kahjusta pinda.<\/li>\n<li>Suurep\u00e4rane tumedat tooni ja erksa v\u00e4rviga paatidele.<\/li>\n<\/ul>\n<p>Toote nr. 81816<br \/>\nSuurus 473 ml<\/p>\n<p><a href=\"http:\/\/www.starbrite.com\/item\/fiberglass-color-restorer-with-ptef\" target=\"_blank\" rel=\"noopener noreferrer\">Tootja koduleht<\/a><\/p>\n","protected":false},"featured_media":1409,"template":"","meta":{"_acf_changed":false},"product_brand":[],"product_cat":[70],"product_tag":[137,136,121,88,135],"class_list":{"0":"post-1405","1":"product","2":"type-product","3":"status-publish","4":"has-post-thumbnail","6":"product_cat-star-brite-tooted","7":"product_tag-marine","8":"product_tag-paadihooldus","9":"product_tag-puhastusaine","10":"product_tag-star-brite","11":"product_tag-starbrite","13":"first","14":"instock","15":"shipping-taxable","16":"product-type-simple"},"acf":[],"yoast_head":"<!-- This site is optimized with the Yoast SEO plugin v27.3 - https:\/\/yoast.com\/product\/yoast-seo-wordpress\/ -->\n<title>Fiberglass Color Restorer With PTEF\u00ae - v\u00e4rvi taastaja - Star brite - Baltoil<\/title>\n<meta name=\"description\" content=\"PTEF\u00ae sisaldav v\u00e4rvi taastaja. Taastab algse v\u00e4rvi. Eemaldab lubja plekid ja tuhmunud kohad. Kaitseb tuhmumise ja oks\u00fcdatsiooni eest.\" \/>\n<meta name=\"robots\" content=\"index, follow, max-snippet:-1, max-image-preview:large, max-video-preview:-1\" \/>\n<link rel=\"canonical\" href=\"https:\/\/baltoil.ee\/toode\/fiberglass-color-restorer-with-ptef\/\" \/>\n<meta property=\"og:locale\" content=\"sv_SE\" \/>\n<meta property=\"og:type\" content=\"article\" \/>\n<meta property=\"og:title\" content=\"Fiberglass Color Restorer With PTEF\u00ae - v\u00e4rvi taastaja - Star brite - Baltoil\" \/>\n<meta property=\"og:description\" content=\"PTEF\u00ae sisaldav v\u00e4rvi taastaja. Taastab algse v\u00e4rvi. Eemaldab lubja plekid ja tuhmunud kohad. Kaitseb tuhmumise ja oks\u00fcdatsiooni eest.\" \/>\n<meta property=\"og:url\" content=\"https:\/\/baltoil.ee\/toode\/fiberglass-color-restorer-with-ptef\/\" \/>\n<meta property=\"og:site_name\" content=\"Baltoil\" \/>\n<meta property=\"article:modified_time\" content=\"2019-11-06T11:55:36+00:00\" \/>\n<meta property=\"og:image\" content=\"https:\/\/baltoil.ee\/wp-content\/uploads\/2019\/09\/star-brite-fiberglass-color-restorer-with-ptef.png\" \/>\n\t<meta property=\"og:image:width\" content=\"300\" \/>\n\t<meta property=\"og:image:height\" content=\"600\" \/>\n\t<meta property=\"og:image:type\" content=\"image\/png\" \/>\n<meta name=\"twitter:card\" content=\"summary_large_image\" \/>\n<script type=\"application\/ld+json\" class=\"yoast-schema-graph\">{\"@context\":\"https:\\\/\\\/schema.org\",\"@graph\":[{\"@type\":\"WebPage\",\"@id\":\"https:\\\/\\\/baltoil.ee\\\/toode\\\/fiberglass-color-restorer-with-ptef\\\/\",\"url\":\"https:\\\/\\\/baltoil.ee\\\/toode\\\/fiberglass-color-restorer-with-ptef\\\/\",\"name\":\"Fiberglass Color Restorer With PTEF\u00ae - v\u00e4rvi taastaja - Star brite - Baltoil\",\"isPartOf\":{\"@id\":\"https:\\\/\\\/baltoil.ee\\\/#website\"},\"primaryImageOfPage\":{\"@id\":\"https:\\\/\\\/baltoil.ee\\\/toode\\\/fiberglass-color-restorer-with-ptef\\\/#primaryimage\"},\"image\":{\"@id\":\"https:\\\/\\\/baltoil.ee\\\/toode\\\/fiberglass-color-restorer-with-ptef\\\/#primaryimage\"},\"thumbnailUrl\":\"https:\\\/\\\/baltoil.ee\\\/wp-content\\\/uploads\\\/2019\\\/09\\\/star-brite-fiberglass-color-restorer-with-ptef.png\",\"datePublished\":\"2019-09-26T08:48:20+00:00\",\"dateModified\":\"2019-11-06T11:55:36+00:00\",\"description\":\"PTEF\u00ae sisaldav v\u00e4rvi taastaja. Taastab algse v\u00e4rvi. Eemaldab lubja plekid ja tuhmunud kohad. Kaitseb tuhmumise ja oks\u00fcdatsiooni eest.\",\"breadcrumb\":{\"@id\":\"https:\\\/\\\/baltoil.ee\\\/toode\\\/fiberglass-color-restorer-with-ptef\\\/#breadcrumb\"},\"inLanguage\":\"sv-SE\",\"potentialAction\":[{\"@type\":\"ReadAction\",\"target\":[\"https:\\\/\\\/baltoil.ee\\\/toode\\\/fiberglass-color-restorer-with-ptef\\\/\"]}]},{\"@type\":\"ImageObject\",\"inLanguage\":\"sv-SE\",\"@id\":\"https:\\\/\\\/baltoil.ee\\\/toode\\\/fiberglass-color-restorer-with-ptef\\\/#primaryimage\",\"url\":\"https:\\\/\\\/baltoil.ee\\\/wp-content\\\/uploads\\\/2019\\\/09\\\/star-brite-fiberglass-color-restorer-with-ptef.png\",\"contentUrl\":\"https:\\\/\\\/baltoil.ee\\\/wp-content\\\/uploads\\\/2019\\\/09\\\/star-brite-fiberglass-color-restorer-with-ptef.png\",\"width\":300,\"height\":600},{\"@type\":\"BreadcrumbList\",\"@id\":\"https:\\\/\\\/baltoil.ee\\\/toode\\\/fiberglass-color-restorer-with-ptef\\\/#breadcrumb\",\"itemListElement\":[{\"@type\":\"ListItem\",\"position\":1,\"name\":\"Home\",\"item\":\"https:\\\/\\\/baltoil.ee\\\/sv\\\/\"},{\"@type\":\"ListItem\",\"position\":2,\"name\":\"Tooted\",\"item\":\"https:\\\/\\\/baltoil.ee\\\/tooted\\\/\"},{\"@type\":\"ListItem\",\"position\":3,\"name\":\"Fiberglass Color Restorer With PTEF\u00ae\"}]},{\"@type\":\"WebSite\",\"@id\":\"https:\\\/\\\/baltoil.ee\\\/#website\",\"url\":\"https:\\\/\\\/baltoil.ee\\\/\",\"name\":\"Baltoil\",\"description\":\"\",\"publisher\":{\"@id\":\"https:\\\/\\\/baltoil.ee\\\/#organization\"},\"potentialAction\":[{\"@type\":\"SearchAction\",\"target\":{\"@type\":\"EntryPoint\",\"urlTemplate\":\"https:\\\/\\\/baltoil.ee\\\/?s={search_term_string}\"},\"query-input\":{\"@type\":\"PropertyValueSpecification\",\"valueRequired\":true,\"valueName\":\"search_term_string\"}}],\"inLanguage\":\"sv-SE\"},{\"@type\":\"Organization\",\"@id\":\"https:\\\/\\\/baltoil.ee\\\/#organization\",\"name\":\"AS Baltoil\",\"url\":\"https:\\\/\\\/baltoil.ee\\\/\",\"logo\":{\"@type\":\"ImageObject\",\"inLanguage\":\"sv-SE\",\"@id\":\"https:\\\/\\\/baltoil.ee\\\/#\\\/schema\\\/logo\\\/image\\\/\",\"url\":\"https:\\\/\\\/baltoil.ee\\\/wp-content\\\/uploads\\\/2020\\\/04\\\/baltoil_logo.svg\",\"contentUrl\":\"https:\\\/\\\/baltoil.ee\\\/wp-content\\\/uploads\\\/2020\\\/04\\\/baltoil_logo.svg\",\"width\":1,\"height\":1,\"caption\":\"AS Baltoil\"},\"image\":{\"@id\":\"https:\\\/\\\/baltoil.ee\\\/#\\\/schema\\\/logo\\\/image\\\/\"}}]}<\/script>\n<!-- \/ Yoast SEO plugin. -->","yoast_head_json":{"title":"Fiberglass Color Restorer With PTEF\u00ae - v\u00e4rvi taastaja - Star brite - Baltoil","description":"PTEF\u00ae sisaldav v\u00e4rvi taastaja. Taastab algse v\u00e4rvi. Eemaldab lubja plekid ja tuhmunud kohad. Kaitseb tuhmumise ja oks\u00fcdatsiooni eest.","robots":{"index":"index","follow":"follow","max-snippet":"max-snippet:-1","max-image-preview":"max-image-preview:large","max-video-preview":"max-video-preview:-1"},"canonical":"https:\/\/baltoil.ee\/toode\/fiberglass-color-restorer-with-ptef\/","og_locale":"sv_SE","og_type":"article","og_title":"Fiberglass Color Restorer With PTEF\u00ae - v\u00e4rvi taastaja - Star brite - Baltoil","og_description":"PTEF\u00ae sisaldav v\u00e4rvi taastaja. Taastab algse v\u00e4rvi. Eemaldab lubja plekid ja tuhmunud kohad. Kaitseb tuhmumise ja oks\u00fcdatsiooni eest.","og_url":"https:\/\/baltoil.ee\/toode\/fiberglass-color-restorer-with-ptef\/","og_site_name":"Baltoil","article_modified_time":"2019-11-06T11:55:36+00:00","og_image":[{"width":300,"height":600,"url":"https:\/\/baltoil.ee\/wp-content\/uploads\/2019\/09\/star-brite-fiberglass-color-restorer-with-ptef.png","type":"image\/png"}],"twitter_card":"summary_large_image","schema":{"@context":"https:\/\/schema.org","@graph":[{"@type":"WebPage","@id":"https:\/\/baltoil.ee\/toode\/fiberglass-color-restorer-with-ptef\/","url":"https:\/\/baltoil.ee\/toode\/fiberglass-color-restorer-with-ptef\/","name":"Fiberglass Color Restorer With PTEF\u00ae - v\u00e4rvi taastaja - Star brite - Baltoil","isPartOf":{"@id":"https:\/\/baltoil.ee\/#website"},"primaryImageOfPage":{"@id":"https:\/\/baltoil.ee\/toode\/fiberglass-color-restorer-with-ptef\/#primaryimage"},"image":{"@id":"https:\/\/baltoil.ee\/toode\/fiberglass-color-restorer-with-ptef\/#primaryimage"},"thumbnailUrl":"https:\/\/baltoil.ee\/wp-content\/uploads\/2019\/09\/star-brite-fiberglass-color-restorer-with-ptef.png","datePublished":"2019-09-26T08:48:20+00:00","dateModified":"2019-11-06T11:55:36+00:00","description":"PTEF\u00ae sisaldav v\u00e4rvi taastaja. Taastab algse v\u00e4rvi. Eemaldab lubja plekid ja tuhmunud kohad. Kaitseb tuhmumise ja oks\u00fcdatsiooni eest.","breadcrumb":{"@id":"https:\/\/baltoil.ee\/toode\/fiberglass-color-restorer-with-ptef\/#breadcrumb"},"inLanguage":"sv-SE","potentialAction":[{"@type":"ReadAction","target":["https:\/\/baltoil.ee\/toode\/fiberglass-color-restorer-with-ptef\/"]}]},{"@type":"ImageObject","inLanguage":"sv-SE","@id":"https:\/\/baltoil.ee\/toode\/fiberglass-color-restorer-with-ptef\/#primaryimage","url":"https:\/\/baltoil.ee\/wp-content\/uploads\/2019\/09\/star-brite-fiberglass-color-restorer-with-ptef.png","contentUrl":"https:\/\/baltoil.ee\/wp-content\/uploads\/2019\/09\/star-brite-fiberglass-color-restorer-with-ptef.png","width":300,"height":600},{"@type":"BreadcrumbList","@id":"https:\/\/baltoil.ee\/toode\/fiberglass-color-restorer-with-ptef\/#breadcrumb","itemListElement":[{"@type":"ListItem","position":1,"name":"Home","item":"https:\/\/baltoil.ee\/sv\/"},{"@type":"ListItem","position":2,"name":"Tooted","item":"https:\/\/baltoil.ee\/tooted\/"},{"@type":"ListItem","position":3,"name":"Fiberglass Color Restorer With PTEF\u00ae"}]},{"@type":"WebSite","@id":"https:\/\/baltoil.ee\/#website","url":"https:\/\/baltoil.ee\/","name":"Baltoil","description":"","publisher":{"@id":"https:\/\/baltoil.ee\/#organization"},"potentialAction":[{"@type":"SearchAction","target":{"@type":"EntryPoint","urlTemplate":"https:\/\/baltoil.ee\/?s={search_term_string}"},"query-input":{"@type":"PropertyValueSpecification","valueRequired":true,"valueName":"search_term_string"}}],"inLanguage":"sv-SE"},{"@type":"Organization","@id":"https:\/\/baltoil.ee\/#organization","name":"AS Baltoil","url":"https:\/\/baltoil.ee\/","logo":{"@type":"ImageObject","inLanguage":"sv-SE","@id":"https:\/\/baltoil.ee\/#\/schema\/logo\/image\/","url":"https:\/\/baltoil.ee\/wp-content\/uploads\/2020\/04\/baltoil_logo.svg","contentUrl":"https:\/\/baltoil.ee\/wp-content\/uploads\/2020\/04\/baltoil_logo.svg","width":1,"height":1,"caption":"AS Baltoil"},"image":{"@id":"https:\/\/baltoil.ee\/#\/schema\/logo\/image\/"}}]}},"_links":{"self":[{"href":"https:\/\/baltoil.ee\/sv\/wp-json\/wp\/v2\/product\/1405","targetHints":{"allow":["GET"]}}],"collection":[{"href":"https:\/\/baltoil.ee\/sv\/wp-json\/wp\/v2\/product"}],"about":[{"href":"https:\/\/baltoil.ee\/sv\/wp-json\/wp\/v2\/types\/product"}],"wp:featuredmedia":[{"embeddable":true,"href":"https:\/\/baltoil.ee\/sv\/wp-json\/wp\/v2\/media\/1409"}],"wp:attachment":[{"href":"https:\/\/baltoil.ee\/sv\/wp-json\/wp\/v2\/media?parent=1405"}],"wp:term":[{"taxonomy":"product_brand","embeddable":true,"href":"https:\/\/baltoil.ee\/sv\/wp-json\/wp\/v2\/product_brand?post=1405"},{"taxonomy":"product_cat","embeddable":true,"href":"https:\/\/baltoil.ee\/sv\/wp-json\/wp\/v2\/product_cat?post=1405"},{"taxonomy":"product_tag","embeddable":true,"href":"https:\/\/baltoil.ee\/sv\/wp-json\/wp\/v2\/product_tag?post=1405"}],"curies":[{"name":"wp","href":"https:\/\/api.w.org\/{rel}","templated":true}]}}