{"id":1204,"date":"2019-09-18T10:20:15","date_gmt":"2019-09-18T10:20:15","guid":{"rendered":"https:\/\/dev.baltoil.ee\/?post_type=product&#038;p=1204"},"modified":"2023-09-08T16:17:28","modified_gmt":"2023-09-08T13:17:28","slug":"skl-metalliloikeoli","status":"publish","type":"product","link":"https:\/\/baltoil.ee\/sv\/toode\/skl-metalliloikeoli\/","title":{"rendered":"SKL metallil\u00f5ike\u00f5li"},"content":{"rendered":"<input class=\"fooboxshare_post_id\" type=\"hidden\" value=\"1204\"\/>","protected":false},"excerpt":{"rendered":"<p>K\u00f5rgekvaliteediga l\u00f5ike\u00f5li metallide t\u00f6\u00f6tlemiseks.<\/p>\n<p><strong>Toote eelised:<\/strong><\/p>\n<ul>\n<li>Toode v\u00e4hendab m\u00e4rgatavalt h\u00f5\u00f5rdumist<\/li>\n<li>Jahutab l\u00f5iketera ja l\u00f5igatavat metalli t\u00f5husalt<\/li>\n<li>V\u00e4hendab l\u00f5iketera kulumist<\/li>\n<\/ul>\n<p>&nbsp;<\/p>\n<p><strong>Kasutuskohad:<\/strong><\/p>\n<ul>\n<li>Sobib k\u00f5ikide metallide t\u00f6\u00f6tlemiseks<\/li>\n<li>Sobib suurep\u00e4raselt t\u00e4psust\u00f6\u00f6ks, sest ei m\u00e4\u00e4ri ega v\u00e4rvi metalle<\/li>\n<li>Sobib k\u00f5igile t\u00f6\u00f6tlusviisidele<\/li>\n<\/ul>\n","protected":false},"featured_media":5226,"template":"","meta":{"_acf_changed":false},"product_brand":[],"product_cat":[112],"product_tag":[124,95,114,113],"class_list":{"0":"post-1204","1":"product","2":"type-product","3":"status-publish","4":"has-post-thumbnail","6":"product_cat-tooted-x1r","7":"product_tag-metalliloikeoli","8":"product_tag-metalliloikevedelik","9":"product_tag-x-1r","10":"product_tag-x1r","12":"first","13":"instock","14":"shipping-taxable","15":"product-type-simple"},"acf":[],"yoast_head":"<!-- This site is optimized with the Yoast SEO plugin v27.3 - https:\/\/yoast.com\/product\/yoast-seo-wordpress\/ -->\n<title>SKL - Super Kut Light - Metallil\u00f5ike\u00f5li - X-1R - Baltoil<\/title>\n<meta name=\"description\" content=\"K\u00f5rgekvaliteediga metallil\u00f5ike\u00f5li. Sobib k\u00f5ikide metallide k\u00f5igile t\u00f6\u00f6tlusviisidele. Sobib suurep\u00e4raselt t\u00e4psust\u00f6\u00f6ks, sest ei m\u00e4\u00e4ri ega v\u00e4rvi metalle.\" \/>\n<meta name=\"robots\" content=\"index, follow, max-snippet:-1, max-image-preview:large, max-video-preview:-1\" \/>\n<link rel=\"canonical\" href=\"https:\/\/baltoil.ee\/toode\/skl-metalliloikeoli\/\" \/>\n<meta property=\"og:locale\" content=\"sv_SE\" \/>\n<meta property=\"og:type\" content=\"article\" \/>\n<meta property=\"og:title\" content=\"SKL - Super Kut Light - Metallil\u00f5ike\u00f5li - X-1R - Baltoil\" \/>\n<meta property=\"og:description\" content=\"K\u00f5rgekvaliteediga metallil\u00f5ike\u00f5li. Sobib k\u00f5ikide metallide k\u00f5igile t\u00f6\u00f6tlusviisidele. Sobib suurep\u00e4raselt t\u00e4psust\u00f6\u00f6ks, sest ei m\u00e4\u00e4ri ega v\u00e4rvi metalle.\" \/>\n<meta property=\"og:url\" content=\"https:\/\/baltoil.ee\/toode\/skl-metalliloikeoli\/\" \/>\n<meta property=\"og:site_name\" content=\"Baltoil\" \/>\n<meta property=\"article:modified_time\" content=\"2023-09-08T13:17:28+00:00\" \/>\n<meta property=\"og:image\" content=\"https:\/\/baltoil.ee\/wp-content\/uploads\/2019\/09\/14.SKL_.png\" \/>\n\t<meta property=\"og:image:width\" content=\"468\" \/>\n\t<meta property=\"og:image:height\" content=\"1181\" \/>\n\t<meta property=\"og:image:type\" content=\"image\/png\" \/>\n<meta name=\"twitter:card\" content=\"summary_large_image\" \/>\n<script type=\"application\/ld+json\" class=\"yoast-schema-graph\">{\"@context\":\"https:\\\/\\\/schema.org\",\"@graph\":[{\"@type\":\"WebPage\",\"@id\":\"https:\\\/\\\/baltoil.ee\\\/toode\\\/skl-metalliloikeoli\\\/\",\"url\":\"https:\\\/\\\/baltoil.ee\\\/toode\\\/skl-metalliloikeoli\\\/\",\"name\":\"SKL - Super Kut Light - Metallil\u00f5ike\u00f5li - X-1R - Baltoil\",\"isPartOf\":{\"@id\":\"https:\\\/\\\/baltoil.ee\\\/#website\"},\"primaryImageOfPage\":{\"@id\":\"https:\\\/\\\/baltoil.ee\\\/toode\\\/skl-metalliloikeoli\\\/#primaryimage\"},\"image\":{\"@id\":\"https:\\\/\\\/baltoil.ee\\\/toode\\\/skl-metalliloikeoli\\\/#primaryimage\"},\"thumbnailUrl\":\"https:\\\/\\\/baltoil.ee\\\/wp-content\\\/uploads\\\/2019\\\/09\\\/14.SKL_.png\",\"datePublished\":\"2019-09-18T10:20:15+00:00\",\"dateModified\":\"2023-09-08T13:17:28+00:00\",\"description\":\"K\u00f5rgekvaliteediga metallil\u00f5ike\u00f5li. Sobib k\u00f5ikide metallide k\u00f5igile t\u00f6\u00f6tlusviisidele. Sobib suurep\u00e4raselt t\u00e4psust\u00f6\u00f6ks, sest ei m\u00e4\u00e4ri ega v\u00e4rvi metalle.\",\"breadcrumb\":{\"@id\":\"https:\\\/\\\/baltoil.ee\\\/toode\\\/skl-metalliloikeoli\\\/#breadcrumb\"},\"inLanguage\":\"sv-SE\",\"potentialAction\":[{\"@type\":\"ReadAction\",\"target\":[\"https:\\\/\\\/baltoil.ee\\\/toode\\\/skl-metalliloikeoli\\\/\"]}]},{\"@type\":\"ImageObject\",\"inLanguage\":\"sv-SE\",\"@id\":\"https:\\\/\\\/baltoil.ee\\\/toode\\\/skl-metalliloikeoli\\\/#primaryimage\",\"url\":\"https:\\\/\\\/baltoil.ee\\\/wp-content\\\/uploads\\\/2019\\\/09\\\/14.SKL_.png\",\"contentUrl\":\"https:\\\/\\\/baltoil.ee\\\/wp-content\\\/uploads\\\/2019\\\/09\\\/14.SKL_.png\",\"width\":468,\"height\":1181},{\"@type\":\"BreadcrumbList\",\"@id\":\"https:\\\/\\\/baltoil.ee\\\/toode\\\/skl-metalliloikeoli\\\/#breadcrumb\",\"itemListElement\":[{\"@type\":\"ListItem\",\"position\":1,\"name\":\"Home\",\"item\":\"https:\\\/\\\/baltoil.ee\\\/sv\\\/\"},{\"@type\":\"ListItem\",\"position\":2,\"name\":\"Tooted\",\"item\":\"https:\\\/\\\/baltoil.ee\\\/tooted\\\/\"},{\"@type\":\"ListItem\",\"position\":3,\"name\":\"SKL metallil\u00f5ike\u00f5li\"}]},{\"@type\":\"WebSite\",\"@id\":\"https:\\\/\\\/baltoil.ee\\\/#website\",\"url\":\"https:\\\/\\\/baltoil.ee\\\/\",\"name\":\"Baltoil\",\"description\":\"\",\"publisher\":{\"@id\":\"https:\\\/\\\/baltoil.ee\\\/#organization\"},\"potentialAction\":[{\"@type\":\"SearchAction\",\"target\":{\"@type\":\"EntryPoint\",\"urlTemplate\":\"https:\\\/\\\/baltoil.ee\\\/?s={search_term_string}\"},\"query-input\":{\"@type\":\"PropertyValueSpecification\",\"valueRequired\":true,\"valueName\":\"search_term_string\"}}],\"inLanguage\":\"sv-SE\"},{\"@type\":\"Organization\",\"@id\":\"https:\\\/\\\/baltoil.ee\\\/#organization\",\"name\":\"AS Baltoil\",\"url\":\"https:\\\/\\\/baltoil.ee\\\/\",\"logo\":{\"@type\":\"ImageObject\",\"inLanguage\":\"sv-SE\",\"@id\":\"https:\\\/\\\/baltoil.ee\\\/#\\\/schema\\\/logo\\\/image\\\/\",\"url\":\"https:\\\/\\\/baltoil.ee\\\/wp-content\\\/uploads\\\/2020\\\/04\\\/baltoil_logo.svg\",\"contentUrl\":\"https:\\\/\\\/baltoil.ee\\\/wp-content\\\/uploads\\\/2020\\\/04\\\/baltoil_logo.svg\",\"width\":1,\"height\":1,\"caption\":\"AS Baltoil\"},\"image\":{\"@id\":\"https:\\\/\\\/baltoil.ee\\\/#\\\/schema\\\/logo\\\/image\\\/\"}}]}<\/script>\n<!-- \/ Yoast SEO plugin. -->","yoast_head_json":{"title":"SKL - Super Kut Light - Metallil\u00f5ike\u00f5li - X-1R - Baltoil","description":"K\u00f5rgekvaliteediga metallil\u00f5ike\u00f5li. Sobib k\u00f5ikide metallide k\u00f5igile t\u00f6\u00f6tlusviisidele. Sobib suurep\u00e4raselt t\u00e4psust\u00f6\u00f6ks, sest ei m\u00e4\u00e4ri ega v\u00e4rvi metalle.","robots":{"index":"index","follow":"follow","max-snippet":"max-snippet:-1","max-image-preview":"max-image-preview:large","max-video-preview":"max-video-preview:-1"},"canonical":"https:\/\/baltoil.ee\/toode\/skl-metalliloikeoli\/","og_locale":"sv_SE","og_type":"article","og_title":"SKL - Super Kut Light - Metallil\u00f5ike\u00f5li - X-1R - Baltoil","og_description":"K\u00f5rgekvaliteediga metallil\u00f5ike\u00f5li. Sobib k\u00f5ikide metallide k\u00f5igile t\u00f6\u00f6tlusviisidele. Sobib suurep\u00e4raselt t\u00e4psust\u00f6\u00f6ks, sest ei m\u00e4\u00e4ri ega v\u00e4rvi metalle.","og_url":"https:\/\/baltoil.ee\/toode\/skl-metalliloikeoli\/","og_site_name":"Baltoil","article_modified_time":"2023-09-08T13:17:28+00:00","og_image":[{"width":468,"height":1181,"url":"https:\/\/baltoil.ee\/wp-content\/uploads\/2019\/09\/14.SKL_.png","type":"image\/png"}],"twitter_card":"summary_large_image","schema":{"@context":"https:\/\/schema.org","@graph":[{"@type":"WebPage","@id":"https:\/\/baltoil.ee\/toode\/skl-metalliloikeoli\/","url":"https:\/\/baltoil.ee\/toode\/skl-metalliloikeoli\/","name":"SKL - Super Kut Light - Metallil\u00f5ike\u00f5li - X-1R - Baltoil","isPartOf":{"@id":"https:\/\/baltoil.ee\/#website"},"primaryImageOfPage":{"@id":"https:\/\/baltoil.ee\/toode\/skl-metalliloikeoli\/#primaryimage"},"image":{"@id":"https:\/\/baltoil.ee\/toode\/skl-metalliloikeoli\/#primaryimage"},"thumbnailUrl":"https:\/\/baltoil.ee\/wp-content\/uploads\/2019\/09\/14.SKL_.png","datePublished":"2019-09-18T10:20:15+00:00","dateModified":"2023-09-08T13:17:28+00:00","description":"K\u00f5rgekvaliteediga metallil\u00f5ike\u00f5li. Sobib k\u00f5ikide metallide k\u00f5igile t\u00f6\u00f6tlusviisidele. Sobib suurep\u00e4raselt t\u00e4psust\u00f6\u00f6ks, sest ei m\u00e4\u00e4ri ega v\u00e4rvi metalle.","breadcrumb":{"@id":"https:\/\/baltoil.ee\/toode\/skl-metalliloikeoli\/#breadcrumb"},"inLanguage":"sv-SE","potentialAction":[{"@type":"ReadAction","target":["https:\/\/baltoil.ee\/toode\/skl-metalliloikeoli\/"]}]},{"@type":"ImageObject","inLanguage":"sv-SE","@id":"https:\/\/baltoil.ee\/toode\/skl-metalliloikeoli\/#primaryimage","url":"https:\/\/baltoil.ee\/wp-content\/uploads\/2019\/09\/14.SKL_.png","contentUrl":"https:\/\/baltoil.ee\/wp-content\/uploads\/2019\/09\/14.SKL_.png","width":468,"height":1181},{"@type":"BreadcrumbList","@id":"https:\/\/baltoil.ee\/toode\/skl-metalliloikeoli\/#breadcrumb","itemListElement":[{"@type":"ListItem","position":1,"name":"Home","item":"https:\/\/baltoil.ee\/sv\/"},{"@type":"ListItem","position":2,"name":"Tooted","item":"https:\/\/baltoil.ee\/tooted\/"},{"@type":"ListItem","position":3,"name":"SKL metallil\u00f5ike\u00f5li"}]},{"@type":"WebSite","@id":"https:\/\/baltoil.ee\/#website","url":"https:\/\/baltoil.ee\/","name":"Baltoil","description":"","publisher":{"@id":"https:\/\/baltoil.ee\/#organization"},"potentialAction":[{"@type":"SearchAction","target":{"@type":"EntryPoint","urlTemplate":"https:\/\/baltoil.ee\/?s={search_term_string}"},"query-input":{"@type":"PropertyValueSpecification","valueRequired":true,"valueName":"search_term_string"}}],"inLanguage":"sv-SE"},{"@type":"Organization","@id":"https:\/\/baltoil.ee\/#organization","name":"AS Baltoil","url":"https:\/\/baltoil.ee\/","logo":{"@type":"ImageObject","inLanguage":"sv-SE","@id":"https:\/\/baltoil.ee\/#\/schema\/logo\/image\/","url":"https:\/\/baltoil.ee\/wp-content\/uploads\/2020\/04\/baltoil_logo.svg","contentUrl":"https:\/\/baltoil.ee\/wp-content\/uploads\/2020\/04\/baltoil_logo.svg","width":1,"height":1,"caption":"AS Baltoil"},"image":{"@id":"https:\/\/baltoil.ee\/#\/schema\/logo\/image\/"}}]}},"_links":{"self":[{"href":"https:\/\/baltoil.ee\/sv\/wp-json\/wp\/v2\/product\/1204","targetHints":{"allow":["GET"]}}],"collection":[{"href":"https:\/\/baltoil.ee\/sv\/wp-json\/wp\/v2\/product"}],"about":[{"href":"https:\/\/baltoil.ee\/sv\/wp-json\/wp\/v2\/types\/product"}],"wp:featuredmedia":[{"embeddable":true,"href":"https:\/\/baltoil.ee\/sv\/wp-json\/wp\/v2\/media\/5226"}],"wp:attachment":[{"href":"https:\/\/baltoil.ee\/sv\/wp-json\/wp\/v2\/media?parent=1204"}],"wp:term":[{"taxonomy":"product_brand","embeddable":true,"href":"https:\/\/baltoil.ee\/sv\/wp-json\/wp\/v2\/product_brand?post=1204"},{"taxonomy":"product_cat","embeddable":true,"href":"https:\/\/baltoil.ee\/sv\/wp-json\/wp\/v2\/product_cat?post=1204"},{"taxonomy":"product_tag","embeddable":true,"href":"https:\/\/baltoil.ee\/sv\/wp-json\/wp\/v2\/product_tag?post=1204"}],"curies":[{"name":"wp","href":"https:\/\/api.w.org\/{rel}","templated":true}]}}