{"id":1201,"date":"2019-09-18T10:11:11","date_gmt":"2019-09-18T10:11:11","guid":{"rendered":"https:\/\/dev.baltoil.ee\/?post_type=product&#038;p=1201"},"modified":"2019-11-12T08:59:28","modified_gmt":"2019-11-12T08:59:28","slug":"x1r-ketioli","status":"publish","type":"product","link":"https:\/\/baltoil.ee\/sv\/toode\/x1r-ketioli\/","title":{"rendered":"Keti\u00f5li"},"content":{"rendered":"<input class=\"fooboxshare_post_id\" type=\"hidden\" value=\"1201\"\/>","protected":false},"excerpt":{"rendered":"<p>Kasutatakse k\u00f5ikide kettide t\u00f5husaks m\u00e4\u00e4rimiseks ja kaitsmiseks. Vastupidav kaitse! \u00d5li p\u00fcsib h\u00e4sti ning ei kuiva \u00e4ra.<\/p>\n<p><strong>Toote eelised:<\/strong><\/p>\n<ul>\n<li>Tungib v\u00e4ga h\u00e4sti keti liigenditesse moodustades kerge ja vastupidava pinna<\/li>\n<li>Kaitseb vee, tolmu ja mustuse eest<\/li>\n<li>Peab vastu suurtele pinnasurvetele<\/li>\n<\/ul>\n<p>&nbsp;<\/p>\n<p><strong>Kasutuskohad:<\/strong><\/p>\n<ul>\n<li>T\u00f6\u00f6stusketid<\/li>\n<li>Mootorrattad ja mopeedid<\/li>\n<li>Jalgrattad<\/li>\n<li>Toode sobib O-r\u00f5ngas kettidele<\/li>\n<\/ul>\n","protected":false},"featured_media":1202,"template":"","meta":{"_acf_changed":false},"product_brand":[],"product_cat":[112],"product_tag":[123,122,117,121,114,113],"class_list":{"0":"post-1201","1":"product","2":"type-product","3":"status-publish","4":"has-post-thumbnail","6":"product_cat-tooted-x1r","7":"product_tag-ketioli","8":"product_tag-kett","9":"product_tag-maare","10":"product_tag-puhastusaine","11":"product_tag-x-1r","12":"product_tag-x1r","14":"first","15":"instock","16":"shipping-taxable","17":"product-type-simple"},"acf":[],"yoast_head":"<!-- This site is optimized with the Yoast SEO plugin v27.3 - https:\/\/yoast.com\/product\/yoast-seo-wordpress\/ -->\n<title>Keti\u00f5li - T\u00e4iss\u00fcnteetiline - X-1R - Baltoil<\/title>\n<meta name=\"description\" content=\"Kasutatakse k\u00f5ikide kettide t\u00f5husaks m\u00e4\u00e4rimiseks ja kaitsmiseks. T\u00f6\u00f6stusketid, mootorrattad, jalgrattad, ka O-r\u00f5ngas kett. P\u00fcsib h\u00e4sti ning ei kuiva \u00e4ra.\" \/>\n<meta name=\"robots\" content=\"index, follow, max-snippet:-1, max-image-preview:large, max-video-preview:-1\" \/>\n<link rel=\"canonical\" href=\"https:\/\/baltoil.ee\/en\/toode\/x1r-ketioli\/\" \/>\n<meta property=\"og:locale\" content=\"sv_SE\" \/>\n<meta property=\"og:type\" content=\"article\" \/>\n<meta property=\"og:title\" content=\"Keti\u00f5li - T\u00e4iss\u00fcnteetiline - X-1R - Baltoil\" \/>\n<meta property=\"og:description\" content=\"Kasutatakse k\u00f5ikide kettide t\u00f5husaks m\u00e4\u00e4rimiseks ja kaitsmiseks. T\u00f6\u00f6stusketid, mootorrattad, jalgrattad, ka O-r\u00f5ngas kett. P\u00fcsib h\u00e4sti ning ei kuiva \u00e4ra.\" \/>\n<meta property=\"og:url\" content=\"https:\/\/baltoil.ee\/en\/toode\/x1r-ketioli\/\" \/>\n<meta property=\"og:site_name\" content=\"Baltoil\" \/>\n<meta property=\"article:modified_time\" content=\"2019-11-12T08:59:28+00:00\" \/>\n<meta property=\"og:image\" content=\"https:\/\/baltoil.ee\/wp-content\/uploads\/2019\/09\/Ketju\u00f6ljy-spray-400-ml.jpg\" \/>\n\t<meta property=\"og:image:width\" content=\"698\" \/>\n\t<meta property=\"og:image:height\" content=\"696\" \/>\n\t<meta property=\"og:image:type\" content=\"image\/jpeg\" \/>\n<meta name=\"twitter:card\" content=\"summary_large_image\" \/>\n<script type=\"application\/ld+json\" class=\"yoast-schema-graph\">{\"@context\":\"https:\\\/\\\/schema.org\",\"@graph\":[{\"@type\":\"WebPage\",\"@id\":\"https:\\\/\\\/baltoil.ee\\\/en\\\/toode\\\/x1r-ketioli\\\/\",\"url\":\"https:\\\/\\\/baltoil.ee\\\/en\\\/toode\\\/x1r-ketioli\\\/\",\"name\":\"Keti\u00f5li - T\u00e4iss\u00fcnteetiline - X-1R - Baltoil\",\"isPartOf\":{\"@id\":\"https:\\\/\\\/baltoil.ee\\\/#website\"},\"primaryImageOfPage\":{\"@id\":\"https:\\\/\\\/baltoil.ee\\\/en\\\/toode\\\/x1r-ketioli\\\/#primaryimage\"},\"image\":{\"@id\":\"https:\\\/\\\/baltoil.ee\\\/en\\\/toode\\\/x1r-ketioli\\\/#primaryimage\"},\"thumbnailUrl\":\"https:\\\/\\\/baltoil.ee\\\/wp-content\\\/uploads\\\/2019\\\/09\\\/Ketju\u00f6ljy-spray-400-ml.jpg\",\"datePublished\":\"2019-09-18T10:11:11+00:00\",\"dateModified\":\"2019-11-12T08:59:28+00:00\",\"description\":\"Kasutatakse k\u00f5ikide kettide t\u00f5husaks m\u00e4\u00e4rimiseks ja kaitsmiseks. T\u00f6\u00f6stusketid, mootorrattad, jalgrattad, ka O-r\u00f5ngas kett. P\u00fcsib h\u00e4sti ning ei kuiva \u00e4ra.\",\"breadcrumb\":{\"@id\":\"https:\\\/\\\/baltoil.ee\\\/en\\\/toode\\\/x1r-ketioli\\\/#breadcrumb\"},\"inLanguage\":\"sv-SE\",\"potentialAction\":[{\"@type\":\"ReadAction\",\"target\":[\"https:\\\/\\\/baltoil.ee\\\/en\\\/toode\\\/x1r-ketioli\\\/\"]}]},{\"@type\":\"ImageObject\",\"inLanguage\":\"sv-SE\",\"@id\":\"https:\\\/\\\/baltoil.ee\\\/en\\\/toode\\\/x1r-ketioli\\\/#primaryimage\",\"url\":\"https:\\\/\\\/baltoil.ee\\\/wp-content\\\/uploads\\\/2019\\\/09\\\/Ketju\u00f6ljy-spray-400-ml.jpg\",\"contentUrl\":\"https:\\\/\\\/baltoil.ee\\\/wp-content\\\/uploads\\\/2019\\\/09\\\/Ketju\u00f6ljy-spray-400-ml.jpg\",\"width\":698,\"height\":696},{\"@type\":\"BreadcrumbList\",\"@id\":\"https:\\\/\\\/baltoil.ee\\\/en\\\/toode\\\/x1r-ketioli\\\/#breadcrumb\",\"itemListElement\":[{\"@type\":\"ListItem\",\"position\":1,\"name\":\"Home\",\"item\":\"https:\\\/\\\/baltoil.ee\\\/sv\\\/\"},{\"@type\":\"ListItem\",\"position\":2,\"name\":\"Tooted\",\"item\":\"https:\\\/\\\/baltoil.ee\\\/tooted\\\/\"},{\"@type\":\"ListItem\",\"position\":3,\"name\":\"Keti\u00f5li\"}]},{\"@type\":\"WebSite\",\"@id\":\"https:\\\/\\\/baltoil.ee\\\/#website\",\"url\":\"https:\\\/\\\/baltoil.ee\\\/\",\"name\":\"Baltoil\",\"description\":\"\",\"publisher\":{\"@id\":\"https:\\\/\\\/baltoil.ee\\\/#organization\"},\"potentialAction\":[{\"@type\":\"SearchAction\",\"target\":{\"@type\":\"EntryPoint\",\"urlTemplate\":\"https:\\\/\\\/baltoil.ee\\\/?s={search_term_string}\"},\"query-input\":{\"@type\":\"PropertyValueSpecification\",\"valueRequired\":true,\"valueName\":\"search_term_string\"}}],\"inLanguage\":\"sv-SE\"},{\"@type\":\"Organization\",\"@id\":\"https:\\\/\\\/baltoil.ee\\\/#organization\",\"name\":\"AS Baltoil\",\"url\":\"https:\\\/\\\/baltoil.ee\\\/\",\"logo\":{\"@type\":\"ImageObject\",\"inLanguage\":\"sv-SE\",\"@id\":\"https:\\\/\\\/baltoil.ee\\\/#\\\/schema\\\/logo\\\/image\\\/\",\"url\":\"https:\\\/\\\/baltoil.ee\\\/wp-content\\\/uploads\\\/2020\\\/04\\\/baltoil_logo.svg\",\"contentUrl\":\"https:\\\/\\\/baltoil.ee\\\/wp-content\\\/uploads\\\/2020\\\/04\\\/baltoil_logo.svg\",\"width\":1,\"height\":1,\"caption\":\"AS Baltoil\"},\"image\":{\"@id\":\"https:\\\/\\\/baltoil.ee\\\/#\\\/schema\\\/logo\\\/image\\\/\"}}]}<\/script>\n<!-- \/ Yoast SEO plugin. -->","yoast_head_json":{"title":"Keti\u00f5li - T\u00e4iss\u00fcnteetiline - X-1R - Baltoil","description":"Kasutatakse k\u00f5ikide kettide t\u00f5husaks m\u00e4\u00e4rimiseks ja kaitsmiseks. T\u00f6\u00f6stusketid, mootorrattad, jalgrattad, ka O-r\u00f5ngas kett. P\u00fcsib h\u00e4sti ning ei kuiva \u00e4ra.","robots":{"index":"index","follow":"follow","max-snippet":"max-snippet:-1","max-image-preview":"max-image-preview:large","max-video-preview":"max-video-preview:-1"},"canonical":"https:\/\/baltoil.ee\/en\/toode\/x1r-ketioli\/","og_locale":"sv_SE","og_type":"article","og_title":"Keti\u00f5li - T\u00e4iss\u00fcnteetiline - X-1R - Baltoil","og_description":"Kasutatakse k\u00f5ikide kettide t\u00f5husaks m\u00e4\u00e4rimiseks ja kaitsmiseks. T\u00f6\u00f6stusketid, mootorrattad, jalgrattad, ka O-r\u00f5ngas kett. P\u00fcsib h\u00e4sti ning ei kuiva \u00e4ra.","og_url":"https:\/\/baltoil.ee\/en\/toode\/x1r-ketioli\/","og_site_name":"Baltoil","article_modified_time":"2019-11-12T08:59:28+00:00","og_image":[{"width":698,"height":696,"url":"https:\/\/baltoil.ee\/wp-content\/uploads\/2019\/09\/Ketju\u00f6ljy-spray-400-ml.jpg","type":"image\/jpeg"}],"twitter_card":"summary_large_image","schema":{"@context":"https:\/\/schema.org","@graph":[{"@type":"WebPage","@id":"https:\/\/baltoil.ee\/en\/toode\/x1r-ketioli\/","url":"https:\/\/baltoil.ee\/en\/toode\/x1r-ketioli\/","name":"Keti\u00f5li - T\u00e4iss\u00fcnteetiline - X-1R - Baltoil","isPartOf":{"@id":"https:\/\/baltoil.ee\/#website"},"primaryImageOfPage":{"@id":"https:\/\/baltoil.ee\/en\/toode\/x1r-ketioli\/#primaryimage"},"image":{"@id":"https:\/\/baltoil.ee\/en\/toode\/x1r-ketioli\/#primaryimage"},"thumbnailUrl":"https:\/\/baltoil.ee\/wp-content\/uploads\/2019\/09\/Ketju\u00f6ljy-spray-400-ml.jpg","datePublished":"2019-09-18T10:11:11+00:00","dateModified":"2019-11-12T08:59:28+00:00","description":"Kasutatakse k\u00f5ikide kettide t\u00f5husaks m\u00e4\u00e4rimiseks ja kaitsmiseks. T\u00f6\u00f6stusketid, mootorrattad, jalgrattad, ka O-r\u00f5ngas kett. P\u00fcsib h\u00e4sti ning ei kuiva \u00e4ra.","breadcrumb":{"@id":"https:\/\/baltoil.ee\/en\/toode\/x1r-ketioli\/#breadcrumb"},"inLanguage":"sv-SE","potentialAction":[{"@type":"ReadAction","target":["https:\/\/baltoil.ee\/en\/toode\/x1r-ketioli\/"]}]},{"@type":"ImageObject","inLanguage":"sv-SE","@id":"https:\/\/baltoil.ee\/en\/toode\/x1r-ketioli\/#primaryimage","url":"https:\/\/baltoil.ee\/wp-content\/uploads\/2019\/09\/Ketju\u00f6ljy-spray-400-ml.jpg","contentUrl":"https:\/\/baltoil.ee\/wp-content\/uploads\/2019\/09\/Ketju\u00f6ljy-spray-400-ml.jpg","width":698,"height":696},{"@type":"BreadcrumbList","@id":"https:\/\/baltoil.ee\/en\/toode\/x1r-ketioli\/#breadcrumb","itemListElement":[{"@type":"ListItem","position":1,"name":"Home","item":"https:\/\/baltoil.ee\/sv\/"},{"@type":"ListItem","position":2,"name":"Tooted","item":"https:\/\/baltoil.ee\/tooted\/"},{"@type":"ListItem","position":3,"name":"Keti\u00f5li"}]},{"@type":"WebSite","@id":"https:\/\/baltoil.ee\/#website","url":"https:\/\/baltoil.ee\/","name":"Baltoil","description":"","publisher":{"@id":"https:\/\/baltoil.ee\/#organization"},"potentialAction":[{"@type":"SearchAction","target":{"@type":"EntryPoint","urlTemplate":"https:\/\/baltoil.ee\/?s={search_term_string}"},"query-input":{"@type":"PropertyValueSpecification","valueRequired":true,"valueName":"search_term_string"}}],"inLanguage":"sv-SE"},{"@type":"Organization","@id":"https:\/\/baltoil.ee\/#organization","name":"AS Baltoil","url":"https:\/\/baltoil.ee\/","logo":{"@type":"ImageObject","inLanguage":"sv-SE","@id":"https:\/\/baltoil.ee\/#\/schema\/logo\/image\/","url":"https:\/\/baltoil.ee\/wp-content\/uploads\/2020\/04\/baltoil_logo.svg","contentUrl":"https:\/\/baltoil.ee\/wp-content\/uploads\/2020\/04\/baltoil_logo.svg","width":1,"height":1,"caption":"AS Baltoil"},"image":{"@id":"https:\/\/baltoil.ee\/#\/schema\/logo\/image\/"}}]}},"_links":{"self":[{"href":"https:\/\/baltoil.ee\/sv\/wp-json\/wp\/v2\/product\/1201","targetHints":{"allow":["GET"]}}],"collection":[{"href":"https:\/\/baltoil.ee\/sv\/wp-json\/wp\/v2\/product"}],"about":[{"href":"https:\/\/baltoil.ee\/sv\/wp-json\/wp\/v2\/types\/product"}],"wp:featuredmedia":[{"embeddable":true,"href":"https:\/\/baltoil.ee\/sv\/wp-json\/wp\/v2\/media\/1202"}],"wp:attachment":[{"href":"https:\/\/baltoil.ee\/sv\/wp-json\/wp\/v2\/media?parent=1201"}],"wp:term":[{"taxonomy":"product_brand","embeddable":true,"href":"https:\/\/baltoil.ee\/sv\/wp-json\/wp\/v2\/product_brand?post=1201"},{"taxonomy":"product_cat","embeddable":true,"href":"https:\/\/baltoil.ee\/sv\/wp-json\/wp\/v2\/product_cat?post=1201"},{"taxonomy":"product_tag","embeddable":true,"href":"https:\/\/baltoil.ee\/sv\/wp-json\/wp\/v2\/product_tag?post=1201"}],"curies":[{"name":"wp","href":"https:\/\/api.w.org\/{rel}","templated":true}]}}