{"id":1198,"date":"2019-09-18T10:10:55","date_gmt":"2019-09-18T10:10:55","guid":{"rendered":"https:\/\/dev.baltoil.ee\/?post_type=product&#038;p=1198"},"modified":"2019-11-12T09:09:07","modified_gmt":"2019-11-12T09:09:07","slug":"x1r-relvaoli","status":"publish","type":"product","link":"https:\/\/baltoil.ee\/sv\/toode\/x1r-relvaoli\/","title":{"rendered":"Relva\u00f5li"},"content":{"rendered":"<input class=\"fooboxshare_post_id\" type=\"hidden\" value=\"1198\"\/>","protected":false},"excerpt":{"rendered":"<p>X-1R Relva\u00f5li kasutatakse k\u00f5igi relva t\u00fc\u00fcpide puhastamiseks, m\u00e4\u00e4rimiseks ja kaitsmiseks korrosiooni eest. K\u00fclmakindel! M\u00e4\u00e4rib isegi -40\u00b0C temperatuuril. Tagab t\u00f5rgeteta t\u00f6\u00f6 ka k\u00fclmas ja pikendab relvade eluiga.<\/p>\n<p><strong>Toote eelised:<\/strong><\/p>\n<ul>\n<li>Kaitseb korrosiooni eest<\/li>\n<li>M\u00e4\u00e4rib ja kaitseb efektiivselt<\/li>\n<li>Puhastab<\/li>\n<li>Ei haise petrooleumi j\u00e4rgi<\/li>\n<li>Pikendab relva kasutusiga<\/li>\n<li>Sobib Eesti kliimasse<\/li>\n<\/ul>\n<p><strong>Kasutuskohad:<\/strong><\/p>\n<ul>\n<li>K\u00f5igi relva t\u00fc\u00fcpide puhastamiseks<\/li>\n<\/ul>\n","protected":false},"featured_media":1199,"template":"","meta":{"_acf_changed":false},"product_brand":[],"product_cat":[112],"product_tag":[117,121,119,120,114,113],"class_list":{"0":"post-1198","1":"product","2":"type-product","3":"status-publish","4":"has-post-thumbnail","6":"product_cat-tooted-x1r","7":"product_tag-maare","8":"product_tag-puhastusaine","9":"product_tag-relv","10":"product_tag-relvaoli","11":"product_tag-x-1r","12":"product_tag-x1r","14":"first","15":"instock","16":"shipping-taxable","17":"product-type-simple"},"acf":[],"yoast_head":"<!-- This site is optimized with the Yoast SEO plugin v27.3 - https:\/\/yoast.com\/product\/yoast-seo-wordpress\/ -->\n<title>Relva\u00f5li - Puhastab, m\u00e4\u00e4rib ja kaitseb - X-1R - Baltoil<\/title>\n<meta name=\"description\" content=\"X-1R Relva\u00f5li kasutatakse k\u00e4situlirelvade m\u00e4\u00e4rimiseks, puhastamiseks ja kaitsmiseks korrosiooni eest. K\u00fclmakindel! M\u00e4\u00e4rib isegi -40\u00b0C temperatuuril.\" \/>\n<meta name=\"robots\" content=\"index, follow, max-snippet:-1, max-image-preview:large, max-video-preview:-1\" \/>\n<link rel=\"canonical\" href=\"https:\/\/baltoil.ee\/en\/toode\/x1r-relvaoli\/\" \/>\n<meta property=\"og:locale\" content=\"sv_SE\" \/>\n<meta property=\"og:type\" content=\"article\" \/>\n<meta property=\"og:title\" content=\"Relva\u00f5li - Puhastab, m\u00e4\u00e4rib ja kaitseb - X-1R - Baltoil\" \/>\n<meta property=\"og:description\" content=\"X-1R Relva\u00f5li kasutatakse k\u00e4situlirelvade m\u00e4\u00e4rimiseks, puhastamiseks ja kaitsmiseks korrosiooni eest. K\u00fclmakindel! M\u00e4\u00e4rib isegi -40\u00b0C temperatuuril.\" \/>\n<meta property=\"og:url\" content=\"https:\/\/baltoil.ee\/en\/toode\/x1r-relvaoli\/\" \/>\n<meta property=\"og:site_name\" content=\"Baltoil\" \/>\n<meta property=\"article:modified_time\" content=\"2019-11-12T09:09:07+00:00\" \/>\n<meta property=\"og:image\" content=\"https:\/\/baltoil.ee\/wp-content\/uploads\/2019\/09\/Ase\u00f6ljy-spray-100ml-1600x1067.jpg\" \/>\n\t<meta property=\"og:image:width\" content=\"1728\" \/>\n\t<meta property=\"og:image:height\" content=\"2592\" \/>\n\t<meta property=\"og:image:type\" content=\"image\/jpeg\" \/>\n<meta name=\"twitter:card\" content=\"summary_large_image\" \/>\n<script type=\"application\/ld+json\" class=\"yoast-schema-graph\">{\"@context\":\"https:\\\/\\\/schema.org\",\"@graph\":[{\"@type\":\"WebPage\",\"@id\":\"https:\\\/\\\/baltoil.ee\\\/en\\\/toode\\\/x1r-relvaoli\\\/\",\"url\":\"https:\\\/\\\/baltoil.ee\\\/en\\\/toode\\\/x1r-relvaoli\\\/\",\"name\":\"Relva\u00f5li - Puhastab, m\u00e4\u00e4rib ja kaitseb - X-1R - Baltoil\",\"isPartOf\":{\"@id\":\"https:\\\/\\\/baltoil.ee\\\/#website\"},\"primaryImageOfPage\":{\"@id\":\"https:\\\/\\\/baltoil.ee\\\/en\\\/toode\\\/x1r-relvaoli\\\/#primaryimage\"},\"image\":{\"@id\":\"https:\\\/\\\/baltoil.ee\\\/en\\\/toode\\\/x1r-relvaoli\\\/#primaryimage\"},\"thumbnailUrl\":\"https:\\\/\\\/baltoil.ee\\\/wp-content\\\/uploads\\\/2019\\\/09\\\/Ase\u00f6ljy-spray-100ml-1600x1067.jpg\",\"datePublished\":\"2019-09-18T10:10:55+00:00\",\"dateModified\":\"2019-11-12T09:09:07+00:00\",\"description\":\"X-1R Relva\u00f5li kasutatakse k\u00e4situlirelvade m\u00e4\u00e4rimiseks, puhastamiseks ja kaitsmiseks korrosiooni eest. K\u00fclmakindel! M\u00e4\u00e4rib isegi -40\u00b0C temperatuuril.\",\"breadcrumb\":{\"@id\":\"https:\\\/\\\/baltoil.ee\\\/en\\\/toode\\\/x1r-relvaoli\\\/#breadcrumb\"},\"inLanguage\":\"sv-SE\",\"potentialAction\":[{\"@type\":\"ReadAction\",\"target\":[\"https:\\\/\\\/baltoil.ee\\\/en\\\/toode\\\/x1r-relvaoli\\\/\"]}]},{\"@type\":\"ImageObject\",\"inLanguage\":\"sv-SE\",\"@id\":\"https:\\\/\\\/baltoil.ee\\\/en\\\/toode\\\/x1r-relvaoli\\\/#primaryimage\",\"url\":\"https:\\\/\\\/baltoil.ee\\\/wp-content\\\/uploads\\\/2019\\\/09\\\/Ase\u00f6ljy-spray-100ml-1600x1067.jpg\",\"contentUrl\":\"https:\\\/\\\/baltoil.ee\\\/wp-content\\\/uploads\\\/2019\\\/09\\\/Ase\u00f6ljy-spray-100ml-1600x1067.jpg\",\"width\":1728,\"height\":2592},{\"@type\":\"BreadcrumbList\",\"@id\":\"https:\\\/\\\/baltoil.ee\\\/en\\\/toode\\\/x1r-relvaoli\\\/#breadcrumb\",\"itemListElement\":[{\"@type\":\"ListItem\",\"position\":1,\"name\":\"Home\",\"item\":\"https:\\\/\\\/baltoil.ee\\\/sv\\\/\"},{\"@type\":\"ListItem\",\"position\":2,\"name\":\"Tooted\",\"item\":\"https:\\\/\\\/baltoil.ee\\\/tooted\\\/\"},{\"@type\":\"ListItem\",\"position\":3,\"name\":\"Relva\u00f5li\"}]},{\"@type\":\"WebSite\",\"@id\":\"https:\\\/\\\/baltoil.ee\\\/#website\",\"url\":\"https:\\\/\\\/baltoil.ee\\\/\",\"name\":\"Baltoil\",\"description\":\"\",\"publisher\":{\"@id\":\"https:\\\/\\\/baltoil.ee\\\/#organization\"},\"potentialAction\":[{\"@type\":\"SearchAction\",\"target\":{\"@type\":\"EntryPoint\",\"urlTemplate\":\"https:\\\/\\\/baltoil.ee\\\/?s={search_term_string}\"},\"query-input\":{\"@type\":\"PropertyValueSpecification\",\"valueRequired\":true,\"valueName\":\"search_term_string\"}}],\"inLanguage\":\"sv-SE\"},{\"@type\":\"Organization\",\"@id\":\"https:\\\/\\\/baltoil.ee\\\/#organization\",\"name\":\"AS Baltoil\",\"url\":\"https:\\\/\\\/baltoil.ee\\\/\",\"logo\":{\"@type\":\"ImageObject\",\"inLanguage\":\"sv-SE\",\"@id\":\"https:\\\/\\\/baltoil.ee\\\/#\\\/schema\\\/logo\\\/image\\\/\",\"url\":\"https:\\\/\\\/baltoil.ee\\\/wp-content\\\/uploads\\\/2020\\\/04\\\/baltoil_logo.svg\",\"contentUrl\":\"https:\\\/\\\/baltoil.ee\\\/wp-content\\\/uploads\\\/2020\\\/04\\\/baltoil_logo.svg\",\"width\":1,\"height\":1,\"caption\":\"AS Baltoil\"},\"image\":{\"@id\":\"https:\\\/\\\/baltoil.ee\\\/#\\\/schema\\\/logo\\\/image\\\/\"}}]}<\/script>\n<!-- \/ Yoast SEO plugin. -->","yoast_head_json":{"title":"Relva\u00f5li - Puhastab, m\u00e4\u00e4rib ja kaitseb - X-1R - Baltoil","description":"X-1R Relva\u00f5li kasutatakse k\u00e4situlirelvade m\u00e4\u00e4rimiseks, puhastamiseks ja kaitsmiseks korrosiooni eest. K\u00fclmakindel! M\u00e4\u00e4rib isegi -40\u00b0C temperatuuril.","robots":{"index":"index","follow":"follow","max-snippet":"max-snippet:-1","max-image-preview":"max-image-preview:large","max-video-preview":"max-video-preview:-1"},"canonical":"https:\/\/baltoil.ee\/en\/toode\/x1r-relvaoli\/","og_locale":"sv_SE","og_type":"article","og_title":"Relva\u00f5li - Puhastab, m\u00e4\u00e4rib ja kaitseb - X-1R - Baltoil","og_description":"X-1R Relva\u00f5li kasutatakse k\u00e4situlirelvade m\u00e4\u00e4rimiseks, puhastamiseks ja kaitsmiseks korrosiooni eest. K\u00fclmakindel! M\u00e4\u00e4rib isegi -40\u00b0C temperatuuril.","og_url":"https:\/\/baltoil.ee\/en\/toode\/x1r-relvaoli\/","og_site_name":"Baltoil","article_modified_time":"2019-11-12T09:09:07+00:00","og_image":[{"width":1728,"height":2592,"url":"https:\/\/baltoil.ee\/wp-content\/uploads\/2019\/09\/Ase\u00f6ljy-spray-100ml-1600x1067.jpg","type":"image\/jpeg"}],"twitter_card":"summary_large_image","schema":{"@context":"https:\/\/schema.org","@graph":[{"@type":"WebPage","@id":"https:\/\/baltoil.ee\/en\/toode\/x1r-relvaoli\/","url":"https:\/\/baltoil.ee\/en\/toode\/x1r-relvaoli\/","name":"Relva\u00f5li - Puhastab, m\u00e4\u00e4rib ja kaitseb - X-1R - Baltoil","isPartOf":{"@id":"https:\/\/baltoil.ee\/#website"},"primaryImageOfPage":{"@id":"https:\/\/baltoil.ee\/en\/toode\/x1r-relvaoli\/#primaryimage"},"image":{"@id":"https:\/\/baltoil.ee\/en\/toode\/x1r-relvaoli\/#primaryimage"},"thumbnailUrl":"https:\/\/baltoil.ee\/wp-content\/uploads\/2019\/09\/Ase\u00f6ljy-spray-100ml-1600x1067.jpg","datePublished":"2019-09-18T10:10:55+00:00","dateModified":"2019-11-12T09:09:07+00:00","description":"X-1R Relva\u00f5li kasutatakse k\u00e4situlirelvade m\u00e4\u00e4rimiseks, puhastamiseks ja kaitsmiseks korrosiooni eest. K\u00fclmakindel! M\u00e4\u00e4rib isegi -40\u00b0C temperatuuril.","breadcrumb":{"@id":"https:\/\/baltoil.ee\/en\/toode\/x1r-relvaoli\/#breadcrumb"},"inLanguage":"sv-SE","potentialAction":[{"@type":"ReadAction","target":["https:\/\/baltoil.ee\/en\/toode\/x1r-relvaoli\/"]}]},{"@type":"ImageObject","inLanguage":"sv-SE","@id":"https:\/\/baltoil.ee\/en\/toode\/x1r-relvaoli\/#primaryimage","url":"https:\/\/baltoil.ee\/wp-content\/uploads\/2019\/09\/Ase\u00f6ljy-spray-100ml-1600x1067.jpg","contentUrl":"https:\/\/baltoil.ee\/wp-content\/uploads\/2019\/09\/Ase\u00f6ljy-spray-100ml-1600x1067.jpg","width":1728,"height":2592},{"@type":"BreadcrumbList","@id":"https:\/\/baltoil.ee\/en\/toode\/x1r-relvaoli\/#breadcrumb","itemListElement":[{"@type":"ListItem","position":1,"name":"Home","item":"https:\/\/baltoil.ee\/sv\/"},{"@type":"ListItem","position":2,"name":"Tooted","item":"https:\/\/baltoil.ee\/tooted\/"},{"@type":"ListItem","position":3,"name":"Relva\u00f5li"}]},{"@type":"WebSite","@id":"https:\/\/baltoil.ee\/#website","url":"https:\/\/baltoil.ee\/","name":"Baltoil","description":"","publisher":{"@id":"https:\/\/baltoil.ee\/#organization"},"potentialAction":[{"@type":"SearchAction","target":{"@type":"EntryPoint","urlTemplate":"https:\/\/baltoil.ee\/?s={search_term_string}"},"query-input":{"@type":"PropertyValueSpecification","valueRequired":true,"valueName":"search_term_string"}}],"inLanguage":"sv-SE"},{"@type":"Organization","@id":"https:\/\/baltoil.ee\/#organization","name":"AS Baltoil","url":"https:\/\/baltoil.ee\/","logo":{"@type":"ImageObject","inLanguage":"sv-SE","@id":"https:\/\/baltoil.ee\/#\/schema\/logo\/image\/","url":"https:\/\/baltoil.ee\/wp-content\/uploads\/2020\/04\/baltoil_logo.svg","contentUrl":"https:\/\/baltoil.ee\/wp-content\/uploads\/2020\/04\/baltoil_logo.svg","width":1,"height":1,"caption":"AS Baltoil"},"image":{"@id":"https:\/\/baltoil.ee\/#\/schema\/logo\/image\/"}}]}},"_links":{"self":[{"href":"https:\/\/baltoil.ee\/sv\/wp-json\/wp\/v2\/product\/1198","targetHints":{"allow":["GET"]}}],"collection":[{"href":"https:\/\/baltoil.ee\/sv\/wp-json\/wp\/v2\/product"}],"about":[{"href":"https:\/\/baltoil.ee\/sv\/wp-json\/wp\/v2\/types\/product"}],"wp:featuredmedia":[{"embeddable":true,"href":"https:\/\/baltoil.ee\/sv\/wp-json\/wp\/v2\/media\/1199"}],"wp:attachment":[{"href":"https:\/\/baltoil.ee\/sv\/wp-json\/wp\/v2\/media?parent=1198"}],"wp:term":[{"taxonomy":"product_brand","embeddable":true,"href":"https:\/\/baltoil.ee\/sv\/wp-json\/wp\/v2\/product_brand?post=1198"},{"taxonomy":"product_cat","embeddable":true,"href":"https:\/\/baltoil.ee\/sv\/wp-json\/wp\/v2\/product_cat?post=1198"},{"taxonomy":"product_tag","embeddable":true,"href":"https:\/\/baltoil.ee\/sv\/wp-json\/wp\/v2\/product_tag?post=1198"}],"curies":[{"name":"wp","href":"https:\/\/api.w.org\/{rel}","templated":true}]}}