{"id":1034,"date":"2019-07-10T12:56:14","date_gmt":"2019-07-10T12:56:14","guid":{"rendered":"https:\/\/dev.baltoil.ee\/?post_type=product&#038;p=1034"},"modified":"2019-11-28T12:42:34","modified_gmt":"2019-11-28T12:42:34","slug":"star-tron-diesel-additive","status":"publish","type":"product","link":"https:\/\/baltoil.ee\/sv\/toode\/star-tron-diesel-additive\/","title":{"rendered":"Star Tron\u00ae Diesel Additive"},"content":{"rendered":"<input class=\"fooboxshare_post_id\" type=\"hidden\" value=\"1034\"\/>","protected":false},"excerpt":{"rendered":"<p>Toote nr. 93008<br \/>\nSuurus 237 ml (500 liitrile)<\/p>\n<p><strong>Ens\u00fc\u00fcmidel p\u00f5hinev k\u00fctuselisand<\/strong><\/p>\n<ul>\n<li>Stabiliseerib k\u00fctuse ja eemaldab vee<\/li>\n<li>K\u00fctus s\u00e4ilib isegi 2 aastat<\/li>\n<li>Takistab mikroobide kasvu<\/li>\n<li>Puhas k\u00fctuses\u00fcsteemi ja pihusteid<\/li>\n<li>V\u00e4hendab mootori heitgaase<\/li>\n<li>Lisab v\u00f5imsust<\/li>\n<li>V\u00e4hendab k\u00fctusekulu ja parendab k\u00fctuse kvaliteeti<\/li>\n<li>Hoiab \u00e4ra kahjulike setete tekke mootoris<\/li>\n<\/ul>\n<p>&nbsp;<\/p>\n<p><strong>StarTron k\u00fctuselisaine tutvustus:<\/strong><\/p>\n<p>Star brite arendas StarTron k\u00fctuselisaaine juba aastal 2003 ja see on maailma esimene lisaaine, mis p\u00f5hineb looduses leiduvatel ens\u00fc\u00fcmidel ja ei sisalda alkoholi, happeid ega leotusvahendeid. Toode on t\u00e4iesti turvaline kasutada diiselmootorites. StarTron l\u00f5hub k\u00fctuses tekkiva niiskuse mikroskoopilisteks tilkadeks, mis v\u00e4ljuvad turvaliselt p\u00f5lemisprotsessi k\u00e4igus.<br \/>\nStarTron kasutuskohad: autod, p\u00e4ramootorid, meremootorid, mootorsaanid, ATVd, mootorrattad, skuutrid, generaatorid, mootorsaed, aiat\u00f6\u00f6masinad, veoautod.<br \/>\nK\u00fctusepaakides, kus on \u00fcleliigset \u00f5huruumi, tekib temperatuuribmuutuste t\u00f5ttu kondensvett. Selle vee segunemisel k\u00fctusega vajub see paagi p\u00f5hja ja annab suurep\u00e4rase kasvukeskkonna mikroobidele ja eostele. Eosed koosnevad peamiselt seentest ning p\u00e4rmi ja hallituse saastest. Selle probleemi lahendamata j\u00e4tmine p\u00f5hjustab ummistusi filtrites, k\u00fctuses\u00fcsteemis ja pihustites. Siiani on probleemi lahendamiseks kasutatud biotsiide, mis lagundavad saaste ja takistavad uue tekkimist. Biotsiidide kasutamisest v\u00f5ib siiski kahju olla \u2013 saaste lagundamisel tekib orgaanilisi happeid. Need happed halvendavad k\u00fctuse kvaliteeti ja p\u00f5hjustavad paagi seinte, pihustite ja k\u00fctuses\u00fcsteemi oks\u00fcdeerumist ja muid probleeme.<br \/>\nStarTron kasutab mikroobide lagundamiseks ens\u00fc\u00fcmidel p\u00f5hinevat mittem\u00fcrgist tehnoloogiat. StarTron on ainuke aine, mis hoiab \u00e4ra bioloogilise kasvu ja h\u00e4vitab selle ilma m\u00fcrgiste kemikaalideta.<\/p>\n<p>&nbsp;<\/p>\n<p><a href=\"https:\/\/baltoil.ee\/toode\/star-tron-gasoline-additive\/\">Eraldi toode bensiinile<\/a><\/p>\n<p><a href=\"http:\/\/www.starbrite.com\/startron\" target=\"_blank\" rel=\"noopener noreferrer\">Tootja koduleht<\/a><\/p>\n","protected":false},"featured_media":1021,"template":"","meta":{"_acf_changed":false},"product_brand":[],"product_cat":[71],"product_tag":[90,88,89],"class_list":{"0":"post-1034","1":"product","2":"type-product","3":"status-publish","4":"has-post-thumbnail","6":"product_cat-startron","7":"product_tag-kutuselisand","8":"product_tag-star-brite","9":"product_tag-startron","11":"first","12":"instock","13":"shipping-taxable","14":"product-type-simple"},"acf":[],"yoast_head":"<!-- This site is optimized with the Yoast SEO plugin v27.3 - https:\/\/yoast.com\/product\/yoast-seo-wordpress\/ -->\n<title>Star Tron\u00ae Diesel Additive - Ens\u00fc\u00fcmidel p\u00f5hinev k\u00fctuselisand - Baltoil<\/title>\n<meta name=\"description\" content=\"Ens\u00fc\u00fcmidel p\u00f5hinev k\u00fctuselisand. StarTron on ainuke aine, mis hoiab \u00e4ra bioloogilise kasvu ja h\u00e4vitab selle ilma m\u00fcrgiste kemikaalideta.\" \/>\n<meta name=\"robots\" content=\"index, follow, max-snippet:-1, max-image-preview:large, max-video-preview:-1\" \/>\n<link rel=\"canonical\" href=\"https:\/\/baltoil.ee\/toode\/star-tron-diesel-additive\/\" \/>\n<meta property=\"og:locale\" content=\"sv_SE\" \/>\n<meta property=\"og:type\" content=\"article\" \/>\n<meta property=\"og:title\" content=\"Star Tron\u00ae Diesel Additive - Ens\u00fc\u00fcmidel p\u00f5hinev k\u00fctuselisand - Baltoil\" \/>\n<meta property=\"og:description\" content=\"Ens\u00fc\u00fcmidel p\u00f5hinev k\u00fctuselisand. StarTron on ainuke aine, mis hoiab \u00e4ra bioloogilise kasvu ja h\u00e4vitab selle ilma m\u00fcrgiste kemikaalideta.\" \/>\n<meta property=\"og:url\" content=\"https:\/\/baltoil.ee\/toode\/star-tron-diesel-additive\/\" \/>\n<meta property=\"og:site_name\" content=\"Baltoil\" \/>\n<meta property=\"article:modified_time\" content=\"2019-11-28T12:42:34+00:00\" \/>\n<meta property=\"og:image\" content=\"https:\/\/baltoil.ee\/wp-content\/uploads\/2019\/07\/StarTron-diesel.png\" \/>\n\t<meta property=\"og:image:width\" content=\"399\" \/>\n\t<meta property=\"og:image:height\" content=\"900\" \/>\n\t<meta property=\"og:image:type\" content=\"image\/png\" \/>\n<meta name=\"twitter:card\" content=\"summary_large_image\" \/>\n<script type=\"application\/ld+json\" class=\"yoast-schema-graph\">{\"@context\":\"https:\\\/\\\/schema.org\",\"@graph\":[{\"@type\":\"WebPage\",\"@id\":\"https:\\\/\\\/baltoil.ee\\\/toode\\\/star-tron-diesel-additive\\\/\",\"url\":\"https:\\\/\\\/baltoil.ee\\\/toode\\\/star-tron-diesel-additive\\\/\",\"name\":\"Star Tron\u00ae Diesel Additive - Ens\u00fc\u00fcmidel p\u00f5hinev k\u00fctuselisand - Baltoil\",\"isPartOf\":{\"@id\":\"https:\\\/\\\/baltoil.ee\\\/#website\"},\"primaryImageOfPage\":{\"@id\":\"https:\\\/\\\/baltoil.ee\\\/toode\\\/star-tron-diesel-additive\\\/#primaryimage\"},\"image\":{\"@id\":\"https:\\\/\\\/baltoil.ee\\\/toode\\\/star-tron-diesel-additive\\\/#primaryimage\"},\"thumbnailUrl\":\"https:\\\/\\\/baltoil.ee\\\/wp-content\\\/uploads\\\/2019\\\/07\\\/StarTron-diesel.png\",\"datePublished\":\"2019-07-10T12:56:14+00:00\",\"dateModified\":\"2019-11-28T12:42:34+00:00\",\"description\":\"Ens\u00fc\u00fcmidel p\u00f5hinev k\u00fctuselisand. StarTron on ainuke aine, mis hoiab \u00e4ra bioloogilise kasvu ja h\u00e4vitab selle ilma m\u00fcrgiste kemikaalideta.\",\"breadcrumb\":{\"@id\":\"https:\\\/\\\/baltoil.ee\\\/toode\\\/star-tron-diesel-additive\\\/#breadcrumb\"},\"inLanguage\":\"sv-SE\",\"potentialAction\":[{\"@type\":\"ReadAction\",\"target\":[\"https:\\\/\\\/baltoil.ee\\\/toode\\\/star-tron-diesel-additive\\\/\"]}]},{\"@type\":\"ImageObject\",\"inLanguage\":\"sv-SE\",\"@id\":\"https:\\\/\\\/baltoil.ee\\\/toode\\\/star-tron-diesel-additive\\\/#primaryimage\",\"url\":\"https:\\\/\\\/baltoil.ee\\\/wp-content\\\/uploads\\\/2019\\\/07\\\/StarTron-diesel.png\",\"contentUrl\":\"https:\\\/\\\/baltoil.ee\\\/wp-content\\\/uploads\\\/2019\\\/07\\\/StarTron-diesel.png\",\"width\":399,\"height\":900},{\"@type\":\"BreadcrumbList\",\"@id\":\"https:\\\/\\\/baltoil.ee\\\/toode\\\/star-tron-diesel-additive\\\/#breadcrumb\",\"itemListElement\":[{\"@type\":\"ListItem\",\"position\":1,\"name\":\"Home\",\"item\":\"https:\\\/\\\/baltoil.ee\\\/sv\\\/\"},{\"@type\":\"ListItem\",\"position\":2,\"name\":\"Tooted\",\"item\":\"https:\\\/\\\/baltoil.ee\\\/tooted\\\/\"},{\"@type\":\"ListItem\",\"position\":3,\"name\":\"Star Tron\u00ae Diesel Additive\"}]},{\"@type\":\"WebSite\",\"@id\":\"https:\\\/\\\/baltoil.ee\\\/#website\",\"url\":\"https:\\\/\\\/baltoil.ee\\\/\",\"name\":\"Baltoil\",\"description\":\"\",\"publisher\":{\"@id\":\"https:\\\/\\\/baltoil.ee\\\/#organization\"},\"potentialAction\":[{\"@type\":\"SearchAction\",\"target\":{\"@type\":\"EntryPoint\",\"urlTemplate\":\"https:\\\/\\\/baltoil.ee\\\/?s={search_term_string}\"},\"query-input\":{\"@type\":\"PropertyValueSpecification\",\"valueRequired\":true,\"valueName\":\"search_term_string\"}}],\"inLanguage\":\"sv-SE\"},{\"@type\":\"Organization\",\"@id\":\"https:\\\/\\\/baltoil.ee\\\/#organization\",\"name\":\"AS Baltoil\",\"url\":\"https:\\\/\\\/baltoil.ee\\\/\",\"logo\":{\"@type\":\"ImageObject\",\"inLanguage\":\"sv-SE\",\"@id\":\"https:\\\/\\\/baltoil.ee\\\/#\\\/schema\\\/logo\\\/image\\\/\",\"url\":\"https:\\\/\\\/baltoil.ee\\\/wp-content\\\/uploads\\\/2020\\\/04\\\/baltoil_logo.svg\",\"contentUrl\":\"https:\\\/\\\/baltoil.ee\\\/wp-content\\\/uploads\\\/2020\\\/04\\\/baltoil_logo.svg\",\"width\":1,\"height\":1,\"caption\":\"AS Baltoil\"},\"image\":{\"@id\":\"https:\\\/\\\/baltoil.ee\\\/#\\\/schema\\\/logo\\\/image\\\/\"}}]}<\/script>\n<!-- \/ Yoast SEO plugin. -->","yoast_head_json":{"title":"Star Tron\u00ae Diesel Additive - Ens\u00fc\u00fcmidel p\u00f5hinev k\u00fctuselisand - Baltoil","description":"Ens\u00fc\u00fcmidel p\u00f5hinev k\u00fctuselisand. StarTron on ainuke aine, mis hoiab \u00e4ra bioloogilise kasvu ja h\u00e4vitab selle ilma m\u00fcrgiste kemikaalideta.","robots":{"index":"index","follow":"follow","max-snippet":"max-snippet:-1","max-image-preview":"max-image-preview:large","max-video-preview":"max-video-preview:-1"},"canonical":"https:\/\/baltoil.ee\/toode\/star-tron-diesel-additive\/","og_locale":"sv_SE","og_type":"article","og_title":"Star Tron\u00ae Diesel Additive - Ens\u00fc\u00fcmidel p\u00f5hinev k\u00fctuselisand - Baltoil","og_description":"Ens\u00fc\u00fcmidel p\u00f5hinev k\u00fctuselisand. StarTron on ainuke aine, mis hoiab \u00e4ra bioloogilise kasvu ja h\u00e4vitab selle ilma m\u00fcrgiste kemikaalideta.","og_url":"https:\/\/baltoil.ee\/toode\/star-tron-diesel-additive\/","og_site_name":"Baltoil","article_modified_time":"2019-11-28T12:42:34+00:00","og_image":[{"width":399,"height":900,"url":"https:\/\/baltoil.ee\/wp-content\/uploads\/2019\/07\/StarTron-diesel.png","type":"image\/png"}],"twitter_card":"summary_large_image","schema":{"@context":"https:\/\/schema.org","@graph":[{"@type":"WebPage","@id":"https:\/\/baltoil.ee\/toode\/star-tron-diesel-additive\/","url":"https:\/\/baltoil.ee\/toode\/star-tron-diesel-additive\/","name":"Star Tron\u00ae Diesel Additive - Ens\u00fc\u00fcmidel p\u00f5hinev k\u00fctuselisand - Baltoil","isPartOf":{"@id":"https:\/\/baltoil.ee\/#website"},"primaryImageOfPage":{"@id":"https:\/\/baltoil.ee\/toode\/star-tron-diesel-additive\/#primaryimage"},"image":{"@id":"https:\/\/baltoil.ee\/toode\/star-tron-diesel-additive\/#primaryimage"},"thumbnailUrl":"https:\/\/baltoil.ee\/wp-content\/uploads\/2019\/07\/StarTron-diesel.png","datePublished":"2019-07-10T12:56:14+00:00","dateModified":"2019-11-28T12:42:34+00:00","description":"Ens\u00fc\u00fcmidel p\u00f5hinev k\u00fctuselisand. StarTron on ainuke aine, mis hoiab \u00e4ra bioloogilise kasvu ja h\u00e4vitab selle ilma m\u00fcrgiste kemikaalideta.","breadcrumb":{"@id":"https:\/\/baltoil.ee\/toode\/star-tron-diesel-additive\/#breadcrumb"},"inLanguage":"sv-SE","potentialAction":[{"@type":"ReadAction","target":["https:\/\/baltoil.ee\/toode\/star-tron-diesel-additive\/"]}]},{"@type":"ImageObject","inLanguage":"sv-SE","@id":"https:\/\/baltoil.ee\/toode\/star-tron-diesel-additive\/#primaryimage","url":"https:\/\/baltoil.ee\/wp-content\/uploads\/2019\/07\/StarTron-diesel.png","contentUrl":"https:\/\/baltoil.ee\/wp-content\/uploads\/2019\/07\/StarTron-diesel.png","width":399,"height":900},{"@type":"BreadcrumbList","@id":"https:\/\/baltoil.ee\/toode\/star-tron-diesel-additive\/#breadcrumb","itemListElement":[{"@type":"ListItem","position":1,"name":"Home","item":"https:\/\/baltoil.ee\/sv\/"},{"@type":"ListItem","position":2,"name":"Tooted","item":"https:\/\/baltoil.ee\/tooted\/"},{"@type":"ListItem","position":3,"name":"Star Tron\u00ae Diesel Additive"}]},{"@type":"WebSite","@id":"https:\/\/baltoil.ee\/#website","url":"https:\/\/baltoil.ee\/","name":"Baltoil","description":"","publisher":{"@id":"https:\/\/baltoil.ee\/#organization"},"potentialAction":[{"@type":"SearchAction","target":{"@type":"EntryPoint","urlTemplate":"https:\/\/baltoil.ee\/?s={search_term_string}"},"query-input":{"@type":"PropertyValueSpecification","valueRequired":true,"valueName":"search_term_string"}}],"inLanguage":"sv-SE"},{"@type":"Organization","@id":"https:\/\/baltoil.ee\/#organization","name":"AS Baltoil","url":"https:\/\/baltoil.ee\/","logo":{"@type":"ImageObject","inLanguage":"sv-SE","@id":"https:\/\/baltoil.ee\/#\/schema\/logo\/image\/","url":"https:\/\/baltoil.ee\/wp-content\/uploads\/2020\/04\/baltoil_logo.svg","contentUrl":"https:\/\/baltoil.ee\/wp-content\/uploads\/2020\/04\/baltoil_logo.svg","width":1,"height":1,"caption":"AS Baltoil"},"image":{"@id":"https:\/\/baltoil.ee\/#\/schema\/logo\/image\/"}}]}},"_links":{"self":[{"href":"https:\/\/baltoil.ee\/sv\/wp-json\/wp\/v2\/product\/1034","targetHints":{"allow":["GET"]}}],"collection":[{"href":"https:\/\/baltoil.ee\/sv\/wp-json\/wp\/v2\/product"}],"about":[{"href":"https:\/\/baltoil.ee\/sv\/wp-json\/wp\/v2\/types\/product"}],"wp:featuredmedia":[{"embeddable":true,"href":"https:\/\/baltoil.ee\/sv\/wp-json\/wp\/v2\/media\/1021"}],"wp:attachment":[{"href":"https:\/\/baltoil.ee\/sv\/wp-json\/wp\/v2\/media?parent=1034"}],"wp:term":[{"taxonomy":"product_brand","embeddable":true,"href":"https:\/\/baltoil.ee\/sv\/wp-json\/wp\/v2\/product_brand?post=1034"},{"taxonomy":"product_cat","embeddable":true,"href":"https:\/\/baltoil.ee\/sv\/wp-json\/wp\/v2\/product_cat?post=1034"},{"taxonomy":"product_tag","embeddable":true,"href":"https:\/\/baltoil.ee\/sv\/wp-json\/wp\/v2\/product_tag?post=1034"}],"curies":[{"name":"wp","href":"https:\/\/api.w.org\/{rel}","templated":true}]}}