{"id":2118,"date":"2019-05-07T11:17:35","date_gmt":"2019-05-07T11:17:35","guid":{"rendered":"https:\/\/baltoil.ee\/avaleht\/"},"modified":"2020-04-29T11:29:40","modified_gmt":"2020-04-29T11:29:40","slug":"hemsida","status":"publish","type":"page","link":"https:\/\/baltoil.ee\/sv\/","title":{"rendered":"Hemsida"},"content":{"rendered":"<input class=\"fooboxshare_post_id\" type=\"hidden\" value=\"2118\"\/>","protected":false},"excerpt":{"rendered":"","protected":false},"author":1,"featured_media":0,"parent":0,"menu_order":0,"comment_status":"closed","ping_status":"closed","template":"templates\/home.php","meta":{"_acf_changed":false,"footnotes":""},"class_list":["post-2118","page","type-page","status-publish","hentry"],"acf":[],"yoast_head":"<!-- This site is optimized with the Yoast SEO plugin v27.5 - https:\/\/yoast.com\/product\/yoast-seo-wordpress\/ -->\n<title>AS Baltoil - Hemsida<\/title>\n<meta name=\"description\" content=\"AS Baltoil \u00e4r ett m\u00e5ngsidigt f\u00f6retag inom tillverkning och f\u00f6rs\u00e4ljning. Vi s\u00f6ker nya partners f\u00f6r tillverkning av private label-produkter.\" \/>\n<meta name=\"robots\" content=\"index, follow, max-snippet:-1, max-image-preview:large, max-video-preview:-1\" \/>\n<link rel=\"canonical\" href=\"https:\/\/baltoil.ee\/sv\/\" \/>\n<meta property=\"og:locale\" content=\"sv_SE\" \/>\n<meta property=\"og:type\" content=\"article\" \/>\n<meta property=\"og:title\" content=\"AS Baltoil - Hemsida\" \/>\n<meta property=\"og:description\" content=\"AS Baltoil \u00e4r ett m\u00e5ngsidigt f\u00f6retag inom tillverkning och f\u00f6rs\u00e4ljning. Vi s\u00f6ker nya partners f\u00f6r tillverkning av private label-produkter.\" \/>\n<meta property=\"og:url\" content=\"https:\/\/baltoil.ee\/sv\/\" \/>\n<meta property=\"og:site_name\" content=\"Baltoil\" \/>\n<meta property=\"article:modified_time\" content=\"2020-04-29T11:29:40+00:00\" \/>\n<meta name=\"twitter:card\" content=\"summary_large_image\" \/>\n<script type=\"application\/ld+json\" class=\"yoast-schema-graph\">{\"@context\":\"https:\\\/\\\/schema.org\",\"@graph\":[{\"@type\":\"WebPage\",\"@id\":\"https:\\\/\\\/baltoil.ee\\\/sv\\\/\",\"url\":\"https:\\\/\\\/baltoil.ee\\\/sv\\\/\",\"name\":\"AS Baltoil - Hemsida\",\"isPartOf\":{\"@id\":\"https:\\\/\\\/baltoil.ee\\\/#website\"},\"datePublished\":\"2019-05-07T11:17:35+00:00\",\"dateModified\":\"2020-04-29T11:29:40+00:00\",\"description\":\"AS Baltoil \u00e4r ett m\u00e5ngsidigt f\u00f6retag inom tillverkning och f\u00f6rs\u00e4ljning. Vi s\u00f6ker nya partners f\u00f6r tillverkning av private label-produkter.\",\"breadcrumb\":{\"@id\":\"https:\\\/\\\/baltoil.ee\\\/sv\\\/#breadcrumb\"},\"inLanguage\":\"sv-SE\",\"potentialAction\":[{\"@type\":\"ReadAction\",\"target\":[\"https:\\\/\\\/baltoil.ee\\\/sv\\\/\"]}]},{\"@type\":\"BreadcrumbList\",\"@id\":\"https:\\\/\\\/baltoil.ee\\\/sv\\\/#breadcrumb\",\"itemListElement\":[{\"@type\":\"ListItem\",\"position\":1,\"name\":\"Home\",\"item\":\"https:\\\/\\\/baltoil.ee\\\/sv\\\/\"},{\"@type\":\"ListItem\",\"position\":2,\"name\":\"Hemsida\"}]},{\"@type\":\"WebSite\",\"@id\":\"https:\\\/\\\/baltoil.ee\\\/#website\",\"url\":\"https:\\\/\\\/baltoil.ee\\\/\",\"name\":\"Baltoil\",\"description\":\"\",\"publisher\":{\"@id\":\"https:\\\/\\\/baltoil.ee\\\/#organization\"},\"potentialAction\":[{\"@type\":\"SearchAction\",\"target\":{\"@type\":\"EntryPoint\",\"urlTemplate\":\"https:\\\/\\\/baltoil.ee\\\/?s={search_term_string}\"},\"query-input\":{\"@type\":\"PropertyValueSpecification\",\"valueRequired\":true,\"valueName\":\"search_term_string\"}}],\"inLanguage\":\"sv-SE\"},{\"@type\":\"Organization\",\"@id\":\"https:\\\/\\\/baltoil.ee\\\/#organization\",\"name\":\"AS Baltoil\",\"url\":\"https:\\\/\\\/baltoil.ee\\\/\",\"logo\":{\"@type\":\"ImageObject\",\"inLanguage\":\"sv-SE\",\"@id\":\"https:\\\/\\\/baltoil.ee\\\/#\\\/schema\\\/logo\\\/image\\\/\",\"url\":\"https:\\\/\\\/baltoil.ee\\\/wp-content\\\/uploads\\\/2020\\\/04\\\/baltoil_logo.svg\",\"contentUrl\":\"https:\\\/\\\/baltoil.ee\\\/wp-content\\\/uploads\\\/2020\\\/04\\\/baltoil_logo.svg\",\"width\":1,\"height\":1,\"caption\":\"AS Baltoil\"},\"image\":{\"@id\":\"https:\\\/\\\/baltoil.ee\\\/#\\\/schema\\\/logo\\\/image\\\/\"}}]}<\/script>\n<!-- \/ Yoast SEO plugin. -->","yoast_head_json":{"title":"AS Baltoil - Hemsida","description":"AS Baltoil \u00e4r ett m\u00e5ngsidigt f\u00f6retag inom tillverkning och f\u00f6rs\u00e4ljning. Vi s\u00f6ker nya partners f\u00f6r tillverkning av private label-produkter.","robots":{"index":"index","follow":"follow","max-snippet":"max-snippet:-1","max-image-preview":"max-image-preview:large","max-video-preview":"max-video-preview:-1"},"canonical":"https:\/\/baltoil.ee\/sv\/","og_locale":"sv_SE","og_type":"article","og_title":"AS Baltoil - Hemsida","og_description":"AS Baltoil \u00e4r ett m\u00e5ngsidigt f\u00f6retag inom tillverkning och f\u00f6rs\u00e4ljning. Vi s\u00f6ker nya partners f\u00f6r tillverkning av private label-produkter.","og_url":"https:\/\/baltoil.ee\/sv\/","og_site_name":"Baltoil","article_modified_time":"2020-04-29T11:29:40+00:00","twitter_card":"summary_large_image","schema":{"@context":"https:\/\/schema.org","@graph":[{"@type":"WebPage","@id":"https:\/\/baltoil.ee\/sv\/","url":"https:\/\/baltoil.ee\/sv\/","name":"AS Baltoil - Hemsida","isPartOf":{"@id":"https:\/\/baltoil.ee\/#website"},"datePublished":"2019-05-07T11:17:35+00:00","dateModified":"2020-04-29T11:29:40+00:00","description":"AS Baltoil \u00e4r ett m\u00e5ngsidigt f\u00f6retag inom tillverkning och f\u00f6rs\u00e4ljning. Vi s\u00f6ker nya partners f\u00f6r tillverkning av private label-produkter.","breadcrumb":{"@id":"https:\/\/baltoil.ee\/sv\/#breadcrumb"},"inLanguage":"sv-SE","potentialAction":[{"@type":"ReadAction","target":["https:\/\/baltoil.ee\/sv\/"]}]},{"@type":"BreadcrumbList","@id":"https:\/\/baltoil.ee\/sv\/#breadcrumb","itemListElement":[{"@type":"ListItem","position":1,"name":"Home","item":"https:\/\/baltoil.ee\/sv\/"},{"@type":"ListItem","position":2,"name":"Hemsida"}]},{"@type":"WebSite","@id":"https:\/\/baltoil.ee\/#website","url":"https:\/\/baltoil.ee\/","name":"Baltoil","description":"","publisher":{"@id":"https:\/\/baltoil.ee\/#organization"},"potentialAction":[{"@type":"SearchAction","target":{"@type":"EntryPoint","urlTemplate":"https:\/\/baltoil.ee\/?s={search_term_string}"},"query-input":{"@type":"PropertyValueSpecification","valueRequired":true,"valueName":"search_term_string"}}],"inLanguage":"sv-SE"},{"@type":"Organization","@id":"https:\/\/baltoil.ee\/#organization","name":"AS Baltoil","url":"https:\/\/baltoil.ee\/","logo":{"@type":"ImageObject","inLanguage":"sv-SE","@id":"https:\/\/baltoil.ee\/#\/schema\/logo\/image\/","url":"https:\/\/baltoil.ee\/wp-content\/uploads\/2020\/04\/baltoil_logo.svg","contentUrl":"https:\/\/baltoil.ee\/wp-content\/uploads\/2020\/04\/baltoil_logo.svg","width":1,"height":1,"caption":"AS Baltoil"},"image":{"@id":"https:\/\/baltoil.ee\/#\/schema\/logo\/image\/"}}]}},"_links":{"self":[{"href":"https:\/\/baltoil.ee\/sv\/wp-json\/wp\/v2\/pages\/2118","targetHints":{"allow":["GET"]}}],"collection":[{"href":"https:\/\/baltoil.ee\/sv\/wp-json\/wp\/v2\/pages"}],"about":[{"href":"https:\/\/baltoil.ee\/sv\/wp-json\/wp\/v2\/types\/page"}],"author":[{"embeddable":true,"href":"https:\/\/baltoil.ee\/sv\/wp-json\/wp\/v2\/users\/1"}],"replies":[{"embeddable":true,"href":"https:\/\/baltoil.ee\/sv\/wp-json\/wp\/v2\/comments?post=2118"}],"version-history":[{"count":29,"href":"https:\/\/baltoil.ee\/sv\/wp-json\/wp\/v2\/pages\/2118\/revisions"}],"predecessor-version":[{"id":3281,"href":"https:\/\/baltoil.ee\/sv\/wp-json\/wp\/v2\/pages\/2118\/revisions\/3281"}],"wp:attachment":[{"href":"https:\/\/baltoil.ee\/sv\/wp-json\/wp\/v2\/media?parent=2118"}],"curies":[{"name":"wp","href":"https:\/\/api.w.org\/{rel}","templated":true}]}}