{"id":2110,"date":"2019-05-07T11:43:40","date_gmt":"2019-05-07T11:43:40","guid":{"rendered":"https:\/\/baltoil.ee\/private-label\/"},"modified":"2020-07-14T07:26:34","modified_gmt":"2020-07-14T07:26:34","slug":"private-label","status":"publish","type":"page","link":"https:\/\/baltoil.ee\/sv\/private-label\/","title":{"rendered":"Private label"},"content":{"rendered":"<input class=\"fooboxshare_post_id\" type=\"hidden\" value=\"2110\"\/>","protected":false},"excerpt":{"rendered":"","protected":false},"author":1,"featured_media":4665,"parent":0,"menu_order":0,"comment_status":"closed","ping_status":"closed","template":"templates\/private-label.php","meta":{"_acf_changed":false,"footnotes":""},"class_list":["post-2110","page","type-page","status-publish","has-post-thumbnail","hentry"],"acf":[],"yoast_head":"<!-- This site is optimized with the Yoast SEO plugin v27.3 - https:\/\/yoast.com\/product\/yoast-seo-wordpress\/ -->\n<title>Private label produkter - Produktion under eget varum\u00e4rke - Baltoil<\/title>\n<meta name=\"description\" content=\"Vi producerar kemiska produkter med ert varum\u00e4rke. Vi s\u00f6ker kontinuerligt nya partners f\u00f6r tillverkning av private label-produkter.\" \/>\n<meta name=\"robots\" content=\"index, follow, max-snippet:-1, max-image-preview:large, max-video-preview:-1\" \/>\n<link rel=\"canonical\" href=\"https:\/\/baltoil.ee\/sv\/private-label\/\" \/>\n<meta property=\"og:locale\" content=\"sv_SE\" \/>\n<meta property=\"og:type\" content=\"article\" \/>\n<meta property=\"og:title\" content=\"Private label produkter - Produktion under eget varum\u00e4rke - Baltoil\" \/>\n<meta property=\"og:description\" content=\"Vi producerar kemiska produkter med ert varum\u00e4rke. Vi s\u00f6ker kontinuerligt nya partners f\u00f6r tillverkning av private label-produkter.\" \/>\n<meta property=\"og:url\" content=\"https:\/\/baltoil.ee\/sv\/private-label\/\" \/>\n<meta property=\"og:site_name\" content=\"Baltoil\" \/>\n<meta property=\"article:modified_time\" content=\"2020-07-14T07:26:34+00:00\" \/>\n<meta property=\"og:image\" content=\"https:\/\/baltoil.ee\/wp-content\/uploads\/2023\/08\/euro-riiul-003-1-e1693574075141.jpg\" \/>\n\t<meta property=\"og:image:width\" content=\"1500\" \/>\n\t<meta property=\"og:image:height\" content=\"449\" \/>\n\t<meta property=\"og:image:type\" content=\"image\/jpeg\" \/>\n<meta name=\"twitter:card\" content=\"summary_large_image\" \/>\n<script type=\"application\/ld+json\" class=\"yoast-schema-graph\">{\"@context\":\"https:\\\/\\\/schema.org\",\"@graph\":[{\"@type\":\"WebPage\",\"@id\":\"https:\\\/\\\/baltoil.ee\\\/sv\\\/private-label\\\/\",\"url\":\"https:\\\/\\\/baltoil.ee\\\/sv\\\/private-label\\\/\",\"name\":\"Private label produkter - Produktion under eget varum\u00e4rke - Baltoil\",\"isPartOf\":{\"@id\":\"https:\\\/\\\/baltoil.ee\\\/#website\"},\"primaryImageOfPage\":{\"@id\":\"https:\\\/\\\/baltoil.ee\\\/sv\\\/private-label\\\/#primaryimage\"},\"image\":{\"@id\":\"https:\\\/\\\/baltoil.ee\\\/sv\\\/private-label\\\/#primaryimage\"},\"thumbnailUrl\":\"https:\\\/\\\/baltoil.ee\\\/wp-content\\\/uploads\\\/2023\\\/08\\\/euro-riiul-003-1-e1693574075141.jpg\",\"datePublished\":\"2019-05-07T11:43:40+00:00\",\"dateModified\":\"2020-07-14T07:26:34+00:00\",\"description\":\"Vi producerar kemiska produkter med ert varum\u00e4rke. Vi s\u00f6ker kontinuerligt nya partners f\u00f6r tillverkning av private label-produkter.\",\"breadcrumb\":{\"@id\":\"https:\\\/\\\/baltoil.ee\\\/sv\\\/private-label\\\/#breadcrumb\"},\"inLanguage\":\"sv-SE\",\"potentialAction\":[{\"@type\":\"ReadAction\",\"target\":[\"https:\\\/\\\/baltoil.ee\\\/sv\\\/private-label\\\/\"]}]},{\"@type\":\"ImageObject\",\"inLanguage\":\"sv-SE\",\"@id\":\"https:\\\/\\\/baltoil.ee\\\/sv\\\/private-label\\\/#primaryimage\",\"url\":\"https:\\\/\\\/baltoil.ee\\\/wp-content\\\/uploads\\\/2023\\\/08\\\/euro-riiul-003-1-e1693574075141.jpg\",\"contentUrl\":\"https:\\\/\\\/baltoil.ee\\\/wp-content\\\/uploads\\\/2023\\\/08\\\/euro-riiul-003-1-e1693574075141.jpg\",\"width\":1500,\"height\":449},{\"@type\":\"BreadcrumbList\",\"@id\":\"https:\\\/\\\/baltoil.ee\\\/sv\\\/private-label\\\/#breadcrumb\",\"itemListElement\":[{\"@type\":\"ListItem\",\"position\":1,\"name\":\"Home\",\"item\":\"https:\\\/\\\/baltoil.ee\\\/sv\\\/\"},{\"@type\":\"ListItem\",\"position\":2,\"name\":\"Private label\"}]},{\"@type\":\"WebSite\",\"@id\":\"https:\\\/\\\/baltoil.ee\\\/#website\",\"url\":\"https:\\\/\\\/baltoil.ee\\\/\",\"name\":\"Baltoil\",\"description\":\"\",\"publisher\":{\"@id\":\"https:\\\/\\\/baltoil.ee\\\/#organization\"},\"potentialAction\":[{\"@type\":\"SearchAction\",\"target\":{\"@type\":\"EntryPoint\",\"urlTemplate\":\"https:\\\/\\\/baltoil.ee\\\/?s={search_term_string}\"},\"query-input\":{\"@type\":\"PropertyValueSpecification\",\"valueRequired\":true,\"valueName\":\"search_term_string\"}}],\"inLanguage\":\"sv-SE\"},{\"@type\":\"Organization\",\"@id\":\"https:\\\/\\\/baltoil.ee\\\/#organization\",\"name\":\"AS Baltoil\",\"url\":\"https:\\\/\\\/baltoil.ee\\\/\",\"logo\":{\"@type\":\"ImageObject\",\"inLanguage\":\"sv-SE\",\"@id\":\"https:\\\/\\\/baltoil.ee\\\/#\\\/schema\\\/logo\\\/image\\\/\",\"url\":\"https:\\\/\\\/baltoil.ee\\\/wp-content\\\/uploads\\\/2020\\\/04\\\/baltoil_logo.svg\",\"contentUrl\":\"https:\\\/\\\/baltoil.ee\\\/wp-content\\\/uploads\\\/2020\\\/04\\\/baltoil_logo.svg\",\"width\":1,\"height\":1,\"caption\":\"AS Baltoil\"},\"image\":{\"@id\":\"https:\\\/\\\/baltoil.ee\\\/#\\\/schema\\\/logo\\\/image\\\/\"}}]}<\/script>\n<!-- \/ Yoast SEO plugin. -->","yoast_head_json":{"title":"Private label produkter - Produktion under eget varum\u00e4rke - Baltoil","description":"Vi producerar kemiska produkter med ert varum\u00e4rke. Vi s\u00f6ker kontinuerligt nya partners f\u00f6r tillverkning av private label-produkter.","robots":{"index":"index","follow":"follow","max-snippet":"max-snippet:-1","max-image-preview":"max-image-preview:large","max-video-preview":"max-video-preview:-1"},"canonical":"https:\/\/baltoil.ee\/sv\/private-label\/","og_locale":"sv_SE","og_type":"article","og_title":"Private label produkter - Produktion under eget varum\u00e4rke - Baltoil","og_description":"Vi producerar kemiska produkter med ert varum\u00e4rke. Vi s\u00f6ker kontinuerligt nya partners f\u00f6r tillverkning av private label-produkter.","og_url":"https:\/\/baltoil.ee\/sv\/private-label\/","og_site_name":"Baltoil","article_modified_time":"2020-07-14T07:26:34+00:00","og_image":[{"width":1500,"height":449,"url":"https:\/\/baltoil.ee\/wp-content\/uploads\/2023\/08\/euro-riiul-003-1-e1693574075141.jpg","type":"image\/jpeg"}],"twitter_card":"summary_large_image","schema":{"@context":"https:\/\/schema.org","@graph":[{"@type":"WebPage","@id":"https:\/\/baltoil.ee\/sv\/private-label\/","url":"https:\/\/baltoil.ee\/sv\/private-label\/","name":"Private label produkter - Produktion under eget varum\u00e4rke - Baltoil","isPartOf":{"@id":"https:\/\/baltoil.ee\/#website"},"primaryImageOfPage":{"@id":"https:\/\/baltoil.ee\/sv\/private-label\/#primaryimage"},"image":{"@id":"https:\/\/baltoil.ee\/sv\/private-label\/#primaryimage"},"thumbnailUrl":"https:\/\/baltoil.ee\/wp-content\/uploads\/2023\/08\/euro-riiul-003-1-e1693574075141.jpg","datePublished":"2019-05-07T11:43:40+00:00","dateModified":"2020-07-14T07:26:34+00:00","description":"Vi producerar kemiska produkter med ert varum\u00e4rke. Vi s\u00f6ker kontinuerligt nya partners f\u00f6r tillverkning av private label-produkter.","breadcrumb":{"@id":"https:\/\/baltoil.ee\/sv\/private-label\/#breadcrumb"},"inLanguage":"sv-SE","potentialAction":[{"@type":"ReadAction","target":["https:\/\/baltoil.ee\/sv\/private-label\/"]}]},{"@type":"ImageObject","inLanguage":"sv-SE","@id":"https:\/\/baltoil.ee\/sv\/private-label\/#primaryimage","url":"https:\/\/baltoil.ee\/wp-content\/uploads\/2023\/08\/euro-riiul-003-1-e1693574075141.jpg","contentUrl":"https:\/\/baltoil.ee\/wp-content\/uploads\/2023\/08\/euro-riiul-003-1-e1693574075141.jpg","width":1500,"height":449},{"@type":"BreadcrumbList","@id":"https:\/\/baltoil.ee\/sv\/private-label\/#breadcrumb","itemListElement":[{"@type":"ListItem","position":1,"name":"Home","item":"https:\/\/baltoil.ee\/sv\/"},{"@type":"ListItem","position":2,"name":"Private label"}]},{"@type":"WebSite","@id":"https:\/\/baltoil.ee\/#website","url":"https:\/\/baltoil.ee\/","name":"Baltoil","description":"","publisher":{"@id":"https:\/\/baltoil.ee\/#organization"},"potentialAction":[{"@type":"SearchAction","target":{"@type":"EntryPoint","urlTemplate":"https:\/\/baltoil.ee\/?s={search_term_string}"},"query-input":{"@type":"PropertyValueSpecification","valueRequired":true,"valueName":"search_term_string"}}],"inLanguage":"sv-SE"},{"@type":"Organization","@id":"https:\/\/baltoil.ee\/#organization","name":"AS Baltoil","url":"https:\/\/baltoil.ee\/","logo":{"@type":"ImageObject","inLanguage":"sv-SE","@id":"https:\/\/baltoil.ee\/#\/schema\/logo\/image\/","url":"https:\/\/baltoil.ee\/wp-content\/uploads\/2020\/04\/baltoil_logo.svg","contentUrl":"https:\/\/baltoil.ee\/wp-content\/uploads\/2020\/04\/baltoil_logo.svg","width":1,"height":1,"caption":"AS Baltoil"},"image":{"@id":"https:\/\/baltoil.ee\/#\/schema\/logo\/image\/"}}]}},"_links":{"self":[{"href":"https:\/\/baltoil.ee\/sv\/wp-json\/wp\/v2\/pages\/2110","targetHints":{"allow":["GET"]}}],"collection":[{"href":"https:\/\/baltoil.ee\/sv\/wp-json\/wp\/v2\/pages"}],"about":[{"href":"https:\/\/baltoil.ee\/sv\/wp-json\/wp\/v2\/types\/page"}],"author":[{"embeddable":true,"href":"https:\/\/baltoil.ee\/sv\/wp-json\/wp\/v2\/users\/1"}],"replies":[{"embeddable":true,"href":"https:\/\/baltoil.ee\/sv\/wp-json\/wp\/v2\/comments?post=2110"}],"version-history":[{"count":7,"href":"https:\/\/baltoil.ee\/sv\/wp-json\/wp\/v2\/pages\/2110\/revisions"}],"predecessor-version":[{"id":2430,"href":"https:\/\/baltoil.ee\/sv\/wp-json\/wp\/v2\/pages\/2110\/revisions\/2430"}],"wp:featuredmedia":[{"embeddable":true,"href":"https:\/\/baltoil.ee\/sv\/wp-json\/wp\/v2\/media\/4665"}],"wp:attachment":[{"href":"https:\/\/baltoil.ee\/sv\/wp-json\/wp\/v2\/media?parent=2110"}],"curies":[{"name":"wp","href":"https:\/\/api.w.org\/{rel}","templated":true}]}}