{"id":2108,"date":"2019-05-07T11:43:55","date_gmt":"2019-05-07T11:43:55","guid":{"rendered":"https:\/\/baltoil.ee\/ettevotte\/"},"modified":"2020-06-26T06:59:26","modified_gmt":"2020-06-26T06:59:26","slug":"uznemums","status":"publish","type":"page","link":"https:\/\/baltoil.ee\/lv\/uznemums\/","title":{"rendered":"Par uz\u0146\u0113mumu"},"content":{"rendered":"<input class=\"fooboxshare_post_id\" type=\"hidden\" value=\"2108\"\/>","protected":false},"excerpt":{"rendered":"","protected":false},"author":1,"featured_media":0,"parent":0,"menu_order":0,"comment_status":"closed","ping_status":"closed","template":"templates\/about.php","meta":{"_acf_changed":false,"footnotes":""},"class_list":["post-2108","page","type-page","status-publish","hentry"],"acf":[],"yoast_head":"<!-- This site is optimized with the Yoast SEO plugin v27.5 - https:\/\/yoast.com\/product\/yoast-seo-wordpress\/ -->\n<title>Par uz\u0146\u0113mumu - Baltoil<\/title>\n<meta name=\"description\" content=\"AS Baltoil ir uz\u0146\u0113mums, kur\u0161 str\u0101d\u0101 daudzpus\u012bg\u0101 m\u0101rketinga un ra\u017eo\u0161anasjom\u0101. Past\u0101v\u012bgi mekl\u0113jam jaunus partnerus, lai izgatavotu private label produktus.\" \/>\n<meta name=\"robots\" content=\"index, follow, max-snippet:-1, max-image-preview:large, max-video-preview:-1\" \/>\n<link rel=\"canonical\" href=\"https:\/\/baltoil.ee\/lv\/uznemums\/\" \/>\n<meta property=\"og:locale\" content=\"lv_LV\" \/>\n<meta property=\"og:type\" content=\"article\" \/>\n<meta property=\"og:title\" content=\"Par uz\u0146\u0113mumu - Baltoil\" \/>\n<meta property=\"og:description\" content=\"AS Baltoil ir uz\u0146\u0113mums, kur\u0161 str\u0101d\u0101 daudzpus\u012bg\u0101 m\u0101rketinga un ra\u017eo\u0161anasjom\u0101. Past\u0101v\u012bgi mekl\u0113jam jaunus partnerus, lai izgatavotu private label produktus.\" \/>\n<meta property=\"og:url\" content=\"https:\/\/baltoil.ee\/lv\/uznemums\/\" \/>\n<meta property=\"og:site_name\" content=\"Baltoil\" \/>\n<meta property=\"article:modified_time\" content=\"2020-06-26T06:59:26+00:00\" \/>\n<meta name=\"twitter:card\" content=\"summary_large_image\" \/>\n<script type=\"application\/ld+json\" class=\"yoast-schema-graph\">{\"@context\":\"https:\\\/\\\/schema.org\",\"@graph\":[{\"@type\":\"WebPage\",\"@id\":\"https:\\\/\\\/baltoil.ee\\\/lv\\\/uznemums\\\/\",\"url\":\"https:\\\/\\\/baltoil.ee\\\/lv\\\/uznemums\\\/\",\"name\":\"Par uz\u0146\u0113mumu - Baltoil\",\"isPartOf\":{\"@id\":\"https:\\\/\\\/baltoil.ee\\\/#website\"},\"datePublished\":\"2019-05-07T11:43:55+00:00\",\"dateModified\":\"2020-06-26T06:59:26+00:00\",\"description\":\"AS Baltoil ir uz\u0146\u0113mums, kur\u0161 str\u0101d\u0101 daudzpus\u012bg\u0101 m\u0101rketinga un ra\u017eo\u0161anasjom\u0101. Past\u0101v\u012bgi mekl\u0113jam jaunus partnerus, lai izgatavotu private label produktus.\",\"breadcrumb\":{\"@id\":\"https:\\\/\\\/baltoil.ee\\\/lv\\\/uznemums\\\/#breadcrumb\"},\"inLanguage\":\"lv-LV\",\"potentialAction\":[{\"@type\":\"ReadAction\",\"target\":[\"https:\\\/\\\/baltoil.ee\\\/lv\\\/uznemums\\\/\"]}]},{\"@type\":\"BreadcrumbList\",\"@id\":\"https:\\\/\\\/baltoil.ee\\\/lv\\\/uznemums\\\/#breadcrumb\",\"itemListElement\":[{\"@type\":\"ListItem\",\"position\":1,\"name\":\"Home\",\"item\":\"https:\\\/\\\/baltoil.ee\\\/lv\\\/\"},{\"@type\":\"ListItem\",\"position\":2,\"name\":\"Par uz\u0146\u0113mumu\"}]},{\"@type\":\"WebSite\",\"@id\":\"https:\\\/\\\/baltoil.ee\\\/#website\",\"url\":\"https:\\\/\\\/baltoil.ee\\\/\",\"name\":\"Baltoil\",\"description\":\"\",\"publisher\":{\"@id\":\"https:\\\/\\\/baltoil.ee\\\/#organization\"},\"potentialAction\":[{\"@type\":\"SearchAction\",\"target\":{\"@type\":\"EntryPoint\",\"urlTemplate\":\"https:\\\/\\\/baltoil.ee\\\/?s={search_term_string}\"},\"query-input\":{\"@type\":\"PropertyValueSpecification\",\"valueRequired\":true,\"valueName\":\"search_term_string\"}}],\"inLanguage\":\"lv-LV\"},{\"@type\":\"Organization\",\"@id\":\"https:\\\/\\\/baltoil.ee\\\/#organization\",\"name\":\"AS Baltoil\",\"url\":\"https:\\\/\\\/baltoil.ee\\\/\",\"logo\":{\"@type\":\"ImageObject\",\"inLanguage\":\"lv-LV\",\"@id\":\"https:\\\/\\\/baltoil.ee\\\/#\\\/schema\\\/logo\\\/image\\\/\",\"url\":\"https:\\\/\\\/baltoil.ee\\\/wp-content\\\/uploads\\\/2020\\\/04\\\/baltoil_logo.svg\",\"contentUrl\":\"https:\\\/\\\/baltoil.ee\\\/wp-content\\\/uploads\\\/2020\\\/04\\\/baltoil_logo.svg\",\"width\":1,\"height\":1,\"caption\":\"AS Baltoil\"},\"image\":{\"@id\":\"https:\\\/\\\/baltoil.ee\\\/#\\\/schema\\\/logo\\\/image\\\/\"}}]}<\/script>\n<!-- \/ Yoast SEO plugin. -->","yoast_head_json":{"title":"Par uz\u0146\u0113mumu - Baltoil","description":"AS Baltoil ir uz\u0146\u0113mums, kur\u0161 str\u0101d\u0101 daudzpus\u012bg\u0101 m\u0101rketinga un ra\u017eo\u0161anasjom\u0101. Past\u0101v\u012bgi mekl\u0113jam jaunus partnerus, lai izgatavotu private label produktus.","robots":{"index":"index","follow":"follow","max-snippet":"max-snippet:-1","max-image-preview":"max-image-preview:large","max-video-preview":"max-video-preview:-1"},"canonical":"https:\/\/baltoil.ee\/lv\/uznemums\/","og_locale":"lv_LV","og_type":"article","og_title":"Par uz\u0146\u0113mumu - Baltoil","og_description":"AS Baltoil ir uz\u0146\u0113mums, kur\u0161 str\u0101d\u0101 daudzpus\u012bg\u0101 m\u0101rketinga un ra\u017eo\u0161anasjom\u0101. Past\u0101v\u012bgi mekl\u0113jam jaunus partnerus, lai izgatavotu private label produktus.","og_url":"https:\/\/baltoil.ee\/lv\/uznemums\/","og_site_name":"Baltoil","article_modified_time":"2020-06-26T06:59:26+00:00","twitter_card":"summary_large_image","schema":{"@context":"https:\/\/schema.org","@graph":[{"@type":"WebPage","@id":"https:\/\/baltoil.ee\/lv\/uznemums\/","url":"https:\/\/baltoil.ee\/lv\/uznemums\/","name":"Par uz\u0146\u0113mumu - Baltoil","isPartOf":{"@id":"https:\/\/baltoil.ee\/#website"},"datePublished":"2019-05-07T11:43:55+00:00","dateModified":"2020-06-26T06:59:26+00:00","description":"AS Baltoil ir uz\u0146\u0113mums, kur\u0161 str\u0101d\u0101 daudzpus\u012bg\u0101 m\u0101rketinga un ra\u017eo\u0161anasjom\u0101. Past\u0101v\u012bgi mekl\u0113jam jaunus partnerus, lai izgatavotu private label produktus.","breadcrumb":{"@id":"https:\/\/baltoil.ee\/lv\/uznemums\/#breadcrumb"},"inLanguage":"lv-LV","potentialAction":[{"@type":"ReadAction","target":["https:\/\/baltoil.ee\/lv\/uznemums\/"]}]},{"@type":"BreadcrumbList","@id":"https:\/\/baltoil.ee\/lv\/uznemums\/#breadcrumb","itemListElement":[{"@type":"ListItem","position":1,"name":"Home","item":"https:\/\/baltoil.ee\/lv\/"},{"@type":"ListItem","position":2,"name":"Par uz\u0146\u0113mumu"}]},{"@type":"WebSite","@id":"https:\/\/baltoil.ee\/#website","url":"https:\/\/baltoil.ee\/","name":"Baltoil","description":"","publisher":{"@id":"https:\/\/baltoil.ee\/#organization"},"potentialAction":[{"@type":"SearchAction","target":{"@type":"EntryPoint","urlTemplate":"https:\/\/baltoil.ee\/?s={search_term_string}"},"query-input":{"@type":"PropertyValueSpecification","valueRequired":true,"valueName":"search_term_string"}}],"inLanguage":"lv-LV"},{"@type":"Organization","@id":"https:\/\/baltoil.ee\/#organization","name":"AS Baltoil","url":"https:\/\/baltoil.ee\/","logo":{"@type":"ImageObject","inLanguage":"lv-LV","@id":"https:\/\/baltoil.ee\/#\/schema\/logo\/image\/","url":"https:\/\/baltoil.ee\/wp-content\/uploads\/2020\/04\/baltoil_logo.svg","contentUrl":"https:\/\/baltoil.ee\/wp-content\/uploads\/2020\/04\/baltoil_logo.svg","width":1,"height":1,"caption":"AS Baltoil"},"image":{"@id":"https:\/\/baltoil.ee\/#\/schema\/logo\/image\/"}}]}},"_links":{"self":[{"href":"https:\/\/baltoil.ee\/lv\/wp-json\/wp\/v2\/pages\/2108","targetHints":{"allow":["GET"]}}],"collection":[{"href":"https:\/\/baltoil.ee\/lv\/wp-json\/wp\/v2\/pages"}],"about":[{"href":"https:\/\/baltoil.ee\/lv\/wp-json\/wp\/v2\/types\/page"}],"author":[{"embeddable":true,"href":"https:\/\/baltoil.ee\/lv\/wp-json\/wp\/v2\/users\/1"}],"replies":[{"embeddable":true,"href":"https:\/\/baltoil.ee\/lv\/wp-json\/wp\/v2\/comments?post=2108"}],"version-history":[{"count":7,"href":"https:\/\/baltoil.ee\/lv\/wp-json\/wp\/v2\/pages\/2108\/revisions"}],"predecessor-version":[{"id":2491,"href":"https:\/\/baltoil.ee\/lv\/wp-json\/wp\/v2\/pages\/2108\/revisions\/2491"}],"wp:attachment":[{"href":"https:\/\/baltoil.ee\/lv\/wp-json\/wp\/v2\/media?parent=2108"}],"curies":[{"name":"wp","href":"https:\/\/api.w.org\/{rel}","templated":true}]}}