{"id":945,"date":"2019-07-03T14:12:43","date_gmt":"2019-07-03T14:12:43","guid":{"rendered":"https:\/\/dev.baltoil.ee\/?post_type=product&#038;p=945"},"modified":"2026-01-28T13:17:31","modified_gmt":"2026-01-28T10:17:31","slug":"odour-eliminator","status":"publish","type":"product","link":"https:\/\/baltoil.ee\/lt\/toode\/odour-eliminator\/","title":{"rendered":"Odour Eliminator"},"content":{"rendered":"<input class=\"fooboxshare_post_id\" type=\"hidden\" value=\"945\"\/>","protected":false},"excerpt":{"rendered":"<p><strong><a href=\"https:\/\/www.autoglym.com\/odour-eliminator\" target=\"_blank\" rel=\"noopener noreferrer\"><img loading=\"lazy\" decoding=\"async\" class=\"alignright wp-image-579\" src=\"https:\/\/baltoil.ee\/wp-content\/uploads\/2019\/06\/autoglym-logo-150x150.png\" alt=\"\" width=\"75\" height=\"75\" srcset=\"https:\/\/baltoil.ee\/wp-content\/uploads\/2019\/06\/autoglym-logo-150x150.png 150w, https:\/\/baltoil.ee\/wp-content\/uploads\/2019\/06\/autoglym-logo-300x300.png 300w, https:\/\/baltoil.ee\/wp-content\/uploads\/2019\/06\/autoglym-logo-200x200.png 200w, https:\/\/baltoil.ee\/wp-content\/uploads\/2019\/06\/autoglym-logo-600x600.png 600w, https:\/\/baltoil.ee\/wp-content\/uploads\/2019\/06\/autoglym-logo-100x100.png 100w, https:\/\/baltoil.ee\/wp-content\/uploads\/2019\/06\/autoglym-logo.png 700w\" sizes=\"auto, (max-width: 75px) 100vw, 75px\" \/><\/a><\/strong><\/p>\n<p>ODOUR ELIMINATOR \u2013 Aktiivne ebameeldivate l\u00f5hnade eemaldaja.<br \/>\nErinevad \u00f5huv\u00e4rskendajad peidavad tihti ebameeldivad l\u00f5hnad, kuid need ei kao ning toodet on vaja korduvalt kasutada. Pikkaajaliste ebameeldivate l\u00f5hnade eemaldamiseks on vaja efektiivsemat vahendit. K\u00f5rgetasemeline l\u00f5hnade kontroll Autoglym Odour Eliminator tootes mitte ainult ei v\u00e4rskenda ega l\u00f5hnasta \u00f5hku vaid see ka eemaldab ebameeldivad l\u00f5hnad t\u00e4ielikult sinu autost. Odour Eliminator on t\u00f5hus sigaretisuitsust ja lemmikloomadest tingitud haisu ning mitmete muude h\u00e4irivate l\u00f5hnade vastu.<\/p>\n<p>Kasutusjuhend: Loksuta hoolikalt. Pritsi s\u00e4\u00e4stlikult mattidele ja tekstiilpindadele. Mitteimavatelt pindadelt p\u00fchi aine \u00e4ra niiske lapiga.<br \/>\nSobib h\u00e4sti kasutamiseks ka bussides, haagissuvilates, pakiautodes, veokites, paatides, kontoris ja kodus.<\/p>\n<p><a href=\"https:\/\/www.autoglym.com\/odour-eliminator\" target=\"_blank\" rel=\"noopener noreferrer\">Tootja koduleht<\/a><\/p>\n","protected":false},"featured_media":946,"template":"","meta":{"_acf_changed":false},"product_brand":[257],"product_cat":[45,143,46],"product_tag":[83,22,26],"class_list":{"0":"post-945","1":"product","2":"type-product","3":"status-publish","4":"has-post-thumbnail","6":"product_brand-autoglym","7":"product_cat-autoglym-retail","8":"product_cat-koik-tooted-autoglym","9":"product_cat-sisepesu-ja-hooldustooted","10":"product_tag-autoglym","11":"product_tag-autokeemia","12":"product_tag-pesuaine","14":"first","15":"instock","16":"shipping-taxable","17":"product-type-simple"},"acf":[],"yoast_head":"<!-- This site is optimized with the Yoast SEO plugin v27.3 - https:\/\/yoast.com\/product\/yoast-seo-wordpress\/ -->\n<title>Odour Eliminator - Autoglym professionaalne autokeemia- Baltoil<\/title>\n<meta name=\"description\" content=\"Aktiivne ebameeldivate l\u00f5hnade eemaldaja. Erinevad \u00f5huv\u00e4rskendajad peidavad tihti l\u00f5hnad, kuid need ei kao ning toodet on vaja korduvalt kasutada.\" \/>\n<meta name=\"robots\" content=\"index, follow, max-snippet:-1, max-image-preview:large, max-video-preview:-1\" \/>\n<link rel=\"canonical\" href=\"https:\/\/baltoil.ee\/toode\/odour-eliminator\/\" \/>\n<meta property=\"og:locale\" content=\"lt_LT\" \/>\n<meta property=\"og:type\" content=\"article\" \/>\n<meta property=\"og:title\" content=\"Odour Eliminator - Autoglym professionaalne autokeemia- Baltoil\" \/>\n<meta property=\"og:description\" content=\"Aktiivne ebameeldivate l\u00f5hnade eemaldaja. Erinevad \u00f5huv\u00e4rskendajad peidavad tihti l\u00f5hnad, kuid need ei kao ning toodet on vaja korduvalt kasutada.\" \/>\n<meta property=\"og:url\" content=\"https:\/\/baltoil.ee\/toode\/odour-eliminator\/\" \/>\n<meta property=\"og:site_name\" content=\"Baltoil\" \/>\n<meta property=\"article:modified_time\" content=\"2026-01-28T10:17:31+00:00\" \/>\n<meta property=\"og:image\" content=\"https:\/\/baltoil.ee\/wp-content\/uploads\/2019\/07\/odour_eliminator_website_canvas_150dpi_2.png\" \/>\n\t<meta property=\"og:image:width\" content=\"400\" \/>\n\t<meta property=\"og:image:height\" content=\"400\" \/>\n\t<meta property=\"og:image:type\" content=\"image\/png\" \/>\n<meta name=\"twitter:card\" content=\"summary_large_image\" \/>\n<script type=\"application\/ld+json\" class=\"yoast-schema-graph\">{\"@context\":\"https:\\\/\\\/schema.org\",\"@graph\":[{\"@type\":\"WebPage\",\"@id\":\"https:\\\/\\\/baltoil.ee\\\/toode\\\/odour-eliminator\\\/\",\"url\":\"https:\\\/\\\/baltoil.ee\\\/toode\\\/odour-eliminator\\\/\",\"name\":\"Odour Eliminator - Autoglym professionaalne autokeemia- Baltoil\",\"isPartOf\":{\"@id\":\"https:\\\/\\\/baltoil.ee\\\/#website\"},\"primaryImageOfPage\":{\"@id\":\"https:\\\/\\\/baltoil.ee\\\/toode\\\/odour-eliminator\\\/#primaryimage\"},\"image\":{\"@id\":\"https:\\\/\\\/baltoil.ee\\\/toode\\\/odour-eliminator\\\/#primaryimage\"},\"thumbnailUrl\":\"https:\\\/\\\/baltoil.ee\\\/wp-content\\\/uploads\\\/2019\\\/07\\\/odour_eliminator_website_canvas_150dpi_2.png\",\"datePublished\":\"2019-07-03T14:12:43+00:00\",\"dateModified\":\"2026-01-28T10:17:31+00:00\",\"description\":\"Aktiivne ebameeldivate l\u00f5hnade eemaldaja. Erinevad \u00f5huv\u00e4rskendajad peidavad tihti l\u00f5hnad, kuid need ei kao ning toodet on vaja korduvalt kasutada.\",\"breadcrumb\":{\"@id\":\"https:\\\/\\\/baltoil.ee\\\/toode\\\/odour-eliminator\\\/#breadcrumb\"},\"inLanguage\":\"lt-LT\",\"potentialAction\":[{\"@type\":\"ReadAction\",\"target\":[\"https:\\\/\\\/baltoil.ee\\\/toode\\\/odour-eliminator\\\/\"]}]},{\"@type\":\"ImageObject\",\"inLanguage\":\"lt-LT\",\"@id\":\"https:\\\/\\\/baltoil.ee\\\/toode\\\/odour-eliminator\\\/#primaryimage\",\"url\":\"https:\\\/\\\/baltoil.ee\\\/wp-content\\\/uploads\\\/2019\\\/07\\\/odour_eliminator_website_canvas_150dpi_2.png\",\"contentUrl\":\"https:\\\/\\\/baltoil.ee\\\/wp-content\\\/uploads\\\/2019\\\/07\\\/odour_eliminator_website_canvas_150dpi_2.png\",\"width\":400,\"height\":400},{\"@type\":\"BreadcrumbList\",\"@id\":\"https:\\\/\\\/baltoil.ee\\\/toode\\\/odour-eliminator\\\/#breadcrumb\",\"itemListElement\":[{\"@type\":\"ListItem\",\"position\":1,\"name\":\"Home\",\"item\":\"https:\\\/\\\/baltoil.ee\\\/lt\\\/\"},{\"@type\":\"ListItem\",\"position\":2,\"name\":\"Tooted\",\"item\":\"https:\\\/\\\/baltoil.ee\\\/tooted\\\/\"},{\"@type\":\"ListItem\",\"position\":3,\"name\":\"Odour Eliminator\"}]},{\"@type\":\"WebSite\",\"@id\":\"https:\\\/\\\/baltoil.ee\\\/#website\",\"url\":\"https:\\\/\\\/baltoil.ee\\\/\",\"name\":\"Baltoil\",\"description\":\"\",\"publisher\":{\"@id\":\"https:\\\/\\\/baltoil.ee\\\/#organization\"},\"potentialAction\":[{\"@type\":\"SearchAction\",\"target\":{\"@type\":\"EntryPoint\",\"urlTemplate\":\"https:\\\/\\\/baltoil.ee\\\/?s={search_term_string}\"},\"query-input\":{\"@type\":\"PropertyValueSpecification\",\"valueRequired\":true,\"valueName\":\"search_term_string\"}}],\"inLanguage\":\"lt-LT\"},{\"@type\":\"Organization\",\"@id\":\"https:\\\/\\\/baltoil.ee\\\/#organization\",\"name\":\"AS Baltoil\",\"url\":\"https:\\\/\\\/baltoil.ee\\\/\",\"logo\":{\"@type\":\"ImageObject\",\"inLanguage\":\"lt-LT\",\"@id\":\"https:\\\/\\\/baltoil.ee\\\/#\\\/schema\\\/logo\\\/image\\\/\",\"url\":\"https:\\\/\\\/baltoil.ee\\\/wp-content\\\/uploads\\\/2020\\\/04\\\/baltoil_logo.svg\",\"contentUrl\":\"https:\\\/\\\/baltoil.ee\\\/wp-content\\\/uploads\\\/2020\\\/04\\\/baltoil_logo.svg\",\"width\":1,\"height\":1,\"caption\":\"AS Baltoil\"},\"image\":{\"@id\":\"https:\\\/\\\/baltoil.ee\\\/#\\\/schema\\\/logo\\\/image\\\/\"}}]}<\/script>\n<!-- \/ Yoast SEO plugin. -->","yoast_head_json":{"title":"Odour Eliminator - Autoglym professionaalne autokeemia- Baltoil","description":"Aktiivne ebameeldivate l\u00f5hnade eemaldaja. Erinevad \u00f5huv\u00e4rskendajad peidavad tihti l\u00f5hnad, kuid need ei kao ning toodet on vaja korduvalt kasutada.","robots":{"index":"index","follow":"follow","max-snippet":"max-snippet:-1","max-image-preview":"max-image-preview:large","max-video-preview":"max-video-preview:-1"},"canonical":"https:\/\/baltoil.ee\/toode\/odour-eliminator\/","og_locale":"lt_LT","og_type":"article","og_title":"Odour Eliminator - Autoglym professionaalne autokeemia- Baltoil","og_description":"Aktiivne ebameeldivate l\u00f5hnade eemaldaja. Erinevad \u00f5huv\u00e4rskendajad peidavad tihti l\u00f5hnad, kuid need ei kao ning toodet on vaja korduvalt kasutada.","og_url":"https:\/\/baltoil.ee\/toode\/odour-eliminator\/","og_site_name":"Baltoil","article_modified_time":"2026-01-28T10:17:31+00:00","og_image":[{"width":400,"height":400,"url":"https:\/\/baltoil.ee\/wp-content\/uploads\/2019\/07\/odour_eliminator_website_canvas_150dpi_2.png","type":"image\/png"}],"twitter_card":"summary_large_image","schema":{"@context":"https:\/\/schema.org","@graph":[{"@type":"WebPage","@id":"https:\/\/baltoil.ee\/toode\/odour-eliminator\/","url":"https:\/\/baltoil.ee\/toode\/odour-eliminator\/","name":"Odour Eliminator - Autoglym professionaalne autokeemia- Baltoil","isPartOf":{"@id":"https:\/\/baltoil.ee\/#website"},"primaryImageOfPage":{"@id":"https:\/\/baltoil.ee\/toode\/odour-eliminator\/#primaryimage"},"image":{"@id":"https:\/\/baltoil.ee\/toode\/odour-eliminator\/#primaryimage"},"thumbnailUrl":"https:\/\/baltoil.ee\/wp-content\/uploads\/2019\/07\/odour_eliminator_website_canvas_150dpi_2.png","datePublished":"2019-07-03T14:12:43+00:00","dateModified":"2026-01-28T10:17:31+00:00","description":"Aktiivne ebameeldivate l\u00f5hnade eemaldaja. Erinevad \u00f5huv\u00e4rskendajad peidavad tihti l\u00f5hnad, kuid need ei kao ning toodet on vaja korduvalt kasutada.","breadcrumb":{"@id":"https:\/\/baltoil.ee\/toode\/odour-eliminator\/#breadcrumb"},"inLanguage":"lt-LT","potentialAction":[{"@type":"ReadAction","target":["https:\/\/baltoil.ee\/toode\/odour-eliminator\/"]}]},{"@type":"ImageObject","inLanguage":"lt-LT","@id":"https:\/\/baltoil.ee\/toode\/odour-eliminator\/#primaryimage","url":"https:\/\/baltoil.ee\/wp-content\/uploads\/2019\/07\/odour_eliminator_website_canvas_150dpi_2.png","contentUrl":"https:\/\/baltoil.ee\/wp-content\/uploads\/2019\/07\/odour_eliminator_website_canvas_150dpi_2.png","width":400,"height":400},{"@type":"BreadcrumbList","@id":"https:\/\/baltoil.ee\/toode\/odour-eliminator\/#breadcrumb","itemListElement":[{"@type":"ListItem","position":1,"name":"Home","item":"https:\/\/baltoil.ee\/lt\/"},{"@type":"ListItem","position":2,"name":"Tooted","item":"https:\/\/baltoil.ee\/tooted\/"},{"@type":"ListItem","position":3,"name":"Odour Eliminator"}]},{"@type":"WebSite","@id":"https:\/\/baltoil.ee\/#website","url":"https:\/\/baltoil.ee\/","name":"Baltoil","description":"","publisher":{"@id":"https:\/\/baltoil.ee\/#organization"},"potentialAction":[{"@type":"SearchAction","target":{"@type":"EntryPoint","urlTemplate":"https:\/\/baltoil.ee\/?s={search_term_string}"},"query-input":{"@type":"PropertyValueSpecification","valueRequired":true,"valueName":"search_term_string"}}],"inLanguage":"lt-LT"},{"@type":"Organization","@id":"https:\/\/baltoil.ee\/#organization","name":"AS Baltoil","url":"https:\/\/baltoil.ee\/","logo":{"@type":"ImageObject","inLanguage":"lt-LT","@id":"https:\/\/baltoil.ee\/#\/schema\/logo\/image\/","url":"https:\/\/baltoil.ee\/wp-content\/uploads\/2020\/04\/baltoil_logo.svg","contentUrl":"https:\/\/baltoil.ee\/wp-content\/uploads\/2020\/04\/baltoil_logo.svg","width":1,"height":1,"caption":"AS Baltoil"},"image":{"@id":"https:\/\/baltoil.ee\/#\/schema\/logo\/image\/"}}]}},"_links":{"self":[{"href":"https:\/\/baltoil.ee\/lt\/wp-json\/wp\/v2\/product\/945","targetHints":{"allow":["GET"]}}],"collection":[{"href":"https:\/\/baltoil.ee\/lt\/wp-json\/wp\/v2\/product"}],"about":[{"href":"https:\/\/baltoil.ee\/lt\/wp-json\/wp\/v2\/types\/product"}],"wp:featuredmedia":[{"embeddable":true,"href":"https:\/\/baltoil.ee\/lt\/wp-json\/wp\/v2\/media\/946"}],"wp:attachment":[{"href":"https:\/\/baltoil.ee\/lt\/wp-json\/wp\/v2\/media?parent=945"}],"wp:term":[{"taxonomy":"product_brand","embeddable":true,"href":"https:\/\/baltoil.ee\/lt\/wp-json\/wp\/v2\/product_brand?post=945"},{"taxonomy":"product_cat","embeddable":true,"href":"https:\/\/baltoil.ee\/lt\/wp-json\/wp\/v2\/product_cat?post=945"},{"taxonomy":"product_tag","embeddable":true,"href":"https:\/\/baltoil.ee\/lt\/wp-json\/wp\/v2\/product_tag?post=945"}],"curies":[{"name":"wp","href":"https:\/\/api.w.org\/{rel}","templated":true}]}}