{"id":929,"date":"2019-07-03T13:42:21","date_gmt":"2019-07-03T13:42:21","guid":{"rendered":"https:\/\/dev.baltoil.ee\/?post_type=product&#038;p=929"},"modified":"2026-01-28T13:17:31","modified_gmt":"2026-01-28T10:17:31","slug":"leather-care-balm","status":"publish","type":"product","link":"https:\/\/baltoil.ee\/lt\/toode\/leather-care-balm\/","title":{"rendered":"Leather Care Balm"},"content":{"rendered":"<input class=\"fooboxshare_post_id\" type=\"hidden\" value=\"929\"\/>","protected":false},"excerpt":{"rendered":"<p><strong><a href=\"https:\/\/www.autoglym.com\/leather-cleaner-balm\" target=\"_blank\" rel=\"noopener noreferrer\"><img loading=\"lazy\" decoding=\"async\" class=\"alignright wp-image-579\" src=\"https:\/\/baltoil.ee\/wp-content\/uploads\/2019\/06\/autoglym-logo-150x150.png\" alt=\"\" width=\"75\" height=\"75\" srcset=\"https:\/\/baltoil.ee\/wp-content\/uploads\/2019\/06\/autoglym-logo-150x150.png 150w, https:\/\/baltoil.ee\/wp-content\/uploads\/2019\/06\/autoglym-logo-300x300.png 300w, https:\/\/baltoil.ee\/wp-content\/uploads\/2019\/06\/autoglym-logo-200x200.png 200w, https:\/\/baltoil.ee\/wp-content\/uploads\/2019\/06\/autoglym-logo-600x600.png 600w, https:\/\/baltoil.ee\/wp-content\/uploads\/2019\/06\/autoglym-logo-100x100.png 100w, https:\/\/baltoil.ee\/wp-content\/uploads\/2019\/06\/autoglym-logo.png 700w\" sizes=\"auto, (max-width: 75px) 100vw, 75px\" \/><\/a><\/strong><\/p>\n<p>Nahk on ilus ja vastupidav kattematerjal. Aurustuvaid, kuid h\u00e4davajalike \u00f5lisid ja kaitseaineid tuleb aga asendada, et v\u00e4ltida nahaga k\u00f5venemist ja pragunemist ning s\u00e4ilitada vetruvust ja meeldiv pehmus. Leather Care Cream nahaemulsioon sisaldab looduslikke \u00f5lisid puhastatud, mis niisutavad ja puhastavad. Regulaarne kerge t\u00f6\u00f6tlemine taastab naha looduslikud omadused.<br \/>\nKASUTUSJUHEND: Eelnevaks puhastamiseks kasuta <a href=\"https:\/\/baltoil.ee\/toode\/leather-cleaner\/\">AG Leather Cleaner\u00b4it<\/a>. Loksuta purki hoolikalt enne kasutamist. Proovi ainet enne kasutada mitten\u00e4htaval kohal. Vala kreemi pehmele puuvilla kangale ja h\u00f5\u00f5ru kuni kreem imendub pinda. Lase m\u00f5juda m\u00f5ni minut ja poleeri puhta riidega. Sobib suurep\u00e4raselt paljudele naha t\u00fc\u00fcpidele v\u00f5i sortidele. Kasuta v\u00e4hemalt 2 x aastas.<\/p>\n<p><a href=\"https:\/\/www.autoglym.com\/products\/interior\/leather\/leather-cleaner-balm\" target=\"_blank\" rel=\"noopener noreferrer\">Tootja koduleht<\/a><\/p>\n","protected":false},"featured_media":939,"template":"","meta":{"_acf_changed":false},"product_brand":[257],"product_cat":[45,143,46],"product_tag":[83,22,26],"class_list":{"0":"post-929","1":"product","2":"type-product","3":"status-publish","4":"has-post-thumbnail","6":"product_brand-autoglym","7":"product_cat-autoglym-retail","8":"product_cat-koik-tooted-autoglym","9":"product_cat-sisepesu-ja-hooldustooted","10":"product_tag-autoglym","11":"product_tag-autokeemia","12":"product_tag-pesuaine","14":"first","15":"instock","16":"shipping-taxable","17":"product-type-simple"},"acf":[],"yoast_head":"<!-- This site is optimized with the Yoast SEO plugin v27.3 - https:\/\/yoast.com\/product\/yoast-seo-wordpress\/ -->\n<title>Leather Care Balm - Autoglym professionaalne autokeemia - Baltoil<\/title>\n<meta name=\"description\" content=\"Nahahooldus emulsioon sisaldab looduslikke \u00f5lisid puhastatud, mis niisutavad ja puhastavad. Regulaarne kerge t\u00f6\u00f6tlemine taastab naha looduslikud omadused.\" \/>\n<meta name=\"robots\" content=\"index, follow, max-snippet:-1, max-image-preview:large, max-video-preview:-1\" \/>\n<link rel=\"canonical\" href=\"https:\/\/baltoil.ee\/toode\/leather-care-balm\/\" \/>\n<meta property=\"og:locale\" content=\"lt_LT\" \/>\n<meta property=\"og:type\" content=\"article\" \/>\n<meta property=\"og:title\" content=\"Leather Care Balm - Autoglym professionaalne autokeemia - Baltoil\" \/>\n<meta property=\"og:description\" content=\"Nahahooldus emulsioon sisaldab looduslikke \u00f5lisid puhastatud, mis niisutavad ja puhastavad. Regulaarne kerge t\u00f6\u00f6tlemine taastab naha looduslikud omadused.\" \/>\n<meta property=\"og:url\" content=\"https:\/\/baltoil.ee\/toode\/leather-care-balm\/\" \/>\n<meta property=\"og:site_name\" content=\"Baltoil\" \/>\n<meta property=\"article:modified_time\" content=\"2026-01-28T10:17:31+00:00\" \/>\n<meta property=\"og:image\" content=\"https:\/\/baltoil.ee\/wp-content\/uploads\/2019\/07\/leather_care_balm_website_canvas_150dpi.png\" \/>\n\t<meta property=\"og:image:width\" content=\"400\" \/>\n\t<meta property=\"og:image:height\" content=\"400\" \/>\n\t<meta property=\"og:image:type\" content=\"image\/png\" \/>\n<meta name=\"twitter:card\" content=\"summary_large_image\" \/>\n<script type=\"application\/ld+json\" class=\"yoast-schema-graph\">{\"@context\":\"https:\\\/\\\/schema.org\",\"@graph\":[{\"@type\":\"WebPage\",\"@id\":\"https:\\\/\\\/baltoil.ee\\\/toode\\\/leather-care-balm\\\/\",\"url\":\"https:\\\/\\\/baltoil.ee\\\/toode\\\/leather-care-balm\\\/\",\"name\":\"Leather Care Balm - Autoglym professionaalne autokeemia - Baltoil\",\"isPartOf\":{\"@id\":\"https:\\\/\\\/baltoil.ee\\\/#website\"},\"primaryImageOfPage\":{\"@id\":\"https:\\\/\\\/baltoil.ee\\\/toode\\\/leather-care-balm\\\/#primaryimage\"},\"image\":{\"@id\":\"https:\\\/\\\/baltoil.ee\\\/toode\\\/leather-care-balm\\\/#primaryimage\"},\"thumbnailUrl\":\"https:\\\/\\\/baltoil.ee\\\/wp-content\\\/uploads\\\/2019\\\/07\\\/leather_care_balm_website_canvas_150dpi.png\",\"datePublished\":\"2019-07-03T13:42:21+00:00\",\"dateModified\":\"2026-01-28T10:17:31+00:00\",\"description\":\"Nahahooldus emulsioon sisaldab looduslikke \u00f5lisid puhastatud, mis niisutavad ja puhastavad. Regulaarne kerge t\u00f6\u00f6tlemine taastab naha looduslikud omadused.\",\"breadcrumb\":{\"@id\":\"https:\\\/\\\/baltoil.ee\\\/toode\\\/leather-care-balm\\\/#breadcrumb\"},\"inLanguage\":\"lt-LT\",\"potentialAction\":[{\"@type\":\"ReadAction\",\"target\":[\"https:\\\/\\\/baltoil.ee\\\/toode\\\/leather-care-balm\\\/\"]}]},{\"@type\":\"ImageObject\",\"inLanguage\":\"lt-LT\",\"@id\":\"https:\\\/\\\/baltoil.ee\\\/toode\\\/leather-care-balm\\\/#primaryimage\",\"url\":\"https:\\\/\\\/baltoil.ee\\\/wp-content\\\/uploads\\\/2019\\\/07\\\/leather_care_balm_website_canvas_150dpi.png\",\"contentUrl\":\"https:\\\/\\\/baltoil.ee\\\/wp-content\\\/uploads\\\/2019\\\/07\\\/leather_care_balm_website_canvas_150dpi.png\",\"width\":400,\"height\":400},{\"@type\":\"BreadcrumbList\",\"@id\":\"https:\\\/\\\/baltoil.ee\\\/toode\\\/leather-care-balm\\\/#breadcrumb\",\"itemListElement\":[{\"@type\":\"ListItem\",\"position\":1,\"name\":\"Home\",\"item\":\"https:\\\/\\\/baltoil.ee\\\/lt\\\/\"},{\"@type\":\"ListItem\",\"position\":2,\"name\":\"Tooted\",\"item\":\"https:\\\/\\\/baltoil.ee\\\/tooted\\\/\"},{\"@type\":\"ListItem\",\"position\":3,\"name\":\"Leather Care Balm\"}]},{\"@type\":\"WebSite\",\"@id\":\"https:\\\/\\\/baltoil.ee\\\/#website\",\"url\":\"https:\\\/\\\/baltoil.ee\\\/\",\"name\":\"Baltoil\",\"description\":\"\",\"publisher\":{\"@id\":\"https:\\\/\\\/baltoil.ee\\\/#organization\"},\"potentialAction\":[{\"@type\":\"SearchAction\",\"target\":{\"@type\":\"EntryPoint\",\"urlTemplate\":\"https:\\\/\\\/baltoil.ee\\\/?s={search_term_string}\"},\"query-input\":{\"@type\":\"PropertyValueSpecification\",\"valueRequired\":true,\"valueName\":\"search_term_string\"}}],\"inLanguage\":\"lt-LT\"},{\"@type\":\"Organization\",\"@id\":\"https:\\\/\\\/baltoil.ee\\\/#organization\",\"name\":\"AS Baltoil\",\"url\":\"https:\\\/\\\/baltoil.ee\\\/\",\"logo\":{\"@type\":\"ImageObject\",\"inLanguage\":\"lt-LT\",\"@id\":\"https:\\\/\\\/baltoil.ee\\\/#\\\/schema\\\/logo\\\/image\\\/\",\"url\":\"https:\\\/\\\/baltoil.ee\\\/wp-content\\\/uploads\\\/2020\\\/04\\\/baltoil_logo.svg\",\"contentUrl\":\"https:\\\/\\\/baltoil.ee\\\/wp-content\\\/uploads\\\/2020\\\/04\\\/baltoil_logo.svg\",\"width\":1,\"height\":1,\"caption\":\"AS Baltoil\"},\"image\":{\"@id\":\"https:\\\/\\\/baltoil.ee\\\/#\\\/schema\\\/logo\\\/image\\\/\"}}]}<\/script>\n<!-- \/ Yoast SEO plugin. -->","yoast_head_json":{"title":"Leather Care Balm - Autoglym professionaalne autokeemia - Baltoil","description":"Nahahooldus emulsioon sisaldab looduslikke \u00f5lisid puhastatud, mis niisutavad ja puhastavad. Regulaarne kerge t\u00f6\u00f6tlemine taastab naha looduslikud omadused.","robots":{"index":"index","follow":"follow","max-snippet":"max-snippet:-1","max-image-preview":"max-image-preview:large","max-video-preview":"max-video-preview:-1"},"canonical":"https:\/\/baltoil.ee\/toode\/leather-care-balm\/","og_locale":"lt_LT","og_type":"article","og_title":"Leather Care Balm - Autoglym professionaalne autokeemia - Baltoil","og_description":"Nahahooldus emulsioon sisaldab looduslikke \u00f5lisid puhastatud, mis niisutavad ja puhastavad. Regulaarne kerge t\u00f6\u00f6tlemine taastab naha looduslikud omadused.","og_url":"https:\/\/baltoil.ee\/toode\/leather-care-balm\/","og_site_name":"Baltoil","article_modified_time":"2026-01-28T10:17:31+00:00","og_image":[{"width":400,"height":400,"url":"https:\/\/baltoil.ee\/wp-content\/uploads\/2019\/07\/leather_care_balm_website_canvas_150dpi.png","type":"image\/png"}],"twitter_card":"summary_large_image","schema":{"@context":"https:\/\/schema.org","@graph":[{"@type":"WebPage","@id":"https:\/\/baltoil.ee\/toode\/leather-care-balm\/","url":"https:\/\/baltoil.ee\/toode\/leather-care-balm\/","name":"Leather Care Balm - Autoglym professionaalne autokeemia - Baltoil","isPartOf":{"@id":"https:\/\/baltoil.ee\/#website"},"primaryImageOfPage":{"@id":"https:\/\/baltoil.ee\/toode\/leather-care-balm\/#primaryimage"},"image":{"@id":"https:\/\/baltoil.ee\/toode\/leather-care-balm\/#primaryimage"},"thumbnailUrl":"https:\/\/baltoil.ee\/wp-content\/uploads\/2019\/07\/leather_care_balm_website_canvas_150dpi.png","datePublished":"2019-07-03T13:42:21+00:00","dateModified":"2026-01-28T10:17:31+00:00","description":"Nahahooldus emulsioon sisaldab looduslikke \u00f5lisid puhastatud, mis niisutavad ja puhastavad. Regulaarne kerge t\u00f6\u00f6tlemine taastab naha looduslikud omadused.","breadcrumb":{"@id":"https:\/\/baltoil.ee\/toode\/leather-care-balm\/#breadcrumb"},"inLanguage":"lt-LT","potentialAction":[{"@type":"ReadAction","target":["https:\/\/baltoil.ee\/toode\/leather-care-balm\/"]}]},{"@type":"ImageObject","inLanguage":"lt-LT","@id":"https:\/\/baltoil.ee\/toode\/leather-care-balm\/#primaryimage","url":"https:\/\/baltoil.ee\/wp-content\/uploads\/2019\/07\/leather_care_balm_website_canvas_150dpi.png","contentUrl":"https:\/\/baltoil.ee\/wp-content\/uploads\/2019\/07\/leather_care_balm_website_canvas_150dpi.png","width":400,"height":400},{"@type":"BreadcrumbList","@id":"https:\/\/baltoil.ee\/toode\/leather-care-balm\/#breadcrumb","itemListElement":[{"@type":"ListItem","position":1,"name":"Home","item":"https:\/\/baltoil.ee\/lt\/"},{"@type":"ListItem","position":2,"name":"Tooted","item":"https:\/\/baltoil.ee\/tooted\/"},{"@type":"ListItem","position":3,"name":"Leather Care Balm"}]},{"@type":"WebSite","@id":"https:\/\/baltoil.ee\/#website","url":"https:\/\/baltoil.ee\/","name":"Baltoil","description":"","publisher":{"@id":"https:\/\/baltoil.ee\/#organization"},"potentialAction":[{"@type":"SearchAction","target":{"@type":"EntryPoint","urlTemplate":"https:\/\/baltoil.ee\/?s={search_term_string}"},"query-input":{"@type":"PropertyValueSpecification","valueRequired":true,"valueName":"search_term_string"}}],"inLanguage":"lt-LT"},{"@type":"Organization","@id":"https:\/\/baltoil.ee\/#organization","name":"AS Baltoil","url":"https:\/\/baltoil.ee\/","logo":{"@type":"ImageObject","inLanguage":"lt-LT","@id":"https:\/\/baltoil.ee\/#\/schema\/logo\/image\/","url":"https:\/\/baltoil.ee\/wp-content\/uploads\/2020\/04\/baltoil_logo.svg","contentUrl":"https:\/\/baltoil.ee\/wp-content\/uploads\/2020\/04\/baltoil_logo.svg","width":1,"height":1,"caption":"AS Baltoil"},"image":{"@id":"https:\/\/baltoil.ee\/#\/schema\/logo\/image\/"}}]}},"_links":{"self":[{"href":"https:\/\/baltoil.ee\/lt\/wp-json\/wp\/v2\/product\/929","targetHints":{"allow":["GET"]}}],"collection":[{"href":"https:\/\/baltoil.ee\/lt\/wp-json\/wp\/v2\/product"}],"about":[{"href":"https:\/\/baltoil.ee\/lt\/wp-json\/wp\/v2\/types\/product"}],"wp:featuredmedia":[{"embeddable":true,"href":"https:\/\/baltoil.ee\/lt\/wp-json\/wp\/v2\/media\/939"}],"wp:attachment":[{"href":"https:\/\/baltoil.ee\/lt\/wp-json\/wp\/v2\/media?parent=929"}],"wp:term":[{"taxonomy":"product_brand","embeddable":true,"href":"https:\/\/baltoil.ee\/lt\/wp-json\/wp\/v2\/product_brand?post=929"},{"taxonomy":"product_cat","embeddable":true,"href":"https:\/\/baltoil.ee\/lt\/wp-json\/wp\/v2\/product_cat?post=929"},{"taxonomy":"product_tag","embeddable":true,"href":"https:\/\/baltoil.ee\/lt\/wp-json\/wp\/v2\/product_tag?post=929"}],"curies":[{"name":"wp","href":"https:\/\/api.w.org\/{rel}","templated":true}]}}