{"id":900,"date":"2019-07-03T12:14:18","date_gmt":"2019-07-03T12:14:18","guid":{"rendered":"https:\/\/dev.baltoil.ee\/?post_type=product&#038;p=900"},"modified":"2026-01-28T13:17:31","modified_gmt":"2026-01-28T10:17:31","slug":"de-icer","status":"publish","type":"product","link":"https:\/\/baltoil.ee\/lt\/toode\/de-icer\/","title":{"rendered":"De-Icer"},"content":{"rendered":"<input class=\"fooboxshare_post_id\" type=\"hidden\" value=\"900\"\/>","protected":false},"excerpt":{"rendered":"<p><strong><a href=\"https:\/\/www.autoglym.com\/de-icer\" target=\"_blank\" rel=\"noopener noreferrer\"><img loading=\"lazy\" decoding=\"async\" class=\"alignright wp-image-579\" src=\"https:\/\/baltoil.ee\/wp-content\/uploads\/2019\/06\/autoglym-logo-150x150.png\" alt=\"\" width=\"75\" height=\"75\" srcset=\"https:\/\/baltoil.ee\/wp-content\/uploads\/2019\/06\/autoglym-logo-150x150.png 150w, https:\/\/baltoil.ee\/wp-content\/uploads\/2019\/06\/autoglym-logo-300x300.png 300w, https:\/\/baltoil.ee\/wp-content\/uploads\/2019\/06\/autoglym-logo-200x200.png 200w, https:\/\/baltoil.ee\/wp-content\/uploads\/2019\/06\/autoglym-logo-600x600.png 600w, https:\/\/baltoil.ee\/wp-content\/uploads\/2019\/06\/autoglym-logo-100x100.png 100w, https:\/\/baltoil.ee\/wp-content\/uploads\/2019\/06\/autoglym-logo.png 700w\" sizes=\"auto, (max-width: 75px) 100vw, 75px\" \/><\/a><\/strong><\/p>\n<p>Tugev veevaba segu, mis sisaldab ainult lahustit ja antifriisi. Sulatab j\u00e4\u00e4 kiiresti akendelt ning lukkudest ja takistab uuesti j\u00e4\u00e4tumise. Ohutu v\u00e4rvitud pindadele, plastmassile, kummile ja metallile. T\u00fc\u00fctu akende kraapimine j\u00e4\u00e4b \u00e4ra. Sisaldab: Propaan-2-ooli 70-90%.<\/p>\n<p><a href=\"https:\/\/www.autoglym.com\/de-icer\" target=\"_blank\" rel=\"noopener noreferrer\">Tootja koduleht<\/a><\/p>\n","protected":false},"featured_media":901,"template":"","meta":{"_acf_changed":false},"product_brand":[257],"product_cat":[45,143,46,47],"product_tag":[83,22],"class_list":{"0":"post-900","1":"product","2":"type-product","3":"status-publish","4":"has-post-thumbnail","6":"product_brand-autoglym","7":"product_cat-autoglym-retail","8":"product_cat-koik-tooted-autoglym","9":"product_cat-sisepesu-ja-hooldustooted","10":"product_cat-valispesu-ja-hooldustooted","11":"product_tag-autoglym","12":"product_tag-autokeemia","14":"first","15":"instock","16":"shipping-taxable","17":"product-type-simple"},"acf":[],"yoast_head":"<!-- This site is optimized with the Yoast SEO plugin v27.3 - https:\/\/yoast.com\/product\/yoast-seo-wordpress\/ -->\n<title>De-Icer - J\u00e4\u00e4 eemaldaja - Autoglym professionaalne autokeemia - Baltoil<\/title>\n<meta name=\"description\" content=\"Veevaba kiiretoimeline j\u00e4\u00e4 eemaldaja. Lahustit ja antifriis. Sulatab j\u00e4\u00e4 kiiresti akendelt ning lukkudest ja takistab uuesti j\u00e4\u00e4tumise. Ohutu v\u00e4rvitud pindadele, plastmassile, kummile ja metallile. T\u00fc\u00fctu akende kraapimine j\u00e4\u00e4b \u00e4ra.\" \/>\n<meta name=\"robots\" content=\"index, follow, max-snippet:-1, max-image-preview:large, max-video-preview:-1\" \/>\n<link rel=\"canonical\" href=\"https:\/\/baltoil.ee\/toode\/de-icer\/\" \/>\n<meta property=\"og:locale\" content=\"lt_LT\" \/>\n<meta property=\"og:type\" content=\"article\" \/>\n<meta property=\"og:title\" content=\"De-Icer - J\u00e4\u00e4 eemaldaja - Autoglym professionaalne autokeemia - Baltoil\" \/>\n<meta property=\"og:description\" content=\"Veevaba kiiretoimeline j\u00e4\u00e4 eemaldaja. Lahustit ja antifriis. Sulatab j\u00e4\u00e4 kiiresti akendelt ning lukkudest ja takistab uuesti j\u00e4\u00e4tumise. Ohutu v\u00e4rvitud pindadele, plastmassile, kummile ja metallile. T\u00fc\u00fctu akende kraapimine j\u00e4\u00e4b \u00e4ra.\" \/>\n<meta property=\"og:url\" content=\"https:\/\/baltoil.ee\/toode\/de-icer\/\" \/>\n<meta property=\"og:site_name\" content=\"Baltoil\" \/>\n<meta property=\"article:modified_time\" content=\"2026-01-28T10:17:31+00:00\" \/>\n<meta property=\"og:image\" content=\"https:\/\/baltoil.ee\/wp-content\/uploads\/2019\/07\/de-icer_website_canvas_150dpi.png\" \/>\n\t<meta property=\"og:image:width\" content=\"400\" \/>\n\t<meta property=\"og:image:height\" content=\"400\" \/>\n\t<meta property=\"og:image:type\" content=\"image\/png\" \/>\n<meta name=\"twitter:card\" content=\"summary_large_image\" \/>\n<script type=\"application\/ld+json\" class=\"yoast-schema-graph\">{\"@context\":\"https:\\\/\\\/schema.org\",\"@graph\":[{\"@type\":\"WebPage\",\"@id\":\"https:\\\/\\\/baltoil.ee\\\/toode\\\/de-icer\\\/\",\"url\":\"https:\\\/\\\/baltoil.ee\\\/toode\\\/de-icer\\\/\",\"name\":\"De-Icer - J\u00e4\u00e4 eemaldaja - Autoglym professionaalne autokeemia - Baltoil\",\"isPartOf\":{\"@id\":\"https:\\\/\\\/baltoil.ee\\\/#website\"},\"primaryImageOfPage\":{\"@id\":\"https:\\\/\\\/baltoil.ee\\\/toode\\\/de-icer\\\/#primaryimage\"},\"image\":{\"@id\":\"https:\\\/\\\/baltoil.ee\\\/toode\\\/de-icer\\\/#primaryimage\"},\"thumbnailUrl\":\"https:\\\/\\\/baltoil.ee\\\/wp-content\\\/uploads\\\/2019\\\/07\\\/de-icer_website_canvas_150dpi.png\",\"datePublished\":\"2019-07-03T12:14:18+00:00\",\"dateModified\":\"2026-01-28T10:17:31+00:00\",\"description\":\"Veevaba kiiretoimeline j\u00e4\u00e4 eemaldaja. Lahustit ja antifriis. Sulatab j\u00e4\u00e4 kiiresti akendelt ning lukkudest ja takistab uuesti j\u00e4\u00e4tumise. Ohutu v\u00e4rvitud pindadele, plastmassile, kummile ja metallile. T\u00fc\u00fctu akende kraapimine j\u00e4\u00e4b \u00e4ra.\",\"breadcrumb\":{\"@id\":\"https:\\\/\\\/baltoil.ee\\\/toode\\\/de-icer\\\/#breadcrumb\"},\"inLanguage\":\"lt-LT\",\"potentialAction\":[{\"@type\":\"ReadAction\",\"target\":[\"https:\\\/\\\/baltoil.ee\\\/toode\\\/de-icer\\\/\"]}]},{\"@type\":\"ImageObject\",\"inLanguage\":\"lt-LT\",\"@id\":\"https:\\\/\\\/baltoil.ee\\\/toode\\\/de-icer\\\/#primaryimage\",\"url\":\"https:\\\/\\\/baltoil.ee\\\/wp-content\\\/uploads\\\/2019\\\/07\\\/de-icer_website_canvas_150dpi.png\",\"contentUrl\":\"https:\\\/\\\/baltoil.ee\\\/wp-content\\\/uploads\\\/2019\\\/07\\\/de-icer_website_canvas_150dpi.png\",\"width\":400,\"height\":400},{\"@type\":\"BreadcrumbList\",\"@id\":\"https:\\\/\\\/baltoil.ee\\\/toode\\\/de-icer\\\/#breadcrumb\",\"itemListElement\":[{\"@type\":\"ListItem\",\"position\":1,\"name\":\"Home\",\"item\":\"https:\\\/\\\/baltoil.ee\\\/lt\\\/\"},{\"@type\":\"ListItem\",\"position\":2,\"name\":\"Tooted\",\"item\":\"https:\\\/\\\/baltoil.ee\\\/tooted\\\/\"},{\"@type\":\"ListItem\",\"position\":3,\"name\":\"De-Icer\"}]},{\"@type\":\"WebSite\",\"@id\":\"https:\\\/\\\/baltoil.ee\\\/#website\",\"url\":\"https:\\\/\\\/baltoil.ee\\\/\",\"name\":\"Baltoil\",\"description\":\"\",\"publisher\":{\"@id\":\"https:\\\/\\\/baltoil.ee\\\/#organization\"},\"potentialAction\":[{\"@type\":\"SearchAction\",\"target\":{\"@type\":\"EntryPoint\",\"urlTemplate\":\"https:\\\/\\\/baltoil.ee\\\/?s={search_term_string}\"},\"query-input\":{\"@type\":\"PropertyValueSpecification\",\"valueRequired\":true,\"valueName\":\"search_term_string\"}}],\"inLanguage\":\"lt-LT\"},{\"@type\":\"Organization\",\"@id\":\"https:\\\/\\\/baltoil.ee\\\/#organization\",\"name\":\"AS Baltoil\",\"url\":\"https:\\\/\\\/baltoil.ee\\\/\",\"logo\":{\"@type\":\"ImageObject\",\"inLanguage\":\"lt-LT\",\"@id\":\"https:\\\/\\\/baltoil.ee\\\/#\\\/schema\\\/logo\\\/image\\\/\",\"url\":\"https:\\\/\\\/baltoil.ee\\\/wp-content\\\/uploads\\\/2020\\\/04\\\/baltoil_logo.svg\",\"contentUrl\":\"https:\\\/\\\/baltoil.ee\\\/wp-content\\\/uploads\\\/2020\\\/04\\\/baltoil_logo.svg\",\"width\":1,\"height\":1,\"caption\":\"AS Baltoil\"},\"image\":{\"@id\":\"https:\\\/\\\/baltoil.ee\\\/#\\\/schema\\\/logo\\\/image\\\/\"}}]}<\/script>\n<!-- \/ Yoast SEO plugin. -->","yoast_head_json":{"title":"De-Icer - J\u00e4\u00e4 eemaldaja - Autoglym professionaalne autokeemia - Baltoil","description":"Veevaba kiiretoimeline j\u00e4\u00e4 eemaldaja. Lahustit ja antifriis. Sulatab j\u00e4\u00e4 kiiresti akendelt ning lukkudest ja takistab uuesti j\u00e4\u00e4tumise. Ohutu v\u00e4rvitud pindadele, plastmassile, kummile ja metallile. T\u00fc\u00fctu akende kraapimine j\u00e4\u00e4b \u00e4ra.","robots":{"index":"index","follow":"follow","max-snippet":"max-snippet:-1","max-image-preview":"max-image-preview:large","max-video-preview":"max-video-preview:-1"},"canonical":"https:\/\/baltoil.ee\/toode\/de-icer\/","og_locale":"lt_LT","og_type":"article","og_title":"De-Icer - J\u00e4\u00e4 eemaldaja - Autoglym professionaalne autokeemia - Baltoil","og_description":"Veevaba kiiretoimeline j\u00e4\u00e4 eemaldaja. Lahustit ja antifriis. Sulatab j\u00e4\u00e4 kiiresti akendelt ning lukkudest ja takistab uuesti j\u00e4\u00e4tumise. Ohutu v\u00e4rvitud pindadele, plastmassile, kummile ja metallile. T\u00fc\u00fctu akende kraapimine j\u00e4\u00e4b \u00e4ra.","og_url":"https:\/\/baltoil.ee\/toode\/de-icer\/","og_site_name":"Baltoil","article_modified_time":"2026-01-28T10:17:31+00:00","og_image":[{"width":400,"height":400,"url":"https:\/\/baltoil.ee\/wp-content\/uploads\/2019\/07\/de-icer_website_canvas_150dpi.png","type":"image\/png"}],"twitter_card":"summary_large_image","schema":{"@context":"https:\/\/schema.org","@graph":[{"@type":"WebPage","@id":"https:\/\/baltoil.ee\/toode\/de-icer\/","url":"https:\/\/baltoil.ee\/toode\/de-icer\/","name":"De-Icer - J\u00e4\u00e4 eemaldaja - Autoglym professionaalne autokeemia - Baltoil","isPartOf":{"@id":"https:\/\/baltoil.ee\/#website"},"primaryImageOfPage":{"@id":"https:\/\/baltoil.ee\/toode\/de-icer\/#primaryimage"},"image":{"@id":"https:\/\/baltoil.ee\/toode\/de-icer\/#primaryimage"},"thumbnailUrl":"https:\/\/baltoil.ee\/wp-content\/uploads\/2019\/07\/de-icer_website_canvas_150dpi.png","datePublished":"2019-07-03T12:14:18+00:00","dateModified":"2026-01-28T10:17:31+00:00","description":"Veevaba kiiretoimeline j\u00e4\u00e4 eemaldaja. Lahustit ja antifriis. Sulatab j\u00e4\u00e4 kiiresti akendelt ning lukkudest ja takistab uuesti j\u00e4\u00e4tumise. Ohutu v\u00e4rvitud pindadele, plastmassile, kummile ja metallile. T\u00fc\u00fctu akende kraapimine j\u00e4\u00e4b \u00e4ra.","breadcrumb":{"@id":"https:\/\/baltoil.ee\/toode\/de-icer\/#breadcrumb"},"inLanguage":"lt-LT","potentialAction":[{"@type":"ReadAction","target":["https:\/\/baltoil.ee\/toode\/de-icer\/"]}]},{"@type":"ImageObject","inLanguage":"lt-LT","@id":"https:\/\/baltoil.ee\/toode\/de-icer\/#primaryimage","url":"https:\/\/baltoil.ee\/wp-content\/uploads\/2019\/07\/de-icer_website_canvas_150dpi.png","contentUrl":"https:\/\/baltoil.ee\/wp-content\/uploads\/2019\/07\/de-icer_website_canvas_150dpi.png","width":400,"height":400},{"@type":"BreadcrumbList","@id":"https:\/\/baltoil.ee\/toode\/de-icer\/#breadcrumb","itemListElement":[{"@type":"ListItem","position":1,"name":"Home","item":"https:\/\/baltoil.ee\/lt\/"},{"@type":"ListItem","position":2,"name":"Tooted","item":"https:\/\/baltoil.ee\/tooted\/"},{"@type":"ListItem","position":3,"name":"De-Icer"}]},{"@type":"WebSite","@id":"https:\/\/baltoil.ee\/#website","url":"https:\/\/baltoil.ee\/","name":"Baltoil","description":"","publisher":{"@id":"https:\/\/baltoil.ee\/#organization"},"potentialAction":[{"@type":"SearchAction","target":{"@type":"EntryPoint","urlTemplate":"https:\/\/baltoil.ee\/?s={search_term_string}"},"query-input":{"@type":"PropertyValueSpecification","valueRequired":true,"valueName":"search_term_string"}}],"inLanguage":"lt-LT"},{"@type":"Organization","@id":"https:\/\/baltoil.ee\/#organization","name":"AS Baltoil","url":"https:\/\/baltoil.ee\/","logo":{"@type":"ImageObject","inLanguage":"lt-LT","@id":"https:\/\/baltoil.ee\/#\/schema\/logo\/image\/","url":"https:\/\/baltoil.ee\/wp-content\/uploads\/2020\/04\/baltoil_logo.svg","contentUrl":"https:\/\/baltoil.ee\/wp-content\/uploads\/2020\/04\/baltoil_logo.svg","width":1,"height":1,"caption":"AS Baltoil"},"image":{"@id":"https:\/\/baltoil.ee\/#\/schema\/logo\/image\/"}}]}},"_links":{"self":[{"href":"https:\/\/baltoil.ee\/lt\/wp-json\/wp\/v2\/product\/900","targetHints":{"allow":["GET"]}}],"collection":[{"href":"https:\/\/baltoil.ee\/lt\/wp-json\/wp\/v2\/product"}],"about":[{"href":"https:\/\/baltoil.ee\/lt\/wp-json\/wp\/v2\/types\/product"}],"wp:featuredmedia":[{"embeddable":true,"href":"https:\/\/baltoil.ee\/lt\/wp-json\/wp\/v2\/media\/901"}],"wp:attachment":[{"href":"https:\/\/baltoil.ee\/lt\/wp-json\/wp\/v2\/media?parent=900"}],"wp:term":[{"taxonomy":"product_brand","embeddable":true,"href":"https:\/\/baltoil.ee\/lt\/wp-json\/wp\/v2\/product_brand?post=900"},{"taxonomy":"product_cat","embeddable":true,"href":"https:\/\/baltoil.ee\/lt\/wp-json\/wp\/v2\/product_cat?post=900"},{"taxonomy":"product_tag","embeddable":true,"href":"https:\/\/baltoil.ee\/lt\/wp-json\/wp\/v2\/product_tag?post=900"}],"curies":[{"name":"wp","href":"https:\/\/api.w.org\/{rel}","templated":true}]}}