{"id":881,"date":"2019-07-03T06:35:15","date_gmt":"2019-07-03T06:35:15","guid":{"rendered":"https:\/\/dev.baltoil.ee\/?post_type=product&#038;p=881"},"modified":"2019-11-19T12:23:37","modified_gmt":"2019-11-19T12:23:37","slug":"euro-akuvesi","status":"publish","type":"product","link":"https:\/\/baltoil.ee\/lt\/toode\/euro-akuvesi\/","title":{"rendered":"Euro Akuvesi"},"content":{"rendered":"<input class=\"fooboxshare_post_id\" type=\"hidden\" value=\"881\"\/>","protected":false},"excerpt":{"rendered":"<p>Akuvesi on deioniseeritud vesi, mis sobib kasutamiseks k\u00f5igis destilleeritud vett n\u00f5udvates kohtades nagu akud, aurutriikrauad, aurulokitangid, jahutusseadmed, \u00f5huniisutajad jne. Akuvesi on valmistatud Silex II B meetodil. Vee elektrijuhtivust m\u00f5\u00f5detakse mikrosiimensites (\u03bcs\/cm). Mida v\u00e4iksem on vee elektrijuhtivus, seda puhtam on vesi.<\/p>\n<p>V\u00f5rdlus:<\/p>\n<ul>\n<li>Kraanivesi 500-700 \u03bcs\/cm<\/li>\n<li>Destilleeritud vesi 7-20 \u03bcs\/cm<\/li>\n<li>Silex II B puhastatud vesi 0,1 \u03bcs\/cm<\/li>\n<\/ul>\n<p>Joogiks k\u00f5lbmatu!<\/p>\n","protected":false},"featured_media":1876,"template":"","meta":{"_acf_changed":false},"product_brand":[],"product_cat":[23,18,140,82],"product_tag":[22,20],"class_list":{"0":"post-881","1":"product","2":"type-product","3":"status-publish","4":"has-post-thumbnail","6":"product_cat-euro-autokeemia","7":"product_cat-euro-product","8":"product_cat-koik-tooted-autokeemia","9":"product_cat-muud","10":"product_tag-autokeemia","11":"product_tag-euro","13":"first","14":"instock","15":"shipping-taxable","16":"product-type-simple"},"acf":[],"yoast_head":"<!-- This site is optimized with the Yoast SEO plugin v27.3 - https:\/\/yoast.com\/product\/yoast-seo-wordpress\/ -->\n<title>Euro Akuvesi - Deioniseeritud vesi - Euro Product - Baltoil<\/title>\n<meta name=\"description\" content=\"Akuvesi on deioniseeritud vesi. Kasutamiseks k\u00f5igis destilleeritud vett n\u00f5udvates kohtades nagu akud, triikrauad, jahutusseadmed, \u00f5huniisutajad jne.\" \/>\n<meta name=\"robots\" content=\"index, follow, max-snippet:-1, max-image-preview:large, max-video-preview:-1\" \/>\n<link rel=\"canonical\" href=\"https:\/\/baltoil.ee\/toode\/euro-akuvesi\/\" \/>\n<meta property=\"og:locale\" content=\"lt_LT\" \/>\n<meta property=\"og:type\" content=\"article\" \/>\n<meta property=\"og:title\" content=\"Euro Akuvesi - Deioniseeritud vesi - Euro Product - Baltoil\" \/>\n<meta property=\"og:description\" content=\"Akuvesi on deioniseeritud vesi. Kasutamiseks k\u00f5igis destilleeritud vett n\u00f5udvates kohtades nagu akud, triikrauad, jahutusseadmed, \u00f5huniisutajad jne.\" \/>\n<meta property=\"og:url\" content=\"https:\/\/baltoil.ee\/toode\/euro-akuvesi\/\" \/>\n<meta property=\"og:site_name\" content=\"Baltoil\" \/>\n<meta property=\"article:modified_time\" content=\"2019-11-19T12:23:37+00:00\" \/>\n<meta property=\"og:image\" content=\"https:\/\/baltoil.ee\/wp-content\/uploads\/2019\/07\/Euro-akuvesi-15l-731x1024.png\" \/>\n\t<meta property=\"og:image:width\" content=\"731\" \/>\n\t<meta property=\"og:image:height\" content=\"1024\" \/>\n\t<meta property=\"og:image:type\" content=\"image\/png\" \/>\n<meta name=\"twitter:card\" content=\"summary_large_image\" \/>\n<script type=\"application\/ld+json\" class=\"yoast-schema-graph\">{\"@context\":\"https:\\\/\\\/schema.org\",\"@graph\":[{\"@type\":\"WebPage\",\"@id\":\"https:\\\/\\\/baltoil.ee\\\/toode\\\/euro-akuvesi\\\/\",\"url\":\"https:\\\/\\\/baltoil.ee\\\/toode\\\/euro-akuvesi\\\/\",\"name\":\"Euro Akuvesi - Deioniseeritud vesi - Euro Product - Baltoil\",\"isPartOf\":{\"@id\":\"https:\\\/\\\/baltoil.ee\\\/#website\"},\"primaryImageOfPage\":{\"@id\":\"https:\\\/\\\/baltoil.ee\\\/toode\\\/euro-akuvesi\\\/#primaryimage\"},\"image\":{\"@id\":\"https:\\\/\\\/baltoil.ee\\\/toode\\\/euro-akuvesi\\\/#primaryimage\"},\"thumbnailUrl\":\"https:\\\/\\\/baltoil.ee\\\/wp-content\\\/uploads\\\/2019\\\/07\\\/Euro-akuvesi-15l-1500x1067.png\",\"datePublished\":\"2019-07-03T06:35:15+00:00\",\"dateModified\":\"2019-11-19T12:23:37+00:00\",\"description\":\"Akuvesi on deioniseeritud vesi. Kasutamiseks k\u00f5igis destilleeritud vett n\u00f5udvates kohtades nagu akud, triikrauad, jahutusseadmed, \u00f5huniisutajad jne.\",\"breadcrumb\":{\"@id\":\"https:\\\/\\\/baltoil.ee\\\/toode\\\/euro-akuvesi\\\/#breadcrumb\"},\"inLanguage\":\"lt-LT\",\"potentialAction\":[{\"@type\":\"ReadAction\",\"target\":[\"https:\\\/\\\/baltoil.ee\\\/toode\\\/euro-akuvesi\\\/\"]}]},{\"@type\":\"ImageObject\",\"inLanguage\":\"lt-LT\",\"@id\":\"https:\\\/\\\/baltoil.ee\\\/toode\\\/euro-akuvesi\\\/#primaryimage\",\"url\":\"https:\\\/\\\/baltoil.ee\\\/wp-content\\\/uploads\\\/2019\\\/07\\\/Euro-akuvesi-15l-1500x1067.png\",\"contentUrl\":\"https:\\\/\\\/baltoil.ee\\\/wp-content\\\/uploads\\\/2019\\\/07\\\/Euro-akuvesi-15l-1500x1067.png\",\"width\":1500,\"height\":2100},{\"@type\":\"BreadcrumbList\",\"@id\":\"https:\\\/\\\/baltoil.ee\\\/toode\\\/euro-akuvesi\\\/#breadcrumb\",\"itemListElement\":[{\"@type\":\"ListItem\",\"position\":1,\"name\":\"Home\",\"item\":\"https:\\\/\\\/baltoil.ee\\\/lt\\\/\"},{\"@type\":\"ListItem\",\"position\":2,\"name\":\"Tooted\",\"item\":\"https:\\\/\\\/baltoil.ee\\\/tooted\\\/\"},{\"@type\":\"ListItem\",\"position\":3,\"name\":\"Euro Akuvesi\"}]},{\"@type\":\"WebSite\",\"@id\":\"https:\\\/\\\/baltoil.ee\\\/#website\",\"url\":\"https:\\\/\\\/baltoil.ee\\\/\",\"name\":\"Baltoil\",\"description\":\"\",\"publisher\":{\"@id\":\"https:\\\/\\\/baltoil.ee\\\/#organization\"},\"potentialAction\":[{\"@type\":\"SearchAction\",\"target\":{\"@type\":\"EntryPoint\",\"urlTemplate\":\"https:\\\/\\\/baltoil.ee\\\/?s={search_term_string}\"},\"query-input\":{\"@type\":\"PropertyValueSpecification\",\"valueRequired\":true,\"valueName\":\"search_term_string\"}}],\"inLanguage\":\"lt-LT\"},{\"@type\":\"Organization\",\"@id\":\"https:\\\/\\\/baltoil.ee\\\/#organization\",\"name\":\"AS Baltoil\",\"url\":\"https:\\\/\\\/baltoil.ee\\\/\",\"logo\":{\"@type\":\"ImageObject\",\"inLanguage\":\"lt-LT\",\"@id\":\"https:\\\/\\\/baltoil.ee\\\/#\\\/schema\\\/logo\\\/image\\\/\",\"url\":\"https:\\\/\\\/baltoil.ee\\\/wp-content\\\/uploads\\\/2020\\\/04\\\/baltoil_logo.svg\",\"contentUrl\":\"https:\\\/\\\/baltoil.ee\\\/wp-content\\\/uploads\\\/2020\\\/04\\\/baltoil_logo.svg\",\"width\":1,\"height\":1,\"caption\":\"AS Baltoil\"},\"image\":{\"@id\":\"https:\\\/\\\/baltoil.ee\\\/#\\\/schema\\\/logo\\\/image\\\/\"}}]}<\/script>\n<!-- \/ Yoast SEO plugin. -->","yoast_head_json":{"title":"Euro Akuvesi - Deioniseeritud vesi - Euro Product - Baltoil","description":"Akuvesi on deioniseeritud vesi. Kasutamiseks k\u00f5igis destilleeritud vett n\u00f5udvates kohtades nagu akud, triikrauad, jahutusseadmed, \u00f5huniisutajad jne.","robots":{"index":"index","follow":"follow","max-snippet":"max-snippet:-1","max-image-preview":"max-image-preview:large","max-video-preview":"max-video-preview:-1"},"canonical":"https:\/\/baltoil.ee\/toode\/euro-akuvesi\/","og_locale":"lt_LT","og_type":"article","og_title":"Euro Akuvesi - Deioniseeritud vesi - Euro Product - Baltoil","og_description":"Akuvesi on deioniseeritud vesi. Kasutamiseks k\u00f5igis destilleeritud vett n\u00f5udvates kohtades nagu akud, triikrauad, jahutusseadmed, \u00f5huniisutajad jne.","og_url":"https:\/\/baltoil.ee\/toode\/euro-akuvesi\/","og_site_name":"Baltoil","article_modified_time":"2019-11-19T12:23:37+00:00","og_image":[{"width":731,"height":1024,"url":"https:\/\/baltoil.ee\/wp-content\/uploads\/2019\/07\/Euro-akuvesi-15l-731x1024.png","type":"image\/png"}],"twitter_card":"summary_large_image","schema":{"@context":"https:\/\/schema.org","@graph":[{"@type":"WebPage","@id":"https:\/\/baltoil.ee\/toode\/euro-akuvesi\/","url":"https:\/\/baltoil.ee\/toode\/euro-akuvesi\/","name":"Euro Akuvesi - Deioniseeritud vesi - Euro Product - Baltoil","isPartOf":{"@id":"https:\/\/baltoil.ee\/#website"},"primaryImageOfPage":{"@id":"https:\/\/baltoil.ee\/toode\/euro-akuvesi\/#primaryimage"},"image":{"@id":"https:\/\/baltoil.ee\/toode\/euro-akuvesi\/#primaryimage"},"thumbnailUrl":"https:\/\/baltoil.ee\/wp-content\/uploads\/2019\/07\/Euro-akuvesi-15l-1500x1067.png","datePublished":"2019-07-03T06:35:15+00:00","dateModified":"2019-11-19T12:23:37+00:00","description":"Akuvesi on deioniseeritud vesi. Kasutamiseks k\u00f5igis destilleeritud vett n\u00f5udvates kohtades nagu akud, triikrauad, jahutusseadmed, \u00f5huniisutajad jne.","breadcrumb":{"@id":"https:\/\/baltoil.ee\/toode\/euro-akuvesi\/#breadcrumb"},"inLanguage":"lt-LT","potentialAction":[{"@type":"ReadAction","target":["https:\/\/baltoil.ee\/toode\/euro-akuvesi\/"]}]},{"@type":"ImageObject","inLanguage":"lt-LT","@id":"https:\/\/baltoil.ee\/toode\/euro-akuvesi\/#primaryimage","url":"https:\/\/baltoil.ee\/wp-content\/uploads\/2019\/07\/Euro-akuvesi-15l-1500x1067.png","contentUrl":"https:\/\/baltoil.ee\/wp-content\/uploads\/2019\/07\/Euro-akuvesi-15l-1500x1067.png","width":1500,"height":2100},{"@type":"BreadcrumbList","@id":"https:\/\/baltoil.ee\/toode\/euro-akuvesi\/#breadcrumb","itemListElement":[{"@type":"ListItem","position":1,"name":"Home","item":"https:\/\/baltoil.ee\/lt\/"},{"@type":"ListItem","position":2,"name":"Tooted","item":"https:\/\/baltoil.ee\/tooted\/"},{"@type":"ListItem","position":3,"name":"Euro Akuvesi"}]},{"@type":"WebSite","@id":"https:\/\/baltoil.ee\/#website","url":"https:\/\/baltoil.ee\/","name":"Baltoil","description":"","publisher":{"@id":"https:\/\/baltoil.ee\/#organization"},"potentialAction":[{"@type":"SearchAction","target":{"@type":"EntryPoint","urlTemplate":"https:\/\/baltoil.ee\/?s={search_term_string}"},"query-input":{"@type":"PropertyValueSpecification","valueRequired":true,"valueName":"search_term_string"}}],"inLanguage":"lt-LT"},{"@type":"Organization","@id":"https:\/\/baltoil.ee\/#organization","name":"AS Baltoil","url":"https:\/\/baltoil.ee\/","logo":{"@type":"ImageObject","inLanguage":"lt-LT","@id":"https:\/\/baltoil.ee\/#\/schema\/logo\/image\/","url":"https:\/\/baltoil.ee\/wp-content\/uploads\/2020\/04\/baltoil_logo.svg","contentUrl":"https:\/\/baltoil.ee\/wp-content\/uploads\/2020\/04\/baltoil_logo.svg","width":1,"height":1,"caption":"AS Baltoil"},"image":{"@id":"https:\/\/baltoil.ee\/#\/schema\/logo\/image\/"}}]}},"_links":{"self":[{"href":"https:\/\/baltoil.ee\/lt\/wp-json\/wp\/v2\/product\/881","targetHints":{"allow":["GET"]}}],"collection":[{"href":"https:\/\/baltoil.ee\/lt\/wp-json\/wp\/v2\/product"}],"about":[{"href":"https:\/\/baltoil.ee\/lt\/wp-json\/wp\/v2\/types\/product"}],"wp:featuredmedia":[{"embeddable":true,"href":"https:\/\/baltoil.ee\/lt\/wp-json\/wp\/v2\/media\/1876"}],"wp:attachment":[{"href":"https:\/\/baltoil.ee\/lt\/wp-json\/wp\/v2\/media?parent=881"}],"wp:term":[{"taxonomy":"product_brand","embeddable":true,"href":"https:\/\/baltoil.ee\/lt\/wp-json\/wp\/v2\/product_brand?post=881"},{"taxonomy":"product_cat","embeddable":true,"href":"https:\/\/baltoil.ee\/lt\/wp-json\/wp\/v2\/product_cat?post=881"},{"taxonomy":"product_tag","embeddable":true,"href":"https:\/\/baltoil.ee\/lt\/wp-json\/wp\/v2\/product_tag?post=881"}],"curies":[{"name":"wp","href":"https:\/\/api.w.org\/{rel}","templated":true}]}}