{"id":692,"date":"2019-06-05T13:24:42","date_gmt":"2019-06-05T13:24:42","guid":{"rendered":"https:\/\/dev.baltoil.ee\/?post_type=product&#038;p=692"},"modified":"2026-01-28T13:15:55","modified_gmt":"2026-01-28T10:15:55","slug":"bodywork-shampoo-conditioner","status":"publish","type":"product","link":"https:\/\/baltoil.ee\/lt\/toode\/bodywork-shampoo-conditioner\/","title":{"rendered":"Bodywork Shampoo Conditioner"},"content":{"rendered":"<input class=\"fooboxshare_post_id\" type=\"hidden\" value=\"692\"\/>","protected":false},"excerpt":{"rendered":"<p><strong><a href=\"https:\/\/www.autoglym.com\/bodywork-shampoo-conditioner\" target=\"_blank\" rel=\"noopener noreferrer\"><img loading=\"lazy\" decoding=\"async\" class=\"alignright wp-image-579\" src=\"https:\/\/baltoil.ee\/wp-content\/uploads\/2019\/06\/autoglym-logo-150x150.png\" alt=\"\" width=\"75\" height=\"75\" srcset=\"https:\/\/baltoil.ee\/wp-content\/uploads\/2019\/06\/autoglym-logo-150x150.png 150w, https:\/\/baltoil.ee\/wp-content\/uploads\/2019\/06\/autoglym-logo-300x300.png 300w, https:\/\/baltoil.ee\/wp-content\/uploads\/2019\/06\/autoglym-logo-200x200.png 200w, https:\/\/baltoil.ee\/wp-content\/uploads\/2019\/06\/autoglym-logo-600x600.png 600w, https:\/\/baltoil.ee\/wp-content\/uploads\/2019\/06\/autoglym-logo-100x100.png 100w, https:\/\/baltoil.ee\/wp-content\/uploads\/2019\/06\/autoglym-logo.png 700w\" sizes=\"auto, (max-width: 75px) 100vw, 75px\" \/><\/a><\/strong><\/p>\n<p><strong>Vaha\u0161hampoon.<\/strong><\/p>\n<p>\u0160ampooni kontsentraat mustuse eemaldamiseks, mis ei kahjusta vaha pinda ega muid osi. Lisaained moodustavad l\u00e4ikiva ja vett h\u00fclgava pinna, mis kaitseb poleeritud pinda kui need on t\u00f6\u00f6deldud Autoglym\u00b4i <a href=\"https:\/\/baltoil.ee\/toode\/super-resin-polish\/\">Super Resin Polish<\/a> v\u00f5i <a href=\"https:\/\/baltoil.ee\/toode\/extra-gloss-protection\/\">Extra Gloss Protection<\/a> vahaga. Loksuta \u00a0tugevalt enne kasutamist. \u00c4ra lase pinnal kuivada enne loputamist.<\/p>\n<p><a href=\"https:\/\/www.autoglym.com\/bodywork-shampoo-conditioner\" target=\"_blank\" rel=\"noopener noreferrer\">Tootja koduleht<\/a><\/p>\n","protected":false},"featured_media":693,"template":"","meta":{"_acf_changed":false},"product_brand":[257],"product_cat":[45,143,48,47],"product_tag":[83,22,26,29],"class_list":{"0":"post-692","1":"product","2":"type-product","3":"status-publish","4":"has-post-thumbnail","6":"product_brand-autoglym","7":"product_cat-autoglym-retail","8":"product_cat-koik-tooted-autoglym","9":"product_cat-vahad","10":"product_cat-valispesu-ja-hooldustooted","11":"product_tag-autoglym","12":"product_tag-autokeemia","13":"product_tag-pesuaine","14":"product_tag-vaha","16":"first","17":"instock","18":"shipping-taxable","19":"product-type-simple"},"acf":[],"yoast_head":"<!-- This site is optimized with the Yoast SEO plugin v27.3 - https:\/\/yoast.com\/product\/yoast-seo-wordpress\/ -->\n<title>Bodywork Shampoo Conditioner - Vaha\u0161hampoon - Autoglym autokeemia - Baltoil<\/title>\n<meta name=\"description\" content=\"Vaha\u0161hampoon kontsentraat mustuse eemaldamiseks, mis ei kahjusta vaha pinda ega muid osi. Lisaained moodustavad l\u00e4ikiva ja vett h\u00fclgava pinna.\" \/>\n<meta name=\"robots\" content=\"index, follow, max-snippet:-1, max-image-preview:large, max-video-preview:-1\" \/>\n<link rel=\"canonical\" href=\"https:\/\/baltoil.ee\/toode\/bodywork-shampoo-conditioner\/\" \/>\n<meta property=\"og:locale\" content=\"lt_LT\" \/>\n<meta property=\"og:type\" content=\"article\" \/>\n<meta property=\"og:title\" content=\"Bodywork Shampoo Conditioner - Vaha\u0161hampoon - Autoglym autokeemia - Baltoil\" \/>\n<meta property=\"og:description\" content=\"Vaha\u0161hampoon kontsentraat mustuse eemaldamiseks, mis ei kahjusta vaha pinda ega muid osi. Lisaained moodustavad l\u00e4ikiva ja vett h\u00fclgava pinna.\" \/>\n<meta property=\"og:url\" content=\"https:\/\/baltoil.ee\/toode\/bodywork-shampoo-conditioner\/\" \/>\n<meta property=\"og:site_name\" content=\"Baltoil\" \/>\n<meta property=\"article:modified_time\" content=\"2026-01-28T10:15:55+00:00\" \/>\n<meta property=\"og:image\" content=\"https:\/\/baltoil.ee\/wp-content\/uploads\/2019\/06\/bodywork_shampoo_conditioner_base_1l-min_1.png\" \/>\n\t<meta property=\"og:image:width\" content=\"560\" \/>\n\t<meta property=\"og:image:height\" content=\"560\" \/>\n\t<meta property=\"og:image:type\" content=\"image\/png\" \/>\n<meta name=\"twitter:card\" content=\"summary_large_image\" \/>\n<meta name=\"twitter:label1\" content=\"Est. reading time\" \/>\n\t<meta name=\"twitter:data1\" content=\"1 minut\u0117\" \/>\n<script type=\"application\/ld+json\" class=\"yoast-schema-graph\">{\"@context\":\"https:\\\/\\\/schema.org\",\"@graph\":[{\"@type\":\"WebPage\",\"@id\":\"https:\\\/\\\/baltoil.ee\\\/toode\\\/bodywork-shampoo-conditioner\\\/\",\"url\":\"https:\\\/\\\/baltoil.ee\\\/toode\\\/bodywork-shampoo-conditioner\\\/\",\"name\":\"Bodywork Shampoo Conditioner - Vaha\u0161hampoon - Autoglym autokeemia - Baltoil\",\"isPartOf\":{\"@id\":\"https:\\\/\\\/baltoil.ee\\\/#website\"},\"primaryImageOfPage\":{\"@id\":\"https:\\\/\\\/baltoil.ee\\\/toode\\\/bodywork-shampoo-conditioner\\\/#primaryimage\"},\"image\":{\"@id\":\"https:\\\/\\\/baltoil.ee\\\/toode\\\/bodywork-shampoo-conditioner\\\/#primaryimage\"},\"thumbnailUrl\":\"https:\\\/\\\/baltoil.ee\\\/wp-content\\\/uploads\\\/2019\\\/06\\\/bodywork_shampoo_conditioner_base_1l-min_1.png\",\"datePublished\":\"2019-06-05T13:24:42+00:00\",\"dateModified\":\"2026-01-28T10:15:55+00:00\",\"description\":\"Vaha\u0161hampoon kontsentraat mustuse eemaldamiseks, mis ei kahjusta vaha pinda ega muid osi. Lisaained moodustavad l\u00e4ikiva ja vett h\u00fclgava pinna.\",\"breadcrumb\":{\"@id\":\"https:\\\/\\\/baltoil.ee\\\/toode\\\/bodywork-shampoo-conditioner\\\/#breadcrumb\"},\"inLanguage\":\"lt-LT\",\"potentialAction\":[{\"@type\":\"ReadAction\",\"target\":[\"https:\\\/\\\/baltoil.ee\\\/toode\\\/bodywork-shampoo-conditioner\\\/\"]}]},{\"@type\":\"ImageObject\",\"inLanguage\":\"lt-LT\",\"@id\":\"https:\\\/\\\/baltoil.ee\\\/toode\\\/bodywork-shampoo-conditioner\\\/#primaryimage\",\"url\":\"https:\\\/\\\/baltoil.ee\\\/wp-content\\\/uploads\\\/2019\\\/06\\\/bodywork_shampoo_conditioner_base_1l-min_1.png\",\"contentUrl\":\"https:\\\/\\\/baltoil.ee\\\/wp-content\\\/uploads\\\/2019\\\/06\\\/bodywork_shampoo_conditioner_base_1l-min_1.png\",\"width\":560,\"height\":560},{\"@type\":\"BreadcrumbList\",\"@id\":\"https:\\\/\\\/baltoil.ee\\\/toode\\\/bodywork-shampoo-conditioner\\\/#breadcrumb\",\"itemListElement\":[{\"@type\":\"ListItem\",\"position\":1,\"name\":\"Home\",\"item\":\"https:\\\/\\\/baltoil.ee\\\/lt\\\/\"},{\"@type\":\"ListItem\",\"position\":2,\"name\":\"Tooted\",\"item\":\"https:\\\/\\\/baltoil.ee\\\/tooted\\\/\"},{\"@type\":\"ListItem\",\"position\":3,\"name\":\"Bodywork Shampoo Conditioner\"}]},{\"@type\":\"WebSite\",\"@id\":\"https:\\\/\\\/baltoil.ee\\\/#website\",\"url\":\"https:\\\/\\\/baltoil.ee\\\/\",\"name\":\"Baltoil\",\"description\":\"\",\"publisher\":{\"@id\":\"https:\\\/\\\/baltoil.ee\\\/#organization\"},\"potentialAction\":[{\"@type\":\"SearchAction\",\"target\":{\"@type\":\"EntryPoint\",\"urlTemplate\":\"https:\\\/\\\/baltoil.ee\\\/?s={search_term_string}\"},\"query-input\":{\"@type\":\"PropertyValueSpecification\",\"valueRequired\":true,\"valueName\":\"search_term_string\"}}],\"inLanguage\":\"lt-LT\"},{\"@type\":\"Organization\",\"@id\":\"https:\\\/\\\/baltoil.ee\\\/#organization\",\"name\":\"AS Baltoil\",\"url\":\"https:\\\/\\\/baltoil.ee\\\/\",\"logo\":{\"@type\":\"ImageObject\",\"inLanguage\":\"lt-LT\",\"@id\":\"https:\\\/\\\/baltoil.ee\\\/#\\\/schema\\\/logo\\\/image\\\/\",\"url\":\"https:\\\/\\\/baltoil.ee\\\/wp-content\\\/uploads\\\/2020\\\/04\\\/baltoil_logo.svg\",\"contentUrl\":\"https:\\\/\\\/baltoil.ee\\\/wp-content\\\/uploads\\\/2020\\\/04\\\/baltoil_logo.svg\",\"width\":1,\"height\":1,\"caption\":\"AS Baltoil\"},\"image\":{\"@id\":\"https:\\\/\\\/baltoil.ee\\\/#\\\/schema\\\/logo\\\/image\\\/\"}}]}<\/script>\n<!-- \/ Yoast SEO plugin. -->","yoast_head_json":{"title":"Bodywork Shampoo Conditioner - Vaha\u0161hampoon - Autoglym autokeemia - Baltoil","description":"Vaha\u0161hampoon kontsentraat mustuse eemaldamiseks, mis ei kahjusta vaha pinda ega muid osi. Lisaained moodustavad l\u00e4ikiva ja vett h\u00fclgava pinna.","robots":{"index":"index","follow":"follow","max-snippet":"max-snippet:-1","max-image-preview":"max-image-preview:large","max-video-preview":"max-video-preview:-1"},"canonical":"https:\/\/baltoil.ee\/toode\/bodywork-shampoo-conditioner\/","og_locale":"lt_LT","og_type":"article","og_title":"Bodywork Shampoo Conditioner - Vaha\u0161hampoon - Autoglym autokeemia - Baltoil","og_description":"Vaha\u0161hampoon kontsentraat mustuse eemaldamiseks, mis ei kahjusta vaha pinda ega muid osi. Lisaained moodustavad l\u00e4ikiva ja vett h\u00fclgava pinna.","og_url":"https:\/\/baltoil.ee\/toode\/bodywork-shampoo-conditioner\/","og_site_name":"Baltoil","article_modified_time":"2026-01-28T10:15:55+00:00","og_image":[{"width":560,"height":560,"url":"https:\/\/baltoil.ee\/wp-content\/uploads\/2019\/06\/bodywork_shampoo_conditioner_base_1l-min_1.png","type":"image\/png"}],"twitter_card":"summary_large_image","twitter_misc":{"Est. reading time":"1 minut\u0117"},"schema":{"@context":"https:\/\/schema.org","@graph":[{"@type":"WebPage","@id":"https:\/\/baltoil.ee\/toode\/bodywork-shampoo-conditioner\/","url":"https:\/\/baltoil.ee\/toode\/bodywork-shampoo-conditioner\/","name":"Bodywork Shampoo Conditioner - Vaha\u0161hampoon - Autoglym autokeemia - Baltoil","isPartOf":{"@id":"https:\/\/baltoil.ee\/#website"},"primaryImageOfPage":{"@id":"https:\/\/baltoil.ee\/toode\/bodywork-shampoo-conditioner\/#primaryimage"},"image":{"@id":"https:\/\/baltoil.ee\/toode\/bodywork-shampoo-conditioner\/#primaryimage"},"thumbnailUrl":"https:\/\/baltoil.ee\/wp-content\/uploads\/2019\/06\/bodywork_shampoo_conditioner_base_1l-min_1.png","datePublished":"2019-06-05T13:24:42+00:00","dateModified":"2026-01-28T10:15:55+00:00","description":"Vaha\u0161hampoon kontsentraat mustuse eemaldamiseks, mis ei kahjusta vaha pinda ega muid osi. Lisaained moodustavad l\u00e4ikiva ja vett h\u00fclgava pinna.","breadcrumb":{"@id":"https:\/\/baltoil.ee\/toode\/bodywork-shampoo-conditioner\/#breadcrumb"},"inLanguage":"lt-LT","potentialAction":[{"@type":"ReadAction","target":["https:\/\/baltoil.ee\/toode\/bodywork-shampoo-conditioner\/"]}]},{"@type":"ImageObject","inLanguage":"lt-LT","@id":"https:\/\/baltoil.ee\/toode\/bodywork-shampoo-conditioner\/#primaryimage","url":"https:\/\/baltoil.ee\/wp-content\/uploads\/2019\/06\/bodywork_shampoo_conditioner_base_1l-min_1.png","contentUrl":"https:\/\/baltoil.ee\/wp-content\/uploads\/2019\/06\/bodywork_shampoo_conditioner_base_1l-min_1.png","width":560,"height":560},{"@type":"BreadcrumbList","@id":"https:\/\/baltoil.ee\/toode\/bodywork-shampoo-conditioner\/#breadcrumb","itemListElement":[{"@type":"ListItem","position":1,"name":"Home","item":"https:\/\/baltoil.ee\/lt\/"},{"@type":"ListItem","position":2,"name":"Tooted","item":"https:\/\/baltoil.ee\/tooted\/"},{"@type":"ListItem","position":3,"name":"Bodywork Shampoo Conditioner"}]},{"@type":"WebSite","@id":"https:\/\/baltoil.ee\/#website","url":"https:\/\/baltoil.ee\/","name":"Baltoil","description":"","publisher":{"@id":"https:\/\/baltoil.ee\/#organization"},"potentialAction":[{"@type":"SearchAction","target":{"@type":"EntryPoint","urlTemplate":"https:\/\/baltoil.ee\/?s={search_term_string}"},"query-input":{"@type":"PropertyValueSpecification","valueRequired":true,"valueName":"search_term_string"}}],"inLanguage":"lt-LT"},{"@type":"Organization","@id":"https:\/\/baltoil.ee\/#organization","name":"AS Baltoil","url":"https:\/\/baltoil.ee\/","logo":{"@type":"ImageObject","inLanguage":"lt-LT","@id":"https:\/\/baltoil.ee\/#\/schema\/logo\/image\/","url":"https:\/\/baltoil.ee\/wp-content\/uploads\/2020\/04\/baltoil_logo.svg","contentUrl":"https:\/\/baltoil.ee\/wp-content\/uploads\/2020\/04\/baltoil_logo.svg","width":1,"height":1,"caption":"AS Baltoil"},"image":{"@id":"https:\/\/baltoil.ee\/#\/schema\/logo\/image\/"}}]}},"_links":{"self":[{"href":"https:\/\/baltoil.ee\/lt\/wp-json\/wp\/v2\/product\/692","targetHints":{"allow":["GET"]}}],"collection":[{"href":"https:\/\/baltoil.ee\/lt\/wp-json\/wp\/v2\/product"}],"about":[{"href":"https:\/\/baltoil.ee\/lt\/wp-json\/wp\/v2\/types\/product"}],"wp:featuredmedia":[{"embeddable":true,"href":"https:\/\/baltoil.ee\/lt\/wp-json\/wp\/v2\/media\/693"}],"wp:attachment":[{"href":"https:\/\/baltoil.ee\/lt\/wp-json\/wp\/v2\/media?parent=692"}],"wp:term":[{"taxonomy":"product_brand","embeddable":true,"href":"https:\/\/baltoil.ee\/lt\/wp-json\/wp\/v2\/product_brand?post=692"},{"taxonomy":"product_cat","embeddable":true,"href":"https:\/\/baltoil.ee\/lt\/wp-json\/wp\/v2\/product_cat?post=692"},{"taxonomy":"product_tag","embeddable":true,"href":"https:\/\/baltoil.ee\/lt\/wp-json\/wp\/v2\/product_tag?post=692"}],"curies":[{"name":"wp","href":"https:\/\/api.w.org\/{rel}","templated":true}]}}