{"id":677,"date":"2019-06-05T13:13:09","date_gmt":"2019-06-05T13:13:09","guid":{"rendered":"https:\/\/dev.baltoil.ee\/?post_type=product&#038;p=677"},"modified":"2026-01-28T13:17:31","modified_gmt":"2026-01-28T10:17:31","slug":"rapid-aqua-wax-complete-kit","status":"publish","type":"product","link":"https:\/\/baltoil.ee\/lt\/toode\/rapid-aqua-wax-complete-kit\/","title":{"rendered":"Rapid Aqua Wax Complete Kit"},"content":{"rendered":"<input class=\"fooboxshare_post_id\" type=\"hidden\" value=\"677\"\/>","protected":false},"excerpt":{"rendered":"<p><strong><a href=\"https:\/\/www.autoglym.com\/rapid-aqua-wax-complete-kit\" target=\"_blank\" rel=\"noopener noreferrer\"><img loading=\"lazy\" decoding=\"async\" class=\"alignright wp-image-579\" src=\"https:\/\/baltoil.ee\/wp-content\/uploads\/2019\/06\/autoglym-logo-150x150.png\" alt=\"\" width=\"75\" height=\"75\" srcset=\"https:\/\/baltoil.ee\/wp-content\/uploads\/2019\/06\/autoglym-logo-150x150.png 150w, https:\/\/baltoil.ee\/wp-content\/uploads\/2019\/06\/autoglym-logo-300x300.png 300w, https:\/\/baltoil.ee\/wp-content\/uploads\/2019\/06\/autoglym-logo-200x200.png 200w, https:\/\/baltoil.ee\/wp-content\/uploads\/2019\/06\/autoglym-logo-600x600.png 600w, https:\/\/baltoil.ee\/wp-content\/uploads\/2019\/06\/autoglym-logo-100x100.png 100w, https:\/\/baltoil.ee\/wp-content\/uploads\/2019\/06\/autoglym-logo.png 700w\" sizes=\"auto, (max-width: 75px) 100vw, 75px\" \/><\/a><\/strong><\/p>\n<p><strong>Vaha m\u00e4rjale pinnale, k\u00f5va vaha tulemus.<\/strong><\/p>\n<p>Spetsiaalselt v\u00e4lja t\u00f6\u00f6datud andmaks t\u00e4iusliku viimistluse k\u00f5ikidele v\u00e4lispindadele kui s\u00f5iduk on m\u00e4rg peale pesu.<\/p>\n<p><strong> Kasutusjuhend: <\/strong><\/p>\n<p>Peske auto Autoglym Shampoo\u00b4ga. Raputage pudelit hoolikalt. Pihustage Agua Wax-i k\u00f5igile v\u00e4lispindadele peale tuuleklaasi. Kandke AquaWax mikrokiud riidega \u00fchtlaselt kogu pinnale. Kui riie saab peale kandmisel m\u00e4rjaks siis v\u00e4\u00e4nake seda vahel kuivaks. Kui\u00a0Aqua Wax on peale kantud ja auto on kuiv, siis kasutage teist mikrokiud riiet poleerimiseks.<\/p>\n<p>Aqua\u00a0Wax on v\u00e4ga vastupidav. Siiski tuleb s\u00f5iduk uuesti \u00fcle t\u00f6\u00f6delda kui pinnad enam ei h\u00fclga mustust v\u00f5i soovite v\u00e4limust parendada. Sobib ideaalselt ka vagunelamutele, veokitele, mootorratastele, lennukitele, paatidele, klaaskiud- ja kroompindadele.<\/p>\n<p><a href=\"https:\/\/www.autoglym.com\/rapid-aqua-wax-complete-kit\" target=\"_blank\" rel=\"noopener noreferrer\">Tootja koduleht<\/a><\/p>\n","protected":false},"featured_media":690,"template":"","meta":{"_acf_changed":false},"product_brand":[257],"product_cat":[45,143,48,47],"product_tag":[83,22,29],"class_list":{"0":"post-677","1":"product","2":"type-product","3":"status-publish","4":"has-post-thumbnail","6":"product_brand-autoglym","7":"product_cat-autoglym-retail","8":"product_cat-koik-tooted-autoglym","9":"product_cat-vahad","10":"product_cat-valispesu-ja-hooldustooted","11":"product_tag-autoglym","12":"product_tag-autokeemia","13":"product_tag-vaha","15":"first","16":"instock","17":"shipping-taxable","18":"product-type-simple"},"acf":[],"yoast_head":"<!-- This site is optimized with the Yoast SEO plugin v27.3 - https:\/\/yoast.com\/product\/yoast-seo-wordpress\/ -->\n<title>Rapid Aqua Wax Complete Kit - Vaha komplekt - Autoglym autokeemia<\/title>\n<meta name=\"description\" content=\"Vaha m\u00e4rjale pinnale, k\u00f5va vaha tulemus. Spetsiaalselt v\u00e4lja t\u00f6\u00f6datud andmaks t\u00e4iusliku viimistluse k\u00f5ikidele v\u00e4lispindadele kui s\u00f5iduk on m\u00e4rg peale pesu.\" \/>\n<meta name=\"robots\" content=\"index, follow, max-snippet:-1, max-image-preview:large, max-video-preview:-1\" \/>\n<link rel=\"canonical\" href=\"https:\/\/baltoil.ee\/toode\/rapid-aqua-wax-complete-kit\/\" \/>\n<meta property=\"og:locale\" content=\"lt_LT\" \/>\n<meta property=\"og:type\" content=\"article\" \/>\n<meta property=\"og:title\" content=\"Rapid Aqua Wax Complete Kit - Vaha komplekt - Autoglym autokeemia\" \/>\n<meta property=\"og:description\" content=\"Vaha m\u00e4rjale pinnale, k\u00f5va vaha tulemus. Spetsiaalselt v\u00e4lja t\u00f6\u00f6datud andmaks t\u00e4iusliku viimistluse k\u00f5ikidele v\u00e4lispindadele kui s\u00f5iduk on m\u00e4rg peale pesu.\" \/>\n<meta property=\"og:url\" content=\"https:\/\/baltoil.ee\/toode\/rapid-aqua-wax-complete-kit\/\" \/>\n<meta property=\"og:site_name\" content=\"Baltoil\" \/>\n<meta property=\"article:modified_time\" content=\"2026-01-28T10:17:31+00:00\" \/>\n<meta property=\"og:image\" content=\"https:\/\/baltoil.ee\/wp-content\/uploads\/2019\/06\/rapid_aqua_wax_kit_website_canvas_150dpi.png\" \/>\n\t<meta property=\"og:image:width\" content=\"400\" \/>\n\t<meta property=\"og:image:height\" content=\"400\" \/>\n\t<meta property=\"og:image:type\" content=\"image\/png\" \/>\n<meta name=\"twitter:card\" content=\"summary_large_image\" \/>\n<script type=\"application\/ld+json\" class=\"yoast-schema-graph\">{\"@context\":\"https:\\\/\\\/schema.org\",\"@graph\":[{\"@type\":\"WebPage\",\"@id\":\"https:\\\/\\\/baltoil.ee\\\/toode\\\/rapid-aqua-wax-complete-kit\\\/\",\"url\":\"https:\\\/\\\/baltoil.ee\\\/toode\\\/rapid-aqua-wax-complete-kit\\\/\",\"name\":\"Rapid Aqua Wax Complete Kit - Vaha komplekt - Autoglym autokeemia\",\"isPartOf\":{\"@id\":\"https:\\\/\\\/baltoil.ee\\\/#website\"},\"primaryImageOfPage\":{\"@id\":\"https:\\\/\\\/baltoil.ee\\\/toode\\\/rapid-aqua-wax-complete-kit\\\/#primaryimage\"},\"image\":{\"@id\":\"https:\\\/\\\/baltoil.ee\\\/toode\\\/rapid-aqua-wax-complete-kit\\\/#primaryimage\"},\"thumbnailUrl\":\"https:\\\/\\\/baltoil.ee\\\/wp-content\\\/uploads\\\/2019\\\/06\\\/rapid_aqua_wax_kit_website_canvas_150dpi.png\",\"datePublished\":\"2019-06-05T13:13:09+00:00\",\"dateModified\":\"2026-01-28T10:17:31+00:00\",\"description\":\"Vaha m\u00e4rjale pinnale, k\u00f5va vaha tulemus. Spetsiaalselt v\u00e4lja t\u00f6\u00f6datud andmaks t\u00e4iusliku viimistluse k\u00f5ikidele v\u00e4lispindadele kui s\u00f5iduk on m\u00e4rg peale pesu.\",\"breadcrumb\":{\"@id\":\"https:\\\/\\\/baltoil.ee\\\/toode\\\/rapid-aqua-wax-complete-kit\\\/#breadcrumb\"},\"inLanguage\":\"lt-LT\",\"potentialAction\":[{\"@type\":\"ReadAction\",\"target\":[\"https:\\\/\\\/baltoil.ee\\\/toode\\\/rapid-aqua-wax-complete-kit\\\/\"]}]},{\"@type\":\"ImageObject\",\"inLanguage\":\"lt-LT\",\"@id\":\"https:\\\/\\\/baltoil.ee\\\/toode\\\/rapid-aqua-wax-complete-kit\\\/#primaryimage\",\"url\":\"https:\\\/\\\/baltoil.ee\\\/wp-content\\\/uploads\\\/2019\\\/06\\\/rapid_aqua_wax_kit_website_canvas_150dpi.png\",\"contentUrl\":\"https:\\\/\\\/baltoil.ee\\\/wp-content\\\/uploads\\\/2019\\\/06\\\/rapid_aqua_wax_kit_website_canvas_150dpi.png\",\"width\":400,\"height\":400},{\"@type\":\"BreadcrumbList\",\"@id\":\"https:\\\/\\\/baltoil.ee\\\/toode\\\/rapid-aqua-wax-complete-kit\\\/#breadcrumb\",\"itemListElement\":[{\"@type\":\"ListItem\",\"position\":1,\"name\":\"Home\",\"item\":\"https:\\\/\\\/baltoil.ee\\\/lt\\\/\"},{\"@type\":\"ListItem\",\"position\":2,\"name\":\"Tooted\",\"item\":\"https:\\\/\\\/baltoil.ee\\\/tooted\\\/\"},{\"@type\":\"ListItem\",\"position\":3,\"name\":\"Rapid Aqua Wax Complete Kit\"}]},{\"@type\":\"WebSite\",\"@id\":\"https:\\\/\\\/baltoil.ee\\\/#website\",\"url\":\"https:\\\/\\\/baltoil.ee\\\/\",\"name\":\"Baltoil\",\"description\":\"\",\"publisher\":{\"@id\":\"https:\\\/\\\/baltoil.ee\\\/#organization\"},\"potentialAction\":[{\"@type\":\"SearchAction\",\"target\":{\"@type\":\"EntryPoint\",\"urlTemplate\":\"https:\\\/\\\/baltoil.ee\\\/?s={search_term_string}\"},\"query-input\":{\"@type\":\"PropertyValueSpecification\",\"valueRequired\":true,\"valueName\":\"search_term_string\"}}],\"inLanguage\":\"lt-LT\"},{\"@type\":\"Organization\",\"@id\":\"https:\\\/\\\/baltoil.ee\\\/#organization\",\"name\":\"AS Baltoil\",\"url\":\"https:\\\/\\\/baltoil.ee\\\/\",\"logo\":{\"@type\":\"ImageObject\",\"inLanguage\":\"lt-LT\",\"@id\":\"https:\\\/\\\/baltoil.ee\\\/#\\\/schema\\\/logo\\\/image\\\/\",\"url\":\"https:\\\/\\\/baltoil.ee\\\/wp-content\\\/uploads\\\/2020\\\/04\\\/baltoil_logo.svg\",\"contentUrl\":\"https:\\\/\\\/baltoil.ee\\\/wp-content\\\/uploads\\\/2020\\\/04\\\/baltoil_logo.svg\",\"width\":1,\"height\":1,\"caption\":\"AS Baltoil\"},\"image\":{\"@id\":\"https:\\\/\\\/baltoil.ee\\\/#\\\/schema\\\/logo\\\/image\\\/\"}}]}<\/script>\n<!-- \/ Yoast SEO plugin. -->","yoast_head_json":{"title":"Rapid Aqua Wax Complete Kit - Vaha komplekt - Autoglym autokeemia","description":"Vaha m\u00e4rjale pinnale, k\u00f5va vaha tulemus. Spetsiaalselt v\u00e4lja t\u00f6\u00f6datud andmaks t\u00e4iusliku viimistluse k\u00f5ikidele v\u00e4lispindadele kui s\u00f5iduk on m\u00e4rg peale pesu.","robots":{"index":"index","follow":"follow","max-snippet":"max-snippet:-1","max-image-preview":"max-image-preview:large","max-video-preview":"max-video-preview:-1"},"canonical":"https:\/\/baltoil.ee\/toode\/rapid-aqua-wax-complete-kit\/","og_locale":"lt_LT","og_type":"article","og_title":"Rapid Aqua Wax Complete Kit - Vaha komplekt - Autoglym autokeemia","og_description":"Vaha m\u00e4rjale pinnale, k\u00f5va vaha tulemus. Spetsiaalselt v\u00e4lja t\u00f6\u00f6datud andmaks t\u00e4iusliku viimistluse k\u00f5ikidele v\u00e4lispindadele kui s\u00f5iduk on m\u00e4rg peale pesu.","og_url":"https:\/\/baltoil.ee\/toode\/rapid-aqua-wax-complete-kit\/","og_site_name":"Baltoil","article_modified_time":"2026-01-28T10:17:31+00:00","og_image":[{"width":400,"height":400,"url":"https:\/\/baltoil.ee\/wp-content\/uploads\/2019\/06\/rapid_aqua_wax_kit_website_canvas_150dpi.png","type":"image\/png"}],"twitter_card":"summary_large_image","schema":{"@context":"https:\/\/schema.org","@graph":[{"@type":"WebPage","@id":"https:\/\/baltoil.ee\/toode\/rapid-aqua-wax-complete-kit\/","url":"https:\/\/baltoil.ee\/toode\/rapid-aqua-wax-complete-kit\/","name":"Rapid Aqua Wax Complete Kit - Vaha komplekt - Autoglym autokeemia","isPartOf":{"@id":"https:\/\/baltoil.ee\/#website"},"primaryImageOfPage":{"@id":"https:\/\/baltoil.ee\/toode\/rapid-aqua-wax-complete-kit\/#primaryimage"},"image":{"@id":"https:\/\/baltoil.ee\/toode\/rapid-aqua-wax-complete-kit\/#primaryimage"},"thumbnailUrl":"https:\/\/baltoil.ee\/wp-content\/uploads\/2019\/06\/rapid_aqua_wax_kit_website_canvas_150dpi.png","datePublished":"2019-06-05T13:13:09+00:00","dateModified":"2026-01-28T10:17:31+00:00","description":"Vaha m\u00e4rjale pinnale, k\u00f5va vaha tulemus. Spetsiaalselt v\u00e4lja t\u00f6\u00f6datud andmaks t\u00e4iusliku viimistluse k\u00f5ikidele v\u00e4lispindadele kui s\u00f5iduk on m\u00e4rg peale pesu.","breadcrumb":{"@id":"https:\/\/baltoil.ee\/toode\/rapid-aqua-wax-complete-kit\/#breadcrumb"},"inLanguage":"lt-LT","potentialAction":[{"@type":"ReadAction","target":["https:\/\/baltoil.ee\/toode\/rapid-aqua-wax-complete-kit\/"]}]},{"@type":"ImageObject","inLanguage":"lt-LT","@id":"https:\/\/baltoil.ee\/toode\/rapid-aqua-wax-complete-kit\/#primaryimage","url":"https:\/\/baltoil.ee\/wp-content\/uploads\/2019\/06\/rapid_aqua_wax_kit_website_canvas_150dpi.png","contentUrl":"https:\/\/baltoil.ee\/wp-content\/uploads\/2019\/06\/rapid_aqua_wax_kit_website_canvas_150dpi.png","width":400,"height":400},{"@type":"BreadcrumbList","@id":"https:\/\/baltoil.ee\/toode\/rapid-aqua-wax-complete-kit\/#breadcrumb","itemListElement":[{"@type":"ListItem","position":1,"name":"Home","item":"https:\/\/baltoil.ee\/lt\/"},{"@type":"ListItem","position":2,"name":"Tooted","item":"https:\/\/baltoil.ee\/tooted\/"},{"@type":"ListItem","position":3,"name":"Rapid Aqua Wax Complete Kit"}]},{"@type":"WebSite","@id":"https:\/\/baltoil.ee\/#website","url":"https:\/\/baltoil.ee\/","name":"Baltoil","description":"","publisher":{"@id":"https:\/\/baltoil.ee\/#organization"},"potentialAction":[{"@type":"SearchAction","target":{"@type":"EntryPoint","urlTemplate":"https:\/\/baltoil.ee\/?s={search_term_string}"},"query-input":{"@type":"PropertyValueSpecification","valueRequired":true,"valueName":"search_term_string"}}],"inLanguage":"lt-LT"},{"@type":"Organization","@id":"https:\/\/baltoil.ee\/#organization","name":"AS Baltoil","url":"https:\/\/baltoil.ee\/","logo":{"@type":"ImageObject","inLanguage":"lt-LT","@id":"https:\/\/baltoil.ee\/#\/schema\/logo\/image\/","url":"https:\/\/baltoil.ee\/wp-content\/uploads\/2020\/04\/baltoil_logo.svg","contentUrl":"https:\/\/baltoil.ee\/wp-content\/uploads\/2020\/04\/baltoil_logo.svg","width":1,"height":1,"caption":"AS Baltoil"},"image":{"@id":"https:\/\/baltoil.ee\/#\/schema\/logo\/image\/"}}]}},"_links":{"self":[{"href":"https:\/\/baltoil.ee\/lt\/wp-json\/wp\/v2\/product\/677","targetHints":{"allow":["GET"]}}],"collection":[{"href":"https:\/\/baltoil.ee\/lt\/wp-json\/wp\/v2\/product"}],"about":[{"href":"https:\/\/baltoil.ee\/lt\/wp-json\/wp\/v2\/types\/product"}],"wp:featuredmedia":[{"embeddable":true,"href":"https:\/\/baltoil.ee\/lt\/wp-json\/wp\/v2\/media\/690"}],"wp:attachment":[{"href":"https:\/\/baltoil.ee\/lt\/wp-json\/wp\/v2\/media?parent=677"}],"wp:term":[{"taxonomy":"product_brand","embeddable":true,"href":"https:\/\/baltoil.ee\/lt\/wp-json\/wp\/v2\/product_brand?post=677"},{"taxonomy":"product_cat","embeddable":true,"href":"https:\/\/baltoil.ee\/lt\/wp-json\/wp\/v2\/product_cat?post=677"},{"taxonomy":"product_tag","embeddable":true,"href":"https:\/\/baltoil.ee\/lt\/wp-json\/wp\/v2\/product_tag?post=677"}],"curies":[{"name":"wp","href":"https:\/\/api.w.org\/{rel}","templated":true}]}}