{"id":670,"date":"2019-06-05T12:59:41","date_gmt":"2019-06-05T12:59:41","guid":{"rendered":"https:\/\/dev.baltoil.ee\/?post_type=product&#038;p=670"},"modified":"2026-01-28T13:17:31","modified_gmt":"2026-01-28T10:17:31","slug":"ultra-deep-shine","status":"publish","type":"product","link":"https:\/\/baltoil.ee\/lt\/toode\/ultra-deep-shine\/","title":{"rendered":"Ultra Deep Shine"},"content":{"rendered":"<input class=\"fooboxshare_post_id\" type=\"hidden\" value=\"670\"\/>","protected":false},"excerpt":{"rendered":"<p><strong><a href=\"https:\/\/www.autoglym.com\/ultra-deep-shine\" target=\"_blank\" rel=\"noopener noreferrer\"><img loading=\"lazy\" decoding=\"async\" class=\"alignright wp-image-579\" src=\"https:\/\/baltoil.ee\/wp-content\/uploads\/2019\/06\/autoglym-logo-150x150.png\" alt=\"\" width=\"75\" height=\"75\" srcset=\"https:\/\/baltoil.ee\/wp-content\/uploads\/2019\/06\/autoglym-logo-150x150.png 150w, https:\/\/baltoil.ee\/wp-content\/uploads\/2019\/06\/autoglym-logo-300x300.png 300w, https:\/\/baltoil.ee\/wp-content\/uploads\/2019\/06\/autoglym-logo-200x200.png 200w, https:\/\/baltoil.ee\/wp-content\/uploads\/2019\/06\/autoglym-logo-600x600.png 600w, https:\/\/baltoil.ee\/wp-content\/uploads\/2019\/06\/autoglym-logo-100x100.png 100w, https:\/\/baltoil.ee\/wp-content\/uploads\/2019\/06\/autoglym-logo.png 700w\" sizes=\"auto, (max-width: 75px) 100vw, 75px\" \/><\/a><\/strong><\/p>\n<p><strong>S\u00fcgavl\u00e4ike vaha (eriti sobilik tumedale v\u00e4rvile).<\/strong><\/p>\n<p>Spetsiaalne l\u00e4ikega vastupidav k\u00f5va vaha.<br \/>\nUltra\u00a0Deep Shine on v\u00e4lja t\u00f6\u00f6tatud andmaks suurep\u00e4rast rasvavaba ja l\u00e4ikivat l\u00f5pptulemust k\u00f5ikidele v\u00e4rvipindadele, eriti just tumedatele toonidele ja kaasaegsetele veel p\u00f5hinevatele v\u00e4rvidele. Soovitatakse peamiselt uutele v\u00f5i heas korras v\u00e4rvipindadele. T\u00f6\u00f6deldud pindu kaitseb v\u00e4ga k\u00f5va, \u00fchlase tooniga, l\u00e4ikiv pind.<br \/>\nUltra\u00a0Deep Shine sisaldab puhastatud ning veele lisatud spetsiaalseid emulgeerivaid ja hooldavaid komponente, mis puhastavad ja parandavad v\u00e4rvi pinda. T\u00e4pselt valitud pol\u00fcmeerid annavad sileda kaitsva pinna ja suurep\u00e4rase l\u00e4ike. Pinnale ei j\u00e4\u00e4 triipe ega ringikesi, mis m\u00f5nikord rikuvad tumedate v\u00e4rvipindade v\u00e4limust.<br \/>\nUltra\u00a0Deep Shine sisaldab vahasegu, mis katab ja peidab v\u00e4iksemad kriimud, eemaldab tuhmid kohad ja uuendab auto v\u00e4rvi.<\/p>\n<p><strong>KASUTUSJUHEND:<\/strong><\/p>\n<p>Loksuta hoolikalt. Pese ja kuivata auto. Kantakse peale puhta puuvillase riidega (sobivaim on Perfect Polishing Cloth) ringikujuliste liigutustega. Lisa survet kui on vaja eemaldada kriime v\u00f5i oks\u00fcdeerunud kohti. Lase vahal tuhmiks kuivada. Poleeri puhta riidega seda tihti ringi keerates. Viimistluseks soovitatakse Autoglym Hi-Tech Polishing Cloth mikrokiudriiet.<br \/>\nV\u00e4ldi aine sattumist klaasile ja v\u00e4rvimata plastikule. Klaasilt eemaldamiseks soovitatakse <a href=\"https:\/\/baltoil.ee\/toode\/car-glass-polish\/\">Autoglym Car Glass Polish<\/a> pastat ja plastikult eemaldamiseks <a href=\"https:\/\/baltoil.ee\/toode\/fast-glass\/\">Autoglym Fast Glass<\/a> klaasipesu v\u00f5i <a href=\"https:\/\/baltoil.ee\/toode\/bumper-trim-gel\/\">Autoglym Bumper Care<\/a> hooldusvahendit.<\/p>\n<p><strong>HOOLDAMINE:<\/strong><\/p>\n<p>Pese regulaarselt<a href=\"https:\/\/baltoil.ee\/toode\/bodywork-shampoo-conditioner\/\"> Autoglym Bodywork Shampoo Conditioner<\/a> pesuainega. Majapidamispesuained v\u00f5ivad kahjustada poleeritud pinda ja kiirendada v\u00f5i lisada korrosiooni.<\/p>\n<p><strong>UUESTI T\u00d6\u00d6TLEMINE:<\/strong><\/p>\n<p>S\u00f5ltub kasutustingimustest, v\u00e4rvit\u00fc\u00fcbist ja ilmastikust. T\u00f6\u00f6delda tuleks uuesti kui vesi enam ei p\u00e4rlenda v\u00e4rvipinnal v\u00f5ion vajadus v\u00e4limust parandada.<br \/>\nSobib ka haagissuvilatele, pakiautodele, veokitele, mootorratastele, lennukitele, paatidele, klaaskiudpindadele ja kroomile.<\/p>\n<p><a href=\"https:\/\/www.autoglym.com\/ultra-deep-shine\" target=\"_blank\" rel=\"noopener noreferrer\">Tootja koduleht<\/a><\/p>\n","protected":false},"featured_media":671,"template":"","meta":{"_acf_changed":false},"product_brand":[257],"product_cat":[45,143,48,47],"product_tag":[83,22,29],"class_list":{"0":"post-670","1":"product","2":"type-product","3":"status-publish","4":"has-post-thumbnail","6":"product_brand-autoglym","7":"product_cat-autoglym-retail","8":"product_cat-koik-tooted-autoglym","9":"product_cat-vahad","10":"product_cat-valispesu-ja-hooldustooted","11":"product_tag-autoglym","12":"product_tag-autokeemia","13":"product_tag-vaha","15":"first","16":"instock","17":"shipping-taxable","18":"product-type-simple"},"acf":[],"yoast_head":"<!-- This site is optimized with the Yoast SEO plugin v27.3 - https:\/\/yoast.com\/product\/yoast-seo-wordpress\/ -->\n<title>Ultra Deep Shine - K\u00f5va vaha - Autoglym pro autokeemia - Baltoil<\/title>\n<meta name=\"description\" content=\"S\u00fcgavl\u00e4ike k\u00f5va vaha. K\u00f5ikidele v\u00e4rvipindadele, eriti just tumedatele toonidele ja kaasaegsetele veel p\u00f5hinevatele v\u00e4rvidele.\" \/>\n<meta name=\"robots\" content=\"index, follow, max-snippet:-1, max-image-preview:large, max-video-preview:-1\" \/>\n<link rel=\"canonical\" href=\"https:\/\/baltoil.ee\/toode\/ultra-deep-shine\/\" \/>\n<meta property=\"og:locale\" content=\"lt_LT\" \/>\n<meta property=\"og:type\" content=\"article\" \/>\n<meta property=\"og:title\" content=\"Ultra Deep Shine - K\u00f5va vaha - Autoglym pro autokeemia - Baltoil\" \/>\n<meta property=\"og:description\" content=\"S\u00fcgavl\u00e4ike k\u00f5va vaha. K\u00f5ikidele v\u00e4rvipindadele, eriti just tumedatele toonidele ja kaasaegsetele veel p\u00f5hinevatele v\u00e4rvidele.\" \/>\n<meta property=\"og:url\" content=\"https:\/\/baltoil.ee\/toode\/ultra-deep-shine\/\" \/>\n<meta property=\"og:site_name\" content=\"Baltoil\" \/>\n<meta property=\"article:modified_time\" content=\"2026-01-28T10:17:31+00:00\" \/>\n<meta property=\"og:image\" content=\"https:\/\/baltoil.ee\/wp-content\/uploads\/2019\/06\/ultra_deep_shine_500ml_website_canvas_150dpi.png\" \/>\n\t<meta property=\"og:image:width\" content=\"400\" \/>\n\t<meta property=\"og:image:height\" content=\"400\" \/>\n\t<meta property=\"og:image:type\" content=\"image\/png\" \/>\n<meta name=\"twitter:card\" content=\"summary_large_image\" \/>\n<script type=\"application\/ld+json\" class=\"yoast-schema-graph\">{\"@context\":\"https:\\\/\\\/schema.org\",\"@graph\":[{\"@type\":\"WebPage\",\"@id\":\"https:\\\/\\\/baltoil.ee\\\/toode\\\/ultra-deep-shine\\\/\",\"url\":\"https:\\\/\\\/baltoil.ee\\\/toode\\\/ultra-deep-shine\\\/\",\"name\":\"Ultra Deep Shine - K\u00f5va vaha - Autoglym pro autokeemia - Baltoil\",\"isPartOf\":{\"@id\":\"https:\\\/\\\/baltoil.ee\\\/#website\"},\"primaryImageOfPage\":{\"@id\":\"https:\\\/\\\/baltoil.ee\\\/toode\\\/ultra-deep-shine\\\/#primaryimage\"},\"image\":{\"@id\":\"https:\\\/\\\/baltoil.ee\\\/toode\\\/ultra-deep-shine\\\/#primaryimage\"},\"thumbnailUrl\":\"https:\\\/\\\/baltoil.ee\\\/wp-content\\\/uploads\\\/2019\\\/06\\\/ultra_deep_shine_500ml_website_canvas_150dpi.png\",\"datePublished\":\"2019-06-05T12:59:41+00:00\",\"dateModified\":\"2026-01-28T10:17:31+00:00\",\"description\":\"S\u00fcgavl\u00e4ike k\u00f5va vaha. K\u00f5ikidele v\u00e4rvipindadele, eriti just tumedatele toonidele ja kaasaegsetele veel p\u00f5hinevatele v\u00e4rvidele.\",\"breadcrumb\":{\"@id\":\"https:\\\/\\\/baltoil.ee\\\/toode\\\/ultra-deep-shine\\\/#breadcrumb\"},\"inLanguage\":\"lt-LT\",\"potentialAction\":[{\"@type\":\"ReadAction\",\"target\":[\"https:\\\/\\\/baltoil.ee\\\/toode\\\/ultra-deep-shine\\\/\"]}]},{\"@type\":\"ImageObject\",\"inLanguage\":\"lt-LT\",\"@id\":\"https:\\\/\\\/baltoil.ee\\\/toode\\\/ultra-deep-shine\\\/#primaryimage\",\"url\":\"https:\\\/\\\/baltoil.ee\\\/wp-content\\\/uploads\\\/2019\\\/06\\\/ultra_deep_shine_500ml_website_canvas_150dpi.png\",\"contentUrl\":\"https:\\\/\\\/baltoil.ee\\\/wp-content\\\/uploads\\\/2019\\\/06\\\/ultra_deep_shine_500ml_website_canvas_150dpi.png\",\"width\":400,\"height\":400},{\"@type\":\"BreadcrumbList\",\"@id\":\"https:\\\/\\\/baltoil.ee\\\/toode\\\/ultra-deep-shine\\\/#breadcrumb\",\"itemListElement\":[{\"@type\":\"ListItem\",\"position\":1,\"name\":\"Home\",\"item\":\"https:\\\/\\\/baltoil.ee\\\/lt\\\/\"},{\"@type\":\"ListItem\",\"position\":2,\"name\":\"Tooted\",\"item\":\"https:\\\/\\\/baltoil.ee\\\/tooted\\\/\"},{\"@type\":\"ListItem\",\"position\":3,\"name\":\"Ultra Deep Shine\"}]},{\"@type\":\"WebSite\",\"@id\":\"https:\\\/\\\/baltoil.ee\\\/#website\",\"url\":\"https:\\\/\\\/baltoil.ee\\\/\",\"name\":\"Baltoil\",\"description\":\"\",\"publisher\":{\"@id\":\"https:\\\/\\\/baltoil.ee\\\/#organization\"},\"potentialAction\":[{\"@type\":\"SearchAction\",\"target\":{\"@type\":\"EntryPoint\",\"urlTemplate\":\"https:\\\/\\\/baltoil.ee\\\/?s={search_term_string}\"},\"query-input\":{\"@type\":\"PropertyValueSpecification\",\"valueRequired\":true,\"valueName\":\"search_term_string\"}}],\"inLanguage\":\"lt-LT\"},{\"@type\":\"Organization\",\"@id\":\"https:\\\/\\\/baltoil.ee\\\/#organization\",\"name\":\"AS Baltoil\",\"url\":\"https:\\\/\\\/baltoil.ee\\\/\",\"logo\":{\"@type\":\"ImageObject\",\"inLanguage\":\"lt-LT\",\"@id\":\"https:\\\/\\\/baltoil.ee\\\/#\\\/schema\\\/logo\\\/image\\\/\",\"url\":\"https:\\\/\\\/baltoil.ee\\\/wp-content\\\/uploads\\\/2020\\\/04\\\/baltoil_logo.svg\",\"contentUrl\":\"https:\\\/\\\/baltoil.ee\\\/wp-content\\\/uploads\\\/2020\\\/04\\\/baltoil_logo.svg\",\"width\":1,\"height\":1,\"caption\":\"AS Baltoil\"},\"image\":{\"@id\":\"https:\\\/\\\/baltoil.ee\\\/#\\\/schema\\\/logo\\\/image\\\/\"}}]}<\/script>\n<!-- \/ Yoast SEO plugin. -->","yoast_head_json":{"title":"Ultra Deep Shine - K\u00f5va vaha - Autoglym pro autokeemia - Baltoil","description":"S\u00fcgavl\u00e4ike k\u00f5va vaha. K\u00f5ikidele v\u00e4rvipindadele, eriti just tumedatele toonidele ja kaasaegsetele veel p\u00f5hinevatele v\u00e4rvidele.","robots":{"index":"index","follow":"follow","max-snippet":"max-snippet:-1","max-image-preview":"max-image-preview:large","max-video-preview":"max-video-preview:-1"},"canonical":"https:\/\/baltoil.ee\/toode\/ultra-deep-shine\/","og_locale":"lt_LT","og_type":"article","og_title":"Ultra Deep Shine - K\u00f5va vaha - Autoglym pro autokeemia - Baltoil","og_description":"S\u00fcgavl\u00e4ike k\u00f5va vaha. K\u00f5ikidele v\u00e4rvipindadele, eriti just tumedatele toonidele ja kaasaegsetele veel p\u00f5hinevatele v\u00e4rvidele.","og_url":"https:\/\/baltoil.ee\/toode\/ultra-deep-shine\/","og_site_name":"Baltoil","article_modified_time":"2026-01-28T10:17:31+00:00","og_image":[{"width":400,"height":400,"url":"https:\/\/baltoil.ee\/wp-content\/uploads\/2019\/06\/ultra_deep_shine_500ml_website_canvas_150dpi.png","type":"image\/png"}],"twitter_card":"summary_large_image","schema":{"@context":"https:\/\/schema.org","@graph":[{"@type":"WebPage","@id":"https:\/\/baltoil.ee\/toode\/ultra-deep-shine\/","url":"https:\/\/baltoil.ee\/toode\/ultra-deep-shine\/","name":"Ultra Deep Shine - K\u00f5va vaha - Autoglym pro autokeemia - Baltoil","isPartOf":{"@id":"https:\/\/baltoil.ee\/#website"},"primaryImageOfPage":{"@id":"https:\/\/baltoil.ee\/toode\/ultra-deep-shine\/#primaryimage"},"image":{"@id":"https:\/\/baltoil.ee\/toode\/ultra-deep-shine\/#primaryimage"},"thumbnailUrl":"https:\/\/baltoil.ee\/wp-content\/uploads\/2019\/06\/ultra_deep_shine_500ml_website_canvas_150dpi.png","datePublished":"2019-06-05T12:59:41+00:00","dateModified":"2026-01-28T10:17:31+00:00","description":"S\u00fcgavl\u00e4ike k\u00f5va vaha. K\u00f5ikidele v\u00e4rvipindadele, eriti just tumedatele toonidele ja kaasaegsetele veel p\u00f5hinevatele v\u00e4rvidele.","breadcrumb":{"@id":"https:\/\/baltoil.ee\/toode\/ultra-deep-shine\/#breadcrumb"},"inLanguage":"lt-LT","potentialAction":[{"@type":"ReadAction","target":["https:\/\/baltoil.ee\/toode\/ultra-deep-shine\/"]}]},{"@type":"ImageObject","inLanguage":"lt-LT","@id":"https:\/\/baltoil.ee\/toode\/ultra-deep-shine\/#primaryimage","url":"https:\/\/baltoil.ee\/wp-content\/uploads\/2019\/06\/ultra_deep_shine_500ml_website_canvas_150dpi.png","contentUrl":"https:\/\/baltoil.ee\/wp-content\/uploads\/2019\/06\/ultra_deep_shine_500ml_website_canvas_150dpi.png","width":400,"height":400},{"@type":"BreadcrumbList","@id":"https:\/\/baltoil.ee\/toode\/ultra-deep-shine\/#breadcrumb","itemListElement":[{"@type":"ListItem","position":1,"name":"Home","item":"https:\/\/baltoil.ee\/lt\/"},{"@type":"ListItem","position":2,"name":"Tooted","item":"https:\/\/baltoil.ee\/tooted\/"},{"@type":"ListItem","position":3,"name":"Ultra Deep Shine"}]},{"@type":"WebSite","@id":"https:\/\/baltoil.ee\/#website","url":"https:\/\/baltoil.ee\/","name":"Baltoil","description":"","publisher":{"@id":"https:\/\/baltoil.ee\/#organization"},"potentialAction":[{"@type":"SearchAction","target":{"@type":"EntryPoint","urlTemplate":"https:\/\/baltoil.ee\/?s={search_term_string}"},"query-input":{"@type":"PropertyValueSpecification","valueRequired":true,"valueName":"search_term_string"}}],"inLanguage":"lt-LT"},{"@type":"Organization","@id":"https:\/\/baltoil.ee\/#organization","name":"AS Baltoil","url":"https:\/\/baltoil.ee\/","logo":{"@type":"ImageObject","inLanguage":"lt-LT","@id":"https:\/\/baltoil.ee\/#\/schema\/logo\/image\/","url":"https:\/\/baltoil.ee\/wp-content\/uploads\/2020\/04\/baltoil_logo.svg","contentUrl":"https:\/\/baltoil.ee\/wp-content\/uploads\/2020\/04\/baltoil_logo.svg","width":1,"height":1,"caption":"AS Baltoil"},"image":{"@id":"https:\/\/baltoil.ee\/#\/schema\/logo\/image\/"}}]}},"_links":{"self":[{"href":"https:\/\/baltoil.ee\/lt\/wp-json\/wp\/v2\/product\/670","targetHints":{"allow":["GET"]}}],"collection":[{"href":"https:\/\/baltoil.ee\/lt\/wp-json\/wp\/v2\/product"}],"about":[{"href":"https:\/\/baltoil.ee\/lt\/wp-json\/wp\/v2\/types\/product"}],"wp:featuredmedia":[{"embeddable":true,"href":"https:\/\/baltoil.ee\/lt\/wp-json\/wp\/v2\/media\/671"}],"wp:attachment":[{"href":"https:\/\/baltoil.ee\/lt\/wp-json\/wp\/v2\/media?parent=670"}],"wp:term":[{"taxonomy":"product_brand","embeddable":true,"href":"https:\/\/baltoil.ee\/lt\/wp-json\/wp\/v2\/product_brand?post=670"},{"taxonomy":"product_cat","embeddable":true,"href":"https:\/\/baltoil.ee\/lt\/wp-json\/wp\/v2\/product_cat?post=670"},{"taxonomy":"product_tag","embeddable":true,"href":"https:\/\/baltoil.ee\/lt\/wp-json\/wp\/v2\/product_tag?post=670"}],"curies":[{"name":"wp","href":"https:\/\/api.w.org\/{rel}","templated":true}]}}