{"id":663,"date":"2019-06-05T12:48:43","date_gmt":"2019-06-05T12:48:43","guid":{"rendered":"https:\/\/dev.baltoil.ee\/?post_type=product&#038;p=663"},"modified":"2026-01-28T13:17:32","modified_gmt":"2026-01-28T10:17:32","slug":"instant-show-shine","status":"publish","type":"product","link":"https:\/\/baltoil.ee\/lt\/toode\/instant-show-shine\/","title":{"rendered":"Instant Show Shine"},"content":{"rendered":"<input class=\"fooboxshare_post_id\" type=\"hidden\" value=\"663\"\/>","protected":false},"excerpt":{"rendered":"<p><strong><a href=\"https:\/\/www.autoglym.com\/instant-show-shine\" target=\"_blank\" rel=\"noopener noreferrer\"><img loading=\"lazy\" decoding=\"async\" class=\"alignright wp-image-579\" src=\"https:\/\/baltoil.ee\/wp-content\/uploads\/2019\/06\/autoglym-logo-150x150.png\" alt=\"\" width=\"75\" height=\"75\" srcset=\"https:\/\/baltoil.ee\/wp-content\/uploads\/2019\/06\/autoglym-logo-150x150.png 150w, https:\/\/baltoil.ee\/wp-content\/uploads\/2019\/06\/autoglym-logo-300x300.png 300w, https:\/\/baltoil.ee\/wp-content\/uploads\/2019\/06\/autoglym-logo-200x200.png 200w, https:\/\/baltoil.ee\/wp-content\/uploads\/2019\/06\/autoglym-logo-600x600.png 600w, https:\/\/baltoil.ee\/wp-content\/uploads\/2019\/06\/autoglym-logo-100x100.png 100w, https:\/\/baltoil.ee\/wp-content\/uploads\/2019\/06\/autoglym-logo.png 700w\" sizes=\"auto, (max-width: 75px) 100vw, 75px\" \/><\/a><\/strong><\/p>\n<p><strong>Kiirvaha.<\/strong><\/p>\n<p>K\u00e4ep\u00e4rane kiirl\u00e4ike vahend v\u00e4rvipinnale, plastmassile, kummile, nahale, klaasile ja akruulpinnale. Taastab kiiresti l\u00e4ike. Kaitseb v\u00e4hese mustuse, s\u00f5rmej\u00e4lgede ja tolmu eest. Ei sisalda abrasiivseid aineid. Mitte kasutada auto tuuleklaasile, armatuurlauale ja mootoratta rehvile.<\/p>\n<p><a href=\"https:\/\/www.autoglym.com\/instant-show-shine\" target=\"_blank\" rel=\"noopener noreferrer\">Tootja koduleht<\/a><\/p>\n","protected":false},"featured_media":666,"template":"","meta":{"_acf_changed":false},"product_brand":[257],"product_cat":[45,143,46,48,47],"product_tag":[83,22,29],"class_list":{"0":"post-663","1":"product","2":"type-product","3":"status-publish","4":"has-post-thumbnail","6":"product_brand-autoglym","7":"product_cat-autoglym-retail","8":"product_cat-koik-tooted-autoglym","9":"product_cat-sisepesu-ja-hooldustooted","10":"product_cat-vahad","11":"product_cat-valispesu-ja-hooldustooted","12":"product_tag-autoglym","13":"product_tag-autokeemia","14":"product_tag-vaha","16":"first","17":"instock","18":"shipping-taxable","19":"product-type-simple"},"acf":[],"yoast_head":"<!-- This site is optimized with the Yoast SEO plugin v27.3 - https:\/\/yoast.com\/product\/yoast-seo-wordpress\/ -->\n<title>Instant Show Shine - Kiirvaha - Autoglym autokeemia - Baltoil<\/title>\n<meta name=\"description\" content=\"Kiirvaha v\u00e4rvipinnale, plastmassile, kummile, nahale, klaasile ja akruulpinnale. Taastab kiiresti l\u00e4ike. Kaitseb v\u00e4hese mustuse, s\u00f5rmej\u00e4lgede ja tolmu eest.\" \/>\n<meta name=\"robots\" content=\"index, follow, max-snippet:-1, max-image-preview:large, max-video-preview:-1\" \/>\n<link rel=\"canonical\" href=\"https:\/\/baltoil.ee\/toode\/instant-show-shine\/\" \/>\n<meta property=\"og:locale\" content=\"lt_LT\" \/>\n<meta property=\"og:type\" content=\"article\" \/>\n<meta property=\"og:title\" content=\"Instant Show Shine - Kiirvaha - Autoglym autokeemia - Baltoil\" \/>\n<meta property=\"og:description\" content=\"Kiirvaha v\u00e4rvipinnale, plastmassile, kummile, nahale, klaasile ja akruulpinnale. Taastab kiiresti l\u00e4ike. Kaitseb v\u00e4hese mustuse, s\u00f5rmej\u00e4lgede ja tolmu eest.\" \/>\n<meta property=\"og:url\" content=\"https:\/\/baltoil.ee\/toode\/instant-show-shine\/\" \/>\n<meta property=\"og:site_name\" content=\"Baltoil\" \/>\n<meta property=\"article:modified_time\" content=\"2026-01-28T10:17:32+00:00\" \/>\n<meta property=\"og:image\" content=\"https:\/\/baltoil.ee\/wp-content\/uploads\/2019\/06\/instant_show_shine_website_canvas_150dpi.png\" \/>\n\t<meta property=\"og:image:width\" content=\"400\" \/>\n\t<meta property=\"og:image:height\" content=\"400\" \/>\n\t<meta property=\"og:image:type\" content=\"image\/png\" \/>\n<meta name=\"twitter:card\" content=\"summary_large_image\" \/>\n<script type=\"application\/ld+json\" class=\"yoast-schema-graph\">{\"@context\":\"https:\\\/\\\/schema.org\",\"@graph\":[{\"@type\":\"WebPage\",\"@id\":\"https:\\\/\\\/baltoil.ee\\\/toode\\\/instant-show-shine\\\/\",\"url\":\"https:\\\/\\\/baltoil.ee\\\/toode\\\/instant-show-shine\\\/\",\"name\":\"Instant Show Shine - Kiirvaha - Autoglym autokeemia - Baltoil\",\"isPartOf\":{\"@id\":\"https:\\\/\\\/baltoil.ee\\\/#website\"},\"primaryImageOfPage\":{\"@id\":\"https:\\\/\\\/baltoil.ee\\\/toode\\\/instant-show-shine\\\/#primaryimage\"},\"image\":{\"@id\":\"https:\\\/\\\/baltoil.ee\\\/toode\\\/instant-show-shine\\\/#primaryimage\"},\"thumbnailUrl\":\"https:\\\/\\\/baltoil.ee\\\/wp-content\\\/uploads\\\/2019\\\/06\\\/instant_show_shine_website_canvas_150dpi.png\",\"datePublished\":\"2019-06-05T12:48:43+00:00\",\"dateModified\":\"2026-01-28T10:17:32+00:00\",\"description\":\"Kiirvaha v\u00e4rvipinnale, plastmassile, kummile, nahale, klaasile ja akruulpinnale. Taastab kiiresti l\u00e4ike. Kaitseb v\u00e4hese mustuse, s\u00f5rmej\u00e4lgede ja tolmu eest.\",\"breadcrumb\":{\"@id\":\"https:\\\/\\\/baltoil.ee\\\/toode\\\/instant-show-shine\\\/#breadcrumb\"},\"inLanguage\":\"lt-LT\",\"potentialAction\":[{\"@type\":\"ReadAction\",\"target\":[\"https:\\\/\\\/baltoil.ee\\\/toode\\\/instant-show-shine\\\/\"]}]},{\"@type\":\"ImageObject\",\"inLanguage\":\"lt-LT\",\"@id\":\"https:\\\/\\\/baltoil.ee\\\/toode\\\/instant-show-shine\\\/#primaryimage\",\"url\":\"https:\\\/\\\/baltoil.ee\\\/wp-content\\\/uploads\\\/2019\\\/06\\\/instant_show_shine_website_canvas_150dpi.png\",\"contentUrl\":\"https:\\\/\\\/baltoil.ee\\\/wp-content\\\/uploads\\\/2019\\\/06\\\/instant_show_shine_website_canvas_150dpi.png\",\"width\":400,\"height\":400},{\"@type\":\"BreadcrumbList\",\"@id\":\"https:\\\/\\\/baltoil.ee\\\/toode\\\/instant-show-shine\\\/#breadcrumb\",\"itemListElement\":[{\"@type\":\"ListItem\",\"position\":1,\"name\":\"Home\",\"item\":\"https:\\\/\\\/baltoil.ee\\\/lt\\\/\"},{\"@type\":\"ListItem\",\"position\":2,\"name\":\"Tooted\",\"item\":\"https:\\\/\\\/baltoil.ee\\\/tooted\\\/\"},{\"@type\":\"ListItem\",\"position\":3,\"name\":\"Instant Show Shine\"}]},{\"@type\":\"WebSite\",\"@id\":\"https:\\\/\\\/baltoil.ee\\\/#website\",\"url\":\"https:\\\/\\\/baltoil.ee\\\/\",\"name\":\"Baltoil\",\"description\":\"\",\"publisher\":{\"@id\":\"https:\\\/\\\/baltoil.ee\\\/#organization\"},\"potentialAction\":[{\"@type\":\"SearchAction\",\"target\":{\"@type\":\"EntryPoint\",\"urlTemplate\":\"https:\\\/\\\/baltoil.ee\\\/?s={search_term_string}\"},\"query-input\":{\"@type\":\"PropertyValueSpecification\",\"valueRequired\":true,\"valueName\":\"search_term_string\"}}],\"inLanguage\":\"lt-LT\"},{\"@type\":\"Organization\",\"@id\":\"https:\\\/\\\/baltoil.ee\\\/#organization\",\"name\":\"AS Baltoil\",\"url\":\"https:\\\/\\\/baltoil.ee\\\/\",\"logo\":{\"@type\":\"ImageObject\",\"inLanguage\":\"lt-LT\",\"@id\":\"https:\\\/\\\/baltoil.ee\\\/#\\\/schema\\\/logo\\\/image\\\/\",\"url\":\"https:\\\/\\\/baltoil.ee\\\/wp-content\\\/uploads\\\/2020\\\/04\\\/baltoil_logo.svg\",\"contentUrl\":\"https:\\\/\\\/baltoil.ee\\\/wp-content\\\/uploads\\\/2020\\\/04\\\/baltoil_logo.svg\",\"width\":1,\"height\":1,\"caption\":\"AS Baltoil\"},\"image\":{\"@id\":\"https:\\\/\\\/baltoil.ee\\\/#\\\/schema\\\/logo\\\/image\\\/\"}}]}<\/script>\n<!-- \/ Yoast SEO plugin. -->","yoast_head_json":{"title":"Instant Show Shine - Kiirvaha - Autoglym autokeemia - Baltoil","description":"Kiirvaha v\u00e4rvipinnale, plastmassile, kummile, nahale, klaasile ja akruulpinnale. Taastab kiiresti l\u00e4ike. Kaitseb v\u00e4hese mustuse, s\u00f5rmej\u00e4lgede ja tolmu eest.","robots":{"index":"index","follow":"follow","max-snippet":"max-snippet:-1","max-image-preview":"max-image-preview:large","max-video-preview":"max-video-preview:-1"},"canonical":"https:\/\/baltoil.ee\/toode\/instant-show-shine\/","og_locale":"lt_LT","og_type":"article","og_title":"Instant Show Shine - Kiirvaha - Autoglym autokeemia - Baltoil","og_description":"Kiirvaha v\u00e4rvipinnale, plastmassile, kummile, nahale, klaasile ja akruulpinnale. Taastab kiiresti l\u00e4ike. Kaitseb v\u00e4hese mustuse, s\u00f5rmej\u00e4lgede ja tolmu eest.","og_url":"https:\/\/baltoil.ee\/toode\/instant-show-shine\/","og_site_name":"Baltoil","article_modified_time":"2026-01-28T10:17:32+00:00","og_image":[{"width":400,"height":400,"url":"https:\/\/baltoil.ee\/wp-content\/uploads\/2019\/06\/instant_show_shine_website_canvas_150dpi.png","type":"image\/png"}],"twitter_card":"summary_large_image","schema":{"@context":"https:\/\/schema.org","@graph":[{"@type":"WebPage","@id":"https:\/\/baltoil.ee\/toode\/instant-show-shine\/","url":"https:\/\/baltoil.ee\/toode\/instant-show-shine\/","name":"Instant Show Shine - Kiirvaha - Autoglym autokeemia - Baltoil","isPartOf":{"@id":"https:\/\/baltoil.ee\/#website"},"primaryImageOfPage":{"@id":"https:\/\/baltoil.ee\/toode\/instant-show-shine\/#primaryimage"},"image":{"@id":"https:\/\/baltoil.ee\/toode\/instant-show-shine\/#primaryimage"},"thumbnailUrl":"https:\/\/baltoil.ee\/wp-content\/uploads\/2019\/06\/instant_show_shine_website_canvas_150dpi.png","datePublished":"2019-06-05T12:48:43+00:00","dateModified":"2026-01-28T10:17:32+00:00","description":"Kiirvaha v\u00e4rvipinnale, plastmassile, kummile, nahale, klaasile ja akruulpinnale. Taastab kiiresti l\u00e4ike. Kaitseb v\u00e4hese mustuse, s\u00f5rmej\u00e4lgede ja tolmu eest.","breadcrumb":{"@id":"https:\/\/baltoil.ee\/toode\/instant-show-shine\/#breadcrumb"},"inLanguage":"lt-LT","potentialAction":[{"@type":"ReadAction","target":["https:\/\/baltoil.ee\/toode\/instant-show-shine\/"]}]},{"@type":"ImageObject","inLanguage":"lt-LT","@id":"https:\/\/baltoil.ee\/toode\/instant-show-shine\/#primaryimage","url":"https:\/\/baltoil.ee\/wp-content\/uploads\/2019\/06\/instant_show_shine_website_canvas_150dpi.png","contentUrl":"https:\/\/baltoil.ee\/wp-content\/uploads\/2019\/06\/instant_show_shine_website_canvas_150dpi.png","width":400,"height":400},{"@type":"BreadcrumbList","@id":"https:\/\/baltoil.ee\/toode\/instant-show-shine\/#breadcrumb","itemListElement":[{"@type":"ListItem","position":1,"name":"Home","item":"https:\/\/baltoil.ee\/lt\/"},{"@type":"ListItem","position":2,"name":"Tooted","item":"https:\/\/baltoil.ee\/tooted\/"},{"@type":"ListItem","position":3,"name":"Instant Show Shine"}]},{"@type":"WebSite","@id":"https:\/\/baltoil.ee\/#website","url":"https:\/\/baltoil.ee\/","name":"Baltoil","description":"","publisher":{"@id":"https:\/\/baltoil.ee\/#organization"},"potentialAction":[{"@type":"SearchAction","target":{"@type":"EntryPoint","urlTemplate":"https:\/\/baltoil.ee\/?s={search_term_string}"},"query-input":{"@type":"PropertyValueSpecification","valueRequired":true,"valueName":"search_term_string"}}],"inLanguage":"lt-LT"},{"@type":"Organization","@id":"https:\/\/baltoil.ee\/#organization","name":"AS Baltoil","url":"https:\/\/baltoil.ee\/","logo":{"@type":"ImageObject","inLanguage":"lt-LT","@id":"https:\/\/baltoil.ee\/#\/schema\/logo\/image\/","url":"https:\/\/baltoil.ee\/wp-content\/uploads\/2020\/04\/baltoil_logo.svg","contentUrl":"https:\/\/baltoil.ee\/wp-content\/uploads\/2020\/04\/baltoil_logo.svg","width":1,"height":1,"caption":"AS Baltoil"},"image":{"@id":"https:\/\/baltoil.ee\/#\/schema\/logo\/image\/"}}]}},"_links":{"self":[{"href":"https:\/\/baltoil.ee\/lt\/wp-json\/wp\/v2\/product\/663","targetHints":{"allow":["GET"]}}],"collection":[{"href":"https:\/\/baltoil.ee\/lt\/wp-json\/wp\/v2\/product"}],"about":[{"href":"https:\/\/baltoil.ee\/lt\/wp-json\/wp\/v2\/types\/product"}],"wp:featuredmedia":[{"embeddable":true,"href":"https:\/\/baltoil.ee\/lt\/wp-json\/wp\/v2\/media\/666"}],"wp:attachment":[{"href":"https:\/\/baltoil.ee\/lt\/wp-json\/wp\/v2\/media?parent=663"}],"wp:term":[{"taxonomy":"product_brand","embeddable":true,"href":"https:\/\/baltoil.ee\/lt\/wp-json\/wp\/v2\/product_brand?post=663"},{"taxonomy":"product_cat","embeddable":true,"href":"https:\/\/baltoil.ee\/lt\/wp-json\/wp\/v2\/product_cat?post=663"},{"taxonomy":"product_tag","embeddable":true,"href":"https:\/\/baltoil.ee\/lt\/wp-json\/wp\/v2\/product_tag?post=663"}],"curies":[{"name":"wp","href":"https:\/\/api.w.org\/{rel}","templated":true}]}}