{"id":615,"date":"2019-06-05T11:57:40","date_gmt":"2019-06-05T11:57:40","guid":{"rendered":"https:\/\/dev.baltoil.ee\/?post_type=product&#038;p=615"},"modified":"2026-01-28T13:17:32","modified_gmt":"2026-01-28T10:17:32","slug":"rapid-detailer","status":"publish","type":"product","link":"https:\/\/baltoil.ee\/lt\/toode\/rapid-detailer\/","title":{"rendered":"Rapid Detailer"},"content":{"rendered":"<input class=\"fooboxshare_post_id\" type=\"hidden\" value=\"615\"\/>","protected":false},"excerpt":{"rendered":"<p><strong><a href=\"https:\/\/www.autoglym.com\/rapid-detailer\" target=\"_blank\" rel=\"noopener noreferrer\"><img loading=\"lazy\" decoding=\"async\" class=\"alignright wp-image-579\" src=\"https:\/\/baltoil.ee\/wp-content\/uploads\/2019\/06\/autoglym-logo-150x150.png\" alt=\"\" width=\"75\" height=\"75\" srcset=\"https:\/\/baltoil.ee\/wp-content\/uploads\/2019\/06\/autoglym-logo-150x150.png 150w, https:\/\/baltoil.ee\/wp-content\/uploads\/2019\/06\/autoglym-logo-300x300.png 300w, https:\/\/baltoil.ee\/wp-content\/uploads\/2019\/06\/autoglym-logo-200x200.png 200w, https:\/\/baltoil.ee\/wp-content\/uploads\/2019\/06\/autoglym-logo-600x600.png 600w, https:\/\/baltoil.ee\/wp-content\/uploads\/2019\/06\/autoglym-logo-100x100.png 100w, https:\/\/baltoil.ee\/wp-content\/uploads\/2019\/06\/autoglym-logo.png 700w\" sizes=\"auto, (max-width: 75px) 100vw, 75px\" \/><\/a><\/strong><\/p>\n<p><strong>L\u00e4ike taastaja. <\/strong><\/p>\n<p>V\u00f5ib kasutada igap\u00e4evaselt v\u00e4rskendamaks pinna l\u00e4iget. Eemaldab nii tolmu kui s\u00f5rmej\u00e4ljed ning samas lisab olemasolevale vahakihile t\u00e4iendavat kaitset. Autoglym Rapid Detailer on samuti kasutamiseks m\u00e4\u00e4rdeainena koos Autoglym Surface Detailing Clay Bar saviga.<\/p>\n<p><a href=\"https:\/\/www.autoglym.com\/rapid-detailer\" target=\"_blank\" rel=\"noopener noreferrer\">Tootja koduleht<\/a><\/p>\n","protected":false},"featured_media":620,"template":"","meta":{"_acf_changed":false},"product_brand":[257],"product_cat":[45,143,48,47],"product_tag":[83,22,29],"class_list":{"0":"post-615","1":"product","2":"type-product","3":"status-publish","4":"has-post-thumbnail","6":"product_brand-autoglym","7":"product_cat-autoglym-retail","8":"product_cat-koik-tooted-autoglym","9":"product_cat-vahad","10":"product_cat-valispesu-ja-hooldustooted","11":"product_tag-autoglym","12":"product_tag-autokeemia","13":"product_tag-vaha","15":"first","16":"instock","17":"shipping-taxable","18":"product-type-simple"},"acf":[],"yoast_head":"<!-- This site is optimized with the Yoast SEO plugin v27.3 - https:\/\/yoast.com\/product\/yoast-seo-wordpress\/ -->\n<title>Rapid Detailer - L\u00e4ike taastaja - Autoglym autokeemia - Baltoil<\/title>\n<meta name=\"description\" content=\"L\u00e4ike taastaja. V\u00f5ib kasutada igap\u00e4evaselt v\u00e4rskendamaks pinna l\u00e4iget. Eemaldab nii tolmu kui s\u00f5rmej\u00e4ljed ning samas lisab vahakihile t\u00e4iendavat kaitset.\" \/>\n<meta name=\"robots\" content=\"index, follow, max-snippet:-1, max-image-preview:large, max-video-preview:-1\" \/>\n<link rel=\"canonical\" href=\"https:\/\/baltoil.ee\/toode\/rapid-detailer\/\" \/>\n<meta property=\"og:locale\" content=\"lt_LT\" \/>\n<meta property=\"og:type\" content=\"article\" \/>\n<meta property=\"og:title\" content=\"Rapid Detailer - L\u00e4ike taastaja - Autoglym autokeemia - Baltoil\" \/>\n<meta property=\"og:description\" content=\"L\u00e4ike taastaja. V\u00f5ib kasutada igap\u00e4evaselt v\u00e4rskendamaks pinna l\u00e4iget. Eemaldab nii tolmu kui s\u00f5rmej\u00e4ljed ning samas lisab vahakihile t\u00e4iendavat kaitset.\" \/>\n<meta property=\"og:url\" content=\"https:\/\/baltoil.ee\/toode\/rapid-detailer\/\" \/>\n<meta property=\"og:site_name\" content=\"Baltoil\" \/>\n<meta property=\"article:modified_time\" content=\"2026-01-28T10:17:32+00:00\" \/>\n<meta property=\"og:image\" content=\"https:\/\/baltoil.ee\/wp-content\/uploads\/2019\/06\/rapid_detailer_website_canvas_150dpi.png\" \/>\n\t<meta property=\"og:image:width\" content=\"400\" \/>\n\t<meta property=\"og:image:height\" content=\"400\" \/>\n\t<meta property=\"og:image:type\" content=\"image\/png\" \/>\n<meta name=\"twitter:card\" content=\"summary_large_image\" \/>\n<script type=\"application\/ld+json\" class=\"yoast-schema-graph\">{\"@context\":\"https:\\\/\\\/schema.org\",\"@graph\":[{\"@type\":\"WebPage\",\"@id\":\"https:\\\/\\\/baltoil.ee\\\/toode\\\/rapid-detailer\\\/\",\"url\":\"https:\\\/\\\/baltoil.ee\\\/toode\\\/rapid-detailer\\\/\",\"name\":\"Rapid Detailer - L\u00e4ike taastaja - Autoglym autokeemia - Baltoil\",\"isPartOf\":{\"@id\":\"https:\\\/\\\/baltoil.ee\\\/#website\"},\"primaryImageOfPage\":{\"@id\":\"https:\\\/\\\/baltoil.ee\\\/toode\\\/rapid-detailer\\\/#primaryimage\"},\"image\":{\"@id\":\"https:\\\/\\\/baltoil.ee\\\/toode\\\/rapid-detailer\\\/#primaryimage\"},\"thumbnailUrl\":\"https:\\\/\\\/baltoil.ee\\\/wp-content\\\/uploads\\\/2019\\\/06\\\/rapid_detailer_website_canvas_150dpi.png\",\"datePublished\":\"2019-06-05T11:57:40+00:00\",\"dateModified\":\"2026-01-28T10:17:32+00:00\",\"description\":\"L\u00e4ike taastaja. V\u00f5ib kasutada igap\u00e4evaselt v\u00e4rskendamaks pinna l\u00e4iget. Eemaldab nii tolmu kui s\u00f5rmej\u00e4ljed ning samas lisab vahakihile t\u00e4iendavat kaitset.\",\"breadcrumb\":{\"@id\":\"https:\\\/\\\/baltoil.ee\\\/toode\\\/rapid-detailer\\\/#breadcrumb\"},\"inLanguage\":\"lt-LT\",\"potentialAction\":[{\"@type\":\"ReadAction\",\"target\":[\"https:\\\/\\\/baltoil.ee\\\/toode\\\/rapid-detailer\\\/\"]}]},{\"@type\":\"ImageObject\",\"inLanguage\":\"lt-LT\",\"@id\":\"https:\\\/\\\/baltoil.ee\\\/toode\\\/rapid-detailer\\\/#primaryimage\",\"url\":\"https:\\\/\\\/baltoil.ee\\\/wp-content\\\/uploads\\\/2019\\\/06\\\/rapid_detailer_website_canvas_150dpi.png\",\"contentUrl\":\"https:\\\/\\\/baltoil.ee\\\/wp-content\\\/uploads\\\/2019\\\/06\\\/rapid_detailer_website_canvas_150dpi.png\",\"width\":400,\"height\":400},{\"@type\":\"BreadcrumbList\",\"@id\":\"https:\\\/\\\/baltoil.ee\\\/toode\\\/rapid-detailer\\\/#breadcrumb\",\"itemListElement\":[{\"@type\":\"ListItem\",\"position\":1,\"name\":\"Home\",\"item\":\"https:\\\/\\\/baltoil.ee\\\/lt\\\/\"},{\"@type\":\"ListItem\",\"position\":2,\"name\":\"Tooted\",\"item\":\"https:\\\/\\\/baltoil.ee\\\/tooted\\\/\"},{\"@type\":\"ListItem\",\"position\":3,\"name\":\"Rapid Detailer\"}]},{\"@type\":\"WebSite\",\"@id\":\"https:\\\/\\\/baltoil.ee\\\/#website\",\"url\":\"https:\\\/\\\/baltoil.ee\\\/\",\"name\":\"Baltoil\",\"description\":\"\",\"publisher\":{\"@id\":\"https:\\\/\\\/baltoil.ee\\\/#organization\"},\"potentialAction\":[{\"@type\":\"SearchAction\",\"target\":{\"@type\":\"EntryPoint\",\"urlTemplate\":\"https:\\\/\\\/baltoil.ee\\\/?s={search_term_string}\"},\"query-input\":{\"@type\":\"PropertyValueSpecification\",\"valueRequired\":true,\"valueName\":\"search_term_string\"}}],\"inLanguage\":\"lt-LT\"},{\"@type\":\"Organization\",\"@id\":\"https:\\\/\\\/baltoil.ee\\\/#organization\",\"name\":\"AS Baltoil\",\"url\":\"https:\\\/\\\/baltoil.ee\\\/\",\"logo\":{\"@type\":\"ImageObject\",\"inLanguage\":\"lt-LT\",\"@id\":\"https:\\\/\\\/baltoil.ee\\\/#\\\/schema\\\/logo\\\/image\\\/\",\"url\":\"https:\\\/\\\/baltoil.ee\\\/wp-content\\\/uploads\\\/2020\\\/04\\\/baltoil_logo.svg\",\"contentUrl\":\"https:\\\/\\\/baltoil.ee\\\/wp-content\\\/uploads\\\/2020\\\/04\\\/baltoil_logo.svg\",\"width\":1,\"height\":1,\"caption\":\"AS Baltoil\"},\"image\":{\"@id\":\"https:\\\/\\\/baltoil.ee\\\/#\\\/schema\\\/logo\\\/image\\\/\"}}]}<\/script>\n<!-- \/ Yoast SEO plugin. -->","yoast_head_json":{"title":"Rapid Detailer - L\u00e4ike taastaja - Autoglym autokeemia - Baltoil","description":"L\u00e4ike taastaja. V\u00f5ib kasutada igap\u00e4evaselt v\u00e4rskendamaks pinna l\u00e4iget. Eemaldab nii tolmu kui s\u00f5rmej\u00e4ljed ning samas lisab vahakihile t\u00e4iendavat kaitset.","robots":{"index":"index","follow":"follow","max-snippet":"max-snippet:-1","max-image-preview":"max-image-preview:large","max-video-preview":"max-video-preview:-1"},"canonical":"https:\/\/baltoil.ee\/toode\/rapid-detailer\/","og_locale":"lt_LT","og_type":"article","og_title":"Rapid Detailer - L\u00e4ike taastaja - Autoglym autokeemia - Baltoil","og_description":"L\u00e4ike taastaja. V\u00f5ib kasutada igap\u00e4evaselt v\u00e4rskendamaks pinna l\u00e4iget. Eemaldab nii tolmu kui s\u00f5rmej\u00e4ljed ning samas lisab vahakihile t\u00e4iendavat kaitset.","og_url":"https:\/\/baltoil.ee\/toode\/rapid-detailer\/","og_site_name":"Baltoil","article_modified_time":"2026-01-28T10:17:32+00:00","og_image":[{"width":400,"height":400,"url":"https:\/\/baltoil.ee\/wp-content\/uploads\/2019\/06\/rapid_detailer_website_canvas_150dpi.png","type":"image\/png"}],"twitter_card":"summary_large_image","schema":{"@context":"https:\/\/schema.org","@graph":[{"@type":"WebPage","@id":"https:\/\/baltoil.ee\/toode\/rapid-detailer\/","url":"https:\/\/baltoil.ee\/toode\/rapid-detailer\/","name":"Rapid Detailer - L\u00e4ike taastaja - Autoglym autokeemia - Baltoil","isPartOf":{"@id":"https:\/\/baltoil.ee\/#website"},"primaryImageOfPage":{"@id":"https:\/\/baltoil.ee\/toode\/rapid-detailer\/#primaryimage"},"image":{"@id":"https:\/\/baltoil.ee\/toode\/rapid-detailer\/#primaryimage"},"thumbnailUrl":"https:\/\/baltoil.ee\/wp-content\/uploads\/2019\/06\/rapid_detailer_website_canvas_150dpi.png","datePublished":"2019-06-05T11:57:40+00:00","dateModified":"2026-01-28T10:17:32+00:00","description":"L\u00e4ike taastaja. V\u00f5ib kasutada igap\u00e4evaselt v\u00e4rskendamaks pinna l\u00e4iget. Eemaldab nii tolmu kui s\u00f5rmej\u00e4ljed ning samas lisab vahakihile t\u00e4iendavat kaitset.","breadcrumb":{"@id":"https:\/\/baltoil.ee\/toode\/rapid-detailer\/#breadcrumb"},"inLanguage":"lt-LT","potentialAction":[{"@type":"ReadAction","target":["https:\/\/baltoil.ee\/toode\/rapid-detailer\/"]}]},{"@type":"ImageObject","inLanguage":"lt-LT","@id":"https:\/\/baltoil.ee\/toode\/rapid-detailer\/#primaryimage","url":"https:\/\/baltoil.ee\/wp-content\/uploads\/2019\/06\/rapid_detailer_website_canvas_150dpi.png","contentUrl":"https:\/\/baltoil.ee\/wp-content\/uploads\/2019\/06\/rapid_detailer_website_canvas_150dpi.png","width":400,"height":400},{"@type":"BreadcrumbList","@id":"https:\/\/baltoil.ee\/toode\/rapid-detailer\/#breadcrumb","itemListElement":[{"@type":"ListItem","position":1,"name":"Home","item":"https:\/\/baltoil.ee\/lt\/"},{"@type":"ListItem","position":2,"name":"Tooted","item":"https:\/\/baltoil.ee\/tooted\/"},{"@type":"ListItem","position":3,"name":"Rapid Detailer"}]},{"@type":"WebSite","@id":"https:\/\/baltoil.ee\/#website","url":"https:\/\/baltoil.ee\/","name":"Baltoil","description":"","publisher":{"@id":"https:\/\/baltoil.ee\/#organization"},"potentialAction":[{"@type":"SearchAction","target":{"@type":"EntryPoint","urlTemplate":"https:\/\/baltoil.ee\/?s={search_term_string}"},"query-input":{"@type":"PropertyValueSpecification","valueRequired":true,"valueName":"search_term_string"}}],"inLanguage":"lt-LT"},{"@type":"Organization","@id":"https:\/\/baltoil.ee\/#organization","name":"AS Baltoil","url":"https:\/\/baltoil.ee\/","logo":{"@type":"ImageObject","inLanguage":"lt-LT","@id":"https:\/\/baltoil.ee\/#\/schema\/logo\/image\/","url":"https:\/\/baltoil.ee\/wp-content\/uploads\/2020\/04\/baltoil_logo.svg","contentUrl":"https:\/\/baltoil.ee\/wp-content\/uploads\/2020\/04\/baltoil_logo.svg","width":1,"height":1,"caption":"AS Baltoil"},"image":{"@id":"https:\/\/baltoil.ee\/#\/schema\/logo\/image\/"}}]}},"_links":{"self":[{"href":"https:\/\/baltoil.ee\/lt\/wp-json\/wp\/v2\/product\/615","targetHints":{"allow":["GET"]}}],"collection":[{"href":"https:\/\/baltoil.ee\/lt\/wp-json\/wp\/v2\/product"}],"about":[{"href":"https:\/\/baltoil.ee\/lt\/wp-json\/wp\/v2\/types\/product"}],"wp:featuredmedia":[{"embeddable":true,"href":"https:\/\/baltoil.ee\/lt\/wp-json\/wp\/v2\/media\/620"}],"wp:attachment":[{"href":"https:\/\/baltoil.ee\/lt\/wp-json\/wp\/v2\/media?parent=615"}],"wp:term":[{"taxonomy":"product_brand","embeddable":true,"href":"https:\/\/baltoil.ee\/lt\/wp-json\/wp\/v2\/product_brand?post=615"},{"taxonomy":"product_cat","embeddable":true,"href":"https:\/\/baltoil.ee\/lt\/wp-json\/wp\/v2\/product_cat?post=615"},{"taxonomy":"product_tag","embeddable":true,"href":"https:\/\/baltoil.ee\/lt\/wp-json\/wp\/v2\/product_tag?post=615"}],"curies":[{"name":"wp","href":"https:\/\/api.w.org\/{rel}","templated":true}]}}