{"id":588,"date":"2019-06-05T08:39:23","date_gmt":"2019-06-05T08:39:23","guid":{"rendered":"https:\/\/dev.baltoil.ee\/?post_type=product&#038;p=588"},"modified":"2026-01-28T13:17:57","modified_gmt":"2026-01-28T10:17:57","slug":"ultra-high-definition-wax","status":"publish","type":"product","link":"https:\/\/baltoil.ee\/lt\/toode\/ultra-high-definition-wax\/","title":{"rendered":"Ultra High Definition Wax"},"content":{"rendered":"<input class=\"fooboxshare_post_id\" type=\"hidden\" value=\"588\"\/>","protected":false},"excerpt":{"rendered":"<p><strong><a href=\"https:\/\/www.autoglym.com\/ultra-high-definition-wax\" target=\"_blank\" rel=\"noopener noreferrer\"><img loading=\"lazy\" decoding=\"async\" class=\"alignright wp-image-579\" src=\"https:\/\/baltoil.ee\/wp-content\/uploads\/2019\/06\/autoglym-logo-150x150.png\" alt=\"\" width=\"75\" height=\"75\" srcset=\"https:\/\/baltoil.ee\/wp-content\/uploads\/2019\/06\/autoglym-logo-150x150.png 150w, https:\/\/baltoil.ee\/wp-content\/uploads\/2019\/06\/autoglym-logo-300x300.png 300w, https:\/\/baltoil.ee\/wp-content\/uploads\/2019\/06\/autoglym-logo-200x200.png 200w, https:\/\/baltoil.ee\/wp-content\/uploads\/2019\/06\/autoglym-logo-600x600.png 600w, https:\/\/baltoil.ee\/wp-content\/uploads\/2019\/06\/autoglym-logo-100x100.png 100w, https:\/\/baltoil.ee\/wp-content\/uploads\/2019\/06\/autoglym-logo.png 700w\" sizes=\"auto, (max-width: 75px) 100vw, 75px\" \/><\/a><\/strong><\/p>\n<p>Ultra High Definition Wax\u00b4i kasutades saab pindadele tipptasemel s\u00fcgava l\u00e4ike. Lisaks annab Ultra High Definition Wax pindadele pikaajalise ja tugeva kaitse nii ilmastikutingimuste kui ka maanteemustuse vastu. Ultra High Definition vaha sisaldab lisaks pol\u00fcmeeridele carnaubavaha.<\/p>\n<p>Kasutus:<\/p>\n<ol>\n<li>Kaetav pind peab olema puhas ja kuiv. Kui pinnal on mustust v\u00f5i v\u00e4ikeseid kriime siis t\u00f6\u00f6tle pind Surface Detailing Clay Kit\u00b4iga v\u00f5i Super Resin Polish\u00b4iga.<\/li>\n<li>Kanna vaha komplektis oleva padja abil pinnale ringikujuliste liigutustega. J\u00e4lgi, et kiht tuleb \u00f5huke ja \u00fcthlane.<\/li>\n<li>Lasta kuivada 10-15 minutit ning poleerida pinnad kaasasoleva punase linaga.<\/li>\n<li>Hooldamiseks peske autot regulaarselt Ultra High Definition Shampoo\u00b4ga.<\/li>\n<li>Peske padi peale kasutamist pesuvahendiga, loputage ja laske kuivada.<\/li>\n<\/ol>\n<p><a href=\"https:\/\/www.autoglym.com\/ultra-high-definition-wax\" target=\"_blank\" rel=\"noopener noreferrer\">Tootja koduleht<\/a><\/p>\n<p>&nbsp;<\/p>\n","protected":false},"featured_media":603,"template":"","meta":{"_acf_changed":false},"product_brand":[257],"product_cat":[45,143,48],"product_tag":[83,22,29],"class_list":{"0":"post-588","1":"product","2":"type-product","3":"status-publish","4":"has-post-thumbnail","6":"product_brand-autoglym","7":"product_cat-autoglym-retail","8":"product_cat-koik-tooted-autoglym","9":"product_cat-vahad","10":"product_tag-autoglym","11":"product_tag-autokeemia","12":"product_tag-vaha","14":"first","15":"instock","16":"shipping-taxable","17":"product-type-simple"},"acf":[],"yoast_head":"<!-- This site is optimized with the Yoast SEO plugin v27.3 - https:\/\/yoast.com\/product\/yoast-seo-wordpress\/ -->\n<title>Ultra High Definition Wax - Autoglym professionaalne autokeemia - Baltoil<\/title>\n<meta name=\"description\" content=\"Ultra High Definition Wax autovaha annab pindadele tipptasemel s\u00fcgava l\u00e4ike, pikaajalise ja tugeva kaitse. Sisaldab lisaks pol\u00fcmeeridele carnaubavaha.\" \/>\n<meta name=\"robots\" content=\"index, follow, max-snippet:-1, max-image-preview:large, max-video-preview:-1\" \/>\n<link rel=\"canonical\" href=\"https:\/\/baltoil.ee\/toode\/ultra-high-definition-wax\/\" \/>\n<meta property=\"og:locale\" content=\"lt_LT\" \/>\n<meta property=\"og:type\" content=\"article\" \/>\n<meta property=\"og:title\" content=\"Ultra High Definition Wax - Autoglym professionaalne autokeemia - Baltoil\" \/>\n<meta property=\"og:description\" content=\"Ultra High Definition Wax autovaha annab pindadele tipptasemel s\u00fcgava l\u00e4ike, pikaajalise ja tugeva kaitse. Sisaldab lisaks pol\u00fcmeeridele carnaubavaha.\" \/>\n<meta property=\"og:url\" content=\"https:\/\/baltoil.ee\/toode\/ultra-high-definition-wax\/\" \/>\n<meta property=\"og:site_name\" content=\"Baltoil\" \/>\n<meta property=\"article:modified_time\" content=\"2026-01-28T10:17:57+00:00\" \/>\n<meta property=\"og:image\" content=\"https:\/\/baltoil.ee\/wp-content\/uploads\/2019\/06\/uhd_wax_box_contents.png\" \/>\n\t<meta property=\"og:image:width\" content=\"400\" \/>\n\t<meta property=\"og:image:height\" content=\"400\" \/>\n\t<meta property=\"og:image:type\" content=\"image\/png\" \/>\n<meta name=\"twitter:card\" content=\"summary_large_image\" \/>\n<script type=\"application\/ld+json\" class=\"yoast-schema-graph\">{\"@context\":\"https:\\\/\\\/schema.org\",\"@graph\":[{\"@type\":\"WebPage\",\"@id\":\"https:\\\/\\\/baltoil.ee\\\/toode\\\/ultra-high-definition-wax\\\/\",\"url\":\"https:\\\/\\\/baltoil.ee\\\/toode\\\/ultra-high-definition-wax\\\/\",\"name\":\"Ultra High Definition Wax - Autoglym professionaalne autokeemia - Baltoil\",\"isPartOf\":{\"@id\":\"https:\\\/\\\/baltoil.ee\\\/#website\"},\"primaryImageOfPage\":{\"@id\":\"https:\\\/\\\/baltoil.ee\\\/toode\\\/ultra-high-definition-wax\\\/#primaryimage\"},\"image\":{\"@id\":\"https:\\\/\\\/baltoil.ee\\\/toode\\\/ultra-high-definition-wax\\\/#primaryimage\"},\"thumbnailUrl\":\"https:\\\/\\\/baltoil.ee\\\/wp-content\\\/uploads\\\/2019\\\/06\\\/uhd_wax_box_contents.png\",\"datePublished\":\"2019-06-05T08:39:23+00:00\",\"dateModified\":\"2026-01-28T10:17:57+00:00\",\"description\":\"Ultra High Definition Wax autovaha annab pindadele tipptasemel s\u00fcgava l\u00e4ike, pikaajalise ja tugeva kaitse. Sisaldab lisaks pol\u00fcmeeridele carnaubavaha.\",\"breadcrumb\":{\"@id\":\"https:\\\/\\\/baltoil.ee\\\/toode\\\/ultra-high-definition-wax\\\/#breadcrumb\"},\"inLanguage\":\"lt-LT\",\"potentialAction\":[{\"@type\":\"ReadAction\",\"target\":[\"https:\\\/\\\/baltoil.ee\\\/toode\\\/ultra-high-definition-wax\\\/\"]}]},{\"@type\":\"ImageObject\",\"inLanguage\":\"lt-LT\",\"@id\":\"https:\\\/\\\/baltoil.ee\\\/toode\\\/ultra-high-definition-wax\\\/#primaryimage\",\"url\":\"https:\\\/\\\/baltoil.ee\\\/wp-content\\\/uploads\\\/2019\\\/06\\\/uhd_wax_box_contents.png\",\"contentUrl\":\"https:\\\/\\\/baltoil.ee\\\/wp-content\\\/uploads\\\/2019\\\/06\\\/uhd_wax_box_contents.png\",\"width\":400,\"height\":400},{\"@type\":\"BreadcrumbList\",\"@id\":\"https:\\\/\\\/baltoil.ee\\\/toode\\\/ultra-high-definition-wax\\\/#breadcrumb\",\"itemListElement\":[{\"@type\":\"ListItem\",\"position\":1,\"name\":\"Home\",\"item\":\"https:\\\/\\\/baltoil.ee\\\/lt\\\/\"},{\"@type\":\"ListItem\",\"position\":2,\"name\":\"Tooted\",\"item\":\"https:\\\/\\\/baltoil.ee\\\/tooted\\\/\"},{\"@type\":\"ListItem\",\"position\":3,\"name\":\"Ultra High Definition Wax\"}]},{\"@type\":\"WebSite\",\"@id\":\"https:\\\/\\\/baltoil.ee\\\/#website\",\"url\":\"https:\\\/\\\/baltoil.ee\\\/\",\"name\":\"Baltoil\",\"description\":\"\",\"publisher\":{\"@id\":\"https:\\\/\\\/baltoil.ee\\\/#organization\"},\"potentialAction\":[{\"@type\":\"SearchAction\",\"target\":{\"@type\":\"EntryPoint\",\"urlTemplate\":\"https:\\\/\\\/baltoil.ee\\\/?s={search_term_string}\"},\"query-input\":{\"@type\":\"PropertyValueSpecification\",\"valueRequired\":true,\"valueName\":\"search_term_string\"}}],\"inLanguage\":\"lt-LT\"},{\"@type\":\"Organization\",\"@id\":\"https:\\\/\\\/baltoil.ee\\\/#organization\",\"name\":\"AS Baltoil\",\"url\":\"https:\\\/\\\/baltoil.ee\\\/\",\"logo\":{\"@type\":\"ImageObject\",\"inLanguage\":\"lt-LT\",\"@id\":\"https:\\\/\\\/baltoil.ee\\\/#\\\/schema\\\/logo\\\/image\\\/\",\"url\":\"https:\\\/\\\/baltoil.ee\\\/wp-content\\\/uploads\\\/2020\\\/04\\\/baltoil_logo.svg\",\"contentUrl\":\"https:\\\/\\\/baltoil.ee\\\/wp-content\\\/uploads\\\/2020\\\/04\\\/baltoil_logo.svg\",\"width\":1,\"height\":1,\"caption\":\"AS Baltoil\"},\"image\":{\"@id\":\"https:\\\/\\\/baltoil.ee\\\/#\\\/schema\\\/logo\\\/image\\\/\"}}]}<\/script>\n<!-- \/ Yoast SEO plugin. -->","yoast_head_json":{"title":"Ultra High Definition Wax - Autoglym professionaalne autokeemia - Baltoil","description":"Ultra High Definition Wax autovaha annab pindadele tipptasemel s\u00fcgava l\u00e4ike, pikaajalise ja tugeva kaitse. Sisaldab lisaks pol\u00fcmeeridele carnaubavaha.","robots":{"index":"index","follow":"follow","max-snippet":"max-snippet:-1","max-image-preview":"max-image-preview:large","max-video-preview":"max-video-preview:-1"},"canonical":"https:\/\/baltoil.ee\/toode\/ultra-high-definition-wax\/","og_locale":"lt_LT","og_type":"article","og_title":"Ultra High Definition Wax - Autoglym professionaalne autokeemia - Baltoil","og_description":"Ultra High Definition Wax autovaha annab pindadele tipptasemel s\u00fcgava l\u00e4ike, pikaajalise ja tugeva kaitse. Sisaldab lisaks pol\u00fcmeeridele carnaubavaha.","og_url":"https:\/\/baltoil.ee\/toode\/ultra-high-definition-wax\/","og_site_name":"Baltoil","article_modified_time":"2026-01-28T10:17:57+00:00","og_image":[{"width":400,"height":400,"url":"https:\/\/baltoil.ee\/wp-content\/uploads\/2019\/06\/uhd_wax_box_contents.png","type":"image\/png"}],"twitter_card":"summary_large_image","schema":{"@context":"https:\/\/schema.org","@graph":[{"@type":"WebPage","@id":"https:\/\/baltoil.ee\/toode\/ultra-high-definition-wax\/","url":"https:\/\/baltoil.ee\/toode\/ultra-high-definition-wax\/","name":"Ultra High Definition Wax - Autoglym professionaalne autokeemia - Baltoil","isPartOf":{"@id":"https:\/\/baltoil.ee\/#website"},"primaryImageOfPage":{"@id":"https:\/\/baltoil.ee\/toode\/ultra-high-definition-wax\/#primaryimage"},"image":{"@id":"https:\/\/baltoil.ee\/toode\/ultra-high-definition-wax\/#primaryimage"},"thumbnailUrl":"https:\/\/baltoil.ee\/wp-content\/uploads\/2019\/06\/uhd_wax_box_contents.png","datePublished":"2019-06-05T08:39:23+00:00","dateModified":"2026-01-28T10:17:57+00:00","description":"Ultra High Definition Wax autovaha annab pindadele tipptasemel s\u00fcgava l\u00e4ike, pikaajalise ja tugeva kaitse. Sisaldab lisaks pol\u00fcmeeridele carnaubavaha.","breadcrumb":{"@id":"https:\/\/baltoil.ee\/toode\/ultra-high-definition-wax\/#breadcrumb"},"inLanguage":"lt-LT","potentialAction":[{"@type":"ReadAction","target":["https:\/\/baltoil.ee\/toode\/ultra-high-definition-wax\/"]}]},{"@type":"ImageObject","inLanguage":"lt-LT","@id":"https:\/\/baltoil.ee\/toode\/ultra-high-definition-wax\/#primaryimage","url":"https:\/\/baltoil.ee\/wp-content\/uploads\/2019\/06\/uhd_wax_box_contents.png","contentUrl":"https:\/\/baltoil.ee\/wp-content\/uploads\/2019\/06\/uhd_wax_box_contents.png","width":400,"height":400},{"@type":"BreadcrumbList","@id":"https:\/\/baltoil.ee\/toode\/ultra-high-definition-wax\/#breadcrumb","itemListElement":[{"@type":"ListItem","position":1,"name":"Home","item":"https:\/\/baltoil.ee\/lt\/"},{"@type":"ListItem","position":2,"name":"Tooted","item":"https:\/\/baltoil.ee\/tooted\/"},{"@type":"ListItem","position":3,"name":"Ultra High Definition Wax"}]},{"@type":"WebSite","@id":"https:\/\/baltoil.ee\/#website","url":"https:\/\/baltoil.ee\/","name":"Baltoil","description":"","publisher":{"@id":"https:\/\/baltoil.ee\/#organization"},"potentialAction":[{"@type":"SearchAction","target":{"@type":"EntryPoint","urlTemplate":"https:\/\/baltoil.ee\/?s={search_term_string}"},"query-input":{"@type":"PropertyValueSpecification","valueRequired":true,"valueName":"search_term_string"}}],"inLanguage":"lt-LT"},{"@type":"Organization","@id":"https:\/\/baltoil.ee\/#organization","name":"AS Baltoil","url":"https:\/\/baltoil.ee\/","logo":{"@type":"ImageObject","inLanguage":"lt-LT","@id":"https:\/\/baltoil.ee\/#\/schema\/logo\/image\/","url":"https:\/\/baltoil.ee\/wp-content\/uploads\/2020\/04\/baltoil_logo.svg","contentUrl":"https:\/\/baltoil.ee\/wp-content\/uploads\/2020\/04\/baltoil_logo.svg","width":1,"height":1,"caption":"AS Baltoil"},"image":{"@id":"https:\/\/baltoil.ee\/#\/schema\/logo\/image\/"}}]}},"_links":{"self":[{"href":"https:\/\/baltoil.ee\/lt\/wp-json\/wp\/v2\/product\/588","targetHints":{"allow":["GET"]}}],"collection":[{"href":"https:\/\/baltoil.ee\/lt\/wp-json\/wp\/v2\/product"}],"about":[{"href":"https:\/\/baltoil.ee\/lt\/wp-json\/wp\/v2\/types\/product"}],"wp:featuredmedia":[{"embeddable":true,"href":"https:\/\/baltoil.ee\/lt\/wp-json\/wp\/v2\/media\/603"}],"wp:attachment":[{"href":"https:\/\/baltoil.ee\/lt\/wp-json\/wp\/v2\/media?parent=588"}],"wp:term":[{"taxonomy":"product_brand","embeddable":true,"href":"https:\/\/baltoil.ee\/lt\/wp-json\/wp\/v2\/product_brand?post=588"},{"taxonomy":"product_cat","embeddable":true,"href":"https:\/\/baltoil.ee\/lt\/wp-json\/wp\/v2\/product_cat?post=588"},{"taxonomy":"product_tag","embeddable":true,"href":"https:\/\/baltoil.ee\/lt\/wp-json\/wp\/v2\/product_tag?post=588"}],"curies":[{"name":"wp","href":"https:\/\/api.w.org\/{rel}","templated":true}]}}