{"id":564,"date":"2019-06-05T07:16:28","date_gmt":"2019-06-05T07:16:28","guid":{"rendered":"https:\/\/dev.baltoil.ee\/?post_type=product&#038;p=564"},"modified":"2026-01-28T13:17:57","modified_gmt":"2026-01-28T10:17:57","slug":"polar-blast","status":"publish","type":"product","link":"https:\/\/baltoil.ee\/lt\/toode\/polar-blast\/","title":{"rendered":"Polar Blast"},"content":{"rendered":"<input class=\"fooboxshare_post_id\" type=\"hidden\" value=\"564\"\/>","protected":false},"excerpt":{"rendered":"<div class=\"right\">\n<p><strong><a href=\"https:\/\/www.autoglym.com\/polar-blast\" target=\"_blank\" rel=\"noopener noreferrer\"><img loading=\"lazy\" decoding=\"async\" class=\"alignright wp-image-579\" src=\"https:\/\/baltoil.ee\/wp-content\/uploads\/2019\/06\/autoglym-logo-150x150.png\" alt=\"\" width=\"75\" height=\"75\" srcset=\"https:\/\/baltoil.ee\/wp-content\/uploads\/2019\/06\/autoglym-logo-150x150.png 150w, https:\/\/baltoil.ee\/wp-content\/uploads\/2019\/06\/autoglym-logo-300x300.png 300w, https:\/\/baltoil.ee\/wp-content\/uploads\/2019\/06\/autoglym-logo-200x200.png 200w, https:\/\/baltoil.ee\/wp-content\/uploads\/2019\/06\/autoglym-logo-600x600.png 600w, https:\/\/baltoil.ee\/wp-content\/uploads\/2019\/06\/autoglym-logo-100x100.png 100w, https:\/\/baltoil.ee\/wp-content\/uploads\/2019\/06\/autoglym-logo.png 700w\" sizes=\"auto, (max-width: 75px) 100vw, 75px\" \/><\/a>\u201cSnow Foam\u201d eelpesu aine<\/strong><\/p>\n<p>Polar Blast on saadaval 2,5 liitrises pakendis, paks \u201csnow foam\u201d kantakse auto pindadele eelpesuna kasutades survepesurit v\u00f5i vahup\u00fcstolit. Enne shampooni kasutamist, kaetakse s\u00f5iduk paksu Polar Blast vahukihiga, mis nakkub v\u00e4rvipindadele. Vaht eemalda \u00f5rnalt mustuse ja puhastab raskelt m\u00e4\u00e4rdunud kohti. See protseduur v\u00e4hendab pesuk\u00e4sna kasutusest tulenevate kriimustuste riski m\u00e4rgatavalt. Polar Blast\u00b4i v\u00f5ib kasutada ka shampooni asemel, juhul kui auto pole raskesti m\u00e4\u00e4rdunud. Shampoonina kasutades tuleb auto pinnad eelnevalt puhastada veega.<\/p>\n<p>PH neutraalse koostise t\u00f5ttu ei eemalda toode poleeritud v\u00f5i vaha sisaldavaid kihte.<\/p>\n<p><strong>Kuidas Polar Blast\u00b4i kasutada?<\/strong><\/p>\n<ol>\n<li>Enne alustamist kontrollige, et auto kere ja veljed oleksid maha jahtunud ja mitte otsese p\u00e4ikese valguse k\u00e4es.<\/li>\n<li>Polar Blast\u00b4i v\u00f5ib kasutada erinevate lahustena s\u00f5ltudes soovitud vahu paksusest. Soovitatav lahus on 100ml toodet 500ml vee kohta. Muutke vahup\u00fcstoli seadistusi erineva vahu konsistentsi saavutamiseks.<\/li>\n<li>Pritsige Polar Blast s\u00f5iduki pindadele, alustades alt \u00fclesse samalajal veendudes, et k\u00f5ik v\u00e4lised pinnad on vahuga kaetud.<\/li>\n<li>J\u00e4tke Polar Blast seisma pinnale 10 minutiks, kuid veenduge, et toode ei kuiva pinnale.<\/li>\n<li>Viimaks loputage pinnad p\u00f5hjalikult, liikudes alt poolt \u00fclesse.<\/li>\n<\/ol>\n<p><a href=\"https:\/\/www.autoglym.com\/polar-blast\" target=\"_blank\" rel=\"noopener noreferrer\">Tootja koduleht<\/a><\/p>\n<\/div>\n","protected":false},"featured_media":577,"template":"","meta":{"_acf_changed":false},"product_brand":[257],"product_cat":[45,143,47],"product_tag":[83,22,26],"class_list":{"0":"post-564","1":"product","2":"type-product","3":"status-publish","4":"has-post-thumbnail","6":"product_brand-autoglym","7":"product_cat-autoglym-retail","8":"product_cat-koik-tooted-autoglym","9":"product_cat-valispesu-ja-hooldustooted","10":"product_tag-autoglym","11":"product_tag-autokeemia","12":"product_tag-pesuaine","14":"first","15":"instock","16":"shipping-taxable","17":"product-type-simple"},"acf":[],"yoast_head":"<!-- This site is optimized with the Yoast SEO plugin v27.3 - https:\/\/yoast.com\/product\/yoast-seo-wordpress\/ -->\n<title>Polar Blast - Vahupesuaine - Autoglym autokeemia - Baltoil<\/title>\n<meta name=\"description\" content=\"Vahupesuaine \u201csnow foam\u201d kantakse auto pindadele kasutades survepesurit v\u00f5i vahup\u00fcstolit. Vaht eemaldab \u00f5rnalt mustuse ja puhastab raskelt m\u00e4\u00e4rdunud kohti.\" \/>\n<meta name=\"robots\" content=\"index, follow, max-snippet:-1, max-image-preview:large, max-video-preview:-1\" \/>\n<link rel=\"canonical\" href=\"https:\/\/baltoil.ee\/toode\/polar-blast\/\" \/>\n<meta property=\"og:locale\" content=\"lt_LT\" \/>\n<meta property=\"og:type\" content=\"article\" \/>\n<meta property=\"og:title\" content=\"Polar Blast - Vahupesuaine - Autoglym autokeemia - Baltoil\" \/>\n<meta property=\"og:description\" content=\"Vahupesuaine \u201csnow foam\u201d kantakse auto pindadele kasutades survepesurit v\u00f5i vahup\u00fcstolit. Vaht eemaldab \u00f5rnalt mustuse ja puhastab raskelt m\u00e4\u00e4rdunud kohti.\" \/>\n<meta property=\"og:url\" content=\"https:\/\/baltoil.ee\/toode\/polar-blast\/\" \/>\n<meta property=\"og:site_name\" content=\"Baltoil\" \/>\n<meta property=\"article:modified_time\" content=\"2026-01-28T10:17:57+00:00\" \/>\n<meta property=\"og:image\" content=\"https:\/\/baltoil.ee\/wp-content\/uploads\/2019\/06\/polar-blast1.png\" \/>\n\t<meta property=\"og:image:width\" content=\"400\" \/>\n\t<meta property=\"og:image:height\" content=\"400\" \/>\n\t<meta property=\"og:image:type\" content=\"image\/png\" \/>\n<meta name=\"twitter:card\" content=\"summary_large_image\" \/>\n<script type=\"application\/ld+json\" class=\"yoast-schema-graph\">{\"@context\":\"https:\\\/\\\/schema.org\",\"@graph\":[{\"@type\":\"WebPage\",\"@id\":\"https:\\\/\\\/baltoil.ee\\\/toode\\\/polar-blast\\\/\",\"url\":\"https:\\\/\\\/baltoil.ee\\\/toode\\\/polar-blast\\\/\",\"name\":\"Polar Blast - Vahupesuaine - Autoglym autokeemia - Baltoil\",\"isPartOf\":{\"@id\":\"https:\\\/\\\/baltoil.ee\\\/#website\"},\"primaryImageOfPage\":{\"@id\":\"https:\\\/\\\/baltoil.ee\\\/toode\\\/polar-blast\\\/#primaryimage\"},\"image\":{\"@id\":\"https:\\\/\\\/baltoil.ee\\\/toode\\\/polar-blast\\\/#primaryimage\"},\"thumbnailUrl\":\"https:\\\/\\\/baltoil.ee\\\/wp-content\\\/uploads\\\/2019\\\/06\\\/polar-blast1.png\",\"datePublished\":\"2019-06-05T07:16:28+00:00\",\"dateModified\":\"2026-01-28T10:17:57+00:00\",\"description\":\"Vahupesuaine \u201csnow foam\u201d kantakse auto pindadele kasutades survepesurit v\u00f5i vahup\u00fcstolit. Vaht eemaldab \u00f5rnalt mustuse ja puhastab raskelt m\u00e4\u00e4rdunud kohti.\",\"breadcrumb\":{\"@id\":\"https:\\\/\\\/baltoil.ee\\\/toode\\\/polar-blast\\\/#breadcrumb\"},\"inLanguage\":\"lt-LT\",\"potentialAction\":[{\"@type\":\"ReadAction\",\"target\":[\"https:\\\/\\\/baltoil.ee\\\/toode\\\/polar-blast\\\/\"]}]},{\"@type\":\"ImageObject\",\"inLanguage\":\"lt-LT\",\"@id\":\"https:\\\/\\\/baltoil.ee\\\/toode\\\/polar-blast\\\/#primaryimage\",\"url\":\"https:\\\/\\\/baltoil.ee\\\/wp-content\\\/uploads\\\/2019\\\/06\\\/polar-blast1.png\",\"contentUrl\":\"https:\\\/\\\/baltoil.ee\\\/wp-content\\\/uploads\\\/2019\\\/06\\\/polar-blast1.png\",\"width\":400,\"height\":400},{\"@type\":\"BreadcrumbList\",\"@id\":\"https:\\\/\\\/baltoil.ee\\\/toode\\\/polar-blast\\\/#breadcrumb\",\"itemListElement\":[{\"@type\":\"ListItem\",\"position\":1,\"name\":\"Home\",\"item\":\"https:\\\/\\\/baltoil.ee\\\/lt\\\/\"},{\"@type\":\"ListItem\",\"position\":2,\"name\":\"Tooted\",\"item\":\"https:\\\/\\\/baltoil.ee\\\/tooted\\\/\"},{\"@type\":\"ListItem\",\"position\":3,\"name\":\"Polar Blast\"}]},{\"@type\":\"WebSite\",\"@id\":\"https:\\\/\\\/baltoil.ee\\\/#website\",\"url\":\"https:\\\/\\\/baltoil.ee\\\/\",\"name\":\"Baltoil\",\"description\":\"\",\"publisher\":{\"@id\":\"https:\\\/\\\/baltoil.ee\\\/#organization\"},\"potentialAction\":[{\"@type\":\"SearchAction\",\"target\":{\"@type\":\"EntryPoint\",\"urlTemplate\":\"https:\\\/\\\/baltoil.ee\\\/?s={search_term_string}\"},\"query-input\":{\"@type\":\"PropertyValueSpecification\",\"valueRequired\":true,\"valueName\":\"search_term_string\"}}],\"inLanguage\":\"lt-LT\"},{\"@type\":\"Organization\",\"@id\":\"https:\\\/\\\/baltoil.ee\\\/#organization\",\"name\":\"AS Baltoil\",\"url\":\"https:\\\/\\\/baltoil.ee\\\/\",\"logo\":{\"@type\":\"ImageObject\",\"inLanguage\":\"lt-LT\",\"@id\":\"https:\\\/\\\/baltoil.ee\\\/#\\\/schema\\\/logo\\\/image\\\/\",\"url\":\"https:\\\/\\\/baltoil.ee\\\/wp-content\\\/uploads\\\/2020\\\/04\\\/baltoil_logo.svg\",\"contentUrl\":\"https:\\\/\\\/baltoil.ee\\\/wp-content\\\/uploads\\\/2020\\\/04\\\/baltoil_logo.svg\",\"width\":1,\"height\":1,\"caption\":\"AS Baltoil\"},\"image\":{\"@id\":\"https:\\\/\\\/baltoil.ee\\\/#\\\/schema\\\/logo\\\/image\\\/\"}}]}<\/script>\n<!-- \/ Yoast SEO plugin. -->","yoast_head_json":{"title":"Polar Blast - Vahupesuaine - Autoglym autokeemia - Baltoil","description":"Vahupesuaine \u201csnow foam\u201d kantakse auto pindadele kasutades survepesurit v\u00f5i vahup\u00fcstolit. Vaht eemaldab \u00f5rnalt mustuse ja puhastab raskelt m\u00e4\u00e4rdunud kohti.","robots":{"index":"index","follow":"follow","max-snippet":"max-snippet:-1","max-image-preview":"max-image-preview:large","max-video-preview":"max-video-preview:-1"},"canonical":"https:\/\/baltoil.ee\/toode\/polar-blast\/","og_locale":"lt_LT","og_type":"article","og_title":"Polar Blast - Vahupesuaine - Autoglym autokeemia - Baltoil","og_description":"Vahupesuaine \u201csnow foam\u201d kantakse auto pindadele kasutades survepesurit v\u00f5i vahup\u00fcstolit. Vaht eemaldab \u00f5rnalt mustuse ja puhastab raskelt m\u00e4\u00e4rdunud kohti.","og_url":"https:\/\/baltoil.ee\/toode\/polar-blast\/","og_site_name":"Baltoil","article_modified_time":"2026-01-28T10:17:57+00:00","og_image":[{"width":400,"height":400,"url":"https:\/\/baltoil.ee\/wp-content\/uploads\/2019\/06\/polar-blast1.png","type":"image\/png"}],"twitter_card":"summary_large_image","schema":{"@context":"https:\/\/schema.org","@graph":[{"@type":"WebPage","@id":"https:\/\/baltoil.ee\/toode\/polar-blast\/","url":"https:\/\/baltoil.ee\/toode\/polar-blast\/","name":"Polar Blast - Vahupesuaine - Autoglym autokeemia - Baltoil","isPartOf":{"@id":"https:\/\/baltoil.ee\/#website"},"primaryImageOfPage":{"@id":"https:\/\/baltoil.ee\/toode\/polar-blast\/#primaryimage"},"image":{"@id":"https:\/\/baltoil.ee\/toode\/polar-blast\/#primaryimage"},"thumbnailUrl":"https:\/\/baltoil.ee\/wp-content\/uploads\/2019\/06\/polar-blast1.png","datePublished":"2019-06-05T07:16:28+00:00","dateModified":"2026-01-28T10:17:57+00:00","description":"Vahupesuaine \u201csnow foam\u201d kantakse auto pindadele kasutades survepesurit v\u00f5i vahup\u00fcstolit. Vaht eemaldab \u00f5rnalt mustuse ja puhastab raskelt m\u00e4\u00e4rdunud kohti.","breadcrumb":{"@id":"https:\/\/baltoil.ee\/toode\/polar-blast\/#breadcrumb"},"inLanguage":"lt-LT","potentialAction":[{"@type":"ReadAction","target":["https:\/\/baltoil.ee\/toode\/polar-blast\/"]}]},{"@type":"ImageObject","inLanguage":"lt-LT","@id":"https:\/\/baltoil.ee\/toode\/polar-blast\/#primaryimage","url":"https:\/\/baltoil.ee\/wp-content\/uploads\/2019\/06\/polar-blast1.png","contentUrl":"https:\/\/baltoil.ee\/wp-content\/uploads\/2019\/06\/polar-blast1.png","width":400,"height":400},{"@type":"BreadcrumbList","@id":"https:\/\/baltoil.ee\/toode\/polar-blast\/#breadcrumb","itemListElement":[{"@type":"ListItem","position":1,"name":"Home","item":"https:\/\/baltoil.ee\/lt\/"},{"@type":"ListItem","position":2,"name":"Tooted","item":"https:\/\/baltoil.ee\/tooted\/"},{"@type":"ListItem","position":3,"name":"Polar Blast"}]},{"@type":"WebSite","@id":"https:\/\/baltoil.ee\/#website","url":"https:\/\/baltoil.ee\/","name":"Baltoil","description":"","publisher":{"@id":"https:\/\/baltoil.ee\/#organization"},"potentialAction":[{"@type":"SearchAction","target":{"@type":"EntryPoint","urlTemplate":"https:\/\/baltoil.ee\/?s={search_term_string}"},"query-input":{"@type":"PropertyValueSpecification","valueRequired":true,"valueName":"search_term_string"}}],"inLanguage":"lt-LT"},{"@type":"Organization","@id":"https:\/\/baltoil.ee\/#organization","name":"AS Baltoil","url":"https:\/\/baltoil.ee\/","logo":{"@type":"ImageObject","inLanguage":"lt-LT","@id":"https:\/\/baltoil.ee\/#\/schema\/logo\/image\/","url":"https:\/\/baltoil.ee\/wp-content\/uploads\/2020\/04\/baltoil_logo.svg","contentUrl":"https:\/\/baltoil.ee\/wp-content\/uploads\/2020\/04\/baltoil_logo.svg","width":1,"height":1,"caption":"AS Baltoil"},"image":{"@id":"https:\/\/baltoil.ee\/#\/schema\/logo\/image\/"}}]}},"_links":{"self":[{"href":"https:\/\/baltoil.ee\/lt\/wp-json\/wp\/v2\/product\/564","targetHints":{"allow":["GET"]}}],"collection":[{"href":"https:\/\/baltoil.ee\/lt\/wp-json\/wp\/v2\/product"}],"about":[{"href":"https:\/\/baltoil.ee\/lt\/wp-json\/wp\/v2\/types\/product"}],"wp:featuredmedia":[{"embeddable":true,"href":"https:\/\/baltoil.ee\/lt\/wp-json\/wp\/v2\/media\/577"}],"wp:attachment":[{"href":"https:\/\/baltoil.ee\/lt\/wp-json\/wp\/v2\/media?parent=564"}],"wp:term":[{"taxonomy":"product_brand","embeddable":true,"href":"https:\/\/baltoil.ee\/lt\/wp-json\/wp\/v2\/product_brand?post=564"},{"taxonomy":"product_cat","embeddable":true,"href":"https:\/\/baltoil.ee\/lt\/wp-json\/wp\/v2\/product_cat?post=564"},{"taxonomy":"product_tag","embeddable":true,"href":"https:\/\/baltoil.ee\/lt\/wp-json\/wp\/v2\/product_tag?post=564"}],"curies":[{"name":"wp","href":"https:\/\/api.w.org\/{rel}","templated":true}]}}