{"id":559,"date":"2019-06-05T07:01:33","date_gmt":"2019-06-05T07:01:33","guid":{"rendered":"https:\/\/dev.baltoil.ee\/?post_type=product&#038;p=559"},"modified":"2026-01-28T13:14:12","modified_gmt":"2026-01-28T10:14:12","slug":"active-insect-remover","status":"publish","type":"product","link":"https:\/\/baltoil.ee\/lt\/toode\/active-insect-remover\/","title":{"rendered":"Active Insect Remover"},"content":{"rendered":"<input class=\"fooboxshare_post_id\" type=\"hidden\" value=\"559\"\/>","protected":false},"excerpt":{"rendered":"<p><strong><a href=\"https:\/\/www.autoglym.com\/active-insect-remover\" target=\"_blank\" rel=\"noopener noreferrer\"><img loading=\"lazy\" decoding=\"async\" class=\"alignright wp-image-579\" src=\"https:\/\/baltoil.ee\/wp-content\/uploads\/2019\/06\/autoglym-logo-150x150.png\" alt=\"\" width=\"75\" height=\"75\" srcset=\"https:\/\/baltoil.ee\/wp-content\/uploads\/2019\/06\/autoglym-logo-150x150.png 150w, https:\/\/baltoil.ee\/wp-content\/uploads\/2019\/06\/autoglym-logo-300x300.png 300w, https:\/\/baltoil.ee\/wp-content\/uploads\/2019\/06\/autoglym-logo-200x200.png 200w, https:\/\/baltoil.ee\/wp-content\/uploads\/2019\/06\/autoglym-logo-600x600.png 600w, https:\/\/baltoil.ee\/wp-content\/uploads\/2019\/06\/autoglym-logo-100x100.png 100w, https:\/\/baltoil.ee\/wp-content\/uploads\/2019\/06\/autoglym-logo.png 700w\" sizes=\"auto, (max-width: 75px) 100vw, 75px\" \/><\/a>T\u00f5hus putukaeemaldus aine.<\/strong><\/p>\n<p>Autoglym Active Insect Remover\u00a0 on vahutav aine, mis t\u00f5husalt leotab lahti putukate j\u00e4\u00e4gid auto klaasidelt, kummi- ja v\u00e4rvipindadelt. Sobib kasutamiseks autode, mootorrataste, paatide, veokite jm. s\u00f5idukite puhastamiseks.<\/p>\n<p><strong>Kuidas kasutada?<\/strong><\/p>\n<p>Enne kasutamist tugevasti loksutada! Pihusta ainet m\u00e4\u00e4rdunud kohale. Lase toimida u. 30 sekundit ja seej\u00e4rel p\u00fchi puhta pehme lapiga (Perfect Polishing Cloth). Vajadusel protseduuri korrata ja v\u00f5imalusel v\u00e4ltida kuumasid pindasid. Puhastatud pind soovitav \u00fcle puhastada puhta niiske lapiga v\u00f5i pesta.<\/p>\n<p><a href=\"https:\/\/www.autoglym.com\/active-insect-remover\" target=\"_blank\" rel=\"noopener noreferrer\">Tootja koduleht<\/a><\/p>\n","protected":false},"featured_media":562,"template":"","meta":{"_acf_changed":false},"product_brand":[257],"product_cat":[45,143,47],"product_tag":[83,22,26],"class_list":{"0":"post-559","1":"product","2":"type-product","3":"status-publish","4":"has-post-thumbnail","6":"product_brand-autoglym","7":"product_cat-autoglym-retail","8":"product_cat-koik-tooted-autoglym","9":"product_cat-valispesu-ja-hooldustooted","10":"product_tag-autoglym","11":"product_tag-autokeemia","12":"product_tag-pesuaine","14":"first","15":"instock","16":"shipping-taxable","17":"product-type-simple"},"acf":[],"yoast_head":"<!-- This site is optimized with the Yoast SEO plugin v27.3 - https:\/\/yoast.com\/product\/yoast-seo-wordpress\/ -->\n<title>Active Insect Remover - Putukaeemaldus aine - Autoglym - Baltoil<\/title>\n<meta name=\"description\" content=\"T\u00f5hus putukaeemaldus aine. Autoglym Active Insect Remover\u00a0on vahutav aine, mis leotab lahti putukate j\u00e4\u00e4gid auto klaasidelt, kummi- ja v\u00e4rvipindadelt.\" \/>\n<meta name=\"robots\" content=\"index, follow, max-snippet:-1, max-image-preview:large, max-video-preview:-1\" \/>\n<link rel=\"canonical\" href=\"https:\/\/baltoil.ee\/toode\/active-insect-remover\/\" \/>\n<meta property=\"og:locale\" content=\"lt_LT\" \/>\n<meta property=\"og:type\" content=\"article\" \/>\n<meta property=\"og:title\" content=\"Active Insect Remover - Putukaeemaldus aine - Autoglym - Baltoil\" \/>\n<meta property=\"og:description\" content=\"T\u00f5hus putukaeemaldus aine. Autoglym Active Insect Remover\u00a0on vahutav aine, mis leotab lahti putukate j\u00e4\u00e4gid auto klaasidelt, kummi- ja v\u00e4rvipindadelt.\" \/>\n<meta property=\"og:url\" content=\"https:\/\/baltoil.ee\/toode\/active-insect-remover\/\" \/>\n<meta property=\"og:site_name\" content=\"Baltoil\" \/>\n<meta property=\"article:modified_time\" content=\"2026-01-28T10:14:12+00:00\" \/>\n<meta property=\"og:image\" content=\"https:\/\/baltoil.ee\/wp-content\/uploads\/2019\/06\/active_insect_remover_website_canvas_150dpi.png\" \/>\n\t<meta property=\"og:image:width\" content=\"400\" \/>\n\t<meta property=\"og:image:height\" content=\"400\" \/>\n\t<meta property=\"og:image:type\" content=\"image\/png\" \/>\n<meta name=\"twitter:card\" content=\"summary_large_image\" \/>\n<meta name=\"twitter:label1\" content=\"Est. reading time\" \/>\n\t<meta name=\"twitter:data1\" content=\"1 minut\u0117\" \/>\n<script type=\"application\/ld+json\" class=\"yoast-schema-graph\">{\"@context\":\"https:\\\/\\\/schema.org\",\"@graph\":[{\"@type\":\"WebPage\",\"@id\":\"https:\\\/\\\/baltoil.ee\\\/toode\\\/active-insect-remover\\\/\",\"url\":\"https:\\\/\\\/baltoil.ee\\\/toode\\\/active-insect-remover\\\/\",\"name\":\"Active Insect Remover - Putukaeemaldus aine - Autoglym - Baltoil\",\"isPartOf\":{\"@id\":\"https:\\\/\\\/baltoil.ee\\\/#website\"},\"primaryImageOfPage\":{\"@id\":\"https:\\\/\\\/baltoil.ee\\\/toode\\\/active-insect-remover\\\/#primaryimage\"},\"image\":{\"@id\":\"https:\\\/\\\/baltoil.ee\\\/toode\\\/active-insect-remover\\\/#primaryimage\"},\"thumbnailUrl\":\"https:\\\/\\\/baltoil.ee\\\/wp-content\\\/uploads\\\/2019\\\/06\\\/active_insect_remover_website_canvas_150dpi.png\",\"datePublished\":\"2019-06-05T07:01:33+00:00\",\"dateModified\":\"2026-01-28T10:14:12+00:00\",\"description\":\"T\u00f5hus putukaeemaldus aine. Autoglym Active Insect Remover\u00a0on vahutav aine, mis leotab lahti putukate j\u00e4\u00e4gid auto klaasidelt, kummi- ja v\u00e4rvipindadelt.\",\"breadcrumb\":{\"@id\":\"https:\\\/\\\/baltoil.ee\\\/toode\\\/active-insect-remover\\\/#breadcrumb\"},\"inLanguage\":\"lt-LT\",\"potentialAction\":[{\"@type\":\"ReadAction\",\"target\":[\"https:\\\/\\\/baltoil.ee\\\/toode\\\/active-insect-remover\\\/\"]}]},{\"@type\":\"ImageObject\",\"inLanguage\":\"lt-LT\",\"@id\":\"https:\\\/\\\/baltoil.ee\\\/toode\\\/active-insect-remover\\\/#primaryimage\",\"url\":\"https:\\\/\\\/baltoil.ee\\\/wp-content\\\/uploads\\\/2019\\\/06\\\/active_insect_remover_website_canvas_150dpi.png\",\"contentUrl\":\"https:\\\/\\\/baltoil.ee\\\/wp-content\\\/uploads\\\/2019\\\/06\\\/active_insect_remover_website_canvas_150dpi.png\",\"width\":400,\"height\":400},{\"@type\":\"BreadcrumbList\",\"@id\":\"https:\\\/\\\/baltoil.ee\\\/toode\\\/active-insect-remover\\\/#breadcrumb\",\"itemListElement\":[{\"@type\":\"ListItem\",\"position\":1,\"name\":\"Home\",\"item\":\"https:\\\/\\\/baltoil.ee\\\/lt\\\/\"},{\"@type\":\"ListItem\",\"position\":2,\"name\":\"Tooted\",\"item\":\"https:\\\/\\\/baltoil.ee\\\/tooted\\\/\"},{\"@type\":\"ListItem\",\"position\":3,\"name\":\"Active Insect Remover\"}]},{\"@type\":\"WebSite\",\"@id\":\"https:\\\/\\\/baltoil.ee\\\/#website\",\"url\":\"https:\\\/\\\/baltoil.ee\\\/\",\"name\":\"Baltoil\",\"description\":\"\",\"publisher\":{\"@id\":\"https:\\\/\\\/baltoil.ee\\\/#organization\"},\"potentialAction\":[{\"@type\":\"SearchAction\",\"target\":{\"@type\":\"EntryPoint\",\"urlTemplate\":\"https:\\\/\\\/baltoil.ee\\\/?s={search_term_string}\"},\"query-input\":{\"@type\":\"PropertyValueSpecification\",\"valueRequired\":true,\"valueName\":\"search_term_string\"}}],\"inLanguage\":\"lt-LT\"},{\"@type\":\"Organization\",\"@id\":\"https:\\\/\\\/baltoil.ee\\\/#organization\",\"name\":\"AS Baltoil\",\"url\":\"https:\\\/\\\/baltoil.ee\\\/\",\"logo\":{\"@type\":\"ImageObject\",\"inLanguage\":\"lt-LT\",\"@id\":\"https:\\\/\\\/baltoil.ee\\\/#\\\/schema\\\/logo\\\/image\\\/\",\"url\":\"https:\\\/\\\/baltoil.ee\\\/wp-content\\\/uploads\\\/2020\\\/04\\\/baltoil_logo.svg\",\"contentUrl\":\"https:\\\/\\\/baltoil.ee\\\/wp-content\\\/uploads\\\/2020\\\/04\\\/baltoil_logo.svg\",\"width\":1,\"height\":1,\"caption\":\"AS Baltoil\"},\"image\":{\"@id\":\"https:\\\/\\\/baltoil.ee\\\/#\\\/schema\\\/logo\\\/image\\\/\"}}]}<\/script>\n<!-- \/ Yoast SEO plugin. -->","yoast_head_json":{"title":"Active Insect Remover - Putukaeemaldus aine - Autoglym - Baltoil","description":"T\u00f5hus putukaeemaldus aine. Autoglym Active Insect Remover\u00a0on vahutav aine, mis leotab lahti putukate j\u00e4\u00e4gid auto klaasidelt, kummi- ja v\u00e4rvipindadelt.","robots":{"index":"index","follow":"follow","max-snippet":"max-snippet:-1","max-image-preview":"max-image-preview:large","max-video-preview":"max-video-preview:-1"},"canonical":"https:\/\/baltoil.ee\/toode\/active-insect-remover\/","og_locale":"lt_LT","og_type":"article","og_title":"Active Insect Remover - Putukaeemaldus aine - Autoglym - Baltoil","og_description":"T\u00f5hus putukaeemaldus aine. Autoglym Active Insect Remover\u00a0on vahutav aine, mis leotab lahti putukate j\u00e4\u00e4gid auto klaasidelt, kummi- ja v\u00e4rvipindadelt.","og_url":"https:\/\/baltoil.ee\/toode\/active-insect-remover\/","og_site_name":"Baltoil","article_modified_time":"2026-01-28T10:14:12+00:00","og_image":[{"width":400,"height":400,"url":"https:\/\/baltoil.ee\/wp-content\/uploads\/2019\/06\/active_insect_remover_website_canvas_150dpi.png","type":"image\/png"}],"twitter_card":"summary_large_image","twitter_misc":{"Est. reading time":"1 minut\u0117"},"schema":{"@context":"https:\/\/schema.org","@graph":[{"@type":"WebPage","@id":"https:\/\/baltoil.ee\/toode\/active-insect-remover\/","url":"https:\/\/baltoil.ee\/toode\/active-insect-remover\/","name":"Active Insect Remover - Putukaeemaldus aine - Autoglym - Baltoil","isPartOf":{"@id":"https:\/\/baltoil.ee\/#website"},"primaryImageOfPage":{"@id":"https:\/\/baltoil.ee\/toode\/active-insect-remover\/#primaryimage"},"image":{"@id":"https:\/\/baltoil.ee\/toode\/active-insect-remover\/#primaryimage"},"thumbnailUrl":"https:\/\/baltoil.ee\/wp-content\/uploads\/2019\/06\/active_insect_remover_website_canvas_150dpi.png","datePublished":"2019-06-05T07:01:33+00:00","dateModified":"2026-01-28T10:14:12+00:00","description":"T\u00f5hus putukaeemaldus aine. Autoglym Active Insect Remover\u00a0on vahutav aine, mis leotab lahti putukate j\u00e4\u00e4gid auto klaasidelt, kummi- ja v\u00e4rvipindadelt.","breadcrumb":{"@id":"https:\/\/baltoil.ee\/toode\/active-insect-remover\/#breadcrumb"},"inLanguage":"lt-LT","potentialAction":[{"@type":"ReadAction","target":["https:\/\/baltoil.ee\/toode\/active-insect-remover\/"]}]},{"@type":"ImageObject","inLanguage":"lt-LT","@id":"https:\/\/baltoil.ee\/toode\/active-insect-remover\/#primaryimage","url":"https:\/\/baltoil.ee\/wp-content\/uploads\/2019\/06\/active_insect_remover_website_canvas_150dpi.png","contentUrl":"https:\/\/baltoil.ee\/wp-content\/uploads\/2019\/06\/active_insect_remover_website_canvas_150dpi.png","width":400,"height":400},{"@type":"BreadcrumbList","@id":"https:\/\/baltoil.ee\/toode\/active-insect-remover\/#breadcrumb","itemListElement":[{"@type":"ListItem","position":1,"name":"Home","item":"https:\/\/baltoil.ee\/lt\/"},{"@type":"ListItem","position":2,"name":"Tooted","item":"https:\/\/baltoil.ee\/tooted\/"},{"@type":"ListItem","position":3,"name":"Active Insect Remover"}]},{"@type":"WebSite","@id":"https:\/\/baltoil.ee\/#website","url":"https:\/\/baltoil.ee\/","name":"Baltoil","description":"","publisher":{"@id":"https:\/\/baltoil.ee\/#organization"},"potentialAction":[{"@type":"SearchAction","target":{"@type":"EntryPoint","urlTemplate":"https:\/\/baltoil.ee\/?s={search_term_string}"},"query-input":{"@type":"PropertyValueSpecification","valueRequired":true,"valueName":"search_term_string"}}],"inLanguage":"lt-LT"},{"@type":"Organization","@id":"https:\/\/baltoil.ee\/#organization","name":"AS Baltoil","url":"https:\/\/baltoil.ee\/","logo":{"@type":"ImageObject","inLanguage":"lt-LT","@id":"https:\/\/baltoil.ee\/#\/schema\/logo\/image\/","url":"https:\/\/baltoil.ee\/wp-content\/uploads\/2020\/04\/baltoil_logo.svg","contentUrl":"https:\/\/baltoil.ee\/wp-content\/uploads\/2020\/04\/baltoil_logo.svg","width":1,"height":1,"caption":"AS Baltoil"},"image":{"@id":"https:\/\/baltoil.ee\/#\/schema\/logo\/image\/"}}]}},"_links":{"self":[{"href":"https:\/\/baltoil.ee\/lt\/wp-json\/wp\/v2\/product\/559","targetHints":{"allow":["GET"]}}],"collection":[{"href":"https:\/\/baltoil.ee\/lt\/wp-json\/wp\/v2\/product"}],"about":[{"href":"https:\/\/baltoil.ee\/lt\/wp-json\/wp\/v2\/types\/product"}],"wp:featuredmedia":[{"embeddable":true,"href":"https:\/\/baltoil.ee\/lt\/wp-json\/wp\/v2\/media\/562"}],"wp:attachment":[{"href":"https:\/\/baltoil.ee\/lt\/wp-json\/wp\/v2\/media?parent=559"}],"wp:term":[{"taxonomy":"product_brand","embeddable":true,"href":"https:\/\/baltoil.ee\/lt\/wp-json\/wp\/v2\/product_brand?post=559"},{"taxonomy":"product_cat","embeddable":true,"href":"https:\/\/baltoil.ee\/lt\/wp-json\/wp\/v2\/product_cat?post=559"},{"taxonomy":"product_tag","embeddable":true,"href":"https:\/\/baltoil.ee\/lt\/wp-json\/wp\/v2\/product_tag?post=559"}],"curies":[{"name":"wp","href":"https:\/\/api.w.org\/{rel}","templated":true}]}}