{"id":5240,"date":"2023-09-21T09:44:23","date_gmt":"2023-09-21T06:44:23","guid":{"rendered":"https:\/\/baltoil.ee\/?post_type=product&#038;p=5240"},"modified":"2025-09-26T15:02:20","modified_gmt":"2025-09-26T12:02:20","slug":"prugikastid","status":"publish","type":"product","link":"https:\/\/baltoil.ee\/lt\/toode\/prugikastid\/","title":{"rendered":"Pr\u00fcgikastid"},"content":{"rendered":"<input class=\"fooboxshare_post_id\" type=\"hidden\" value=\"5240\"\/>","protected":false},"excerpt":{"rendered":"<p>Kasutatud pr\u00fcgikastid sorteerimiseks.<\/p>\n<p>Saadaval erinevad suurused!<\/p>\n<p>Iga pr\u00fcgikastiga kaasa n\u00f5uetele vastav pr\u00fcgisorteerimise kleebis!<\/p>\n","protected":false},"featured_media":5387,"template":"","meta":{"_acf_changed":false},"product_brand":[],"product_cat":[86],"product_tag":[],"class_list":{"0":"post-5240","1":"product","2":"type-product","3":"status-publish","4":"has-post-thumbnail","6":"product_cat-muud-kodukeemia","8":"first","9":"instock","10":"shipping-taxable","11":"product-type-simple"},"acf":[],"yoast_head":"<!-- This site is optimized with the Yoast SEO plugin v27.3 - https:\/\/yoast.com\/product\/yoast-seo-wordpress\/ -->\n<title>Pr\u00fcgikastid - Baltoil<\/title>\n<meta name=\"description\" content=\"Soodsad kasutatud ratastel pr\u00fcgikastid! Saadaval 600L, 630L 660L. Ideaalne lahendus pr\u00fcgi sorteerimiseks. Pr\u00fcgikasti ostuga kaasa n\u00f5uetele vastav kleebis.\" \/>\n<meta name=\"robots\" content=\"index, follow, max-snippet:-1, max-image-preview:large, max-video-preview:-1\" \/>\n<link rel=\"canonical\" href=\"https:\/\/baltoil.ee\/toode\/prugikastid\/\" \/>\n<meta property=\"og:locale\" content=\"lt_LT\" \/>\n<meta property=\"og:type\" content=\"article\" \/>\n<meta property=\"og:title\" content=\"Pr\u00fcgikastid - Baltoil\" \/>\n<meta property=\"og:description\" content=\"Soodsad kasutatud ratastel pr\u00fcgikastid! Saadaval 600L, 630L 660L. Ideaalne lahendus pr\u00fcgi sorteerimiseks. Pr\u00fcgikasti ostuga kaasa n\u00f5uetele vastav kleebis.\" \/>\n<meta property=\"og:url\" content=\"https:\/\/baltoil.ee\/toode\/prugikastid\/\" \/>\n<meta property=\"og:site_name\" content=\"Baltoil\" \/>\n<meta property=\"article:modified_time\" content=\"2025-09-26T12:02:20+00:00\" \/>\n<meta name=\"twitter:card\" content=\"summary_large_image\" \/>\n<meta name=\"twitter:label1\" content=\"Est. reading time\" \/>\n\t<meta name=\"twitter:data1\" content=\"1 minut\u0117\" \/>\n<script type=\"application\/ld+json\" class=\"yoast-schema-graph\">{\"@context\":\"https:\\\/\\\/schema.org\",\"@graph\":[{\"@type\":\"WebPage\",\"@id\":\"https:\\\/\\\/baltoil.ee\\\/toode\\\/prugikastid\\\/\",\"url\":\"https:\\\/\\\/baltoil.ee\\\/toode\\\/prugikastid\\\/\",\"name\":\"Pr\u00fcgikastid - Baltoil\",\"isPartOf\":{\"@id\":\"https:\\\/\\\/baltoil.ee\\\/#website\"},\"primaryImageOfPage\":{\"@id\":\"https:\\\/\\\/baltoil.ee\\\/toode\\\/prugikastid\\\/#primaryimage\"},\"image\":{\"@id\":\"https:\\\/\\\/baltoil.ee\\\/toode\\\/prugikastid\\\/#primaryimage\"},\"thumbnailUrl\":\"https:\\\/\\\/baltoil.ee\\\/wp-content\\\/uploads\\\/2023\\\/09\\\/Prugikonteinerid-080524-pdf.jpg\",\"datePublished\":\"2023-09-21T06:44:23+00:00\",\"dateModified\":\"2025-09-26T12:02:20+00:00\",\"description\":\"Soodsad kasutatud ratastel pr\u00fcgikastid! Saadaval 600L, 630L 660L. Ideaalne lahendus pr\u00fcgi sorteerimiseks. Pr\u00fcgikasti ostuga kaasa n\u00f5uetele vastav kleebis.\",\"breadcrumb\":{\"@id\":\"https:\\\/\\\/baltoil.ee\\\/toode\\\/prugikastid\\\/#breadcrumb\"},\"inLanguage\":\"lt-LT\",\"potentialAction\":[{\"@type\":\"ReadAction\",\"target\":[\"https:\\\/\\\/baltoil.ee\\\/toode\\\/prugikastid\\\/\"]}]},{\"@type\":\"ImageObject\",\"inLanguage\":\"lt-LT\",\"@id\":\"https:\\\/\\\/baltoil.ee\\\/toode\\\/prugikastid\\\/#primaryimage\",\"url\":\"https:\\\/\\\/baltoil.ee\\\/wp-content\\\/uploads\\\/2023\\\/09\\\/Prugikonteinerid-080524-pdf.jpg\",\"contentUrl\":\"https:\\\/\\\/baltoil.ee\\\/wp-content\\\/uploads\\\/2023\\\/09\\\/Prugikonteinerid-080524-pdf.jpg\"},{\"@type\":\"BreadcrumbList\",\"@id\":\"https:\\\/\\\/baltoil.ee\\\/toode\\\/prugikastid\\\/#breadcrumb\",\"itemListElement\":[{\"@type\":\"ListItem\",\"position\":1,\"name\":\"Home\",\"item\":\"https:\\\/\\\/baltoil.ee\\\/lt\\\/\"},{\"@type\":\"ListItem\",\"position\":2,\"name\":\"Tooted\",\"item\":\"https:\\\/\\\/baltoil.ee\\\/tooted\\\/\"},{\"@type\":\"ListItem\",\"position\":3,\"name\":\"Pr\u00fcgikastid\"}]},{\"@type\":\"WebSite\",\"@id\":\"https:\\\/\\\/baltoil.ee\\\/#website\",\"url\":\"https:\\\/\\\/baltoil.ee\\\/\",\"name\":\"Baltoil\",\"description\":\"\",\"publisher\":{\"@id\":\"https:\\\/\\\/baltoil.ee\\\/#organization\"},\"potentialAction\":[{\"@type\":\"SearchAction\",\"target\":{\"@type\":\"EntryPoint\",\"urlTemplate\":\"https:\\\/\\\/baltoil.ee\\\/?s={search_term_string}\"},\"query-input\":{\"@type\":\"PropertyValueSpecification\",\"valueRequired\":true,\"valueName\":\"search_term_string\"}}],\"inLanguage\":\"lt-LT\"},{\"@type\":\"Organization\",\"@id\":\"https:\\\/\\\/baltoil.ee\\\/#organization\",\"name\":\"AS Baltoil\",\"url\":\"https:\\\/\\\/baltoil.ee\\\/\",\"logo\":{\"@type\":\"ImageObject\",\"inLanguage\":\"lt-LT\",\"@id\":\"https:\\\/\\\/baltoil.ee\\\/#\\\/schema\\\/logo\\\/image\\\/\",\"url\":\"https:\\\/\\\/baltoil.ee\\\/wp-content\\\/uploads\\\/2020\\\/04\\\/baltoil_logo.svg\",\"contentUrl\":\"https:\\\/\\\/baltoil.ee\\\/wp-content\\\/uploads\\\/2020\\\/04\\\/baltoil_logo.svg\",\"width\":1,\"height\":1,\"caption\":\"AS Baltoil\"},\"image\":{\"@id\":\"https:\\\/\\\/baltoil.ee\\\/#\\\/schema\\\/logo\\\/image\\\/\"}}]}<\/script>\n<!-- \/ Yoast SEO plugin. -->","yoast_head_json":{"title":"Pr\u00fcgikastid - Baltoil","description":"Soodsad kasutatud ratastel pr\u00fcgikastid! Saadaval 600L, 630L 660L. Ideaalne lahendus pr\u00fcgi sorteerimiseks. Pr\u00fcgikasti ostuga kaasa n\u00f5uetele vastav kleebis.","robots":{"index":"index","follow":"follow","max-snippet":"max-snippet:-1","max-image-preview":"max-image-preview:large","max-video-preview":"max-video-preview:-1"},"canonical":"https:\/\/baltoil.ee\/toode\/prugikastid\/","og_locale":"lt_LT","og_type":"article","og_title":"Pr\u00fcgikastid - Baltoil","og_description":"Soodsad kasutatud ratastel pr\u00fcgikastid! Saadaval 600L, 630L 660L. Ideaalne lahendus pr\u00fcgi sorteerimiseks. Pr\u00fcgikasti ostuga kaasa n\u00f5uetele vastav kleebis.","og_url":"https:\/\/baltoil.ee\/toode\/prugikastid\/","og_site_name":"Baltoil","article_modified_time":"2025-09-26T12:02:20+00:00","twitter_card":"summary_large_image","twitter_misc":{"Est. reading time":"1 minut\u0117"},"schema":{"@context":"https:\/\/schema.org","@graph":[{"@type":"WebPage","@id":"https:\/\/baltoil.ee\/toode\/prugikastid\/","url":"https:\/\/baltoil.ee\/toode\/prugikastid\/","name":"Pr\u00fcgikastid - Baltoil","isPartOf":{"@id":"https:\/\/baltoil.ee\/#website"},"primaryImageOfPage":{"@id":"https:\/\/baltoil.ee\/toode\/prugikastid\/#primaryimage"},"image":{"@id":"https:\/\/baltoil.ee\/toode\/prugikastid\/#primaryimage"},"thumbnailUrl":"https:\/\/baltoil.ee\/wp-content\/uploads\/2023\/09\/Prugikonteinerid-080524-pdf.jpg","datePublished":"2023-09-21T06:44:23+00:00","dateModified":"2025-09-26T12:02:20+00:00","description":"Soodsad kasutatud ratastel pr\u00fcgikastid! Saadaval 600L, 630L 660L. Ideaalne lahendus pr\u00fcgi sorteerimiseks. Pr\u00fcgikasti ostuga kaasa n\u00f5uetele vastav kleebis.","breadcrumb":{"@id":"https:\/\/baltoil.ee\/toode\/prugikastid\/#breadcrumb"},"inLanguage":"lt-LT","potentialAction":[{"@type":"ReadAction","target":["https:\/\/baltoil.ee\/toode\/prugikastid\/"]}]},{"@type":"ImageObject","inLanguage":"lt-LT","@id":"https:\/\/baltoil.ee\/toode\/prugikastid\/#primaryimage","url":"https:\/\/baltoil.ee\/wp-content\/uploads\/2023\/09\/Prugikonteinerid-080524-pdf.jpg","contentUrl":"https:\/\/baltoil.ee\/wp-content\/uploads\/2023\/09\/Prugikonteinerid-080524-pdf.jpg"},{"@type":"BreadcrumbList","@id":"https:\/\/baltoil.ee\/toode\/prugikastid\/#breadcrumb","itemListElement":[{"@type":"ListItem","position":1,"name":"Home","item":"https:\/\/baltoil.ee\/lt\/"},{"@type":"ListItem","position":2,"name":"Tooted","item":"https:\/\/baltoil.ee\/tooted\/"},{"@type":"ListItem","position":3,"name":"Pr\u00fcgikastid"}]},{"@type":"WebSite","@id":"https:\/\/baltoil.ee\/#website","url":"https:\/\/baltoil.ee\/","name":"Baltoil","description":"","publisher":{"@id":"https:\/\/baltoil.ee\/#organization"},"potentialAction":[{"@type":"SearchAction","target":{"@type":"EntryPoint","urlTemplate":"https:\/\/baltoil.ee\/?s={search_term_string}"},"query-input":{"@type":"PropertyValueSpecification","valueRequired":true,"valueName":"search_term_string"}}],"inLanguage":"lt-LT"},{"@type":"Organization","@id":"https:\/\/baltoil.ee\/#organization","name":"AS Baltoil","url":"https:\/\/baltoil.ee\/","logo":{"@type":"ImageObject","inLanguage":"lt-LT","@id":"https:\/\/baltoil.ee\/#\/schema\/logo\/image\/","url":"https:\/\/baltoil.ee\/wp-content\/uploads\/2020\/04\/baltoil_logo.svg","contentUrl":"https:\/\/baltoil.ee\/wp-content\/uploads\/2020\/04\/baltoil_logo.svg","width":1,"height":1,"caption":"AS Baltoil"},"image":{"@id":"https:\/\/baltoil.ee\/#\/schema\/logo\/image\/"}}]}},"_links":{"self":[{"href":"https:\/\/baltoil.ee\/lt\/wp-json\/wp\/v2\/product\/5240","targetHints":{"allow":["GET"]}}],"collection":[{"href":"https:\/\/baltoil.ee\/lt\/wp-json\/wp\/v2\/product"}],"about":[{"href":"https:\/\/baltoil.ee\/lt\/wp-json\/wp\/v2\/types\/product"}],"wp:featuredmedia":[{"embeddable":true,"href":"https:\/\/baltoil.ee\/lt\/wp-json\/wp\/v2\/media\/5387"}],"wp:attachment":[{"href":"https:\/\/baltoil.ee\/lt\/wp-json\/wp\/v2\/media?parent=5240"}],"wp:term":[{"taxonomy":"product_brand","embeddable":true,"href":"https:\/\/baltoil.ee\/lt\/wp-json\/wp\/v2\/product_brand?post=5240"},{"taxonomy":"product_cat","embeddable":true,"href":"https:\/\/baltoil.ee\/lt\/wp-json\/wp\/v2\/product_cat?post=5240"},{"taxonomy":"product_tag","embeddable":true,"href":"https:\/\/baltoil.ee\/lt\/wp-json\/wp\/v2\/product_tag?post=5240"}],"curies":[{"name":"wp","href":"https:\/\/api.w.org\/{rel}","templated":true}]}}