{"id":514,"date":"2019-05-31T09:56:32","date_gmt":"2019-05-31T09:56:32","guid":{"rendered":"https:\/\/dev.baltoil.ee\/?post_type=product&#038;p=514"},"modified":"2020-07-23T12:02:55","modified_gmt":"2020-07-23T12:02:55","slug":"euro-bio-juhtpindade-ja-transporttoorkettide-maardeoli","status":"publish","type":"product","link":"https:\/\/baltoil.ee\/lt\/toode\/euro-bio-juhtpindade-ja-transporttoorkettide-maardeoli\/","title":{"rendered":"Euro Bio juhtpindade ja transportt\u00f6\u00f6rkettide m\u00e4\u00e4rde\u00f5li"},"content":{"rendered":"<input class=\"fooboxshare_post_id\" type=\"hidden\" value=\"514\"\/>","protected":false},"excerpt":{"rendered":"<p><strong>Sae- ja paberit\u00f6\u00f6stus<\/strong><\/p>\n<p>Euro Bio juhtpindade ja transportt\u00f6\u00f6rkettide m\u00e4\u00e4rde\u00f5li on tehtud rapsi\u00f5list, mis on taastuv ja t\u00e4iesti m\u00fcrigvaba ja looduses kuhjumatu tooraine.<\/p>\n<p><strong>Kasutus:<\/strong><\/p>\n<ul>\n<li>Toode on arendatud kasutamiseks nii sise- kui v\u00e4listingimustes juhtpindade ja transportt\u00f6\u00f6rkettide m\u00e4\u00e4rmiseks. N\u00e4it. Sae- ja paberit\u00f6\u00f6stuses.<\/li>\n<\/ul>\n<p><strong><br \/>\nOmadused:<\/strong><\/p>\n<ul>\n<li>Bio\u00f5li pakub h\u00e4id m\u00e4\u00e4rimisomadusi, mille tulemusena on minimaalne h\u00f6\u00f6rdumine ja kulumine.<\/li>\n<li>\u00d5li kogust v\u00f5ib v\u00e4hendada umbes 40% algup\u00e4rase \u00f5liga v\u00f5rreldes.<\/li>\n<li>Toode toimib hea lahustina ja pakub erilist korrosiooni kaitset.<\/li>\n<li>\u00d5li voolavus ja pumbatavus k\u00fclmades tingimustes on eriti t\u00f5hus, mis tagab hea m\u00e4\u00e4rimise \u00e4\u00e4rmuslikes tingimustes (k\u00fclmas -30\u00baC).<\/li>\n<li>\u00d5lil on hea happetaluvus.<\/li>\n<\/ul>\n<p>&nbsp;<\/p>\n","protected":false},"featured_media":4152,"template":"","meta":{"_acf_changed":false},"product_brand":[],"product_cat":[41,18],"product_tag":[78,20,79],"class_list":{"0":"post-514","1":"product","2":"type-product","3":"status-publish","4":"has-post-thumbnail","6":"product_cat-bio-olid","7":"product_cat-euro-product","8":"product_tag-bio","9":"product_tag-euro","10":"product_tag-oli","12":"first","13":"instock","14":"shipping-taxable","15":"product-type-simple"},"acf":[],"yoast_head":"<!-- This site is optimized with the Yoast SEO plugin v27.3 - https:\/\/yoast.com\/product\/yoast-seo-wordpress\/ -->\n<title>Euro Bio juhtpindade ja transportt\u00f6\u00f6rkettide m\u00e4\u00e4rde\u00f5li - Sae- ja paberit\u00f6\u00f6stus - Baltoil<\/title>\n<meta name=\"description\" content=\"Euro Bio juhtpindade ja transportt\u00f6\u00f6rkettide m\u00e4\u00e4rde\u00f5li on tehtud rapsi\u00f5list, mis on taastuv ja t\u00e4iesti m\u00fcrigvaba ja looduses kuhjumatu tooraine.\" \/>\n<meta name=\"robots\" content=\"index, follow, max-snippet:-1, max-image-preview:large, max-video-preview:-1\" \/>\n<link rel=\"canonical\" href=\"https:\/\/baltoil.ee\/toode\/euro-bio-juhtpindade-ja-transporttoorkettide-maardeoli\/\" \/>\n<meta property=\"og:locale\" content=\"lt_LT\" \/>\n<meta property=\"og:type\" content=\"article\" \/>\n<meta property=\"og:title\" content=\"Euro Bio juhtpindade ja transportt\u00f6\u00f6rkettide m\u00e4\u00e4rde\u00f5li - Sae- ja paberit\u00f6\u00f6stus - Baltoil\" \/>\n<meta property=\"og:description\" content=\"Euro Bio juhtpindade ja transportt\u00f6\u00f6rkettide m\u00e4\u00e4rde\u00f5li on tehtud rapsi\u00f5list, mis on taastuv ja t\u00e4iesti m\u00fcrigvaba ja looduses kuhjumatu tooraine.\" \/>\n<meta property=\"og:url\" content=\"https:\/\/baltoil.ee\/toode\/euro-bio-juhtpindade-ja-transporttoorkettide-maardeoli\/\" \/>\n<meta property=\"og:site_name\" content=\"Baltoil\" \/>\n<meta property=\"article:modified_time\" content=\"2020-07-23T12:02:55+00:00\" \/>\n<meta property=\"og:image\" content=\"https:\/\/baltoil.ee\/wp-content\/uploads\/2019\/05\/euro-product-logo-r.png\" \/>\n\t<meta property=\"og:image:width\" content=\"800\" \/>\n\t<meta property=\"og:image:height\" content=\"500\" \/>\n\t<meta property=\"og:image:type\" content=\"image\/png\" \/>\n<meta name=\"twitter:card\" content=\"summary_large_image\" \/>\n<script type=\"application\/ld+json\" class=\"yoast-schema-graph\">{\"@context\":\"https:\\\/\\\/schema.org\",\"@graph\":[{\"@type\":\"WebPage\",\"@id\":\"https:\\\/\\\/baltoil.ee\\\/toode\\\/euro-bio-juhtpindade-ja-transporttoorkettide-maardeoli\\\/\",\"url\":\"https:\\\/\\\/baltoil.ee\\\/toode\\\/euro-bio-juhtpindade-ja-transporttoorkettide-maardeoli\\\/\",\"name\":\"Euro Bio juhtpindade ja transportt\u00f6\u00f6rkettide m\u00e4\u00e4rde\u00f5li - Sae- ja paberit\u00f6\u00f6stus - Baltoil\",\"isPartOf\":{\"@id\":\"https:\\\/\\\/baltoil.ee\\\/#website\"},\"primaryImageOfPage\":{\"@id\":\"https:\\\/\\\/baltoil.ee\\\/toode\\\/euro-bio-juhtpindade-ja-transporttoorkettide-maardeoli\\\/#primaryimage\"},\"image\":{\"@id\":\"https:\\\/\\\/baltoil.ee\\\/toode\\\/euro-bio-juhtpindade-ja-transporttoorkettide-maardeoli\\\/#primaryimage\"},\"thumbnailUrl\":\"https:\\\/\\\/baltoil.ee\\\/wp-content\\\/uploads\\\/2019\\\/05\\\/euro-product-logo-r.png\",\"datePublished\":\"2019-05-31T09:56:32+00:00\",\"dateModified\":\"2020-07-23T12:02:55+00:00\",\"description\":\"Euro Bio juhtpindade ja transportt\u00f6\u00f6rkettide m\u00e4\u00e4rde\u00f5li on tehtud rapsi\u00f5list, mis on taastuv ja t\u00e4iesti m\u00fcrigvaba ja looduses kuhjumatu tooraine.\",\"breadcrumb\":{\"@id\":\"https:\\\/\\\/baltoil.ee\\\/toode\\\/euro-bio-juhtpindade-ja-transporttoorkettide-maardeoli\\\/#breadcrumb\"},\"inLanguage\":\"lt-LT\",\"potentialAction\":[{\"@type\":\"ReadAction\",\"target\":[\"https:\\\/\\\/baltoil.ee\\\/toode\\\/euro-bio-juhtpindade-ja-transporttoorkettide-maardeoli\\\/\"]}]},{\"@type\":\"ImageObject\",\"inLanguage\":\"lt-LT\",\"@id\":\"https:\\\/\\\/baltoil.ee\\\/toode\\\/euro-bio-juhtpindade-ja-transporttoorkettide-maardeoli\\\/#primaryimage\",\"url\":\"https:\\\/\\\/baltoil.ee\\\/wp-content\\\/uploads\\\/2019\\\/05\\\/euro-product-logo-r.png\",\"contentUrl\":\"https:\\\/\\\/baltoil.ee\\\/wp-content\\\/uploads\\\/2019\\\/05\\\/euro-product-logo-r.png\",\"width\":800,\"height\":500},{\"@type\":\"BreadcrumbList\",\"@id\":\"https:\\\/\\\/baltoil.ee\\\/toode\\\/euro-bio-juhtpindade-ja-transporttoorkettide-maardeoli\\\/#breadcrumb\",\"itemListElement\":[{\"@type\":\"ListItem\",\"position\":1,\"name\":\"Home\",\"item\":\"https:\\\/\\\/baltoil.ee\\\/lt\\\/\"},{\"@type\":\"ListItem\",\"position\":2,\"name\":\"Tooted\",\"item\":\"https:\\\/\\\/baltoil.ee\\\/tooted\\\/\"},{\"@type\":\"ListItem\",\"position\":3,\"name\":\"Euro Bio juhtpindade ja transportt\u00f6\u00f6rkettide m\u00e4\u00e4rde\u00f5li\"}]},{\"@type\":\"WebSite\",\"@id\":\"https:\\\/\\\/baltoil.ee\\\/#website\",\"url\":\"https:\\\/\\\/baltoil.ee\\\/\",\"name\":\"Baltoil\",\"description\":\"\",\"publisher\":{\"@id\":\"https:\\\/\\\/baltoil.ee\\\/#organization\"},\"potentialAction\":[{\"@type\":\"SearchAction\",\"target\":{\"@type\":\"EntryPoint\",\"urlTemplate\":\"https:\\\/\\\/baltoil.ee\\\/?s={search_term_string}\"},\"query-input\":{\"@type\":\"PropertyValueSpecification\",\"valueRequired\":true,\"valueName\":\"search_term_string\"}}],\"inLanguage\":\"lt-LT\"},{\"@type\":\"Organization\",\"@id\":\"https:\\\/\\\/baltoil.ee\\\/#organization\",\"name\":\"AS Baltoil\",\"url\":\"https:\\\/\\\/baltoil.ee\\\/\",\"logo\":{\"@type\":\"ImageObject\",\"inLanguage\":\"lt-LT\",\"@id\":\"https:\\\/\\\/baltoil.ee\\\/#\\\/schema\\\/logo\\\/image\\\/\",\"url\":\"https:\\\/\\\/baltoil.ee\\\/wp-content\\\/uploads\\\/2020\\\/04\\\/baltoil_logo.svg\",\"contentUrl\":\"https:\\\/\\\/baltoil.ee\\\/wp-content\\\/uploads\\\/2020\\\/04\\\/baltoil_logo.svg\",\"width\":1,\"height\":1,\"caption\":\"AS Baltoil\"},\"image\":{\"@id\":\"https:\\\/\\\/baltoil.ee\\\/#\\\/schema\\\/logo\\\/image\\\/\"}}]}<\/script>\n<!-- \/ Yoast SEO plugin. -->","yoast_head_json":{"title":"Euro Bio juhtpindade ja transportt\u00f6\u00f6rkettide m\u00e4\u00e4rde\u00f5li - Sae- ja paberit\u00f6\u00f6stus - Baltoil","description":"Euro Bio juhtpindade ja transportt\u00f6\u00f6rkettide m\u00e4\u00e4rde\u00f5li on tehtud rapsi\u00f5list, mis on taastuv ja t\u00e4iesti m\u00fcrigvaba ja looduses kuhjumatu tooraine.","robots":{"index":"index","follow":"follow","max-snippet":"max-snippet:-1","max-image-preview":"max-image-preview:large","max-video-preview":"max-video-preview:-1"},"canonical":"https:\/\/baltoil.ee\/toode\/euro-bio-juhtpindade-ja-transporttoorkettide-maardeoli\/","og_locale":"lt_LT","og_type":"article","og_title":"Euro Bio juhtpindade ja transportt\u00f6\u00f6rkettide m\u00e4\u00e4rde\u00f5li - Sae- ja paberit\u00f6\u00f6stus - Baltoil","og_description":"Euro Bio juhtpindade ja transportt\u00f6\u00f6rkettide m\u00e4\u00e4rde\u00f5li on tehtud rapsi\u00f5list, mis on taastuv ja t\u00e4iesti m\u00fcrigvaba ja looduses kuhjumatu tooraine.","og_url":"https:\/\/baltoil.ee\/toode\/euro-bio-juhtpindade-ja-transporttoorkettide-maardeoli\/","og_site_name":"Baltoil","article_modified_time":"2020-07-23T12:02:55+00:00","og_image":[{"width":800,"height":500,"url":"https:\/\/baltoil.ee\/wp-content\/uploads\/2019\/05\/euro-product-logo-r.png","type":"image\/png"}],"twitter_card":"summary_large_image","schema":{"@context":"https:\/\/schema.org","@graph":[{"@type":"WebPage","@id":"https:\/\/baltoil.ee\/toode\/euro-bio-juhtpindade-ja-transporttoorkettide-maardeoli\/","url":"https:\/\/baltoil.ee\/toode\/euro-bio-juhtpindade-ja-transporttoorkettide-maardeoli\/","name":"Euro Bio juhtpindade ja transportt\u00f6\u00f6rkettide m\u00e4\u00e4rde\u00f5li - Sae- ja paberit\u00f6\u00f6stus - Baltoil","isPartOf":{"@id":"https:\/\/baltoil.ee\/#website"},"primaryImageOfPage":{"@id":"https:\/\/baltoil.ee\/toode\/euro-bio-juhtpindade-ja-transporttoorkettide-maardeoli\/#primaryimage"},"image":{"@id":"https:\/\/baltoil.ee\/toode\/euro-bio-juhtpindade-ja-transporttoorkettide-maardeoli\/#primaryimage"},"thumbnailUrl":"https:\/\/baltoil.ee\/wp-content\/uploads\/2019\/05\/euro-product-logo-r.png","datePublished":"2019-05-31T09:56:32+00:00","dateModified":"2020-07-23T12:02:55+00:00","description":"Euro Bio juhtpindade ja transportt\u00f6\u00f6rkettide m\u00e4\u00e4rde\u00f5li on tehtud rapsi\u00f5list, mis on taastuv ja t\u00e4iesti m\u00fcrigvaba ja looduses kuhjumatu tooraine.","breadcrumb":{"@id":"https:\/\/baltoil.ee\/toode\/euro-bio-juhtpindade-ja-transporttoorkettide-maardeoli\/#breadcrumb"},"inLanguage":"lt-LT","potentialAction":[{"@type":"ReadAction","target":["https:\/\/baltoil.ee\/toode\/euro-bio-juhtpindade-ja-transporttoorkettide-maardeoli\/"]}]},{"@type":"ImageObject","inLanguage":"lt-LT","@id":"https:\/\/baltoil.ee\/toode\/euro-bio-juhtpindade-ja-transporttoorkettide-maardeoli\/#primaryimage","url":"https:\/\/baltoil.ee\/wp-content\/uploads\/2019\/05\/euro-product-logo-r.png","contentUrl":"https:\/\/baltoil.ee\/wp-content\/uploads\/2019\/05\/euro-product-logo-r.png","width":800,"height":500},{"@type":"BreadcrumbList","@id":"https:\/\/baltoil.ee\/toode\/euro-bio-juhtpindade-ja-transporttoorkettide-maardeoli\/#breadcrumb","itemListElement":[{"@type":"ListItem","position":1,"name":"Home","item":"https:\/\/baltoil.ee\/lt\/"},{"@type":"ListItem","position":2,"name":"Tooted","item":"https:\/\/baltoil.ee\/tooted\/"},{"@type":"ListItem","position":3,"name":"Euro Bio juhtpindade ja transportt\u00f6\u00f6rkettide m\u00e4\u00e4rde\u00f5li"}]},{"@type":"WebSite","@id":"https:\/\/baltoil.ee\/#website","url":"https:\/\/baltoil.ee\/","name":"Baltoil","description":"","publisher":{"@id":"https:\/\/baltoil.ee\/#organization"},"potentialAction":[{"@type":"SearchAction","target":{"@type":"EntryPoint","urlTemplate":"https:\/\/baltoil.ee\/?s={search_term_string}"},"query-input":{"@type":"PropertyValueSpecification","valueRequired":true,"valueName":"search_term_string"}}],"inLanguage":"lt-LT"},{"@type":"Organization","@id":"https:\/\/baltoil.ee\/#organization","name":"AS Baltoil","url":"https:\/\/baltoil.ee\/","logo":{"@type":"ImageObject","inLanguage":"lt-LT","@id":"https:\/\/baltoil.ee\/#\/schema\/logo\/image\/","url":"https:\/\/baltoil.ee\/wp-content\/uploads\/2020\/04\/baltoil_logo.svg","contentUrl":"https:\/\/baltoil.ee\/wp-content\/uploads\/2020\/04\/baltoil_logo.svg","width":1,"height":1,"caption":"AS Baltoil"},"image":{"@id":"https:\/\/baltoil.ee\/#\/schema\/logo\/image\/"}}]}},"_links":{"self":[{"href":"https:\/\/baltoil.ee\/lt\/wp-json\/wp\/v2\/product\/514","targetHints":{"allow":["GET"]}}],"collection":[{"href":"https:\/\/baltoil.ee\/lt\/wp-json\/wp\/v2\/product"}],"about":[{"href":"https:\/\/baltoil.ee\/lt\/wp-json\/wp\/v2\/types\/product"}],"wp:featuredmedia":[{"embeddable":true,"href":"https:\/\/baltoil.ee\/lt\/wp-json\/wp\/v2\/media\/4152"}],"wp:attachment":[{"href":"https:\/\/baltoil.ee\/lt\/wp-json\/wp\/v2\/media?parent=514"}],"wp:term":[{"taxonomy":"product_brand","embeddable":true,"href":"https:\/\/baltoil.ee\/lt\/wp-json\/wp\/v2\/product_brand?post=514"},{"taxonomy":"product_cat","embeddable":true,"href":"https:\/\/baltoil.ee\/lt\/wp-json\/wp\/v2\/product_cat?post=514"},{"taxonomy":"product_tag","embeddable":true,"href":"https:\/\/baltoil.ee\/lt\/wp-json\/wp\/v2\/product_tag?post=514"}],"curies":[{"name":"wp","href":"https:\/\/api.w.org\/{rel}","templated":true}]}}