{"id":512,"date":"2019-05-31T09:41:20","date_gmt":"2019-05-31T09:41:20","guid":{"rendered":"https:\/\/dev.baltoil.ee\/?post_type=product&#038;p=512"},"modified":"2020-07-23T12:06:38","modified_gmt":"2020-07-23T12:06:38","slug":"euro-bio-saeoli","status":"publish","type":"product","link":"https:\/\/baltoil.ee\/lt\/toode\/euro-bio-saeoli\/","title":{"rendered":"Euro Bio Sae\u00f5li"},"content":{"rendered":"<input class=\"fooboxshare_post_id\" type=\"hidden\" value=\"512\"\/>","protected":false},"excerpt":{"rendered":"<p><strong>\u00d5lituseks ja jahutuseks puitmaterjali saagimisel.<\/strong><\/p>\n<p>Euro Bio emulgeeruv sae\u00f5li on tehtud rapsi\u00f5li p\u00f5hisest estrist, mis on taastuv, biolagunev, m\u00fcrgivaba ja loodusesse kuhjumatu tooraine.<\/p>\n<p><strong>Kasutus:<\/strong><\/p>\n<ul>\n<li>Toode on aretatud kasutatavaks saet\u00f6\u00f6stuses \u00f5lituseks ja jahutuseks puitmaterjali saagimisel.<\/li>\n<li>Kasutatakse \u00f5li-\/vee-emulsioonina 1-3 %.<\/li>\n<\/ul>\n<p><strong><br \/>\nOmadused:<\/strong><\/p>\n<ul>\n<li>Bio\u00f5li v\u00e4hendab terade kulumist ja pakub suurep\u00e4rase korrosioonikaitse.<\/li>\n<li>Toode toimib hea lahustina ja n\u00f5nda takistab vaigu kleepumist tera pinnale.<\/li>\n<li>\u00d5li emulgeerub h\u00e4sti vees.<\/li>\n<\/ul>\n<p><strong><br \/>\nKasutusturvalisus:<\/strong><\/p>\n<ul>\n<li>Toode on m\u00fcrgivaba ning ei \u00e4rrita nahka ega silmi.<\/li>\n<li>Tootel on k\u00f5rged keemis- ja leekpunktid.<\/li>\n<li>Ohutuskaart saadaval.<\/li>\n<\/ul>\n<p>&nbsp;<\/p>\n","protected":false},"featured_media":4152,"template":"","meta":{"_acf_changed":false},"product_brand":[],"product_cat":[41,18],"product_tag":[78,20,79],"class_list":{"0":"post-512","1":"product","2":"type-product","3":"status-publish","4":"has-post-thumbnail","6":"product_cat-bio-olid","7":"product_cat-euro-product","8":"product_tag-bio","9":"product_tag-euro","10":"product_tag-oli","12":"first","13":"instock","14":"shipping-taxable","15":"product-type-simple"},"acf":[],"yoast_head":"<!-- This site is optimized with the Yoast SEO plugin v27.3 - https:\/\/yoast.com\/product\/yoast-seo-wordpress\/ -->\n<title>Euro Bio Sae\u00f5li - Saet\u00f6\u00f6stus - Euro Product - Baltoil<\/title>\n<meta name=\"description\" content=\"\u00d5lituseks ja jahutuseks puitmaterjali saagimisel. Emulgeeruv sae\u00f5li (rapsi\u00f5li p\u00f5hisest estrist) on taastuv, biolagunev ja loodusesse kuhjumatu tooraine.\" \/>\n<meta name=\"robots\" content=\"index, follow, max-snippet:-1, max-image-preview:large, max-video-preview:-1\" \/>\n<link rel=\"canonical\" href=\"https:\/\/baltoil.ee\/toode\/euro-bio-saeoli\/\" \/>\n<meta property=\"og:locale\" content=\"lt_LT\" \/>\n<meta property=\"og:type\" content=\"article\" \/>\n<meta property=\"og:title\" content=\"Euro Bio Sae\u00f5li - Saet\u00f6\u00f6stus - Euro Product - Baltoil\" \/>\n<meta property=\"og:description\" content=\"\u00d5lituseks ja jahutuseks puitmaterjali saagimisel. Emulgeeruv sae\u00f5li (rapsi\u00f5li p\u00f5hisest estrist) on taastuv, biolagunev ja loodusesse kuhjumatu tooraine.\" \/>\n<meta property=\"og:url\" content=\"https:\/\/baltoil.ee\/toode\/euro-bio-saeoli\/\" \/>\n<meta property=\"og:site_name\" content=\"Baltoil\" \/>\n<meta property=\"article:modified_time\" content=\"2020-07-23T12:06:38+00:00\" \/>\n<meta property=\"og:image\" content=\"https:\/\/baltoil.ee\/wp-content\/uploads\/2019\/05\/euro-product-logo-r.png\" \/>\n\t<meta property=\"og:image:width\" content=\"800\" \/>\n\t<meta property=\"og:image:height\" content=\"500\" \/>\n\t<meta property=\"og:image:type\" content=\"image\/png\" \/>\n<meta name=\"twitter:card\" content=\"summary_large_image\" \/>\n<script type=\"application\/ld+json\" class=\"yoast-schema-graph\">{\"@context\":\"https:\\\/\\\/schema.org\",\"@graph\":[{\"@type\":\"WebPage\",\"@id\":\"https:\\\/\\\/baltoil.ee\\\/toode\\\/euro-bio-saeoli\\\/\",\"url\":\"https:\\\/\\\/baltoil.ee\\\/toode\\\/euro-bio-saeoli\\\/\",\"name\":\"Euro Bio Sae\u00f5li - Saet\u00f6\u00f6stus - Euro Product - Baltoil\",\"isPartOf\":{\"@id\":\"https:\\\/\\\/baltoil.ee\\\/#website\"},\"primaryImageOfPage\":{\"@id\":\"https:\\\/\\\/baltoil.ee\\\/toode\\\/euro-bio-saeoli\\\/#primaryimage\"},\"image\":{\"@id\":\"https:\\\/\\\/baltoil.ee\\\/toode\\\/euro-bio-saeoli\\\/#primaryimage\"},\"thumbnailUrl\":\"https:\\\/\\\/baltoil.ee\\\/wp-content\\\/uploads\\\/2019\\\/05\\\/euro-product-logo-r.png\",\"datePublished\":\"2019-05-31T09:41:20+00:00\",\"dateModified\":\"2020-07-23T12:06:38+00:00\",\"description\":\"\u00d5lituseks ja jahutuseks puitmaterjali saagimisel. Emulgeeruv sae\u00f5li (rapsi\u00f5li p\u00f5hisest estrist) on taastuv, biolagunev ja loodusesse kuhjumatu tooraine.\",\"breadcrumb\":{\"@id\":\"https:\\\/\\\/baltoil.ee\\\/toode\\\/euro-bio-saeoli\\\/#breadcrumb\"},\"inLanguage\":\"lt-LT\",\"potentialAction\":[{\"@type\":\"ReadAction\",\"target\":[\"https:\\\/\\\/baltoil.ee\\\/toode\\\/euro-bio-saeoli\\\/\"]}]},{\"@type\":\"ImageObject\",\"inLanguage\":\"lt-LT\",\"@id\":\"https:\\\/\\\/baltoil.ee\\\/toode\\\/euro-bio-saeoli\\\/#primaryimage\",\"url\":\"https:\\\/\\\/baltoil.ee\\\/wp-content\\\/uploads\\\/2019\\\/05\\\/euro-product-logo-r.png\",\"contentUrl\":\"https:\\\/\\\/baltoil.ee\\\/wp-content\\\/uploads\\\/2019\\\/05\\\/euro-product-logo-r.png\",\"width\":800,\"height\":500},{\"@type\":\"BreadcrumbList\",\"@id\":\"https:\\\/\\\/baltoil.ee\\\/toode\\\/euro-bio-saeoli\\\/#breadcrumb\",\"itemListElement\":[{\"@type\":\"ListItem\",\"position\":1,\"name\":\"Home\",\"item\":\"https:\\\/\\\/baltoil.ee\\\/lt\\\/\"},{\"@type\":\"ListItem\",\"position\":2,\"name\":\"Tooted\",\"item\":\"https:\\\/\\\/baltoil.ee\\\/tooted\\\/\"},{\"@type\":\"ListItem\",\"position\":3,\"name\":\"Euro Bio Sae\u00f5li\"}]},{\"@type\":\"WebSite\",\"@id\":\"https:\\\/\\\/baltoil.ee\\\/#website\",\"url\":\"https:\\\/\\\/baltoil.ee\\\/\",\"name\":\"Baltoil\",\"description\":\"\",\"publisher\":{\"@id\":\"https:\\\/\\\/baltoil.ee\\\/#organization\"},\"potentialAction\":[{\"@type\":\"SearchAction\",\"target\":{\"@type\":\"EntryPoint\",\"urlTemplate\":\"https:\\\/\\\/baltoil.ee\\\/?s={search_term_string}\"},\"query-input\":{\"@type\":\"PropertyValueSpecification\",\"valueRequired\":true,\"valueName\":\"search_term_string\"}}],\"inLanguage\":\"lt-LT\"},{\"@type\":\"Organization\",\"@id\":\"https:\\\/\\\/baltoil.ee\\\/#organization\",\"name\":\"AS Baltoil\",\"url\":\"https:\\\/\\\/baltoil.ee\\\/\",\"logo\":{\"@type\":\"ImageObject\",\"inLanguage\":\"lt-LT\",\"@id\":\"https:\\\/\\\/baltoil.ee\\\/#\\\/schema\\\/logo\\\/image\\\/\",\"url\":\"https:\\\/\\\/baltoil.ee\\\/wp-content\\\/uploads\\\/2020\\\/04\\\/baltoil_logo.svg\",\"contentUrl\":\"https:\\\/\\\/baltoil.ee\\\/wp-content\\\/uploads\\\/2020\\\/04\\\/baltoil_logo.svg\",\"width\":1,\"height\":1,\"caption\":\"AS Baltoil\"},\"image\":{\"@id\":\"https:\\\/\\\/baltoil.ee\\\/#\\\/schema\\\/logo\\\/image\\\/\"}}]}<\/script>\n<!-- \/ Yoast SEO plugin. -->","yoast_head_json":{"title":"Euro Bio Sae\u00f5li - Saet\u00f6\u00f6stus - Euro Product - Baltoil","description":"\u00d5lituseks ja jahutuseks puitmaterjali saagimisel. Emulgeeruv sae\u00f5li (rapsi\u00f5li p\u00f5hisest estrist) on taastuv, biolagunev ja loodusesse kuhjumatu tooraine.","robots":{"index":"index","follow":"follow","max-snippet":"max-snippet:-1","max-image-preview":"max-image-preview:large","max-video-preview":"max-video-preview:-1"},"canonical":"https:\/\/baltoil.ee\/toode\/euro-bio-saeoli\/","og_locale":"lt_LT","og_type":"article","og_title":"Euro Bio Sae\u00f5li - Saet\u00f6\u00f6stus - Euro Product - Baltoil","og_description":"\u00d5lituseks ja jahutuseks puitmaterjali saagimisel. Emulgeeruv sae\u00f5li (rapsi\u00f5li p\u00f5hisest estrist) on taastuv, biolagunev ja loodusesse kuhjumatu tooraine.","og_url":"https:\/\/baltoil.ee\/toode\/euro-bio-saeoli\/","og_site_name":"Baltoil","article_modified_time":"2020-07-23T12:06:38+00:00","og_image":[{"width":800,"height":500,"url":"https:\/\/baltoil.ee\/wp-content\/uploads\/2019\/05\/euro-product-logo-r.png","type":"image\/png"}],"twitter_card":"summary_large_image","schema":{"@context":"https:\/\/schema.org","@graph":[{"@type":"WebPage","@id":"https:\/\/baltoil.ee\/toode\/euro-bio-saeoli\/","url":"https:\/\/baltoil.ee\/toode\/euro-bio-saeoli\/","name":"Euro Bio Sae\u00f5li - Saet\u00f6\u00f6stus - Euro Product - Baltoil","isPartOf":{"@id":"https:\/\/baltoil.ee\/#website"},"primaryImageOfPage":{"@id":"https:\/\/baltoil.ee\/toode\/euro-bio-saeoli\/#primaryimage"},"image":{"@id":"https:\/\/baltoil.ee\/toode\/euro-bio-saeoli\/#primaryimage"},"thumbnailUrl":"https:\/\/baltoil.ee\/wp-content\/uploads\/2019\/05\/euro-product-logo-r.png","datePublished":"2019-05-31T09:41:20+00:00","dateModified":"2020-07-23T12:06:38+00:00","description":"\u00d5lituseks ja jahutuseks puitmaterjali saagimisel. Emulgeeruv sae\u00f5li (rapsi\u00f5li p\u00f5hisest estrist) on taastuv, biolagunev ja loodusesse kuhjumatu tooraine.","breadcrumb":{"@id":"https:\/\/baltoil.ee\/toode\/euro-bio-saeoli\/#breadcrumb"},"inLanguage":"lt-LT","potentialAction":[{"@type":"ReadAction","target":["https:\/\/baltoil.ee\/toode\/euro-bio-saeoli\/"]}]},{"@type":"ImageObject","inLanguage":"lt-LT","@id":"https:\/\/baltoil.ee\/toode\/euro-bio-saeoli\/#primaryimage","url":"https:\/\/baltoil.ee\/wp-content\/uploads\/2019\/05\/euro-product-logo-r.png","contentUrl":"https:\/\/baltoil.ee\/wp-content\/uploads\/2019\/05\/euro-product-logo-r.png","width":800,"height":500},{"@type":"BreadcrumbList","@id":"https:\/\/baltoil.ee\/toode\/euro-bio-saeoli\/#breadcrumb","itemListElement":[{"@type":"ListItem","position":1,"name":"Home","item":"https:\/\/baltoil.ee\/lt\/"},{"@type":"ListItem","position":2,"name":"Tooted","item":"https:\/\/baltoil.ee\/tooted\/"},{"@type":"ListItem","position":3,"name":"Euro Bio Sae\u00f5li"}]},{"@type":"WebSite","@id":"https:\/\/baltoil.ee\/#website","url":"https:\/\/baltoil.ee\/","name":"Baltoil","description":"","publisher":{"@id":"https:\/\/baltoil.ee\/#organization"},"potentialAction":[{"@type":"SearchAction","target":{"@type":"EntryPoint","urlTemplate":"https:\/\/baltoil.ee\/?s={search_term_string}"},"query-input":{"@type":"PropertyValueSpecification","valueRequired":true,"valueName":"search_term_string"}}],"inLanguage":"lt-LT"},{"@type":"Organization","@id":"https:\/\/baltoil.ee\/#organization","name":"AS Baltoil","url":"https:\/\/baltoil.ee\/","logo":{"@type":"ImageObject","inLanguage":"lt-LT","@id":"https:\/\/baltoil.ee\/#\/schema\/logo\/image\/","url":"https:\/\/baltoil.ee\/wp-content\/uploads\/2020\/04\/baltoil_logo.svg","contentUrl":"https:\/\/baltoil.ee\/wp-content\/uploads\/2020\/04\/baltoil_logo.svg","width":1,"height":1,"caption":"AS Baltoil"},"image":{"@id":"https:\/\/baltoil.ee\/#\/schema\/logo\/image\/"}}]}},"_links":{"self":[{"href":"https:\/\/baltoil.ee\/lt\/wp-json\/wp\/v2\/product\/512","targetHints":{"allow":["GET"]}}],"collection":[{"href":"https:\/\/baltoil.ee\/lt\/wp-json\/wp\/v2\/product"}],"about":[{"href":"https:\/\/baltoil.ee\/lt\/wp-json\/wp\/v2\/types\/product"}],"wp:featuredmedia":[{"embeddable":true,"href":"https:\/\/baltoil.ee\/lt\/wp-json\/wp\/v2\/media\/4152"}],"wp:attachment":[{"href":"https:\/\/baltoil.ee\/lt\/wp-json\/wp\/v2\/media?parent=512"}],"wp:term":[{"taxonomy":"product_brand","embeddable":true,"href":"https:\/\/baltoil.ee\/lt\/wp-json\/wp\/v2\/product_brand?post=512"},{"taxonomy":"product_cat","embeddable":true,"href":"https:\/\/baltoil.ee\/lt\/wp-json\/wp\/v2\/product_cat?post=512"},{"taxonomy":"product_tag","embeddable":true,"href":"https:\/\/baltoil.ee\/lt\/wp-json\/wp\/v2\/product_tag?post=512"}],"curies":[{"name":"wp","href":"https:\/\/api.w.org\/{rel}","templated":true}]}}