{"id":507,"date":"2019-05-31T09:10:05","date_gmt":"2019-05-31T09:10:05","guid":{"rendered":"https:\/\/dev.baltoil.ee\/?post_type=product&#038;p=507"},"modified":"2019-11-20T10:09:38","modified_gmt":"2019-11-20T10:09:38","slug":"euro-nitrolahusti","status":"publish","type":"product","link":"https:\/\/baltoil.ee\/lt\/toode\/euro-nitrolahusti\/","title":{"rendered":"Euro Nitrolahusti"},"content":{"rendered":"<input class=\"fooboxshare_post_id\" type=\"hidden\" value=\"507\"\/>","protected":false},"excerpt":{"rendered":"<p>\u00dcldlahusti v\u00e4rvide, lakkide vedeldamiseks v\u00f5i lahustamiseks.<\/p>\n<p>Sisaldab: Et\u00fc\u00fclatsetaat, Et\u00fc\u00fclbenseen, But\u00fc\u00fclatsetaat, Atsetoon, Butanool, Etanool.<\/p>\n","protected":false},"featured_media":1906,"template":"","meta":{"_acf_changed":false},"product_brand":[],"product_cat":[40],"product_tag":[20,80],"class_list":{"0":"post-507","1":"product","2":"type-product","3":"status-publish","4":"has-post-thumbnail","6":"product_cat-lahustid","7":"product_tag-euro","8":"product_tag-lahusti","10":"first","11":"instock","12":"shipping-taxable","13":"product-type-simple"},"acf":[],"yoast_head":"<!-- This site is optimized with the Yoast SEO plugin v27.3 - https:\/\/yoast.com\/product\/yoast-seo-wordpress\/ -->\n<title>Euro Nitrolahusti - Lahusti - Euro Product - Baltoil<\/title>\n<meta name=\"description\" content=\"\u00dcld-lahusti v\u00e4rvide, lakkide vedeldamiseks v\u00f5i lahustamiseks. Sisaldab: Et\u00fc\u00fclatsetaat, Et\u00fc\u00fclbenseen, But\u00fc\u00fclatsetaat, Atsetoon, Butanool, Etanool.\" \/>\n<meta name=\"robots\" content=\"index, follow, max-snippet:-1, max-image-preview:large, max-video-preview:-1\" \/>\n<link rel=\"canonical\" href=\"https:\/\/baltoil.ee\/toode\/euro-nitrolahusti\/\" \/>\n<meta property=\"og:locale\" content=\"lt_LT\" \/>\n<meta property=\"og:type\" content=\"article\" \/>\n<meta property=\"og:title\" content=\"Euro Nitrolahusti - Lahusti - Euro Product - Baltoil\" \/>\n<meta property=\"og:description\" content=\"\u00dcld-lahusti v\u00e4rvide, lakkide vedeldamiseks v\u00f5i lahustamiseks. Sisaldab: Et\u00fc\u00fclatsetaat, Et\u00fc\u00fclbenseen, But\u00fc\u00fclatsetaat, Atsetoon, Butanool, Etanool.\" \/>\n<meta property=\"og:url\" content=\"https:\/\/baltoil.ee\/toode\/euro-nitrolahusti\/\" \/>\n<meta property=\"og:site_name\" content=\"Baltoil\" \/>\n<meta property=\"article:modified_time\" content=\"2019-11-20T10:09:38+00:00\" \/>\n<meta property=\"og:image\" content=\"https:\/\/baltoil.ee\/wp-content\/uploads\/2019\/05\/Euro-nitrolahusti-05L-1500x1067.png\" \/>\n\t<meta property=\"og:image:width\" content=\"1500\" \/>\n\t<meta property=\"og:image:height\" content=\"2100\" \/>\n\t<meta property=\"og:image:type\" content=\"image\/png\" \/>\n<meta name=\"twitter:card\" content=\"summary_large_image\" \/>\n<script type=\"application\/ld+json\" class=\"yoast-schema-graph\">{\"@context\":\"https:\\\/\\\/schema.org\",\"@graph\":[{\"@type\":\"WebPage\",\"@id\":\"https:\\\/\\\/baltoil.ee\\\/toode\\\/euro-nitrolahusti\\\/\",\"url\":\"https:\\\/\\\/baltoil.ee\\\/toode\\\/euro-nitrolahusti\\\/\",\"name\":\"Euro Nitrolahusti - Lahusti - Euro Product - Baltoil\",\"isPartOf\":{\"@id\":\"https:\\\/\\\/baltoil.ee\\\/#website\"},\"primaryImageOfPage\":{\"@id\":\"https:\\\/\\\/baltoil.ee\\\/toode\\\/euro-nitrolahusti\\\/#primaryimage\"},\"image\":{\"@id\":\"https:\\\/\\\/baltoil.ee\\\/toode\\\/euro-nitrolahusti\\\/#primaryimage\"},\"thumbnailUrl\":\"https:\\\/\\\/baltoil.ee\\\/wp-content\\\/uploads\\\/2019\\\/05\\\/Euro-nitrolahusti-05L-1500x1067.png\",\"datePublished\":\"2019-05-31T09:10:05+00:00\",\"dateModified\":\"2019-11-20T10:09:38+00:00\",\"description\":\"\u00dcld-lahusti v\u00e4rvide, lakkide vedeldamiseks v\u00f5i lahustamiseks. Sisaldab: Et\u00fc\u00fclatsetaat, Et\u00fc\u00fclbenseen, But\u00fc\u00fclatsetaat, Atsetoon, Butanool, Etanool.\",\"breadcrumb\":{\"@id\":\"https:\\\/\\\/baltoil.ee\\\/toode\\\/euro-nitrolahusti\\\/#breadcrumb\"},\"inLanguage\":\"lt-LT\",\"potentialAction\":[{\"@type\":\"ReadAction\",\"target\":[\"https:\\\/\\\/baltoil.ee\\\/toode\\\/euro-nitrolahusti\\\/\"]}]},{\"@type\":\"ImageObject\",\"inLanguage\":\"lt-LT\",\"@id\":\"https:\\\/\\\/baltoil.ee\\\/toode\\\/euro-nitrolahusti\\\/#primaryimage\",\"url\":\"https:\\\/\\\/baltoil.ee\\\/wp-content\\\/uploads\\\/2019\\\/05\\\/Euro-nitrolahusti-05L-1500x1067.png\",\"contentUrl\":\"https:\\\/\\\/baltoil.ee\\\/wp-content\\\/uploads\\\/2019\\\/05\\\/Euro-nitrolahusti-05L-1500x1067.png\",\"width\":1500,\"height\":2100},{\"@type\":\"BreadcrumbList\",\"@id\":\"https:\\\/\\\/baltoil.ee\\\/toode\\\/euro-nitrolahusti\\\/#breadcrumb\",\"itemListElement\":[{\"@type\":\"ListItem\",\"position\":1,\"name\":\"Home\",\"item\":\"https:\\\/\\\/baltoil.ee\\\/lt\\\/\"},{\"@type\":\"ListItem\",\"position\":2,\"name\":\"Tooted\",\"item\":\"https:\\\/\\\/baltoil.ee\\\/tooted\\\/\"},{\"@type\":\"ListItem\",\"position\":3,\"name\":\"Euro Nitrolahusti\"}]},{\"@type\":\"WebSite\",\"@id\":\"https:\\\/\\\/baltoil.ee\\\/#website\",\"url\":\"https:\\\/\\\/baltoil.ee\\\/\",\"name\":\"Baltoil\",\"description\":\"\",\"publisher\":{\"@id\":\"https:\\\/\\\/baltoil.ee\\\/#organization\"},\"potentialAction\":[{\"@type\":\"SearchAction\",\"target\":{\"@type\":\"EntryPoint\",\"urlTemplate\":\"https:\\\/\\\/baltoil.ee\\\/?s={search_term_string}\"},\"query-input\":{\"@type\":\"PropertyValueSpecification\",\"valueRequired\":true,\"valueName\":\"search_term_string\"}}],\"inLanguage\":\"lt-LT\"},{\"@type\":\"Organization\",\"@id\":\"https:\\\/\\\/baltoil.ee\\\/#organization\",\"name\":\"AS Baltoil\",\"url\":\"https:\\\/\\\/baltoil.ee\\\/\",\"logo\":{\"@type\":\"ImageObject\",\"inLanguage\":\"lt-LT\",\"@id\":\"https:\\\/\\\/baltoil.ee\\\/#\\\/schema\\\/logo\\\/image\\\/\",\"url\":\"https:\\\/\\\/baltoil.ee\\\/wp-content\\\/uploads\\\/2020\\\/04\\\/baltoil_logo.svg\",\"contentUrl\":\"https:\\\/\\\/baltoil.ee\\\/wp-content\\\/uploads\\\/2020\\\/04\\\/baltoil_logo.svg\",\"width\":1,\"height\":1,\"caption\":\"AS Baltoil\"},\"image\":{\"@id\":\"https:\\\/\\\/baltoil.ee\\\/#\\\/schema\\\/logo\\\/image\\\/\"}}]}<\/script>\n<!-- \/ Yoast SEO plugin. -->","yoast_head_json":{"title":"Euro Nitrolahusti - Lahusti - Euro Product - Baltoil","description":"\u00dcld-lahusti v\u00e4rvide, lakkide vedeldamiseks v\u00f5i lahustamiseks. Sisaldab: Et\u00fc\u00fclatsetaat, Et\u00fc\u00fclbenseen, But\u00fc\u00fclatsetaat, Atsetoon, Butanool, Etanool.","robots":{"index":"index","follow":"follow","max-snippet":"max-snippet:-1","max-image-preview":"max-image-preview:large","max-video-preview":"max-video-preview:-1"},"canonical":"https:\/\/baltoil.ee\/toode\/euro-nitrolahusti\/","og_locale":"lt_LT","og_type":"article","og_title":"Euro Nitrolahusti - Lahusti - Euro Product - Baltoil","og_description":"\u00dcld-lahusti v\u00e4rvide, lakkide vedeldamiseks v\u00f5i lahustamiseks. Sisaldab: Et\u00fc\u00fclatsetaat, Et\u00fc\u00fclbenseen, But\u00fc\u00fclatsetaat, Atsetoon, Butanool, Etanool.","og_url":"https:\/\/baltoil.ee\/toode\/euro-nitrolahusti\/","og_site_name":"Baltoil","article_modified_time":"2019-11-20T10:09:38+00:00","og_image":[{"width":1500,"height":2100,"url":"https:\/\/baltoil.ee\/wp-content\/uploads\/2019\/05\/Euro-nitrolahusti-05L-1500x1067.png","type":"image\/png"}],"twitter_card":"summary_large_image","schema":{"@context":"https:\/\/schema.org","@graph":[{"@type":"WebPage","@id":"https:\/\/baltoil.ee\/toode\/euro-nitrolahusti\/","url":"https:\/\/baltoil.ee\/toode\/euro-nitrolahusti\/","name":"Euro Nitrolahusti - Lahusti - Euro Product - Baltoil","isPartOf":{"@id":"https:\/\/baltoil.ee\/#website"},"primaryImageOfPage":{"@id":"https:\/\/baltoil.ee\/toode\/euro-nitrolahusti\/#primaryimage"},"image":{"@id":"https:\/\/baltoil.ee\/toode\/euro-nitrolahusti\/#primaryimage"},"thumbnailUrl":"https:\/\/baltoil.ee\/wp-content\/uploads\/2019\/05\/Euro-nitrolahusti-05L-1500x1067.png","datePublished":"2019-05-31T09:10:05+00:00","dateModified":"2019-11-20T10:09:38+00:00","description":"\u00dcld-lahusti v\u00e4rvide, lakkide vedeldamiseks v\u00f5i lahustamiseks. Sisaldab: Et\u00fc\u00fclatsetaat, Et\u00fc\u00fclbenseen, But\u00fc\u00fclatsetaat, Atsetoon, Butanool, Etanool.","breadcrumb":{"@id":"https:\/\/baltoil.ee\/toode\/euro-nitrolahusti\/#breadcrumb"},"inLanguage":"lt-LT","potentialAction":[{"@type":"ReadAction","target":["https:\/\/baltoil.ee\/toode\/euro-nitrolahusti\/"]}]},{"@type":"ImageObject","inLanguage":"lt-LT","@id":"https:\/\/baltoil.ee\/toode\/euro-nitrolahusti\/#primaryimage","url":"https:\/\/baltoil.ee\/wp-content\/uploads\/2019\/05\/Euro-nitrolahusti-05L-1500x1067.png","contentUrl":"https:\/\/baltoil.ee\/wp-content\/uploads\/2019\/05\/Euro-nitrolahusti-05L-1500x1067.png","width":1500,"height":2100},{"@type":"BreadcrumbList","@id":"https:\/\/baltoil.ee\/toode\/euro-nitrolahusti\/#breadcrumb","itemListElement":[{"@type":"ListItem","position":1,"name":"Home","item":"https:\/\/baltoil.ee\/lt\/"},{"@type":"ListItem","position":2,"name":"Tooted","item":"https:\/\/baltoil.ee\/tooted\/"},{"@type":"ListItem","position":3,"name":"Euro Nitrolahusti"}]},{"@type":"WebSite","@id":"https:\/\/baltoil.ee\/#website","url":"https:\/\/baltoil.ee\/","name":"Baltoil","description":"","publisher":{"@id":"https:\/\/baltoil.ee\/#organization"},"potentialAction":[{"@type":"SearchAction","target":{"@type":"EntryPoint","urlTemplate":"https:\/\/baltoil.ee\/?s={search_term_string}"},"query-input":{"@type":"PropertyValueSpecification","valueRequired":true,"valueName":"search_term_string"}}],"inLanguage":"lt-LT"},{"@type":"Organization","@id":"https:\/\/baltoil.ee\/#organization","name":"AS Baltoil","url":"https:\/\/baltoil.ee\/","logo":{"@type":"ImageObject","inLanguage":"lt-LT","@id":"https:\/\/baltoil.ee\/#\/schema\/logo\/image\/","url":"https:\/\/baltoil.ee\/wp-content\/uploads\/2020\/04\/baltoil_logo.svg","contentUrl":"https:\/\/baltoil.ee\/wp-content\/uploads\/2020\/04\/baltoil_logo.svg","width":1,"height":1,"caption":"AS Baltoil"},"image":{"@id":"https:\/\/baltoil.ee\/#\/schema\/logo\/image\/"}}]}},"_links":{"self":[{"href":"https:\/\/baltoil.ee\/lt\/wp-json\/wp\/v2\/product\/507","targetHints":{"allow":["GET"]}}],"collection":[{"href":"https:\/\/baltoil.ee\/lt\/wp-json\/wp\/v2\/product"}],"about":[{"href":"https:\/\/baltoil.ee\/lt\/wp-json\/wp\/v2\/types\/product"}],"wp:featuredmedia":[{"embeddable":true,"href":"https:\/\/baltoil.ee\/lt\/wp-json\/wp\/v2\/media\/1906"}],"wp:attachment":[{"href":"https:\/\/baltoil.ee\/lt\/wp-json\/wp\/v2\/media?parent=507"}],"wp:term":[{"taxonomy":"product_brand","embeddable":true,"href":"https:\/\/baltoil.ee\/lt\/wp-json\/wp\/v2\/product_brand?post=507"},{"taxonomy":"product_cat","embeddable":true,"href":"https:\/\/baltoil.ee\/lt\/wp-json\/wp\/v2\/product_cat?post=507"},{"taxonomy":"product_tag","embeddable":true,"href":"https:\/\/baltoil.ee\/lt\/wp-json\/wp\/v2\/product_tag?post=507"}],"curies":[{"name":"wp","href":"https:\/\/api.w.org\/{rel}","templated":true}]}}