{"id":501,"date":"2019-05-27T13:25:41","date_gmt":"2019-05-27T13:25:41","guid":{"rendered":"https:\/\/dev.baltoil.ee\/?post_type=product&#038;p=501"},"modified":"2025-01-31T11:10:49","modified_gmt":"2025-01-31T08:10:49","slug":"euro-2-t-alkulaatbensiin","status":"publish","type":"product","link":"https:\/\/baltoil.ee\/lt\/toode\/euro-2-t-alkulaatbensiin\/","title":{"rendered":"Euro 2-T Alk\u00fclaatbensiin"},"content":{"rendered":"<input class=\"fooboxshare_post_id\" type=\"hidden\" value=\"501\"\/>","protected":false},"excerpt":{"rendered":"<p style=\"font-weight: 400;\"><strong>2-taktilistele v\u00e4ikemootoritele<\/strong><\/p>\n<p style=\"font-weight: 400;\">Erit\u00f6\u00f6tluse abil valmistatud pliivaba alk\u00fclaatbensiin, millele on segatud 2,5% bioloogiliselt lagunevat t\u00e4iss\u00fcnteetilist 2-T \u00f5li. Peaaegu l\u00f5hnatu ja benseeni, aromaatsete s\u00fcsivesinike ning v\u00e4\u00e4vli-, alkoholi- ja eetri\u00fchendite vaba.<\/p>\n<p style=\"font-weight: 400;\">Kasutatakse: mootorsaagides, oksasaagides, trimmerites, mootorkelkudes jms. t\u00f6\u00f6l v\u00f5i vabal ajal kasutatavates 2-taktilistes v\u00e4ikemootorites.<\/p>\n<p style=\"font-weight: 400;\">2-T alk\u00fclaatbensiini kasutamisel p\u00fcsivad mootorid puhtad, t\u00f6\u00f6temperatuur langeb ja v\u00e4heneb kinnikiilumise oht ning k\u00fctusekulu. Seega soovitame reguleerida mootorit vastavalt vajadusele.<\/p>\n<p style=\"font-weight: 400;\">NB! Tugevdatud suure tihedusega pol\u00fcet\u00fcleen kanister HDPE!<br \/>\nSertifitseeritud vastavalt UN standarditele.<br \/>\nMade in Finland.<\/p>\n","protected":false},"featured_media":1930,"template":"","meta":{"_acf_changed":false},"product_brand":[],"product_cat":[38,142,37],"product_tag":[76,20],"class_list":{"0":"post-501","1":"product","2":"type-product","3":"status-publish","4":"has-post-thumbnail","6":"product_cat-alkulaatbensiin","7":"product_cat-koik-tooted-mets-ja-aed","8":"product_cat-mets-ja-aed","9":"product_tag-bensiin","10":"product_tag-euro","12":"first","13":"instock","14":"shipping-taxable","15":"product-type-simple"},"acf":[],"yoast_head":"<!-- This site is optimized with the Yoast SEO plugin v27.3 - https:\/\/yoast.com\/product\/yoast-seo-wordpress\/ -->\n<title>Euro 2-T Alk\u00fclaatbensiin - 2-taktilistele v\u00e4ikemootoritele - Baltoil<\/title>\n<meta name=\"description\" content=\"Erit\u00f6\u00f6tluse abil valmistatud pliivaba alk\u00fclaatbensiin, millele on segatud 2,5% bioloogiliselt lagunevat t\u00e4iss\u00fcnteetilist 2-T \u00f5li. Peaaegu l\u00f5hnatu.\" \/>\n<meta name=\"robots\" content=\"index, follow, max-snippet:-1, max-image-preview:large, max-video-preview:-1\" \/>\n<link rel=\"canonical\" href=\"https:\/\/baltoil.ee\/toode\/euro-2-t-alkulaatbensiin\/\" \/>\n<meta property=\"og:locale\" content=\"lt_LT\" \/>\n<meta property=\"og:type\" content=\"article\" \/>\n<meta property=\"og:title\" content=\"Euro 2-T Alk\u00fclaatbensiin - 2-taktilistele v\u00e4ikemootoritele - Baltoil\" \/>\n<meta property=\"og:description\" content=\"Erit\u00f6\u00f6tluse abil valmistatud pliivaba alk\u00fclaatbensiin, millele on segatud 2,5% bioloogiliselt lagunevat t\u00e4iss\u00fcnteetilist 2-T \u00f5li. Peaaegu l\u00f5hnatu.\" \/>\n<meta property=\"og:url\" content=\"https:\/\/baltoil.ee\/toode\/euro-2-t-alkulaatbensiin\/\" \/>\n<meta property=\"og:site_name\" content=\"Baltoil\" \/>\n<meta property=\"article:modified_time\" content=\"2025-01-31T08:10:49+00:00\" \/>\n<meta property=\"og:image\" content=\"https:\/\/baltoil.ee\/wp-content\/uploads\/2019\/05\/euro-2T-alk\u00fclaatbensiin-3L.png\" \/>\n\t<meta property=\"og:image:width\" content=\"1000\" \/>\n\t<meta property=\"og:image:height\" content=\"1054\" \/>\n\t<meta property=\"og:image:type\" content=\"image\/png\" \/>\n<meta name=\"twitter:card\" content=\"summary_large_image\" \/>\n<meta name=\"twitter:label1\" content=\"Est. reading time\" \/>\n\t<meta name=\"twitter:data1\" content=\"1 minut\u0117\" \/>\n<script type=\"application\/ld+json\" class=\"yoast-schema-graph\">{\"@context\":\"https:\\\/\\\/schema.org\",\"@graph\":[{\"@type\":\"WebPage\",\"@id\":\"https:\\\/\\\/baltoil.ee\\\/toode\\\/euro-2-t-alkulaatbensiin\\\/\",\"url\":\"https:\\\/\\\/baltoil.ee\\\/toode\\\/euro-2-t-alkulaatbensiin\\\/\",\"name\":\"Euro 2-T Alk\u00fclaatbensiin - 2-taktilistele v\u00e4ikemootoritele - Baltoil\",\"isPartOf\":{\"@id\":\"https:\\\/\\\/baltoil.ee\\\/#website\"},\"primaryImageOfPage\":{\"@id\":\"https:\\\/\\\/baltoil.ee\\\/toode\\\/euro-2-t-alkulaatbensiin\\\/#primaryimage\"},\"image\":{\"@id\":\"https:\\\/\\\/baltoil.ee\\\/toode\\\/euro-2-t-alkulaatbensiin\\\/#primaryimage\"},\"thumbnailUrl\":\"https:\\\/\\\/baltoil.ee\\\/wp-content\\\/uploads\\\/2019\\\/05\\\/euro-2T-alk\u00fclaatbensiin-3L.png\",\"datePublished\":\"2019-05-27T13:25:41+00:00\",\"dateModified\":\"2025-01-31T08:10:49+00:00\",\"description\":\"Erit\u00f6\u00f6tluse abil valmistatud pliivaba alk\u00fclaatbensiin, millele on segatud 2,5% bioloogiliselt lagunevat t\u00e4iss\u00fcnteetilist 2-T \u00f5li. Peaaegu l\u00f5hnatu.\",\"breadcrumb\":{\"@id\":\"https:\\\/\\\/baltoil.ee\\\/toode\\\/euro-2-t-alkulaatbensiin\\\/#breadcrumb\"},\"inLanguage\":\"lt-LT\",\"potentialAction\":[{\"@type\":\"ReadAction\",\"target\":[\"https:\\\/\\\/baltoil.ee\\\/toode\\\/euro-2-t-alkulaatbensiin\\\/\"]}]},{\"@type\":\"ImageObject\",\"inLanguage\":\"lt-LT\",\"@id\":\"https:\\\/\\\/baltoil.ee\\\/toode\\\/euro-2-t-alkulaatbensiin\\\/#primaryimage\",\"url\":\"https:\\\/\\\/baltoil.ee\\\/wp-content\\\/uploads\\\/2019\\\/05\\\/euro-2T-alk\u00fclaatbensiin-3L.png\",\"contentUrl\":\"https:\\\/\\\/baltoil.ee\\\/wp-content\\\/uploads\\\/2019\\\/05\\\/euro-2T-alk\u00fclaatbensiin-3L.png\",\"width\":1000,\"height\":1054},{\"@type\":\"BreadcrumbList\",\"@id\":\"https:\\\/\\\/baltoil.ee\\\/toode\\\/euro-2-t-alkulaatbensiin\\\/#breadcrumb\",\"itemListElement\":[{\"@type\":\"ListItem\",\"position\":1,\"name\":\"Home\",\"item\":\"https:\\\/\\\/baltoil.ee\\\/lt\\\/\"},{\"@type\":\"ListItem\",\"position\":2,\"name\":\"Tooted\",\"item\":\"https:\\\/\\\/baltoil.ee\\\/tooted\\\/\"},{\"@type\":\"ListItem\",\"position\":3,\"name\":\"Euro 2-T Alk\u00fclaatbensiin\"}]},{\"@type\":\"WebSite\",\"@id\":\"https:\\\/\\\/baltoil.ee\\\/#website\",\"url\":\"https:\\\/\\\/baltoil.ee\\\/\",\"name\":\"Baltoil\",\"description\":\"\",\"publisher\":{\"@id\":\"https:\\\/\\\/baltoil.ee\\\/#organization\"},\"potentialAction\":[{\"@type\":\"SearchAction\",\"target\":{\"@type\":\"EntryPoint\",\"urlTemplate\":\"https:\\\/\\\/baltoil.ee\\\/?s={search_term_string}\"},\"query-input\":{\"@type\":\"PropertyValueSpecification\",\"valueRequired\":true,\"valueName\":\"search_term_string\"}}],\"inLanguage\":\"lt-LT\"},{\"@type\":\"Organization\",\"@id\":\"https:\\\/\\\/baltoil.ee\\\/#organization\",\"name\":\"AS Baltoil\",\"url\":\"https:\\\/\\\/baltoil.ee\\\/\",\"logo\":{\"@type\":\"ImageObject\",\"inLanguage\":\"lt-LT\",\"@id\":\"https:\\\/\\\/baltoil.ee\\\/#\\\/schema\\\/logo\\\/image\\\/\",\"url\":\"https:\\\/\\\/baltoil.ee\\\/wp-content\\\/uploads\\\/2020\\\/04\\\/baltoil_logo.svg\",\"contentUrl\":\"https:\\\/\\\/baltoil.ee\\\/wp-content\\\/uploads\\\/2020\\\/04\\\/baltoil_logo.svg\",\"width\":1,\"height\":1,\"caption\":\"AS Baltoil\"},\"image\":{\"@id\":\"https:\\\/\\\/baltoil.ee\\\/#\\\/schema\\\/logo\\\/image\\\/\"}}]}<\/script>\n<!-- \/ Yoast SEO plugin. -->","yoast_head_json":{"title":"Euro 2-T Alk\u00fclaatbensiin - 2-taktilistele v\u00e4ikemootoritele - Baltoil","description":"Erit\u00f6\u00f6tluse abil valmistatud pliivaba alk\u00fclaatbensiin, millele on segatud 2,5% bioloogiliselt lagunevat t\u00e4iss\u00fcnteetilist 2-T \u00f5li. Peaaegu l\u00f5hnatu.","robots":{"index":"index","follow":"follow","max-snippet":"max-snippet:-1","max-image-preview":"max-image-preview:large","max-video-preview":"max-video-preview:-1"},"canonical":"https:\/\/baltoil.ee\/toode\/euro-2-t-alkulaatbensiin\/","og_locale":"lt_LT","og_type":"article","og_title":"Euro 2-T Alk\u00fclaatbensiin - 2-taktilistele v\u00e4ikemootoritele - Baltoil","og_description":"Erit\u00f6\u00f6tluse abil valmistatud pliivaba alk\u00fclaatbensiin, millele on segatud 2,5% bioloogiliselt lagunevat t\u00e4iss\u00fcnteetilist 2-T \u00f5li. Peaaegu l\u00f5hnatu.","og_url":"https:\/\/baltoil.ee\/toode\/euro-2-t-alkulaatbensiin\/","og_site_name":"Baltoil","article_modified_time":"2025-01-31T08:10:49+00:00","og_image":[{"width":1000,"height":1054,"url":"https:\/\/baltoil.ee\/wp-content\/uploads\/2019\/05\/euro-2T-alk\u00fclaatbensiin-3L.png","type":"image\/png"}],"twitter_card":"summary_large_image","twitter_misc":{"Est. reading time":"1 minut\u0117"},"schema":{"@context":"https:\/\/schema.org","@graph":[{"@type":"WebPage","@id":"https:\/\/baltoil.ee\/toode\/euro-2-t-alkulaatbensiin\/","url":"https:\/\/baltoil.ee\/toode\/euro-2-t-alkulaatbensiin\/","name":"Euro 2-T Alk\u00fclaatbensiin - 2-taktilistele v\u00e4ikemootoritele - Baltoil","isPartOf":{"@id":"https:\/\/baltoil.ee\/#website"},"primaryImageOfPage":{"@id":"https:\/\/baltoil.ee\/toode\/euro-2-t-alkulaatbensiin\/#primaryimage"},"image":{"@id":"https:\/\/baltoil.ee\/toode\/euro-2-t-alkulaatbensiin\/#primaryimage"},"thumbnailUrl":"https:\/\/baltoil.ee\/wp-content\/uploads\/2019\/05\/euro-2T-alk\u00fclaatbensiin-3L.png","datePublished":"2019-05-27T13:25:41+00:00","dateModified":"2025-01-31T08:10:49+00:00","description":"Erit\u00f6\u00f6tluse abil valmistatud pliivaba alk\u00fclaatbensiin, millele on segatud 2,5% bioloogiliselt lagunevat t\u00e4iss\u00fcnteetilist 2-T \u00f5li. Peaaegu l\u00f5hnatu.","breadcrumb":{"@id":"https:\/\/baltoil.ee\/toode\/euro-2-t-alkulaatbensiin\/#breadcrumb"},"inLanguage":"lt-LT","potentialAction":[{"@type":"ReadAction","target":["https:\/\/baltoil.ee\/toode\/euro-2-t-alkulaatbensiin\/"]}]},{"@type":"ImageObject","inLanguage":"lt-LT","@id":"https:\/\/baltoil.ee\/toode\/euro-2-t-alkulaatbensiin\/#primaryimage","url":"https:\/\/baltoil.ee\/wp-content\/uploads\/2019\/05\/euro-2T-alk\u00fclaatbensiin-3L.png","contentUrl":"https:\/\/baltoil.ee\/wp-content\/uploads\/2019\/05\/euro-2T-alk\u00fclaatbensiin-3L.png","width":1000,"height":1054},{"@type":"BreadcrumbList","@id":"https:\/\/baltoil.ee\/toode\/euro-2-t-alkulaatbensiin\/#breadcrumb","itemListElement":[{"@type":"ListItem","position":1,"name":"Home","item":"https:\/\/baltoil.ee\/lt\/"},{"@type":"ListItem","position":2,"name":"Tooted","item":"https:\/\/baltoil.ee\/tooted\/"},{"@type":"ListItem","position":3,"name":"Euro 2-T Alk\u00fclaatbensiin"}]},{"@type":"WebSite","@id":"https:\/\/baltoil.ee\/#website","url":"https:\/\/baltoil.ee\/","name":"Baltoil","description":"","publisher":{"@id":"https:\/\/baltoil.ee\/#organization"},"potentialAction":[{"@type":"SearchAction","target":{"@type":"EntryPoint","urlTemplate":"https:\/\/baltoil.ee\/?s={search_term_string}"},"query-input":{"@type":"PropertyValueSpecification","valueRequired":true,"valueName":"search_term_string"}}],"inLanguage":"lt-LT"},{"@type":"Organization","@id":"https:\/\/baltoil.ee\/#organization","name":"AS Baltoil","url":"https:\/\/baltoil.ee\/","logo":{"@type":"ImageObject","inLanguage":"lt-LT","@id":"https:\/\/baltoil.ee\/#\/schema\/logo\/image\/","url":"https:\/\/baltoil.ee\/wp-content\/uploads\/2020\/04\/baltoil_logo.svg","contentUrl":"https:\/\/baltoil.ee\/wp-content\/uploads\/2020\/04\/baltoil_logo.svg","width":1,"height":1,"caption":"AS Baltoil"},"image":{"@id":"https:\/\/baltoil.ee\/#\/schema\/logo\/image\/"}}]}},"_links":{"self":[{"href":"https:\/\/baltoil.ee\/lt\/wp-json\/wp\/v2\/product\/501","targetHints":{"allow":["GET"]}}],"collection":[{"href":"https:\/\/baltoil.ee\/lt\/wp-json\/wp\/v2\/product"}],"about":[{"href":"https:\/\/baltoil.ee\/lt\/wp-json\/wp\/v2\/types\/product"}],"wp:featuredmedia":[{"embeddable":true,"href":"https:\/\/baltoil.ee\/lt\/wp-json\/wp\/v2\/media\/1930"}],"wp:attachment":[{"href":"https:\/\/baltoil.ee\/lt\/wp-json\/wp\/v2\/media?parent=501"}],"wp:term":[{"taxonomy":"product_brand","embeddable":true,"href":"https:\/\/baltoil.ee\/lt\/wp-json\/wp\/v2\/product_brand?post=501"},{"taxonomy":"product_cat","embeddable":true,"href":"https:\/\/baltoil.ee\/lt\/wp-json\/wp\/v2\/product_cat?post=501"},{"taxonomy":"product_tag","embeddable":true,"href":"https:\/\/baltoil.ee\/lt\/wp-json\/wp\/v2\/product_tag?post=501"}],"curies":[{"name":"wp","href":"https:\/\/api.w.org\/{rel}","templated":true}]}}