{"id":499,"date":"2019-05-27T13:09:28","date_gmt":"2019-05-27T13:09:28","guid":{"rendered":"https:\/\/dev.baltoil.ee\/?post_type=product&#038;p=499"},"modified":"2019-11-20T13:13:52","modified_gmt":"2019-11-20T13:13:52","slug":"euro-lohnatu-suutevedelik","status":"publish","type":"product","link":"https:\/\/baltoil.ee\/lt\/toode\/euro-lohnatu-suutevedelik\/","title":{"rendered":"Euro L\u00f5hnatu S\u00fc\u00fctevedelik"},"content":{"rendered":"<input class=\"fooboxshare_post_id\" type=\"hidden\" value=\"499\"\/>","protected":false},"excerpt":{"rendered":"<p>Pihustage vedelik s\u00f6e peale ja laske enne s\u00fc\u00fctamist hetk imenduda. Sobib ka l\u00f5kke-, kamina- ja saunapuude s\u00fc\u00fctamiseks. Koostis: vedelad s\u00fcsivesinikud.<\/p>\n","protected":false},"featured_media":1729,"template":"","meta":{"_acf_changed":false},"product_brand":[],"product_cat":[18,30,142,141,37,87,36],"product_tag":[20,73,75],"class_list":{"0":"post-499","1":"product","2":"type-product","3":"status-publish","4":"has-post-thumbnail","6":"product_cat-euro-product","7":"product_cat-kodukeemia","8":"product_cat-koik-tooted-mets-ja-aed","9":"product_cat-koik-tooted-kodukeemia","10":"product_cat-mets-ja-aed","11":"product_cat-suutevedelikud-mets-ja-aed","12":"product_cat-suutevedelikud","13":"product_tag-euro","14":"product_tag-kodukeemia","15":"product_tag-suutevedelik","17":"first","18":"instock","19":"shipping-taxable","20":"product-type-simple"},"acf":[],"yoast_head":"<!-- This site is optimized with the Yoast SEO plugin v27.3 - https:\/\/yoast.com\/product\/yoast-seo-wordpress\/ -->\n<title>Euro L\u00f5hnatu S\u00fc\u00fctevedelik - Euro Product - Baltoil<\/title>\n<meta name=\"description\" content=\"Pihustage s\u00fc\u00fctevedelik s\u00f6e peale ja laske enne s\u00fc\u00fctamist hetk imenduda. Sobib ka l\u00f5kke-, kamina- ja saunapuude s\u00fc\u00fctamiseks. Koostis: vedelad s\u00fcsivesinikud.\" \/>\n<meta name=\"robots\" content=\"index, follow, max-snippet:-1, max-image-preview:large, max-video-preview:-1\" \/>\n<link rel=\"canonical\" href=\"https:\/\/baltoil.ee\/toode\/euro-lohnatu-suutevedelik\/\" \/>\n<meta property=\"og:locale\" content=\"lt_LT\" \/>\n<meta property=\"og:type\" content=\"article\" \/>\n<meta property=\"og:title\" content=\"Euro L\u00f5hnatu S\u00fc\u00fctevedelik - Euro Product - Baltoil\" \/>\n<meta property=\"og:description\" content=\"Pihustage s\u00fc\u00fctevedelik s\u00f6e peale ja laske enne s\u00fc\u00fctamist hetk imenduda. Sobib ka l\u00f5kke-, kamina- ja saunapuude s\u00fc\u00fctamiseks. Koostis: vedelad s\u00fcsivesinikud.\" \/>\n<meta property=\"og:url\" content=\"https:\/\/baltoil.ee\/toode\/euro-lohnatu-suutevedelik\/\" \/>\n<meta property=\"og:site_name\" content=\"Baltoil\" \/>\n<meta property=\"article:modified_time\" content=\"2019-11-20T13:13:52+00:00\" \/>\n<meta property=\"og:image\" content=\"https:\/\/baltoil.ee\/wp-content\/uploads\/2019\/05\/euro-grillsuutevedelik-lohnatu-1l.png\" \/>\n\t<meta property=\"og:image:width\" content=\"429\" \/>\n\t<meta property=\"og:image:height\" content=\"600\" \/>\n\t<meta property=\"og:image:type\" content=\"image\/png\" \/>\n<meta name=\"twitter:card\" content=\"summary_large_image\" \/>\n<script type=\"application\/ld+json\" class=\"yoast-schema-graph\">{\"@context\":\"https:\\\/\\\/schema.org\",\"@graph\":[{\"@type\":\"WebPage\",\"@id\":\"https:\\\/\\\/baltoil.ee\\\/toode\\\/euro-lohnatu-suutevedelik\\\/\",\"url\":\"https:\\\/\\\/baltoil.ee\\\/toode\\\/euro-lohnatu-suutevedelik\\\/\",\"name\":\"Euro L\u00f5hnatu S\u00fc\u00fctevedelik - Euro Product - Baltoil\",\"isPartOf\":{\"@id\":\"https:\\\/\\\/baltoil.ee\\\/#website\"},\"primaryImageOfPage\":{\"@id\":\"https:\\\/\\\/baltoil.ee\\\/toode\\\/euro-lohnatu-suutevedelik\\\/#primaryimage\"},\"image\":{\"@id\":\"https:\\\/\\\/baltoil.ee\\\/toode\\\/euro-lohnatu-suutevedelik\\\/#primaryimage\"},\"thumbnailUrl\":\"https:\\\/\\\/baltoil.ee\\\/wp-content\\\/uploads\\\/2019\\\/05\\\/euro-grillsuutevedelik-lohnatu-1l.png\",\"datePublished\":\"2019-05-27T13:09:28+00:00\",\"dateModified\":\"2019-11-20T13:13:52+00:00\",\"description\":\"Pihustage s\u00fc\u00fctevedelik s\u00f6e peale ja laske enne s\u00fc\u00fctamist hetk imenduda. Sobib ka l\u00f5kke-, kamina- ja saunapuude s\u00fc\u00fctamiseks. Koostis: vedelad s\u00fcsivesinikud.\",\"breadcrumb\":{\"@id\":\"https:\\\/\\\/baltoil.ee\\\/toode\\\/euro-lohnatu-suutevedelik\\\/#breadcrumb\"},\"inLanguage\":\"lt-LT\",\"potentialAction\":[{\"@type\":\"ReadAction\",\"target\":[\"https:\\\/\\\/baltoil.ee\\\/toode\\\/euro-lohnatu-suutevedelik\\\/\"]}]},{\"@type\":\"ImageObject\",\"inLanguage\":\"lt-LT\",\"@id\":\"https:\\\/\\\/baltoil.ee\\\/toode\\\/euro-lohnatu-suutevedelik\\\/#primaryimage\",\"url\":\"https:\\\/\\\/baltoil.ee\\\/wp-content\\\/uploads\\\/2019\\\/05\\\/euro-grillsuutevedelik-lohnatu-1l.png\",\"contentUrl\":\"https:\\\/\\\/baltoil.ee\\\/wp-content\\\/uploads\\\/2019\\\/05\\\/euro-grillsuutevedelik-lohnatu-1l.png\",\"width\":429,\"height\":600},{\"@type\":\"BreadcrumbList\",\"@id\":\"https:\\\/\\\/baltoil.ee\\\/toode\\\/euro-lohnatu-suutevedelik\\\/#breadcrumb\",\"itemListElement\":[{\"@type\":\"ListItem\",\"position\":1,\"name\":\"Home\",\"item\":\"https:\\\/\\\/baltoil.ee\\\/lt\\\/\"},{\"@type\":\"ListItem\",\"position\":2,\"name\":\"Tooted\",\"item\":\"https:\\\/\\\/baltoil.ee\\\/tooted\\\/\"},{\"@type\":\"ListItem\",\"position\":3,\"name\":\"Euro L\u00f5hnatu S\u00fc\u00fctevedelik\"}]},{\"@type\":\"WebSite\",\"@id\":\"https:\\\/\\\/baltoil.ee\\\/#website\",\"url\":\"https:\\\/\\\/baltoil.ee\\\/\",\"name\":\"Baltoil\",\"description\":\"\",\"publisher\":{\"@id\":\"https:\\\/\\\/baltoil.ee\\\/#organization\"},\"potentialAction\":[{\"@type\":\"SearchAction\",\"target\":{\"@type\":\"EntryPoint\",\"urlTemplate\":\"https:\\\/\\\/baltoil.ee\\\/?s={search_term_string}\"},\"query-input\":{\"@type\":\"PropertyValueSpecification\",\"valueRequired\":true,\"valueName\":\"search_term_string\"}}],\"inLanguage\":\"lt-LT\"},{\"@type\":\"Organization\",\"@id\":\"https:\\\/\\\/baltoil.ee\\\/#organization\",\"name\":\"AS Baltoil\",\"url\":\"https:\\\/\\\/baltoil.ee\\\/\",\"logo\":{\"@type\":\"ImageObject\",\"inLanguage\":\"lt-LT\",\"@id\":\"https:\\\/\\\/baltoil.ee\\\/#\\\/schema\\\/logo\\\/image\\\/\",\"url\":\"https:\\\/\\\/baltoil.ee\\\/wp-content\\\/uploads\\\/2020\\\/04\\\/baltoil_logo.svg\",\"contentUrl\":\"https:\\\/\\\/baltoil.ee\\\/wp-content\\\/uploads\\\/2020\\\/04\\\/baltoil_logo.svg\",\"width\":1,\"height\":1,\"caption\":\"AS Baltoil\"},\"image\":{\"@id\":\"https:\\\/\\\/baltoil.ee\\\/#\\\/schema\\\/logo\\\/image\\\/\"}}]}<\/script>\n<!-- \/ Yoast SEO plugin. -->","yoast_head_json":{"title":"Euro L\u00f5hnatu S\u00fc\u00fctevedelik - Euro Product - Baltoil","description":"Pihustage s\u00fc\u00fctevedelik s\u00f6e peale ja laske enne s\u00fc\u00fctamist hetk imenduda. Sobib ka l\u00f5kke-, kamina- ja saunapuude s\u00fc\u00fctamiseks. Koostis: vedelad s\u00fcsivesinikud.","robots":{"index":"index","follow":"follow","max-snippet":"max-snippet:-1","max-image-preview":"max-image-preview:large","max-video-preview":"max-video-preview:-1"},"canonical":"https:\/\/baltoil.ee\/toode\/euro-lohnatu-suutevedelik\/","og_locale":"lt_LT","og_type":"article","og_title":"Euro L\u00f5hnatu S\u00fc\u00fctevedelik - Euro Product - Baltoil","og_description":"Pihustage s\u00fc\u00fctevedelik s\u00f6e peale ja laske enne s\u00fc\u00fctamist hetk imenduda. Sobib ka l\u00f5kke-, kamina- ja saunapuude s\u00fc\u00fctamiseks. Koostis: vedelad s\u00fcsivesinikud.","og_url":"https:\/\/baltoil.ee\/toode\/euro-lohnatu-suutevedelik\/","og_site_name":"Baltoil","article_modified_time":"2019-11-20T13:13:52+00:00","og_image":[{"width":429,"height":600,"url":"https:\/\/baltoil.ee\/wp-content\/uploads\/2019\/05\/euro-grillsuutevedelik-lohnatu-1l.png","type":"image\/png"}],"twitter_card":"summary_large_image","schema":{"@context":"https:\/\/schema.org","@graph":[{"@type":"WebPage","@id":"https:\/\/baltoil.ee\/toode\/euro-lohnatu-suutevedelik\/","url":"https:\/\/baltoil.ee\/toode\/euro-lohnatu-suutevedelik\/","name":"Euro L\u00f5hnatu S\u00fc\u00fctevedelik - Euro Product - Baltoil","isPartOf":{"@id":"https:\/\/baltoil.ee\/#website"},"primaryImageOfPage":{"@id":"https:\/\/baltoil.ee\/toode\/euro-lohnatu-suutevedelik\/#primaryimage"},"image":{"@id":"https:\/\/baltoil.ee\/toode\/euro-lohnatu-suutevedelik\/#primaryimage"},"thumbnailUrl":"https:\/\/baltoil.ee\/wp-content\/uploads\/2019\/05\/euro-grillsuutevedelik-lohnatu-1l.png","datePublished":"2019-05-27T13:09:28+00:00","dateModified":"2019-11-20T13:13:52+00:00","description":"Pihustage s\u00fc\u00fctevedelik s\u00f6e peale ja laske enne s\u00fc\u00fctamist hetk imenduda. Sobib ka l\u00f5kke-, kamina- ja saunapuude s\u00fc\u00fctamiseks. Koostis: vedelad s\u00fcsivesinikud.","breadcrumb":{"@id":"https:\/\/baltoil.ee\/toode\/euro-lohnatu-suutevedelik\/#breadcrumb"},"inLanguage":"lt-LT","potentialAction":[{"@type":"ReadAction","target":["https:\/\/baltoil.ee\/toode\/euro-lohnatu-suutevedelik\/"]}]},{"@type":"ImageObject","inLanguage":"lt-LT","@id":"https:\/\/baltoil.ee\/toode\/euro-lohnatu-suutevedelik\/#primaryimage","url":"https:\/\/baltoil.ee\/wp-content\/uploads\/2019\/05\/euro-grillsuutevedelik-lohnatu-1l.png","contentUrl":"https:\/\/baltoil.ee\/wp-content\/uploads\/2019\/05\/euro-grillsuutevedelik-lohnatu-1l.png","width":429,"height":600},{"@type":"BreadcrumbList","@id":"https:\/\/baltoil.ee\/toode\/euro-lohnatu-suutevedelik\/#breadcrumb","itemListElement":[{"@type":"ListItem","position":1,"name":"Home","item":"https:\/\/baltoil.ee\/lt\/"},{"@type":"ListItem","position":2,"name":"Tooted","item":"https:\/\/baltoil.ee\/tooted\/"},{"@type":"ListItem","position":3,"name":"Euro L\u00f5hnatu S\u00fc\u00fctevedelik"}]},{"@type":"WebSite","@id":"https:\/\/baltoil.ee\/#website","url":"https:\/\/baltoil.ee\/","name":"Baltoil","description":"","publisher":{"@id":"https:\/\/baltoil.ee\/#organization"},"potentialAction":[{"@type":"SearchAction","target":{"@type":"EntryPoint","urlTemplate":"https:\/\/baltoil.ee\/?s={search_term_string}"},"query-input":{"@type":"PropertyValueSpecification","valueRequired":true,"valueName":"search_term_string"}}],"inLanguage":"lt-LT"},{"@type":"Organization","@id":"https:\/\/baltoil.ee\/#organization","name":"AS Baltoil","url":"https:\/\/baltoil.ee\/","logo":{"@type":"ImageObject","inLanguage":"lt-LT","@id":"https:\/\/baltoil.ee\/#\/schema\/logo\/image\/","url":"https:\/\/baltoil.ee\/wp-content\/uploads\/2020\/04\/baltoil_logo.svg","contentUrl":"https:\/\/baltoil.ee\/wp-content\/uploads\/2020\/04\/baltoil_logo.svg","width":1,"height":1,"caption":"AS Baltoil"},"image":{"@id":"https:\/\/baltoil.ee\/#\/schema\/logo\/image\/"}}]}},"_links":{"self":[{"href":"https:\/\/baltoil.ee\/lt\/wp-json\/wp\/v2\/product\/499","targetHints":{"allow":["GET"]}}],"collection":[{"href":"https:\/\/baltoil.ee\/lt\/wp-json\/wp\/v2\/product"}],"about":[{"href":"https:\/\/baltoil.ee\/lt\/wp-json\/wp\/v2\/types\/product"}],"wp:featuredmedia":[{"embeddable":true,"href":"https:\/\/baltoil.ee\/lt\/wp-json\/wp\/v2\/media\/1729"}],"wp:attachment":[{"href":"https:\/\/baltoil.ee\/lt\/wp-json\/wp\/v2\/media?parent=499"}],"wp:term":[{"taxonomy":"product_brand","embeddable":true,"href":"https:\/\/baltoil.ee\/lt\/wp-json\/wp\/v2\/product_brand?post=499"},{"taxonomy":"product_cat","embeddable":true,"href":"https:\/\/baltoil.ee\/lt\/wp-json\/wp\/v2\/product_cat?post=499"},{"taxonomy":"product_tag","embeddable":true,"href":"https:\/\/baltoil.ee\/lt\/wp-json\/wp\/v2\/product_tag?post=499"}],"curies":[{"name":"wp","href":"https:\/\/api.w.org\/{rel}","templated":true}]}}