{"id":497,"date":"2019-05-27T12:55:07","date_gmt":"2019-05-27T12:55:07","guid":{"rendered":"https:\/\/dev.baltoil.ee\/?post_type=product&#038;p=497"},"modified":"2019-11-22T12:54:11","modified_gmt":"2019-11-22T12:54:11","slug":"tipico-kaminate-poletusvedelik","status":"publish","type":"product","link":"https:\/\/baltoil.ee\/lt\/toode\/tipico-kaminate-poletusvedelik\/","title":{"rendered":"Tipico Biokaminate P\u00f5letusvedelik"},"content":{"rendered":"<input class=\"fooboxshare_post_id\" type=\"hidden\" value=\"497\"\/>","protected":false},"excerpt":{"rendered":"<p><strong>P\u00f5letusvedelik on m\u00f5eldud kaminatele, millel pole korstnaid. <\/strong><\/p>\n<p>Sisaldab denatureeritud bioetanooli. Eriti puhta bioloogilise etanooli p\u00f5hilised p\u00f5lemisj\u00e4\u00e4gid on veeaur ja s\u00fcsihappegaas, mis vabanevad ka hingamisel. Tootele ei tohi segada mingeid teisi lisandeid, paksendajaid (p\u00f5letusgeeli v\u00f5i pastat), lahusteid v\u00f5i \u00f5li, kuna p\u00f5lemisel v\u00f5ib tekkida kahjulikke aurusid siseruumidesse. Toode on valmistatud EU-s ja tagab optimaalse p\u00f5lemise ning normaalse sise\u00f5hu. J\u00e4lgi hoolikalt kamina kasutusjuhendit.<\/p>\n","protected":false},"featured_media":1723,"template":"","meta":{"_acf_changed":false},"product_brand":[],"product_cat":[18,30,141,36],"product_tag":[20,73,75],"class_list":{"0":"post-497","1":"product","2":"type-product","3":"status-publish","4":"has-post-thumbnail","6":"product_cat-euro-product","7":"product_cat-kodukeemia","8":"product_cat-koik-tooted-kodukeemia","9":"product_cat-suutevedelikud","10":"product_tag-euro","11":"product_tag-kodukeemia","12":"product_tag-suutevedelik","14":"first","15":"instock","16":"shipping-taxable","17":"product-type-simple"},"acf":[],"yoast_head":"<!-- This site is optimized with the Yoast SEO plugin v27.3 - https:\/\/yoast.com\/product\/yoast-seo-wordpress\/ -->\n<title>Tipico Biokaminate P\u00f5letusvedelik - Bioetanool - Baltoil<\/title>\n<meta name=\"description\" content=\"Biokamina p\u00f5letusvedelik on m\u00f5eldud kaminatele, millel pole korstnaid. Sisaldab: denatureeritud bioetanool. P\u00f5lemisj\u00e4\u00e4gid on veeaur ja s\u00fcsihappegaas,\" \/>\n<meta name=\"robots\" content=\"index, follow, max-snippet:-1, max-image-preview:large, max-video-preview:-1\" \/>\n<link rel=\"canonical\" href=\"https:\/\/baltoil.ee\/toode\/tipico-kaminate-poletusvedelik\/\" \/>\n<meta property=\"og:locale\" content=\"lt_LT\" \/>\n<meta property=\"og:type\" content=\"article\" \/>\n<meta property=\"og:title\" content=\"Tipico Biokaminate P\u00f5letusvedelik - Bioetanool - Baltoil\" \/>\n<meta property=\"og:description\" content=\"Biokamina p\u00f5letusvedelik on m\u00f5eldud kaminatele, millel pole korstnaid. Sisaldab: denatureeritud bioetanool. P\u00f5lemisj\u00e4\u00e4gid on veeaur ja s\u00fcsihappegaas,\" \/>\n<meta property=\"og:url\" content=\"https:\/\/baltoil.ee\/toode\/tipico-kaminate-poletusvedelik\/\" \/>\n<meta property=\"og:site_name\" content=\"Baltoil\" \/>\n<meta property=\"article:modified_time\" content=\"2019-11-22T12:54:11+00:00\" \/>\n<meta property=\"og:image\" content=\"https:\/\/baltoil.ee\/wp-content\/uploads\/2019\/05\/tipico-biokaminate-poletusvedelik-1l.png\" \/>\n\t<meta property=\"og:image:width\" content=\"429\" \/>\n\t<meta property=\"og:image:height\" content=\"600\" \/>\n\t<meta property=\"og:image:type\" content=\"image\/png\" \/>\n<meta name=\"twitter:card\" content=\"summary_large_image\" \/>\n<script type=\"application\/ld+json\" class=\"yoast-schema-graph\">{\"@context\":\"https:\\\/\\\/schema.org\",\"@graph\":[{\"@type\":\"WebPage\",\"@id\":\"https:\\\/\\\/baltoil.ee\\\/toode\\\/tipico-kaminate-poletusvedelik\\\/\",\"url\":\"https:\\\/\\\/baltoil.ee\\\/toode\\\/tipico-kaminate-poletusvedelik\\\/\",\"name\":\"Tipico Biokaminate P\u00f5letusvedelik - Bioetanool - Baltoil\",\"isPartOf\":{\"@id\":\"https:\\\/\\\/baltoil.ee\\\/#website\"},\"primaryImageOfPage\":{\"@id\":\"https:\\\/\\\/baltoil.ee\\\/toode\\\/tipico-kaminate-poletusvedelik\\\/#primaryimage\"},\"image\":{\"@id\":\"https:\\\/\\\/baltoil.ee\\\/toode\\\/tipico-kaminate-poletusvedelik\\\/#primaryimage\"},\"thumbnailUrl\":\"https:\\\/\\\/baltoil.ee\\\/wp-content\\\/uploads\\\/2019\\\/05\\\/tipico-biokaminate-poletusvedelik-1l.png\",\"datePublished\":\"2019-05-27T12:55:07+00:00\",\"dateModified\":\"2019-11-22T12:54:11+00:00\",\"description\":\"Biokamina p\u00f5letusvedelik on m\u00f5eldud kaminatele, millel pole korstnaid. Sisaldab: denatureeritud bioetanool. P\u00f5lemisj\u00e4\u00e4gid on veeaur ja s\u00fcsihappegaas,\",\"breadcrumb\":{\"@id\":\"https:\\\/\\\/baltoil.ee\\\/toode\\\/tipico-kaminate-poletusvedelik\\\/#breadcrumb\"},\"inLanguage\":\"lt-LT\",\"potentialAction\":[{\"@type\":\"ReadAction\",\"target\":[\"https:\\\/\\\/baltoil.ee\\\/toode\\\/tipico-kaminate-poletusvedelik\\\/\"]}]},{\"@type\":\"ImageObject\",\"inLanguage\":\"lt-LT\",\"@id\":\"https:\\\/\\\/baltoil.ee\\\/toode\\\/tipico-kaminate-poletusvedelik\\\/#primaryimage\",\"url\":\"https:\\\/\\\/baltoil.ee\\\/wp-content\\\/uploads\\\/2019\\\/05\\\/tipico-biokaminate-poletusvedelik-1l.png\",\"contentUrl\":\"https:\\\/\\\/baltoil.ee\\\/wp-content\\\/uploads\\\/2019\\\/05\\\/tipico-biokaminate-poletusvedelik-1l.png\",\"width\":429,\"height\":600},{\"@type\":\"BreadcrumbList\",\"@id\":\"https:\\\/\\\/baltoil.ee\\\/toode\\\/tipico-kaminate-poletusvedelik\\\/#breadcrumb\",\"itemListElement\":[{\"@type\":\"ListItem\",\"position\":1,\"name\":\"Home\",\"item\":\"https:\\\/\\\/baltoil.ee\\\/lt\\\/\"},{\"@type\":\"ListItem\",\"position\":2,\"name\":\"Tooted\",\"item\":\"https:\\\/\\\/baltoil.ee\\\/tooted\\\/\"},{\"@type\":\"ListItem\",\"position\":3,\"name\":\"Tipico Biokaminate P\u00f5letusvedelik\"}]},{\"@type\":\"WebSite\",\"@id\":\"https:\\\/\\\/baltoil.ee\\\/#website\",\"url\":\"https:\\\/\\\/baltoil.ee\\\/\",\"name\":\"Baltoil\",\"description\":\"\",\"publisher\":{\"@id\":\"https:\\\/\\\/baltoil.ee\\\/#organization\"},\"potentialAction\":[{\"@type\":\"SearchAction\",\"target\":{\"@type\":\"EntryPoint\",\"urlTemplate\":\"https:\\\/\\\/baltoil.ee\\\/?s={search_term_string}\"},\"query-input\":{\"@type\":\"PropertyValueSpecification\",\"valueRequired\":true,\"valueName\":\"search_term_string\"}}],\"inLanguage\":\"lt-LT\"},{\"@type\":\"Organization\",\"@id\":\"https:\\\/\\\/baltoil.ee\\\/#organization\",\"name\":\"AS Baltoil\",\"url\":\"https:\\\/\\\/baltoil.ee\\\/\",\"logo\":{\"@type\":\"ImageObject\",\"inLanguage\":\"lt-LT\",\"@id\":\"https:\\\/\\\/baltoil.ee\\\/#\\\/schema\\\/logo\\\/image\\\/\",\"url\":\"https:\\\/\\\/baltoil.ee\\\/wp-content\\\/uploads\\\/2020\\\/04\\\/baltoil_logo.svg\",\"contentUrl\":\"https:\\\/\\\/baltoil.ee\\\/wp-content\\\/uploads\\\/2020\\\/04\\\/baltoil_logo.svg\",\"width\":1,\"height\":1,\"caption\":\"AS Baltoil\"},\"image\":{\"@id\":\"https:\\\/\\\/baltoil.ee\\\/#\\\/schema\\\/logo\\\/image\\\/\"}}]}<\/script>\n<!-- \/ Yoast SEO plugin. -->","yoast_head_json":{"title":"Tipico Biokaminate P\u00f5letusvedelik - Bioetanool - Baltoil","description":"Biokamina p\u00f5letusvedelik on m\u00f5eldud kaminatele, millel pole korstnaid. Sisaldab: denatureeritud bioetanool. P\u00f5lemisj\u00e4\u00e4gid on veeaur ja s\u00fcsihappegaas,","robots":{"index":"index","follow":"follow","max-snippet":"max-snippet:-1","max-image-preview":"max-image-preview:large","max-video-preview":"max-video-preview:-1"},"canonical":"https:\/\/baltoil.ee\/toode\/tipico-kaminate-poletusvedelik\/","og_locale":"lt_LT","og_type":"article","og_title":"Tipico Biokaminate P\u00f5letusvedelik - Bioetanool - Baltoil","og_description":"Biokamina p\u00f5letusvedelik on m\u00f5eldud kaminatele, millel pole korstnaid. Sisaldab: denatureeritud bioetanool. P\u00f5lemisj\u00e4\u00e4gid on veeaur ja s\u00fcsihappegaas,","og_url":"https:\/\/baltoil.ee\/toode\/tipico-kaminate-poletusvedelik\/","og_site_name":"Baltoil","article_modified_time":"2019-11-22T12:54:11+00:00","og_image":[{"width":429,"height":600,"url":"https:\/\/baltoil.ee\/wp-content\/uploads\/2019\/05\/tipico-biokaminate-poletusvedelik-1l.png","type":"image\/png"}],"twitter_card":"summary_large_image","schema":{"@context":"https:\/\/schema.org","@graph":[{"@type":"WebPage","@id":"https:\/\/baltoil.ee\/toode\/tipico-kaminate-poletusvedelik\/","url":"https:\/\/baltoil.ee\/toode\/tipico-kaminate-poletusvedelik\/","name":"Tipico Biokaminate P\u00f5letusvedelik - Bioetanool - Baltoil","isPartOf":{"@id":"https:\/\/baltoil.ee\/#website"},"primaryImageOfPage":{"@id":"https:\/\/baltoil.ee\/toode\/tipico-kaminate-poletusvedelik\/#primaryimage"},"image":{"@id":"https:\/\/baltoil.ee\/toode\/tipico-kaminate-poletusvedelik\/#primaryimage"},"thumbnailUrl":"https:\/\/baltoil.ee\/wp-content\/uploads\/2019\/05\/tipico-biokaminate-poletusvedelik-1l.png","datePublished":"2019-05-27T12:55:07+00:00","dateModified":"2019-11-22T12:54:11+00:00","description":"Biokamina p\u00f5letusvedelik on m\u00f5eldud kaminatele, millel pole korstnaid. Sisaldab: denatureeritud bioetanool. P\u00f5lemisj\u00e4\u00e4gid on veeaur ja s\u00fcsihappegaas,","breadcrumb":{"@id":"https:\/\/baltoil.ee\/toode\/tipico-kaminate-poletusvedelik\/#breadcrumb"},"inLanguage":"lt-LT","potentialAction":[{"@type":"ReadAction","target":["https:\/\/baltoil.ee\/toode\/tipico-kaminate-poletusvedelik\/"]}]},{"@type":"ImageObject","inLanguage":"lt-LT","@id":"https:\/\/baltoil.ee\/toode\/tipico-kaminate-poletusvedelik\/#primaryimage","url":"https:\/\/baltoil.ee\/wp-content\/uploads\/2019\/05\/tipico-biokaminate-poletusvedelik-1l.png","contentUrl":"https:\/\/baltoil.ee\/wp-content\/uploads\/2019\/05\/tipico-biokaminate-poletusvedelik-1l.png","width":429,"height":600},{"@type":"BreadcrumbList","@id":"https:\/\/baltoil.ee\/toode\/tipico-kaminate-poletusvedelik\/#breadcrumb","itemListElement":[{"@type":"ListItem","position":1,"name":"Home","item":"https:\/\/baltoil.ee\/lt\/"},{"@type":"ListItem","position":2,"name":"Tooted","item":"https:\/\/baltoil.ee\/tooted\/"},{"@type":"ListItem","position":3,"name":"Tipico Biokaminate P\u00f5letusvedelik"}]},{"@type":"WebSite","@id":"https:\/\/baltoil.ee\/#website","url":"https:\/\/baltoil.ee\/","name":"Baltoil","description":"","publisher":{"@id":"https:\/\/baltoil.ee\/#organization"},"potentialAction":[{"@type":"SearchAction","target":{"@type":"EntryPoint","urlTemplate":"https:\/\/baltoil.ee\/?s={search_term_string}"},"query-input":{"@type":"PropertyValueSpecification","valueRequired":true,"valueName":"search_term_string"}}],"inLanguage":"lt-LT"},{"@type":"Organization","@id":"https:\/\/baltoil.ee\/#organization","name":"AS Baltoil","url":"https:\/\/baltoil.ee\/","logo":{"@type":"ImageObject","inLanguage":"lt-LT","@id":"https:\/\/baltoil.ee\/#\/schema\/logo\/image\/","url":"https:\/\/baltoil.ee\/wp-content\/uploads\/2020\/04\/baltoil_logo.svg","contentUrl":"https:\/\/baltoil.ee\/wp-content\/uploads\/2020\/04\/baltoil_logo.svg","width":1,"height":1,"caption":"AS Baltoil"},"image":{"@id":"https:\/\/baltoil.ee\/#\/schema\/logo\/image\/"}}]}},"_links":{"self":[{"href":"https:\/\/baltoil.ee\/lt\/wp-json\/wp\/v2\/product\/497","targetHints":{"allow":["GET"]}}],"collection":[{"href":"https:\/\/baltoil.ee\/lt\/wp-json\/wp\/v2\/product"}],"about":[{"href":"https:\/\/baltoil.ee\/lt\/wp-json\/wp\/v2\/types\/product"}],"wp:featuredmedia":[{"embeddable":true,"href":"https:\/\/baltoil.ee\/lt\/wp-json\/wp\/v2\/media\/1723"}],"wp:attachment":[{"href":"https:\/\/baltoil.ee\/lt\/wp-json\/wp\/v2\/media?parent=497"}],"wp:term":[{"taxonomy":"product_brand","embeddable":true,"href":"https:\/\/baltoil.ee\/lt\/wp-json\/wp\/v2\/product_brand?post=497"},{"taxonomy":"product_cat","embeddable":true,"href":"https:\/\/baltoil.ee\/lt\/wp-json\/wp\/v2\/product_cat?post=497"},{"taxonomy":"product_tag","embeddable":true,"href":"https:\/\/baltoil.ee\/lt\/wp-json\/wp\/v2\/product_tag?post=497"}],"curies":[{"name":"wp","href":"https:\/\/api.w.org\/{rel}","templated":true}]}}