{"id":491,"date":"2019-05-27T12:32:28","date_gmt":"2019-05-27T12:32:28","guid":{"rendered":"https:\/\/dev.baltoil.ee\/?post_type=product&#038;p=491"},"modified":"2025-01-29T16:43:13","modified_gmt":"2025-01-29T13:43:13","slug":"super-klaas-klaasipesuvedelik","status":"publish","type":"product","link":"https:\/\/baltoil.ee\/lt\/toode\/super-klaas-klaasipesuvedelik\/","title":{"rendered":"Euro Super Klaas"},"content":{"rendered":"<input class=\"fooboxshare_post_id\" type=\"hidden\" value=\"491\"\/>","protected":false},"excerpt":{"rendered":"<p><strong>Meeldiva l\u00f5hnaline klaasipesuvedelik k\u00f5ikide majapidamises olevate kahhel-, klaas- ja peegelpindade puhastamiseks. <\/strong><\/p>\n<ul>\n<li>Eraldab t\u00f5husalt mustuse ega j\u00e4ta triipe klaasile<\/li>\n<li>Ei\u00a0 kahjusta kummi ega\u00a0 plastmassi<\/li>\n<li>Ei moodusta h\u00e4irivat kilet.<\/li>\n<\/ul>\n","protected":false},"featured_media":5412,"template":"","meta":{"_acf_changed":false},"product_brand":[],"product_cat":[18,69,30,141,35],"product_tag":[20,73,26],"class_list":{"0":"post-491","1":"product","2":"type-product","3":"status-publish","4":"has-post-thumbnail","6":"product_cat-euro-product","7":"product_cat-euro-profclean","8":"product_cat-kodukeemia","9":"product_cat-koik-tooted-kodukeemia","10":"product_cat-puhastusained","11":"product_tag-euro","12":"product_tag-kodukeemia","13":"product_tag-pesuaine","15":"first","16":"instock","17":"shipping-taxable","18":"product-type-simple"},"acf":[],"yoast_head":"<!-- This site is optimized with the Yoast SEO plugin v27.3 - https:\/\/yoast.com\/product\/yoast-seo-wordpress\/ -->\n<title>Euro Super Klaas - Klaasipesuvedelik - Euro Product - Baltoil<\/title>\n<meta name=\"description\" content=\"Meeldiva l\u00f5hnaline klaasipesuvedelik k\u00f5ikide majapidamises olevate kahhel-, klaas- ja peegelpindade puhastamiseks. Eraldab mustuse ega j\u00e4ta triipe klaasile.\" \/>\n<meta name=\"robots\" content=\"index, follow, max-snippet:-1, max-image-preview:large, max-video-preview:-1\" \/>\n<link rel=\"canonical\" href=\"https:\/\/baltoil.ee\/toode\/super-klaas-klaasipesuvedelik\/\" \/>\n<meta property=\"og:locale\" content=\"lt_LT\" \/>\n<meta property=\"og:type\" content=\"article\" \/>\n<meta property=\"og:title\" content=\"Euro Super Klaas - Klaasipesuvedelik - Euro Product - Baltoil\" \/>\n<meta property=\"og:description\" content=\"Meeldiva l\u00f5hnaline klaasipesuvedelik k\u00f5ikide majapidamises olevate kahhel-, klaas- ja peegelpindade puhastamiseks. Eraldab mustuse ega j\u00e4ta triipe klaasile.\" \/>\n<meta property=\"og:url\" content=\"https:\/\/baltoil.ee\/toode\/super-klaas-klaasipesuvedelik\/\" \/>\n<meta property=\"og:site_name\" content=\"Baltoil\" \/>\n<meta property=\"article:modified_time\" content=\"2025-01-29T13:43:13+00:00\" \/>\n<meta property=\"og:image\" content=\"https:\/\/baltoil.ee\/wp-content\/uploads\/2023\/09\/super-klaas-koos-1-1011x1024.png\" \/>\n\t<meta property=\"og:image:width\" content=\"1011\" \/>\n\t<meta property=\"og:image:height\" content=\"1024\" \/>\n\t<meta property=\"og:image:type\" content=\"image\/png\" \/>\n<meta name=\"twitter:card\" content=\"summary_large_image\" \/>\n<meta name=\"twitter:label1\" content=\"Est. reading time\" \/>\n\t<meta name=\"twitter:data1\" content=\"1 minut\u0117\" \/>\n<script type=\"application\/ld+json\" class=\"yoast-schema-graph\">{\"@context\":\"https:\\\/\\\/schema.org\",\"@graph\":[{\"@type\":\"WebPage\",\"@id\":\"https:\\\/\\\/baltoil.ee\\\/toode\\\/super-klaas-klaasipesuvedelik\\\/\",\"url\":\"https:\\\/\\\/baltoil.ee\\\/toode\\\/super-klaas-klaasipesuvedelik\\\/\",\"name\":\"Euro Super Klaas - Klaasipesuvedelik - Euro Product - Baltoil\",\"isPartOf\":{\"@id\":\"https:\\\/\\\/baltoil.ee\\\/#website\"},\"primaryImageOfPage\":{\"@id\":\"https:\\\/\\\/baltoil.ee\\\/toode\\\/super-klaas-klaasipesuvedelik\\\/#primaryimage\"},\"image\":{\"@id\":\"https:\\\/\\\/baltoil.ee\\\/toode\\\/super-klaas-klaasipesuvedelik\\\/#primaryimage\"},\"thumbnailUrl\":\"https:\\\/\\\/baltoil.ee\\\/wp-content\\\/uploads\\\/2023\\\/09\\\/super-klaas-koos-1.png\",\"datePublished\":\"2019-05-27T12:32:28+00:00\",\"dateModified\":\"2025-01-29T13:43:13+00:00\",\"description\":\"Meeldiva l\u00f5hnaline klaasipesuvedelik k\u00f5ikide majapidamises olevate kahhel-, klaas- ja peegelpindade puhastamiseks. Eraldab mustuse ega j\u00e4ta triipe klaasile.\",\"breadcrumb\":{\"@id\":\"https:\\\/\\\/baltoil.ee\\\/toode\\\/super-klaas-klaasipesuvedelik\\\/#breadcrumb\"},\"inLanguage\":\"lt-LT\",\"potentialAction\":[{\"@type\":\"ReadAction\",\"target\":[\"https:\\\/\\\/baltoil.ee\\\/toode\\\/super-klaas-klaasipesuvedelik\\\/\"]}]},{\"@type\":\"ImageObject\",\"inLanguage\":\"lt-LT\",\"@id\":\"https:\\\/\\\/baltoil.ee\\\/toode\\\/super-klaas-klaasipesuvedelik\\\/#primaryimage\",\"url\":\"https:\\\/\\\/baltoil.ee\\\/wp-content\\\/uploads\\\/2023\\\/09\\\/super-klaas-koos-1.png\",\"contentUrl\":\"https:\\\/\\\/baltoil.ee\\\/wp-content\\\/uploads\\\/2023\\\/09\\\/super-klaas-koos-1.png\",\"width\":1725,\"height\":1748},{\"@type\":\"BreadcrumbList\",\"@id\":\"https:\\\/\\\/baltoil.ee\\\/toode\\\/super-klaas-klaasipesuvedelik\\\/#breadcrumb\",\"itemListElement\":[{\"@type\":\"ListItem\",\"position\":1,\"name\":\"Home\",\"item\":\"https:\\\/\\\/baltoil.ee\\\/lt\\\/\"},{\"@type\":\"ListItem\",\"position\":2,\"name\":\"Tooted\",\"item\":\"https:\\\/\\\/baltoil.ee\\\/tooted\\\/\"},{\"@type\":\"ListItem\",\"position\":3,\"name\":\"Euro Super Klaas\"}]},{\"@type\":\"WebSite\",\"@id\":\"https:\\\/\\\/baltoil.ee\\\/#website\",\"url\":\"https:\\\/\\\/baltoil.ee\\\/\",\"name\":\"Baltoil\",\"description\":\"\",\"publisher\":{\"@id\":\"https:\\\/\\\/baltoil.ee\\\/#organization\"},\"potentialAction\":[{\"@type\":\"SearchAction\",\"target\":{\"@type\":\"EntryPoint\",\"urlTemplate\":\"https:\\\/\\\/baltoil.ee\\\/?s={search_term_string}\"},\"query-input\":{\"@type\":\"PropertyValueSpecification\",\"valueRequired\":true,\"valueName\":\"search_term_string\"}}],\"inLanguage\":\"lt-LT\"},{\"@type\":\"Organization\",\"@id\":\"https:\\\/\\\/baltoil.ee\\\/#organization\",\"name\":\"AS Baltoil\",\"url\":\"https:\\\/\\\/baltoil.ee\\\/\",\"logo\":{\"@type\":\"ImageObject\",\"inLanguage\":\"lt-LT\",\"@id\":\"https:\\\/\\\/baltoil.ee\\\/#\\\/schema\\\/logo\\\/image\\\/\",\"url\":\"https:\\\/\\\/baltoil.ee\\\/wp-content\\\/uploads\\\/2020\\\/04\\\/baltoil_logo.svg\",\"contentUrl\":\"https:\\\/\\\/baltoil.ee\\\/wp-content\\\/uploads\\\/2020\\\/04\\\/baltoil_logo.svg\",\"width\":1,\"height\":1,\"caption\":\"AS Baltoil\"},\"image\":{\"@id\":\"https:\\\/\\\/baltoil.ee\\\/#\\\/schema\\\/logo\\\/image\\\/\"}}]}<\/script>\n<!-- \/ Yoast SEO plugin. -->","yoast_head_json":{"title":"Euro Super Klaas - Klaasipesuvedelik - Euro Product - Baltoil","description":"Meeldiva l\u00f5hnaline klaasipesuvedelik k\u00f5ikide majapidamises olevate kahhel-, klaas- ja peegelpindade puhastamiseks. Eraldab mustuse ega j\u00e4ta triipe klaasile.","robots":{"index":"index","follow":"follow","max-snippet":"max-snippet:-1","max-image-preview":"max-image-preview:large","max-video-preview":"max-video-preview:-1"},"canonical":"https:\/\/baltoil.ee\/toode\/super-klaas-klaasipesuvedelik\/","og_locale":"lt_LT","og_type":"article","og_title":"Euro Super Klaas - Klaasipesuvedelik - Euro Product - Baltoil","og_description":"Meeldiva l\u00f5hnaline klaasipesuvedelik k\u00f5ikide majapidamises olevate kahhel-, klaas- ja peegelpindade puhastamiseks. Eraldab mustuse ega j\u00e4ta triipe klaasile.","og_url":"https:\/\/baltoil.ee\/toode\/super-klaas-klaasipesuvedelik\/","og_site_name":"Baltoil","article_modified_time":"2025-01-29T13:43:13+00:00","og_image":[{"width":1011,"height":1024,"url":"https:\/\/baltoil.ee\/wp-content\/uploads\/2023\/09\/super-klaas-koos-1-1011x1024.png","type":"image\/png"}],"twitter_card":"summary_large_image","twitter_misc":{"Est. reading time":"1 minut\u0117"},"schema":{"@context":"https:\/\/schema.org","@graph":[{"@type":"WebPage","@id":"https:\/\/baltoil.ee\/toode\/super-klaas-klaasipesuvedelik\/","url":"https:\/\/baltoil.ee\/toode\/super-klaas-klaasipesuvedelik\/","name":"Euro Super Klaas - Klaasipesuvedelik - Euro Product - Baltoil","isPartOf":{"@id":"https:\/\/baltoil.ee\/#website"},"primaryImageOfPage":{"@id":"https:\/\/baltoil.ee\/toode\/super-klaas-klaasipesuvedelik\/#primaryimage"},"image":{"@id":"https:\/\/baltoil.ee\/toode\/super-klaas-klaasipesuvedelik\/#primaryimage"},"thumbnailUrl":"https:\/\/baltoil.ee\/wp-content\/uploads\/2023\/09\/super-klaas-koos-1.png","datePublished":"2019-05-27T12:32:28+00:00","dateModified":"2025-01-29T13:43:13+00:00","description":"Meeldiva l\u00f5hnaline klaasipesuvedelik k\u00f5ikide majapidamises olevate kahhel-, klaas- ja peegelpindade puhastamiseks. Eraldab mustuse ega j\u00e4ta triipe klaasile.","breadcrumb":{"@id":"https:\/\/baltoil.ee\/toode\/super-klaas-klaasipesuvedelik\/#breadcrumb"},"inLanguage":"lt-LT","potentialAction":[{"@type":"ReadAction","target":["https:\/\/baltoil.ee\/toode\/super-klaas-klaasipesuvedelik\/"]}]},{"@type":"ImageObject","inLanguage":"lt-LT","@id":"https:\/\/baltoil.ee\/toode\/super-klaas-klaasipesuvedelik\/#primaryimage","url":"https:\/\/baltoil.ee\/wp-content\/uploads\/2023\/09\/super-klaas-koos-1.png","contentUrl":"https:\/\/baltoil.ee\/wp-content\/uploads\/2023\/09\/super-klaas-koos-1.png","width":1725,"height":1748},{"@type":"BreadcrumbList","@id":"https:\/\/baltoil.ee\/toode\/super-klaas-klaasipesuvedelik\/#breadcrumb","itemListElement":[{"@type":"ListItem","position":1,"name":"Home","item":"https:\/\/baltoil.ee\/lt\/"},{"@type":"ListItem","position":2,"name":"Tooted","item":"https:\/\/baltoil.ee\/tooted\/"},{"@type":"ListItem","position":3,"name":"Euro Super Klaas"}]},{"@type":"WebSite","@id":"https:\/\/baltoil.ee\/#website","url":"https:\/\/baltoil.ee\/","name":"Baltoil","description":"","publisher":{"@id":"https:\/\/baltoil.ee\/#organization"},"potentialAction":[{"@type":"SearchAction","target":{"@type":"EntryPoint","urlTemplate":"https:\/\/baltoil.ee\/?s={search_term_string}"},"query-input":{"@type":"PropertyValueSpecification","valueRequired":true,"valueName":"search_term_string"}}],"inLanguage":"lt-LT"},{"@type":"Organization","@id":"https:\/\/baltoil.ee\/#organization","name":"AS Baltoil","url":"https:\/\/baltoil.ee\/","logo":{"@type":"ImageObject","inLanguage":"lt-LT","@id":"https:\/\/baltoil.ee\/#\/schema\/logo\/image\/","url":"https:\/\/baltoil.ee\/wp-content\/uploads\/2020\/04\/baltoil_logo.svg","contentUrl":"https:\/\/baltoil.ee\/wp-content\/uploads\/2020\/04\/baltoil_logo.svg","width":1,"height":1,"caption":"AS Baltoil"},"image":{"@id":"https:\/\/baltoil.ee\/#\/schema\/logo\/image\/"}}]}},"_links":{"self":[{"href":"https:\/\/baltoil.ee\/lt\/wp-json\/wp\/v2\/product\/491","targetHints":{"allow":["GET"]}}],"collection":[{"href":"https:\/\/baltoil.ee\/lt\/wp-json\/wp\/v2\/product"}],"about":[{"href":"https:\/\/baltoil.ee\/lt\/wp-json\/wp\/v2\/types\/product"}],"wp:featuredmedia":[{"embeddable":true,"href":"https:\/\/baltoil.ee\/lt\/wp-json\/wp\/v2\/media\/5412"}],"wp:attachment":[{"href":"https:\/\/baltoil.ee\/lt\/wp-json\/wp\/v2\/media?parent=491"}],"wp:term":[{"taxonomy":"product_brand","embeddable":true,"href":"https:\/\/baltoil.ee\/lt\/wp-json\/wp\/v2\/product_brand?post=491"},{"taxonomy":"product_cat","embeddable":true,"href":"https:\/\/baltoil.ee\/lt\/wp-json\/wp\/v2\/product_cat?post=491"},{"taxonomy":"product_tag","embeddable":true,"href":"https:\/\/baltoil.ee\/lt\/wp-json\/wp\/v2\/product_tag?post=491"}],"curies":[{"name":"wp","href":"https:\/\/api.w.org\/{rel}","templated":true}]}}