{"id":488,"date":"2019-05-27T09:40:16","date_gmt":"2019-05-27T09:40:16","guid":{"rendered":"https:\/\/dev.baltoil.ee\/?post_type=product&#038;p=488"},"modified":"2019-11-20T13:46:29","modified_gmt":"2019-11-20T13:46:29","slug":"euro-autosampoon-vahaga","status":"publish","type":"product","link":"https:\/\/baltoil.ee\/lt\/toode\/euro-autosampoon-vahaga\/","title":{"rendered":"Euro Auto\u0161ampoon Vahaga"},"content":{"rendered":"<input class=\"fooboxshare_post_id\" type=\"hidden\" value=\"488\"\/>","protected":false},"excerpt":{"rendered":"<p>\u0160ampoon peseb kiiresti ja efektiivselt autolt igasugusest mustusest ja teetolmust. K\u00f5rgekvaliteediline \u0161ampoon on v\u00e4ga \u00f5rn ja ohutu auto v\u00e4rvipinnale, plastikpindadele ja kummipindadele. H\u00e4sti vahutav spetsiaalne koostis v\u00e4ldib kriimude ja triipude tekkimist auto kerel ning spetsiaalsed vahad annavad l\u00f5ppviimistlusena autole meeldiva l\u00e4ike.<\/p>\n","protected":false},"featured_media":1945,"template":"","meta":{"_acf_changed":false},"product_brand":[],"product_cat":[23,18,140,34],"product_tag":[22,20,26,29],"class_list":{"0":"post-488","1":"product","2":"type-product","3":"status-publish","4":"has-post-thumbnail","6":"product_cat-euro-autokeemia","7":"product_cat-euro-product","8":"product_cat-koik-tooted-autokeemia","9":"product_cat-pesuained","10":"product_tag-autokeemia","11":"product_tag-euro","12":"product_tag-pesuaine","13":"product_tag-vaha","15":"first","16":"instock","17":"shipping-taxable","18":"product-type-simple"},"acf":[],"yoast_head":"<!-- This site is optimized with the Yoast SEO plugin v27.3 - https:\/\/yoast.com\/product\/yoast-seo-wordpress\/ -->\n<title>Euro Auto\u0161ampoon Vahaga - Kiire ja efektiivne - Euro Product - Baltoil<\/title>\n<meta name=\"description\" content=\"Auto\u0161ampoon peseb efektiivselt igasugusest mustusest. H\u00e4sti vahutav koostis v\u00e4ldib kriimude ja triipude tekkimist ning spetsiaalsed vahad annavad l\u00e4ike.\" \/>\n<meta name=\"robots\" content=\"index, follow, max-snippet:-1, max-image-preview:large, max-video-preview:-1\" \/>\n<link rel=\"canonical\" href=\"https:\/\/baltoil.ee\/toode\/euro-autosampoon-vahaga\/\" \/>\n<meta property=\"og:locale\" content=\"lt_LT\" \/>\n<meta property=\"og:type\" content=\"article\" \/>\n<meta property=\"og:title\" content=\"Euro Auto\u0161ampoon Vahaga - Kiire ja efektiivne - Euro Product - Baltoil\" \/>\n<meta property=\"og:description\" content=\"Auto\u0161ampoon peseb efektiivselt igasugusest mustusest. H\u00e4sti vahutav koostis v\u00e4ldib kriimude ja triipude tekkimist ning spetsiaalsed vahad annavad l\u00e4ike.\" \/>\n<meta property=\"og:url\" content=\"https:\/\/baltoil.ee\/toode\/euro-autosampoon-vahaga\/\" \/>\n<meta property=\"og:site_name\" content=\"Baltoil\" \/>\n<meta property=\"article:modified_time\" content=\"2019-11-20T13:46:29+00:00\" \/>\n<meta property=\"og:image\" content=\"https:\/\/baltoil.ee\/wp-content\/uploads\/2019\/05\/Euro-autoshampoon-05L-731x1024.png\" \/>\n\t<meta property=\"og:image:width\" content=\"731\" \/>\n\t<meta property=\"og:image:height\" content=\"1024\" \/>\n\t<meta property=\"og:image:type\" content=\"image\/png\" \/>\n<meta name=\"twitter:card\" content=\"summary_large_image\" \/>\n<script type=\"application\/ld+json\" class=\"yoast-schema-graph\">{\"@context\":\"https:\\\/\\\/schema.org\",\"@graph\":[{\"@type\":\"WebPage\",\"@id\":\"https:\\\/\\\/baltoil.ee\\\/toode\\\/euro-autosampoon-vahaga\\\/\",\"url\":\"https:\\\/\\\/baltoil.ee\\\/toode\\\/euro-autosampoon-vahaga\\\/\",\"name\":\"Euro Auto\u0161ampoon Vahaga - Kiire ja efektiivne - Euro Product - Baltoil\",\"isPartOf\":{\"@id\":\"https:\\\/\\\/baltoil.ee\\\/#website\"},\"primaryImageOfPage\":{\"@id\":\"https:\\\/\\\/baltoil.ee\\\/toode\\\/euro-autosampoon-vahaga\\\/#primaryimage\"},\"image\":{\"@id\":\"https:\\\/\\\/baltoil.ee\\\/toode\\\/euro-autosampoon-vahaga\\\/#primaryimage\"},\"thumbnailUrl\":\"https:\\\/\\\/baltoil.ee\\\/wp-content\\\/uploads\\\/2019\\\/05\\\/Euro-autoshampoon-05L-1500x1067.png\",\"datePublished\":\"2019-05-27T09:40:16+00:00\",\"dateModified\":\"2019-11-20T13:46:29+00:00\",\"description\":\"Auto\u0161ampoon peseb efektiivselt igasugusest mustusest. H\u00e4sti vahutav koostis v\u00e4ldib kriimude ja triipude tekkimist ning spetsiaalsed vahad annavad l\u00e4ike.\",\"breadcrumb\":{\"@id\":\"https:\\\/\\\/baltoil.ee\\\/toode\\\/euro-autosampoon-vahaga\\\/#breadcrumb\"},\"inLanguage\":\"lt-LT\",\"potentialAction\":[{\"@type\":\"ReadAction\",\"target\":[\"https:\\\/\\\/baltoil.ee\\\/toode\\\/euro-autosampoon-vahaga\\\/\"]}]},{\"@type\":\"ImageObject\",\"inLanguage\":\"lt-LT\",\"@id\":\"https:\\\/\\\/baltoil.ee\\\/toode\\\/euro-autosampoon-vahaga\\\/#primaryimage\",\"url\":\"https:\\\/\\\/baltoil.ee\\\/wp-content\\\/uploads\\\/2019\\\/05\\\/Euro-autoshampoon-05L-1500x1067.png\",\"contentUrl\":\"https:\\\/\\\/baltoil.ee\\\/wp-content\\\/uploads\\\/2019\\\/05\\\/Euro-autoshampoon-05L-1500x1067.png\",\"width\":1500,\"height\":2100},{\"@type\":\"BreadcrumbList\",\"@id\":\"https:\\\/\\\/baltoil.ee\\\/toode\\\/euro-autosampoon-vahaga\\\/#breadcrumb\",\"itemListElement\":[{\"@type\":\"ListItem\",\"position\":1,\"name\":\"Home\",\"item\":\"https:\\\/\\\/baltoil.ee\\\/lt\\\/\"},{\"@type\":\"ListItem\",\"position\":2,\"name\":\"Tooted\",\"item\":\"https:\\\/\\\/baltoil.ee\\\/tooted\\\/\"},{\"@type\":\"ListItem\",\"position\":3,\"name\":\"Euro Auto\u0161ampoon Vahaga\"}]},{\"@type\":\"WebSite\",\"@id\":\"https:\\\/\\\/baltoil.ee\\\/#website\",\"url\":\"https:\\\/\\\/baltoil.ee\\\/\",\"name\":\"Baltoil\",\"description\":\"\",\"publisher\":{\"@id\":\"https:\\\/\\\/baltoil.ee\\\/#organization\"},\"potentialAction\":[{\"@type\":\"SearchAction\",\"target\":{\"@type\":\"EntryPoint\",\"urlTemplate\":\"https:\\\/\\\/baltoil.ee\\\/?s={search_term_string}\"},\"query-input\":{\"@type\":\"PropertyValueSpecification\",\"valueRequired\":true,\"valueName\":\"search_term_string\"}}],\"inLanguage\":\"lt-LT\"},{\"@type\":\"Organization\",\"@id\":\"https:\\\/\\\/baltoil.ee\\\/#organization\",\"name\":\"AS Baltoil\",\"url\":\"https:\\\/\\\/baltoil.ee\\\/\",\"logo\":{\"@type\":\"ImageObject\",\"inLanguage\":\"lt-LT\",\"@id\":\"https:\\\/\\\/baltoil.ee\\\/#\\\/schema\\\/logo\\\/image\\\/\",\"url\":\"https:\\\/\\\/baltoil.ee\\\/wp-content\\\/uploads\\\/2020\\\/04\\\/baltoil_logo.svg\",\"contentUrl\":\"https:\\\/\\\/baltoil.ee\\\/wp-content\\\/uploads\\\/2020\\\/04\\\/baltoil_logo.svg\",\"width\":1,\"height\":1,\"caption\":\"AS Baltoil\"},\"image\":{\"@id\":\"https:\\\/\\\/baltoil.ee\\\/#\\\/schema\\\/logo\\\/image\\\/\"}}]}<\/script>\n<!-- \/ Yoast SEO plugin. -->","yoast_head_json":{"title":"Euro Auto\u0161ampoon Vahaga - Kiire ja efektiivne - Euro Product - Baltoil","description":"Auto\u0161ampoon peseb efektiivselt igasugusest mustusest. H\u00e4sti vahutav koostis v\u00e4ldib kriimude ja triipude tekkimist ning spetsiaalsed vahad annavad l\u00e4ike.","robots":{"index":"index","follow":"follow","max-snippet":"max-snippet:-1","max-image-preview":"max-image-preview:large","max-video-preview":"max-video-preview:-1"},"canonical":"https:\/\/baltoil.ee\/toode\/euro-autosampoon-vahaga\/","og_locale":"lt_LT","og_type":"article","og_title":"Euro Auto\u0161ampoon Vahaga - Kiire ja efektiivne - Euro Product - Baltoil","og_description":"Auto\u0161ampoon peseb efektiivselt igasugusest mustusest. H\u00e4sti vahutav koostis v\u00e4ldib kriimude ja triipude tekkimist ning spetsiaalsed vahad annavad l\u00e4ike.","og_url":"https:\/\/baltoil.ee\/toode\/euro-autosampoon-vahaga\/","og_site_name":"Baltoil","article_modified_time":"2019-11-20T13:46:29+00:00","og_image":[{"width":731,"height":1024,"url":"https:\/\/baltoil.ee\/wp-content\/uploads\/2019\/05\/Euro-autoshampoon-05L-731x1024.png","type":"image\/png"}],"twitter_card":"summary_large_image","schema":{"@context":"https:\/\/schema.org","@graph":[{"@type":"WebPage","@id":"https:\/\/baltoil.ee\/toode\/euro-autosampoon-vahaga\/","url":"https:\/\/baltoil.ee\/toode\/euro-autosampoon-vahaga\/","name":"Euro Auto\u0161ampoon Vahaga - Kiire ja efektiivne - Euro Product - Baltoil","isPartOf":{"@id":"https:\/\/baltoil.ee\/#website"},"primaryImageOfPage":{"@id":"https:\/\/baltoil.ee\/toode\/euro-autosampoon-vahaga\/#primaryimage"},"image":{"@id":"https:\/\/baltoil.ee\/toode\/euro-autosampoon-vahaga\/#primaryimage"},"thumbnailUrl":"https:\/\/baltoil.ee\/wp-content\/uploads\/2019\/05\/Euro-autoshampoon-05L-1500x1067.png","datePublished":"2019-05-27T09:40:16+00:00","dateModified":"2019-11-20T13:46:29+00:00","description":"Auto\u0161ampoon peseb efektiivselt igasugusest mustusest. H\u00e4sti vahutav koostis v\u00e4ldib kriimude ja triipude tekkimist ning spetsiaalsed vahad annavad l\u00e4ike.","breadcrumb":{"@id":"https:\/\/baltoil.ee\/toode\/euro-autosampoon-vahaga\/#breadcrumb"},"inLanguage":"lt-LT","potentialAction":[{"@type":"ReadAction","target":["https:\/\/baltoil.ee\/toode\/euro-autosampoon-vahaga\/"]}]},{"@type":"ImageObject","inLanguage":"lt-LT","@id":"https:\/\/baltoil.ee\/toode\/euro-autosampoon-vahaga\/#primaryimage","url":"https:\/\/baltoil.ee\/wp-content\/uploads\/2019\/05\/Euro-autoshampoon-05L-1500x1067.png","contentUrl":"https:\/\/baltoil.ee\/wp-content\/uploads\/2019\/05\/Euro-autoshampoon-05L-1500x1067.png","width":1500,"height":2100},{"@type":"BreadcrumbList","@id":"https:\/\/baltoil.ee\/toode\/euro-autosampoon-vahaga\/#breadcrumb","itemListElement":[{"@type":"ListItem","position":1,"name":"Home","item":"https:\/\/baltoil.ee\/lt\/"},{"@type":"ListItem","position":2,"name":"Tooted","item":"https:\/\/baltoil.ee\/tooted\/"},{"@type":"ListItem","position":3,"name":"Euro Auto\u0161ampoon Vahaga"}]},{"@type":"WebSite","@id":"https:\/\/baltoil.ee\/#website","url":"https:\/\/baltoil.ee\/","name":"Baltoil","description":"","publisher":{"@id":"https:\/\/baltoil.ee\/#organization"},"potentialAction":[{"@type":"SearchAction","target":{"@type":"EntryPoint","urlTemplate":"https:\/\/baltoil.ee\/?s={search_term_string}"},"query-input":{"@type":"PropertyValueSpecification","valueRequired":true,"valueName":"search_term_string"}}],"inLanguage":"lt-LT"},{"@type":"Organization","@id":"https:\/\/baltoil.ee\/#organization","name":"AS Baltoil","url":"https:\/\/baltoil.ee\/","logo":{"@type":"ImageObject","inLanguage":"lt-LT","@id":"https:\/\/baltoil.ee\/#\/schema\/logo\/image\/","url":"https:\/\/baltoil.ee\/wp-content\/uploads\/2020\/04\/baltoil_logo.svg","contentUrl":"https:\/\/baltoil.ee\/wp-content\/uploads\/2020\/04\/baltoil_logo.svg","width":1,"height":1,"caption":"AS Baltoil"},"image":{"@id":"https:\/\/baltoil.ee\/#\/schema\/logo\/image\/"}}]}},"_links":{"self":[{"href":"https:\/\/baltoil.ee\/lt\/wp-json\/wp\/v2\/product\/488","targetHints":{"allow":["GET"]}}],"collection":[{"href":"https:\/\/baltoil.ee\/lt\/wp-json\/wp\/v2\/product"}],"about":[{"href":"https:\/\/baltoil.ee\/lt\/wp-json\/wp\/v2\/types\/product"}],"wp:featuredmedia":[{"embeddable":true,"href":"https:\/\/baltoil.ee\/lt\/wp-json\/wp\/v2\/media\/1945"}],"wp:attachment":[{"href":"https:\/\/baltoil.ee\/lt\/wp-json\/wp\/v2\/media?parent=488"}],"wp:term":[{"taxonomy":"product_brand","embeddable":true,"href":"https:\/\/baltoil.ee\/lt\/wp-json\/wp\/v2\/product_brand?post=488"},{"taxonomy":"product_cat","embeddable":true,"href":"https:\/\/baltoil.ee\/lt\/wp-json\/wp\/v2\/product_cat?post=488"},{"taxonomy":"product_tag","embeddable":true,"href":"https:\/\/baltoil.ee\/lt\/wp-json\/wp\/v2\/product_tag?post=488"}],"curies":[{"name":"wp","href":"https:\/\/api.w.org\/{rel}","templated":true}]}}