{"id":481,"date":"2019-05-27T08:07:31","date_gmt":"2019-05-27T08:07:31","guid":{"rendered":"https:\/\/dev.baltoil.ee\/?post_type=product&#038;p=481"},"modified":"2019-11-22T13:43:39","modified_gmt":"2019-11-22T13:43:39","slug":"euro-talvine-klaasipesuvedelik-22c","status":"publish","type":"product","link":"https:\/\/baltoil.ee\/lt\/toode\/euro-talvine-klaasipesuvedelik-22c\/","title":{"rendered":"Euro Talvine Klaasipesuvedelik -22\u00b0C"},"content":{"rendered":"<input class=\"fooboxshare_post_id\" type=\"hidden\" value=\"481\"\/>","protected":false},"excerpt":{"rendered":"<p>Kasutusvalmis klaasipesuvedelik.<\/p>\n<ul>\n<li>Eemaldab t\u00f5husalt mustuse tuuleklaasilt<\/li>\n<li>Ei moodusta h\u00e4irivat kilet klaasile<\/li>\n<li>Takistab tuuleklaasi pesus\u00fcsteemi k\u00fclmumist<\/li>\n<li>Sisaldab: Denatureeritud bioetanooli.<\/li>\n<\/ul>\n<p>&nbsp;<\/p>\n","protected":false},"featured_media":1960,"template":"","meta":{"_acf_changed":false},"product_brand":[],"product_cat":[23,18,31,140],"product_tag":[22,20,25],"class_list":{"0":"post-481","1":"product","2":"type-product","3":"status-publish","4":"has-post-thumbnail","6":"product_cat-euro-autokeemia","7":"product_cat-euro-product","8":"product_cat-klaasipesuvedelikud","9":"product_cat-koik-tooted-autokeemia","10":"product_tag-autokeemia","11":"product_tag-euro","12":"product_tag-klaasipesuvedelik","14":"first","15":"instock","16":"shipping-taxable","17":"product-type-simple"},"acf":[],"yoast_head":"<!-- This site is optimized with the Yoast SEO plugin v27.3 - https:\/\/yoast.com\/product\/yoast-seo-wordpress\/ -->\n<title>Euro Talvine Klaasipesuvedelik -22\u00b0C - Euro Product - Baltoil<\/title>\n<meta name=\"description\" content=\"Talvine klaasipesuvedelik. Eemaldab t\u00f5husalt mustuse tuuleklaasilt. Takistab tuuleklaasi pesus\u00fcsteemi k\u00fclmumist. Sisaldab: Denatureeritud bioetanooli.\" \/>\n<meta name=\"robots\" content=\"index, follow, max-snippet:-1, max-image-preview:large, max-video-preview:-1\" \/>\n<link rel=\"canonical\" href=\"https:\/\/baltoil.ee\/toode\/euro-talvine-klaasipesuvedelik-22c\/\" \/>\n<meta property=\"og:locale\" content=\"lt_LT\" \/>\n<meta property=\"og:type\" content=\"article\" \/>\n<meta property=\"og:title\" content=\"Euro Talvine Klaasipesuvedelik -22\u00b0C - Euro Product - Baltoil\" \/>\n<meta property=\"og:description\" content=\"Talvine klaasipesuvedelik. Eemaldab t\u00f5husalt mustuse tuuleklaasilt. Takistab tuuleklaasi pesus\u00fcsteemi k\u00fclmumist. Sisaldab: Denatureeritud bioetanooli.\" \/>\n<meta property=\"og:url\" content=\"https:\/\/baltoil.ee\/toode\/euro-talvine-klaasipesuvedelik-22c\/\" \/>\n<meta property=\"og:site_name\" content=\"Baltoil\" \/>\n<meta property=\"article:modified_time\" content=\"2019-11-22T13:43:39+00:00\" \/>\n<meta property=\"og:image\" content=\"https:\/\/baltoil.ee\/wp-content\/uploads\/2019\/05\/euro-screenwash-22-5L-1000x1067.png\" \/>\n\t<meta property=\"og:image:width\" content=\"1000\" \/>\n\t<meta property=\"og:image:height\" content=\"1459\" \/>\n\t<meta property=\"og:image:type\" content=\"image\/png\" \/>\n<meta name=\"twitter:card\" content=\"summary_large_image\" \/>\n<script type=\"application\/ld+json\" class=\"yoast-schema-graph\">{\"@context\":\"https:\\\/\\\/schema.org\",\"@graph\":[{\"@type\":\"WebPage\",\"@id\":\"https:\\\/\\\/baltoil.ee\\\/toode\\\/euro-talvine-klaasipesuvedelik-22c\\\/\",\"url\":\"https:\\\/\\\/baltoil.ee\\\/toode\\\/euro-talvine-klaasipesuvedelik-22c\\\/\",\"name\":\"Euro Talvine Klaasipesuvedelik -22\u00b0C - Euro Product - Baltoil\",\"isPartOf\":{\"@id\":\"https:\\\/\\\/baltoil.ee\\\/#website\"},\"primaryImageOfPage\":{\"@id\":\"https:\\\/\\\/baltoil.ee\\\/toode\\\/euro-talvine-klaasipesuvedelik-22c\\\/#primaryimage\"},\"image\":{\"@id\":\"https:\\\/\\\/baltoil.ee\\\/toode\\\/euro-talvine-klaasipesuvedelik-22c\\\/#primaryimage\"},\"thumbnailUrl\":\"https:\\\/\\\/baltoil.ee\\\/wp-content\\\/uploads\\\/2019\\\/05\\\/euro-screenwash-22-5L-1000x1067.png\",\"datePublished\":\"2019-05-27T08:07:31+00:00\",\"dateModified\":\"2019-11-22T13:43:39+00:00\",\"description\":\"Talvine klaasipesuvedelik. Eemaldab t\u00f5husalt mustuse tuuleklaasilt. Takistab tuuleklaasi pesus\u00fcsteemi k\u00fclmumist. Sisaldab: Denatureeritud bioetanooli.\",\"breadcrumb\":{\"@id\":\"https:\\\/\\\/baltoil.ee\\\/toode\\\/euro-talvine-klaasipesuvedelik-22c\\\/#breadcrumb\"},\"inLanguage\":\"lt-LT\",\"potentialAction\":[{\"@type\":\"ReadAction\",\"target\":[\"https:\\\/\\\/baltoil.ee\\\/toode\\\/euro-talvine-klaasipesuvedelik-22c\\\/\"]}]},{\"@type\":\"ImageObject\",\"inLanguage\":\"lt-LT\",\"@id\":\"https:\\\/\\\/baltoil.ee\\\/toode\\\/euro-talvine-klaasipesuvedelik-22c\\\/#primaryimage\",\"url\":\"https:\\\/\\\/baltoil.ee\\\/wp-content\\\/uploads\\\/2019\\\/05\\\/euro-screenwash-22-5L-1000x1067.png\",\"contentUrl\":\"https:\\\/\\\/baltoil.ee\\\/wp-content\\\/uploads\\\/2019\\\/05\\\/euro-screenwash-22-5L-1000x1067.png\",\"width\":1000,\"height\":1459},{\"@type\":\"BreadcrumbList\",\"@id\":\"https:\\\/\\\/baltoil.ee\\\/toode\\\/euro-talvine-klaasipesuvedelik-22c\\\/#breadcrumb\",\"itemListElement\":[{\"@type\":\"ListItem\",\"position\":1,\"name\":\"Home\",\"item\":\"https:\\\/\\\/baltoil.ee\\\/lt\\\/\"},{\"@type\":\"ListItem\",\"position\":2,\"name\":\"Tooted\",\"item\":\"https:\\\/\\\/baltoil.ee\\\/tooted\\\/\"},{\"@type\":\"ListItem\",\"position\":3,\"name\":\"Euro Talvine Klaasipesuvedelik -22\u00b0C\"}]},{\"@type\":\"WebSite\",\"@id\":\"https:\\\/\\\/baltoil.ee\\\/#website\",\"url\":\"https:\\\/\\\/baltoil.ee\\\/\",\"name\":\"Baltoil\",\"description\":\"\",\"publisher\":{\"@id\":\"https:\\\/\\\/baltoil.ee\\\/#organization\"},\"potentialAction\":[{\"@type\":\"SearchAction\",\"target\":{\"@type\":\"EntryPoint\",\"urlTemplate\":\"https:\\\/\\\/baltoil.ee\\\/?s={search_term_string}\"},\"query-input\":{\"@type\":\"PropertyValueSpecification\",\"valueRequired\":true,\"valueName\":\"search_term_string\"}}],\"inLanguage\":\"lt-LT\"},{\"@type\":\"Organization\",\"@id\":\"https:\\\/\\\/baltoil.ee\\\/#organization\",\"name\":\"AS Baltoil\",\"url\":\"https:\\\/\\\/baltoil.ee\\\/\",\"logo\":{\"@type\":\"ImageObject\",\"inLanguage\":\"lt-LT\",\"@id\":\"https:\\\/\\\/baltoil.ee\\\/#\\\/schema\\\/logo\\\/image\\\/\",\"url\":\"https:\\\/\\\/baltoil.ee\\\/wp-content\\\/uploads\\\/2020\\\/04\\\/baltoil_logo.svg\",\"contentUrl\":\"https:\\\/\\\/baltoil.ee\\\/wp-content\\\/uploads\\\/2020\\\/04\\\/baltoil_logo.svg\",\"width\":1,\"height\":1,\"caption\":\"AS Baltoil\"},\"image\":{\"@id\":\"https:\\\/\\\/baltoil.ee\\\/#\\\/schema\\\/logo\\\/image\\\/\"}}]}<\/script>\n<!-- \/ Yoast SEO plugin. -->","yoast_head_json":{"title":"Euro Talvine Klaasipesuvedelik -22\u00b0C - Euro Product - Baltoil","description":"Talvine klaasipesuvedelik. Eemaldab t\u00f5husalt mustuse tuuleklaasilt. Takistab tuuleklaasi pesus\u00fcsteemi k\u00fclmumist. Sisaldab: Denatureeritud bioetanooli.","robots":{"index":"index","follow":"follow","max-snippet":"max-snippet:-1","max-image-preview":"max-image-preview:large","max-video-preview":"max-video-preview:-1"},"canonical":"https:\/\/baltoil.ee\/toode\/euro-talvine-klaasipesuvedelik-22c\/","og_locale":"lt_LT","og_type":"article","og_title":"Euro Talvine Klaasipesuvedelik -22\u00b0C - Euro Product - Baltoil","og_description":"Talvine klaasipesuvedelik. Eemaldab t\u00f5husalt mustuse tuuleklaasilt. Takistab tuuleklaasi pesus\u00fcsteemi k\u00fclmumist. Sisaldab: Denatureeritud bioetanooli.","og_url":"https:\/\/baltoil.ee\/toode\/euro-talvine-klaasipesuvedelik-22c\/","og_site_name":"Baltoil","article_modified_time":"2019-11-22T13:43:39+00:00","og_image":[{"width":1000,"height":1459,"url":"https:\/\/baltoil.ee\/wp-content\/uploads\/2019\/05\/euro-screenwash-22-5L-1000x1067.png","type":"image\/png"}],"twitter_card":"summary_large_image","schema":{"@context":"https:\/\/schema.org","@graph":[{"@type":"WebPage","@id":"https:\/\/baltoil.ee\/toode\/euro-talvine-klaasipesuvedelik-22c\/","url":"https:\/\/baltoil.ee\/toode\/euro-talvine-klaasipesuvedelik-22c\/","name":"Euro Talvine Klaasipesuvedelik -22\u00b0C - Euro Product - Baltoil","isPartOf":{"@id":"https:\/\/baltoil.ee\/#website"},"primaryImageOfPage":{"@id":"https:\/\/baltoil.ee\/toode\/euro-talvine-klaasipesuvedelik-22c\/#primaryimage"},"image":{"@id":"https:\/\/baltoil.ee\/toode\/euro-talvine-klaasipesuvedelik-22c\/#primaryimage"},"thumbnailUrl":"https:\/\/baltoil.ee\/wp-content\/uploads\/2019\/05\/euro-screenwash-22-5L-1000x1067.png","datePublished":"2019-05-27T08:07:31+00:00","dateModified":"2019-11-22T13:43:39+00:00","description":"Talvine klaasipesuvedelik. Eemaldab t\u00f5husalt mustuse tuuleklaasilt. Takistab tuuleklaasi pesus\u00fcsteemi k\u00fclmumist. Sisaldab: Denatureeritud bioetanooli.","breadcrumb":{"@id":"https:\/\/baltoil.ee\/toode\/euro-talvine-klaasipesuvedelik-22c\/#breadcrumb"},"inLanguage":"lt-LT","potentialAction":[{"@type":"ReadAction","target":["https:\/\/baltoil.ee\/toode\/euro-talvine-klaasipesuvedelik-22c\/"]}]},{"@type":"ImageObject","inLanguage":"lt-LT","@id":"https:\/\/baltoil.ee\/toode\/euro-talvine-klaasipesuvedelik-22c\/#primaryimage","url":"https:\/\/baltoil.ee\/wp-content\/uploads\/2019\/05\/euro-screenwash-22-5L-1000x1067.png","contentUrl":"https:\/\/baltoil.ee\/wp-content\/uploads\/2019\/05\/euro-screenwash-22-5L-1000x1067.png","width":1000,"height":1459},{"@type":"BreadcrumbList","@id":"https:\/\/baltoil.ee\/toode\/euro-talvine-klaasipesuvedelik-22c\/#breadcrumb","itemListElement":[{"@type":"ListItem","position":1,"name":"Home","item":"https:\/\/baltoil.ee\/lt\/"},{"@type":"ListItem","position":2,"name":"Tooted","item":"https:\/\/baltoil.ee\/tooted\/"},{"@type":"ListItem","position":3,"name":"Euro Talvine Klaasipesuvedelik -22\u00b0C"}]},{"@type":"WebSite","@id":"https:\/\/baltoil.ee\/#website","url":"https:\/\/baltoil.ee\/","name":"Baltoil","description":"","publisher":{"@id":"https:\/\/baltoil.ee\/#organization"},"potentialAction":[{"@type":"SearchAction","target":{"@type":"EntryPoint","urlTemplate":"https:\/\/baltoil.ee\/?s={search_term_string}"},"query-input":{"@type":"PropertyValueSpecification","valueRequired":true,"valueName":"search_term_string"}}],"inLanguage":"lt-LT"},{"@type":"Organization","@id":"https:\/\/baltoil.ee\/#organization","name":"AS Baltoil","url":"https:\/\/baltoil.ee\/","logo":{"@type":"ImageObject","inLanguage":"lt-LT","@id":"https:\/\/baltoil.ee\/#\/schema\/logo\/image\/","url":"https:\/\/baltoil.ee\/wp-content\/uploads\/2020\/04\/baltoil_logo.svg","contentUrl":"https:\/\/baltoil.ee\/wp-content\/uploads\/2020\/04\/baltoil_logo.svg","width":1,"height":1,"caption":"AS Baltoil"},"image":{"@id":"https:\/\/baltoil.ee\/#\/schema\/logo\/image\/"}}]}},"_links":{"self":[{"href":"https:\/\/baltoil.ee\/lt\/wp-json\/wp\/v2\/product\/481","targetHints":{"allow":["GET"]}}],"collection":[{"href":"https:\/\/baltoil.ee\/lt\/wp-json\/wp\/v2\/product"}],"about":[{"href":"https:\/\/baltoil.ee\/lt\/wp-json\/wp\/v2\/types\/product"}],"wp:featuredmedia":[{"embeddable":true,"href":"https:\/\/baltoil.ee\/lt\/wp-json\/wp\/v2\/media\/1960"}],"wp:attachment":[{"href":"https:\/\/baltoil.ee\/lt\/wp-json\/wp\/v2\/media?parent=481"}],"wp:term":[{"taxonomy":"product_brand","embeddable":true,"href":"https:\/\/baltoil.ee\/lt\/wp-json\/wp\/v2\/product_brand?post=481"},{"taxonomy":"product_cat","embeddable":true,"href":"https:\/\/baltoil.ee\/lt\/wp-json\/wp\/v2\/product_cat?post=481"},{"taxonomy":"product_tag","embeddable":true,"href":"https:\/\/baltoil.ee\/lt\/wp-json\/wp\/v2\/product_tag?post=481"}],"curies":[{"name":"wp","href":"https:\/\/api.w.org\/{rel}","templated":true}]}}