{"id":4735,"date":"2023-08-22T11:00:03","date_gmt":"2023-08-22T08:00:03","guid":{"rendered":"https:\/\/baltoil.ee\/?post_type=product&#038;p=4735"},"modified":"2023-08-22T11:15:30","modified_gmt":"2023-08-22T08:15:30","slug":"euro-hd-cleaner-2","status":"publish","type":"product","link":"https:\/\/baltoil.ee\/lt\/toode\/euro-hd-cleaner-2\/","title":{"rendered":"Euro HD Cleaner"},"content":{"rendered":"<input class=\"fooboxshare_post_id\" type=\"hidden\" value=\"4735\"\/>","protected":false},"excerpt":{"rendered":"<p style=\"text-align: left;\">CLEANER HD t\u00f6\u00f6stuslik rasvaeemalduse vahend.<\/p>\n<p>Cleaner HD on lahusti baasil toodetud kiiresti kuivav t\u00f6\u00f6stuslik rasvaeemalduse vahend, mis on v\u00f5imeline kiiresti ja t\u00e4ielikult aurustuma.<br \/>\nVahend lahustab ja k\u00f5rvaldab suurema osa keerulistest mustustest \u2013 \u00f5lid, m\u00e4\u00e4rdeained, vaigud v\u00f5i muud sarnased.<br \/>\nLisaks k\u00f5rvaldab liimiainete j\u00e4\u00e4nused, kleeplindid ja kiled.<br \/>\nVahendit v\u00f5ib pihustada mistahes suunas, isegi tagurpidi keeratuna.<br \/>\nEi moodusta p\u00e4rast pealekandmist kilet.<br \/>\nT\u00e4helepanu: v\u00f5ib kahjustada \u00fclitundlikku plasti v\u00f5i kummi.<br \/>\nPihustage objekti suunas, lubage toimida ja kuivada v\u00f5i h\u00f5\u00f5ruge lapiga.<br \/>\nKasutusala: mehhanismid, mootorid, pidurid, hammasrattad, agregaatide blokid, t\u00f6\u00f6riistad jne<\/p>\n","protected":false},"featured_media":4727,"template":"","meta":{"_acf_changed":false},"product_brand":[],"product_cat":[23,189,249,193,82],"product_tag":[],"class_list":{"0":"post-4735","1":"product","2":"type-product","3":"status-publish","4":"has-post-thumbnail","6":"product_cat-euro-autokeemia","7":"product_cat-automotive","8":"product_cat-euro-hd-cleaner","9":"product_cat-industrial","10":"product_cat-muud","12":"first","13":"instock","14":"shipping-taxable","15":"product-type-simple"},"acf":[],"yoast_head":"<!-- This site is optimized with the Yoast SEO plugin v27.3 - https:\/\/yoast.com\/product\/yoast-seo-wordpress\/ -->\n<title>Euro HD Cleaner - Baltoil<\/title>\n<meta name=\"description\" content=\"CLEANER HD t\u00f6\u00f6stuslik rasvaeemalduse vahend. CleanerHD on lahusti baasil toodetud kiiresti kuivav t\u00f6\u00f6stuslikrasvaeemalduse vahend, mis on v\u00f5imeline kiiresti ja t\u00e4ielikultaurustuma.\" \/>\n<meta name=\"robots\" content=\"index, follow, max-snippet:-1, max-image-preview:large, max-video-preview:-1\" \/>\n<link rel=\"canonical\" href=\"https:\/\/baltoil.ee\/toode\/euro-hd-cleaner-2\/\" \/>\n<meta property=\"og:locale\" content=\"lt_LT\" \/>\n<meta property=\"og:type\" content=\"article\" \/>\n<meta property=\"og:title\" content=\"Euro HD Cleaner - Baltoil\" \/>\n<meta property=\"og:description\" content=\"CLEANER HD t\u00f6\u00f6stuslik rasvaeemalduse vahend. CleanerHD on lahusti baasil toodetud kiiresti kuivav t\u00f6\u00f6stuslikrasvaeemalduse vahend, mis on v\u00f5imeline kiiresti ja t\u00e4ielikultaurustuma.\" \/>\n<meta property=\"og:url\" content=\"https:\/\/baltoil.ee\/toode\/euro-hd-cleaner-2\/\" \/>\n<meta property=\"og:site_name\" content=\"Baltoil\" \/>\n<meta property=\"article:modified_time\" content=\"2023-08-22T08:15:30+00:00\" \/>\n<meta property=\"og:image\" content=\"https:\/\/baltoil.ee\/wp-content\/uploads\/2023\/08\/hd-cleaner-uus-fotor-20230821134452-308x1024.png\" \/>\n\t<meta property=\"og:image:width\" content=\"308\" \/>\n\t<meta property=\"og:image:height\" content=\"1024\" \/>\n\t<meta property=\"og:image:type\" content=\"image\/png\" \/>\n<meta name=\"twitter:card\" content=\"summary_large_image\" \/>\n<script type=\"application\/ld+json\" class=\"yoast-schema-graph\">{\"@context\":\"https:\\\/\\\/schema.org\",\"@graph\":[{\"@type\":\"WebPage\",\"@id\":\"https:\\\/\\\/baltoil.ee\\\/toode\\\/euro-hd-cleaner-2\\\/\",\"url\":\"https:\\\/\\\/baltoil.ee\\\/toode\\\/euro-hd-cleaner-2\\\/\",\"name\":\"Euro HD Cleaner - Baltoil\",\"isPartOf\":{\"@id\":\"https:\\\/\\\/baltoil.ee\\\/#website\"},\"primaryImageOfPage\":{\"@id\":\"https:\\\/\\\/baltoil.ee\\\/toode\\\/euro-hd-cleaner-2\\\/#primaryimage\"},\"image\":{\"@id\":\"https:\\\/\\\/baltoil.ee\\\/toode\\\/euro-hd-cleaner-2\\\/#primaryimage\"},\"thumbnailUrl\":\"https:\\\/\\\/baltoil.ee\\\/wp-content\\\/uploads\\\/2023\\\/08\\\/hd-cleaner-uus-fotor-20230821134452-e1692691255541.png\",\"datePublished\":\"2023-08-22T08:00:03+00:00\",\"dateModified\":\"2023-08-22T08:15:30+00:00\",\"description\":\"CLEANER HD t\u00f6\u00f6stuslik rasvaeemalduse vahend. CleanerHD on lahusti baasil toodetud kiiresti kuivav t\u00f6\u00f6stuslikrasvaeemalduse vahend, mis on v\u00f5imeline kiiresti ja t\u00e4ielikultaurustuma.\",\"breadcrumb\":{\"@id\":\"https:\\\/\\\/baltoil.ee\\\/toode\\\/euro-hd-cleaner-2\\\/#breadcrumb\"},\"inLanguage\":\"lt-LT\",\"potentialAction\":[{\"@type\":\"ReadAction\",\"target\":[\"https:\\\/\\\/baltoil.ee\\\/toode\\\/euro-hd-cleaner-2\\\/\"]}]},{\"@type\":\"ImageObject\",\"inLanguage\":\"lt-LT\",\"@id\":\"https:\\\/\\\/baltoil.ee\\\/toode\\\/euro-hd-cleaner-2\\\/#primaryimage\",\"url\":\"https:\\\/\\\/baltoil.ee\\\/wp-content\\\/uploads\\\/2023\\\/08\\\/hd-cleaner-uus-fotor-20230821134452-e1692691255541.png\",\"contentUrl\":\"https:\\\/\\\/baltoil.ee\\\/wp-content\\\/uploads\\\/2023\\\/08\\\/hd-cleaner-uus-fotor-20230821134452-e1692691255541.png\",\"width\":1157,\"height\":3844},{\"@type\":\"BreadcrumbList\",\"@id\":\"https:\\\/\\\/baltoil.ee\\\/toode\\\/euro-hd-cleaner-2\\\/#breadcrumb\",\"itemListElement\":[{\"@type\":\"ListItem\",\"position\":1,\"name\":\"Home\",\"item\":\"https:\\\/\\\/baltoil.ee\\\/lt\\\/\"},{\"@type\":\"ListItem\",\"position\":2,\"name\":\"Tooted\",\"item\":\"https:\\\/\\\/baltoil.ee\\\/tooted\\\/\"},{\"@type\":\"ListItem\",\"position\":3,\"name\":\"Euro HD Cleaner\"}]},{\"@type\":\"WebSite\",\"@id\":\"https:\\\/\\\/baltoil.ee\\\/#website\",\"url\":\"https:\\\/\\\/baltoil.ee\\\/\",\"name\":\"Baltoil\",\"description\":\"\",\"publisher\":{\"@id\":\"https:\\\/\\\/baltoil.ee\\\/#organization\"},\"potentialAction\":[{\"@type\":\"SearchAction\",\"target\":{\"@type\":\"EntryPoint\",\"urlTemplate\":\"https:\\\/\\\/baltoil.ee\\\/?s={search_term_string}\"},\"query-input\":{\"@type\":\"PropertyValueSpecification\",\"valueRequired\":true,\"valueName\":\"search_term_string\"}}],\"inLanguage\":\"lt-LT\"},{\"@type\":\"Organization\",\"@id\":\"https:\\\/\\\/baltoil.ee\\\/#organization\",\"name\":\"AS Baltoil\",\"url\":\"https:\\\/\\\/baltoil.ee\\\/\",\"logo\":{\"@type\":\"ImageObject\",\"inLanguage\":\"lt-LT\",\"@id\":\"https:\\\/\\\/baltoil.ee\\\/#\\\/schema\\\/logo\\\/image\\\/\",\"url\":\"https:\\\/\\\/baltoil.ee\\\/wp-content\\\/uploads\\\/2020\\\/04\\\/baltoil_logo.svg\",\"contentUrl\":\"https:\\\/\\\/baltoil.ee\\\/wp-content\\\/uploads\\\/2020\\\/04\\\/baltoil_logo.svg\",\"width\":1,\"height\":1,\"caption\":\"AS Baltoil\"},\"image\":{\"@id\":\"https:\\\/\\\/baltoil.ee\\\/#\\\/schema\\\/logo\\\/image\\\/\"}}]}<\/script>\n<!-- \/ Yoast SEO plugin. -->","yoast_head_json":{"title":"Euro HD Cleaner - Baltoil","description":"CLEANER HD t\u00f6\u00f6stuslik rasvaeemalduse vahend. CleanerHD on lahusti baasil toodetud kiiresti kuivav t\u00f6\u00f6stuslikrasvaeemalduse vahend, mis on v\u00f5imeline kiiresti ja t\u00e4ielikultaurustuma.","robots":{"index":"index","follow":"follow","max-snippet":"max-snippet:-1","max-image-preview":"max-image-preview:large","max-video-preview":"max-video-preview:-1"},"canonical":"https:\/\/baltoil.ee\/toode\/euro-hd-cleaner-2\/","og_locale":"lt_LT","og_type":"article","og_title":"Euro HD Cleaner - Baltoil","og_description":"CLEANER HD t\u00f6\u00f6stuslik rasvaeemalduse vahend. CleanerHD on lahusti baasil toodetud kiiresti kuivav t\u00f6\u00f6stuslikrasvaeemalduse vahend, mis on v\u00f5imeline kiiresti ja t\u00e4ielikultaurustuma.","og_url":"https:\/\/baltoil.ee\/toode\/euro-hd-cleaner-2\/","og_site_name":"Baltoil","article_modified_time":"2023-08-22T08:15:30+00:00","og_image":[{"width":308,"height":1024,"url":"https:\/\/baltoil.ee\/wp-content\/uploads\/2023\/08\/hd-cleaner-uus-fotor-20230821134452-308x1024.png","type":"image\/png"}],"twitter_card":"summary_large_image","schema":{"@context":"https:\/\/schema.org","@graph":[{"@type":"WebPage","@id":"https:\/\/baltoil.ee\/toode\/euro-hd-cleaner-2\/","url":"https:\/\/baltoil.ee\/toode\/euro-hd-cleaner-2\/","name":"Euro HD Cleaner - Baltoil","isPartOf":{"@id":"https:\/\/baltoil.ee\/#website"},"primaryImageOfPage":{"@id":"https:\/\/baltoil.ee\/toode\/euro-hd-cleaner-2\/#primaryimage"},"image":{"@id":"https:\/\/baltoil.ee\/toode\/euro-hd-cleaner-2\/#primaryimage"},"thumbnailUrl":"https:\/\/baltoil.ee\/wp-content\/uploads\/2023\/08\/hd-cleaner-uus-fotor-20230821134452-e1692691255541.png","datePublished":"2023-08-22T08:00:03+00:00","dateModified":"2023-08-22T08:15:30+00:00","description":"CLEANER HD t\u00f6\u00f6stuslik rasvaeemalduse vahend. CleanerHD on lahusti baasil toodetud kiiresti kuivav t\u00f6\u00f6stuslikrasvaeemalduse vahend, mis on v\u00f5imeline kiiresti ja t\u00e4ielikultaurustuma.","breadcrumb":{"@id":"https:\/\/baltoil.ee\/toode\/euro-hd-cleaner-2\/#breadcrumb"},"inLanguage":"lt-LT","potentialAction":[{"@type":"ReadAction","target":["https:\/\/baltoil.ee\/toode\/euro-hd-cleaner-2\/"]}]},{"@type":"ImageObject","inLanguage":"lt-LT","@id":"https:\/\/baltoil.ee\/toode\/euro-hd-cleaner-2\/#primaryimage","url":"https:\/\/baltoil.ee\/wp-content\/uploads\/2023\/08\/hd-cleaner-uus-fotor-20230821134452-e1692691255541.png","contentUrl":"https:\/\/baltoil.ee\/wp-content\/uploads\/2023\/08\/hd-cleaner-uus-fotor-20230821134452-e1692691255541.png","width":1157,"height":3844},{"@type":"BreadcrumbList","@id":"https:\/\/baltoil.ee\/toode\/euro-hd-cleaner-2\/#breadcrumb","itemListElement":[{"@type":"ListItem","position":1,"name":"Home","item":"https:\/\/baltoil.ee\/lt\/"},{"@type":"ListItem","position":2,"name":"Tooted","item":"https:\/\/baltoil.ee\/tooted\/"},{"@type":"ListItem","position":3,"name":"Euro HD Cleaner"}]},{"@type":"WebSite","@id":"https:\/\/baltoil.ee\/#website","url":"https:\/\/baltoil.ee\/","name":"Baltoil","description":"","publisher":{"@id":"https:\/\/baltoil.ee\/#organization"},"potentialAction":[{"@type":"SearchAction","target":{"@type":"EntryPoint","urlTemplate":"https:\/\/baltoil.ee\/?s={search_term_string}"},"query-input":{"@type":"PropertyValueSpecification","valueRequired":true,"valueName":"search_term_string"}}],"inLanguage":"lt-LT"},{"@type":"Organization","@id":"https:\/\/baltoil.ee\/#organization","name":"AS Baltoil","url":"https:\/\/baltoil.ee\/","logo":{"@type":"ImageObject","inLanguage":"lt-LT","@id":"https:\/\/baltoil.ee\/#\/schema\/logo\/image\/","url":"https:\/\/baltoil.ee\/wp-content\/uploads\/2020\/04\/baltoil_logo.svg","contentUrl":"https:\/\/baltoil.ee\/wp-content\/uploads\/2020\/04\/baltoil_logo.svg","width":1,"height":1,"caption":"AS Baltoil"},"image":{"@id":"https:\/\/baltoil.ee\/#\/schema\/logo\/image\/"}}]}},"_links":{"self":[{"href":"https:\/\/baltoil.ee\/lt\/wp-json\/wp\/v2\/product\/4735","targetHints":{"allow":["GET"]}}],"collection":[{"href":"https:\/\/baltoil.ee\/lt\/wp-json\/wp\/v2\/product"}],"about":[{"href":"https:\/\/baltoil.ee\/lt\/wp-json\/wp\/v2\/types\/product"}],"wp:featuredmedia":[{"embeddable":true,"href":"https:\/\/baltoil.ee\/lt\/wp-json\/wp\/v2\/media\/4727"}],"wp:attachment":[{"href":"https:\/\/baltoil.ee\/lt\/wp-json\/wp\/v2\/media?parent=4735"}],"wp:term":[{"taxonomy":"product_brand","embeddable":true,"href":"https:\/\/baltoil.ee\/lt\/wp-json\/wp\/v2\/product_brand?post=4735"},{"taxonomy":"product_cat","embeddable":true,"href":"https:\/\/baltoil.ee\/lt\/wp-json\/wp\/v2\/product_cat?post=4735"},{"taxonomy":"product_tag","embeddable":true,"href":"https:\/\/baltoil.ee\/lt\/wp-json\/wp\/v2\/product_tag?post=4735"}],"curies":[{"name":"wp","href":"https:\/\/api.w.org\/{rel}","templated":true}]}}