{"id":464,"date":"2019-05-27T06:09:30","date_gmt":"2019-05-27T06:09:30","guid":{"rendered":"https:\/\/dev.baltoil.ee\/?post_type=product&#038;p=464"},"modified":"2019-10-01T06:38:50","modified_gmt":"2019-10-01T06:38:50","slug":"euro-pro-suvine-klaasipesuvedeliku-kontsentraat","status":"publish","type":"product","link":"https:\/\/baltoil.ee\/lt\/toode\/euro-pro-suvine-klaasipesuvedeliku-kontsentraat\/","title":{"rendered":"Euro Pro Suvine Klaasipesuvedeliku Kontsentraat"},"content":{"rendered":"<input class=\"fooboxshare_post_id\" type=\"hidden\" value=\"464\"\/>","protected":false},"excerpt":{"rendered":"<p><strong>Piparm\u00fcndil\u00f5hnaline.<br \/>\nLahjendada 1:40. 5L kontsentraati = 200L valmislahust<\/strong><\/p>\n<ul>\n<li>Eemaldab efektiivselt tuuleklaasilt k\u00f5iksugu mustuse, maanteetolmu ja putukate j\u00e4\u00e4nused.<\/li>\n<li>V\u00e4ga lihtne ja turvaline kasutada.<\/li>\n<li>Ei riku s\u00f5idukite plast- ja kummidetaile.<\/li>\n<li>Ei j\u00e4ta tuuleklaasile triipe.<\/li>\n<li>Uudne koostis on looduses t\u00e4ielikult biolagunev.<\/li>\n<li>Sisaldab anioonseid pindaktiivseid\u00a0aineid &lt;5%.<\/li>\n<li>Sisaldab spetsiaalseid\u00a0valke ja rasvu lahustavaid lisandeid.<\/li>\n<li>Kasutada ainult lahjendatud kujul.<\/li>\n<\/ul>\n","protected":false},"featured_media":467,"template":"","meta":{"_acf_changed":false},"product_brand":[],"product_cat":[23,18,31,140],"product_tag":[22,20,21],"class_list":{"0":"post-464","1":"product","2":"type-product","3":"status-publish","4":"has-post-thumbnail","6":"product_cat-euro-autokeemia","7":"product_cat-euro-product","8":"product_cat-klaasipesuvedelikud","9":"product_cat-koik-tooted-autokeemia","10":"product_tag-autokeemia","11":"product_tag-euro","12":"product_tag-klaasipesu","14":"first","15":"instock","16":"shipping-taxable","17":"product-type-simple"},"acf":[],"yoast_head":"<!-- This site is optimized with the Yoast SEO plugin v27.3 - https:\/\/yoast.com\/product\/yoast-seo-wordpress\/ -->\n<title>Euro Pro Suvine Klaasipesuvedeliku Kontsentraat - Baltoil<\/title>\n<meta name=\"robots\" content=\"index, follow, max-snippet:-1, max-image-preview:large, max-video-preview:-1\" \/>\n<link rel=\"canonical\" href=\"https:\/\/baltoil.ee\/toode\/euro-pro-suvine-klaasipesuvedeliku-kontsentraat\/\" \/>\n<meta property=\"og:locale\" content=\"lt_LT\" \/>\n<meta property=\"og:type\" content=\"article\" \/>\n<meta property=\"og:title\" content=\"Euro Pro Suvine Klaasipesuvedeliku Kontsentraat - Baltoil\" \/>\n<meta property=\"og:description\" content=\"Piparm\u00fcndil\u00f5hnaline. Lahjendada 1:40. 5L kontsentraati = 200L valmislahust   Eemaldab efektiivselt tuuleklaasilt k\u00f5iksugu mustuse, maanteetolmu ja putukate j\u00e4\u00e4nused.  V\u00e4ga lihtne ja turvaline kasutada.  Ei riku s\u00f5idukite plast- ja kummidetaile.  Ei j\u00e4ta tuuleklaasile triipe.  Uudne koostis on looduses t\u00e4ielikult biolagunev.  Sisaldab anioonseid pindaktiivseid\u00a0aineid &lt;5%.  Sisaldab spetsiaalseid\u00a0valke ja rasvu lahustavaid lisandeid.  Kasutada ainult lahjendatud kujul.\" \/>\n<meta property=\"og:url\" content=\"https:\/\/baltoil.ee\/toode\/euro-pro-suvine-klaasipesuvedeliku-kontsentraat\/\" \/>\n<meta property=\"og:site_name\" content=\"Baltoil\" \/>\n<meta property=\"article:modified_time\" content=\"2019-10-01T06:38:50+00:00\" \/>\n<meta property=\"og:image\" content=\"https:\/\/baltoil.ee\/wp-content\/uploads\/2019\/05\/suvine-klaasipesu-kontsentraat-pro5L-web.png\" \/>\n\t<meta property=\"og:image:width\" content=\"627\" \/>\n\t<meta property=\"og:image:height\" content=\"1000\" \/>\n\t<meta property=\"og:image:type\" content=\"image\/png\" \/>\n<meta name=\"twitter:card\" content=\"summary_large_image\" \/>\n<script type=\"application\/ld+json\" class=\"yoast-schema-graph\">{\"@context\":\"https:\\\/\\\/schema.org\",\"@graph\":[{\"@type\":\"WebPage\",\"@id\":\"https:\\\/\\\/baltoil.ee\\\/toode\\\/euro-pro-suvine-klaasipesuvedeliku-kontsentraat\\\/\",\"url\":\"https:\\\/\\\/baltoil.ee\\\/toode\\\/euro-pro-suvine-klaasipesuvedeliku-kontsentraat\\\/\",\"name\":\"Euro Pro Suvine Klaasipesuvedeliku Kontsentraat - Baltoil\",\"isPartOf\":{\"@id\":\"https:\\\/\\\/baltoil.ee\\\/#website\"},\"primaryImageOfPage\":{\"@id\":\"https:\\\/\\\/baltoil.ee\\\/toode\\\/euro-pro-suvine-klaasipesuvedeliku-kontsentraat\\\/#primaryimage\"},\"image\":{\"@id\":\"https:\\\/\\\/baltoil.ee\\\/toode\\\/euro-pro-suvine-klaasipesuvedeliku-kontsentraat\\\/#primaryimage\"},\"thumbnailUrl\":\"https:\\\/\\\/baltoil.ee\\\/wp-content\\\/uploads\\\/2019\\\/05\\\/suvine-klaasipesu-kontsentraat-pro5L-web.png\",\"datePublished\":\"2019-05-27T06:09:30+00:00\",\"dateModified\":\"2019-10-01T06:38:50+00:00\",\"breadcrumb\":{\"@id\":\"https:\\\/\\\/baltoil.ee\\\/toode\\\/euro-pro-suvine-klaasipesuvedeliku-kontsentraat\\\/#breadcrumb\"},\"inLanguage\":\"lt-LT\",\"potentialAction\":[{\"@type\":\"ReadAction\",\"target\":[\"https:\\\/\\\/baltoil.ee\\\/toode\\\/euro-pro-suvine-klaasipesuvedeliku-kontsentraat\\\/\"]}]},{\"@type\":\"ImageObject\",\"inLanguage\":\"lt-LT\",\"@id\":\"https:\\\/\\\/baltoil.ee\\\/toode\\\/euro-pro-suvine-klaasipesuvedeliku-kontsentraat\\\/#primaryimage\",\"url\":\"https:\\\/\\\/baltoil.ee\\\/wp-content\\\/uploads\\\/2019\\\/05\\\/suvine-klaasipesu-kontsentraat-pro5L-web.png\",\"contentUrl\":\"https:\\\/\\\/baltoil.ee\\\/wp-content\\\/uploads\\\/2019\\\/05\\\/suvine-klaasipesu-kontsentraat-pro5L-web.png\",\"width\":627,\"height\":1000},{\"@type\":\"BreadcrumbList\",\"@id\":\"https:\\\/\\\/baltoil.ee\\\/toode\\\/euro-pro-suvine-klaasipesuvedeliku-kontsentraat\\\/#breadcrumb\",\"itemListElement\":[{\"@type\":\"ListItem\",\"position\":1,\"name\":\"Home\",\"item\":\"https:\\\/\\\/baltoil.ee\\\/lt\\\/\"},{\"@type\":\"ListItem\",\"position\":2,\"name\":\"Tooted\",\"item\":\"https:\\\/\\\/baltoil.ee\\\/tooted\\\/\"},{\"@type\":\"ListItem\",\"position\":3,\"name\":\"Euro Pro Suvine Klaasipesuvedeliku Kontsentraat\"}]},{\"@type\":\"WebSite\",\"@id\":\"https:\\\/\\\/baltoil.ee\\\/#website\",\"url\":\"https:\\\/\\\/baltoil.ee\\\/\",\"name\":\"Baltoil\",\"description\":\"\",\"publisher\":{\"@id\":\"https:\\\/\\\/baltoil.ee\\\/#organization\"},\"potentialAction\":[{\"@type\":\"SearchAction\",\"target\":{\"@type\":\"EntryPoint\",\"urlTemplate\":\"https:\\\/\\\/baltoil.ee\\\/?s={search_term_string}\"},\"query-input\":{\"@type\":\"PropertyValueSpecification\",\"valueRequired\":true,\"valueName\":\"search_term_string\"}}],\"inLanguage\":\"lt-LT\"},{\"@type\":\"Organization\",\"@id\":\"https:\\\/\\\/baltoil.ee\\\/#organization\",\"name\":\"AS Baltoil\",\"url\":\"https:\\\/\\\/baltoil.ee\\\/\",\"logo\":{\"@type\":\"ImageObject\",\"inLanguage\":\"lt-LT\",\"@id\":\"https:\\\/\\\/baltoil.ee\\\/#\\\/schema\\\/logo\\\/image\\\/\",\"url\":\"https:\\\/\\\/baltoil.ee\\\/wp-content\\\/uploads\\\/2020\\\/04\\\/baltoil_logo.svg\",\"contentUrl\":\"https:\\\/\\\/baltoil.ee\\\/wp-content\\\/uploads\\\/2020\\\/04\\\/baltoil_logo.svg\",\"width\":1,\"height\":1,\"caption\":\"AS Baltoil\"},\"image\":{\"@id\":\"https:\\\/\\\/baltoil.ee\\\/#\\\/schema\\\/logo\\\/image\\\/\"}}]}<\/script>\n<!-- \/ Yoast SEO plugin. -->","yoast_head_json":{"title":"Euro Pro Suvine Klaasipesuvedeliku Kontsentraat - Baltoil","robots":{"index":"index","follow":"follow","max-snippet":"max-snippet:-1","max-image-preview":"max-image-preview:large","max-video-preview":"max-video-preview:-1"},"canonical":"https:\/\/baltoil.ee\/toode\/euro-pro-suvine-klaasipesuvedeliku-kontsentraat\/","og_locale":"lt_LT","og_type":"article","og_title":"Euro Pro Suvine Klaasipesuvedeliku Kontsentraat - Baltoil","og_description":"Piparm\u00fcndil\u00f5hnaline. Lahjendada 1:40. 5L kontsentraati = 200L valmislahust   Eemaldab efektiivselt tuuleklaasilt k\u00f5iksugu mustuse, maanteetolmu ja putukate j\u00e4\u00e4nused.  V\u00e4ga lihtne ja turvaline kasutada.  Ei riku s\u00f5idukite plast- ja kummidetaile.  Ei j\u00e4ta tuuleklaasile triipe.  Uudne koostis on looduses t\u00e4ielikult biolagunev.  Sisaldab anioonseid pindaktiivseid\u00a0aineid &lt;5%.  Sisaldab spetsiaalseid\u00a0valke ja rasvu lahustavaid lisandeid.  Kasutada ainult lahjendatud kujul.","og_url":"https:\/\/baltoil.ee\/toode\/euro-pro-suvine-klaasipesuvedeliku-kontsentraat\/","og_site_name":"Baltoil","article_modified_time":"2019-10-01T06:38:50+00:00","og_image":[{"width":627,"height":1000,"url":"https:\/\/baltoil.ee\/wp-content\/uploads\/2019\/05\/suvine-klaasipesu-kontsentraat-pro5L-web.png","type":"image\/png"}],"twitter_card":"summary_large_image","schema":{"@context":"https:\/\/schema.org","@graph":[{"@type":"WebPage","@id":"https:\/\/baltoil.ee\/toode\/euro-pro-suvine-klaasipesuvedeliku-kontsentraat\/","url":"https:\/\/baltoil.ee\/toode\/euro-pro-suvine-klaasipesuvedeliku-kontsentraat\/","name":"Euro Pro Suvine Klaasipesuvedeliku Kontsentraat - Baltoil","isPartOf":{"@id":"https:\/\/baltoil.ee\/#website"},"primaryImageOfPage":{"@id":"https:\/\/baltoil.ee\/toode\/euro-pro-suvine-klaasipesuvedeliku-kontsentraat\/#primaryimage"},"image":{"@id":"https:\/\/baltoil.ee\/toode\/euro-pro-suvine-klaasipesuvedeliku-kontsentraat\/#primaryimage"},"thumbnailUrl":"https:\/\/baltoil.ee\/wp-content\/uploads\/2019\/05\/suvine-klaasipesu-kontsentraat-pro5L-web.png","datePublished":"2019-05-27T06:09:30+00:00","dateModified":"2019-10-01T06:38:50+00:00","breadcrumb":{"@id":"https:\/\/baltoil.ee\/toode\/euro-pro-suvine-klaasipesuvedeliku-kontsentraat\/#breadcrumb"},"inLanguage":"lt-LT","potentialAction":[{"@type":"ReadAction","target":["https:\/\/baltoil.ee\/toode\/euro-pro-suvine-klaasipesuvedeliku-kontsentraat\/"]}]},{"@type":"ImageObject","inLanguage":"lt-LT","@id":"https:\/\/baltoil.ee\/toode\/euro-pro-suvine-klaasipesuvedeliku-kontsentraat\/#primaryimage","url":"https:\/\/baltoil.ee\/wp-content\/uploads\/2019\/05\/suvine-klaasipesu-kontsentraat-pro5L-web.png","contentUrl":"https:\/\/baltoil.ee\/wp-content\/uploads\/2019\/05\/suvine-klaasipesu-kontsentraat-pro5L-web.png","width":627,"height":1000},{"@type":"BreadcrumbList","@id":"https:\/\/baltoil.ee\/toode\/euro-pro-suvine-klaasipesuvedeliku-kontsentraat\/#breadcrumb","itemListElement":[{"@type":"ListItem","position":1,"name":"Home","item":"https:\/\/baltoil.ee\/lt\/"},{"@type":"ListItem","position":2,"name":"Tooted","item":"https:\/\/baltoil.ee\/tooted\/"},{"@type":"ListItem","position":3,"name":"Euro Pro Suvine Klaasipesuvedeliku Kontsentraat"}]},{"@type":"WebSite","@id":"https:\/\/baltoil.ee\/#website","url":"https:\/\/baltoil.ee\/","name":"Baltoil","description":"","publisher":{"@id":"https:\/\/baltoil.ee\/#organization"},"potentialAction":[{"@type":"SearchAction","target":{"@type":"EntryPoint","urlTemplate":"https:\/\/baltoil.ee\/?s={search_term_string}"},"query-input":{"@type":"PropertyValueSpecification","valueRequired":true,"valueName":"search_term_string"}}],"inLanguage":"lt-LT"},{"@type":"Organization","@id":"https:\/\/baltoil.ee\/#organization","name":"AS Baltoil","url":"https:\/\/baltoil.ee\/","logo":{"@type":"ImageObject","inLanguage":"lt-LT","@id":"https:\/\/baltoil.ee\/#\/schema\/logo\/image\/","url":"https:\/\/baltoil.ee\/wp-content\/uploads\/2020\/04\/baltoil_logo.svg","contentUrl":"https:\/\/baltoil.ee\/wp-content\/uploads\/2020\/04\/baltoil_logo.svg","width":1,"height":1,"caption":"AS Baltoil"},"image":{"@id":"https:\/\/baltoil.ee\/#\/schema\/logo\/image\/"}}]}},"_links":{"self":[{"href":"https:\/\/baltoil.ee\/lt\/wp-json\/wp\/v2\/product\/464","targetHints":{"allow":["GET"]}}],"collection":[{"href":"https:\/\/baltoil.ee\/lt\/wp-json\/wp\/v2\/product"}],"about":[{"href":"https:\/\/baltoil.ee\/lt\/wp-json\/wp\/v2\/types\/product"}],"wp:featuredmedia":[{"embeddable":true,"href":"https:\/\/baltoil.ee\/lt\/wp-json\/wp\/v2\/media\/467"}],"wp:attachment":[{"href":"https:\/\/baltoil.ee\/lt\/wp-json\/wp\/v2\/media?parent=464"}],"wp:term":[{"taxonomy":"product_brand","embeddable":true,"href":"https:\/\/baltoil.ee\/lt\/wp-json\/wp\/v2\/product_brand?post=464"},{"taxonomy":"product_cat","embeddable":true,"href":"https:\/\/baltoil.ee\/lt\/wp-json\/wp\/v2\/product_cat?post=464"},{"taxonomy":"product_tag","embeddable":true,"href":"https:\/\/baltoil.ee\/lt\/wp-json\/wp\/v2\/product_tag?post=464"}],"curies":[{"name":"wp","href":"https:\/\/api.w.org\/{rel}","templated":true}]}}