{"id":3790,"date":"2020-06-09T18:57:34","date_gmt":"2020-06-09T18:57:34","guid":{"rendered":"https:\/\/baltoil.ee\/?post_type=product&#038;p=3790"},"modified":"2020-06-10T19:44:56","modified_gmt":"2020-06-10T19:44:56","slug":"puhas-katus","status":"publish","type":"product","link":"https:\/\/baltoil.ee\/lt\/toode\/puhas-katus\/","title":{"rendered":"Puhas Katus"},"content":{"rendered":"<input class=\"fooboxshare_post_id\" type=\"hidden\" value=\"3790\"\/>","protected":false},"excerpt":{"rendered":"<p>Bioloogiline samblaeemaldus katustelt ja v\u00e4lisfassaadidelt.<\/p>\n<p>Eemaldab ja ennetab: sambla, sambliku, vetika, hallituse tekkimist.<\/p>\n<p>Sobib igat liiki materjalidele: tellis, plekk, krohvpinnad ja v\u00e4rvitud puit.<\/p>\n<p>Lahjendamine: 1 osa kontsentraati, 2 osa vett. Valmis lahust kulub 1 L = 5-8 m2.<\/p>\n<p>Kasutusjuhend: T\u00f6\u00f6 tegemiseks tuleb valida soe ja kuiv ilm. Eemaldage katuselt lahtine praht (lehed jne.) enne aine pealekandmist. Kanda pinnale pritsi, k\u00e4sna v\u00f5i harjaga. Aine hakkab m\u00f5juma 4-5 tunni p\u00e4rast. Ainet ei ole vaja maha pesta (juhul kui ei ole plaanis teha 2-3 p\u00e4eva p\u00e4rast pinna viimistlust). Toode tagab aastate pikkuse kaitse.<\/p>\n","protected":false},"featured_media":3862,"template":"","meta":{"_acf_changed":false},"product_brand":[],"product_cat":[142,86],"product_tag":[20],"class_list":{"0":"post-3790","1":"product","2":"type-product","3":"status-publish","4":"has-post-thumbnail","6":"product_cat-koik-tooted-mets-ja-aed","7":"product_cat-muud-kodukeemia","8":"product_tag-euro","10":"first","11":"instock","12":"shipping-taxable","13":"product-type-simple"},"acf":[],"yoast_head":"<!-- This site is optimized with the Yoast SEO plugin v27.3 - https:\/\/yoast.com\/product\/yoast-seo-wordpress\/ -->\n<title>Puhas Katus - Euro Product - Baltoil<\/title>\n<meta name=\"description\" content=\"Bioloogiline samblaeemaldus katuselt ja v\u00e4lisfassaadidelt. Eemaldab ja ennetab: sambla, sambliku, vetika, hallituse tekkimist.\" \/>\n<meta name=\"robots\" content=\"index, follow, max-snippet:-1, max-image-preview:large, max-video-preview:-1\" \/>\n<link rel=\"canonical\" href=\"https:\/\/baltoil.ee\/toode\/puhas-katus\/\" \/>\n<meta property=\"og:locale\" content=\"lt_LT\" \/>\n<meta property=\"og:type\" content=\"article\" \/>\n<meta property=\"og:title\" content=\"Puhas Katus - Euro Product - Baltoil\" \/>\n<meta property=\"og:description\" content=\"Bioloogiline samblaeemaldus katuselt ja v\u00e4lisfassaadidelt. Eemaldab ja ennetab: sambla, sambliku, vetika, hallituse tekkimist.\" \/>\n<meta property=\"og:url\" content=\"https:\/\/baltoil.ee\/toode\/puhas-katus\/\" \/>\n<meta property=\"og:site_name\" content=\"Baltoil\" \/>\n<meta property=\"article:modified_time\" content=\"2020-06-10T19:44:56+00:00\" \/>\n<meta property=\"og:image\" content=\"https:\/\/baltoil.ee\/wp-content\/uploads\/2020\/06\/puhas-katus.png\" \/>\n\t<meta property=\"og:image:width\" content=\"598\" \/>\n\t<meta property=\"og:image:height\" content=\"948\" \/>\n\t<meta property=\"og:image:type\" content=\"image\/png\" \/>\n<meta name=\"twitter:card\" content=\"summary_large_image\" \/>\n<script type=\"application\/ld+json\" class=\"yoast-schema-graph\">{\"@context\":\"https:\\\/\\\/schema.org\",\"@graph\":[{\"@type\":\"WebPage\",\"@id\":\"https:\\\/\\\/baltoil.ee\\\/toode\\\/puhas-katus\\\/\",\"url\":\"https:\\\/\\\/baltoil.ee\\\/toode\\\/puhas-katus\\\/\",\"name\":\"Puhas Katus - Euro Product - Baltoil\",\"isPartOf\":{\"@id\":\"https:\\\/\\\/baltoil.ee\\\/#website\"},\"primaryImageOfPage\":{\"@id\":\"https:\\\/\\\/baltoil.ee\\\/toode\\\/puhas-katus\\\/#primaryimage\"},\"image\":{\"@id\":\"https:\\\/\\\/baltoil.ee\\\/toode\\\/puhas-katus\\\/#primaryimage\"},\"thumbnailUrl\":\"https:\\\/\\\/baltoil.ee\\\/wp-content\\\/uploads\\\/2020\\\/06\\\/puhas-katus.png\",\"datePublished\":\"2020-06-09T18:57:34+00:00\",\"dateModified\":\"2020-06-10T19:44:56+00:00\",\"description\":\"Bioloogiline samblaeemaldus katuselt ja v\u00e4lisfassaadidelt. Eemaldab ja ennetab: sambla, sambliku, vetika, hallituse tekkimist.\",\"breadcrumb\":{\"@id\":\"https:\\\/\\\/baltoil.ee\\\/toode\\\/puhas-katus\\\/#breadcrumb\"},\"inLanguage\":\"lt-LT\",\"potentialAction\":[{\"@type\":\"ReadAction\",\"target\":[\"https:\\\/\\\/baltoil.ee\\\/toode\\\/puhas-katus\\\/\"]}]},{\"@type\":\"ImageObject\",\"inLanguage\":\"lt-LT\",\"@id\":\"https:\\\/\\\/baltoil.ee\\\/toode\\\/puhas-katus\\\/#primaryimage\",\"url\":\"https:\\\/\\\/baltoil.ee\\\/wp-content\\\/uploads\\\/2020\\\/06\\\/puhas-katus.png\",\"contentUrl\":\"https:\\\/\\\/baltoil.ee\\\/wp-content\\\/uploads\\\/2020\\\/06\\\/puhas-katus.png\",\"width\":598,\"height\":948},{\"@type\":\"BreadcrumbList\",\"@id\":\"https:\\\/\\\/baltoil.ee\\\/toode\\\/puhas-katus\\\/#breadcrumb\",\"itemListElement\":[{\"@type\":\"ListItem\",\"position\":1,\"name\":\"Home\",\"item\":\"https:\\\/\\\/baltoil.ee\\\/lt\\\/\"},{\"@type\":\"ListItem\",\"position\":2,\"name\":\"Tooted\",\"item\":\"https:\\\/\\\/baltoil.ee\\\/tooted\\\/\"},{\"@type\":\"ListItem\",\"position\":3,\"name\":\"Puhas Katus\"}]},{\"@type\":\"WebSite\",\"@id\":\"https:\\\/\\\/baltoil.ee\\\/#website\",\"url\":\"https:\\\/\\\/baltoil.ee\\\/\",\"name\":\"Baltoil\",\"description\":\"\",\"publisher\":{\"@id\":\"https:\\\/\\\/baltoil.ee\\\/#organization\"},\"potentialAction\":[{\"@type\":\"SearchAction\",\"target\":{\"@type\":\"EntryPoint\",\"urlTemplate\":\"https:\\\/\\\/baltoil.ee\\\/?s={search_term_string}\"},\"query-input\":{\"@type\":\"PropertyValueSpecification\",\"valueRequired\":true,\"valueName\":\"search_term_string\"}}],\"inLanguage\":\"lt-LT\"},{\"@type\":\"Organization\",\"@id\":\"https:\\\/\\\/baltoil.ee\\\/#organization\",\"name\":\"AS Baltoil\",\"url\":\"https:\\\/\\\/baltoil.ee\\\/\",\"logo\":{\"@type\":\"ImageObject\",\"inLanguage\":\"lt-LT\",\"@id\":\"https:\\\/\\\/baltoil.ee\\\/#\\\/schema\\\/logo\\\/image\\\/\",\"url\":\"https:\\\/\\\/baltoil.ee\\\/wp-content\\\/uploads\\\/2020\\\/04\\\/baltoil_logo.svg\",\"contentUrl\":\"https:\\\/\\\/baltoil.ee\\\/wp-content\\\/uploads\\\/2020\\\/04\\\/baltoil_logo.svg\",\"width\":1,\"height\":1,\"caption\":\"AS Baltoil\"},\"image\":{\"@id\":\"https:\\\/\\\/baltoil.ee\\\/#\\\/schema\\\/logo\\\/image\\\/\"}}]}<\/script>\n<!-- \/ Yoast SEO plugin. -->","yoast_head_json":{"title":"Puhas Katus - Euro Product - Baltoil","description":"Bioloogiline samblaeemaldus katuselt ja v\u00e4lisfassaadidelt. Eemaldab ja ennetab: sambla, sambliku, vetika, hallituse tekkimist.","robots":{"index":"index","follow":"follow","max-snippet":"max-snippet:-1","max-image-preview":"max-image-preview:large","max-video-preview":"max-video-preview:-1"},"canonical":"https:\/\/baltoil.ee\/toode\/puhas-katus\/","og_locale":"lt_LT","og_type":"article","og_title":"Puhas Katus - Euro Product - Baltoil","og_description":"Bioloogiline samblaeemaldus katuselt ja v\u00e4lisfassaadidelt. Eemaldab ja ennetab: sambla, sambliku, vetika, hallituse tekkimist.","og_url":"https:\/\/baltoil.ee\/toode\/puhas-katus\/","og_site_name":"Baltoil","article_modified_time":"2020-06-10T19:44:56+00:00","og_image":[{"width":598,"height":948,"url":"https:\/\/baltoil.ee\/wp-content\/uploads\/2020\/06\/puhas-katus.png","type":"image\/png"}],"twitter_card":"summary_large_image","schema":{"@context":"https:\/\/schema.org","@graph":[{"@type":"WebPage","@id":"https:\/\/baltoil.ee\/toode\/puhas-katus\/","url":"https:\/\/baltoil.ee\/toode\/puhas-katus\/","name":"Puhas Katus - Euro Product - Baltoil","isPartOf":{"@id":"https:\/\/baltoil.ee\/#website"},"primaryImageOfPage":{"@id":"https:\/\/baltoil.ee\/toode\/puhas-katus\/#primaryimage"},"image":{"@id":"https:\/\/baltoil.ee\/toode\/puhas-katus\/#primaryimage"},"thumbnailUrl":"https:\/\/baltoil.ee\/wp-content\/uploads\/2020\/06\/puhas-katus.png","datePublished":"2020-06-09T18:57:34+00:00","dateModified":"2020-06-10T19:44:56+00:00","description":"Bioloogiline samblaeemaldus katuselt ja v\u00e4lisfassaadidelt. Eemaldab ja ennetab: sambla, sambliku, vetika, hallituse tekkimist.","breadcrumb":{"@id":"https:\/\/baltoil.ee\/toode\/puhas-katus\/#breadcrumb"},"inLanguage":"lt-LT","potentialAction":[{"@type":"ReadAction","target":["https:\/\/baltoil.ee\/toode\/puhas-katus\/"]}]},{"@type":"ImageObject","inLanguage":"lt-LT","@id":"https:\/\/baltoil.ee\/toode\/puhas-katus\/#primaryimage","url":"https:\/\/baltoil.ee\/wp-content\/uploads\/2020\/06\/puhas-katus.png","contentUrl":"https:\/\/baltoil.ee\/wp-content\/uploads\/2020\/06\/puhas-katus.png","width":598,"height":948},{"@type":"BreadcrumbList","@id":"https:\/\/baltoil.ee\/toode\/puhas-katus\/#breadcrumb","itemListElement":[{"@type":"ListItem","position":1,"name":"Home","item":"https:\/\/baltoil.ee\/lt\/"},{"@type":"ListItem","position":2,"name":"Tooted","item":"https:\/\/baltoil.ee\/tooted\/"},{"@type":"ListItem","position":3,"name":"Puhas Katus"}]},{"@type":"WebSite","@id":"https:\/\/baltoil.ee\/#website","url":"https:\/\/baltoil.ee\/","name":"Baltoil","description":"","publisher":{"@id":"https:\/\/baltoil.ee\/#organization"},"potentialAction":[{"@type":"SearchAction","target":{"@type":"EntryPoint","urlTemplate":"https:\/\/baltoil.ee\/?s={search_term_string}"},"query-input":{"@type":"PropertyValueSpecification","valueRequired":true,"valueName":"search_term_string"}}],"inLanguage":"lt-LT"},{"@type":"Organization","@id":"https:\/\/baltoil.ee\/#organization","name":"AS Baltoil","url":"https:\/\/baltoil.ee\/","logo":{"@type":"ImageObject","inLanguage":"lt-LT","@id":"https:\/\/baltoil.ee\/#\/schema\/logo\/image\/","url":"https:\/\/baltoil.ee\/wp-content\/uploads\/2020\/04\/baltoil_logo.svg","contentUrl":"https:\/\/baltoil.ee\/wp-content\/uploads\/2020\/04\/baltoil_logo.svg","width":1,"height":1,"caption":"AS Baltoil"},"image":{"@id":"https:\/\/baltoil.ee\/#\/schema\/logo\/image\/"}}]}},"_links":{"self":[{"href":"https:\/\/baltoil.ee\/lt\/wp-json\/wp\/v2\/product\/3790","targetHints":{"allow":["GET"]}}],"collection":[{"href":"https:\/\/baltoil.ee\/lt\/wp-json\/wp\/v2\/product"}],"about":[{"href":"https:\/\/baltoil.ee\/lt\/wp-json\/wp\/v2\/types\/product"}],"wp:featuredmedia":[{"embeddable":true,"href":"https:\/\/baltoil.ee\/lt\/wp-json\/wp\/v2\/media\/3862"}],"wp:attachment":[{"href":"https:\/\/baltoil.ee\/lt\/wp-json\/wp\/v2\/media?parent=3790"}],"wp:term":[{"taxonomy":"product_brand","embeddable":true,"href":"https:\/\/baltoil.ee\/lt\/wp-json\/wp\/v2\/product_brand?post=3790"},{"taxonomy":"product_cat","embeddable":true,"href":"https:\/\/baltoil.ee\/lt\/wp-json\/wp\/v2\/product_cat?post=3790"},{"taxonomy":"product_tag","embeddable":true,"href":"https:\/\/baltoil.ee\/lt\/wp-json\/wp\/v2\/product_tag?post=3790"}],"curies":[{"name":"wp","href":"https:\/\/api.w.org\/{rel}","templated":true}]}}