{"id":3789,"date":"2020-06-09T18:51:29","date_gmt":"2020-06-09T18:51:29","guid":{"rendered":"https:\/\/baltoil.ee\/?post_type=product&#038;p=3789"},"modified":"2025-03-13T15:10:09","modified_gmt":"2025-03-13T12:10:09","slug":"bio-aadikas","status":"publish","type":"product","link":"https:\/\/baltoil.ee\/lt\/toode\/bio-aadikas\/","title":{"rendered":"Bio \u00c4\u00e4dikas"},"content":{"rendered":"<input class=\"fooboxshare_post_id\" type=\"hidden\" value=\"3789\"\/>","protected":false},"excerpt":{"rendered":"<p>Sobib t\u00e4navakivide, tarade ja seinte servade hooldamiseks. Toode ei ole taimekaitsevahend. Toime: hooldusaine hakkab m\u00f5juma otsekohe.<\/p>\n<p>Kasutamine: Parim t\u00f6\u00f6tlemisaeg on soe ja tuuletu, sademeteta hommikupoolik ja keskp\u00e4ev. Kanna lahus pindadele kastes v\u00f5i pritsi kasutades. P\u00e4rast kasutamist loputa anumad puhtaks. \u00c4ra j\u00e4ta anumasse v\u00f5i pritsi ainej\u00e4\u00e4ke.<\/p>\n<p>\u00c4\u00e4dikas on aktsepteeritud Euroopa Parlamendi ja n\u00f5ukogu m\u00e4\u00e4ruse (E\u00dc) nr 1107\/2009 kohaselt toimeaineks, millel on p\u00f5hiaine staatus.<\/p>\n<p>&#8211; Taimekaitseks on lubatud kasutada teatud heakskiidetud p\u00f5hiaineid.<\/p>\n<p>&#8211; Toimeained, mis vastavad m\u00e4\u00e4ruse (E\u00dc) nr 178\/2002 artiklis m\u00e4\u00e4ratletud, toiduainetega seotud n\u00f5uetele, loetakse p\u00f5hiaineteks.<\/p>\n<p>&#8211; Kasuta p\u00f5hiaineid taimekaitse eesm\u00e4rgil otstarbekalt vastavalt vajadusele ja kasutusjuhiseid j\u00e4rgides.<\/p>\n<p>&#8211; P\u00f5hiaineid v\u00f5ib kasutada samasuguste vahenditega kui muid taimekaitsevahendeid. Vajalikud vahendid olenevad t\u00f6\u00f6deldava ala suurusest. Koduaias piisab pudelpihustist v\u00f5i k\u00e4sitsi kasutatavast survepritsist.<\/p>\n","protected":false},"featured_media":5447,"template":"","meta":{"_acf_changed":false},"product_brand":[],"product_cat":[142,86],"product_tag":[20],"class_list":{"0":"post-3789","1":"product","2":"type-product","3":"status-publish","4":"has-post-thumbnail","6":"product_cat-koik-tooted-mets-ja-aed","7":"product_cat-muud-kodukeemia","8":"product_tag-euro","10":"first","11":"instock","12":"shipping-taxable","13":"product-type-simple"},"acf":[],"yoast_head":"<!-- This site is optimized with the Yoast SEO plugin v27.3 - https:\/\/yoast.com\/product\/yoast-seo-wordpress\/ -->\n<title>Bio \u00c4\u00e4dikas - Euro Product - Baltoil<\/title>\n<meta name=\"description\" content=\"EURO Bio-\u00e4\u00e4dikas on v\u00e4ga t\u00f5hus ja keskkonnas\u00f5bralik umbrohut\u00f5rjevahend kaetud looduslikele pindadele. EURO Bio-\u00c4\u00e4dikas ei kahjusta mulda ja p\u00f5hjavett.\" \/>\n<meta name=\"robots\" content=\"index, follow, max-snippet:-1, max-image-preview:large, max-video-preview:-1\" \/>\n<link rel=\"canonical\" href=\"https:\/\/baltoil.ee\/toode\/bio-aadikas\/\" \/>\n<meta property=\"og:locale\" content=\"lt_LT\" \/>\n<meta property=\"og:type\" content=\"article\" \/>\n<meta property=\"og:title\" content=\"Bio \u00c4\u00e4dikas - Euro Product - Baltoil\" \/>\n<meta property=\"og:description\" content=\"EURO Bio-\u00e4\u00e4dikas on v\u00e4ga t\u00f5hus ja keskkonnas\u00f5bralik umbrohut\u00f5rjevahend kaetud looduslikele pindadele. EURO Bio-\u00c4\u00e4dikas ei kahjusta mulda ja p\u00f5hjavett.\" \/>\n<meta property=\"og:url\" content=\"https:\/\/baltoil.ee\/toode\/bio-aadikas\/\" \/>\n<meta property=\"og:site_name\" content=\"Baltoil\" \/>\n<meta property=\"article:modified_time\" content=\"2025-03-13T12:10:09+00:00\" \/>\n<meta property=\"og:image\" content=\"https:\/\/baltoil.ee\/wp-content\/uploads\/2020\/06\/bio-aadikas-1024x768.png\" \/>\n\t<meta property=\"og:image:width\" content=\"1024\" \/>\n\t<meta property=\"og:image:height\" content=\"768\" \/>\n\t<meta property=\"og:image:type\" content=\"image\/png\" \/>\n<meta name=\"twitter:card\" content=\"summary_large_image\" \/>\n<meta name=\"twitter:label1\" content=\"Est. reading time\" \/>\n\t<meta name=\"twitter:data1\" content=\"1 minut\u0117\" \/>\n<script type=\"application\/ld+json\" class=\"yoast-schema-graph\">{\"@context\":\"https:\\\/\\\/schema.org\",\"@graph\":[{\"@type\":\"WebPage\",\"@id\":\"https:\\\/\\\/baltoil.ee\\\/toode\\\/bio-aadikas\\\/\",\"url\":\"https:\\\/\\\/baltoil.ee\\\/toode\\\/bio-aadikas\\\/\",\"name\":\"Bio \u00c4\u00e4dikas - Euro Product - Baltoil\",\"isPartOf\":{\"@id\":\"https:\\\/\\\/baltoil.ee\\\/#website\"},\"primaryImageOfPage\":{\"@id\":\"https:\\\/\\\/baltoil.ee\\\/toode\\\/bio-aadikas\\\/#primaryimage\"},\"image\":{\"@id\":\"https:\\\/\\\/baltoil.ee\\\/toode\\\/bio-aadikas\\\/#primaryimage\"},\"thumbnailUrl\":\"https:\\\/\\\/baltoil.ee\\\/wp-content\\\/uploads\\\/2020\\\/06\\\/bio-aadikas.png\",\"datePublished\":\"2020-06-09T18:51:29+00:00\",\"dateModified\":\"2025-03-13T12:10:09+00:00\",\"description\":\"EURO Bio-\u00e4\u00e4dikas on v\u00e4ga t\u00f5hus ja keskkonnas\u00f5bralik umbrohut\u00f5rjevahend kaetud looduslikele pindadele. EURO Bio-\u00c4\u00e4dikas ei kahjusta mulda ja p\u00f5hjavett.\",\"breadcrumb\":{\"@id\":\"https:\\\/\\\/baltoil.ee\\\/toode\\\/bio-aadikas\\\/#breadcrumb\"},\"inLanguage\":\"lt-LT\",\"potentialAction\":[{\"@type\":\"ReadAction\",\"target\":[\"https:\\\/\\\/baltoil.ee\\\/toode\\\/bio-aadikas\\\/\"]}]},{\"@type\":\"ImageObject\",\"inLanguage\":\"lt-LT\",\"@id\":\"https:\\\/\\\/baltoil.ee\\\/toode\\\/bio-aadikas\\\/#primaryimage\",\"url\":\"https:\\\/\\\/baltoil.ee\\\/wp-content\\\/uploads\\\/2020\\\/06\\\/bio-aadikas.png\",\"contentUrl\":\"https:\\\/\\\/baltoil.ee\\\/wp-content\\\/uploads\\\/2020\\\/06\\\/bio-aadikas.png\",\"width\":3651,\"height\":2738},{\"@type\":\"BreadcrumbList\",\"@id\":\"https:\\\/\\\/baltoil.ee\\\/toode\\\/bio-aadikas\\\/#breadcrumb\",\"itemListElement\":[{\"@type\":\"ListItem\",\"position\":1,\"name\":\"Home\",\"item\":\"https:\\\/\\\/baltoil.ee\\\/lt\\\/\"},{\"@type\":\"ListItem\",\"position\":2,\"name\":\"Tooted\",\"item\":\"https:\\\/\\\/baltoil.ee\\\/tooted\\\/\"},{\"@type\":\"ListItem\",\"position\":3,\"name\":\"Bio \u00c4\u00e4dikas\"}]},{\"@type\":\"WebSite\",\"@id\":\"https:\\\/\\\/baltoil.ee\\\/#website\",\"url\":\"https:\\\/\\\/baltoil.ee\\\/\",\"name\":\"Baltoil\",\"description\":\"\",\"publisher\":{\"@id\":\"https:\\\/\\\/baltoil.ee\\\/#organization\"},\"potentialAction\":[{\"@type\":\"SearchAction\",\"target\":{\"@type\":\"EntryPoint\",\"urlTemplate\":\"https:\\\/\\\/baltoil.ee\\\/?s={search_term_string}\"},\"query-input\":{\"@type\":\"PropertyValueSpecification\",\"valueRequired\":true,\"valueName\":\"search_term_string\"}}],\"inLanguage\":\"lt-LT\"},{\"@type\":\"Organization\",\"@id\":\"https:\\\/\\\/baltoil.ee\\\/#organization\",\"name\":\"AS Baltoil\",\"url\":\"https:\\\/\\\/baltoil.ee\\\/\",\"logo\":{\"@type\":\"ImageObject\",\"inLanguage\":\"lt-LT\",\"@id\":\"https:\\\/\\\/baltoil.ee\\\/#\\\/schema\\\/logo\\\/image\\\/\",\"url\":\"https:\\\/\\\/baltoil.ee\\\/wp-content\\\/uploads\\\/2020\\\/04\\\/baltoil_logo.svg\",\"contentUrl\":\"https:\\\/\\\/baltoil.ee\\\/wp-content\\\/uploads\\\/2020\\\/04\\\/baltoil_logo.svg\",\"width\":1,\"height\":1,\"caption\":\"AS Baltoil\"},\"image\":{\"@id\":\"https:\\\/\\\/baltoil.ee\\\/#\\\/schema\\\/logo\\\/image\\\/\"}}]}<\/script>\n<!-- \/ Yoast SEO plugin. -->","yoast_head_json":{"title":"Bio \u00c4\u00e4dikas - Euro Product - Baltoil","description":"EURO Bio-\u00e4\u00e4dikas on v\u00e4ga t\u00f5hus ja keskkonnas\u00f5bralik umbrohut\u00f5rjevahend kaetud looduslikele pindadele. EURO Bio-\u00c4\u00e4dikas ei kahjusta mulda ja p\u00f5hjavett.","robots":{"index":"index","follow":"follow","max-snippet":"max-snippet:-1","max-image-preview":"max-image-preview:large","max-video-preview":"max-video-preview:-1"},"canonical":"https:\/\/baltoil.ee\/toode\/bio-aadikas\/","og_locale":"lt_LT","og_type":"article","og_title":"Bio \u00c4\u00e4dikas - Euro Product - Baltoil","og_description":"EURO Bio-\u00e4\u00e4dikas on v\u00e4ga t\u00f5hus ja keskkonnas\u00f5bralik umbrohut\u00f5rjevahend kaetud looduslikele pindadele. EURO Bio-\u00c4\u00e4dikas ei kahjusta mulda ja p\u00f5hjavett.","og_url":"https:\/\/baltoil.ee\/toode\/bio-aadikas\/","og_site_name":"Baltoil","article_modified_time":"2025-03-13T12:10:09+00:00","og_image":[{"width":1024,"height":768,"url":"https:\/\/baltoil.ee\/wp-content\/uploads\/2020\/06\/bio-aadikas-1024x768.png","type":"image\/png"}],"twitter_card":"summary_large_image","twitter_misc":{"Est. reading time":"1 minut\u0117"},"schema":{"@context":"https:\/\/schema.org","@graph":[{"@type":"WebPage","@id":"https:\/\/baltoil.ee\/toode\/bio-aadikas\/","url":"https:\/\/baltoil.ee\/toode\/bio-aadikas\/","name":"Bio \u00c4\u00e4dikas - Euro Product - Baltoil","isPartOf":{"@id":"https:\/\/baltoil.ee\/#website"},"primaryImageOfPage":{"@id":"https:\/\/baltoil.ee\/toode\/bio-aadikas\/#primaryimage"},"image":{"@id":"https:\/\/baltoil.ee\/toode\/bio-aadikas\/#primaryimage"},"thumbnailUrl":"https:\/\/baltoil.ee\/wp-content\/uploads\/2020\/06\/bio-aadikas.png","datePublished":"2020-06-09T18:51:29+00:00","dateModified":"2025-03-13T12:10:09+00:00","description":"EURO Bio-\u00e4\u00e4dikas on v\u00e4ga t\u00f5hus ja keskkonnas\u00f5bralik umbrohut\u00f5rjevahend kaetud looduslikele pindadele. EURO Bio-\u00c4\u00e4dikas ei kahjusta mulda ja p\u00f5hjavett.","breadcrumb":{"@id":"https:\/\/baltoil.ee\/toode\/bio-aadikas\/#breadcrumb"},"inLanguage":"lt-LT","potentialAction":[{"@type":"ReadAction","target":["https:\/\/baltoil.ee\/toode\/bio-aadikas\/"]}]},{"@type":"ImageObject","inLanguage":"lt-LT","@id":"https:\/\/baltoil.ee\/toode\/bio-aadikas\/#primaryimage","url":"https:\/\/baltoil.ee\/wp-content\/uploads\/2020\/06\/bio-aadikas.png","contentUrl":"https:\/\/baltoil.ee\/wp-content\/uploads\/2020\/06\/bio-aadikas.png","width":3651,"height":2738},{"@type":"BreadcrumbList","@id":"https:\/\/baltoil.ee\/toode\/bio-aadikas\/#breadcrumb","itemListElement":[{"@type":"ListItem","position":1,"name":"Home","item":"https:\/\/baltoil.ee\/lt\/"},{"@type":"ListItem","position":2,"name":"Tooted","item":"https:\/\/baltoil.ee\/tooted\/"},{"@type":"ListItem","position":3,"name":"Bio \u00c4\u00e4dikas"}]},{"@type":"WebSite","@id":"https:\/\/baltoil.ee\/#website","url":"https:\/\/baltoil.ee\/","name":"Baltoil","description":"","publisher":{"@id":"https:\/\/baltoil.ee\/#organization"},"potentialAction":[{"@type":"SearchAction","target":{"@type":"EntryPoint","urlTemplate":"https:\/\/baltoil.ee\/?s={search_term_string}"},"query-input":{"@type":"PropertyValueSpecification","valueRequired":true,"valueName":"search_term_string"}}],"inLanguage":"lt-LT"},{"@type":"Organization","@id":"https:\/\/baltoil.ee\/#organization","name":"AS Baltoil","url":"https:\/\/baltoil.ee\/","logo":{"@type":"ImageObject","inLanguage":"lt-LT","@id":"https:\/\/baltoil.ee\/#\/schema\/logo\/image\/","url":"https:\/\/baltoil.ee\/wp-content\/uploads\/2020\/04\/baltoil_logo.svg","contentUrl":"https:\/\/baltoil.ee\/wp-content\/uploads\/2020\/04\/baltoil_logo.svg","width":1,"height":1,"caption":"AS Baltoil"},"image":{"@id":"https:\/\/baltoil.ee\/#\/schema\/logo\/image\/"}}]}},"_links":{"self":[{"href":"https:\/\/baltoil.ee\/lt\/wp-json\/wp\/v2\/product\/3789","targetHints":{"allow":["GET"]}}],"collection":[{"href":"https:\/\/baltoil.ee\/lt\/wp-json\/wp\/v2\/product"}],"about":[{"href":"https:\/\/baltoil.ee\/lt\/wp-json\/wp\/v2\/types\/product"}],"wp:featuredmedia":[{"embeddable":true,"href":"https:\/\/baltoil.ee\/lt\/wp-json\/wp\/v2\/media\/5447"}],"wp:attachment":[{"href":"https:\/\/baltoil.ee\/lt\/wp-json\/wp\/v2\/media?parent=3789"}],"wp:term":[{"taxonomy":"product_brand","embeddable":true,"href":"https:\/\/baltoil.ee\/lt\/wp-json\/wp\/v2\/product_brand?post=3789"},{"taxonomy":"product_cat","embeddable":true,"href":"https:\/\/baltoil.ee\/lt\/wp-json\/wp\/v2\/product_cat?post=3789"},{"taxonomy":"product_tag","embeddable":true,"href":"https:\/\/baltoil.ee\/lt\/wp-json\/wp\/v2\/product_tag?post=3789"}],"curies":[{"name":"wp","href":"https:\/\/api.w.org\/{rel}","templated":true}]}}