{"id":3775,"date":"2020-06-08T18:01:37","date_gmt":"2020-06-08T18:01:37","guid":{"rendered":"https:\/\/baltoil.ee\/?post_type=product&#038;p=3775"},"modified":"2021-03-29T14:59:24","modified_gmt":"2021-03-29T14:59:24","slug":"torvaoli","status":"publish","type":"product","link":"https:\/\/baltoil.ee\/lt\/toode\/torvaoli\/","title":{"rendered":"Nano T\u00f5rva\u00f5li"},"content":{"rendered":"<input class=\"fooboxshare_post_id\" type=\"hidden\" value=\"3775\"\/>","protected":false},"excerpt":{"rendered":"<p><span class=\"JsGRdQ\">Nano T\u00f5rva\u00f5li on uus spetsiaalne puidukaitse toode, mis sisaldab sf\u00e4\u00e4rilisi r\u00e4nidioksiidi nanoosakesi.<\/span><\/p>\n<ul>\n<li><span class=\"JsGRdQ\">Toode on h\u00e4sti imenduv ning j\u00e4tab tasase ja puitpinna loomulikust esile t\u00f5stva l\u00f5ppviimistluse.<\/span><\/li>\n<li><span class=\"JsGRdQ\">Nanoosakesed annavad vastupidavust pinna kulumise vastu<\/span><\/li>\n<li><span class=\"JsGRdQ\">Spetsiaalsed lisandid annavad \u00f5lile kriimustuskindluse, UV kaitse ning vee h\u00fclgavuse<\/span><\/li>\n<li><span class=\"JsGRdQ\">K\u00fcllastab puidu poorid<\/span><\/li>\n<\/ul>\n","protected":false},"featured_media":4348,"template":"","meta":{"_acf_changed":false},"product_brand":[],"product_cat":[141,142,86,39],"product_tag":[208],"class_list":{"0":"post-3775","1":"product","2":"type-product","3":"status-publish","4":"has-post-thumbnail","6":"product_cat-koik-tooted-kodukeemia","7":"product_cat-koik-tooted-mets-ja-aed","8":"product_cat-muud-kodukeemia","9":"product_cat-olid","10":"product_tag-torvaoli","12":"first","13":"instock","14":"shipping-taxable","15":"product-type-simple"},"acf":[],"yoast_head":"<!-- This site is optimized with the Yoast SEO plugin v27.3 - https:\/\/yoast.com\/product\/yoast-seo-wordpress\/ -->\n<title>Nano T\u00f5rva\u00f5li - Baltoil<\/title>\n<meta name=\"description\" content=\"Nano T\u00f5rva\u00f5li on uus spetsiaalne puidukaitse toode, mis sisaldab sf\u00e4\u00e4rilisi r\u00e4nidioksiidi nanoosakesi.\" \/>\n<meta name=\"robots\" content=\"index, follow, max-snippet:-1, max-image-preview:large, max-video-preview:-1\" \/>\n<link rel=\"canonical\" href=\"https:\/\/baltoil.ee\/toode\/torvaoli\/\" \/>\n<meta property=\"og:locale\" content=\"lt_LT\" \/>\n<meta property=\"og:type\" content=\"article\" \/>\n<meta property=\"og:title\" content=\"Nano T\u00f5rva\u00f5li - Baltoil\" \/>\n<meta property=\"og:description\" content=\"Nano T\u00f5rva\u00f5li on uus spetsiaalne puidukaitse toode, mis sisaldab sf\u00e4\u00e4rilisi r\u00e4nidioksiidi nanoosakesi.\" \/>\n<meta property=\"og:url\" content=\"https:\/\/baltoil.ee\/toode\/torvaoli\/\" \/>\n<meta property=\"og:site_name\" content=\"Baltoil\" \/>\n<meta property=\"article:modified_time\" content=\"2021-03-29T14:59:24+00:00\" \/>\n<meta property=\"og:image\" content=\"https:\/\/baltoil.ee\/wp-content\/uploads\/2020\/06\/torvaoli-purk-vaike.png\" \/>\n\t<meta property=\"og:image:width\" content=\"607\" \/>\n\t<meta property=\"og:image:height\" content=\"1000\" \/>\n\t<meta property=\"og:image:type\" content=\"image\/png\" \/>\n<meta name=\"twitter:card\" content=\"summary_large_image\" \/>\n<script type=\"application\/ld+json\" class=\"yoast-schema-graph\">{\"@context\":\"https:\\\/\\\/schema.org\",\"@graph\":[{\"@type\":\"WebPage\",\"@id\":\"https:\\\/\\\/baltoil.ee\\\/toode\\\/torvaoli\\\/\",\"url\":\"https:\\\/\\\/baltoil.ee\\\/toode\\\/torvaoli\\\/\",\"name\":\"Nano T\u00f5rva\u00f5li - Baltoil\",\"isPartOf\":{\"@id\":\"https:\\\/\\\/baltoil.ee\\\/#website\"},\"primaryImageOfPage\":{\"@id\":\"https:\\\/\\\/baltoil.ee\\\/toode\\\/torvaoli\\\/#primaryimage\"},\"image\":{\"@id\":\"https:\\\/\\\/baltoil.ee\\\/toode\\\/torvaoli\\\/#primaryimage\"},\"thumbnailUrl\":\"https:\\\/\\\/baltoil.ee\\\/wp-content\\\/uploads\\\/2020\\\/06\\\/torvaoli-purk-vaike.png\",\"datePublished\":\"2020-06-08T18:01:37+00:00\",\"dateModified\":\"2021-03-29T14:59:24+00:00\",\"description\":\"Nano T\u00f5rva\u00f5li on uus spetsiaalne puidukaitse toode, mis sisaldab sf\u00e4\u00e4rilisi r\u00e4nidioksiidi nanoosakesi.\",\"breadcrumb\":{\"@id\":\"https:\\\/\\\/baltoil.ee\\\/toode\\\/torvaoli\\\/#breadcrumb\"},\"inLanguage\":\"lt-LT\",\"potentialAction\":[{\"@type\":\"ReadAction\",\"target\":[\"https:\\\/\\\/baltoil.ee\\\/toode\\\/torvaoli\\\/\"]}]},{\"@type\":\"ImageObject\",\"inLanguage\":\"lt-LT\",\"@id\":\"https:\\\/\\\/baltoil.ee\\\/toode\\\/torvaoli\\\/#primaryimage\",\"url\":\"https:\\\/\\\/baltoil.ee\\\/wp-content\\\/uploads\\\/2020\\\/06\\\/torvaoli-purk-vaike.png\",\"contentUrl\":\"https:\\\/\\\/baltoil.ee\\\/wp-content\\\/uploads\\\/2020\\\/06\\\/torvaoli-purk-vaike.png\",\"width\":607,\"height\":1000},{\"@type\":\"BreadcrumbList\",\"@id\":\"https:\\\/\\\/baltoil.ee\\\/toode\\\/torvaoli\\\/#breadcrumb\",\"itemListElement\":[{\"@type\":\"ListItem\",\"position\":1,\"name\":\"Home\",\"item\":\"https:\\\/\\\/baltoil.ee\\\/lt\\\/\"},{\"@type\":\"ListItem\",\"position\":2,\"name\":\"Tooted\",\"item\":\"https:\\\/\\\/baltoil.ee\\\/tooted\\\/\"},{\"@type\":\"ListItem\",\"position\":3,\"name\":\"Nano T\u00f5rva\u00f5li\"}]},{\"@type\":\"WebSite\",\"@id\":\"https:\\\/\\\/baltoil.ee\\\/#website\",\"url\":\"https:\\\/\\\/baltoil.ee\\\/\",\"name\":\"Baltoil\",\"description\":\"\",\"publisher\":{\"@id\":\"https:\\\/\\\/baltoil.ee\\\/#organization\"},\"potentialAction\":[{\"@type\":\"SearchAction\",\"target\":{\"@type\":\"EntryPoint\",\"urlTemplate\":\"https:\\\/\\\/baltoil.ee\\\/?s={search_term_string}\"},\"query-input\":{\"@type\":\"PropertyValueSpecification\",\"valueRequired\":true,\"valueName\":\"search_term_string\"}}],\"inLanguage\":\"lt-LT\"},{\"@type\":\"Organization\",\"@id\":\"https:\\\/\\\/baltoil.ee\\\/#organization\",\"name\":\"AS Baltoil\",\"url\":\"https:\\\/\\\/baltoil.ee\\\/\",\"logo\":{\"@type\":\"ImageObject\",\"inLanguage\":\"lt-LT\",\"@id\":\"https:\\\/\\\/baltoil.ee\\\/#\\\/schema\\\/logo\\\/image\\\/\",\"url\":\"https:\\\/\\\/baltoil.ee\\\/wp-content\\\/uploads\\\/2020\\\/04\\\/baltoil_logo.svg\",\"contentUrl\":\"https:\\\/\\\/baltoil.ee\\\/wp-content\\\/uploads\\\/2020\\\/04\\\/baltoil_logo.svg\",\"width\":1,\"height\":1,\"caption\":\"AS Baltoil\"},\"image\":{\"@id\":\"https:\\\/\\\/baltoil.ee\\\/#\\\/schema\\\/logo\\\/image\\\/\"}}]}<\/script>\n<!-- \/ Yoast SEO plugin. -->","yoast_head_json":{"title":"Nano T\u00f5rva\u00f5li - Baltoil","description":"Nano T\u00f5rva\u00f5li on uus spetsiaalne puidukaitse toode, mis sisaldab sf\u00e4\u00e4rilisi r\u00e4nidioksiidi nanoosakesi.","robots":{"index":"index","follow":"follow","max-snippet":"max-snippet:-1","max-image-preview":"max-image-preview:large","max-video-preview":"max-video-preview:-1"},"canonical":"https:\/\/baltoil.ee\/toode\/torvaoli\/","og_locale":"lt_LT","og_type":"article","og_title":"Nano T\u00f5rva\u00f5li - Baltoil","og_description":"Nano T\u00f5rva\u00f5li on uus spetsiaalne puidukaitse toode, mis sisaldab sf\u00e4\u00e4rilisi r\u00e4nidioksiidi nanoosakesi.","og_url":"https:\/\/baltoil.ee\/toode\/torvaoli\/","og_site_name":"Baltoil","article_modified_time":"2021-03-29T14:59:24+00:00","og_image":[{"width":607,"height":1000,"url":"https:\/\/baltoil.ee\/wp-content\/uploads\/2020\/06\/torvaoli-purk-vaike.png","type":"image\/png"}],"twitter_card":"summary_large_image","schema":{"@context":"https:\/\/schema.org","@graph":[{"@type":"WebPage","@id":"https:\/\/baltoil.ee\/toode\/torvaoli\/","url":"https:\/\/baltoil.ee\/toode\/torvaoli\/","name":"Nano T\u00f5rva\u00f5li - Baltoil","isPartOf":{"@id":"https:\/\/baltoil.ee\/#website"},"primaryImageOfPage":{"@id":"https:\/\/baltoil.ee\/toode\/torvaoli\/#primaryimage"},"image":{"@id":"https:\/\/baltoil.ee\/toode\/torvaoli\/#primaryimage"},"thumbnailUrl":"https:\/\/baltoil.ee\/wp-content\/uploads\/2020\/06\/torvaoli-purk-vaike.png","datePublished":"2020-06-08T18:01:37+00:00","dateModified":"2021-03-29T14:59:24+00:00","description":"Nano T\u00f5rva\u00f5li on uus spetsiaalne puidukaitse toode, mis sisaldab sf\u00e4\u00e4rilisi r\u00e4nidioksiidi nanoosakesi.","breadcrumb":{"@id":"https:\/\/baltoil.ee\/toode\/torvaoli\/#breadcrumb"},"inLanguage":"lt-LT","potentialAction":[{"@type":"ReadAction","target":["https:\/\/baltoil.ee\/toode\/torvaoli\/"]}]},{"@type":"ImageObject","inLanguage":"lt-LT","@id":"https:\/\/baltoil.ee\/toode\/torvaoli\/#primaryimage","url":"https:\/\/baltoil.ee\/wp-content\/uploads\/2020\/06\/torvaoli-purk-vaike.png","contentUrl":"https:\/\/baltoil.ee\/wp-content\/uploads\/2020\/06\/torvaoli-purk-vaike.png","width":607,"height":1000},{"@type":"BreadcrumbList","@id":"https:\/\/baltoil.ee\/toode\/torvaoli\/#breadcrumb","itemListElement":[{"@type":"ListItem","position":1,"name":"Home","item":"https:\/\/baltoil.ee\/lt\/"},{"@type":"ListItem","position":2,"name":"Tooted","item":"https:\/\/baltoil.ee\/tooted\/"},{"@type":"ListItem","position":3,"name":"Nano T\u00f5rva\u00f5li"}]},{"@type":"WebSite","@id":"https:\/\/baltoil.ee\/#website","url":"https:\/\/baltoil.ee\/","name":"Baltoil","description":"","publisher":{"@id":"https:\/\/baltoil.ee\/#organization"},"potentialAction":[{"@type":"SearchAction","target":{"@type":"EntryPoint","urlTemplate":"https:\/\/baltoil.ee\/?s={search_term_string}"},"query-input":{"@type":"PropertyValueSpecification","valueRequired":true,"valueName":"search_term_string"}}],"inLanguage":"lt-LT"},{"@type":"Organization","@id":"https:\/\/baltoil.ee\/#organization","name":"AS Baltoil","url":"https:\/\/baltoil.ee\/","logo":{"@type":"ImageObject","inLanguage":"lt-LT","@id":"https:\/\/baltoil.ee\/#\/schema\/logo\/image\/","url":"https:\/\/baltoil.ee\/wp-content\/uploads\/2020\/04\/baltoil_logo.svg","contentUrl":"https:\/\/baltoil.ee\/wp-content\/uploads\/2020\/04\/baltoil_logo.svg","width":1,"height":1,"caption":"AS Baltoil"},"image":{"@id":"https:\/\/baltoil.ee\/#\/schema\/logo\/image\/"}}]}},"_links":{"self":[{"href":"https:\/\/baltoil.ee\/lt\/wp-json\/wp\/v2\/product\/3775","targetHints":{"allow":["GET"]}}],"collection":[{"href":"https:\/\/baltoil.ee\/lt\/wp-json\/wp\/v2\/product"}],"about":[{"href":"https:\/\/baltoil.ee\/lt\/wp-json\/wp\/v2\/types\/product"}],"wp:featuredmedia":[{"embeddable":true,"href":"https:\/\/baltoil.ee\/lt\/wp-json\/wp\/v2\/media\/4348"}],"wp:attachment":[{"href":"https:\/\/baltoil.ee\/lt\/wp-json\/wp\/v2\/media?parent=3775"}],"wp:term":[{"taxonomy":"product_brand","embeddable":true,"href":"https:\/\/baltoil.ee\/lt\/wp-json\/wp\/v2\/product_brand?post=3775"},{"taxonomy":"product_cat","embeddable":true,"href":"https:\/\/baltoil.ee\/lt\/wp-json\/wp\/v2\/product_cat?post=3775"},{"taxonomy":"product_tag","embeddable":true,"href":"https:\/\/baltoil.ee\/lt\/wp-json\/wp\/v2\/product_tag?post=3775"}],"curies":[{"name":"wp","href":"https:\/\/api.w.org\/{rel}","templated":true}]}}