{"id":3104,"date":"2020-02-26T10:49:28","date_gmt":"2020-02-26T10:49:28","guid":{"rendered":"https:\/\/baltoil.ee\/?post_type=product&#038;p=3104"},"modified":"2020-07-09T11:16:48","modified_gmt":"2020-07-09T11:16:48","slug":"grasshopper-paikesevari","status":"publish","type":"product","link":"https:\/\/baltoil.ee\/lt\/toode\/grasshopper-paikesevari\/","title":{"rendered":"P\u00e4ikesevari"},"content":{"rendered":"<input class=\"fooboxshare_post_id\" type=\"hidden\" value=\"3104\"\/>","protected":false},"excerpt":{"rendered":"<p>Grasshopper niidukite lisavarustuses on ROPS turvakaarele kinnitatav p\u00e4ikesevari. Mudeleid on kaks: alumiiniumist ja vin\u00fc\u00fclist.<\/p>\n<p>\u00dchilduvus:<\/p>\n<p><a href=\"https:\/\/baltoil.ee\/toode\/grasshopper-niiduk-226v\/\">226V<\/a>, <a href=\"https:\/\/baltoil.ee\/toode\/grasshopper-niiduk-325d\/\">325D<\/a>, <a href=\"https:\/\/baltoil.ee\/toode\/grasshopper-niiduk-400d\/\">400D<\/a>, <a href=\"https:\/\/baltoil.ee\/toode\/grasshopper-niiduk-525v\/\">526V<\/a>, <a href=\"https:\/\/baltoil.ee\/toode\/grasshopper-niiduk-725dt\/\">725DT<\/a> ja <a href=\"https:\/\/baltoil.ee\/toode\/grasshopper-niiduk-900d\/\">900D<\/a><\/p>\n","protected":false},"featured_media":3120,"template":"","meta":{"_acf_changed":false},"product_brand":[],"product_cat":[60],"product_tag":[130,147],"class_list":{"0":"post-3104","1":"product","2":"type-product","3":"status-publish","4":"has-post-thumbnail","6":"product_cat-grasshopper-lisavarustus","7":"product_tag-grasshopper","8":"product_tag-lisavarustus","10":"first","11":"instock","12":"shipping-taxable","13":"product-type-simple"},"acf":[],"yoast_head":"<!-- This site is optimized with the Yoast SEO plugin v27.3 - https:\/\/yoast.com\/product\/yoast-seo-wordpress\/ -->\n<title>P\u00e4ikesevari - Grasshopper niidukite lisavarustus - Baltoil<\/title>\n<meta name=\"description\" content=\"Grasshopper niidukite lisavarustuses on ROPS turvakaarele kinnitatav p\u00e4ikesevari. Mudeleid on kaks: alumiiniumist ja vin\u00fc\u00fclist.\" \/>\n<meta name=\"robots\" content=\"index, follow, max-snippet:-1, max-image-preview:large, max-video-preview:-1\" \/>\n<link rel=\"canonical\" href=\"https:\/\/baltoil.ee\/toode\/grasshopper-paikesevari\/\" \/>\n<meta property=\"og:locale\" content=\"lt_LT\" \/>\n<meta property=\"og:type\" content=\"article\" \/>\n<meta property=\"og:title\" content=\"P\u00e4ikesevari - Grasshopper niidukite lisavarustus - Baltoil\" \/>\n<meta property=\"og:description\" content=\"Grasshopper niidukite lisavarustuses on ROPS turvakaarele kinnitatav p\u00e4ikesevari. Mudeleid on kaks: alumiiniumist ja vin\u00fc\u00fclist.\" \/>\n<meta property=\"og:url\" content=\"https:\/\/baltoil.ee\/toode\/grasshopper-paikesevari\/\" \/>\n<meta property=\"og:site_name\" content=\"Baltoil\" \/>\n<meta property=\"article:modified_time\" content=\"2020-07-09T11:16:48+00:00\" \/>\n<meta property=\"og:image\" content=\"https:\/\/baltoil.ee\/wp-content\/uploads\/2020\/02\/paikesevari-1.jpg\" \/>\n\t<meta property=\"og:image:width\" content=\"800\" \/>\n\t<meta property=\"og:image:height\" content=\"796\" \/>\n\t<meta property=\"og:image:type\" content=\"image\/jpeg\" \/>\n<meta name=\"twitter:card\" content=\"summary_large_image\" \/>\n<script type=\"application\/ld+json\" class=\"yoast-schema-graph\">{\"@context\":\"https:\\\/\\\/schema.org\",\"@graph\":[{\"@type\":\"WebPage\",\"@id\":\"https:\\\/\\\/baltoil.ee\\\/toode\\\/grasshopper-paikesevari\\\/\",\"url\":\"https:\\\/\\\/baltoil.ee\\\/toode\\\/grasshopper-paikesevari\\\/\",\"name\":\"P\u00e4ikesevari - Grasshopper niidukite lisavarustus - Baltoil\",\"isPartOf\":{\"@id\":\"https:\\\/\\\/baltoil.ee\\\/#website\"},\"primaryImageOfPage\":{\"@id\":\"https:\\\/\\\/baltoil.ee\\\/toode\\\/grasshopper-paikesevari\\\/#primaryimage\"},\"image\":{\"@id\":\"https:\\\/\\\/baltoil.ee\\\/toode\\\/grasshopper-paikesevari\\\/#primaryimage\"},\"thumbnailUrl\":\"https:\\\/\\\/baltoil.ee\\\/wp-content\\\/uploads\\\/2020\\\/02\\\/paikesevari-1.jpg\",\"datePublished\":\"2020-02-26T10:49:28+00:00\",\"dateModified\":\"2020-07-09T11:16:48+00:00\",\"description\":\"Grasshopper niidukite lisavarustuses on ROPS turvakaarele kinnitatav p\u00e4ikesevari. Mudeleid on kaks: alumiiniumist ja vin\u00fc\u00fclist.\",\"breadcrumb\":{\"@id\":\"https:\\\/\\\/baltoil.ee\\\/toode\\\/grasshopper-paikesevari\\\/#breadcrumb\"},\"inLanguage\":\"lt-LT\",\"potentialAction\":[{\"@type\":\"ReadAction\",\"target\":[\"https:\\\/\\\/baltoil.ee\\\/toode\\\/grasshopper-paikesevari\\\/\"]}]},{\"@type\":\"ImageObject\",\"inLanguage\":\"lt-LT\",\"@id\":\"https:\\\/\\\/baltoil.ee\\\/toode\\\/grasshopper-paikesevari\\\/#primaryimage\",\"url\":\"https:\\\/\\\/baltoil.ee\\\/wp-content\\\/uploads\\\/2020\\\/02\\\/paikesevari-1.jpg\",\"contentUrl\":\"https:\\\/\\\/baltoil.ee\\\/wp-content\\\/uploads\\\/2020\\\/02\\\/paikesevari-1.jpg\",\"width\":800,\"height\":796},{\"@type\":\"BreadcrumbList\",\"@id\":\"https:\\\/\\\/baltoil.ee\\\/toode\\\/grasshopper-paikesevari\\\/#breadcrumb\",\"itemListElement\":[{\"@type\":\"ListItem\",\"position\":1,\"name\":\"Home\",\"item\":\"https:\\\/\\\/baltoil.ee\\\/lt\\\/\"},{\"@type\":\"ListItem\",\"position\":2,\"name\":\"Tooted\",\"item\":\"https:\\\/\\\/baltoil.ee\\\/tooted\\\/\"},{\"@type\":\"ListItem\",\"position\":3,\"name\":\"P\u00e4ikesevari\"}]},{\"@type\":\"WebSite\",\"@id\":\"https:\\\/\\\/baltoil.ee\\\/#website\",\"url\":\"https:\\\/\\\/baltoil.ee\\\/\",\"name\":\"Baltoil\",\"description\":\"\",\"publisher\":{\"@id\":\"https:\\\/\\\/baltoil.ee\\\/#organization\"},\"potentialAction\":[{\"@type\":\"SearchAction\",\"target\":{\"@type\":\"EntryPoint\",\"urlTemplate\":\"https:\\\/\\\/baltoil.ee\\\/?s={search_term_string}\"},\"query-input\":{\"@type\":\"PropertyValueSpecification\",\"valueRequired\":true,\"valueName\":\"search_term_string\"}}],\"inLanguage\":\"lt-LT\"},{\"@type\":\"Organization\",\"@id\":\"https:\\\/\\\/baltoil.ee\\\/#organization\",\"name\":\"AS Baltoil\",\"url\":\"https:\\\/\\\/baltoil.ee\\\/\",\"logo\":{\"@type\":\"ImageObject\",\"inLanguage\":\"lt-LT\",\"@id\":\"https:\\\/\\\/baltoil.ee\\\/#\\\/schema\\\/logo\\\/image\\\/\",\"url\":\"https:\\\/\\\/baltoil.ee\\\/wp-content\\\/uploads\\\/2020\\\/04\\\/baltoil_logo.svg\",\"contentUrl\":\"https:\\\/\\\/baltoil.ee\\\/wp-content\\\/uploads\\\/2020\\\/04\\\/baltoil_logo.svg\",\"width\":1,\"height\":1,\"caption\":\"AS Baltoil\"},\"image\":{\"@id\":\"https:\\\/\\\/baltoil.ee\\\/#\\\/schema\\\/logo\\\/image\\\/\"}}]}<\/script>\n<!-- \/ Yoast SEO plugin. -->","yoast_head_json":{"title":"P\u00e4ikesevari - Grasshopper niidukite lisavarustus - Baltoil","description":"Grasshopper niidukite lisavarustuses on ROPS turvakaarele kinnitatav p\u00e4ikesevari. Mudeleid on kaks: alumiiniumist ja vin\u00fc\u00fclist.","robots":{"index":"index","follow":"follow","max-snippet":"max-snippet:-1","max-image-preview":"max-image-preview:large","max-video-preview":"max-video-preview:-1"},"canonical":"https:\/\/baltoil.ee\/toode\/grasshopper-paikesevari\/","og_locale":"lt_LT","og_type":"article","og_title":"P\u00e4ikesevari - Grasshopper niidukite lisavarustus - Baltoil","og_description":"Grasshopper niidukite lisavarustuses on ROPS turvakaarele kinnitatav p\u00e4ikesevari. Mudeleid on kaks: alumiiniumist ja vin\u00fc\u00fclist.","og_url":"https:\/\/baltoil.ee\/toode\/grasshopper-paikesevari\/","og_site_name":"Baltoil","article_modified_time":"2020-07-09T11:16:48+00:00","og_image":[{"width":800,"height":796,"url":"https:\/\/baltoil.ee\/wp-content\/uploads\/2020\/02\/paikesevari-1.jpg","type":"image\/jpeg"}],"twitter_card":"summary_large_image","schema":{"@context":"https:\/\/schema.org","@graph":[{"@type":"WebPage","@id":"https:\/\/baltoil.ee\/toode\/grasshopper-paikesevari\/","url":"https:\/\/baltoil.ee\/toode\/grasshopper-paikesevari\/","name":"P\u00e4ikesevari - Grasshopper niidukite lisavarustus - Baltoil","isPartOf":{"@id":"https:\/\/baltoil.ee\/#website"},"primaryImageOfPage":{"@id":"https:\/\/baltoil.ee\/toode\/grasshopper-paikesevari\/#primaryimage"},"image":{"@id":"https:\/\/baltoil.ee\/toode\/grasshopper-paikesevari\/#primaryimage"},"thumbnailUrl":"https:\/\/baltoil.ee\/wp-content\/uploads\/2020\/02\/paikesevari-1.jpg","datePublished":"2020-02-26T10:49:28+00:00","dateModified":"2020-07-09T11:16:48+00:00","description":"Grasshopper niidukite lisavarustuses on ROPS turvakaarele kinnitatav p\u00e4ikesevari. Mudeleid on kaks: alumiiniumist ja vin\u00fc\u00fclist.","breadcrumb":{"@id":"https:\/\/baltoil.ee\/toode\/grasshopper-paikesevari\/#breadcrumb"},"inLanguage":"lt-LT","potentialAction":[{"@type":"ReadAction","target":["https:\/\/baltoil.ee\/toode\/grasshopper-paikesevari\/"]}]},{"@type":"ImageObject","inLanguage":"lt-LT","@id":"https:\/\/baltoil.ee\/toode\/grasshopper-paikesevari\/#primaryimage","url":"https:\/\/baltoil.ee\/wp-content\/uploads\/2020\/02\/paikesevari-1.jpg","contentUrl":"https:\/\/baltoil.ee\/wp-content\/uploads\/2020\/02\/paikesevari-1.jpg","width":800,"height":796},{"@type":"BreadcrumbList","@id":"https:\/\/baltoil.ee\/toode\/grasshopper-paikesevari\/#breadcrumb","itemListElement":[{"@type":"ListItem","position":1,"name":"Home","item":"https:\/\/baltoil.ee\/lt\/"},{"@type":"ListItem","position":2,"name":"Tooted","item":"https:\/\/baltoil.ee\/tooted\/"},{"@type":"ListItem","position":3,"name":"P\u00e4ikesevari"}]},{"@type":"WebSite","@id":"https:\/\/baltoil.ee\/#website","url":"https:\/\/baltoil.ee\/","name":"Baltoil","description":"","publisher":{"@id":"https:\/\/baltoil.ee\/#organization"},"potentialAction":[{"@type":"SearchAction","target":{"@type":"EntryPoint","urlTemplate":"https:\/\/baltoil.ee\/?s={search_term_string}"},"query-input":{"@type":"PropertyValueSpecification","valueRequired":true,"valueName":"search_term_string"}}],"inLanguage":"lt-LT"},{"@type":"Organization","@id":"https:\/\/baltoil.ee\/#organization","name":"AS Baltoil","url":"https:\/\/baltoil.ee\/","logo":{"@type":"ImageObject","inLanguage":"lt-LT","@id":"https:\/\/baltoil.ee\/#\/schema\/logo\/image\/","url":"https:\/\/baltoil.ee\/wp-content\/uploads\/2020\/04\/baltoil_logo.svg","contentUrl":"https:\/\/baltoil.ee\/wp-content\/uploads\/2020\/04\/baltoil_logo.svg","width":1,"height":1,"caption":"AS Baltoil"},"image":{"@id":"https:\/\/baltoil.ee\/#\/schema\/logo\/image\/"}}]}},"_links":{"self":[{"href":"https:\/\/baltoil.ee\/lt\/wp-json\/wp\/v2\/product\/3104","targetHints":{"allow":["GET"]}}],"collection":[{"href":"https:\/\/baltoil.ee\/lt\/wp-json\/wp\/v2\/product"}],"about":[{"href":"https:\/\/baltoil.ee\/lt\/wp-json\/wp\/v2\/types\/product"}],"wp:featuredmedia":[{"embeddable":true,"href":"https:\/\/baltoil.ee\/lt\/wp-json\/wp\/v2\/media\/3120"}],"wp:attachment":[{"href":"https:\/\/baltoil.ee\/lt\/wp-json\/wp\/v2\/media?parent=3104"}],"wp:term":[{"taxonomy":"product_brand","embeddable":true,"href":"https:\/\/baltoil.ee\/lt\/wp-json\/wp\/v2\/product_brand?post=3104"},{"taxonomy":"product_cat","embeddable":true,"href":"https:\/\/baltoil.ee\/lt\/wp-json\/wp\/v2\/product_cat?post=3104"},{"taxonomy":"product_tag","embeddable":true,"href":"https:\/\/baltoil.ee\/lt\/wp-json\/wp\/v2\/product_tag?post=3104"}],"curies":[{"name":"wp","href":"https:\/\/api.w.org\/{rel}","templated":true}]}}