{"id":3080,"date":"2020-02-26T10:27:46","date_gmt":"2020-02-26T10:27:46","guid":{"rendered":"https:\/\/baltoil.ee\/?post_type=product&#038;p=3080"},"modified":"2020-07-09T11:06:31","modified_gmt":"2020-07-09T11:06:31","slug":"grassmax","status":"publish","type":"product","link":"https:\/\/baltoil.ee\/lt\/toode\/grassmax\/","title":{"rendered":"GrassMax\u2122 terad"},"content":{"rendered":"<input class=\"fooboxshare_post_id\" type=\"hidden\" value=\"3080\"\/>","protected":false},"excerpt":{"rendered":"<p>GrassMax\u2122 terade valik <a href=\"https:\/\/baltoil.ee\/kategooria\/profgarden\/grasshopper\/\">Grasshopper nullp\u00f6\u00f6rderaadiusega niidukitele<\/a>.<\/p>\n<p>Selleks, et saada niidukist maksimaalne kasu on erinevate kasutuskohtade ja tingimuste jaoks erinevate profiilidega terad. Kuiv v\u00f5i m\u00e4rg ilm; pikk v\u00f5i l\u00fchike muru; koguja kasutus; k\u00fclg-, tahav\u00e4ljavise v\u00f5i mult\u0161er.<\/p>\n<p>Lisainformatsioon m\u00fc\u00fcgiesindajalt.<\/p>\n<p><a href=\"https:\/\/www.grasshoppermower.com\/quality-cut\/\" target=\"_blank\" rel=\"noopener noreferrer\">Tootja koduleht<\/a><\/p>\n[embed]https:\/\/player.vimeo.com\/video\/231141000[\/embed]\n","protected":false},"featured_media":3082,"template":"","meta":{"_acf_changed":false},"product_brand":[],"product_cat":[60],"product_tag":[130,147],"class_list":{"0":"post-3080","1":"product","2":"type-product","3":"status-publish","4":"has-post-thumbnail","6":"product_cat-grasshopper-lisavarustus","7":"product_tag-grasshopper","8":"product_tag-lisavarustus","10":"first","11":"instock","12":"shipping-taxable","13":"product-type-simple"},"acf":[],"yoast_head":"<!-- This site is optimized with the Yoast SEO plugin v27.3 - https:\/\/yoast.com\/product\/yoast-seo-wordpress\/ -->\n<title>GrassMax\u2122 terad Grasshopper niidukitele - Baltoil<\/title>\n<meta name=\"description\" content=\"GrassMax\u2122 terade valik Grasshopper nullp\u00f6\u00f6rderaadiusega niidukitele. Erinevate kasutuskohtade ja tingimuste jaoks on erinevate profiilidega terad.\" \/>\n<meta name=\"robots\" content=\"index, follow, max-snippet:-1, max-image-preview:large, max-video-preview:-1\" \/>\n<link rel=\"canonical\" href=\"https:\/\/baltoil.ee\/toode\/grassmax\/\" \/>\n<meta property=\"og:locale\" content=\"lt_LT\" \/>\n<meta property=\"og:type\" content=\"article\" \/>\n<meta property=\"og:title\" content=\"GrassMax\u2122 terad Grasshopper niidukitele - Baltoil\" \/>\n<meta property=\"og:description\" content=\"GrassMax\u2122 terade valik Grasshopper nullp\u00f6\u00f6rderaadiusega niidukitele. Erinevate kasutuskohtade ja tingimuste jaoks on erinevate profiilidega terad.\" \/>\n<meta property=\"og:url\" content=\"https:\/\/baltoil.ee\/toode\/grassmax\/\" \/>\n<meta property=\"og:site_name\" content=\"Baltoil\" \/>\n<meta property=\"article:modified_time\" content=\"2020-07-09T11:06:31+00:00\" \/>\n<meta property=\"og:image\" content=\"https:\/\/baltoil.ee\/wp-content\/uploads\/2020\/02\/grassmax_blades_system_516.jpg\" \/>\n\t<meta property=\"og:image:width\" content=\"800\" \/>\n\t<meta property=\"og:image:height\" content=\"565\" \/>\n\t<meta property=\"og:image:type\" content=\"image\/jpeg\" \/>\n<meta name=\"twitter:card\" content=\"summary_large_image\" \/>\n<script type=\"application\/ld+json\" class=\"yoast-schema-graph\">{\"@context\":\"https:\\\/\\\/schema.org\",\"@graph\":[{\"@type\":\"WebPage\",\"@id\":\"https:\\\/\\\/baltoil.ee\\\/toode\\\/grassmax\\\/\",\"url\":\"https:\\\/\\\/baltoil.ee\\\/toode\\\/grassmax\\\/\",\"name\":\"GrassMax\u2122 terad Grasshopper niidukitele - Baltoil\",\"isPartOf\":{\"@id\":\"https:\\\/\\\/baltoil.ee\\\/#website\"},\"primaryImageOfPage\":{\"@id\":\"https:\\\/\\\/baltoil.ee\\\/toode\\\/grassmax\\\/#primaryimage\"},\"image\":{\"@id\":\"https:\\\/\\\/baltoil.ee\\\/toode\\\/grassmax\\\/#primaryimage\"},\"thumbnailUrl\":\"https:\\\/\\\/baltoil.ee\\\/wp-content\\\/uploads\\\/2020\\\/02\\\/grassmax_blades_system_516.jpg\",\"datePublished\":\"2020-02-26T10:27:46+00:00\",\"dateModified\":\"2020-07-09T11:06:31+00:00\",\"description\":\"GrassMax\u2122 terade valik Grasshopper nullp\u00f6\u00f6rderaadiusega niidukitele. Erinevate kasutuskohtade ja tingimuste jaoks on erinevate profiilidega terad.\",\"breadcrumb\":{\"@id\":\"https:\\\/\\\/baltoil.ee\\\/toode\\\/grassmax\\\/#breadcrumb\"},\"inLanguage\":\"lt-LT\",\"potentialAction\":[{\"@type\":\"ReadAction\",\"target\":[\"https:\\\/\\\/baltoil.ee\\\/toode\\\/grassmax\\\/\"]}]},{\"@type\":\"ImageObject\",\"inLanguage\":\"lt-LT\",\"@id\":\"https:\\\/\\\/baltoil.ee\\\/toode\\\/grassmax\\\/#primaryimage\",\"url\":\"https:\\\/\\\/baltoil.ee\\\/wp-content\\\/uploads\\\/2020\\\/02\\\/grassmax_blades_system_516.jpg\",\"contentUrl\":\"https:\\\/\\\/baltoil.ee\\\/wp-content\\\/uploads\\\/2020\\\/02\\\/grassmax_blades_system_516.jpg\",\"width\":800,\"height\":565},{\"@type\":\"BreadcrumbList\",\"@id\":\"https:\\\/\\\/baltoil.ee\\\/toode\\\/grassmax\\\/#breadcrumb\",\"itemListElement\":[{\"@type\":\"ListItem\",\"position\":1,\"name\":\"Home\",\"item\":\"https:\\\/\\\/baltoil.ee\\\/lt\\\/\"},{\"@type\":\"ListItem\",\"position\":2,\"name\":\"Tooted\",\"item\":\"https:\\\/\\\/baltoil.ee\\\/tooted\\\/\"},{\"@type\":\"ListItem\",\"position\":3,\"name\":\"GrassMax\u2122 terad\"}]},{\"@type\":\"WebSite\",\"@id\":\"https:\\\/\\\/baltoil.ee\\\/#website\",\"url\":\"https:\\\/\\\/baltoil.ee\\\/\",\"name\":\"Baltoil\",\"description\":\"\",\"publisher\":{\"@id\":\"https:\\\/\\\/baltoil.ee\\\/#organization\"},\"potentialAction\":[{\"@type\":\"SearchAction\",\"target\":{\"@type\":\"EntryPoint\",\"urlTemplate\":\"https:\\\/\\\/baltoil.ee\\\/?s={search_term_string}\"},\"query-input\":{\"@type\":\"PropertyValueSpecification\",\"valueRequired\":true,\"valueName\":\"search_term_string\"}}],\"inLanguage\":\"lt-LT\"},{\"@type\":\"Organization\",\"@id\":\"https:\\\/\\\/baltoil.ee\\\/#organization\",\"name\":\"AS Baltoil\",\"url\":\"https:\\\/\\\/baltoil.ee\\\/\",\"logo\":{\"@type\":\"ImageObject\",\"inLanguage\":\"lt-LT\",\"@id\":\"https:\\\/\\\/baltoil.ee\\\/#\\\/schema\\\/logo\\\/image\\\/\",\"url\":\"https:\\\/\\\/baltoil.ee\\\/wp-content\\\/uploads\\\/2020\\\/04\\\/baltoil_logo.svg\",\"contentUrl\":\"https:\\\/\\\/baltoil.ee\\\/wp-content\\\/uploads\\\/2020\\\/04\\\/baltoil_logo.svg\",\"width\":1,\"height\":1,\"caption\":\"AS Baltoil\"},\"image\":{\"@id\":\"https:\\\/\\\/baltoil.ee\\\/#\\\/schema\\\/logo\\\/image\\\/\"}}]}<\/script>\n<!-- \/ Yoast SEO plugin. -->","yoast_head_json":{"title":"GrassMax\u2122 terad Grasshopper niidukitele - Baltoil","description":"GrassMax\u2122 terade valik Grasshopper nullp\u00f6\u00f6rderaadiusega niidukitele. Erinevate kasutuskohtade ja tingimuste jaoks on erinevate profiilidega terad.","robots":{"index":"index","follow":"follow","max-snippet":"max-snippet:-1","max-image-preview":"max-image-preview:large","max-video-preview":"max-video-preview:-1"},"canonical":"https:\/\/baltoil.ee\/toode\/grassmax\/","og_locale":"lt_LT","og_type":"article","og_title":"GrassMax\u2122 terad Grasshopper niidukitele - Baltoil","og_description":"GrassMax\u2122 terade valik Grasshopper nullp\u00f6\u00f6rderaadiusega niidukitele. Erinevate kasutuskohtade ja tingimuste jaoks on erinevate profiilidega terad.","og_url":"https:\/\/baltoil.ee\/toode\/grassmax\/","og_site_name":"Baltoil","article_modified_time":"2020-07-09T11:06:31+00:00","og_image":[{"width":800,"height":565,"url":"https:\/\/baltoil.ee\/wp-content\/uploads\/2020\/02\/grassmax_blades_system_516.jpg","type":"image\/jpeg"}],"twitter_card":"summary_large_image","schema":{"@context":"https:\/\/schema.org","@graph":[{"@type":"WebPage","@id":"https:\/\/baltoil.ee\/toode\/grassmax\/","url":"https:\/\/baltoil.ee\/toode\/grassmax\/","name":"GrassMax\u2122 terad Grasshopper niidukitele - Baltoil","isPartOf":{"@id":"https:\/\/baltoil.ee\/#website"},"primaryImageOfPage":{"@id":"https:\/\/baltoil.ee\/toode\/grassmax\/#primaryimage"},"image":{"@id":"https:\/\/baltoil.ee\/toode\/grassmax\/#primaryimage"},"thumbnailUrl":"https:\/\/baltoil.ee\/wp-content\/uploads\/2020\/02\/grassmax_blades_system_516.jpg","datePublished":"2020-02-26T10:27:46+00:00","dateModified":"2020-07-09T11:06:31+00:00","description":"GrassMax\u2122 terade valik Grasshopper nullp\u00f6\u00f6rderaadiusega niidukitele. Erinevate kasutuskohtade ja tingimuste jaoks on erinevate profiilidega terad.","breadcrumb":{"@id":"https:\/\/baltoil.ee\/toode\/grassmax\/#breadcrumb"},"inLanguage":"lt-LT","potentialAction":[{"@type":"ReadAction","target":["https:\/\/baltoil.ee\/toode\/grassmax\/"]}]},{"@type":"ImageObject","inLanguage":"lt-LT","@id":"https:\/\/baltoil.ee\/toode\/grassmax\/#primaryimage","url":"https:\/\/baltoil.ee\/wp-content\/uploads\/2020\/02\/grassmax_blades_system_516.jpg","contentUrl":"https:\/\/baltoil.ee\/wp-content\/uploads\/2020\/02\/grassmax_blades_system_516.jpg","width":800,"height":565},{"@type":"BreadcrumbList","@id":"https:\/\/baltoil.ee\/toode\/grassmax\/#breadcrumb","itemListElement":[{"@type":"ListItem","position":1,"name":"Home","item":"https:\/\/baltoil.ee\/lt\/"},{"@type":"ListItem","position":2,"name":"Tooted","item":"https:\/\/baltoil.ee\/tooted\/"},{"@type":"ListItem","position":3,"name":"GrassMax\u2122 terad"}]},{"@type":"WebSite","@id":"https:\/\/baltoil.ee\/#website","url":"https:\/\/baltoil.ee\/","name":"Baltoil","description":"","publisher":{"@id":"https:\/\/baltoil.ee\/#organization"},"potentialAction":[{"@type":"SearchAction","target":{"@type":"EntryPoint","urlTemplate":"https:\/\/baltoil.ee\/?s={search_term_string}"},"query-input":{"@type":"PropertyValueSpecification","valueRequired":true,"valueName":"search_term_string"}}],"inLanguage":"lt-LT"},{"@type":"Organization","@id":"https:\/\/baltoil.ee\/#organization","name":"AS Baltoil","url":"https:\/\/baltoil.ee\/","logo":{"@type":"ImageObject","inLanguage":"lt-LT","@id":"https:\/\/baltoil.ee\/#\/schema\/logo\/image\/","url":"https:\/\/baltoil.ee\/wp-content\/uploads\/2020\/04\/baltoil_logo.svg","contentUrl":"https:\/\/baltoil.ee\/wp-content\/uploads\/2020\/04\/baltoil_logo.svg","width":1,"height":1,"caption":"AS Baltoil"},"image":{"@id":"https:\/\/baltoil.ee\/#\/schema\/logo\/image\/"}}]}},"_links":{"self":[{"href":"https:\/\/baltoil.ee\/lt\/wp-json\/wp\/v2\/product\/3080","targetHints":{"allow":["GET"]}}],"collection":[{"href":"https:\/\/baltoil.ee\/lt\/wp-json\/wp\/v2\/product"}],"about":[{"href":"https:\/\/baltoil.ee\/lt\/wp-json\/wp\/v2\/types\/product"}],"wp:featuredmedia":[{"embeddable":true,"href":"https:\/\/baltoil.ee\/lt\/wp-json\/wp\/v2\/media\/3082"}],"wp:attachment":[{"href":"https:\/\/baltoil.ee\/lt\/wp-json\/wp\/v2\/media?parent=3080"}],"wp:term":[{"taxonomy":"product_brand","embeddable":true,"href":"https:\/\/baltoil.ee\/lt\/wp-json\/wp\/v2\/product_brand?post=3080"},{"taxonomy":"product_cat","embeddable":true,"href":"https:\/\/baltoil.ee\/lt\/wp-json\/wp\/v2\/product_cat?post=3080"},{"taxonomy":"product_tag","embeddable":true,"href":"https:\/\/baltoil.ee\/lt\/wp-json\/wp\/v2\/product_tag?post=3080"}],"curies":[{"name":"wp","href":"https:\/\/api.w.org\/{rel}","templated":true}]}}