{"id":2963,"date":"2020-02-25T14:32:22","date_gmt":"2020-02-25T14:32:22","guid":{"rendered":"https:\/\/baltoil.ee\/?post_type=product&#038;p=2963"},"modified":"2020-07-09T10:58:08","modified_gmt":"2020-07-09T10:58:08","slug":"grasshopper-down-discharge-mulching","status":"publish","type":"product","link":"https:\/\/baltoil.ee\/lt\/toode\/grasshopper-down-discharge-mulching\/","title":{"rendered":"Down Discharge\u2122 Mulching"},"content":{"rendered":"<input class=\"fooboxshare_post_id\" type=\"hidden\" value=\"2963\"\/>","protected":false},"excerpt":{"rendered":"<p>Mult\u0161er sari k\u00fclgv\u00e4ljaviskega l\u00f5ikeorganitele. Juhtplaadid, terad ja kinnitusvahendid. Mult\u0161er (Down Discharge\u2122 mulching) peenestab muru ja lehed.<\/p>\n<p>Sobivad <a href=\"https:\/\/baltoil.ee\/toode\/grassmax\/\">terat\u00fc\u00fcbid<\/a> on Wave-Blade, Gator, Shredder ja Medium.<\/p>\n<p>Sarja saab paigaldada k\u00fclgv\u00e4ljaviskega l\u00f5ikeorganitele. Ei sobi tahav\u00e4ljaviskega l\u00f5ikeorganitele.<\/p>\n<p>Lisavarustusena saadaval <a href=\"https:\/\/baltoil.ee\/toode\/grasshopper-rullsari\/\">rullsarjad<\/a>.<\/p>\n","protected":false},"featured_media":2969,"template":"","meta":{"_acf_changed":false},"product_brand":[],"product_cat":[60],"product_tag":[130,147],"class_list":{"0":"post-2963","1":"product","2":"type-product","3":"status-publish","4":"has-post-thumbnail","6":"product_cat-grasshopper-lisavarustus","7":"product_tag-grasshopper","8":"product_tag-lisavarustus","10":"first","11":"instock","12":"shipping-taxable","13":"product-type-simple"},"acf":[],"yoast_head":"<!-- This site is optimized with the Yoast SEO plugin v27.3 - https:\/\/yoast.com\/product\/yoast-seo-wordpress\/ -->\n<title>Down Discharge\u2122 Mulching - Mult\u0161er - Baltoil<\/title>\n<meta name=\"description\" content=\"Mult\u0161er (Down Discharge\u2122 mulching) peenestab muru ja lehed.\" \/>\n<meta name=\"robots\" content=\"index, follow, max-snippet:-1, max-image-preview:large, max-video-preview:-1\" \/>\n<link rel=\"canonical\" href=\"https:\/\/baltoil.ee\/toode\/grasshopper-down-discharge-mulching\/\" \/>\n<meta property=\"og:locale\" content=\"lt_LT\" \/>\n<meta property=\"og:type\" content=\"article\" \/>\n<meta property=\"og:title\" content=\"Down Discharge\u2122 Mulching - Mult\u0161er - Baltoil\" \/>\n<meta property=\"og:description\" content=\"Mult\u0161er (Down Discharge\u2122 mulching) peenestab muru ja lehed.\" \/>\n<meta property=\"og:url\" content=\"https:\/\/baltoil.ee\/toode\/grasshopper-down-discharge-mulching\/\" \/>\n<meta property=\"og:site_name\" content=\"Baltoil\" \/>\n<meta property=\"article:modified_time\" content=\"2020-07-09T10:58:08+00:00\" \/>\n<meta property=\"og:image\" content=\"https:\/\/baltoil.ee\/wp-content\/uploads\/2020\/02\/3452_allemurska_wave_2220.jpg\" \/>\n\t<meta property=\"og:image:width\" content=\"1200\" \/>\n\t<meta property=\"og:image:height\" content=\"674\" \/>\n\t<meta property=\"og:image:type\" content=\"image\/jpeg\" \/>\n<meta name=\"twitter:card\" content=\"summary_large_image\" \/>\n<script type=\"application\/ld+json\" class=\"yoast-schema-graph\">{\"@context\":\"https:\\\/\\\/schema.org\",\"@graph\":[{\"@type\":\"WebPage\",\"@id\":\"https:\\\/\\\/baltoil.ee\\\/toode\\\/grasshopper-down-discharge-mulching\\\/\",\"url\":\"https:\\\/\\\/baltoil.ee\\\/toode\\\/grasshopper-down-discharge-mulching\\\/\",\"name\":\"Down Discharge\u2122 Mulching - Mult\u0161er - Baltoil\",\"isPartOf\":{\"@id\":\"https:\\\/\\\/baltoil.ee\\\/#website\"},\"primaryImageOfPage\":{\"@id\":\"https:\\\/\\\/baltoil.ee\\\/toode\\\/grasshopper-down-discharge-mulching\\\/#primaryimage\"},\"image\":{\"@id\":\"https:\\\/\\\/baltoil.ee\\\/toode\\\/grasshopper-down-discharge-mulching\\\/#primaryimage\"},\"thumbnailUrl\":\"https:\\\/\\\/baltoil.ee\\\/wp-content\\\/uploads\\\/2020\\\/02\\\/3452_allemurska_wave_2220.jpg\",\"datePublished\":\"2020-02-25T14:32:22+00:00\",\"dateModified\":\"2020-07-09T10:58:08+00:00\",\"description\":\"Mult\u0161er (Down Discharge\u2122 mulching) peenestab muru ja lehed.\",\"breadcrumb\":{\"@id\":\"https:\\\/\\\/baltoil.ee\\\/toode\\\/grasshopper-down-discharge-mulching\\\/#breadcrumb\"},\"inLanguage\":\"lt-LT\",\"potentialAction\":[{\"@type\":\"ReadAction\",\"target\":[\"https:\\\/\\\/baltoil.ee\\\/toode\\\/grasshopper-down-discharge-mulching\\\/\"]}]},{\"@type\":\"ImageObject\",\"inLanguage\":\"lt-LT\",\"@id\":\"https:\\\/\\\/baltoil.ee\\\/toode\\\/grasshopper-down-discharge-mulching\\\/#primaryimage\",\"url\":\"https:\\\/\\\/baltoil.ee\\\/wp-content\\\/uploads\\\/2020\\\/02\\\/3452_allemurska_wave_2220.jpg\",\"contentUrl\":\"https:\\\/\\\/baltoil.ee\\\/wp-content\\\/uploads\\\/2020\\\/02\\\/3452_allemurska_wave_2220.jpg\",\"width\":1200,\"height\":674},{\"@type\":\"BreadcrumbList\",\"@id\":\"https:\\\/\\\/baltoil.ee\\\/toode\\\/grasshopper-down-discharge-mulching\\\/#breadcrumb\",\"itemListElement\":[{\"@type\":\"ListItem\",\"position\":1,\"name\":\"Home\",\"item\":\"https:\\\/\\\/baltoil.ee\\\/lt\\\/\"},{\"@type\":\"ListItem\",\"position\":2,\"name\":\"Tooted\",\"item\":\"https:\\\/\\\/baltoil.ee\\\/tooted\\\/\"},{\"@type\":\"ListItem\",\"position\":3,\"name\":\"Down Discharge\u2122 Mulching\"}]},{\"@type\":\"WebSite\",\"@id\":\"https:\\\/\\\/baltoil.ee\\\/#website\",\"url\":\"https:\\\/\\\/baltoil.ee\\\/\",\"name\":\"Baltoil\",\"description\":\"\",\"publisher\":{\"@id\":\"https:\\\/\\\/baltoil.ee\\\/#organization\"},\"potentialAction\":[{\"@type\":\"SearchAction\",\"target\":{\"@type\":\"EntryPoint\",\"urlTemplate\":\"https:\\\/\\\/baltoil.ee\\\/?s={search_term_string}\"},\"query-input\":{\"@type\":\"PropertyValueSpecification\",\"valueRequired\":true,\"valueName\":\"search_term_string\"}}],\"inLanguage\":\"lt-LT\"},{\"@type\":\"Organization\",\"@id\":\"https:\\\/\\\/baltoil.ee\\\/#organization\",\"name\":\"AS Baltoil\",\"url\":\"https:\\\/\\\/baltoil.ee\\\/\",\"logo\":{\"@type\":\"ImageObject\",\"inLanguage\":\"lt-LT\",\"@id\":\"https:\\\/\\\/baltoil.ee\\\/#\\\/schema\\\/logo\\\/image\\\/\",\"url\":\"https:\\\/\\\/baltoil.ee\\\/wp-content\\\/uploads\\\/2020\\\/04\\\/baltoil_logo.svg\",\"contentUrl\":\"https:\\\/\\\/baltoil.ee\\\/wp-content\\\/uploads\\\/2020\\\/04\\\/baltoil_logo.svg\",\"width\":1,\"height\":1,\"caption\":\"AS Baltoil\"},\"image\":{\"@id\":\"https:\\\/\\\/baltoil.ee\\\/#\\\/schema\\\/logo\\\/image\\\/\"}}]}<\/script>\n<!-- \/ Yoast SEO plugin. -->","yoast_head_json":{"title":"Down Discharge\u2122 Mulching - Mult\u0161er - Baltoil","description":"Mult\u0161er (Down Discharge\u2122 mulching) peenestab muru ja lehed.","robots":{"index":"index","follow":"follow","max-snippet":"max-snippet:-1","max-image-preview":"max-image-preview:large","max-video-preview":"max-video-preview:-1"},"canonical":"https:\/\/baltoil.ee\/toode\/grasshopper-down-discharge-mulching\/","og_locale":"lt_LT","og_type":"article","og_title":"Down Discharge\u2122 Mulching - Mult\u0161er - Baltoil","og_description":"Mult\u0161er (Down Discharge\u2122 mulching) peenestab muru ja lehed.","og_url":"https:\/\/baltoil.ee\/toode\/grasshopper-down-discharge-mulching\/","og_site_name":"Baltoil","article_modified_time":"2020-07-09T10:58:08+00:00","og_image":[{"width":1200,"height":674,"url":"https:\/\/baltoil.ee\/wp-content\/uploads\/2020\/02\/3452_allemurska_wave_2220.jpg","type":"image\/jpeg"}],"twitter_card":"summary_large_image","schema":{"@context":"https:\/\/schema.org","@graph":[{"@type":"WebPage","@id":"https:\/\/baltoil.ee\/toode\/grasshopper-down-discharge-mulching\/","url":"https:\/\/baltoil.ee\/toode\/grasshopper-down-discharge-mulching\/","name":"Down Discharge\u2122 Mulching - Mult\u0161er - Baltoil","isPartOf":{"@id":"https:\/\/baltoil.ee\/#website"},"primaryImageOfPage":{"@id":"https:\/\/baltoil.ee\/toode\/grasshopper-down-discharge-mulching\/#primaryimage"},"image":{"@id":"https:\/\/baltoil.ee\/toode\/grasshopper-down-discharge-mulching\/#primaryimage"},"thumbnailUrl":"https:\/\/baltoil.ee\/wp-content\/uploads\/2020\/02\/3452_allemurska_wave_2220.jpg","datePublished":"2020-02-25T14:32:22+00:00","dateModified":"2020-07-09T10:58:08+00:00","description":"Mult\u0161er (Down Discharge\u2122 mulching) peenestab muru ja lehed.","breadcrumb":{"@id":"https:\/\/baltoil.ee\/toode\/grasshopper-down-discharge-mulching\/#breadcrumb"},"inLanguage":"lt-LT","potentialAction":[{"@type":"ReadAction","target":["https:\/\/baltoil.ee\/toode\/grasshopper-down-discharge-mulching\/"]}]},{"@type":"ImageObject","inLanguage":"lt-LT","@id":"https:\/\/baltoil.ee\/toode\/grasshopper-down-discharge-mulching\/#primaryimage","url":"https:\/\/baltoil.ee\/wp-content\/uploads\/2020\/02\/3452_allemurska_wave_2220.jpg","contentUrl":"https:\/\/baltoil.ee\/wp-content\/uploads\/2020\/02\/3452_allemurska_wave_2220.jpg","width":1200,"height":674},{"@type":"BreadcrumbList","@id":"https:\/\/baltoil.ee\/toode\/grasshopper-down-discharge-mulching\/#breadcrumb","itemListElement":[{"@type":"ListItem","position":1,"name":"Home","item":"https:\/\/baltoil.ee\/lt\/"},{"@type":"ListItem","position":2,"name":"Tooted","item":"https:\/\/baltoil.ee\/tooted\/"},{"@type":"ListItem","position":3,"name":"Down Discharge\u2122 Mulching"}]},{"@type":"WebSite","@id":"https:\/\/baltoil.ee\/#website","url":"https:\/\/baltoil.ee\/","name":"Baltoil","description":"","publisher":{"@id":"https:\/\/baltoil.ee\/#organization"},"potentialAction":[{"@type":"SearchAction","target":{"@type":"EntryPoint","urlTemplate":"https:\/\/baltoil.ee\/?s={search_term_string}"},"query-input":{"@type":"PropertyValueSpecification","valueRequired":true,"valueName":"search_term_string"}}],"inLanguage":"lt-LT"},{"@type":"Organization","@id":"https:\/\/baltoil.ee\/#organization","name":"AS Baltoil","url":"https:\/\/baltoil.ee\/","logo":{"@type":"ImageObject","inLanguage":"lt-LT","@id":"https:\/\/baltoil.ee\/#\/schema\/logo\/image\/","url":"https:\/\/baltoil.ee\/wp-content\/uploads\/2020\/04\/baltoil_logo.svg","contentUrl":"https:\/\/baltoil.ee\/wp-content\/uploads\/2020\/04\/baltoil_logo.svg","width":1,"height":1,"caption":"AS Baltoil"},"image":{"@id":"https:\/\/baltoil.ee\/#\/schema\/logo\/image\/"}}]}},"_links":{"self":[{"href":"https:\/\/baltoil.ee\/lt\/wp-json\/wp\/v2\/product\/2963","targetHints":{"allow":["GET"]}}],"collection":[{"href":"https:\/\/baltoil.ee\/lt\/wp-json\/wp\/v2\/product"}],"about":[{"href":"https:\/\/baltoil.ee\/lt\/wp-json\/wp\/v2\/types\/product"}],"wp:featuredmedia":[{"embeddable":true,"href":"https:\/\/baltoil.ee\/lt\/wp-json\/wp\/v2\/media\/2969"}],"wp:attachment":[{"href":"https:\/\/baltoil.ee\/lt\/wp-json\/wp\/v2\/media?parent=2963"}],"wp:term":[{"taxonomy":"product_brand","embeddable":true,"href":"https:\/\/baltoil.ee\/lt\/wp-json\/wp\/v2\/product_brand?post=2963"},{"taxonomy":"product_cat","embeddable":true,"href":"https:\/\/baltoil.ee\/lt\/wp-json\/wp\/v2\/product_cat?post=2963"},{"taxonomy":"product_tag","embeddable":true,"href":"https:\/\/baltoil.ee\/lt\/wp-json\/wp\/v2\/product_tag?post=2963"}],"curies":[{"name":"wp","href":"https:\/\/api.w.org\/{rel}","templated":true}]}}