{"id":2906,"date":"2020-02-25T14:10:37","date_gmt":"2020-02-25T14:10:37","guid":{"rendered":"https:\/\/baltoil.ee\/?post_type=product&#038;p=2906"},"modified":"2020-07-09T10:55:13","modified_gmt":"2020-07-09T10:55:13","slug":"keskasetuse-tahavaljavise","status":"publish","type":"product","link":"https:\/\/baltoil.ee\/lt\/toode\/keskasetuse-tahavaljavise\/","title":{"rendered":"4X Dedicated Rear Discharge\u2122"},"content":{"rendered":"<input class=\"fooboxshare_post_id\" type=\"hidden\" value=\"2906\"\/>","protected":false},"excerpt":{"rendered":"<p><a href=\"https:\/\/baltoil.ee\/kategooria\/profgarden\/grasshopper\/keskasetusega-niidukid\/\">Keskasetusega niidukite<\/a> tahav\u00e4ljaviskega l\u00f5ikeorgan DuraMax\u00ae 4X Dedicated Rear Discharge\u2122. Suurep\u00e4rane l\u00f5ikej\u00e4lg ka pikemas heinas. L\u00f5ikeorganiga p\u00e4\u00e4seb m\u00f5lemalt poolt takistuste l\u00e4hedale. Head kasutuskohad on n\u00e4iteks tee \u00e4\u00e4rsed, parklate ja surnuaedade muruplatsid.<\/p>\n<p>Lisavarustusena saadaval <a href=\"https:\/\/baltoil.ee\/toode\/grasshopper-rullsari\/\">rullsarjad<\/a>.<\/p>\n<p><a href=\"https:\/\/www.grasshoppermower.com\/decks\/midmount\/duramax-mid-rear\/\" target=\"_blank\" rel=\"noopener noreferrer\">Tootja koduleht<\/a><\/p>\n[embed]https:\/\/vimeo.com\/100254478[\/embed]\n","protected":false},"featured_media":2922,"template":"","meta":{"_acf_changed":false},"product_brand":[],"product_cat":[60],"product_tag":[130,147],"class_list":{"0":"post-2906","1":"product","2":"type-product","3":"status-publish","4":"has-post-thumbnail","6":"product_cat-grasshopper-lisavarustus","7":"product_tag-grasshopper","8":"product_tag-lisavarustus","10":"first","11":"instock","12":"shipping-taxable","13":"product-type-simple"},"acf":[],"yoast_head":"<!-- This site is optimized with the Yoast SEO plugin v27.3 - https:\/\/yoast.com\/product\/yoast-seo-wordpress\/ -->\n<title>Grasshopper 4X Dedicated Rear Discharge\u2122 - Tahav\u00e4ljavise - Baltoil<\/title>\n<meta name=\"description\" content=\"Grasshopper keskasetusega niiduki lisavarustus. Suurep\u00e4rane l\u00f5ikej\u00e4lg ka pikemas heinas. L\u00f5ikeorganiga p\u00e4\u00e4seb m\u00f5lemalt poolt takistuste l\u00e4hedale.\" \/>\n<meta name=\"robots\" content=\"index, follow, max-snippet:-1, max-image-preview:large, max-video-preview:-1\" \/>\n<link rel=\"canonical\" href=\"https:\/\/baltoil.ee\/toode\/keskasetuse-tahavaljavise\/\" \/>\n<meta property=\"og:locale\" content=\"lt_LT\" \/>\n<meta property=\"og:type\" content=\"article\" \/>\n<meta property=\"og:title\" content=\"Grasshopper 4X Dedicated Rear Discharge\u2122 - Tahav\u00e4ljavise - Baltoil\" \/>\n<meta property=\"og:description\" content=\"Grasshopper keskasetusega niiduki lisavarustus. Suurep\u00e4rane l\u00f5ikej\u00e4lg ka pikemas heinas. L\u00f5ikeorganiga p\u00e4\u00e4seb m\u00f5lemalt poolt takistuste l\u00e4hedale.\" \/>\n<meta property=\"og:url\" content=\"https:\/\/baltoil.ee\/toode\/keskasetuse-tahavaljavise\/\" \/>\n<meta property=\"og:site_name\" content=\"Baltoil\" \/>\n<meta property=\"article:modified_time\" content=\"2020-07-09T10:55:13+00:00\" \/>\n<meta property=\"og:image\" content=\"https:\/\/baltoil.ee\/wp-content\/uploads\/2020\/02\/325_muok_1919.jpg\" \/>\n\t<meta property=\"og:image:width\" content=\"800\" \/>\n\t<meta property=\"og:image:height\" content=\"658\" \/>\n\t<meta property=\"og:image:type\" content=\"image\/jpeg\" \/>\n<meta name=\"twitter:card\" content=\"summary_large_image\" \/>\n<script type=\"application\/ld+json\" class=\"yoast-schema-graph\">{\"@context\":\"https:\\\/\\\/schema.org\",\"@graph\":[{\"@type\":\"WebPage\",\"@id\":\"https:\\\/\\\/baltoil.ee\\\/toode\\\/keskasetuse-tahavaljavise\\\/\",\"url\":\"https:\\\/\\\/baltoil.ee\\\/toode\\\/keskasetuse-tahavaljavise\\\/\",\"name\":\"Grasshopper 4X Dedicated Rear Discharge\u2122 - Tahav\u00e4ljavise - Baltoil\",\"isPartOf\":{\"@id\":\"https:\\\/\\\/baltoil.ee\\\/#website\"},\"primaryImageOfPage\":{\"@id\":\"https:\\\/\\\/baltoil.ee\\\/toode\\\/keskasetuse-tahavaljavise\\\/#primaryimage\"},\"image\":{\"@id\":\"https:\\\/\\\/baltoil.ee\\\/toode\\\/keskasetuse-tahavaljavise\\\/#primaryimage\"},\"thumbnailUrl\":\"https:\\\/\\\/baltoil.ee\\\/wp-content\\\/uploads\\\/2020\\\/02\\\/325_muok_1919.jpg\",\"datePublished\":\"2020-02-25T14:10:37+00:00\",\"dateModified\":\"2020-07-09T10:55:13+00:00\",\"description\":\"Grasshopper keskasetusega niiduki lisavarustus. Suurep\u00e4rane l\u00f5ikej\u00e4lg ka pikemas heinas. L\u00f5ikeorganiga p\u00e4\u00e4seb m\u00f5lemalt poolt takistuste l\u00e4hedale.\",\"breadcrumb\":{\"@id\":\"https:\\\/\\\/baltoil.ee\\\/toode\\\/keskasetuse-tahavaljavise\\\/#breadcrumb\"},\"inLanguage\":\"lt-LT\",\"potentialAction\":[{\"@type\":\"ReadAction\",\"target\":[\"https:\\\/\\\/baltoil.ee\\\/toode\\\/keskasetuse-tahavaljavise\\\/\"]}]},{\"@type\":\"ImageObject\",\"inLanguage\":\"lt-LT\",\"@id\":\"https:\\\/\\\/baltoil.ee\\\/toode\\\/keskasetuse-tahavaljavise\\\/#primaryimage\",\"url\":\"https:\\\/\\\/baltoil.ee\\\/wp-content\\\/uploads\\\/2020\\\/02\\\/325_muok_1919.jpg\",\"contentUrl\":\"https:\\\/\\\/baltoil.ee\\\/wp-content\\\/uploads\\\/2020\\\/02\\\/325_muok_1919.jpg\",\"width\":800,\"height\":658},{\"@type\":\"BreadcrumbList\",\"@id\":\"https:\\\/\\\/baltoil.ee\\\/toode\\\/keskasetuse-tahavaljavise\\\/#breadcrumb\",\"itemListElement\":[{\"@type\":\"ListItem\",\"position\":1,\"name\":\"Home\",\"item\":\"https:\\\/\\\/baltoil.ee\\\/lt\\\/\"},{\"@type\":\"ListItem\",\"position\":2,\"name\":\"Tooted\",\"item\":\"https:\\\/\\\/baltoil.ee\\\/tooted\\\/\"},{\"@type\":\"ListItem\",\"position\":3,\"name\":\"4X Dedicated Rear Discharge\u2122\"}]},{\"@type\":\"WebSite\",\"@id\":\"https:\\\/\\\/baltoil.ee\\\/#website\",\"url\":\"https:\\\/\\\/baltoil.ee\\\/\",\"name\":\"Baltoil\",\"description\":\"\",\"publisher\":{\"@id\":\"https:\\\/\\\/baltoil.ee\\\/#organization\"},\"potentialAction\":[{\"@type\":\"SearchAction\",\"target\":{\"@type\":\"EntryPoint\",\"urlTemplate\":\"https:\\\/\\\/baltoil.ee\\\/?s={search_term_string}\"},\"query-input\":{\"@type\":\"PropertyValueSpecification\",\"valueRequired\":true,\"valueName\":\"search_term_string\"}}],\"inLanguage\":\"lt-LT\"},{\"@type\":\"Organization\",\"@id\":\"https:\\\/\\\/baltoil.ee\\\/#organization\",\"name\":\"AS Baltoil\",\"url\":\"https:\\\/\\\/baltoil.ee\\\/\",\"logo\":{\"@type\":\"ImageObject\",\"inLanguage\":\"lt-LT\",\"@id\":\"https:\\\/\\\/baltoil.ee\\\/#\\\/schema\\\/logo\\\/image\\\/\",\"url\":\"https:\\\/\\\/baltoil.ee\\\/wp-content\\\/uploads\\\/2020\\\/04\\\/baltoil_logo.svg\",\"contentUrl\":\"https:\\\/\\\/baltoil.ee\\\/wp-content\\\/uploads\\\/2020\\\/04\\\/baltoil_logo.svg\",\"width\":1,\"height\":1,\"caption\":\"AS Baltoil\"},\"image\":{\"@id\":\"https:\\\/\\\/baltoil.ee\\\/#\\\/schema\\\/logo\\\/image\\\/\"}}]}<\/script>\n<!-- \/ Yoast SEO plugin. -->","yoast_head_json":{"title":"Grasshopper 4X Dedicated Rear Discharge\u2122 - Tahav\u00e4ljavise - Baltoil","description":"Grasshopper keskasetusega niiduki lisavarustus. Suurep\u00e4rane l\u00f5ikej\u00e4lg ka pikemas heinas. L\u00f5ikeorganiga p\u00e4\u00e4seb m\u00f5lemalt poolt takistuste l\u00e4hedale.","robots":{"index":"index","follow":"follow","max-snippet":"max-snippet:-1","max-image-preview":"max-image-preview:large","max-video-preview":"max-video-preview:-1"},"canonical":"https:\/\/baltoil.ee\/toode\/keskasetuse-tahavaljavise\/","og_locale":"lt_LT","og_type":"article","og_title":"Grasshopper 4X Dedicated Rear Discharge\u2122 - Tahav\u00e4ljavise - Baltoil","og_description":"Grasshopper keskasetusega niiduki lisavarustus. Suurep\u00e4rane l\u00f5ikej\u00e4lg ka pikemas heinas. L\u00f5ikeorganiga p\u00e4\u00e4seb m\u00f5lemalt poolt takistuste l\u00e4hedale.","og_url":"https:\/\/baltoil.ee\/toode\/keskasetuse-tahavaljavise\/","og_site_name":"Baltoil","article_modified_time":"2020-07-09T10:55:13+00:00","og_image":[{"width":800,"height":658,"url":"https:\/\/baltoil.ee\/wp-content\/uploads\/2020\/02\/325_muok_1919.jpg","type":"image\/jpeg"}],"twitter_card":"summary_large_image","schema":{"@context":"https:\/\/schema.org","@graph":[{"@type":"WebPage","@id":"https:\/\/baltoil.ee\/toode\/keskasetuse-tahavaljavise\/","url":"https:\/\/baltoil.ee\/toode\/keskasetuse-tahavaljavise\/","name":"Grasshopper 4X Dedicated Rear Discharge\u2122 - Tahav\u00e4ljavise - Baltoil","isPartOf":{"@id":"https:\/\/baltoil.ee\/#website"},"primaryImageOfPage":{"@id":"https:\/\/baltoil.ee\/toode\/keskasetuse-tahavaljavise\/#primaryimage"},"image":{"@id":"https:\/\/baltoil.ee\/toode\/keskasetuse-tahavaljavise\/#primaryimage"},"thumbnailUrl":"https:\/\/baltoil.ee\/wp-content\/uploads\/2020\/02\/325_muok_1919.jpg","datePublished":"2020-02-25T14:10:37+00:00","dateModified":"2020-07-09T10:55:13+00:00","description":"Grasshopper keskasetusega niiduki lisavarustus. Suurep\u00e4rane l\u00f5ikej\u00e4lg ka pikemas heinas. L\u00f5ikeorganiga p\u00e4\u00e4seb m\u00f5lemalt poolt takistuste l\u00e4hedale.","breadcrumb":{"@id":"https:\/\/baltoil.ee\/toode\/keskasetuse-tahavaljavise\/#breadcrumb"},"inLanguage":"lt-LT","potentialAction":[{"@type":"ReadAction","target":["https:\/\/baltoil.ee\/toode\/keskasetuse-tahavaljavise\/"]}]},{"@type":"ImageObject","inLanguage":"lt-LT","@id":"https:\/\/baltoil.ee\/toode\/keskasetuse-tahavaljavise\/#primaryimage","url":"https:\/\/baltoil.ee\/wp-content\/uploads\/2020\/02\/325_muok_1919.jpg","contentUrl":"https:\/\/baltoil.ee\/wp-content\/uploads\/2020\/02\/325_muok_1919.jpg","width":800,"height":658},{"@type":"BreadcrumbList","@id":"https:\/\/baltoil.ee\/toode\/keskasetuse-tahavaljavise\/#breadcrumb","itemListElement":[{"@type":"ListItem","position":1,"name":"Home","item":"https:\/\/baltoil.ee\/lt\/"},{"@type":"ListItem","position":2,"name":"Tooted","item":"https:\/\/baltoil.ee\/tooted\/"},{"@type":"ListItem","position":3,"name":"4X Dedicated Rear Discharge\u2122"}]},{"@type":"WebSite","@id":"https:\/\/baltoil.ee\/#website","url":"https:\/\/baltoil.ee\/","name":"Baltoil","description":"","publisher":{"@id":"https:\/\/baltoil.ee\/#organization"},"potentialAction":[{"@type":"SearchAction","target":{"@type":"EntryPoint","urlTemplate":"https:\/\/baltoil.ee\/?s={search_term_string}"},"query-input":{"@type":"PropertyValueSpecification","valueRequired":true,"valueName":"search_term_string"}}],"inLanguage":"lt-LT"},{"@type":"Organization","@id":"https:\/\/baltoil.ee\/#organization","name":"AS Baltoil","url":"https:\/\/baltoil.ee\/","logo":{"@type":"ImageObject","inLanguage":"lt-LT","@id":"https:\/\/baltoil.ee\/#\/schema\/logo\/image\/","url":"https:\/\/baltoil.ee\/wp-content\/uploads\/2020\/04\/baltoil_logo.svg","contentUrl":"https:\/\/baltoil.ee\/wp-content\/uploads\/2020\/04\/baltoil_logo.svg","width":1,"height":1,"caption":"AS Baltoil"},"image":{"@id":"https:\/\/baltoil.ee\/#\/schema\/logo\/image\/"}}]}},"_links":{"self":[{"href":"https:\/\/baltoil.ee\/lt\/wp-json\/wp\/v2\/product\/2906","targetHints":{"allow":["GET"]}}],"collection":[{"href":"https:\/\/baltoil.ee\/lt\/wp-json\/wp\/v2\/product"}],"about":[{"href":"https:\/\/baltoil.ee\/lt\/wp-json\/wp\/v2\/types\/product"}],"wp:featuredmedia":[{"embeddable":true,"href":"https:\/\/baltoil.ee\/lt\/wp-json\/wp\/v2\/media\/2922"}],"wp:attachment":[{"href":"https:\/\/baltoil.ee\/lt\/wp-json\/wp\/v2\/media?parent=2906"}],"wp:term":[{"taxonomy":"product_brand","embeddable":true,"href":"https:\/\/baltoil.ee\/lt\/wp-json\/wp\/v2\/product_brand?post=2906"},{"taxonomy":"product_cat","embeddable":true,"href":"https:\/\/baltoil.ee\/lt\/wp-json\/wp\/v2\/product_cat?post=2906"},{"taxonomy":"product_tag","embeddable":true,"href":"https:\/\/baltoil.ee\/lt\/wp-json\/wp\/v2\/product_tag?post=2906"}],"curies":[{"name":"wp","href":"https:\/\/api.w.org\/{rel}","templated":true}]}}