{"id":1621,"date":"2019-10-17T08:47:14","date_gmt":"2019-10-17T08:47:14","guid":{"rendered":"https:\/\/dev.baltoil.ee\/?post_type=product&#038;p=1621"},"modified":"2020-02-25T13:27:03","modified_gmt":"2020-02-25T13:27:03","slug":"grasshopper-cleansweep-hari","status":"publish","type":"product","link":"https:\/\/baltoil.ee\/lt\/toode\/grasshopper-cleansweep-hari\/","title":{"rendered":"CleanSweep\u2122"},"content":{"rendered":"<input class=\"fooboxshare_post_id\" type=\"hidden\" value=\"1621\"\/>","protected":false},"excerpt":{"rendered":"<p>J\u00f5uv\u00f5tuv\u00f5llist t\u00f6\u00f6tavad p\u00f6\u00f6rlevad harjased p\u00fchivad pori ja prahi \u00e4ra rekordajaga, mist\u00f5ttu ta on ideaalne k\u00f5nniteede ja parklate puhastamiseks. Suur v\u00f5imsus puhastab ka kuni 20cm lund talvel, mist\u00f5ttu on ta t\u00f5eline k\u00f5igi hooaegade t\u00f6\u00f6riist.<\/p>\n<p>Sobib <a href=\"https:\/\/baltoil.ee\/toode\/grasshopper-niiduk-623t\/\">600<\/a>, <a href=\"https:\/\/baltoil.ee\/toode\/grasshopper-niiduk-725dt\/\">700<\/a> ja <a href=\"https:\/\/baltoil.ee\/toode\/grasshopper-niiduk-900d\/\">900<\/a> seeria niidukitele.<\/p>\n<p><a href=\"https:\/\/www.grasshoppermower.com\/implements\/cleansweep-rotary-brooms\/\" target=\"_blank\" rel=\"noopener noreferrer\">Tootja koduleht<\/a><\/p>\n[embed]https:\/\/player.vimeo.com\/video\/100538529[\/embed]\n[embed]https:\/\/player.vimeo.com\/video\/94515029[\/embed]\n<p>&nbsp;<\/p>\n","protected":false},"featured_media":1624,"template":"","meta":{"_acf_changed":false},"product_brand":[],"product_cat":[60],"product_tag":[130,147],"class_list":{"0":"post-1621","1":"product","2":"type-product","3":"status-publish","4":"has-post-thumbnail","6":"product_cat-grasshopper-lisavarustus","7":"product_tag-grasshopper","8":"product_tag-lisavarustus","10":"first","11":"instock","12":"shipping-taxable","13":"product-type-simple"},"acf":[],"yoast_head":"<!-- This site is optimized with the Yoast SEO plugin v27.3 - https:\/\/yoast.com\/product\/yoast-seo-wordpress\/ -->\n<title>CleanSweep\u2122 hari - Grasshopper niiduki lisavarustus - Baltoil<\/title>\n<meta name=\"description\" content=\"Grasshopper esiasetusega niiduki lisavarustus-hari. P\u00f6\u00f6rlevad harjased p\u00fchivad \u00e4ra pori, prahi ja lume. Ideaalne k\u00f5nniteede ja parklate puhastamiseks.\" \/>\n<meta name=\"robots\" content=\"index, follow, max-snippet:-1, max-image-preview:large, max-video-preview:-1\" \/>\n<link rel=\"canonical\" href=\"https:\/\/baltoil.ee\/toode\/grasshopper-cleansweep-hari\/\" \/>\n<meta property=\"og:locale\" content=\"lt_LT\" \/>\n<meta property=\"og:type\" content=\"article\" \/>\n<meta property=\"og:title\" content=\"CleanSweep\u2122 hari - Grasshopper niiduki lisavarustus - Baltoil\" \/>\n<meta property=\"og:description\" content=\"Grasshopper esiasetusega niiduki lisavarustus-hari. P\u00f6\u00f6rlevad harjased p\u00fchivad \u00e4ra pori, prahi ja lume. Ideaalne k\u00f5nniteede ja parklate puhastamiseks.\" \/>\n<meta property=\"og:url\" content=\"https:\/\/baltoil.ee\/toode\/grasshopper-cleansweep-hari\/\" \/>\n<meta property=\"og:site_name\" content=\"Baltoil\" \/>\n<meta property=\"article:modified_time\" content=\"2020-02-25T13:27:03+00:00\" \/>\n<meta property=\"og:image\" content=\"https:\/\/baltoil.ee\/wp-content\/uploads\/2019\/10\/rotary-broom_lg.jpg\" \/>\n\t<meta property=\"og:image:width\" content=\"600\" \/>\n\t<meta property=\"og:image:height\" content=\"600\" \/>\n\t<meta property=\"og:image:type\" content=\"image\/jpeg\" \/>\n<meta name=\"twitter:card\" content=\"summary_large_image\" \/>\n<script type=\"application\/ld+json\" class=\"yoast-schema-graph\">{\"@context\":\"https:\\\/\\\/schema.org\",\"@graph\":[{\"@type\":\"WebPage\",\"@id\":\"https:\\\/\\\/baltoil.ee\\\/toode\\\/grasshopper-cleansweep-hari\\\/\",\"url\":\"https:\\\/\\\/baltoil.ee\\\/toode\\\/grasshopper-cleansweep-hari\\\/\",\"name\":\"CleanSweep\u2122 hari - Grasshopper niiduki lisavarustus - Baltoil\",\"isPartOf\":{\"@id\":\"https:\\\/\\\/baltoil.ee\\\/#website\"},\"primaryImageOfPage\":{\"@id\":\"https:\\\/\\\/baltoil.ee\\\/toode\\\/grasshopper-cleansweep-hari\\\/#primaryimage\"},\"image\":{\"@id\":\"https:\\\/\\\/baltoil.ee\\\/toode\\\/grasshopper-cleansweep-hari\\\/#primaryimage\"},\"thumbnailUrl\":\"https:\\\/\\\/baltoil.ee\\\/wp-content\\\/uploads\\\/2019\\\/10\\\/rotary-broom_lg.jpg\",\"datePublished\":\"2019-10-17T08:47:14+00:00\",\"dateModified\":\"2020-02-25T13:27:03+00:00\",\"description\":\"Grasshopper esiasetusega niiduki lisavarustus-hari. P\u00f6\u00f6rlevad harjased p\u00fchivad \u00e4ra pori, prahi ja lume. Ideaalne k\u00f5nniteede ja parklate puhastamiseks.\",\"breadcrumb\":{\"@id\":\"https:\\\/\\\/baltoil.ee\\\/toode\\\/grasshopper-cleansweep-hari\\\/#breadcrumb\"},\"inLanguage\":\"lt-LT\",\"potentialAction\":[{\"@type\":\"ReadAction\",\"target\":[\"https:\\\/\\\/baltoil.ee\\\/toode\\\/grasshopper-cleansweep-hari\\\/\"]}]},{\"@type\":\"ImageObject\",\"inLanguage\":\"lt-LT\",\"@id\":\"https:\\\/\\\/baltoil.ee\\\/toode\\\/grasshopper-cleansweep-hari\\\/#primaryimage\",\"url\":\"https:\\\/\\\/baltoil.ee\\\/wp-content\\\/uploads\\\/2019\\\/10\\\/rotary-broom_lg.jpg\",\"contentUrl\":\"https:\\\/\\\/baltoil.ee\\\/wp-content\\\/uploads\\\/2019\\\/10\\\/rotary-broom_lg.jpg\",\"width\":600,\"height\":600},{\"@type\":\"BreadcrumbList\",\"@id\":\"https:\\\/\\\/baltoil.ee\\\/toode\\\/grasshopper-cleansweep-hari\\\/#breadcrumb\",\"itemListElement\":[{\"@type\":\"ListItem\",\"position\":1,\"name\":\"Home\",\"item\":\"https:\\\/\\\/baltoil.ee\\\/lt\\\/\"},{\"@type\":\"ListItem\",\"position\":2,\"name\":\"Tooted\",\"item\":\"https:\\\/\\\/baltoil.ee\\\/tooted\\\/\"},{\"@type\":\"ListItem\",\"position\":3,\"name\":\"CleanSweep\u2122\"}]},{\"@type\":\"WebSite\",\"@id\":\"https:\\\/\\\/baltoil.ee\\\/#website\",\"url\":\"https:\\\/\\\/baltoil.ee\\\/\",\"name\":\"Baltoil\",\"description\":\"\",\"publisher\":{\"@id\":\"https:\\\/\\\/baltoil.ee\\\/#organization\"},\"potentialAction\":[{\"@type\":\"SearchAction\",\"target\":{\"@type\":\"EntryPoint\",\"urlTemplate\":\"https:\\\/\\\/baltoil.ee\\\/?s={search_term_string}\"},\"query-input\":{\"@type\":\"PropertyValueSpecification\",\"valueRequired\":true,\"valueName\":\"search_term_string\"}}],\"inLanguage\":\"lt-LT\"},{\"@type\":\"Organization\",\"@id\":\"https:\\\/\\\/baltoil.ee\\\/#organization\",\"name\":\"AS Baltoil\",\"url\":\"https:\\\/\\\/baltoil.ee\\\/\",\"logo\":{\"@type\":\"ImageObject\",\"inLanguage\":\"lt-LT\",\"@id\":\"https:\\\/\\\/baltoil.ee\\\/#\\\/schema\\\/logo\\\/image\\\/\",\"url\":\"https:\\\/\\\/baltoil.ee\\\/wp-content\\\/uploads\\\/2020\\\/04\\\/baltoil_logo.svg\",\"contentUrl\":\"https:\\\/\\\/baltoil.ee\\\/wp-content\\\/uploads\\\/2020\\\/04\\\/baltoil_logo.svg\",\"width\":1,\"height\":1,\"caption\":\"AS Baltoil\"},\"image\":{\"@id\":\"https:\\\/\\\/baltoil.ee\\\/#\\\/schema\\\/logo\\\/image\\\/\"}}]}<\/script>\n<!-- \/ Yoast SEO plugin. -->","yoast_head_json":{"title":"CleanSweep\u2122 hari - Grasshopper niiduki lisavarustus - Baltoil","description":"Grasshopper esiasetusega niiduki lisavarustus-hari. P\u00f6\u00f6rlevad harjased p\u00fchivad \u00e4ra pori, prahi ja lume. Ideaalne k\u00f5nniteede ja parklate puhastamiseks.","robots":{"index":"index","follow":"follow","max-snippet":"max-snippet:-1","max-image-preview":"max-image-preview:large","max-video-preview":"max-video-preview:-1"},"canonical":"https:\/\/baltoil.ee\/toode\/grasshopper-cleansweep-hari\/","og_locale":"lt_LT","og_type":"article","og_title":"CleanSweep\u2122 hari - Grasshopper niiduki lisavarustus - Baltoil","og_description":"Grasshopper esiasetusega niiduki lisavarustus-hari. P\u00f6\u00f6rlevad harjased p\u00fchivad \u00e4ra pori, prahi ja lume. Ideaalne k\u00f5nniteede ja parklate puhastamiseks.","og_url":"https:\/\/baltoil.ee\/toode\/grasshopper-cleansweep-hari\/","og_site_name":"Baltoil","article_modified_time":"2020-02-25T13:27:03+00:00","og_image":[{"width":600,"height":600,"url":"https:\/\/baltoil.ee\/wp-content\/uploads\/2019\/10\/rotary-broom_lg.jpg","type":"image\/jpeg"}],"twitter_card":"summary_large_image","schema":{"@context":"https:\/\/schema.org","@graph":[{"@type":"WebPage","@id":"https:\/\/baltoil.ee\/toode\/grasshopper-cleansweep-hari\/","url":"https:\/\/baltoil.ee\/toode\/grasshopper-cleansweep-hari\/","name":"CleanSweep\u2122 hari - Grasshopper niiduki lisavarustus - Baltoil","isPartOf":{"@id":"https:\/\/baltoil.ee\/#website"},"primaryImageOfPage":{"@id":"https:\/\/baltoil.ee\/toode\/grasshopper-cleansweep-hari\/#primaryimage"},"image":{"@id":"https:\/\/baltoil.ee\/toode\/grasshopper-cleansweep-hari\/#primaryimage"},"thumbnailUrl":"https:\/\/baltoil.ee\/wp-content\/uploads\/2019\/10\/rotary-broom_lg.jpg","datePublished":"2019-10-17T08:47:14+00:00","dateModified":"2020-02-25T13:27:03+00:00","description":"Grasshopper esiasetusega niiduki lisavarustus-hari. P\u00f6\u00f6rlevad harjased p\u00fchivad \u00e4ra pori, prahi ja lume. Ideaalne k\u00f5nniteede ja parklate puhastamiseks.","breadcrumb":{"@id":"https:\/\/baltoil.ee\/toode\/grasshopper-cleansweep-hari\/#breadcrumb"},"inLanguage":"lt-LT","potentialAction":[{"@type":"ReadAction","target":["https:\/\/baltoil.ee\/toode\/grasshopper-cleansweep-hari\/"]}]},{"@type":"ImageObject","inLanguage":"lt-LT","@id":"https:\/\/baltoil.ee\/toode\/grasshopper-cleansweep-hari\/#primaryimage","url":"https:\/\/baltoil.ee\/wp-content\/uploads\/2019\/10\/rotary-broom_lg.jpg","contentUrl":"https:\/\/baltoil.ee\/wp-content\/uploads\/2019\/10\/rotary-broom_lg.jpg","width":600,"height":600},{"@type":"BreadcrumbList","@id":"https:\/\/baltoil.ee\/toode\/grasshopper-cleansweep-hari\/#breadcrumb","itemListElement":[{"@type":"ListItem","position":1,"name":"Home","item":"https:\/\/baltoil.ee\/lt\/"},{"@type":"ListItem","position":2,"name":"Tooted","item":"https:\/\/baltoil.ee\/tooted\/"},{"@type":"ListItem","position":3,"name":"CleanSweep\u2122"}]},{"@type":"WebSite","@id":"https:\/\/baltoil.ee\/#website","url":"https:\/\/baltoil.ee\/","name":"Baltoil","description":"","publisher":{"@id":"https:\/\/baltoil.ee\/#organization"},"potentialAction":[{"@type":"SearchAction","target":{"@type":"EntryPoint","urlTemplate":"https:\/\/baltoil.ee\/?s={search_term_string}"},"query-input":{"@type":"PropertyValueSpecification","valueRequired":true,"valueName":"search_term_string"}}],"inLanguage":"lt-LT"},{"@type":"Organization","@id":"https:\/\/baltoil.ee\/#organization","name":"AS Baltoil","url":"https:\/\/baltoil.ee\/","logo":{"@type":"ImageObject","inLanguage":"lt-LT","@id":"https:\/\/baltoil.ee\/#\/schema\/logo\/image\/","url":"https:\/\/baltoil.ee\/wp-content\/uploads\/2020\/04\/baltoil_logo.svg","contentUrl":"https:\/\/baltoil.ee\/wp-content\/uploads\/2020\/04\/baltoil_logo.svg","width":1,"height":1,"caption":"AS Baltoil"},"image":{"@id":"https:\/\/baltoil.ee\/#\/schema\/logo\/image\/"}}]}},"_links":{"self":[{"href":"https:\/\/baltoil.ee\/lt\/wp-json\/wp\/v2\/product\/1621","targetHints":{"allow":["GET"]}}],"collection":[{"href":"https:\/\/baltoil.ee\/lt\/wp-json\/wp\/v2\/product"}],"about":[{"href":"https:\/\/baltoil.ee\/lt\/wp-json\/wp\/v2\/types\/product"}],"wp:featuredmedia":[{"embeddable":true,"href":"https:\/\/baltoil.ee\/lt\/wp-json\/wp\/v2\/media\/1624"}],"wp:attachment":[{"href":"https:\/\/baltoil.ee\/lt\/wp-json\/wp\/v2\/media?parent=1621"}],"wp:term":[{"taxonomy":"product_brand","embeddable":true,"href":"https:\/\/baltoil.ee\/lt\/wp-json\/wp\/v2\/product_brand?post=1621"},{"taxonomy":"product_cat","embeddable":true,"href":"https:\/\/baltoil.ee\/lt\/wp-json\/wp\/v2\/product_cat?post=1621"},{"taxonomy":"product_tag","embeddable":true,"href":"https:\/\/baltoil.ee\/lt\/wp-json\/wp\/v2\/product_tag?post=1621"}],"curies":[{"name":"wp","href":"https:\/\/api.w.org\/{rel}","templated":true}]}}