{"id":1613,"date":"2019-10-17T07:47:17","date_gmt":"2019-10-17T07:47:17","guid":{"rendered":"https:\/\/dev.baltoil.ee\/?post_type=product&#038;p=1613"},"modified":"2020-02-25T13:34:33","modified_gmt":"2020-02-25T13:34:33","slug":"grasshopper-aera-vator-kobesti","status":"publish","type":"product","link":"https:\/\/baltoil.ee\/lt\/toode\/grasshopper-aera-vator-kobesti\/","title":{"rendered":"AERA-vator\u2122"},"content":{"rendered":"<input class=\"fooboxshare_post_id\" type=\"hidden\" value=\"1613\"\/>","protected":false},"excerpt":{"rendered":"<p>40- ja 60-tollised AERA-vator\u2122 kobestid torkavad ja purustavad pinnast ilma l\u00f5ikamata v\u00f5i viilutamata, s\u00e4ilitades delikaatsed juurestikud, t\u00f5hustades juurte kasvu, kobesti ei j\u00e4ta taha s\u00fcdamikke.<\/p>\n<p>J\u00f5uv\u00f5tuv\u00f5llist t\u00f6\u00f6tav AERA-vator\u2122 torkab ja purustab pinnast j\u00e4ttes delikaatse juurestiku terveks.<\/p>\n<p>Sobib k\u00f5igile <a href=\"https:\/\/baltoil.ee\/kategooria\/grasshopper\/esiasetusega-niidukid\/\">esiasetusega niidukitele<\/a>.<\/p>\n<p><a href=\"https:\/\/www.grasshoppermower.com\/implements\/aera-vator-coreless-aerator\/\" target=\"_blank\" rel=\"noopener noreferrer\">Tootja koduleht<\/a><\/p>\n[embed]https:\/\/vimeo.com\/264279395[\/embed]\n[embed]https:\/\/player.vimeo.com\/video\/293000959[\/embed]\n[embed]https:\/\/youtu.be\/SBMiMQ7ie34[\/embed]\n","protected":false},"featured_media":1614,"template":"","meta":{"_acf_changed":false},"product_brand":[],"product_cat":[60],"product_tag":[130,156,147],"class_list":{"0":"post-1613","1":"product","2":"type-product","3":"status-publish","4":"has-post-thumbnail","6":"product_cat-grasshopper-lisavarustus","7":"product_tag-grasshopper","8":"product_tag-kobeti","9":"product_tag-lisavarustus","11":"first","12":"instock","13":"shipping-taxable","14":"product-type-simple"},"acf":[],"yoast_head":"<!-- This site is optimized with the Yoast SEO plugin v27.3 - https:\/\/yoast.com\/product\/yoast-seo-wordpress\/ -->\n<title>AERA-vator\u2122 kobesti - Grasshopper niiduki lisavarustus - Baltoil<\/title>\n<meta name=\"description\" content=\"Grasshopper niiduki lisavarustus. AERA-vator\u2122 kobesti torkavad ja purustavad pinnast ilma l\u00f5ikamata v\u00f5i viilutamata, s\u00e4ilitades delikaatsed juurestikud.\" \/>\n<meta name=\"robots\" content=\"index, follow, max-snippet:-1, max-image-preview:large, max-video-preview:-1\" \/>\n<link rel=\"canonical\" href=\"https:\/\/baltoil.ee\/toode\/grasshopper-aera-vator-kobesti\/\" \/>\n<meta property=\"og:locale\" content=\"lt_LT\" \/>\n<meta property=\"og:type\" content=\"article\" \/>\n<meta property=\"og:title\" content=\"AERA-vator\u2122 kobesti - Grasshopper niiduki lisavarustus - Baltoil\" \/>\n<meta property=\"og:description\" content=\"Grasshopper niiduki lisavarustus. AERA-vator\u2122 kobesti torkavad ja purustavad pinnast ilma l\u00f5ikamata v\u00f5i viilutamata, s\u00e4ilitades delikaatsed juurestikud.\" \/>\n<meta property=\"og:url\" content=\"https:\/\/baltoil.ee\/toode\/grasshopper-aera-vator-kobesti\/\" \/>\n<meta property=\"og:site_name\" content=\"Baltoil\" \/>\n<meta property=\"article:modified_time\" content=\"2020-02-25T13:34:33+00:00\" \/>\n<meta property=\"og:image\" content=\"https:\/\/baltoil.ee\/wp-content\/uploads\/2019\/10\/aeravator11.jpg\" \/>\n\t<meta property=\"og:image:width\" content=\"600\" \/>\n\t<meta property=\"og:image:height\" content=\"600\" \/>\n\t<meta property=\"og:image:type\" content=\"image\/jpeg\" \/>\n<meta name=\"twitter:card\" content=\"summary_large_image\" \/>\n<script type=\"application\/ld+json\" class=\"yoast-schema-graph\">{\"@context\":\"https:\\\/\\\/schema.org\",\"@graph\":[{\"@type\":\"WebPage\",\"@id\":\"https:\\\/\\\/baltoil.ee\\\/toode\\\/grasshopper-aera-vator-kobesti\\\/\",\"url\":\"https:\\\/\\\/baltoil.ee\\\/toode\\\/grasshopper-aera-vator-kobesti\\\/\",\"name\":\"AERA-vator\u2122 kobesti - Grasshopper niiduki lisavarustus - Baltoil\",\"isPartOf\":{\"@id\":\"https:\\\/\\\/baltoil.ee\\\/#website\"},\"primaryImageOfPage\":{\"@id\":\"https:\\\/\\\/baltoil.ee\\\/toode\\\/grasshopper-aera-vator-kobesti\\\/#primaryimage\"},\"image\":{\"@id\":\"https:\\\/\\\/baltoil.ee\\\/toode\\\/grasshopper-aera-vator-kobesti\\\/#primaryimage\"},\"thumbnailUrl\":\"https:\\\/\\\/baltoil.ee\\\/wp-content\\\/uploads\\\/2019\\\/10\\\/aeravator11.jpg\",\"datePublished\":\"2019-10-17T07:47:17+00:00\",\"dateModified\":\"2020-02-25T13:34:33+00:00\",\"description\":\"Grasshopper niiduki lisavarustus. AERA-vator\u2122 kobesti torkavad ja purustavad pinnast ilma l\u00f5ikamata v\u00f5i viilutamata, s\u00e4ilitades delikaatsed juurestikud.\",\"breadcrumb\":{\"@id\":\"https:\\\/\\\/baltoil.ee\\\/toode\\\/grasshopper-aera-vator-kobesti\\\/#breadcrumb\"},\"inLanguage\":\"lt-LT\",\"potentialAction\":[{\"@type\":\"ReadAction\",\"target\":[\"https:\\\/\\\/baltoil.ee\\\/toode\\\/grasshopper-aera-vator-kobesti\\\/\"]}]},{\"@type\":\"ImageObject\",\"inLanguage\":\"lt-LT\",\"@id\":\"https:\\\/\\\/baltoil.ee\\\/toode\\\/grasshopper-aera-vator-kobesti\\\/#primaryimage\",\"url\":\"https:\\\/\\\/baltoil.ee\\\/wp-content\\\/uploads\\\/2019\\\/10\\\/aeravator11.jpg\",\"contentUrl\":\"https:\\\/\\\/baltoil.ee\\\/wp-content\\\/uploads\\\/2019\\\/10\\\/aeravator11.jpg\",\"width\":600,\"height\":600},{\"@type\":\"BreadcrumbList\",\"@id\":\"https:\\\/\\\/baltoil.ee\\\/toode\\\/grasshopper-aera-vator-kobesti\\\/#breadcrumb\",\"itemListElement\":[{\"@type\":\"ListItem\",\"position\":1,\"name\":\"Home\",\"item\":\"https:\\\/\\\/baltoil.ee\\\/lt\\\/\"},{\"@type\":\"ListItem\",\"position\":2,\"name\":\"Tooted\",\"item\":\"https:\\\/\\\/baltoil.ee\\\/tooted\\\/\"},{\"@type\":\"ListItem\",\"position\":3,\"name\":\"AERA-vator\u2122\"}]},{\"@type\":\"WebSite\",\"@id\":\"https:\\\/\\\/baltoil.ee\\\/#website\",\"url\":\"https:\\\/\\\/baltoil.ee\\\/\",\"name\":\"Baltoil\",\"description\":\"\",\"publisher\":{\"@id\":\"https:\\\/\\\/baltoil.ee\\\/#organization\"},\"potentialAction\":[{\"@type\":\"SearchAction\",\"target\":{\"@type\":\"EntryPoint\",\"urlTemplate\":\"https:\\\/\\\/baltoil.ee\\\/?s={search_term_string}\"},\"query-input\":{\"@type\":\"PropertyValueSpecification\",\"valueRequired\":true,\"valueName\":\"search_term_string\"}}],\"inLanguage\":\"lt-LT\"},{\"@type\":\"Organization\",\"@id\":\"https:\\\/\\\/baltoil.ee\\\/#organization\",\"name\":\"AS Baltoil\",\"url\":\"https:\\\/\\\/baltoil.ee\\\/\",\"logo\":{\"@type\":\"ImageObject\",\"inLanguage\":\"lt-LT\",\"@id\":\"https:\\\/\\\/baltoil.ee\\\/#\\\/schema\\\/logo\\\/image\\\/\",\"url\":\"https:\\\/\\\/baltoil.ee\\\/wp-content\\\/uploads\\\/2020\\\/04\\\/baltoil_logo.svg\",\"contentUrl\":\"https:\\\/\\\/baltoil.ee\\\/wp-content\\\/uploads\\\/2020\\\/04\\\/baltoil_logo.svg\",\"width\":1,\"height\":1,\"caption\":\"AS Baltoil\"},\"image\":{\"@id\":\"https:\\\/\\\/baltoil.ee\\\/#\\\/schema\\\/logo\\\/image\\\/\"}}]}<\/script>\n<!-- \/ Yoast SEO plugin. -->","yoast_head_json":{"title":"AERA-vator\u2122 kobesti - Grasshopper niiduki lisavarustus - Baltoil","description":"Grasshopper niiduki lisavarustus. AERA-vator\u2122 kobesti torkavad ja purustavad pinnast ilma l\u00f5ikamata v\u00f5i viilutamata, s\u00e4ilitades delikaatsed juurestikud.","robots":{"index":"index","follow":"follow","max-snippet":"max-snippet:-1","max-image-preview":"max-image-preview:large","max-video-preview":"max-video-preview:-1"},"canonical":"https:\/\/baltoil.ee\/toode\/grasshopper-aera-vator-kobesti\/","og_locale":"lt_LT","og_type":"article","og_title":"AERA-vator\u2122 kobesti - Grasshopper niiduki lisavarustus - Baltoil","og_description":"Grasshopper niiduki lisavarustus. AERA-vator\u2122 kobesti torkavad ja purustavad pinnast ilma l\u00f5ikamata v\u00f5i viilutamata, s\u00e4ilitades delikaatsed juurestikud.","og_url":"https:\/\/baltoil.ee\/toode\/grasshopper-aera-vator-kobesti\/","og_site_name":"Baltoil","article_modified_time":"2020-02-25T13:34:33+00:00","og_image":[{"width":600,"height":600,"url":"https:\/\/baltoil.ee\/wp-content\/uploads\/2019\/10\/aeravator11.jpg","type":"image\/jpeg"}],"twitter_card":"summary_large_image","schema":{"@context":"https:\/\/schema.org","@graph":[{"@type":"WebPage","@id":"https:\/\/baltoil.ee\/toode\/grasshopper-aera-vator-kobesti\/","url":"https:\/\/baltoil.ee\/toode\/grasshopper-aera-vator-kobesti\/","name":"AERA-vator\u2122 kobesti - Grasshopper niiduki lisavarustus - Baltoil","isPartOf":{"@id":"https:\/\/baltoil.ee\/#website"},"primaryImageOfPage":{"@id":"https:\/\/baltoil.ee\/toode\/grasshopper-aera-vator-kobesti\/#primaryimage"},"image":{"@id":"https:\/\/baltoil.ee\/toode\/grasshopper-aera-vator-kobesti\/#primaryimage"},"thumbnailUrl":"https:\/\/baltoil.ee\/wp-content\/uploads\/2019\/10\/aeravator11.jpg","datePublished":"2019-10-17T07:47:17+00:00","dateModified":"2020-02-25T13:34:33+00:00","description":"Grasshopper niiduki lisavarustus. AERA-vator\u2122 kobesti torkavad ja purustavad pinnast ilma l\u00f5ikamata v\u00f5i viilutamata, s\u00e4ilitades delikaatsed juurestikud.","breadcrumb":{"@id":"https:\/\/baltoil.ee\/toode\/grasshopper-aera-vator-kobesti\/#breadcrumb"},"inLanguage":"lt-LT","potentialAction":[{"@type":"ReadAction","target":["https:\/\/baltoil.ee\/toode\/grasshopper-aera-vator-kobesti\/"]}]},{"@type":"ImageObject","inLanguage":"lt-LT","@id":"https:\/\/baltoil.ee\/toode\/grasshopper-aera-vator-kobesti\/#primaryimage","url":"https:\/\/baltoil.ee\/wp-content\/uploads\/2019\/10\/aeravator11.jpg","contentUrl":"https:\/\/baltoil.ee\/wp-content\/uploads\/2019\/10\/aeravator11.jpg","width":600,"height":600},{"@type":"BreadcrumbList","@id":"https:\/\/baltoil.ee\/toode\/grasshopper-aera-vator-kobesti\/#breadcrumb","itemListElement":[{"@type":"ListItem","position":1,"name":"Home","item":"https:\/\/baltoil.ee\/lt\/"},{"@type":"ListItem","position":2,"name":"Tooted","item":"https:\/\/baltoil.ee\/tooted\/"},{"@type":"ListItem","position":3,"name":"AERA-vator\u2122"}]},{"@type":"WebSite","@id":"https:\/\/baltoil.ee\/#website","url":"https:\/\/baltoil.ee\/","name":"Baltoil","description":"","publisher":{"@id":"https:\/\/baltoil.ee\/#organization"},"potentialAction":[{"@type":"SearchAction","target":{"@type":"EntryPoint","urlTemplate":"https:\/\/baltoil.ee\/?s={search_term_string}"},"query-input":{"@type":"PropertyValueSpecification","valueRequired":true,"valueName":"search_term_string"}}],"inLanguage":"lt-LT"},{"@type":"Organization","@id":"https:\/\/baltoil.ee\/#organization","name":"AS Baltoil","url":"https:\/\/baltoil.ee\/","logo":{"@type":"ImageObject","inLanguage":"lt-LT","@id":"https:\/\/baltoil.ee\/#\/schema\/logo\/image\/","url":"https:\/\/baltoil.ee\/wp-content\/uploads\/2020\/04\/baltoil_logo.svg","contentUrl":"https:\/\/baltoil.ee\/wp-content\/uploads\/2020\/04\/baltoil_logo.svg","width":1,"height":1,"caption":"AS Baltoil"},"image":{"@id":"https:\/\/baltoil.ee\/#\/schema\/logo\/image\/"}}]}},"_links":{"self":[{"href":"https:\/\/baltoil.ee\/lt\/wp-json\/wp\/v2\/product\/1613","targetHints":{"allow":["GET"]}}],"collection":[{"href":"https:\/\/baltoil.ee\/lt\/wp-json\/wp\/v2\/product"}],"about":[{"href":"https:\/\/baltoil.ee\/lt\/wp-json\/wp\/v2\/types\/product"}],"wp:featuredmedia":[{"embeddable":true,"href":"https:\/\/baltoil.ee\/lt\/wp-json\/wp\/v2\/media\/1614"}],"wp:attachment":[{"href":"https:\/\/baltoil.ee\/lt\/wp-json\/wp\/v2\/media?parent=1613"}],"wp:term":[{"taxonomy":"product_brand","embeddable":true,"href":"https:\/\/baltoil.ee\/lt\/wp-json\/wp\/v2\/product_brand?post=1613"},{"taxonomy":"product_cat","embeddable":true,"href":"https:\/\/baltoil.ee\/lt\/wp-json\/wp\/v2\/product_cat?post=1613"},{"taxonomy":"product_tag","embeddable":true,"href":"https:\/\/baltoil.ee\/lt\/wp-json\/wp\/v2\/product_tag?post=1613"}],"curies":[{"name":"wp","href":"https:\/\/api.w.org\/{rel}","templated":true}]}}