{"id":1606,"date":"2019-10-17T07:29:37","date_gmt":"2019-10-17T07:29:37","guid":{"rendered":"https:\/\/dev.baltoil.ee\/?post_type=product&#038;p=1606"},"modified":"2020-02-25T13:37:10","modified_gmt":"2020-02-25T13:37:10","slug":"grasshopper-edge-eze-aarestaja","status":"publish","type":"product","link":"https:\/\/baltoil.ee\/lt\/toode\/grasshopper-edge-eze-aarestaja\/","title":{"rendered":"Edge-EZE\u2122"},"content":{"rendered":"<input class=\"fooboxshare_post_id\" type=\"hidden\" value=\"1606\"\/>","protected":false},"excerpt":{"rendered":"<p>Muuda oma \u00e4\u00e4restamisprotsess sujuvamaks ja v\u00f5ida \u00e4\u00e4restamisse kuluvas ajas kuni 75% v\u00f5rreldes k\u00e4sit\u00f6\u00f6riistadega!<\/p>\n<p>Edge-EZE\u2122 pakub puhast, teravat \u00e4\u00e4restamist k\u00f5nniteedel, s\u00f5idutee \u00e4\u00e4rtes ja s\u00e4\u00e4stab v\u00e4\u00e4rtuslikku aega \u00e4\u00e4restades suuri alasid ja pikki radasid.<\/p>\n<p>\u00c4\u00e4resta kuni 150 m minutis k\u00f5nnitee ja s\u00f5idutee \u00e4\u00e4rtes p\u00f6\u00f6ratava iseterituva teraga.<\/p>\n<p>Sobib k\u00f5igile <a href=\"https:\/\/baltoil.ee\/kategooria\/grasshopper\/keskasetusega-niidukid\/\">kesk-<\/a> ja <a href=\"https:\/\/baltoil.ee\/kategooria\/grasshopper\/esiasetusega-niidukid\/\">esiasetusega<\/a> niidukitele.<\/p>\n<p><a href=\"https:\/\/www.grasshoppermower.com\/implements\/edge-eze-edger\/\" target=\"_blank\" rel=\"noopener noreferrer\">Tootja koduleht<\/a><\/p>\n[embed]https:\/\/youtu.be\/xmzD-wqpVG4[\/embed]\n","protected":false},"featured_media":1607,"template":"","meta":{"_acf_changed":false},"product_brand":[],"product_cat":[60],"product_tag":[130,147],"class_list":{"0":"post-1606","1":"product","2":"type-product","3":"status-publish","4":"has-post-thumbnail","6":"product_cat-grasshopper-lisavarustus","7":"product_tag-grasshopper","8":"product_tag-lisavarustus","10":"first","11":"instock","12":"shipping-taxable","13":"product-type-simple"},"acf":[],"yoast_head":"<!-- This site is optimized with the Yoast SEO plugin v27.3 - https:\/\/yoast.com\/product\/yoast-seo-wordpress\/ -->\n<title>Edge-EZE\u2122 \u00e4\u00e4restaja - Grasshopper lisavarustus - Baltoil<\/title>\n<meta name=\"description\" content=\"Grasshopper \u00e4\u00e4restaja Edge-EZE\u2122 pakub puhast, teravat \u00e4\u00e4restamist k\u00f5nniteedel, s\u00f5idutee \u00e4\u00e4rtes ja s\u00e4\u00e4stab v\u00e4\u00e4rtuslikku aega \u00e4\u00e4restades suuri alasid.\" \/>\n<meta name=\"robots\" content=\"index, follow, max-snippet:-1, max-image-preview:large, max-video-preview:-1\" \/>\n<link rel=\"canonical\" href=\"https:\/\/baltoil.ee\/toode\/grasshopper-edge-eze-aarestaja\/\" \/>\n<meta property=\"og:locale\" content=\"lt_LT\" \/>\n<meta property=\"og:type\" content=\"article\" \/>\n<meta property=\"og:title\" content=\"Edge-EZE\u2122 \u00e4\u00e4restaja - Grasshopper lisavarustus - Baltoil\" \/>\n<meta property=\"og:description\" content=\"Grasshopper \u00e4\u00e4restaja Edge-EZE\u2122 pakub puhast, teravat \u00e4\u00e4restamist k\u00f5nniteedel, s\u00f5idutee \u00e4\u00e4rtes ja s\u00e4\u00e4stab v\u00e4\u00e4rtuslikku aega \u00e4\u00e4restades suuri alasid.\" \/>\n<meta property=\"og:url\" content=\"https:\/\/baltoil.ee\/toode\/grasshopper-edge-eze-aarestaja\/\" \/>\n<meta property=\"og:site_name\" content=\"Baltoil\" \/>\n<meta property=\"article:modified_time\" content=\"2020-02-25T13:37:10+00:00\" \/>\n<meta property=\"og:image\" content=\"https:\/\/baltoil.ee\/wp-content\/uploads\/2019\/10\/edger.jpg\" \/>\n\t<meta property=\"og:image:width\" content=\"600\" \/>\n\t<meta property=\"og:image:height\" content=\"600\" \/>\n\t<meta property=\"og:image:type\" content=\"image\/jpeg\" \/>\n<meta name=\"twitter:card\" content=\"summary_large_image\" \/>\n<script type=\"application\/ld+json\" class=\"yoast-schema-graph\">{\"@context\":\"https:\\\/\\\/schema.org\",\"@graph\":[{\"@type\":\"WebPage\",\"@id\":\"https:\\\/\\\/baltoil.ee\\\/toode\\\/grasshopper-edge-eze-aarestaja\\\/\",\"url\":\"https:\\\/\\\/baltoil.ee\\\/toode\\\/grasshopper-edge-eze-aarestaja\\\/\",\"name\":\"Edge-EZE\u2122 \u00e4\u00e4restaja - Grasshopper lisavarustus - Baltoil\",\"isPartOf\":{\"@id\":\"https:\\\/\\\/baltoil.ee\\\/#website\"},\"primaryImageOfPage\":{\"@id\":\"https:\\\/\\\/baltoil.ee\\\/toode\\\/grasshopper-edge-eze-aarestaja\\\/#primaryimage\"},\"image\":{\"@id\":\"https:\\\/\\\/baltoil.ee\\\/toode\\\/grasshopper-edge-eze-aarestaja\\\/#primaryimage\"},\"thumbnailUrl\":\"https:\\\/\\\/baltoil.ee\\\/wp-content\\\/uploads\\\/2019\\\/10\\\/edger.jpg\",\"datePublished\":\"2019-10-17T07:29:37+00:00\",\"dateModified\":\"2020-02-25T13:37:10+00:00\",\"description\":\"Grasshopper \u00e4\u00e4restaja Edge-EZE\u2122 pakub puhast, teravat \u00e4\u00e4restamist k\u00f5nniteedel, s\u00f5idutee \u00e4\u00e4rtes ja s\u00e4\u00e4stab v\u00e4\u00e4rtuslikku aega \u00e4\u00e4restades suuri alasid.\",\"breadcrumb\":{\"@id\":\"https:\\\/\\\/baltoil.ee\\\/toode\\\/grasshopper-edge-eze-aarestaja\\\/#breadcrumb\"},\"inLanguage\":\"lt-LT\",\"potentialAction\":[{\"@type\":\"ReadAction\",\"target\":[\"https:\\\/\\\/baltoil.ee\\\/toode\\\/grasshopper-edge-eze-aarestaja\\\/\"]}]},{\"@type\":\"ImageObject\",\"inLanguage\":\"lt-LT\",\"@id\":\"https:\\\/\\\/baltoil.ee\\\/toode\\\/grasshopper-edge-eze-aarestaja\\\/#primaryimage\",\"url\":\"https:\\\/\\\/baltoil.ee\\\/wp-content\\\/uploads\\\/2019\\\/10\\\/edger.jpg\",\"contentUrl\":\"https:\\\/\\\/baltoil.ee\\\/wp-content\\\/uploads\\\/2019\\\/10\\\/edger.jpg\",\"width\":600,\"height\":600},{\"@type\":\"BreadcrumbList\",\"@id\":\"https:\\\/\\\/baltoil.ee\\\/toode\\\/grasshopper-edge-eze-aarestaja\\\/#breadcrumb\",\"itemListElement\":[{\"@type\":\"ListItem\",\"position\":1,\"name\":\"Home\",\"item\":\"https:\\\/\\\/baltoil.ee\\\/lt\\\/\"},{\"@type\":\"ListItem\",\"position\":2,\"name\":\"Tooted\",\"item\":\"https:\\\/\\\/baltoil.ee\\\/tooted\\\/\"},{\"@type\":\"ListItem\",\"position\":3,\"name\":\"Edge-EZE\u2122\"}]},{\"@type\":\"WebSite\",\"@id\":\"https:\\\/\\\/baltoil.ee\\\/#website\",\"url\":\"https:\\\/\\\/baltoil.ee\\\/\",\"name\":\"Baltoil\",\"description\":\"\",\"publisher\":{\"@id\":\"https:\\\/\\\/baltoil.ee\\\/#organization\"},\"potentialAction\":[{\"@type\":\"SearchAction\",\"target\":{\"@type\":\"EntryPoint\",\"urlTemplate\":\"https:\\\/\\\/baltoil.ee\\\/?s={search_term_string}\"},\"query-input\":{\"@type\":\"PropertyValueSpecification\",\"valueRequired\":true,\"valueName\":\"search_term_string\"}}],\"inLanguage\":\"lt-LT\"},{\"@type\":\"Organization\",\"@id\":\"https:\\\/\\\/baltoil.ee\\\/#organization\",\"name\":\"AS Baltoil\",\"url\":\"https:\\\/\\\/baltoil.ee\\\/\",\"logo\":{\"@type\":\"ImageObject\",\"inLanguage\":\"lt-LT\",\"@id\":\"https:\\\/\\\/baltoil.ee\\\/#\\\/schema\\\/logo\\\/image\\\/\",\"url\":\"https:\\\/\\\/baltoil.ee\\\/wp-content\\\/uploads\\\/2020\\\/04\\\/baltoil_logo.svg\",\"contentUrl\":\"https:\\\/\\\/baltoil.ee\\\/wp-content\\\/uploads\\\/2020\\\/04\\\/baltoil_logo.svg\",\"width\":1,\"height\":1,\"caption\":\"AS Baltoil\"},\"image\":{\"@id\":\"https:\\\/\\\/baltoil.ee\\\/#\\\/schema\\\/logo\\\/image\\\/\"}}]}<\/script>\n<!-- \/ Yoast SEO plugin. -->","yoast_head_json":{"title":"Edge-EZE\u2122 \u00e4\u00e4restaja - Grasshopper lisavarustus - Baltoil","description":"Grasshopper \u00e4\u00e4restaja Edge-EZE\u2122 pakub puhast, teravat \u00e4\u00e4restamist k\u00f5nniteedel, s\u00f5idutee \u00e4\u00e4rtes ja s\u00e4\u00e4stab v\u00e4\u00e4rtuslikku aega \u00e4\u00e4restades suuri alasid.","robots":{"index":"index","follow":"follow","max-snippet":"max-snippet:-1","max-image-preview":"max-image-preview:large","max-video-preview":"max-video-preview:-1"},"canonical":"https:\/\/baltoil.ee\/toode\/grasshopper-edge-eze-aarestaja\/","og_locale":"lt_LT","og_type":"article","og_title":"Edge-EZE\u2122 \u00e4\u00e4restaja - Grasshopper lisavarustus - Baltoil","og_description":"Grasshopper \u00e4\u00e4restaja Edge-EZE\u2122 pakub puhast, teravat \u00e4\u00e4restamist k\u00f5nniteedel, s\u00f5idutee \u00e4\u00e4rtes ja s\u00e4\u00e4stab v\u00e4\u00e4rtuslikku aega \u00e4\u00e4restades suuri alasid.","og_url":"https:\/\/baltoil.ee\/toode\/grasshopper-edge-eze-aarestaja\/","og_site_name":"Baltoil","article_modified_time":"2020-02-25T13:37:10+00:00","og_image":[{"width":600,"height":600,"url":"https:\/\/baltoil.ee\/wp-content\/uploads\/2019\/10\/edger.jpg","type":"image\/jpeg"}],"twitter_card":"summary_large_image","schema":{"@context":"https:\/\/schema.org","@graph":[{"@type":"WebPage","@id":"https:\/\/baltoil.ee\/toode\/grasshopper-edge-eze-aarestaja\/","url":"https:\/\/baltoil.ee\/toode\/grasshopper-edge-eze-aarestaja\/","name":"Edge-EZE\u2122 \u00e4\u00e4restaja - Grasshopper lisavarustus - Baltoil","isPartOf":{"@id":"https:\/\/baltoil.ee\/#website"},"primaryImageOfPage":{"@id":"https:\/\/baltoil.ee\/toode\/grasshopper-edge-eze-aarestaja\/#primaryimage"},"image":{"@id":"https:\/\/baltoil.ee\/toode\/grasshopper-edge-eze-aarestaja\/#primaryimage"},"thumbnailUrl":"https:\/\/baltoil.ee\/wp-content\/uploads\/2019\/10\/edger.jpg","datePublished":"2019-10-17T07:29:37+00:00","dateModified":"2020-02-25T13:37:10+00:00","description":"Grasshopper \u00e4\u00e4restaja Edge-EZE\u2122 pakub puhast, teravat \u00e4\u00e4restamist k\u00f5nniteedel, s\u00f5idutee \u00e4\u00e4rtes ja s\u00e4\u00e4stab v\u00e4\u00e4rtuslikku aega \u00e4\u00e4restades suuri alasid.","breadcrumb":{"@id":"https:\/\/baltoil.ee\/toode\/grasshopper-edge-eze-aarestaja\/#breadcrumb"},"inLanguage":"lt-LT","potentialAction":[{"@type":"ReadAction","target":["https:\/\/baltoil.ee\/toode\/grasshopper-edge-eze-aarestaja\/"]}]},{"@type":"ImageObject","inLanguage":"lt-LT","@id":"https:\/\/baltoil.ee\/toode\/grasshopper-edge-eze-aarestaja\/#primaryimage","url":"https:\/\/baltoil.ee\/wp-content\/uploads\/2019\/10\/edger.jpg","contentUrl":"https:\/\/baltoil.ee\/wp-content\/uploads\/2019\/10\/edger.jpg","width":600,"height":600},{"@type":"BreadcrumbList","@id":"https:\/\/baltoil.ee\/toode\/grasshopper-edge-eze-aarestaja\/#breadcrumb","itemListElement":[{"@type":"ListItem","position":1,"name":"Home","item":"https:\/\/baltoil.ee\/lt\/"},{"@type":"ListItem","position":2,"name":"Tooted","item":"https:\/\/baltoil.ee\/tooted\/"},{"@type":"ListItem","position":3,"name":"Edge-EZE\u2122"}]},{"@type":"WebSite","@id":"https:\/\/baltoil.ee\/#website","url":"https:\/\/baltoil.ee\/","name":"Baltoil","description":"","publisher":{"@id":"https:\/\/baltoil.ee\/#organization"},"potentialAction":[{"@type":"SearchAction","target":{"@type":"EntryPoint","urlTemplate":"https:\/\/baltoil.ee\/?s={search_term_string}"},"query-input":{"@type":"PropertyValueSpecification","valueRequired":true,"valueName":"search_term_string"}}],"inLanguage":"lt-LT"},{"@type":"Organization","@id":"https:\/\/baltoil.ee\/#organization","name":"AS Baltoil","url":"https:\/\/baltoil.ee\/","logo":{"@type":"ImageObject","inLanguage":"lt-LT","@id":"https:\/\/baltoil.ee\/#\/schema\/logo\/image\/","url":"https:\/\/baltoil.ee\/wp-content\/uploads\/2020\/04\/baltoil_logo.svg","contentUrl":"https:\/\/baltoil.ee\/wp-content\/uploads\/2020\/04\/baltoil_logo.svg","width":1,"height":1,"caption":"AS Baltoil"},"image":{"@id":"https:\/\/baltoil.ee\/#\/schema\/logo\/image\/"}}]}},"_links":{"self":[{"href":"https:\/\/baltoil.ee\/lt\/wp-json\/wp\/v2\/product\/1606","targetHints":{"allow":["GET"]}}],"collection":[{"href":"https:\/\/baltoil.ee\/lt\/wp-json\/wp\/v2\/product"}],"about":[{"href":"https:\/\/baltoil.ee\/lt\/wp-json\/wp\/v2\/types\/product"}],"wp:featuredmedia":[{"embeddable":true,"href":"https:\/\/baltoil.ee\/lt\/wp-json\/wp\/v2\/media\/1607"}],"wp:attachment":[{"href":"https:\/\/baltoil.ee\/lt\/wp-json\/wp\/v2\/media?parent=1606"}],"wp:term":[{"taxonomy":"product_brand","embeddable":true,"href":"https:\/\/baltoil.ee\/lt\/wp-json\/wp\/v2\/product_brand?post=1606"},{"taxonomy":"product_cat","embeddable":true,"href":"https:\/\/baltoil.ee\/lt\/wp-json\/wp\/v2\/product_cat?post=1606"},{"taxonomy":"product_tag","embeddable":true,"href":"https:\/\/baltoil.ee\/lt\/wp-json\/wp\/v2\/product_tag?post=1606"}],"curies":[{"name":"wp","href":"https:\/\/api.w.org\/{rel}","templated":true}]}}