{"id":1568,"date":"2019-10-03T10:06:27","date_gmt":"2019-10-03T10:06:27","guid":{"rendered":"https:\/\/dev.baltoil.ee\/?post_type=product&#038;p=1568"},"modified":"2020-07-10T06:57:04","modified_gmt":"2020-07-10T06:57:04","slug":"as-30-e-weedhex","status":"publish","type":"product","link":"https:\/\/baltoil.ee\/lt\/toode\/as-30-e-weedhex\/","title":{"rendered":"AS 30 E-WeedHex"},"content":{"rendered":"<input class=\"fooboxshare_post_id\" type=\"hidden\" value=\"1568\"\/>","protected":false},"excerpt":{"rendered":"<p>Elektriline sillutiste rohija.<\/p>\n<p>Umbrohu eemaldamine ilma kemikaalideta ja minimaalse m\u00fcraga.<\/p>\n<p>AS 30 WeedEx on ideaalne t\u00e4iendus\u00a0 <a href=\"https:\/\/baltoil.ee\/toode\/as-50-weedhex\/\">AS 50 Weed Removerile<\/a> t\u00f5husaks puhastamiseks ebatasastelt pindadelt, kitsastest kohadest, seinte \u00e4\u00e4rtest ja \u00e4\u00e4rekividelt.<\/p>\n<p>Briggs &amp; Stratton 82 Li Series 82V lithium-ion Powerhead mootor ja 5.0 Ah lithium-ion akud kestavad 30 kuni 45 minutit s\u00f5ltuvalt t\u00f6\u00f6st ja harjat\u00fc\u00fcbist.<\/p>\n<p>Kolm harja valikut mida saab lihtsasti vahetada vastavalt vajadusele Rattaid saab individuaalselt kohandada 3 k\u00f5rgusele, mis tagab harjade t\u00f5hususe.<\/p>\n<p>Kasutuskohad:<\/p>\n<ul>\n<li>Tasane sillutis<\/li>\n<li>Ebatasane sillutis<\/li>\n<li>Professionaalid<\/li>\n<\/ul>\n<p><span style=\"color: #0000ff;\"><br \/>\n<a style=\"color: #0000ff;\" href=\"https:\/\/www.as-motor.com\/product\/as-30-e-weedhex\/\">Tootja koduleht<\/a><\/span><\/p>\n<p><span style=\"color: #0000ff;\"><a style=\"color: #0000ff;\" href=\"https:\/\/baltoil.ee\/wp-content\/uploads\/2019\/10\/AS-Motor_AS_30_E-WeedHex-_2019.pdf\" target=\"_blank\" rel=\"noopener noreferrer\">Tooteleht<\/a><\/span><\/p>\n","protected":false},"featured_media":1573,"template":"","meta":{"_acf_changed":false},"product_brand":[],"product_cat":[144],"product_tag":[145,146,132,158],"class_list":{"0":"post-1568","1":"product","2":"type-product","3":"status-publish","4":"has-post-thumbnail","6":"product_cat-niidukid","7":"product_tag-as-motor","8":"product_tag-muruniiduk","9":"product_tag-niiduk","10":"product_tag-rohija","12":"first","13":"instock","14":"shipping-taxable","15":"product-type-simple"},"acf":[],"yoast_head":"<!-- This site is optimized with the Yoast SEO plugin v27.3 - https:\/\/yoast.com\/product\/yoast-seo-wordpress\/ -->\n<title>AS 30 E-WeedHex - elektriline sillutiste rohija - AS Motor - Baltoil<\/title>\n<meta name=\"description\" content=\"AS Motor elektriline sillutiste rohija. Umbrohu eemaldamine ilma kemikaalideta ja minimaalse m\u00fcraga.\" \/>\n<meta name=\"robots\" content=\"index, follow, max-snippet:-1, max-image-preview:large, max-video-preview:-1\" \/>\n<link rel=\"canonical\" href=\"https:\/\/baltoil.ee\/toode\/as-30-e-weedhex\/\" \/>\n<meta property=\"og:locale\" content=\"lt_LT\" \/>\n<meta property=\"og:type\" content=\"article\" \/>\n<meta property=\"og:title\" content=\"AS 30 E-WeedHex - elektriline sillutiste rohija - AS Motor - Baltoil\" \/>\n<meta property=\"og:description\" content=\"AS Motor elektriline sillutiste rohija. Umbrohu eemaldamine ilma kemikaalideta ja minimaalse m\u00fcraga.\" \/>\n<meta property=\"og:url\" content=\"https:\/\/baltoil.ee\/toode\/as-30-e-weedhex\/\" \/>\n<meta property=\"og:site_name\" content=\"Baltoil\" \/>\n<meta property=\"article:modified_time\" content=\"2020-07-10T06:57:04+00:00\" \/>\n<meta property=\"og:image\" content=\"https:\/\/baltoil.ee\/wp-content\/uploads\/2019\/10\/AS_30_E-WeedHex_studio_rgb_neu-768x512.jpg\" \/>\n\t<meta property=\"og:image:width\" content=\"768\" \/>\n\t<meta property=\"og:image:height\" content=\"512\" \/>\n\t<meta property=\"og:image:type\" content=\"image\/jpeg\" \/>\n<meta name=\"twitter:card\" content=\"summary_large_image\" \/>\n<script type=\"application\/ld+json\" class=\"yoast-schema-graph\">{\"@context\":\"https:\\\/\\\/schema.org\",\"@graph\":[{\"@type\":\"WebPage\",\"@id\":\"https:\\\/\\\/baltoil.ee\\\/toode\\\/as-30-e-weedhex\\\/\",\"url\":\"https:\\\/\\\/baltoil.ee\\\/toode\\\/as-30-e-weedhex\\\/\",\"name\":\"AS 30 E-WeedHex - elektriline sillutiste rohija - AS Motor - Baltoil\",\"isPartOf\":{\"@id\":\"https:\\\/\\\/baltoil.ee\\\/#website\"},\"primaryImageOfPage\":{\"@id\":\"https:\\\/\\\/baltoil.ee\\\/toode\\\/as-30-e-weedhex\\\/#primaryimage\"},\"image\":{\"@id\":\"https:\\\/\\\/baltoil.ee\\\/toode\\\/as-30-e-weedhex\\\/#primaryimage\"},\"thumbnailUrl\":\"https:\\\/\\\/baltoil.ee\\\/wp-content\\\/uploads\\\/2019\\\/10\\\/AS_30_E-WeedHex_studio_rgb_neu-768x512.jpg\",\"datePublished\":\"2019-10-03T10:06:27+00:00\",\"dateModified\":\"2020-07-10T06:57:04+00:00\",\"description\":\"AS Motor elektriline sillutiste rohija. Umbrohu eemaldamine ilma kemikaalideta ja minimaalse m\u00fcraga.\",\"breadcrumb\":{\"@id\":\"https:\\\/\\\/baltoil.ee\\\/toode\\\/as-30-e-weedhex\\\/#breadcrumb\"},\"inLanguage\":\"lt-LT\",\"potentialAction\":[{\"@type\":\"ReadAction\",\"target\":[\"https:\\\/\\\/baltoil.ee\\\/toode\\\/as-30-e-weedhex\\\/\"]}]},{\"@type\":\"ImageObject\",\"inLanguage\":\"lt-LT\",\"@id\":\"https:\\\/\\\/baltoil.ee\\\/toode\\\/as-30-e-weedhex\\\/#primaryimage\",\"url\":\"https:\\\/\\\/baltoil.ee\\\/wp-content\\\/uploads\\\/2019\\\/10\\\/AS_30_E-WeedHex_studio_rgb_neu-768x512.jpg\",\"contentUrl\":\"https:\\\/\\\/baltoil.ee\\\/wp-content\\\/uploads\\\/2019\\\/10\\\/AS_30_E-WeedHex_studio_rgb_neu-768x512.jpg\",\"width\":768,\"height\":512},{\"@type\":\"BreadcrumbList\",\"@id\":\"https:\\\/\\\/baltoil.ee\\\/toode\\\/as-30-e-weedhex\\\/#breadcrumb\",\"itemListElement\":[{\"@type\":\"ListItem\",\"position\":1,\"name\":\"Home\",\"item\":\"https:\\\/\\\/baltoil.ee\\\/lt\\\/\"},{\"@type\":\"ListItem\",\"position\":2,\"name\":\"Tooted\",\"item\":\"https:\\\/\\\/baltoil.ee\\\/tooted\\\/\"},{\"@type\":\"ListItem\",\"position\":3,\"name\":\"AS 30 E-WeedHex\"}]},{\"@type\":\"WebSite\",\"@id\":\"https:\\\/\\\/baltoil.ee\\\/#website\",\"url\":\"https:\\\/\\\/baltoil.ee\\\/\",\"name\":\"Baltoil\",\"description\":\"\",\"publisher\":{\"@id\":\"https:\\\/\\\/baltoil.ee\\\/#organization\"},\"potentialAction\":[{\"@type\":\"SearchAction\",\"target\":{\"@type\":\"EntryPoint\",\"urlTemplate\":\"https:\\\/\\\/baltoil.ee\\\/?s={search_term_string}\"},\"query-input\":{\"@type\":\"PropertyValueSpecification\",\"valueRequired\":true,\"valueName\":\"search_term_string\"}}],\"inLanguage\":\"lt-LT\"},{\"@type\":\"Organization\",\"@id\":\"https:\\\/\\\/baltoil.ee\\\/#organization\",\"name\":\"AS Baltoil\",\"url\":\"https:\\\/\\\/baltoil.ee\\\/\",\"logo\":{\"@type\":\"ImageObject\",\"inLanguage\":\"lt-LT\",\"@id\":\"https:\\\/\\\/baltoil.ee\\\/#\\\/schema\\\/logo\\\/image\\\/\",\"url\":\"https:\\\/\\\/baltoil.ee\\\/wp-content\\\/uploads\\\/2020\\\/04\\\/baltoil_logo.svg\",\"contentUrl\":\"https:\\\/\\\/baltoil.ee\\\/wp-content\\\/uploads\\\/2020\\\/04\\\/baltoil_logo.svg\",\"width\":1,\"height\":1,\"caption\":\"AS Baltoil\"},\"image\":{\"@id\":\"https:\\\/\\\/baltoil.ee\\\/#\\\/schema\\\/logo\\\/image\\\/\"}}]}<\/script>\n<!-- \/ Yoast SEO plugin. -->","yoast_head_json":{"title":"AS 30 E-WeedHex - elektriline sillutiste rohija - AS Motor - Baltoil","description":"AS Motor elektriline sillutiste rohija. Umbrohu eemaldamine ilma kemikaalideta ja minimaalse m\u00fcraga.","robots":{"index":"index","follow":"follow","max-snippet":"max-snippet:-1","max-image-preview":"max-image-preview:large","max-video-preview":"max-video-preview:-1"},"canonical":"https:\/\/baltoil.ee\/toode\/as-30-e-weedhex\/","og_locale":"lt_LT","og_type":"article","og_title":"AS 30 E-WeedHex - elektriline sillutiste rohija - AS Motor - Baltoil","og_description":"AS Motor elektriline sillutiste rohija. Umbrohu eemaldamine ilma kemikaalideta ja minimaalse m\u00fcraga.","og_url":"https:\/\/baltoil.ee\/toode\/as-30-e-weedhex\/","og_site_name":"Baltoil","article_modified_time":"2020-07-10T06:57:04+00:00","og_image":[{"width":768,"height":512,"url":"https:\/\/baltoil.ee\/wp-content\/uploads\/2019\/10\/AS_30_E-WeedHex_studio_rgb_neu-768x512.jpg","type":"image\/jpeg"}],"twitter_card":"summary_large_image","schema":{"@context":"https:\/\/schema.org","@graph":[{"@type":"WebPage","@id":"https:\/\/baltoil.ee\/toode\/as-30-e-weedhex\/","url":"https:\/\/baltoil.ee\/toode\/as-30-e-weedhex\/","name":"AS 30 E-WeedHex - elektriline sillutiste rohija - AS Motor - Baltoil","isPartOf":{"@id":"https:\/\/baltoil.ee\/#website"},"primaryImageOfPage":{"@id":"https:\/\/baltoil.ee\/toode\/as-30-e-weedhex\/#primaryimage"},"image":{"@id":"https:\/\/baltoil.ee\/toode\/as-30-e-weedhex\/#primaryimage"},"thumbnailUrl":"https:\/\/baltoil.ee\/wp-content\/uploads\/2019\/10\/AS_30_E-WeedHex_studio_rgb_neu-768x512.jpg","datePublished":"2019-10-03T10:06:27+00:00","dateModified":"2020-07-10T06:57:04+00:00","description":"AS Motor elektriline sillutiste rohija. Umbrohu eemaldamine ilma kemikaalideta ja minimaalse m\u00fcraga.","breadcrumb":{"@id":"https:\/\/baltoil.ee\/toode\/as-30-e-weedhex\/#breadcrumb"},"inLanguage":"lt-LT","potentialAction":[{"@type":"ReadAction","target":["https:\/\/baltoil.ee\/toode\/as-30-e-weedhex\/"]}]},{"@type":"ImageObject","inLanguage":"lt-LT","@id":"https:\/\/baltoil.ee\/toode\/as-30-e-weedhex\/#primaryimage","url":"https:\/\/baltoil.ee\/wp-content\/uploads\/2019\/10\/AS_30_E-WeedHex_studio_rgb_neu-768x512.jpg","contentUrl":"https:\/\/baltoil.ee\/wp-content\/uploads\/2019\/10\/AS_30_E-WeedHex_studio_rgb_neu-768x512.jpg","width":768,"height":512},{"@type":"BreadcrumbList","@id":"https:\/\/baltoil.ee\/toode\/as-30-e-weedhex\/#breadcrumb","itemListElement":[{"@type":"ListItem","position":1,"name":"Home","item":"https:\/\/baltoil.ee\/lt\/"},{"@type":"ListItem","position":2,"name":"Tooted","item":"https:\/\/baltoil.ee\/tooted\/"},{"@type":"ListItem","position":3,"name":"AS 30 E-WeedHex"}]},{"@type":"WebSite","@id":"https:\/\/baltoil.ee\/#website","url":"https:\/\/baltoil.ee\/","name":"Baltoil","description":"","publisher":{"@id":"https:\/\/baltoil.ee\/#organization"},"potentialAction":[{"@type":"SearchAction","target":{"@type":"EntryPoint","urlTemplate":"https:\/\/baltoil.ee\/?s={search_term_string}"},"query-input":{"@type":"PropertyValueSpecification","valueRequired":true,"valueName":"search_term_string"}}],"inLanguage":"lt-LT"},{"@type":"Organization","@id":"https:\/\/baltoil.ee\/#organization","name":"AS Baltoil","url":"https:\/\/baltoil.ee\/","logo":{"@type":"ImageObject","inLanguage":"lt-LT","@id":"https:\/\/baltoil.ee\/#\/schema\/logo\/image\/","url":"https:\/\/baltoil.ee\/wp-content\/uploads\/2020\/04\/baltoil_logo.svg","contentUrl":"https:\/\/baltoil.ee\/wp-content\/uploads\/2020\/04\/baltoil_logo.svg","width":1,"height":1,"caption":"AS Baltoil"},"image":{"@id":"https:\/\/baltoil.ee\/#\/schema\/logo\/image\/"}}]}},"_links":{"self":[{"href":"https:\/\/baltoil.ee\/lt\/wp-json\/wp\/v2\/product\/1568","targetHints":{"allow":["GET"]}}],"collection":[{"href":"https:\/\/baltoil.ee\/lt\/wp-json\/wp\/v2\/product"}],"about":[{"href":"https:\/\/baltoil.ee\/lt\/wp-json\/wp\/v2\/types\/product"}],"wp:featuredmedia":[{"embeddable":true,"href":"https:\/\/baltoil.ee\/lt\/wp-json\/wp\/v2\/media\/1573"}],"wp:attachment":[{"href":"https:\/\/baltoil.ee\/lt\/wp-json\/wp\/v2\/media?parent=1568"}],"wp:term":[{"taxonomy":"product_brand","embeddable":true,"href":"https:\/\/baltoil.ee\/lt\/wp-json\/wp\/v2\/product_brand?post=1568"},{"taxonomy":"product_cat","embeddable":true,"href":"https:\/\/baltoil.ee\/lt\/wp-json\/wp\/v2\/product_cat?post=1568"},{"taxonomy":"product_tag","embeddable":true,"href":"https:\/\/baltoil.ee\/lt\/wp-json\/wp\/v2\/product_tag?post=1568"}],"curies":[{"name":"wp","href":"https:\/\/api.w.org\/{rel}","templated":true}]}}