{"id":1494,"date":"2019-10-02T11:28:44","date_gmt":"2019-10-02T11:28:44","guid":{"rendered":"https:\/\/dev.baltoil.ee\/?post_type=product&#038;p=1494"},"modified":"2020-07-17T10:31:14","modified_gmt":"2020-07-17T10:31:14","slug":"as-50-weedhex","status":"publish","type":"product","link":"https:\/\/baltoil.ee\/lt\/toode\/as-50-weedhex\/","title":{"rendered":"AS 50 WeedHex"},"content":{"rendered":"<input class=\"fooboxshare_post_id\" type=\"hidden\" value=\"1494\"\/>","protected":false},"excerpt":{"rendered":"<p>Sillutiste rohija.<\/p>\n<p>Umbrohu eemaldamine ilma kemikaalideta.<\/p>\n<p>Kasutuskohad:<\/p>\n<ul>\n<li>Sillutis<\/li>\n<li>\u00c4\u00e4rekivid<\/li>\n<li>Professionaalid<\/li>\n<\/ul>\n<p>&nbsp;<\/p>\n[embed]https:\/\/youtu.be\/vPUCvb-wLyI[\/embed]\n<p><span style=\"color: #0000ff;\"><a style=\"color: #0000ff;\" href=\"https:\/\/www.as-motor.com\/product\/as-50-weedhex\/\">Tootja koduleht<\/a><\/span><\/p>\n<p><span style=\"color: #0000ff;\"><a style=\"color: #0000ff;\" href=\"https:\/\/baltoil.ee\/wp-content\/uploads\/2019\/10\/AS-Motor_AS_50_WeedHex-_2019.pdf\" target=\"_blank\" rel=\"noopener noreferrer\">Tooteleht<\/a><\/span><\/p>\n","protected":false},"featured_media":1501,"template":"","meta":{"_acf_changed":false},"product_brand":[],"product_cat":[144],"product_tag":[145,132,158],"class_list":{"0":"post-1494","1":"product","2":"type-product","3":"status-publish","4":"has-post-thumbnail","6":"product_cat-niidukid","7":"product_tag-as-motor","8":"product_tag-niiduk","9":"product_tag-rohija","11":"first","12":"instock","13":"shipping-taxable","14":"product-type-simple"},"acf":[],"yoast_head":"<!-- This site is optimized with the Yoast SEO plugin v27.3 - https:\/\/yoast.com\/product\/yoast-seo-wordpress\/ -->\n<title>AS 50 WeedHex sillutiste rohija. - AS Motor - Baltoil<\/title>\n<meta name=\"description\" content=\"Sillutiste rohija. Pole vaja kemikaale. Kuna umbrohi eemaldatakse mehaaniliselt siis on v\u00f5imalik t\u00f6\u00f6d teha keskkonna tundlikel aladel.\" \/>\n<meta name=\"robots\" content=\"index, follow, max-snippet:-1, max-image-preview:large, max-video-preview:-1\" \/>\n<link rel=\"canonical\" href=\"https:\/\/baltoil.ee\/toode\/as-50-weedhex\/\" \/>\n<meta property=\"og:locale\" content=\"lt_LT\" \/>\n<meta property=\"og:type\" content=\"article\" \/>\n<meta property=\"og:title\" content=\"AS 50 WeedHex sillutiste rohija. - AS Motor - Baltoil\" \/>\n<meta property=\"og:description\" content=\"Sillutiste rohija. Pole vaja kemikaale. Kuna umbrohi eemaldatakse mehaaniliselt siis on v\u00f5imalik t\u00f6\u00f6d teha keskkonna tundlikel aladel.\" \/>\n<meta property=\"og:url\" content=\"https:\/\/baltoil.ee\/toode\/as-50-weedhex\/\" \/>\n<meta property=\"og:site_name\" content=\"Baltoil\" \/>\n<meta property=\"article:modified_time\" content=\"2020-07-17T10:31:14+00:00\" \/>\n<meta property=\"og:image\" content=\"https:\/\/baltoil.ee\/wp-content\/uploads\/2019\/10\/AS-Motor_AS-50-WeedHex_studio_web-768x480.png\" \/>\n\t<meta property=\"og:image:width\" content=\"768\" \/>\n\t<meta property=\"og:image:height\" content=\"480\" \/>\n\t<meta property=\"og:image:type\" content=\"image\/png\" \/>\n<meta name=\"twitter:card\" content=\"summary_large_image\" \/>\n<script type=\"application\/ld+json\" class=\"yoast-schema-graph\">{\"@context\":\"https:\\\/\\\/schema.org\",\"@graph\":[{\"@type\":\"WebPage\",\"@id\":\"https:\\\/\\\/baltoil.ee\\\/toode\\\/as-50-weedhex\\\/\",\"url\":\"https:\\\/\\\/baltoil.ee\\\/toode\\\/as-50-weedhex\\\/\",\"name\":\"AS 50 WeedHex sillutiste rohija. - AS Motor - Baltoil\",\"isPartOf\":{\"@id\":\"https:\\\/\\\/baltoil.ee\\\/#website\"},\"primaryImageOfPage\":{\"@id\":\"https:\\\/\\\/baltoil.ee\\\/toode\\\/as-50-weedhex\\\/#primaryimage\"},\"image\":{\"@id\":\"https:\\\/\\\/baltoil.ee\\\/toode\\\/as-50-weedhex\\\/#primaryimage\"},\"thumbnailUrl\":\"https:\\\/\\\/baltoil.ee\\\/wp-content\\\/uploads\\\/2019\\\/10\\\/AS-Motor_AS-50-WeedHex_studio_web-768x480.png\",\"datePublished\":\"2019-10-02T11:28:44+00:00\",\"dateModified\":\"2020-07-17T10:31:14+00:00\",\"description\":\"Sillutiste rohija. Pole vaja kemikaale. Kuna umbrohi eemaldatakse mehaaniliselt siis on v\u00f5imalik t\u00f6\u00f6d teha keskkonna tundlikel aladel.\",\"breadcrumb\":{\"@id\":\"https:\\\/\\\/baltoil.ee\\\/toode\\\/as-50-weedhex\\\/#breadcrumb\"},\"inLanguage\":\"lt-LT\",\"potentialAction\":[{\"@type\":\"ReadAction\",\"target\":[\"https:\\\/\\\/baltoil.ee\\\/toode\\\/as-50-weedhex\\\/\"]}]},{\"@type\":\"ImageObject\",\"inLanguage\":\"lt-LT\",\"@id\":\"https:\\\/\\\/baltoil.ee\\\/toode\\\/as-50-weedhex\\\/#primaryimage\",\"url\":\"https:\\\/\\\/baltoil.ee\\\/wp-content\\\/uploads\\\/2019\\\/10\\\/AS-Motor_AS-50-WeedHex_studio_web-768x480.png\",\"contentUrl\":\"https:\\\/\\\/baltoil.ee\\\/wp-content\\\/uploads\\\/2019\\\/10\\\/AS-Motor_AS-50-WeedHex_studio_web-768x480.png\",\"width\":768,\"height\":480},{\"@type\":\"BreadcrumbList\",\"@id\":\"https:\\\/\\\/baltoil.ee\\\/toode\\\/as-50-weedhex\\\/#breadcrumb\",\"itemListElement\":[{\"@type\":\"ListItem\",\"position\":1,\"name\":\"Home\",\"item\":\"https:\\\/\\\/baltoil.ee\\\/lt\\\/\"},{\"@type\":\"ListItem\",\"position\":2,\"name\":\"Tooted\",\"item\":\"https:\\\/\\\/baltoil.ee\\\/tooted\\\/\"},{\"@type\":\"ListItem\",\"position\":3,\"name\":\"AS 50 WeedHex\"}]},{\"@type\":\"WebSite\",\"@id\":\"https:\\\/\\\/baltoil.ee\\\/#website\",\"url\":\"https:\\\/\\\/baltoil.ee\\\/\",\"name\":\"Baltoil\",\"description\":\"\",\"publisher\":{\"@id\":\"https:\\\/\\\/baltoil.ee\\\/#organization\"},\"potentialAction\":[{\"@type\":\"SearchAction\",\"target\":{\"@type\":\"EntryPoint\",\"urlTemplate\":\"https:\\\/\\\/baltoil.ee\\\/?s={search_term_string}\"},\"query-input\":{\"@type\":\"PropertyValueSpecification\",\"valueRequired\":true,\"valueName\":\"search_term_string\"}}],\"inLanguage\":\"lt-LT\"},{\"@type\":\"Organization\",\"@id\":\"https:\\\/\\\/baltoil.ee\\\/#organization\",\"name\":\"AS Baltoil\",\"url\":\"https:\\\/\\\/baltoil.ee\\\/\",\"logo\":{\"@type\":\"ImageObject\",\"inLanguage\":\"lt-LT\",\"@id\":\"https:\\\/\\\/baltoil.ee\\\/#\\\/schema\\\/logo\\\/image\\\/\",\"url\":\"https:\\\/\\\/baltoil.ee\\\/wp-content\\\/uploads\\\/2020\\\/04\\\/baltoil_logo.svg\",\"contentUrl\":\"https:\\\/\\\/baltoil.ee\\\/wp-content\\\/uploads\\\/2020\\\/04\\\/baltoil_logo.svg\",\"width\":1,\"height\":1,\"caption\":\"AS Baltoil\"},\"image\":{\"@id\":\"https:\\\/\\\/baltoil.ee\\\/#\\\/schema\\\/logo\\\/image\\\/\"}}]}<\/script>\n<!-- \/ Yoast SEO plugin. -->","yoast_head_json":{"title":"AS 50 WeedHex sillutiste rohija. - AS Motor - Baltoil","description":"Sillutiste rohija. Pole vaja kemikaale. Kuna umbrohi eemaldatakse mehaaniliselt siis on v\u00f5imalik t\u00f6\u00f6d teha keskkonna tundlikel aladel.","robots":{"index":"index","follow":"follow","max-snippet":"max-snippet:-1","max-image-preview":"max-image-preview:large","max-video-preview":"max-video-preview:-1"},"canonical":"https:\/\/baltoil.ee\/toode\/as-50-weedhex\/","og_locale":"lt_LT","og_type":"article","og_title":"AS 50 WeedHex sillutiste rohija. - AS Motor - Baltoil","og_description":"Sillutiste rohija. Pole vaja kemikaale. Kuna umbrohi eemaldatakse mehaaniliselt siis on v\u00f5imalik t\u00f6\u00f6d teha keskkonna tundlikel aladel.","og_url":"https:\/\/baltoil.ee\/toode\/as-50-weedhex\/","og_site_name":"Baltoil","article_modified_time":"2020-07-17T10:31:14+00:00","og_image":[{"width":768,"height":480,"url":"https:\/\/baltoil.ee\/wp-content\/uploads\/2019\/10\/AS-Motor_AS-50-WeedHex_studio_web-768x480.png","type":"image\/png"}],"twitter_card":"summary_large_image","schema":{"@context":"https:\/\/schema.org","@graph":[{"@type":"WebPage","@id":"https:\/\/baltoil.ee\/toode\/as-50-weedhex\/","url":"https:\/\/baltoil.ee\/toode\/as-50-weedhex\/","name":"AS 50 WeedHex sillutiste rohija. - AS Motor - Baltoil","isPartOf":{"@id":"https:\/\/baltoil.ee\/#website"},"primaryImageOfPage":{"@id":"https:\/\/baltoil.ee\/toode\/as-50-weedhex\/#primaryimage"},"image":{"@id":"https:\/\/baltoil.ee\/toode\/as-50-weedhex\/#primaryimage"},"thumbnailUrl":"https:\/\/baltoil.ee\/wp-content\/uploads\/2019\/10\/AS-Motor_AS-50-WeedHex_studio_web-768x480.png","datePublished":"2019-10-02T11:28:44+00:00","dateModified":"2020-07-17T10:31:14+00:00","description":"Sillutiste rohija. Pole vaja kemikaale. Kuna umbrohi eemaldatakse mehaaniliselt siis on v\u00f5imalik t\u00f6\u00f6d teha keskkonna tundlikel aladel.","breadcrumb":{"@id":"https:\/\/baltoil.ee\/toode\/as-50-weedhex\/#breadcrumb"},"inLanguage":"lt-LT","potentialAction":[{"@type":"ReadAction","target":["https:\/\/baltoil.ee\/toode\/as-50-weedhex\/"]}]},{"@type":"ImageObject","inLanguage":"lt-LT","@id":"https:\/\/baltoil.ee\/toode\/as-50-weedhex\/#primaryimage","url":"https:\/\/baltoil.ee\/wp-content\/uploads\/2019\/10\/AS-Motor_AS-50-WeedHex_studio_web-768x480.png","contentUrl":"https:\/\/baltoil.ee\/wp-content\/uploads\/2019\/10\/AS-Motor_AS-50-WeedHex_studio_web-768x480.png","width":768,"height":480},{"@type":"BreadcrumbList","@id":"https:\/\/baltoil.ee\/toode\/as-50-weedhex\/#breadcrumb","itemListElement":[{"@type":"ListItem","position":1,"name":"Home","item":"https:\/\/baltoil.ee\/lt\/"},{"@type":"ListItem","position":2,"name":"Tooted","item":"https:\/\/baltoil.ee\/tooted\/"},{"@type":"ListItem","position":3,"name":"AS 50 WeedHex"}]},{"@type":"WebSite","@id":"https:\/\/baltoil.ee\/#website","url":"https:\/\/baltoil.ee\/","name":"Baltoil","description":"","publisher":{"@id":"https:\/\/baltoil.ee\/#organization"},"potentialAction":[{"@type":"SearchAction","target":{"@type":"EntryPoint","urlTemplate":"https:\/\/baltoil.ee\/?s={search_term_string}"},"query-input":{"@type":"PropertyValueSpecification","valueRequired":true,"valueName":"search_term_string"}}],"inLanguage":"lt-LT"},{"@type":"Organization","@id":"https:\/\/baltoil.ee\/#organization","name":"AS Baltoil","url":"https:\/\/baltoil.ee\/","logo":{"@type":"ImageObject","inLanguage":"lt-LT","@id":"https:\/\/baltoil.ee\/#\/schema\/logo\/image\/","url":"https:\/\/baltoil.ee\/wp-content\/uploads\/2020\/04\/baltoil_logo.svg","contentUrl":"https:\/\/baltoil.ee\/wp-content\/uploads\/2020\/04\/baltoil_logo.svg","width":1,"height":1,"caption":"AS Baltoil"},"image":{"@id":"https:\/\/baltoil.ee\/#\/schema\/logo\/image\/"}}]}},"_links":{"self":[{"href":"https:\/\/baltoil.ee\/lt\/wp-json\/wp\/v2\/product\/1494","targetHints":{"allow":["GET"]}}],"collection":[{"href":"https:\/\/baltoil.ee\/lt\/wp-json\/wp\/v2\/product"}],"about":[{"href":"https:\/\/baltoil.ee\/lt\/wp-json\/wp\/v2\/types\/product"}],"wp:featuredmedia":[{"embeddable":true,"href":"https:\/\/baltoil.ee\/lt\/wp-json\/wp\/v2\/media\/1501"}],"wp:attachment":[{"href":"https:\/\/baltoil.ee\/lt\/wp-json\/wp\/v2\/media?parent=1494"}],"wp:term":[{"taxonomy":"product_brand","embeddable":true,"href":"https:\/\/baltoil.ee\/lt\/wp-json\/wp\/v2\/product_brand?post=1494"},{"taxonomy":"product_cat","embeddable":true,"href":"https:\/\/baltoil.ee\/lt\/wp-json\/wp\/v2\/product_cat?post=1494"},{"taxonomy":"product_tag","embeddable":true,"href":"https:\/\/baltoil.ee\/lt\/wp-json\/wp\/v2\/product_tag?post=1494"}],"curies":[{"name":"wp","href":"https:\/\/api.w.org\/{rel}","templated":true}]}}