{"id":1421,"date":"2019-09-26T10:02:56","date_gmt":"2019-09-26T10:02:56","guid":{"rendered":"https:\/\/dev.baltoil.ee\/?post_type=product&#038;p=1421"},"modified":"2019-11-06T10:21:05","modified_gmt":"2019-11-06T10:21:05","slug":"plastic-polish-restorer","status":"publish","type":"product","link":"https:\/\/baltoil.ee\/lt\/toode\/plastic-polish-restorer\/","title":{"rendered":"Plastic Polish Restorer"},"content":{"rendered":"<input class=\"fooboxshare_post_id\" type=\"hidden\" value=\"1421\"\/>","protected":false},"excerpt":{"rendered":"<p>Plastikust pindade vaha.<\/p>\n<ul>\n<li>Taastab l\u00e4ike akr\u00fc\u00fclile, pol\u00fckarbonaadile, tendi akendele ja paljudele muudele plastikust pindadele.<\/li>\n<li>Lihtne kasutada. Aja pinnale laiali ja p\u00fchi \u00e4ra.<\/li>\n<li>T\u00e4helepanu! Kasuta alati enne <a href=\"https:\/\/baltoil.ee\/toode\/plastic-scratch-remover\/\">\u201estep 1\u201c<\/a> vahendit.<\/li>\n<\/ul>\n<p>Toote nr. 87308<br \/>\nSuurus 237 ml<\/p>\n<p><a href=\"http:\/\/www.starbrite.com\/item\/plastic-polish-restorer-step-2?category_id=572\" target=\"_blank\" rel=\"noopener noreferrer\">Tootja koduleht<\/a><\/p>\n[embed]https:\/\/youtu.be\/juDVy-ouHjc[\/embed]\n","protected":false},"featured_media":1422,"template":"","meta":{"_acf_changed":false},"product_brand":[],"product_cat":[70],"product_tag":[84,137,136,88,135,29],"class_list":{"0":"post-1421","1":"product","2":"type-product","3":"status-publish","4":"has-post-thumbnail","6":"product_cat-star-brite-tooted","7":"product_tag-hooldusaine","8":"product_tag-marine","9":"product_tag-paadihooldus","10":"product_tag-star-brite","11":"product_tag-starbrite","12":"product_tag-vaha","14":"first","15":"instock","16":"shipping-taxable","17":"product-type-simple"},"acf":[],"yoast_head":"<!-- This site is optimized with the Yoast SEO plugin v27.3 - https:\/\/yoast.com\/product\/yoast-seo-wordpress\/ -->\n<title>Plastic Polish Restorer - Plastikust pindade vaha - Star brite - Baltoil<\/title>\n<meta name=\"description\" content=\"Plastikust pindade vaha. Taastab l\u00e4ike akr\u00fc\u00fclile, pol\u00fckarbonaadile, tendi akendele ja paljudele muudele plastikust pindadele.Lihtne kasutada.\" \/>\n<meta name=\"robots\" content=\"index, follow, max-snippet:-1, max-image-preview:large, max-video-preview:-1\" \/>\n<link rel=\"canonical\" href=\"https:\/\/baltoil.ee\/toode\/plastic-polish-restorer\/\" \/>\n<meta property=\"og:locale\" content=\"lt_LT\" \/>\n<meta property=\"og:type\" content=\"article\" \/>\n<meta property=\"og:title\" content=\"Plastic Polish Restorer - Plastikust pindade vaha - Star brite - Baltoil\" \/>\n<meta property=\"og:description\" content=\"Plastikust pindade vaha. Taastab l\u00e4ike akr\u00fc\u00fclile, pol\u00fckarbonaadile, tendi akendele ja paljudele muudele plastikust pindadele.Lihtne kasutada.\" \/>\n<meta property=\"og:url\" content=\"https:\/\/baltoil.ee\/toode\/plastic-polish-restorer\/\" \/>\n<meta property=\"og:site_name\" content=\"Baltoil\" \/>\n<meta property=\"article:modified_time\" content=\"2019-11-06T10:21:05+00:00\" \/>\n<meta property=\"og:image\" content=\"https:\/\/baltoil.ee\/wp-content\/uploads\/2019\/09\/star-brite-plastic-polish-restorer.png\" \/>\n\t<meta property=\"og:image:width\" content=\"300\" \/>\n\t<meta property=\"og:image:height\" content=\"600\" \/>\n\t<meta property=\"og:image:type\" content=\"image\/png\" \/>\n<meta name=\"twitter:card\" content=\"summary_large_image\" \/>\n<script type=\"application\/ld+json\" class=\"yoast-schema-graph\">{\"@context\":\"https:\\\/\\\/schema.org\",\"@graph\":[{\"@type\":\"WebPage\",\"@id\":\"https:\\\/\\\/baltoil.ee\\\/toode\\\/plastic-polish-restorer\\\/\",\"url\":\"https:\\\/\\\/baltoil.ee\\\/toode\\\/plastic-polish-restorer\\\/\",\"name\":\"Plastic Polish Restorer - Plastikust pindade vaha - Star brite - Baltoil\",\"isPartOf\":{\"@id\":\"https:\\\/\\\/baltoil.ee\\\/#website\"},\"primaryImageOfPage\":{\"@id\":\"https:\\\/\\\/baltoil.ee\\\/toode\\\/plastic-polish-restorer\\\/#primaryimage\"},\"image\":{\"@id\":\"https:\\\/\\\/baltoil.ee\\\/toode\\\/plastic-polish-restorer\\\/#primaryimage\"},\"thumbnailUrl\":\"https:\\\/\\\/baltoil.ee\\\/wp-content\\\/uploads\\\/2019\\\/09\\\/star-brite-plastic-polish-restorer.png\",\"datePublished\":\"2019-09-26T10:02:56+00:00\",\"dateModified\":\"2019-11-06T10:21:05+00:00\",\"description\":\"Plastikust pindade vaha. Taastab l\u00e4ike akr\u00fc\u00fclile, pol\u00fckarbonaadile, tendi akendele ja paljudele muudele plastikust pindadele.Lihtne kasutada.\",\"breadcrumb\":{\"@id\":\"https:\\\/\\\/baltoil.ee\\\/toode\\\/plastic-polish-restorer\\\/#breadcrumb\"},\"inLanguage\":\"lt-LT\",\"potentialAction\":[{\"@type\":\"ReadAction\",\"target\":[\"https:\\\/\\\/baltoil.ee\\\/toode\\\/plastic-polish-restorer\\\/\"]}]},{\"@type\":\"ImageObject\",\"inLanguage\":\"lt-LT\",\"@id\":\"https:\\\/\\\/baltoil.ee\\\/toode\\\/plastic-polish-restorer\\\/#primaryimage\",\"url\":\"https:\\\/\\\/baltoil.ee\\\/wp-content\\\/uploads\\\/2019\\\/09\\\/star-brite-plastic-polish-restorer.png\",\"contentUrl\":\"https:\\\/\\\/baltoil.ee\\\/wp-content\\\/uploads\\\/2019\\\/09\\\/star-brite-plastic-polish-restorer.png\",\"width\":300,\"height\":600},{\"@type\":\"BreadcrumbList\",\"@id\":\"https:\\\/\\\/baltoil.ee\\\/toode\\\/plastic-polish-restorer\\\/#breadcrumb\",\"itemListElement\":[{\"@type\":\"ListItem\",\"position\":1,\"name\":\"Home\",\"item\":\"https:\\\/\\\/baltoil.ee\\\/lt\\\/\"},{\"@type\":\"ListItem\",\"position\":2,\"name\":\"Tooted\",\"item\":\"https:\\\/\\\/baltoil.ee\\\/tooted\\\/\"},{\"@type\":\"ListItem\",\"position\":3,\"name\":\"Plastic Polish Restorer\"}]},{\"@type\":\"WebSite\",\"@id\":\"https:\\\/\\\/baltoil.ee\\\/#website\",\"url\":\"https:\\\/\\\/baltoil.ee\\\/\",\"name\":\"Baltoil\",\"description\":\"\",\"publisher\":{\"@id\":\"https:\\\/\\\/baltoil.ee\\\/#organization\"},\"potentialAction\":[{\"@type\":\"SearchAction\",\"target\":{\"@type\":\"EntryPoint\",\"urlTemplate\":\"https:\\\/\\\/baltoil.ee\\\/?s={search_term_string}\"},\"query-input\":{\"@type\":\"PropertyValueSpecification\",\"valueRequired\":true,\"valueName\":\"search_term_string\"}}],\"inLanguage\":\"lt-LT\"},{\"@type\":\"Organization\",\"@id\":\"https:\\\/\\\/baltoil.ee\\\/#organization\",\"name\":\"AS Baltoil\",\"url\":\"https:\\\/\\\/baltoil.ee\\\/\",\"logo\":{\"@type\":\"ImageObject\",\"inLanguage\":\"lt-LT\",\"@id\":\"https:\\\/\\\/baltoil.ee\\\/#\\\/schema\\\/logo\\\/image\\\/\",\"url\":\"https:\\\/\\\/baltoil.ee\\\/wp-content\\\/uploads\\\/2020\\\/04\\\/baltoil_logo.svg\",\"contentUrl\":\"https:\\\/\\\/baltoil.ee\\\/wp-content\\\/uploads\\\/2020\\\/04\\\/baltoil_logo.svg\",\"width\":1,\"height\":1,\"caption\":\"AS Baltoil\"},\"image\":{\"@id\":\"https:\\\/\\\/baltoil.ee\\\/#\\\/schema\\\/logo\\\/image\\\/\"}}]}<\/script>\n<!-- \/ Yoast SEO plugin. -->","yoast_head_json":{"title":"Plastic Polish Restorer - Plastikust pindade vaha - Star brite - Baltoil","description":"Plastikust pindade vaha. Taastab l\u00e4ike akr\u00fc\u00fclile, pol\u00fckarbonaadile, tendi akendele ja paljudele muudele plastikust pindadele.Lihtne kasutada.","robots":{"index":"index","follow":"follow","max-snippet":"max-snippet:-1","max-image-preview":"max-image-preview:large","max-video-preview":"max-video-preview:-1"},"canonical":"https:\/\/baltoil.ee\/toode\/plastic-polish-restorer\/","og_locale":"lt_LT","og_type":"article","og_title":"Plastic Polish Restorer - Plastikust pindade vaha - Star brite - Baltoil","og_description":"Plastikust pindade vaha. Taastab l\u00e4ike akr\u00fc\u00fclile, pol\u00fckarbonaadile, tendi akendele ja paljudele muudele plastikust pindadele.Lihtne kasutada.","og_url":"https:\/\/baltoil.ee\/toode\/plastic-polish-restorer\/","og_site_name":"Baltoil","article_modified_time":"2019-11-06T10:21:05+00:00","og_image":[{"width":300,"height":600,"url":"https:\/\/baltoil.ee\/wp-content\/uploads\/2019\/09\/star-brite-plastic-polish-restorer.png","type":"image\/png"}],"twitter_card":"summary_large_image","schema":{"@context":"https:\/\/schema.org","@graph":[{"@type":"WebPage","@id":"https:\/\/baltoil.ee\/toode\/plastic-polish-restorer\/","url":"https:\/\/baltoil.ee\/toode\/plastic-polish-restorer\/","name":"Plastic Polish Restorer - Plastikust pindade vaha - Star brite - Baltoil","isPartOf":{"@id":"https:\/\/baltoil.ee\/#website"},"primaryImageOfPage":{"@id":"https:\/\/baltoil.ee\/toode\/plastic-polish-restorer\/#primaryimage"},"image":{"@id":"https:\/\/baltoil.ee\/toode\/plastic-polish-restorer\/#primaryimage"},"thumbnailUrl":"https:\/\/baltoil.ee\/wp-content\/uploads\/2019\/09\/star-brite-plastic-polish-restorer.png","datePublished":"2019-09-26T10:02:56+00:00","dateModified":"2019-11-06T10:21:05+00:00","description":"Plastikust pindade vaha. Taastab l\u00e4ike akr\u00fc\u00fclile, pol\u00fckarbonaadile, tendi akendele ja paljudele muudele plastikust pindadele.Lihtne kasutada.","breadcrumb":{"@id":"https:\/\/baltoil.ee\/toode\/plastic-polish-restorer\/#breadcrumb"},"inLanguage":"lt-LT","potentialAction":[{"@type":"ReadAction","target":["https:\/\/baltoil.ee\/toode\/plastic-polish-restorer\/"]}]},{"@type":"ImageObject","inLanguage":"lt-LT","@id":"https:\/\/baltoil.ee\/toode\/plastic-polish-restorer\/#primaryimage","url":"https:\/\/baltoil.ee\/wp-content\/uploads\/2019\/09\/star-brite-plastic-polish-restorer.png","contentUrl":"https:\/\/baltoil.ee\/wp-content\/uploads\/2019\/09\/star-brite-plastic-polish-restorer.png","width":300,"height":600},{"@type":"BreadcrumbList","@id":"https:\/\/baltoil.ee\/toode\/plastic-polish-restorer\/#breadcrumb","itemListElement":[{"@type":"ListItem","position":1,"name":"Home","item":"https:\/\/baltoil.ee\/lt\/"},{"@type":"ListItem","position":2,"name":"Tooted","item":"https:\/\/baltoil.ee\/tooted\/"},{"@type":"ListItem","position":3,"name":"Plastic Polish Restorer"}]},{"@type":"WebSite","@id":"https:\/\/baltoil.ee\/#website","url":"https:\/\/baltoil.ee\/","name":"Baltoil","description":"","publisher":{"@id":"https:\/\/baltoil.ee\/#organization"},"potentialAction":[{"@type":"SearchAction","target":{"@type":"EntryPoint","urlTemplate":"https:\/\/baltoil.ee\/?s={search_term_string}"},"query-input":{"@type":"PropertyValueSpecification","valueRequired":true,"valueName":"search_term_string"}}],"inLanguage":"lt-LT"},{"@type":"Organization","@id":"https:\/\/baltoil.ee\/#organization","name":"AS Baltoil","url":"https:\/\/baltoil.ee\/","logo":{"@type":"ImageObject","inLanguage":"lt-LT","@id":"https:\/\/baltoil.ee\/#\/schema\/logo\/image\/","url":"https:\/\/baltoil.ee\/wp-content\/uploads\/2020\/04\/baltoil_logo.svg","contentUrl":"https:\/\/baltoil.ee\/wp-content\/uploads\/2020\/04\/baltoil_logo.svg","width":1,"height":1,"caption":"AS Baltoil"},"image":{"@id":"https:\/\/baltoil.ee\/#\/schema\/logo\/image\/"}}]}},"_links":{"self":[{"href":"https:\/\/baltoil.ee\/lt\/wp-json\/wp\/v2\/product\/1421","targetHints":{"allow":["GET"]}}],"collection":[{"href":"https:\/\/baltoil.ee\/lt\/wp-json\/wp\/v2\/product"}],"about":[{"href":"https:\/\/baltoil.ee\/lt\/wp-json\/wp\/v2\/types\/product"}],"wp:featuredmedia":[{"embeddable":true,"href":"https:\/\/baltoil.ee\/lt\/wp-json\/wp\/v2\/media\/1422"}],"wp:attachment":[{"href":"https:\/\/baltoil.ee\/lt\/wp-json\/wp\/v2\/media?parent=1421"}],"wp:term":[{"taxonomy":"product_brand","embeddable":true,"href":"https:\/\/baltoil.ee\/lt\/wp-json\/wp\/v2\/product_brand?post=1421"},{"taxonomy":"product_cat","embeddable":true,"href":"https:\/\/baltoil.ee\/lt\/wp-json\/wp\/v2\/product_cat?post=1421"},{"taxonomy":"product_tag","embeddable":true,"href":"https:\/\/baltoil.ee\/lt\/wp-json\/wp\/v2\/product_tag?post=1421"}],"curies":[{"name":"wp","href":"https:\/\/api.w.org\/{rel}","templated":true}]}}