{"id":1384,"date":"2019-09-26T08:17:27","date_gmt":"2019-09-26T08:17:27","guid":{"rendered":"https:\/\/dev.baltoil.ee\/?post_type=product&#038;p=1384"},"modified":"2019-11-07T13:01:12","modified_gmt":"2019-11-07T13:01:12","slug":"mildew-stain-blocker","status":"publish","type":"product","link":"https:\/\/baltoil.ee\/lt\/toode\/mildew-stain-blocker\/","title":{"rendered":"Mildew Stain Blocker"},"content":{"rendered":"<input class=\"fooboxshare_post_id\" type=\"hidden\" value=\"1384\"\/>","protected":false},"excerpt":{"rendered":"<p>Hallituse takistaja ja l\u00f5hna eemaldaja.<\/p>\n<p>\u201eNano Tech Barrier\u201c kaitseb hallituse tekkimise eest.<\/p>\n<ul>\n<li>Siseruumides peab vastu kuni 3 kuud.<\/li>\n<li>Turvaline kasutada. Pole ohtlik lastele, t\u00e4iskasvanutele ega lemmikloomadele.<\/li>\n<li>Sobib klaaskiust, vin\u00fc\u00fclist, plastikust, kummist, kangast ja v\u00e4rvitud pindadele.<\/li>\n<\/ul>\n<p>Toote nr. 86622<br \/>\nSuurus 650 ml<\/p>\n<p><a href=\"http:\/\/www.starbrite.com\/item\/mildew-stain-blocker-with-nano-tech-barrier?category_id=570\" target=\"_blank\" rel=\"noopener noreferrer\">Tootja koduleht<\/a><\/p>\n","protected":false},"featured_media":1385,"template":"","meta":{"_acf_changed":false},"product_brand":[],"product_cat":[70],"product_tag":[137,136,121,88,135],"class_list":{"0":"post-1384","1":"product","2":"type-product","3":"status-publish","4":"has-post-thumbnail","6":"product_cat-star-brite-tooted","7":"product_tag-marine","8":"product_tag-paadihooldus","9":"product_tag-puhastusaine","10":"product_tag-star-brite","11":"product_tag-starbrite","13":"first","14":"instock","15":"shipping-taxable","16":"product-type-simple"},"acf":[],"yoast_head":"<!-- This site is optimized with the Yoast SEO plugin v27.3 - https:\/\/yoast.com\/product\/yoast-seo-wordpress\/ -->\n<title>Mildew Stain Blocker - Hallituse takistaja - Star brite - Baltoil<\/title>\n<meta name=\"description\" content=\"Hallituse takistaja ja l\u00f5hna eemaldaja.\u201eNano Tech Barrier\u201c kaitseb hallituse tekkimise eest. Siseruumides peab vastu kuni 3 kuud.Turvaline kasutada.\" \/>\n<meta name=\"robots\" content=\"index, follow, max-snippet:-1, max-image-preview:large, max-video-preview:-1\" \/>\n<link rel=\"canonical\" href=\"https:\/\/baltoil.ee\/toode\/mildew-stain-blocker\/\" \/>\n<meta property=\"og:locale\" content=\"lt_LT\" \/>\n<meta property=\"og:type\" content=\"article\" \/>\n<meta property=\"og:title\" content=\"Mildew Stain Blocker - Hallituse takistaja - Star brite - Baltoil\" \/>\n<meta property=\"og:description\" content=\"Hallituse takistaja ja l\u00f5hna eemaldaja.\u201eNano Tech Barrier\u201c kaitseb hallituse tekkimise eest. Siseruumides peab vastu kuni 3 kuud.Turvaline kasutada.\" \/>\n<meta property=\"og:url\" content=\"https:\/\/baltoil.ee\/toode\/mildew-stain-blocker\/\" \/>\n<meta property=\"og:site_name\" content=\"Baltoil\" \/>\n<meta property=\"article:modified_time\" content=\"2019-11-07T13:01:12+00:00\" \/>\n<meta property=\"og:image\" content=\"https:\/\/baltoil.ee\/wp-content\/uploads\/2019\/09\/star-brite-mildew-stain-blocker.png\" \/>\n\t<meta property=\"og:image:width\" content=\"300\" \/>\n\t<meta property=\"og:image:height\" content=\"600\" \/>\n\t<meta property=\"og:image:type\" content=\"image\/png\" \/>\n<meta name=\"twitter:card\" content=\"summary_large_image\" \/>\n<script type=\"application\/ld+json\" class=\"yoast-schema-graph\">{\"@context\":\"https:\\\/\\\/schema.org\",\"@graph\":[{\"@type\":\"WebPage\",\"@id\":\"https:\\\/\\\/baltoil.ee\\\/toode\\\/mildew-stain-blocker\\\/\",\"url\":\"https:\\\/\\\/baltoil.ee\\\/toode\\\/mildew-stain-blocker\\\/\",\"name\":\"Mildew Stain Blocker - Hallituse takistaja - Star brite - Baltoil\",\"isPartOf\":{\"@id\":\"https:\\\/\\\/baltoil.ee\\\/#website\"},\"primaryImageOfPage\":{\"@id\":\"https:\\\/\\\/baltoil.ee\\\/toode\\\/mildew-stain-blocker\\\/#primaryimage\"},\"image\":{\"@id\":\"https:\\\/\\\/baltoil.ee\\\/toode\\\/mildew-stain-blocker\\\/#primaryimage\"},\"thumbnailUrl\":\"https:\\\/\\\/baltoil.ee\\\/wp-content\\\/uploads\\\/2019\\\/09\\\/star-brite-mildew-stain-blocker.png\",\"datePublished\":\"2019-09-26T08:17:27+00:00\",\"dateModified\":\"2019-11-07T13:01:12+00:00\",\"description\":\"Hallituse takistaja ja l\u00f5hna eemaldaja.\u201eNano Tech Barrier\u201c kaitseb hallituse tekkimise eest. Siseruumides peab vastu kuni 3 kuud.Turvaline kasutada.\",\"breadcrumb\":{\"@id\":\"https:\\\/\\\/baltoil.ee\\\/toode\\\/mildew-stain-blocker\\\/#breadcrumb\"},\"inLanguage\":\"lt-LT\",\"potentialAction\":[{\"@type\":\"ReadAction\",\"target\":[\"https:\\\/\\\/baltoil.ee\\\/toode\\\/mildew-stain-blocker\\\/\"]}]},{\"@type\":\"ImageObject\",\"inLanguage\":\"lt-LT\",\"@id\":\"https:\\\/\\\/baltoil.ee\\\/toode\\\/mildew-stain-blocker\\\/#primaryimage\",\"url\":\"https:\\\/\\\/baltoil.ee\\\/wp-content\\\/uploads\\\/2019\\\/09\\\/star-brite-mildew-stain-blocker.png\",\"contentUrl\":\"https:\\\/\\\/baltoil.ee\\\/wp-content\\\/uploads\\\/2019\\\/09\\\/star-brite-mildew-stain-blocker.png\",\"width\":300,\"height\":600},{\"@type\":\"BreadcrumbList\",\"@id\":\"https:\\\/\\\/baltoil.ee\\\/toode\\\/mildew-stain-blocker\\\/#breadcrumb\",\"itemListElement\":[{\"@type\":\"ListItem\",\"position\":1,\"name\":\"Home\",\"item\":\"https:\\\/\\\/baltoil.ee\\\/lt\\\/\"},{\"@type\":\"ListItem\",\"position\":2,\"name\":\"Tooted\",\"item\":\"https:\\\/\\\/baltoil.ee\\\/tooted\\\/\"},{\"@type\":\"ListItem\",\"position\":3,\"name\":\"Mildew Stain Blocker\"}]},{\"@type\":\"WebSite\",\"@id\":\"https:\\\/\\\/baltoil.ee\\\/#website\",\"url\":\"https:\\\/\\\/baltoil.ee\\\/\",\"name\":\"Baltoil\",\"description\":\"\",\"publisher\":{\"@id\":\"https:\\\/\\\/baltoil.ee\\\/#organization\"},\"potentialAction\":[{\"@type\":\"SearchAction\",\"target\":{\"@type\":\"EntryPoint\",\"urlTemplate\":\"https:\\\/\\\/baltoil.ee\\\/?s={search_term_string}\"},\"query-input\":{\"@type\":\"PropertyValueSpecification\",\"valueRequired\":true,\"valueName\":\"search_term_string\"}}],\"inLanguage\":\"lt-LT\"},{\"@type\":\"Organization\",\"@id\":\"https:\\\/\\\/baltoil.ee\\\/#organization\",\"name\":\"AS Baltoil\",\"url\":\"https:\\\/\\\/baltoil.ee\\\/\",\"logo\":{\"@type\":\"ImageObject\",\"inLanguage\":\"lt-LT\",\"@id\":\"https:\\\/\\\/baltoil.ee\\\/#\\\/schema\\\/logo\\\/image\\\/\",\"url\":\"https:\\\/\\\/baltoil.ee\\\/wp-content\\\/uploads\\\/2020\\\/04\\\/baltoil_logo.svg\",\"contentUrl\":\"https:\\\/\\\/baltoil.ee\\\/wp-content\\\/uploads\\\/2020\\\/04\\\/baltoil_logo.svg\",\"width\":1,\"height\":1,\"caption\":\"AS Baltoil\"},\"image\":{\"@id\":\"https:\\\/\\\/baltoil.ee\\\/#\\\/schema\\\/logo\\\/image\\\/\"}}]}<\/script>\n<!-- \/ Yoast SEO plugin. -->","yoast_head_json":{"title":"Mildew Stain Blocker - Hallituse takistaja - Star brite - Baltoil","description":"Hallituse takistaja ja l\u00f5hna eemaldaja.\u201eNano Tech Barrier\u201c kaitseb hallituse tekkimise eest. Siseruumides peab vastu kuni 3 kuud.Turvaline kasutada.","robots":{"index":"index","follow":"follow","max-snippet":"max-snippet:-1","max-image-preview":"max-image-preview:large","max-video-preview":"max-video-preview:-1"},"canonical":"https:\/\/baltoil.ee\/toode\/mildew-stain-blocker\/","og_locale":"lt_LT","og_type":"article","og_title":"Mildew Stain Blocker - Hallituse takistaja - Star brite - Baltoil","og_description":"Hallituse takistaja ja l\u00f5hna eemaldaja.\u201eNano Tech Barrier\u201c kaitseb hallituse tekkimise eest. Siseruumides peab vastu kuni 3 kuud.Turvaline kasutada.","og_url":"https:\/\/baltoil.ee\/toode\/mildew-stain-blocker\/","og_site_name":"Baltoil","article_modified_time":"2019-11-07T13:01:12+00:00","og_image":[{"width":300,"height":600,"url":"https:\/\/baltoil.ee\/wp-content\/uploads\/2019\/09\/star-brite-mildew-stain-blocker.png","type":"image\/png"}],"twitter_card":"summary_large_image","schema":{"@context":"https:\/\/schema.org","@graph":[{"@type":"WebPage","@id":"https:\/\/baltoil.ee\/toode\/mildew-stain-blocker\/","url":"https:\/\/baltoil.ee\/toode\/mildew-stain-blocker\/","name":"Mildew Stain Blocker - Hallituse takistaja - Star brite - Baltoil","isPartOf":{"@id":"https:\/\/baltoil.ee\/#website"},"primaryImageOfPage":{"@id":"https:\/\/baltoil.ee\/toode\/mildew-stain-blocker\/#primaryimage"},"image":{"@id":"https:\/\/baltoil.ee\/toode\/mildew-stain-blocker\/#primaryimage"},"thumbnailUrl":"https:\/\/baltoil.ee\/wp-content\/uploads\/2019\/09\/star-brite-mildew-stain-blocker.png","datePublished":"2019-09-26T08:17:27+00:00","dateModified":"2019-11-07T13:01:12+00:00","description":"Hallituse takistaja ja l\u00f5hna eemaldaja.\u201eNano Tech Barrier\u201c kaitseb hallituse tekkimise eest. Siseruumides peab vastu kuni 3 kuud.Turvaline kasutada.","breadcrumb":{"@id":"https:\/\/baltoil.ee\/toode\/mildew-stain-blocker\/#breadcrumb"},"inLanguage":"lt-LT","potentialAction":[{"@type":"ReadAction","target":["https:\/\/baltoil.ee\/toode\/mildew-stain-blocker\/"]}]},{"@type":"ImageObject","inLanguage":"lt-LT","@id":"https:\/\/baltoil.ee\/toode\/mildew-stain-blocker\/#primaryimage","url":"https:\/\/baltoil.ee\/wp-content\/uploads\/2019\/09\/star-brite-mildew-stain-blocker.png","contentUrl":"https:\/\/baltoil.ee\/wp-content\/uploads\/2019\/09\/star-brite-mildew-stain-blocker.png","width":300,"height":600},{"@type":"BreadcrumbList","@id":"https:\/\/baltoil.ee\/toode\/mildew-stain-blocker\/#breadcrumb","itemListElement":[{"@type":"ListItem","position":1,"name":"Home","item":"https:\/\/baltoil.ee\/lt\/"},{"@type":"ListItem","position":2,"name":"Tooted","item":"https:\/\/baltoil.ee\/tooted\/"},{"@type":"ListItem","position":3,"name":"Mildew Stain Blocker"}]},{"@type":"WebSite","@id":"https:\/\/baltoil.ee\/#website","url":"https:\/\/baltoil.ee\/","name":"Baltoil","description":"","publisher":{"@id":"https:\/\/baltoil.ee\/#organization"},"potentialAction":[{"@type":"SearchAction","target":{"@type":"EntryPoint","urlTemplate":"https:\/\/baltoil.ee\/?s={search_term_string}"},"query-input":{"@type":"PropertyValueSpecification","valueRequired":true,"valueName":"search_term_string"}}],"inLanguage":"lt-LT"},{"@type":"Organization","@id":"https:\/\/baltoil.ee\/#organization","name":"AS Baltoil","url":"https:\/\/baltoil.ee\/","logo":{"@type":"ImageObject","inLanguage":"lt-LT","@id":"https:\/\/baltoil.ee\/#\/schema\/logo\/image\/","url":"https:\/\/baltoil.ee\/wp-content\/uploads\/2020\/04\/baltoil_logo.svg","contentUrl":"https:\/\/baltoil.ee\/wp-content\/uploads\/2020\/04\/baltoil_logo.svg","width":1,"height":1,"caption":"AS Baltoil"},"image":{"@id":"https:\/\/baltoil.ee\/#\/schema\/logo\/image\/"}}]}},"_links":{"self":[{"href":"https:\/\/baltoil.ee\/lt\/wp-json\/wp\/v2\/product\/1384","targetHints":{"allow":["GET"]}}],"collection":[{"href":"https:\/\/baltoil.ee\/lt\/wp-json\/wp\/v2\/product"}],"about":[{"href":"https:\/\/baltoil.ee\/lt\/wp-json\/wp\/v2\/types\/product"}],"wp:featuredmedia":[{"embeddable":true,"href":"https:\/\/baltoil.ee\/lt\/wp-json\/wp\/v2\/media\/1385"}],"wp:attachment":[{"href":"https:\/\/baltoil.ee\/lt\/wp-json\/wp\/v2\/media?parent=1384"}],"wp:term":[{"taxonomy":"product_brand","embeddable":true,"href":"https:\/\/baltoil.ee\/lt\/wp-json\/wp\/v2\/product_brand?post=1384"},{"taxonomy":"product_cat","embeddable":true,"href":"https:\/\/baltoil.ee\/lt\/wp-json\/wp\/v2\/product_cat?post=1384"},{"taxonomy":"product_tag","embeddable":true,"href":"https:\/\/baltoil.ee\/lt\/wp-json\/wp\/v2\/product_tag?post=1384"}],"curies":[{"name":"wp","href":"https:\/\/api.w.org\/{rel}","templated":true}]}}