{"id":1367,"date":"2019-09-26T07:42:43","date_gmt":"2019-09-26T07:42:43","guid":{"rendered":"https:\/\/dev.baltoil.ee\/?post_type=product&#038;p=1367"},"modified":"2019-11-07T13:40:14","modified_gmt":"2019-11-07T13:40:14","slug":"inflatable-boat-fender-cleaner-protector","status":"publish","type":"product","link":"https:\/\/baltoil.ee\/lt\/toode\/inflatable-boat-fender-cleaner-protector\/","title":{"rendered":"Inflatable Boat &#038; Fender Cleaner \/ Protector"},"content":{"rendered":"<input class=\"fooboxshare_post_id\" type=\"hidden\" value=\"1367\"\/>","protected":false},"excerpt":{"rendered":"<p>Kummipaatide ja vendrite puhastus- ja kaitseaine.<\/p>\n<p>T\u00f5hus vahend mustuse, tahma, kulumisj\u00e4lgede ja plekkide eemaldamiseks.<\/p>\n<ul>\n<li>Turvaline kasutada k\u00f5ikidel kummist ja vin\u00fc\u00fclist pindadel.<\/li>\n<li>Tekitab tugeva kaitsekihi.<\/li>\n<li>Kiire ning lihtne moodus kummipaatide ja vendrite puhastamiseks ja kaitsmiseks.<\/li>\n<\/ul>\n<p>Toote nr. 83416<br \/>\nSuurus 473 ml<\/p>\n<p><a href=\"http:\/\/www.starbrite.com\/item\/inflatable-boat-cleaner\" target=\"_blank\" rel=\"noopener noreferrer\">Tootja koduleht<\/a><\/p>\n","protected":false},"featured_media":1368,"template":"","meta":{"_acf_changed":false},"product_brand":[],"product_cat":[70],"product_tag":[84,137,136,121,88,135],"class_list":{"0":"post-1367","1":"product","2":"type-product","3":"status-publish","4":"has-post-thumbnail","6":"product_cat-star-brite-tooted","7":"product_tag-hooldusaine","8":"product_tag-marine","9":"product_tag-paadihooldus","10":"product_tag-puhastusaine","11":"product_tag-star-brite","12":"product_tag-starbrite","14":"first","15":"instock","16":"shipping-taxable","17":"product-type-simple"},"acf":[],"yoast_head":"<!-- This site is optimized with the Yoast SEO plugin v27.3 - https:\/\/yoast.com\/product\/yoast-seo-wordpress\/ -->\n<title>Inflatable Boat &amp; Fender Cleaner \/ Protector - Kummipaatide puhastusaine - Star brite- Baltoil<\/title>\n<meta name=\"description\" content=\"Kummipaatide ja vendrite puhastus- ja kaitseaine. T\u00f5hus vahend mustuse, tahma, kulumisj\u00e4lgede ja plekkide eemaldamiseks. Tekitab tugeva kaitsekihi.\" \/>\n<meta name=\"robots\" content=\"index, follow, max-snippet:-1, max-image-preview:large, max-video-preview:-1\" \/>\n<link rel=\"canonical\" href=\"https:\/\/baltoil.ee\/toode\/inflatable-boat-fender-cleaner-protector\/\" \/>\n<meta property=\"og:locale\" content=\"lt_LT\" \/>\n<meta property=\"og:type\" content=\"article\" \/>\n<meta property=\"og:title\" content=\"Inflatable Boat &amp; Fender Cleaner \/ Protector - Kummipaatide puhastusaine - Star brite- Baltoil\" \/>\n<meta property=\"og:description\" content=\"Kummipaatide ja vendrite puhastus- ja kaitseaine. T\u00f5hus vahend mustuse, tahma, kulumisj\u00e4lgede ja plekkide eemaldamiseks. Tekitab tugeva kaitsekihi.\" \/>\n<meta property=\"og:url\" content=\"https:\/\/baltoil.ee\/toode\/inflatable-boat-fender-cleaner-protector\/\" \/>\n<meta property=\"og:site_name\" content=\"Baltoil\" \/>\n<meta property=\"article:modified_time\" content=\"2019-11-07T13:40:14+00:00\" \/>\n<meta property=\"og:image\" content=\"https:\/\/baltoil.ee\/wp-content\/uploads\/2019\/09\/starbrite-inflatable-boat.png\" \/>\n\t<meta property=\"og:image:width\" content=\"300\" \/>\n\t<meta property=\"og:image:height\" content=\"600\" \/>\n\t<meta property=\"og:image:type\" content=\"image\/png\" \/>\n<meta name=\"twitter:card\" content=\"summary_large_image\" \/>\n<script type=\"application\/ld+json\" class=\"yoast-schema-graph\">{\"@context\":\"https:\\\/\\\/schema.org\",\"@graph\":[{\"@type\":\"WebPage\",\"@id\":\"https:\\\/\\\/baltoil.ee\\\/toode\\\/inflatable-boat-fender-cleaner-protector\\\/\",\"url\":\"https:\\\/\\\/baltoil.ee\\\/toode\\\/inflatable-boat-fender-cleaner-protector\\\/\",\"name\":\"Inflatable Boat & Fender Cleaner \\\/ Protector - Kummipaatide puhastusaine - Star brite- Baltoil\",\"isPartOf\":{\"@id\":\"https:\\\/\\\/baltoil.ee\\\/#website\"},\"primaryImageOfPage\":{\"@id\":\"https:\\\/\\\/baltoil.ee\\\/toode\\\/inflatable-boat-fender-cleaner-protector\\\/#primaryimage\"},\"image\":{\"@id\":\"https:\\\/\\\/baltoil.ee\\\/toode\\\/inflatable-boat-fender-cleaner-protector\\\/#primaryimage\"},\"thumbnailUrl\":\"https:\\\/\\\/baltoil.ee\\\/wp-content\\\/uploads\\\/2019\\\/09\\\/starbrite-inflatable-boat.png\",\"datePublished\":\"2019-09-26T07:42:43+00:00\",\"dateModified\":\"2019-11-07T13:40:14+00:00\",\"description\":\"Kummipaatide ja vendrite puhastus- ja kaitseaine. T\u00f5hus vahend mustuse, tahma, kulumisj\u00e4lgede ja plekkide eemaldamiseks. Tekitab tugeva kaitsekihi.\",\"breadcrumb\":{\"@id\":\"https:\\\/\\\/baltoil.ee\\\/toode\\\/inflatable-boat-fender-cleaner-protector\\\/#breadcrumb\"},\"inLanguage\":\"lt-LT\",\"potentialAction\":[{\"@type\":\"ReadAction\",\"target\":[\"https:\\\/\\\/baltoil.ee\\\/toode\\\/inflatable-boat-fender-cleaner-protector\\\/\"]}]},{\"@type\":\"ImageObject\",\"inLanguage\":\"lt-LT\",\"@id\":\"https:\\\/\\\/baltoil.ee\\\/toode\\\/inflatable-boat-fender-cleaner-protector\\\/#primaryimage\",\"url\":\"https:\\\/\\\/baltoil.ee\\\/wp-content\\\/uploads\\\/2019\\\/09\\\/starbrite-inflatable-boat.png\",\"contentUrl\":\"https:\\\/\\\/baltoil.ee\\\/wp-content\\\/uploads\\\/2019\\\/09\\\/starbrite-inflatable-boat.png\",\"width\":300,\"height\":600},{\"@type\":\"BreadcrumbList\",\"@id\":\"https:\\\/\\\/baltoil.ee\\\/toode\\\/inflatable-boat-fender-cleaner-protector\\\/#breadcrumb\",\"itemListElement\":[{\"@type\":\"ListItem\",\"position\":1,\"name\":\"Home\",\"item\":\"https:\\\/\\\/baltoil.ee\\\/lt\\\/\"},{\"@type\":\"ListItem\",\"position\":2,\"name\":\"Tooted\",\"item\":\"https:\\\/\\\/baltoil.ee\\\/tooted\\\/\"},{\"@type\":\"ListItem\",\"position\":3,\"name\":\"Inflatable Boat &#038; Fender Cleaner \\\/ Protector\"}]},{\"@type\":\"WebSite\",\"@id\":\"https:\\\/\\\/baltoil.ee\\\/#website\",\"url\":\"https:\\\/\\\/baltoil.ee\\\/\",\"name\":\"Baltoil\",\"description\":\"\",\"publisher\":{\"@id\":\"https:\\\/\\\/baltoil.ee\\\/#organization\"},\"potentialAction\":[{\"@type\":\"SearchAction\",\"target\":{\"@type\":\"EntryPoint\",\"urlTemplate\":\"https:\\\/\\\/baltoil.ee\\\/?s={search_term_string}\"},\"query-input\":{\"@type\":\"PropertyValueSpecification\",\"valueRequired\":true,\"valueName\":\"search_term_string\"}}],\"inLanguage\":\"lt-LT\"},{\"@type\":\"Organization\",\"@id\":\"https:\\\/\\\/baltoil.ee\\\/#organization\",\"name\":\"AS Baltoil\",\"url\":\"https:\\\/\\\/baltoil.ee\\\/\",\"logo\":{\"@type\":\"ImageObject\",\"inLanguage\":\"lt-LT\",\"@id\":\"https:\\\/\\\/baltoil.ee\\\/#\\\/schema\\\/logo\\\/image\\\/\",\"url\":\"https:\\\/\\\/baltoil.ee\\\/wp-content\\\/uploads\\\/2020\\\/04\\\/baltoil_logo.svg\",\"contentUrl\":\"https:\\\/\\\/baltoil.ee\\\/wp-content\\\/uploads\\\/2020\\\/04\\\/baltoil_logo.svg\",\"width\":1,\"height\":1,\"caption\":\"AS Baltoil\"},\"image\":{\"@id\":\"https:\\\/\\\/baltoil.ee\\\/#\\\/schema\\\/logo\\\/image\\\/\"}}]}<\/script>\n<!-- \/ Yoast SEO plugin. -->","yoast_head_json":{"title":"Inflatable Boat & Fender Cleaner \/ Protector - Kummipaatide puhastusaine - Star brite- Baltoil","description":"Kummipaatide ja vendrite puhastus- ja kaitseaine. T\u00f5hus vahend mustuse, tahma, kulumisj\u00e4lgede ja plekkide eemaldamiseks. Tekitab tugeva kaitsekihi.","robots":{"index":"index","follow":"follow","max-snippet":"max-snippet:-1","max-image-preview":"max-image-preview:large","max-video-preview":"max-video-preview:-1"},"canonical":"https:\/\/baltoil.ee\/toode\/inflatable-boat-fender-cleaner-protector\/","og_locale":"lt_LT","og_type":"article","og_title":"Inflatable Boat & Fender Cleaner \/ Protector - Kummipaatide puhastusaine - Star brite- Baltoil","og_description":"Kummipaatide ja vendrite puhastus- ja kaitseaine. T\u00f5hus vahend mustuse, tahma, kulumisj\u00e4lgede ja plekkide eemaldamiseks. Tekitab tugeva kaitsekihi.","og_url":"https:\/\/baltoil.ee\/toode\/inflatable-boat-fender-cleaner-protector\/","og_site_name":"Baltoil","article_modified_time":"2019-11-07T13:40:14+00:00","og_image":[{"width":300,"height":600,"url":"https:\/\/baltoil.ee\/wp-content\/uploads\/2019\/09\/starbrite-inflatable-boat.png","type":"image\/png"}],"twitter_card":"summary_large_image","schema":{"@context":"https:\/\/schema.org","@graph":[{"@type":"WebPage","@id":"https:\/\/baltoil.ee\/toode\/inflatable-boat-fender-cleaner-protector\/","url":"https:\/\/baltoil.ee\/toode\/inflatable-boat-fender-cleaner-protector\/","name":"Inflatable Boat & Fender Cleaner \/ Protector - Kummipaatide puhastusaine - Star brite- Baltoil","isPartOf":{"@id":"https:\/\/baltoil.ee\/#website"},"primaryImageOfPage":{"@id":"https:\/\/baltoil.ee\/toode\/inflatable-boat-fender-cleaner-protector\/#primaryimage"},"image":{"@id":"https:\/\/baltoil.ee\/toode\/inflatable-boat-fender-cleaner-protector\/#primaryimage"},"thumbnailUrl":"https:\/\/baltoil.ee\/wp-content\/uploads\/2019\/09\/starbrite-inflatable-boat.png","datePublished":"2019-09-26T07:42:43+00:00","dateModified":"2019-11-07T13:40:14+00:00","description":"Kummipaatide ja vendrite puhastus- ja kaitseaine. T\u00f5hus vahend mustuse, tahma, kulumisj\u00e4lgede ja plekkide eemaldamiseks. Tekitab tugeva kaitsekihi.","breadcrumb":{"@id":"https:\/\/baltoil.ee\/toode\/inflatable-boat-fender-cleaner-protector\/#breadcrumb"},"inLanguage":"lt-LT","potentialAction":[{"@type":"ReadAction","target":["https:\/\/baltoil.ee\/toode\/inflatable-boat-fender-cleaner-protector\/"]}]},{"@type":"ImageObject","inLanguage":"lt-LT","@id":"https:\/\/baltoil.ee\/toode\/inflatable-boat-fender-cleaner-protector\/#primaryimage","url":"https:\/\/baltoil.ee\/wp-content\/uploads\/2019\/09\/starbrite-inflatable-boat.png","contentUrl":"https:\/\/baltoil.ee\/wp-content\/uploads\/2019\/09\/starbrite-inflatable-boat.png","width":300,"height":600},{"@type":"BreadcrumbList","@id":"https:\/\/baltoil.ee\/toode\/inflatable-boat-fender-cleaner-protector\/#breadcrumb","itemListElement":[{"@type":"ListItem","position":1,"name":"Home","item":"https:\/\/baltoil.ee\/lt\/"},{"@type":"ListItem","position":2,"name":"Tooted","item":"https:\/\/baltoil.ee\/tooted\/"},{"@type":"ListItem","position":3,"name":"Inflatable Boat &#038; Fender Cleaner \/ Protector"}]},{"@type":"WebSite","@id":"https:\/\/baltoil.ee\/#website","url":"https:\/\/baltoil.ee\/","name":"Baltoil","description":"","publisher":{"@id":"https:\/\/baltoil.ee\/#organization"},"potentialAction":[{"@type":"SearchAction","target":{"@type":"EntryPoint","urlTemplate":"https:\/\/baltoil.ee\/?s={search_term_string}"},"query-input":{"@type":"PropertyValueSpecification","valueRequired":true,"valueName":"search_term_string"}}],"inLanguage":"lt-LT"},{"@type":"Organization","@id":"https:\/\/baltoil.ee\/#organization","name":"AS Baltoil","url":"https:\/\/baltoil.ee\/","logo":{"@type":"ImageObject","inLanguage":"lt-LT","@id":"https:\/\/baltoil.ee\/#\/schema\/logo\/image\/","url":"https:\/\/baltoil.ee\/wp-content\/uploads\/2020\/04\/baltoil_logo.svg","contentUrl":"https:\/\/baltoil.ee\/wp-content\/uploads\/2020\/04\/baltoil_logo.svg","width":1,"height":1,"caption":"AS Baltoil"},"image":{"@id":"https:\/\/baltoil.ee\/#\/schema\/logo\/image\/"}}]}},"_links":{"self":[{"href":"https:\/\/baltoil.ee\/lt\/wp-json\/wp\/v2\/product\/1367","targetHints":{"allow":["GET"]}}],"collection":[{"href":"https:\/\/baltoil.ee\/lt\/wp-json\/wp\/v2\/product"}],"about":[{"href":"https:\/\/baltoil.ee\/lt\/wp-json\/wp\/v2\/types\/product"}],"wp:featuredmedia":[{"embeddable":true,"href":"https:\/\/baltoil.ee\/lt\/wp-json\/wp\/v2\/media\/1368"}],"wp:attachment":[{"href":"https:\/\/baltoil.ee\/lt\/wp-json\/wp\/v2\/media?parent=1367"}],"wp:term":[{"taxonomy":"product_brand","embeddable":true,"href":"https:\/\/baltoil.ee\/lt\/wp-json\/wp\/v2\/product_brand?post=1367"},{"taxonomy":"product_cat","embeddable":true,"href":"https:\/\/baltoil.ee\/lt\/wp-json\/wp\/v2\/product_cat?post=1367"},{"taxonomy":"product_tag","embeddable":true,"href":"https:\/\/baltoil.ee\/lt\/wp-json\/wp\/v2\/product_tag?post=1367"}],"curies":[{"name":"wp","href":"https:\/\/api.w.org\/{rel}","templated":true}]}}