{"id":1362,"date":"2019-09-25T11:38:21","date_gmt":"2019-09-25T11:38:21","guid":{"rendered":"https:\/\/dev.baltoil.ee\/?post_type=product&#038;p=1362"},"modified":"2019-11-07T13:47:36","modified_gmt":"2019-11-07T13:47:36","slug":"super-premium-synthetic-blend-4-stroke-oil","status":"publish","type":"product","link":"https:\/\/baltoil.ee\/lt\/toode\/super-premium-synthetic-blend-4-stroke-oil\/","title":{"rendered":"Super Premium Synthetic Blend 4 Stroke Oil"},"content":{"rendered":"<input class=\"fooboxshare_post_id\" type=\"hidden\" value=\"1362\"\/>","protected":false},"excerpt":{"rendered":"<p>Pools\u00fcnteetiline 10W40 4-T paadimootori\u00f5li.<\/p>\n<p>\u00dcletab API n\u00f5uded SJ, SF-4 ja CH-4. \u00dcletab k\u00f5ik OEM- n\u00f5uded. Ei m\u00f5juta mootori garantiid.<\/p>\n<ul>\n<li>K\u00f5rgkvaliteetne pools\u00fcnteetiline mootori\u00f5li, mis on m\u00f5eldud t\u00f5husatele p\u00e4ramootoritele, bensiin-, kesk- ja sisep\u00e4ramootoritele.<\/li>\n<li>Lisaained optimeerivad mootori puhtuse ja takistavad tahma tekkimist.<\/li>\n<li>Eriti tugev pol\u00fcmeer-lisaine s\u00fcnteetilises baas\u00f5lis tagavad \u00f5ige viskoossuse ka karmides mereoludes.<\/li>\n<li>S\u00fcnteetiline\/orgaaniline segu tagab kiirema ja turvalisema k\u00e4ivituse ka k\u00fclmades oludes. See toode annab maksimaalse kaitse.<\/li>\n<\/ul>\n<p>Toote nr. 28232<br \/>\nSuurus 950 ml<\/p>\n<p>Toote nr. 28200<br \/>\nSuurus 3,79 l<\/p>\n<p><a href=\"http:\/\/www.starbrite.com\/item\/super-premium-synthetic-blend-4-stroke-oil-2\" target=\"_blank\" rel=\"noopener noreferrer\">Tootja koduleht<\/a><\/p>\n","protected":false},"featured_media":1365,"template":"","meta":{"_acf_changed":false},"product_brand":[],"product_cat":[70],"product_tag":[79,138,88],"class_list":{"0":"post-1362","1":"product","2":"type-product","3":"status-publish","4":"has-post-thumbnail","6":"product_cat-star-brite-tooted","7":"product_tag-oli","8":"product_tag-paadi","9":"product_tag-star-brite","11":"first","12":"instock","13":"shipping-taxable","14":"product-type-simple"},"acf":[],"yoast_head":"<!-- This site is optimized with the Yoast SEO plugin v27.3 - https:\/\/yoast.com\/product\/yoast-seo-wordpress\/ -->\n<title>Super Premium Synthetic Blend 4 Stroke Oil - paadimootori\u00f5li - Star brite - Baltoil<\/title>\n<meta name=\"description\" content=\"Pools\u00fcnteetiline 10W40 4-T paadimootori\u00f5li. \u00dcletab API n\u00f5uded SJ, SF-4, CH-4 ja OEM- n\u00f5uded. T\u00f5husatele p\u00e4ramootoritele, bensiin-, kesk- ja sisep\u00e4ramootoritele.\" \/>\n<meta name=\"robots\" content=\"index, follow, max-snippet:-1, max-image-preview:large, max-video-preview:-1\" \/>\n<link rel=\"canonical\" href=\"https:\/\/baltoil.ee\/toode\/super-premium-synthetic-blend-4-stroke-oil\/\" \/>\n<meta property=\"og:locale\" content=\"lt_LT\" \/>\n<meta property=\"og:type\" content=\"article\" \/>\n<meta property=\"og:title\" content=\"Super Premium Synthetic Blend 4 Stroke Oil - paadimootori\u00f5li - Star brite - Baltoil\" \/>\n<meta property=\"og:description\" content=\"Pools\u00fcnteetiline 10W40 4-T paadimootori\u00f5li. \u00dcletab API n\u00f5uded SJ, SF-4, CH-4 ja OEM- n\u00f5uded. T\u00f5husatele p\u00e4ramootoritele, bensiin-, kesk- ja sisep\u00e4ramootoritele.\" \/>\n<meta property=\"og:url\" content=\"https:\/\/baltoil.ee\/toode\/super-premium-synthetic-blend-4-stroke-oil\/\" \/>\n<meta property=\"og:site_name\" content=\"Baltoil\" \/>\n<meta property=\"article:modified_time\" content=\"2019-11-07T13:47:36+00:00\" \/>\n<meta property=\"og:image\" content=\"https:\/\/baltoil.ee\/wp-content\/uploads\/2019\/09\/super-premium-synthetic-blend-4-stroke-oil-950ml_142952912149.png\" \/>\n\t<meta property=\"og:image:width\" content=\"291\" \/>\n\t<meta property=\"og:image:height\" content=\"600\" \/>\n\t<meta property=\"og:image:type\" content=\"image\/png\" \/>\n<meta name=\"twitter:card\" content=\"summary_large_image\" \/>\n<script type=\"application\/ld+json\" class=\"yoast-schema-graph\">{\"@context\":\"https:\\\/\\\/schema.org\",\"@graph\":[{\"@type\":\"WebPage\",\"@id\":\"https:\\\/\\\/baltoil.ee\\\/toode\\\/super-premium-synthetic-blend-4-stroke-oil\\\/\",\"url\":\"https:\\\/\\\/baltoil.ee\\\/toode\\\/super-premium-synthetic-blend-4-stroke-oil\\\/\",\"name\":\"Super Premium Synthetic Blend 4 Stroke Oil - paadimootori\u00f5li - Star brite - Baltoil\",\"isPartOf\":{\"@id\":\"https:\\\/\\\/baltoil.ee\\\/#website\"},\"primaryImageOfPage\":{\"@id\":\"https:\\\/\\\/baltoil.ee\\\/toode\\\/super-premium-synthetic-blend-4-stroke-oil\\\/#primaryimage\"},\"image\":{\"@id\":\"https:\\\/\\\/baltoil.ee\\\/toode\\\/super-premium-synthetic-blend-4-stroke-oil\\\/#primaryimage\"},\"thumbnailUrl\":\"https:\\\/\\\/baltoil.ee\\\/wp-content\\\/uploads\\\/2019\\\/09\\\/super-premium-synthetic-blend-4-stroke-oil-950ml_142952912149.png\",\"datePublished\":\"2019-09-25T11:38:21+00:00\",\"dateModified\":\"2019-11-07T13:47:36+00:00\",\"description\":\"Pools\u00fcnteetiline 10W40 4-T paadimootori\u00f5li. \u00dcletab API n\u00f5uded SJ, SF-4, CH-4 ja OEM- n\u00f5uded. T\u00f5husatele p\u00e4ramootoritele, bensiin-, kesk- ja sisep\u00e4ramootoritele.\",\"breadcrumb\":{\"@id\":\"https:\\\/\\\/baltoil.ee\\\/toode\\\/super-premium-synthetic-blend-4-stroke-oil\\\/#breadcrumb\"},\"inLanguage\":\"lt-LT\",\"potentialAction\":[{\"@type\":\"ReadAction\",\"target\":[\"https:\\\/\\\/baltoil.ee\\\/toode\\\/super-premium-synthetic-blend-4-stroke-oil\\\/\"]}]},{\"@type\":\"ImageObject\",\"inLanguage\":\"lt-LT\",\"@id\":\"https:\\\/\\\/baltoil.ee\\\/toode\\\/super-premium-synthetic-blend-4-stroke-oil\\\/#primaryimage\",\"url\":\"https:\\\/\\\/baltoil.ee\\\/wp-content\\\/uploads\\\/2019\\\/09\\\/super-premium-synthetic-blend-4-stroke-oil-950ml_142952912149.png\",\"contentUrl\":\"https:\\\/\\\/baltoil.ee\\\/wp-content\\\/uploads\\\/2019\\\/09\\\/super-premium-synthetic-blend-4-stroke-oil-950ml_142952912149.png\",\"width\":291,\"height\":600},{\"@type\":\"BreadcrumbList\",\"@id\":\"https:\\\/\\\/baltoil.ee\\\/toode\\\/super-premium-synthetic-blend-4-stroke-oil\\\/#breadcrumb\",\"itemListElement\":[{\"@type\":\"ListItem\",\"position\":1,\"name\":\"Home\",\"item\":\"https:\\\/\\\/baltoil.ee\\\/lt\\\/\"},{\"@type\":\"ListItem\",\"position\":2,\"name\":\"Tooted\",\"item\":\"https:\\\/\\\/baltoil.ee\\\/tooted\\\/\"},{\"@type\":\"ListItem\",\"position\":3,\"name\":\"Super Premium Synthetic Blend 4 Stroke Oil\"}]},{\"@type\":\"WebSite\",\"@id\":\"https:\\\/\\\/baltoil.ee\\\/#website\",\"url\":\"https:\\\/\\\/baltoil.ee\\\/\",\"name\":\"Baltoil\",\"description\":\"\",\"publisher\":{\"@id\":\"https:\\\/\\\/baltoil.ee\\\/#organization\"},\"potentialAction\":[{\"@type\":\"SearchAction\",\"target\":{\"@type\":\"EntryPoint\",\"urlTemplate\":\"https:\\\/\\\/baltoil.ee\\\/?s={search_term_string}\"},\"query-input\":{\"@type\":\"PropertyValueSpecification\",\"valueRequired\":true,\"valueName\":\"search_term_string\"}}],\"inLanguage\":\"lt-LT\"},{\"@type\":\"Organization\",\"@id\":\"https:\\\/\\\/baltoil.ee\\\/#organization\",\"name\":\"AS Baltoil\",\"url\":\"https:\\\/\\\/baltoil.ee\\\/\",\"logo\":{\"@type\":\"ImageObject\",\"inLanguage\":\"lt-LT\",\"@id\":\"https:\\\/\\\/baltoil.ee\\\/#\\\/schema\\\/logo\\\/image\\\/\",\"url\":\"https:\\\/\\\/baltoil.ee\\\/wp-content\\\/uploads\\\/2020\\\/04\\\/baltoil_logo.svg\",\"contentUrl\":\"https:\\\/\\\/baltoil.ee\\\/wp-content\\\/uploads\\\/2020\\\/04\\\/baltoil_logo.svg\",\"width\":1,\"height\":1,\"caption\":\"AS Baltoil\"},\"image\":{\"@id\":\"https:\\\/\\\/baltoil.ee\\\/#\\\/schema\\\/logo\\\/image\\\/\"}}]}<\/script>\n<!-- \/ Yoast SEO plugin. -->","yoast_head_json":{"title":"Super Premium Synthetic Blend 4 Stroke Oil - paadimootori\u00f5li - Star brite - Baltoil","description":"Pools\u00fcnteetiline 10W40 4-T paadimootori\u00f5li. \u00dcletab API n\u00f5uded SJ, SF-4, CH-4 ja OEM- n\u00f5uded. T\u00f5husatele p\u00e4ramootoritele, bensiin-, kesk- ja sisep\u00e4ramootoritele.","robots":{"index":"index","follow":"follow","max-snippet":"max-snippet:-1","max-image-preview":"max-image-preview:large","max-video-preview":"max-video-preview:-1"},"canonical":"https:\/\/baltoil.ee\/toode\/super-premium-synthetic-blend-4-stroke-oil\/","og_locale":"lt_LT","og_type":"article","og_title":"Super Premium Synthetic Blend 4 Stroke Oil - paadimootori\u00f5li - Star brite - Baltoil","og_description":"Pools\u00fcnteetiline 10W40 4-T paadimootori\u00f5li. \u00dcletab API n\u00f5uded SJ, SF-4, CH-4 ja OEM- n\u00f5uded. T\u00f5husatele p\u00e4ramootoritele, bensiin-, kesk- ja sisep\u00e4ramootoritele.","og_url":"https:\/\/baltoil.ee\/toode\/super-premium-synthetic-blend-4-stroke-oil\/","og_site_name":"Baltoil","article_modified_time":"2019-11-07T13:47:36+00:00","og_image":[{"width":291,"height":600,"url":"https:\/\/baltoil.ee\/wp-content\/uploads\/2019\/09\/super-premium-synthetic-blend-4-stroke-oil-950ml_142952912149.png","type":"image\/png"}],"twitter_card":"summary_large_image","schema":{"@context":"https:\/\/schema.org","@graph":[{"@type":"WebPage","@id":"https:\/\/baltoil.ee\/toode\/super-premium-synthetic-blend-4-stroke-oil\/","url":"https:\/\/baltoil.ee\/toode\/super-premium-synthetic-blend-4-stroke-oil\/","name":"Super Premium Synthetic Blend 4 Stroke Oil - paadimootori\u00f5li - Star brite - Baltoil","isPartOf":{"@id":"https:\/\/baltoil.ee\/#website"},"primaryImageOfPage":{"@id":"https:\/\/baltoil.ee\/toode\/super-premium-synthetic-blend-4-stroke-oil\/#primaryimage"},"image":{"@id":"https:\/\/baltoil.ee\/toode\/super-premium-synthetic-blend-4-stroke-oil\/#primaryimage"},"thumbnailUrl":"https:\/\/baltoil.ee\/wp-content\/uploads\/2019\/09\/super-premium-synthetic-blend-4-stroke-oil-950ml_142952912149.png","datePublished":"2019-09-25T11:38:21+00:00","dateModified":"2019-11-07T13:47:36+00:00","description":"Pools\u00fcnteetiline 10W40 4-T paadimootori\u00f5li. \u00dcletab API n\u00f5uded SJ, SF-4, CH-4 ja OEM- n\u00f5uded. T\u00f5husatele p\u00e4ramootoritele, bensiin-, kesk- ja sisep\u00e4ramootoritele.","breadcrumb":{"@id":"https:\/\/baltoil.ee\/toode\/super-premium-synthetic-blend-4-stroke-oil\/#breadcrumb"},"inLanguage":"lt-LT","potentialAction":[{"@type":"ReadAction","target":["https:\/\/baltoil.ee\/toode\/super-premium-synthetic-blend-4-stroke-oil\/"]}]},{"@type":"ImageObject","inLanguage":"lt-LT","@id":"https:\/\/baltoil.ee\/toode\/super-premium-synthetic-blend-4-stroke-oil\/#primaryimage","url":"https:\/\/baltoil.ee\/wp-content\/uploads\/2019\/09\/super-premium-synthetic-blend-4-stroke-oil-950ml_142952912149.png","contentUrl":"https:\/\/baltoil.ee\/wp-content\/uploads\/2019\/09\/super-premium-synthetic-blend-4-stroke-oil-950ml_142952912149.png","width":291,"height":600},{"@type":"BreadcrumbList","@id":"https:\/\/baltoil.ee\/toode\/super-premium-synthetic-blend-4-stroke-oil\/#breadcrumb","itemListElement":[{"@type":"ListItem","position":1,"name":"Home","item":"https:\/\/baltoil.ee\/lt\/"},{"@type":"ListItem","position":2,"name":"Tooted","item":"https:\/\/baltoil.ee\/tooted\/"},{"@type":"ListItem","position":3,"name":"Super Premium Synthetic Blend 4 Stroke Oil"}]},{"@type":"WebSite","@id":"https:\/\/baltoil.ee\/#website","url":"https:\/\/baltoil.ee\/","name":"Baltoil","description":"","publisher":{"@id":"https:\/\/baltoil.ee\/#organization"},"potentialAction":[{"@type":"SearchAction","target":{"@type":"EntryPoint","urlTemplate":"https:\/\/baltoil.ee\/?s={search_term_string}"},"query-input":{"@type":"PropertyValueSpecification","valueRequired":true,"valueName":"search_term_string"}}],"inLanguage":"lt-LT"},{"@type":"Organization","@id":"https:\/\/baltoil.ee\/#organization","name":"AS Baltoil","url":"https:\/\/baltoil.ee\/","logo":{"@type":"ImageObject","inLanguage":"lt-LT","@id":"https:\/\/baltoil.ee\/#\/schema\/logo\/image\/","url":"https:\/\/baltoil.ee\/wp-content\/uploads\/2020\/04\/baltoil_logo.svg","contentUrl":"https:\/\/baltoil.ee\/wp-content\/uploads\/2020\/04\/baltoil_logo.svg","width":1,"height":1,"caption":"AS Baltoil"},"image":{"@id":"https:\/\/baltoil.ee\/#\/schema\/logo\/image\/"}}]}},"_links":{"self":[{"href":"https:\/\/baltoil.ee\/lt\/wp-json\/wp\/v2\/product\/1362","targetHints":{"allow":["GET"]}}],"collection":[{"href":"https:\/\/baltoil.ee\/lt\/wp-json\/wp\/v2\/product"}],"about":[{"href":"https:\/\/baltoil.ee\/lt\/wp-json\/wp\/v2\/types\/product"}],"wp:featuredmedia":[{"embeddable":true,"href":"https:\/\/baltoil.ee\/lt\/wp-json\/wp\/v2\/media\/1365"}],"wp:attachment":[{"href":"https:\/\/baltoil.ee\/lt\/wp-json\/wp\/v2\/media?parent=1362"}],"wp:term":[{"taxonomy":"product_brand","embeddable":true,"href":"https:\/\/baltoil.ee\/lt\/wp-json\/wp\/v2\/product_brand?post=1362"},{"taxonomy":"product_cat","embeddable":true,"href":"https:\/\/baltoil.ee\/lt\/wp-json\/wp\/v2\/product_cat?post=1362"},{"taxonomy":"product_tag","embeddable":true,"href":"https:\/\/baltoil.ee\/lt\/wp-json\/wp\/v2\/product_tag?post=1362"}],"curies":[{"name":"wp","href":"https:\/\/api.w.org\/{rel}","templated":true}]}}