{"id":1356,"date":"2019-09-25T11:29:35","date_gmt":"2019-09-25T11:29:35","guid":{"rendered":"https:\/\/dev.baltoil.ee\/?post_type=product&#038;p=1356"},"modified":"2019-11-07T14:14:32","modified_gmt":"2019-11-07T14:14:32","slug":"high-viscosity-80w-90-lower-unit-gear-lube","status":"publish","type":"product","link":"https:\/\/baltoil.ee\/lt\/toode\/high-viscosity-80w-90-lower-unit-gear-lube\/","title":{"rendered":"High Viscosity 80W 90 Lower Unit Gear Lube"},"content":{"rendered":"<input class=\"fooboxshare_post_id\" type=\"hidden\" value=\"1356\"\/>","protected":false},"excerpt":{"rendered":"<p>K\u00f5rge viskoossusega k\u00e4igukastim\u00e4\u00e4re.<\/p>\n<p>T\u00e4idab API MT-1 GL-5, MIL-L-2105D n\u00f5uded.<\/p>\n<ul>\n<li>Spetsiaalne lisaaine, mis kaitseb kulumise ja korrosiooni eest.<\/li>\n<li>Soovitatav kasutada j\u00e4rgmistes mootorites: Mercury, Mariner, Mercruiser, Johnson, Evinrude, OMC, Force, Nissan, Suzuki, Yamaha, Tohatsu ja Volvo.<\/li>\n<li>Ei m\u00f5juta mootori garantiid.<\/li>\n<\/ul>\n<p>Toote nr. 27010<br \/>\nSuurus 294 ml<\/p>\n<p><a href=\"http:\/\/www.starbrite.com\/item\/high-viscosity-lower-unit-gear-lube-80w-90w\" target=\"_blank\" rel=\"noopener noreferrer\">Tootja koduleht<\/a><\/p>\n","protected":false},"featured_media":1357,"template":"","meta":{"_acf_changed":false},"product_brand":[],"product_cat":[70],"product_tag":[117,79,138,88],"class_list":{"0":"post-1356","1":"product","2":"type-product","3":"status-publish","4":"has-post-thumbnail","6":"product_cat-star-brite-tooted","7":"product_tag-maare","8":"product_tag-oli","9":"product_tag-paadi","10":"product_tag-star-brite","12":"first","13":"instock","14":"shipping-taxable","15":"product-type-simple"},"acf":[],"yoast_head":"<!-- This site is optimized with the Yoast SEO plugin v27.3 - https:\/\/yoast.com\/product\/yoast-seo-wordpress\/ -->\n<title>High Viscosity 80W 90 Lower Unit Gear Lube - k\u00e4igukastim\u00e4\u00e4re - Star brite - Baltoil<\/title>\n<meta name=\"description\" content=\"K\u00f5rge viskoossusega k\u00e4igukastim\u00e4\u00e4re. T\u00e4idab API MT-1 GL-5, MIL-L-2105D n\u00f5uded. Spetsiaalne lisaaine, mis kaitseb kulumise ja korrosiooni eest.\" \/>\n<meta name=\"robots\" content=\"index, follow, max-snippet:-1, max-image-preview:large, max-video-preview:-1\" \/>\n<link rel=\"canonical\" href=\"https:\/\/baltoil.ee\/toode\/high-viscosity-80w-90-lower-unit-gear-lube\/\" \/>\n<meta property=\"og:locale\" content=\"lt_LT\" \/>\n<meta property=\"og:type\" content=\"article\" \/>\n<meta property=\"og:title\" content=\"High Viscosity 80W 90 Lower Unit Gear Lube - k\u00e4igukastim\u00e4\u00e4re - Star brite - Baltoil\" \/>\n<meta property=\"og:description\" content=\"K\u00f5rge viskoossusega k\u00e4igukastim\u00e4\u00e4re. T\u00e4idab API MT-1 GL-5, MIL-L-2105D n\u00f5uded. Spetsiaalne lisaaine, mis kaitseb kulumise ja korrosiooni eest.\" \/>\n<meta property=\"og:url\" content=\"https:\/\/baltoil.ee\/toode\/high-viscosity-80w-90-lower-unit-gear-lube\/\" \/>\n<meta property=\"og:site_name\" content=\"Baltoil\" \/>\n<meta property=\"article:modified_time\" content=\"2019-11-07T14:14:32+00:00\" \/>\n<meta property=\"og:image\" content=\"https:\/\/baltoil.ee\/wp-content\/uploads\/2019\/09\/high-viscosity-80w-90-lower-unit-gear-lube_142952954094.png\" \/>\n\t<meta property=\"og:image:width\" content=\"180\" \/>\n\t<meta property=\"og:image:height\" content=\"600\" \/>\n\t<meta property=\"og:image:type\" content=\"image\/png\" \/>\n<meta name=\"twitter:card\" content=\"summary_large_image\" \/>\n<script type=\"application\/ld+json\" class=\"yoast-schema-graph\">{\"@context\":\"https:\\\/\\\/schema.org\",\"@graph\":[{\"@type\":\"WebPage\",\"@id\":\"https:\\\/\\\/baltoil.ee\\\/toode\\\/high-viscosity-80w-90-lower-unit-gear-lube\\\/\",\"url\":\"https:\\\/\\\/baltoil.ee\\\/toode\\\/high-viscosity-80w-90-lower-unit-gear-lube\\\/\",\"name\":\"High Viscosity 80W 90 Lower Unit Gear Lube - k\u00e4igukastim\u00e4\u00e4re - Star brite - Baltoil\",\"isPartOf\":{\"@id\":\"https:\\\/\\\/baltoil.ee\\\/#website\"},\"primaryImageOfPage\":{\"@id\":\"https:\\\/\\\/baltoil.ee\\\/toode\\\/high-viscosity-80w-90-lower-unit-gear-lube\\\/#primaryimage\"},\"image\":{\"@id\":\"https:\\\/\\\/baltoil.ee\\\/toode\\\/high-viscosity-80w-90-lower-unit-gear-lube\\\/#primaryimage\"},\"thumbnailUrl\":\"https:\\\/\\\/baltoil.ee\\\/wp-content\\\/uploads\\\/2019\\\/09\\\/high-viscosity-80w-90-lower-unit-gear-lube_142952954094.png\",\"datePublished\":\"2019-09-25T11:29:35+00:00\",\"dateModified\":\"2019-11-07T14:14:32+00:00\",\"description\":\"K\u00f5rge viskoossusega k\u00e4igukastim\u00e4\u00e4re. T\u00e4idab API MT-1 GL-5, MIL-L-2105D n\u00f5uded. Spetsiaalne lisaaine, mis kaitseb kulumise ja korrosiooni eest.\",\"breadcrumb\":{\"@id\":\"https:\\\/\\\/baltoil.ee\\\/toode\\\/high-viscosity-80w-90-lower-unit-gear-lube\\\/#breadcrumb\"},\"inLanguage\":\"lt-LT\",\"potentialAction\":[{\"@type\":\"ReadAction\",\"target\":[\"https:\\\/\\\/baltoil.ee\\\/toode\\\/high-viscosity-80w-90-lower-unit-gear-lube\\\/\"]}]},{\"@type\":\"ImageObject\",\"inLanguage\":\"lt-LT\",\"@id\":\"https:\\\/\\\/baltoil.ee\\\/toode\\\/high-viscosity-80w-90-lower-unit-gear-lube\\\/#primaryimage\",\"url\":\"https:\\\/\\\/baltoil.ee\\\/wp-content\\\/uploads\\\/2019\\\/09\\\/high-viscosity-80w-90-lower-unit-gear-lube_142952954094.png\",\"contentUrl\":\"https:\\\/\\\/baltoil.ee\\\/wp-content\\\/uploads\\\/2019\\\/09\\\/high-viscosity-80w-90-lower-unit-gear-lube_142952954094.png\",\"width\":180,\"height\":600},{\"@type\":\"BreadcrumbList\",\"@id\":\"https:\\\/\\\/baltoil.ee\\\/toode\\\/high-viscosity-80w-90-lower-unit-gear-lube\\\/#breadcrumb\",\"itemListElement\":[{\"@type\":\"ListItem\",\"position\":1,\"name\":\"Home\",\"item\":\"https:\\\/\\\/baltoil.ee\\\/lt\\\/\"},{\"@type\":\"ListItem\",\"position\":2,\"name\":\"Tooted\",\"item\":\"https:\\\/\\\/baltoil.ee\\\/tooted\\\/\"},{\"@type\":\"ListItem\",\"position\":3,\"name\":\"High Viscosity 80W 90 Lower Unit Gear Lube\"}]},{\"@type\":\"WebSite\",\"@id\":\"https:\\\/\\\/baltoil.ee\\\/#website\",\"url\":\"https:\\\/\\\/baltoil.ee\\\/\",\"name\":\"Baltoil\",\"description\":\"\",\"publisher\":{\"@id\":\"https:\\\/\\\/baltoil.ee\\\/#organization\"},\"potentialAction\":[{\"@type\":\"SearchAction\",\"target\":{\"@type\":\"EntryPoint\",\"urlTemplate\":\"https:\\\/\\\/baltoil.ee\\\/?s={search_term_string}\"},\"query-input\":{\"@type\":\"PropertyValueSpecification\",\"valueRequired\":true,\"valueName\":\"search_term_string\"}}],\"inLanguage\":\"lt-LT\"},{\"@type\":\"Organization\",\"@id\":\"https:\\\/\\\/baltoil.ee\\\/#organization\",\"name\":\"AS Baltoil\",\"url\":\"https:\\\/\\\/baltoil.ee\\\/\",\"logo\":{\"@type\":\"ImageObject\",\"inLanguage\":\"lt-LT\",\"@id\":\"https:\\\/\\\/baltoil.ee\\\/#\\\/schema\\\/logo\\\/image\\\/\",\"url\":\"https:\\\/\\\/baltoil.ee\\\/wp-content\\\/uploads\\\/2020\\\/04\\\/baltoil_logo.svg\",\"contentUrl\":\"https:\\\/\\\/baltoil.ee\\\/wp-content\\\/uploads\\\/2020\\\/04\\\/baltoil_logo.svg\",\"width\":1,\"height\":1,\"caption\":\"AS Baltoil\"},\"image\":{\"@id\":\"https:\\\/\\\/baltoil.ee\\\/#\\\/schema\\\/logo\\\/image\\\/\"}}]}<\/script>\n<!-- \/ Yoast SEO plugin. -->","yoast_head_json":{"title":"High Viscosity 80W 90 Lower Unit Gear Lube - k\u00e4igukastim\u00e4\u00e4re - Star brite - Baltoil","description":"K\u00f5rge viskoossusega k\u00e4igukastim\u00e4\u00e4re. T\u00e4idab API MT-1 GL-5, MIL-L-2105D n\u00f5uded. Spetsiaalne lisaaine, mis kaitseb kulumise ja korrosiooni eest.","robots":{"index":"index","follow":"follow","max-snippet":"max-snippet:-1","max-image-preview":"max-image-preview:large","max-video-preview":"max-video-preview:-1"},"canonical":"https:\/\/baltoil.ee\/toode\/high-viscosity-80w-90-lower-unit-gear-lube\/","og_locale":"lt_LT","og_type":"article","og_title":"High Viscosity 80W 90 Lower Unit Gear Lube - k\u00e4igukastim\u00e4\u00e4re - Star brite - Baltoil","og_description":"K\u00f5rge viskoossusega k\u00e4igukastim\u00e4\u00e4re. T\u00e4idab API MT-1 GL-5, MIL-L-2105D n\u00f5uded. Spetsiaalne lisaaine, mis kaitseb kulumise ja korrosiooni eest.","og_url":"https:\/\/baltoil.ee\/toode\/high-viscosity-80w-90-lower-unit-gear-lube\/","og_site_name":"Baltoil","article_modified_time":"2019-11-07T14:14:32+00:00","og_image":[{"width":180,"height":600,"url":"https:\/\/baltoil.ee\/wp-content\/uploads\/2019\/09\/high-viscosity-80w-90-lower-unit-gear-lube_142952954094.png","type":"image\/png"}],"twitter_card":"summary_large_image","schema":{"@context":"https:\/\/schema.org","@graph":[{"@type":"WebPage","@id":"https:\/\/baltoil.ee\/toode\/high-viscosity-80w-90-lower-unit-gear-lube\/","url":"https:\/\/baltoil.ee\/toode\/high-viscosity-80w-90-lower-unit-gear-lube\/","name":"High Viscosity 80W 90 Lower Unit Gear Lube - k\u00e4igukastim\u00e4\u00e4re - Star brite - Baltoil","isPartOf":{"@id":"https:\/\/baltoil.ee\/#website"},"primaryImageOfPage":{"@id":"https:\/\/baltoil.ee\/toode\/high-viscosity-80w-90-lower-unit-gear-lube\/#primaryimage"},"image":{"@id":"https:\/\/baltoil.ee\/toode\/high-viscosity-80w-90-lower-unit-gear-lube\/#primaryimage"},"thumbnailUrl":"https:\/\/baltoil.ee\/wp-content\/uploads\/2019\/09\/high-viscosity-80w-90-lower-unit-gear-lube_142952954094.png","datePublished":"2019-09-25T11:29:35+00:00","dateModified":"2019-11-07T14:14:32+00:00","description":"K\u00f5rge viskoossusega k\u00e4igukastim\u00e4\u00e4re. T\u00e4idab API MT-1 GL-5, MIL-L-2105D n\u00f5uded. Spetsiaalne lisaaine, mis kaitseb kulumise ja korrosiooni eest.","breadcrumb":{"@id":"https:\/\/baltoil.ee\/toode\/high-viscosity-80w-90-lower-unit-gear-lube\/#breadcrumb"},"inLanguage":"lt-LT","potentialAction":[{"@type":"ReadAction","target":["https:\/\/baltoil.ee\/toode\/high-viscosity-80w-90-lower-unit-gear-lube\/"]}]},{"@type":"ImageObject","inLanguage":"lt-LT","@id":"https:\/\/baltoil.ee\/toode\/high-viscosity-80w-90-lower-unit-gear-lube\/#primaryimage","url":"https:\/\/baltoil.ee\/wp-content\/uploads\/2019\/09\/high-viscosity-80w-90-lower-unit-gear-lube_142952954094.png","contentUrl":"https:\/\/baltoil.ee\/wp-content\/uploads\/2019\/09\/high-viscosity-80w-90-lower-unit-gear-lube_142952954094.png","width":180,"height":600},{"@type":"BreadcrumbList","@id":"https:\/\/baltoil.ee\/toode\/high-viscosity-80w-90-lower-unit-gear-lube\/#breadcrumb","itemListElement":[{"@type":"ListItem","position":1,"name":"Home","item":"https:\/\/baltoil.ee\/lt\/"},{"@type":"ListItem","position":2,"name":"Tooted","item":"https:\/\/baltoil.ee\/tooted\/"},{"@type":"ListItem","position":3,"name":"High Viscosity 80W 90 Lower Unit Gear Lube"}]},{"@type":"WebSite","@id":"https:\/\/baltoil.ee\/#website","url":"https:\/\/baltoil.ee\/","name":"Baltoil","description":"","publisher":{"@id":"https:\/\/baltoil.ee\/#organization"},"potentialAction":[{"@type":"SearchAction","target":{"@type":"EntryPoint","urlTemplate":"https:\/\/baltoil.ee\/?s={search_term_string}"},"query-input":{"@type":"PropertyValueSpecification","valueRequired":true,"valueName":"search_term_string"}}],"inLanguage":"lt-LT"},{"@type":"Organization","@id":"https:\/\/baltoil.ee\/#organization","name":"AS Baltoil","url":"https:\/\/baltoil.ee\/","logo":{"@type":"ImageObject","inLanguage":"lt-LT","@id":"https:\/\/baltoil.ee\/#\/schema\/logo\/image\/","url":"https:\/\/baltoil.ee\/wp-content\/uploads\/2020\/04\/baltoil_logo.svg","contentUrl":"https:\/\/baltoil.ee\/wp-content\/uploads\/2020\/04\/baltoil_logo.svg","width":1,"height":1,"caption":"AS Baltoil"},"image":{"@id":"https:\/\/baltoil.ee\/#\/schema\/logo\/image\/"}}]}},"_links":{"self":[{"href":"https:\/\/baltoil.ee\/lt\/wp-json\/wp\/v2\/product\/1356","targetHints":{"allow":["GET"]}}],"collection":[{"href":"https:\/\/baltoil.ee\/lt\/wp-json\/wp\/v2\/product"}],"about":[{"href":"https:\/\/baltoil.ee\/lt\/wp-json\/wp\/v2\/types\/product"}],"wp:featuredmedia":[{"embeddable":true,"href":"https:\/\/baltoil.ee\/lt\/wp-json\/wp\/v2\/media\/1357"}],"wp:attachment":[{"href":"https:\/\/baltoil.ee\/lt\/wp-json\/wp\/v2\/media?parent=1356"}],"wp:term":[{"taxonomy":"product_brand","embeddable":true,"href":"https:\/\/baltoil.ee\/lt\/wp-json\/wp\/v2\/product_brand?post=1356"},{"taxonomy":"product_cat","embeddable":true,"href":"https:\/\/baltoil.ee\/lt\/wp-json\/wp\/v2\/product_cat?post=1356"},{"taxonomy":"product_tag","embeddable":true,"href":"https:\/\/baltoil.ee\/lt\/wp-json\/wp\/v2\/product_tag?post=1356"}],"curies":[{"name":"wp","href":"https:\/\/api.w.org\/{rel}","templated":true}]}}